{"id":618,"date":"2024-09-02T20:02:05","date_gmt":"2024-09-02T17:02:05","guid":{"rendered":"https:\/\/bestmeditrips.com\/makaleler\/"},"modified":"2024-09-02T20:02:05","modified_gmt":"2024-09-02T17:02:05","slug":"makaleler","status":"publish","type":"page","link":"https:\/\/bestmeditrips.com\/tr\/makaleler\/","title":{"rendered":"Makaleler"},"content":{"rendered":"<h2>Medikal Turizm Blogu | En Son Makaleler ve \u0130\u00e7g\u00f6r\u00fcler<\/h2>\n<p>Sa\u011fl\u0131k turizmi ile ilgili en son trendleri, uzman tavsiyelerini ve bilgi dolu makaleleri ke\u015ffedin. Blogumuz, en iyi tedavi se\u00e7eneklerinden seyahat ipu\u00e7lar\u0131na, destinasyon rehberlerinden hasta hikayelerine kadar her \u015feyi kapsar. Sa\u011fl\u0131k turizmi yolculu\u011funuzu geli\u015ftirmek i\u00e7in tasarlanm\u0131\u015f de\u011ferli i\u00e7eriklerle g\u00fcncel kal\u0131n.<\/p>\n","protected":false},"excerpt":{"rendered":"<p>Medikal Turizm Blogu | En Son Makaleler ve \u0130\u00e7g\u00f6r\u00fcler Sa\u011fl\u0131k turizmi ile ilgili en son trendleri, uzman tavsiyelerini ve bilgi dolu makaleleri ke\u015ffedin. Blogumuz, en iyi tedavi se\u00e7eneklerinden seyahat ipu\u00e7lar\u0131na, destinasyon rehberlerinden hasta hikayelerine kadar her \u015feyi kapsar. Sa\u011fl\u0131k turizmi yolculu\u011funuzu geli\u015ftirmek i\u00e7in tasarlanm\u0131\u015f de\u011ferli i\u00e7eriklerle g\u00fcncel kal\u0131n.<\/p>\n","protected":false},"author":1,"featured_media":0,"parent":0,"menu_order":0,"comment_status":"closed","ping_status":"closed","template":"","meta":{"footnotes":""},"class_list":["post-618","page","type-page","status-publish"],"yoast_head":"<!-- This site is optimized with the Yoast SEO plugin v27.6 - https:\/\/yoast.com\/product\/yoast-seo-wordpress\/ -->\n<title>Medikal Turizm Blogu | Makaleler ve \u0130\u00e7g\u00f6r\u00fcler | bestmeditrips.com<\/title>\n<meta name=\"description\" content=\"Sa\u011fl\u0131k turizmi bilgilerini, en son makaleleri, i\u00e7g\u00f6r\u00fcleri ve tedaviler, destinasyonlar ve trendler hakk\u0131ndaki g\u00fcncellemeleri ke\u015ffedin.\" \/>\n<meta name=\"robots\" content=\"index, follow, max-snippet:-1, max-image-preview:large, max-video-preview:-1\" \/>\n<link rel=\"canonical\" href=\"https:\/\/bestmeditrips.com\/tr\/makaleler\/\" \/>\n<meta property=\"og:locale\" content=\"tr_TR\" \/>\n<meta property=\"og:type\" content=\"article\" \/>\n<meta property=\"og:title\" content=\"Medikal Turizm Blogu | Makaleler ve \u0130\u00e7g\u00f6r\u00fcler | bestmeditrips.com\" \/>\n<meta property=\"og:description\" content=\"Sa\u011fl\u0131k turizmi bilgilerini, en son makaleleri, i\u00e7g\u00f6r\u00fcleri ve tedaviler, destinasyonlar ve trendler hakk\u0131ndaki g\u00fcncellemeleri ke\u015ffedin.\" \/>\n<meta property=\"og:url\" content=\"https:\/\/bestmeditrips.com\/tr\/makaleler\/\" \/>\n<meta property=\"og:site_name\" content=\"Bestmeditrips.com\" \/>\n<meta property=\"article:publisher\" content=\"https:\/\/www.facebook.com\/profile.php?id=61565479139599\" \/>\n<meta property=\"og:image\" content=\"https:\/\/bestmeditrips.com\/wp-content\/uploads\/2024\/09\/health-tourism.jpg\" \/>\n\t<meta property=\"og:image:width\" content=\"1024\" \/>\n\t<meta property=\"og:image:height\" content=\"683\" \/>\n\t<meta property=\"og:image:type\" content=\"image\/jpeg\" \/>\n<meta name=\"twitter:card\" content=\"summary_large_image\" \/>\n<script type=\"application\/ld+json\" class=\"yoast-schema-graph\">{\"@context\":\"https:\\\/\\\/schema.org\",\"@graph\":[{\"@type\":\"WebPage\",\"@id\":\"https:\\\/\\\/bestmeditrips.com\\\/tr\\\/makaleler\\\/\",\"url\":\"https:\\\/\\\/bestmeditrips.com\\\/tr\\\/makaleler\\\/\",\"name\":\"Medikal Turizm Blogu | Makaleler ve \u0130\u00e7g\u00f6r\u00fcler | bestmeditrips.com\",\"isPartOf\":{\"@id\":\"https:\\\/\\\/bestmeditrips.com\\\/tr\\\/#website\"},\"datePublished\":\"2024-09-02T17:02:05+00:00\",\"description\":\"Sa\u011fl\u0131k turizmi bilgilerini, en son makaleleri, i\u00e7g\u00f6r\u00fcleri ve tedaviler, destinasyonlar ve trendler hakk\u0131ndaki g\u00fcncellemeleri ke\u015ffedin.\",\"breadcrumb\":{\"@id\":\"https:\\\/\\\/bestmeditrips.com\\\/tr\\\/makaleler\\\/#breadcrumb\"},\"inLanguage\":\"tr\",\"potentialAction\":[{\"@type\":\"ReadAction\",\"target\":[\"https:\\\/\\\/bestmeditrips.com\\\/tr\\\/makaleler\\\/\"]}]},{\"@type\":\"BreadcrumbList\",\"@id\":\"https:\\\/\\\/bestmeditrips.com\\\/tr\\\/makaleler\\\/#breadcrumb\",\"itemListElement\":[{\"@type\":\"ListItem\",\"position\":1,\"name\":\"Home\",\"item\":\"https:\\\/\\\/bestmeditrips.com\\\/tr\\\/\"},{\"@type\":\"ListItem\",\"position\":2,\"name\":\"Makaleler\"}]},{\"@type\":\"WebSite\",\"@id\":\"https:\\\/\\\/bestmeditrips.com\\\/tr\\\/#website\",\"url\":\"https:\\\/\\\/bestmeditrips.com\\\/tr\\\/\",\"name\":\"Bestmeditrips.com\",\"description\":\"Medikal turizm, en iyi tedaviler, klinikler, doktorlar ve di\u015f hekimleri!\",\"publisher\":{\"@id\":\"https:\\\/\\\/bestmeditrips.com\\\/tr\\\/#organization\"},\"potentialAction\":[{\"@type\":\"SearchAction\",\"target\":{\"@type\":\"EntryPoint\",\"urlTemplate\":\"https:\\\/\\\/bestmeditrips.com\\\/tr\\\/?s={search_term_string}\"},\"query-input\":{\"@type\":\"PropertyValueSpecification\",\"valueRequired\":true,\"valueName\":\"search_term_string\"}}],\"inLanguage\":\"tr\"},{\"@type\":\"Organization\",\"@id\":\"https:\\\/\\\/bestmeditrips.com\\\/tr\\\/#organization\",\"name\":\"Bestmeditrips.com\",\"url\":\"https:\\\/\\\/bestmeditrips.com\\\/tr\\\/\",\"logo\":{\"@type\":\"ImageObject\",\"inLanguage\":\"tr\",\"@id\":\"https:\\\/\\\/bestmeditrips.com\\\/tr\\\/#\\\/schema\\\/logo\\\/image\\\/\",\"url\":\"https:\\\/\\\/bestmeditrips.com\\\/wp-content\\\/uploads\\\/2024\\\/09\\\/logo-2.png\",\"contentUrl\":\"https:\\\/\\\/bestmeditrips.com\\\/wp-content\\\/uploads\\\/2024\\\/09\\\/logo-2.png\",\"width\":500,\"height\":98,\"caption\":\"Bestmeditrips.com\"},\"image\":{\"@id\":\"https:\\\/\\\/bestmeditrips.com\\\/tr\\\/#\\\/schema\\\/logo\\\/image\\\/\"},\"sameAs\":[\"https:\\\/\\\/www.facebook.com\\\/profile.php?id=61565479139599\"]}]}<\/script>\n<!-- \/ Yoast SEO plugin. -->","yoast_head_json":{"title":"Medikal Turizm Blogu | Makaleler ve \u0130\u00e7g\u00f6r\u00fcler | bestmeditrips.com","description":"Sa\u011fl\u0131k turizmi bilgilerini, en son makaleleri, i\u00e7g\u00f6r\u00fcleri ve tedaviler, destinasyonlar ve trendler hakk\u0131ndaki g\u00fcncellemeleri ke\u015ffedin.","robots":{"index":"index","follow":"follow","max-snippet":"max-snippet:-1","max-image-preview":"max-image-preview:large","max-video-preview":"max-video-preview:-1"},"canonical":"https:\/\/bestmeditrips.com\/tr\/makaleler\/","og_locale":"tr_TR","og_type":"article","og_title":"Medikal Turizm Blogu | Makaleler ve \u0130\u00e7g\u00f6r\u00fcler | bestmeditrips.com","og_description":"Sa\u011fl\u0131k turizmi bilgilerini, en son makaleleri, i\u00e7g\u00f6r\u00fcleri ve tedaviler, destinasyonlar ve trendler hakk\u0131ndaki g\u00fcncellemeleri ke\u015ffedin.","og_url":"https:\/\/bestmeditrips.com\/tr\/makaleler\/","og_site_name":"Bestmeditrips.com","article_publisher":"https:\/\/www.facebook.com\/profile.php?id=61565479139599","og_image":[{"width":1024,"height":683,"url":"https:\/\/bestmeditrips.com\/wp-content\/uploads\/2024\/09\/health-tourism.jpg","type":"image\/jpeg"}],"twitter_card":"summary_large_image","schema":{"@context":"https:\/\/schema.org","@graph":[{"@type":"WebPage","@id":"https:\/\/bestmeditrips.com\/tr\/makaleler\/","url":"https:\/\/bestmeditrips.com\/tr\/makaleler\/","name":"Medikal Turizm Blogu | Makaleler ve \u0130\u00e7g\u00f6r\u00fcler | bestmeditrips.com","isPartOf":{"@id":"https:\/\/bestmeditrips.com\/tr\/#website"},"datePublished":"2024-09-02T17:02:05+00:00","description":"Sa\u011fl\u0131k turizmi bilgilerini, en son makaleleri, i\u00e7g\u00f6r\u00fcleri ve tedaviler, destinasyonlar ve trendler hakk\u0131ndaki g\u00fcncellemeleri ke\u015ffedin.","breadcrumb":{"@id":"https:\/\/bestmeditrips.com\/tr\/makaleler\/#breadcrumb"},"inLanguage":"tr","potentialAction":[{"@type":"ReadAction","target":["https:\/\/bestmeditrips.com\/tr\/makaleler\/"]}]},{"@type":"BreadcrumbList","@id":"https:\/\/bestmeditrips.com\/tr\/makaleler\/#breadcrumb","itemListElement":[{"@type":"ListItem","position":1,"name":"Home","item":"https:\/\/bestmeditrips.com\/tr\/"},{"@type":"ListItem","position":2,"name":"Makaleler"}]},{"@type":"WebSite","@id":"https:\/\/bestmeditrips.com\/tr\/#website","url":"https:\/\/bestmeditrips.com\/tr\/","name":"Bestmeditrips.com","description":"Medikal turizm, en iyi tedaviler, klinikler, doktorlar ve di\u015f hekimleri!","publisher":{"@id":"https:\/\/bestmeditrips.com\/tr\/#organization"},"potentialAction":[{"@type":"SearchAction","target":{"@type":"EntryPoint","urlTemplate":"https:\/\/bestmeditrips.com\/tr\/?s={search_term_string}"},"query-input":{"@type":"PropertyValueSpecification","valueRequired":true,"valueName":"search_term_string"}}],"inLanguage":"tr"},{"@type":"Organization","@id":"https:\/\/bestmeditrips.com\/tr\/#organization","name":"Bestmeditrips.com","url":"https:\/\/bestmeditrips.com\/tr\/","logo":{"@type":"ImageObject","inLanguage":"tr","@id":"https:\/\/bestmeditrips.com\/tr\/#\/schema\/logo\/image\/","url":"https:\/\/bestmeditrips.com\/wp-content\/uploads\/2024\/09\/logo-2.png","contentUrl":"https:\/\/bestmeditrips.com\/wp-content\/uploads\/2024\/09\/logo-2.png","width":500,"height":98,"caption":"Bestmeditrips.com"},"image":{"@id":"https:\/\/bestmeditrips.com\/tr\/#\/schema\/logo\/image\/"},"sameAs":["https:\/\/www.facebook.com\/profile.php?id=61565479139599"]}]}},"_links":{"self":[{"href":"https:\/\/bestmeditrips.com\/tr\/wp-json\/wp\/v2\/pages\/618","targetHints":{"allow":["GET"]}}],"collection":[{"href":"https:\/\/bestmeditrips.com\/tr\/wp-json\/wp\/v2\/pages"}],"about":[{"href":"https:\/\/bestmeditrips.com\/tr\/wp-json\/wp\/v2\/types\/page"}],"author":[{"embeddable":true,"href":"https:\/\/bestmeditrips.com\/tr\/wp-json\/wp\/v2\/users\/1"}],"replies":[{"embeddable":true,"href":"https:\/\/bestmeditrips.com\/tr\/wp-json\/wp\/v2\/comments?post=618"}],"version-history":[{"count":0,"href":"https:\/\/bestmeditrips.com\/tr\/wp-json\/wp\/v2\/pages\/618\/revisions"}],"wp:attachment":[{"href":"https:\/\/bestmeditrips.com\/tr\/wp-json\/wp\/v2\/media?parent=618"}],"curies":[{"name":"wp","href":"https:\/\/api.w.org\/{rel}","templated":true}]}}