{"id":441,"date":"2024-09-01T20:00:15","date_gmt":"2024-09-01T17:00:15","guid":{"rendered":"https:\/\/bestmeditrips.com\/gizlilik-politikasi\/"},"modified":"2024-09-05T01:02:06","modified_gmt":"2024-09-04T22:02:06","slug":"gizlilik-politikasi","status":"publish","type":"page","link":"https:\/\/bestmeditrips.com\/tr\/gizlilik-politikasi\/","title":{"rendered":"Gizlilik Politikas\u0131"},"content":{"rendered":"<p><strong>Gizlilik Politikas\u0131<\/strong><\/p>\n<p><em>BestMediTrips.com<\/em>\u2019u ziyaret etti\u011finiz i\u00e7in te\u015fekk\u00fcr ederiz. Gizlili\u011finiz bizim i\u00e7in \u00f6nemlidir. Bu <strong>Gizlilik Politikas\u0131<\/strong>, web sitemizi ziyaret etti\u011finizde bilgilerinizin nas\u0131l topland\u0131\u011f\u0131n\u0131, kullan\u0131ld\u0131\u011f\u0131n\u0131, if\u015fa edildi\u011fini ve korundu\u011funu a\u00e7\u0131klar. L\u00fctfen bu gizlilik politikas\u0131n\u0131 dikkatlice okuyun. E\u011fer bu gizlilik politikas\u0131n\u0131n \u015fartlar\u0131n\u0131 kabul etmiyorsan\u0131z, l\u00fctfen siteye eri\u015fmeyin.<\/p>\n<p><strong>1. Toplad\u0131\u011f\u0131m\u0131z Bilgiler<\/strong><\/p>\n<p>Ad\u0131n\u0131z, e-posta adresiniz, telefon numaran\u0131z ve web sitemizle etkile\u015fimde bulundu\u011funuzda veya sorular i\u00e7in bizimle ileti\u015fime ge\u00e7ti\u011finizde sa\u011flad\u0131\u011f\u0131n\u0131z di\u011fer ayr\u0131nt\u0131lar gibi ki\u015fisel bilgileri toplayabiliriz.<\/p>\n<p><strong>2. Bilgilerinizi Nas\u0131l Kullan\u0131yoruz<\/strong><\/p>\n<p>Toplad\u0131\u011f\u0131m\u0131z bilgileri \u015fu ama\u00e7larla kullanabiliriz:<\/p>\n<p>Web sitemizi sa\u011flamak, i\u015fletmek ve s\u00fcrd\u00fcrmek<br \/>\nWeb sitemizin tekliflerini geli\u015ftirmek, ki\u015fiselle\u015ftirmek ve geni\u015fletmek<br \/>\nM\u00fc\u015fteri hizmetleri dahil olmak \u00fczere, web sitesiyle ilgili g\u00fcncellemeler ve di\u011fer bilgileri sa\u011flamak i\u00e7in do\u011frudan veya bir orta\u011f\u0131m\u0131z arac\u0131l\u0131\u011f\u0131yla sizinle ileti\u015fim kurmak ve pazarlama ve tan\u0131t\u0131m ama\u00e7lar\u0131 i\u00e7in<br \/>\n\u0130zinsiz veya yasa d\u0131\u015f\u0131 faaliyetlere kar\u015f\u0131 koruma sa\u011flamak, ara\u015ft\u0131rma yapmak ve cayd\u0131rmak<\/p>\n<p><strong>3. Bilgilerinizin A\u00e7\u0131klanmas\u0131<\/strong><\/p>\n<p>Bilgilerinizi yaln\u0131zca bu <strong>Gizlilik Politikas\u0131<\/strong>&#8216;nda a\u00e7\u0131klanan \u015fekillerde \u00fc\u00e7\u00fcnc\u00fc taraflarla payla\u015fabiliriz.<\/p>\n<p><strong>4. Bilgilerinizin G\u00fcvenli\u011fi<\/strong><\/p>\n<p>Ki\u015fisel bilgilerinizi korumaya yard\u0131mc\u0131 olmak i\u00e7in idari, teknik ve fiziksel g\u00fcvenlik \u00f6nlemleri kullan\u0131yoruz. Size sa\u011flad\u0131\u011f\u0131n\u0131z ki\u015fisel bilgileri g\u00fcvence alt\u0131na almak i\u00e7in makul ad\u0131mlar atm\u0131\u015f olsak da, \u00e7abalar\u0131m\u0131za ra\u011fmen hi\u00e7bir g\u00fcvenlik \u00f6nleminin m\u00fckemmel veya a\u015f\u0131lmaz olmad\u0131\u011f\u0131n\u0131 l\u00fctfen unutmay\u0131n.<\/p>\n<p><strong>5. Bilgilerinizle \u0130lgili Se\u00e7enekleriniz<\/strong><\/p>\n<p>\u015eu haklara sahipsiniz:<\/p>\n<p>Ki\u015fisel bilgilerinizi g\u00fcncellemek veya d\u00fczeltmek<br \/>\nPazarlama ileti\u015fimlerini almaktan vazge\u00e7mek<br \/>\nKi\u015fisel bilgilerinizin silinmesini talep etmek<\/p>\n<p><strong>6. Bu Gizlilik Politikas\u0131ndaki De\u011fi\u015fiklikler<\/strong><\/p>\n<p>Bu <strong>Gizlilik Politikas\u0131<\/strong>&#8216;n\u0131, uygulamalar\u0131m\u0131zdaki de\u011fi\u015fiklikleri veya di\u011fer operasyonel, yasal veya d\u00fczenleyici nedenleri yans\u0131tmak amac\u0131yla zaman zaman g\u00fcncelleyebiliriz.<\/p>\n<p><strong>7. Bize Ula\u015f\u0131n<\/strong><\/p>\n<p>Bu <strong>Gizlilik Politikas\u0131<\/strong> hakk\u0131nda sorular\u0131n\u0131z veya yorumlar\u0131n\u0131z varsa, l\u00fctfen bizimle ileti\u015fime ge\u00e7in.<\/p>\n","protected":false},"excerpt":{"rendered":"<p>Gizlilik Politikas\u0131 BestMediTrips.com\u2019u ziyaret etti\u011finiz i\u00e7in te\u015fekk\u00fcr ederiz. Gizlili\u011finiz bizim i\u00e7in \u00f6nemlidir. Bu Gizlilik Politikas\u0131, web sitemizi ziyaret etti\u011finizde bilgilerinizin nas\u0131l topland\u0131\u011f\u0131n\u0131, kullan\u0131ld\u0131\u011f\u0131n\u0131, if\u015fa edildi\u011fini ve korundu\u011funu a\u00e7\u0131klar. L\u00fctfen bu gizlilik politikas\u0131n\u0131 dikkatlice okuyun. E\u011fer bu gizlilik politikas\u0131n\u0131n \u015fartlar\u0131n\u0131 kabul etmiyorsan\u0131z, l\u00fctfen siteye eri\u015fmeyin. 1. Toplad\u0131\u011f\u0131m\u0131z Bilgiler Ad\u0131n\u0131z, e-posta adresiniz, telefon numaran\u0131z ve web sitemizle &#8230; <a title=\"Gizlilik Politikas\u0131\" class=\"read-more\" href=\"https:\/\/bestmeditrips.com\/tr\/gizlilik-politikasi\/\" aria-label=\"Read more about Gizlilik Politikas\u0131\">Read more<\/a><\/p>\n","protected":false},"author":1,"featured_media":0,"parent":0,"menu_order":0,"comment_status":"closed","ping_status":"open","template":"","meta":{"footnotes":""},"class_list":["post-441","page","type-page","status-publish"],"yoast_head":"<!-- This site is optimized with the Yoast SEO plugin v27.4 - https:\/\/yoast.com\/product\/yoast-seo-wordpress\/ -->\n<title>Gizlilik Politikas\u0131 - Bestmeditrips.com<\/title>\n<meta name=\"robots\" content=\"index, follow, max-snippet:-1, max-image-preview:large, max-video-preview:-1\" \/>\n<link rel=\"canonical\" href=\"https:\/\/bestmeditrips.com\/tr\/gizlilik-politikasi\/\" \/>\n<meta property=\"og:locale\" content=\"tr_TR\" \/>\n<meta property=\"og:type\" content=\"article\" \/>\n<meta property=\"og:title\" content=\"Gizlilik Politikas\u0131 - Bestmeditrips.com\" \/>\n<meta property=\"og:description\" content=\"Gizlilik Politikas\u0131 BestMediTrips.com\u2019u ziyaret etti\u011finiz i\u00e7in te\u015fekk\u00fcr ederiz. Gizlili\u011finiz bizim i\u00e7in \u00f6nemlidir. Bu Gizlilik Politikas\u0131, web sitemizi ziyaret etti\u011finizde bilgilerinizin nas\u0131l topland\u0131\u011f\u0131n\u0131, kullan\u0131ld\u0131\u011f\u0131n\u0131, if\u015fa edildi\u011fini ve korundu\u011funu a\u00e7\u0131klar. L\u00fctfen bu gizlilik politikas\u0131n\u0131 dikkatlice okuyun. E\u011fer bu gizlilik politikas\u0131n\u0131n \u015fartlar\u0131n\u0131 kabul etmiyorsan\u0131z, l\u00fctfen siteye eri\u015fmeyin. 1. Toplad\u0131\u011f\u0131m\u0131z Bilgiler Ad\u0131n\u0131z, e-posta adresiniz, telefon numaran\u0131z ve web sitemizle ... Read more\" \/>\n<meta property=\"og:url\" content=\"https:\/\/bestmeditrips.com\/tr\/gizlilik-politikasi\/\" \/>\n<meta property=\"og:site_name\" content=\"Bestmeditrips.com\" \/>\n<meta property=\"article:publisher\" content=\"https:\/\/www.facebook.com\/profile.php?id=61565479139599\" \/>\n<meta property=\"article:modified_time\" content=\"2024-09-04T22:02:06+00:00\" \/>\n<meta property=\"og:image\" content=\"https:\/\/bestmeditrips.com\/wp-content\/uploads\/2024\/09\/health-tourism.jpg\" \/>\n\t<meta property=\"og:image:width\" content=\"1024\" \/>\n\t<meta property=\"og:image:height\" content=\"683\" \/>\n\t<meta property=\"og:image:type\" content=\"image\/jpeg\" \/>\n<meta name=\"twitter:card\" content=\"summary_large_image\" \/>\n<meta name=\"twitter:label1\" content=\"Tahmini okuma s\u00fcresi\" \/>\n\t<meta name=\"twitter:data1\" content=\"2 dakika\" \/>\n<script type=\"application\/ld+json\" class=\"yoast-schema-graph\">{\"@context\":\"https:\\\/\\\/schema.org\",\"@graph\":[{\"@type\":\"WebPage\",\"@id\":\"https:\\\/\\\/bestmeditrips.com\\\/tr\\\/gizlilik-politikasi\\\/\",\"url\":\"https:\\\/\\\/bestmeditrips.com\\\/tr\\\/gizlilik-politikasi\\\/\",\"name\":\"Gizlilik Politikas\u0131 - Bestmeditrips.com\",\"isPartOf\":{\"@id\":\"https:\\\/\\\/bestmeditrips.com\\\/tr\\\/#website\"},\"datePublished\":\"2024-09-01T17:00:15+00:00\",\"dateModified\":\"2024-09-04T22:02:06+00:00\",\"breadcrumb\":{\"@id\":\"https:\\\/\\\/bestmeditrips.com\\\/tr\\\/gizlilik-politikasi\\\/#breadcrumb\"},\"inLanguage\":\"tr\",\"potentialAction\":[{\"@type\":\"ReadAction\",\"target\":[\"https:\\\/\\\/bestmeditrips.com\\\/tr\\\/gizlilik-politikasi\\\/\"]}]},{\"@type\":\"BreadcrumbList\",\"@id\":\"https:\\\/\\\/bestmeditrips.com\\\/tr\\\/gizlilik-politikasi\\\/#breadcrumb\",\"itemListElement\":[{\"@type\":\"ListItem\",\"position\":1,\"name\":\"Home\",\"item\":\"https:\\\/\\\/bestmeditrips.com\\\/tr\\\/\"},{\"@type\":\"ListItem\",\"position\":2,\"name\":\"Gizlilik Politikas\u0131\"}]},{\"@type\":\"WebSite\",\"@id\":\"https:\\\/\\\/bestmeditrips.com\\\/tr\\\/#website\",\"url\":\"https:\\\/\\\/bestmeditrips.com\\\/tr\\\/\",\"name\":\"Bestmeditrips.com\",\"description\":\"Medikal turizm, en iyi tedaviler, klinikler, doktorlar ve di\u015f hekimleri!\",\"publisher\":{\"@id\":\"https:\\\/\\\/bestmeditrips.com\\\/tr\\\/#organization\"},\"potentialAction\":[{\"@type\":\"SearchAction\",\"target\":{\"@type\":\"EntryPoint\",\"urlTemplate\":\"https:\\\/\\\/bestmeditrips.com\\\/tr\\\/?s={search_term_string}\"},\"query-input\":{\"@type\":\"PropertyValueSpecification\",\"valueRequired\":true,\"valueName\":\"search_term_string\"}}],\"inLanguage\":\"tr\"},{\"@type\":\"Organization\",\"@id\":\"https:\\\/\\\/bestmeditrips.com\\\/tr\\\/#organization\",\"name\":\"Bestmeditrips.com\",\"url\":\"https:\\\/\\\/bestmeditrips.com\\\/tr\\\/\",\"logo\":{\"@type\":\"ImageObject\",\"inLanguage\":\"tr\",\"@id\":\"https:\\\/\\\/bestmeditrips.com\\\/tr\\\/#\\\/schema\\\/logo\\\/image\\\/\",\"url\":\"https:\\\/\\\/bestmeditrips.com\\\/wp-content\\\/uploads\\\/2024\\\/09\\\/logo-2.png\",\"contentUrl\":\"https:\\\/\\\/bestmeditrips.com\\\/wp-content\\\/uploads\\\/2024\\\/09\\\/logo-2.png\",\"width\":500,\"height\":98,\"caption\":\"Bestmeditrips.com\"},\"image\":{\"@id\":\"https:\\\/\\\/bestmeditrips.com\\\/tr\\\/#\\\/schema\\\/logo\\\/image\\\/\"},\"sameAs\":[\"https:\\\/\\\/www.facebook.com\\\/profile.php?id=61565479139599\"]}]}<\/script>\n<!-- \/ Yoast SEO plugin. -->","yoast_head_json":{"title":"Gizlilik Politikas\u0131 - Bestmeditrips.com","robots":{"index":"index","follow":"follow","max-snippet":"max-snippet:-1","max-image-preview":"max-image-preview:large","max-video-preview":"max-video-preview:-1"},"canonical":"https:\/\/bestmeditrips.com\/tr\/gizlilik-politikasi\/","og_locale":"tr_TR","og_type":"article","og_title":"Gizlilik Politikas\u0131 - Bestmeditrips.com","og_description":"Gizlilik Politikas\u0131 BestMediTrips.com\u2019u ziyaret etti\u011finiz i\u00e7in te\u015fekk\u00fcr ederiz. Gizlili\u011finiz bizim i\u00e7in \u00f6nemlidir. Bu Gizlilik Politikas\u0131, web sitemizi ziyaret etti\u011finizde bilgilerinizin nas\u0131l topland\u0131\u011f\u0131n\u0131, kullan\u0131ld\u0131\u011f\u0131n\u0131, if\u015fa edildi\u011fini ve korundu\u011funu a\u00e7\u0131klar. L\u00fctfen bu gizlilik politikas\u0131n\u0131 dikkatlice okuyun. E\u011fer bu gizlilik politikas\u0131n\u0131n \u015fartlar\u0131n\u0131 kabul etmiyorsan\u0131z, l\u00fctfen siteye eri\u015fmeyin. 1. Toplad\u0131\u011f\u0131m\u0131z Bilgiler Ad\u0131n\u0131z, e-posta adresiniz, telefon numaran\u0131z ve web sitemizle ... Read more","og_url":"https:\/\/bestmeditrips.com\/tr\/gizlilik-politikasi\/","og_site_name":"Bestmeditrips.com","article_publisher":"https:\/\/www.facebook.com\/profile.php?id=61565479139599","article_modified_time":"2024-09-04T22:02:06+00:00","og_image":[{"width":1024,"height":683,"url":"https:\/\/bestmeditrips.com\/wp-content\/uploads\/2024\/09\/health-tourism.jpg","type":"image\/jpeg"}],"twitter_card":"summary_large_image","twitter_misc":{"Tahmini okuma s\u00fcresi":"2 dakika"},"schema":{"@context":"https:\/\/schema.org","@graph":[{"@type":"WebPage","@id":"https:\/\/bestmeditrips.com\/tr\/gizlilik-politikasi\/","url":"https:\/\/bestmeditrips.com\/tr\/gizlilik-politikasi\/","name":"Gizlilik Politikas\u0131 - Bestmeditrips.com","isPartOf":{"@id":"https:\/\/bestmeditrips.com\/tr\/#website"},"datePublished":"2024-09-01T17:00:15+00:00","dateModified":"2024-09-04T22:02:06+00:00","breadcrumb":{"@id":"https:\/\/bestmeditrips.com\/tr\/gizlilik-politikasi\/#breadcrumb"},"inLanguage":"tr","potentialAction":[{"@type":"ReadAction","target":["https:\/\/bestmeditrips.com\/tr\/gizlilik-politikasi\/"]}]},{"@type":"BreadcrumbList","@id":"https:\/\/bestmeditrips.com\/tr\/gizlilik-politikasi\/#breadcrumb","itemListElement":[{"@type":"ListItem","position":1,"name":"Home","item":"https:\/\/bestmeditrips.com\/tr\/"},{"@type":"ListItem","position":2,"name":"Gizlilik Politikas\u0131"}]},{"@type":"WebSite","@id":"https:\/\/bestmeditrips.com\/tr\/#website","url":"https:\/\/bestmeditrips.com\/tr\/","name":"Bestmeditrips.com","description":"Medikal turizm, en iyi tedaviler, klinikler, doktorlar ve di\u015f hekimleri!","publisher":{"@id":"https:\/\/bestmeditrips.com\/tr\/#organization"},"potentialAction":[{"@type":"SearchAction","target":{"@type":"EntryPoint","urlTemplate":"https:\/\/bestmeditrips.com\/tr\/?s={search_term_string}"},"query-input":{"@type":"PropertyValueSpecification","valueRequired":true,"valueName":"search_term_string"}}],"inLanguage":"tr"},{"@type":"Organization","@id":"https:\/\/bestmeditrips.com\/tr\/#organization","name":"Bestmeditrips.com","url":"https:\/\/bestmeditrips.com\/tr\/","logo":{"@type":"ImageObject","inLanguage":"tr","@id":"https:\/\/bestmeditrips.com\/tr\/#\/schema\/logo\/image\/","url":"https:\/\/bestmeditrips.com\/wp-content\/uploads\/2024\/09\/logo-2.png","contentUrl":"https:\/\/bestmeditrips.com\/wp-content\/uploads\/2024\/09\/logo-2.png","width":500,"height":98,"caption":"Bestmeditrips.com"},"image":{"@id":"https:\/\/bestmeditrips.com\/tr\/#\/schema\/logo\/image\/"},"sameAs":["https:\/\/www.facebook.com\/profile.php?id=61565479139599"]}]}},"_links":{"self":[{"href":"https:\/\/bestmeditrips.com\/tr\/wp-json\/wp\/v2\/pages\/441","targetHints":{"allow":["GET"]}}],"collection":[{"href":"https:\/\/bestmeditrips.com\/tr\/wp-json\/wp\/v2\/pages"}],"about":[{"href":"https:\/\/bestmeditrips.com\/tr\/wp-json\/wp\/v2\/types\/page"}],"author":[{"embeddable":true,"href":"https:\/\/bestmeditrips.com\/tr\/wp-json\/wp\/v2\/users\/1"}],"replies":[{"embeddable":true,"href":"https:\/\/bestmeditrips.com\/tr\/wp-json\/wp\/v2\/comments?post=441"}],"version-history":[{"count":1,"href":"https:\/\/bestmeditrips.com\/tr\/wp-json\/wp\/v2\/pages\/441\/revisions"}],"predecessor-version":[{"id":588,"href":"https:\/\/bestmeditrips.com\/tr\/wp-json\/wp\/v2\/pages\/441\/revisions\/588"}],"wp:attachment":[{"href":"https:\/\/bestmeditrips.com\/tr\/wp-json\/wp\/v2\/media?parent=441"}],"curies":[{"name":"wp","href":"https:\/\/api.w.org\/{rel}","templated":true}]}}