{"id":319,"date":"2024-09-02T20:44:40","date_gmt":"2024-09-02T17:44:40","guid":{"rendered":"https:\/\/bestmeditrips.com\/uluslararasi-saglik-turizmi-ve-destinasyonlar\/"},"modified":"2024-09-23T12:05:27","modified_gmt":"2024-09-23T09:05:27","slug":"uluslararasi-saglik-turizmi-ve-destinasyonlar","status":"publish","type":"page","link":"https:\/\/bestmeditrips.com\/tr\/","title":{"rendered":"Sa\u011fl\u0131k Turizmi ve Destinasyonlar"},"content":{"rendered":"<h2>En \u0130yi Sa\u011fl\u0131k Turizmi Deneyimini Ke\u015ffedin..<\/h2>\n<p><em><strong>BestMediTrips.com<\/strong><\/em>&#8216;a ho\u015f geldiniz, ola\u011fan\u00fcst\u00fc sa\u011fl\u0131k hizmetlerini s\u0131rad\u0131\u015f\u0131 seyahat deneyimleriyle birle\u015ftiren ana destinasyonunuz. \u00c7ok dilli platformumuz, sizi d\u00fcnya \u00e7ap\u0131nda en iyi sa\u011fl\u0131k turizmi destinasyonlar\u0131na ba\u011flamaya adanm\u0131\u015ft\u0131r ve mevcut en iyi t\u0131bbi tedaviler ve hizmetler hakk\u0131nda ayr\u0131nt\u0131l\u0131 bilgiler sunar.<\/p>\n<h3>Premium Sa\u011fl\u0131k ve T\u0131bbi Turizm Destinasyonlar\u0131n\u0131 Ke\u015ffedin<\/h3>\n<p><em><strong>BestMediTrips.com<\/strong><\/em>&#8216;da, d\u00fcnya \u00e7ap\u0131ndaki en cazip destinasyonlarda mevcut olan \u00e7e\u015fitli tedaviler aras\u0131nda sizi y\u00f6nlendiren \u00f6zenle se\u00e7ilmi\u015f bir sa\u011fl\u0131k turizmi se\u00e7enekleri yelpazesi sunuyoruz. Her bir yeri benzersiz k\u0131lan \u00f6zellikleri ke\u015ffedin:<\/p>\n<h4><strong><span style=\"color: #ff0000;\">\u2665\u00a0<\/span><\/strong><strong>T\u00dcRK\u0130YE:<\/strong> \u0130stanbul, Antalya, \u0130zmir ve Ankara<\/h4>\n<p>T\u00fcrkiye, modern sa\u011fl\u0131k tesisleri ve uygun maliyetli tedavileri ile tan\u0131n\u0131r. Sa\u011fl\u0131k hizmetlerinin \u00e7e\u015fitlili\u011fi i\u00e7in en iyi \u015fehirlerimizi ke\u015ffedin:<\/p>\n<ul>\n<li><strong>Di\u015f Klinikleri:<\/strong> \u0130mplantlar, Hollywood g\u00fcl\u00fc\u015f\u00fc ve &#8220;all-on-4&#8221; ve &#8220;all-on-6&#8221; gibi yenilik\u00e7i \u00e7\u00f6z\u00fcmler gibi ileri d\u00fczey prosed\u00fcrlerle g\u00fcl\u00fc\u015f\u00fcn\u00fcz\u00fc d\u00f6n\u00fc\u015ft\u00fcr\u00fcn.<\/li>\n<li><strong>Sa\u00e7 Restorasyon Klinikleri:<\/strong> \u0130leri sa\u00e7 ekim teknikleri ile do\u011fal ve kal\u0131c\u0131 sonu\u00e7lar elde edin.<\/li>\n<li><strong>Estetik Hastaneler:<\/strong> Y\u00fcz germe ve v\u00fccut \u015fekillendirmeden d\u00fcnya \u00e7ap\u0131nda estetik cerrahi deneyimleyin.<\/li>\n<li><strong>Ortopedi Uzmanlar\u0131:<\/strong> Eklem ve omurga problemleri i\u00e7in ileri tedavilerden yararlan\u0131n ve optimum iyile\u015fme ve hareket kabiliyeti sa\u011flay\u0131n.<\/li>\n<\/ul>\n<h4><strong><span style=\"color: #ff0000;\">\u2665\u00a0<\/span><\/strong><strong>MACAR\u0130STAN:<\/strong> Budape\u015fte ve Debrecen<\/h4>\n<p>Macaristan, \u00f6zellikle di\u015f tedavilerinde tan\u0131nm\u0131\u015f t\u0131bbi bak\u0131m sunmaktad\u0131r. Budape\u015fte ve Debrecen&#8217;de ke\u015ffedin:<\/p>\n<ul>\n<li><strong>Di\u015f Klinikleri:<\/strong> \u0130mplantlar ve estetik di\u015f prosed\u00fcrleri i\u00e7in birinci s\u0131n\u0131f bak\u0131m, rekabet\u00e7i fiyatlarla.<\/li>\n<li><strong>Estetik Cerrahi Merkezleri:<\/strong> Dikkatlice detayland\u0131r\u0131lm\u0131\u015f estetik prosed\u00fcrlerle g\u00f6r\u00fcn\u00fcm\u00fcn\u00fcz\u00fc iyile\u015ftirin.<\/li>\n<\/ul>\n<h4><strong><span style=\"color: #ff0000;\">\u2665\u00a0<\/span><\/strong><strong>SIRB\u0130STAN:<\/strong> Belgrad<\/h4>\n<p>Belgrad, kaliteli t\u0131bbi bak\u0131m\u0131n merkezi olma yolunda ilerliyor. Burada \u015funlar\u0131 bulabilirsiniz:<\/p>\n<ul>\n<li><strong>Yenilik\u00e7i T\u0131bbi Hizmetler:<\/strong> Di\u015f tedavisinden estetik prosed\u00fcrlere kadar, ihtiya\u00e7lar\u0131n\u0131za g\u00f6re uyarlanm\u0131\u015f ola\u011fan\u00fcst\u00fc bak\u0131m deneyimi ya\u015fay\u0131n.<\/li>\n<li><strong>Ki\u015fiselle\u015ftirilmi\u015f T\u0131bbi Klinikler:<\/strong> S\u0131cak misafirperverli\u011fi ve t\u0131bbi uzmanl\u0131\u011f\u0131 ile tan\u0131nan bir \u015fehirde hizmetlerin tad\u0131n\u0131 \u00e7\u0131kar\u0131n.<\/li>\n<\/ul>\n<h4><strong><span style=\"color: #ff0000;\">\u2665\u00a0<\/span><\/strong><strong>HIRVAT\u0130STAN:<\/strong> Zagreb ve Split<\/h4>\n<p>H\u0131rvatistan, t\u0131bbi m\u00fckemmelli\u011fi g\u00fczel manzaralarla birle\u015ftirir. Ke\u015ffedin:<\/p>\n<ul>\n<li><strong>Di\u015f ve Estetik Klinikleri:<\/strong> \u015eirin bir ortamda ileri tedavilerin keyfini \u00e7\u0131kar\u0131n.<\/li>\n<li><strong>Rehabilitasyon ve Wellness Hastaneleri:<\/strong> Genel sa\u011fl\u0131\u011f\u0131n\u0131z\u0131 iyile\u015ftirmeyi ama\u00e7layan kapsaml\u0131 bak\u0131m se\u00e7enekleri.<\/li>\n<\/ul>\n<h4><strong><span style=\"color: #ff0000;\">\u2665\u00a0<\/span><\/strong><strong>POLONYA:<\/strong> Var\u015fova ve Krak\u00f3w<\/h4>\n<p>Polonya, uygun fiyatlarla y\u00fcksek kaliteli sa\u011fl\u0131k hizmetleri sunar. Ke\u015ffedin:<\/p>\n<ul>\n<li><strong>Di\u015f Bak\u0131m Tesisleri:<\/strong> \u0130mplantlar ve di\u011fer di\u015f ihtiya\u00e7lar\u0131 i\u00e7in ileri \u00e7\u00f6z\u00fcmler.<\/li>\n<li><strong>Ortopedik ve Estetik Klinikler:<\/strong> Geni\u015f bir prosed\u00fcr yelpazesi sunan modern tesisler.<\/li>\n<\/ul>\n<h4><strong><span style=\"color: #ff0000;\">\u2665\u00a0<\/span><\/strong><strong>ALMANYA:<\/strong> Berlin ve M\u00fcnih<\/h4>\n<p>Almanya, t\u0131bbi yenilik ve kalite ile e\u015f anlaml\u0131d\u0131r. Eri\u015fim:<\/p>\n<ul>\n<li><strong>\u00d6nc\u00fc Hastaneler:<\/strong> En son t\u0131bbi teknolojiler ve uzman bak\u0131m\u0131.<\/li>\n<li><strong>Kapsaml\u0131 Sa\u011fl\u0131k Hizmetleri Merkezleri:<\/strong> Karma\u015f\u0131k ameliyatlar ve rutin prosed\u00fcrler i\u00e7in d\u00fcnya \u00e7ap\u0131nda tedavi.<\/li>\n<\/ul>\n<h4><strong><span style=\"color: #ff0000;\">\u2665\u00a0<\/span><\/strong><strong>\u00c7EKYA:<\/strong> Prag<\/h4>\n<p>Prag, tarihi \u00e7ekicili\u011fi ve modern sa\u011fl\u0131k hizmetlerini birle\u015ftirir. Ke\u015ffedin:<\/p>\n<ul>\n<li><strong>Y\u00fcksek Dereceli Di\u015f Klinikleri:<\/strong> Avrupa&#8217;n\u0131n en g\u00fczel \u015fehirlerinden birinde m\u00fckemmel \u00e7\u00f6z\u00fcmler.<\/li>\n<li><strong>Estetik Hastaneler:<\/strong> Y\u00fcksek kaliteli estetik prosed\u00fcrler.<\/li>\n<\/ul>\n<h4><strong><span style=\"color: #ff0000;\">\u2665\u00a0<\/span><\/strong><strong>MEKS\u0130KA:<\/strong> Canc\u00fan ve Mexico City<\/h4>\n<p>Meksika, ola\u011fan\u00fcst\u00fc t\u0131bbi bak\u0131m i\u00e7in canl\u0131 bir arka plan sunar. Keyfini \u00e7\u0131kar\u0131n:<\/p>\n<ul>\n<li><strong>Uygun Fiyatl\u0131 Tedavi Merkezleri:<\/strong> Y\u00fcksek kaliteli di\u015f ve estetik prosed\u00fcrler.<\/li>\n<li><strong>K\u00fclt\u00fcrel Deneyim Klinikleri:<\/strong> Tedavinizi zengin bir k\u00fclt\u00fcrel yolculukla birle\u015ftirin.<\/li>\n<\/ul>\n<h4><strong><span style=\"color: #ff0000;\">\u2665\u00a0<\/span><\/strong><strong>KOLOMB\u0130YA:<\/strong> Medell\u00edn ve Bogot\u00e1<\/h4>\n<p>Kolombiya, nitelikli t\u0131p profesyonelleri ve uygun maliyetli hizmetleri ile tan\u0131n\u0131r. Eri\u015fim:<\/p>\n<ul>\n<li><strong>Kapsaml\u0131 T\u0131bbi Merkezler:<\/strong> Kalite ve eri\u015filebilirli\u011fe odaklanm\u0131\u015f \u00e7e\u015fitli t\u0131bbi tedaviler.<\/li>\n<li><strong>Uzman Di\u015f Klinikleri:<\/strong> Sa\u011fl\u0131k alan\u0131nda ilerlemeleriyle tan\u0131nan bir \u00fclkede uzmanlardan bak\u0131m al\u0131n.<\/li>\n<\/ul>\n<h4><strong><span style=\"color: #ff0000;\">\u2665\u00a0<\/span><\/strong><strong>TAYLAND:<\/strong> Bangkok ve Phuket<\/h4>\n<p>Tayland, sa\u011fl\u0131k hizmetleri ve seyahat deneyimlerinin m\u00fckemmel bir birle\u015fimini sunar. Ke\u015ffedin:<\/p>\n<ul>\n<li><strong>D\u00fcnya \u00c7ap\u0131nda Hastaneler:<\/strong> Di\u015f bak\u0131m\u0131 ve wellness programlar\u0131 i\u00e7in birinci s\u0131n\u0131f t\u0131bbi hizmetler.<\/li>\n<li><strong>G\u00fczel Destinasyonlardaki Klinikler:<\/strong> Tayland&#8217;\u0131 ke\u015ffederken ola\u011fan\u00fcst\u00fc t\u0131bbi bak\u0131m\u0131 deneyimleyin.<\/li>\n<\/ul>\n<h4><strong><span style=\"color: #ff0000;\">\u2665\u00a0<\/span><\/strong><strong>H\u0130ND\u0130STAN:<\/strong> Delhi ve Mumbai<\/h4>\n<p>Hindistan&#8217;\u0131n t\u0131bbi tesisleri geli\u015fmi\u015f ve eri\u015filebilirdir. Ke\u015ffedin:<\/p>\n<ul>\n<li><strong>\u00c7e\u015fitli T\u0131bbi Klinikler:<\/strong> \u00c7e\u015fitli t\u0131bbi se\u00e7eneklerde y\u00fcksek standartlar.<\/li>\n<li><strong>Nitelikli Uzmanlarla Hastaneler:<\/strong> Delhi ve Mumbai&#8217;de uzmanlardan bak\u0131m al\u0131n.<\/li>\n<\/ul>\n<h4><strong><span style=\"color: #ff0000;\">\u2665\u00a0<\/span><\/strong><strong>V\u0130ETNAM:<\/strong> Ho Chi Minh City ve Hanoi<\/h4>\n<p>Vietnam, sa\u011fl\u0131k turizmi i\u00e7in geli\u015fen bir destinasyon haline geliyor. Burada \u015funlardan yararlanabilirsiniz:<\/p>\n<ul>\n<li><strong>Etkili T\u0131bbi Merkezler:<\/strong> Uygun fiyatl\u0131 ve y\u00fcksek kaliteli bak\u0131m.<\/li>\n<li><strong>Kapsaml\u0131 Tedavi Klinikleri:<\/strong> Di\u015f bak\u0131m\u0131ndan ortopedik prosed\u00fcrlere kadar.<\/li>\n<\/ul>\n<h4>Neden Sa\u011fl\u0131k ve T\u0131bbi Turizmi Se\u00e7melisiniz?<\/h4>\n<p>Sa\u011fl\u0131k ve t\u0131bbi turizm, \u00fcst\u00fcn t\u0131bbi bak\u0131m\u0131 heyecan verici seyahat f\u0131rsatlar\u0131yla birle\u015ftirmenizi sa\u011flar. <em>BestMediTrips.com<\/em>&#8216;da, ihtiya\u00e7lar\u0131n\u0131za ve tercihlerine uygun m\u00fckemmel destinasyonu ve tedaviyi bulman\u0131za yard\u0131mc\u0131 olmaya kararl\u0131y\u0131z. Ola\u011fan\u00fcst\u00fc t\u0131bbi bak\u0131m ve unutulmaz deneyimler yolculu\u011funuza ba\u015flamak i\u00e7in platformumuzu ke\u015ffedin.<\/p>\n","protected":false},"excerpt":{"rendered":"<p>En \u0130yi Sa\u011fl\u0131k Turizmi Deneyimini Ke\u015ffedin.. BestMediTrips.com&#8216;a ho\u015f geldiniz, ola\u011fan\u00fcst\u00fc sa\u011fl\u0131k hizmetlerini s\u0131rad\u0131\u015f\u0131 seyahat deneyimleriyle birle\u015ftiren ana destinasyonunuz. \u00c7ok dilli platformumuz, sizi d\u00fcnya \u00e7ap\u0131nda en iyi sa\u011fl\u0131k turizmi destinasyonlar\u0131na ba\u011flamaya adanm\u0131\u015ft\u0131r ve mevcut en iyi t\u0131bbi tedaviler ve hizmetler hakk\u0131nda ayr\u0131nt\u0131l\u0131 bilgiler sunar. Premium Sa\u011fl\u0131k ve T\u0131bbi Turizm Destinasyonlar\u0131n\u0131 Ke\u015ffedin BestMediTrips.com&#8216;da, d\u00fcnya \u00e7ap\u0131ndaki en cazip &#8230; <a title=\"Sa\u011fl\u0131k Turizmi ve Destinasyonlar\" class=\"read-more\" href=\"https:\/\/bestmeditrips.com\/tr\/\" aria-label=\"Read more about Sa\u011fl\u0131k Turizmi ve Destinasyonlar\">Read more<\/a><\/p>\n","protected":false},"author":1,"featured_media":352,"parent":0,"menu_order":0,"comment_status":"closed","ping_status":"closed","template":"","meta":{"footnotes":""},"class_list":["post-319","page","type-page","status-publish","has-post-thumbnail"],"yoast_head":"<!-- This site is optimized with the Yoast SEO plugin v27.4 - https:\/\/yoast.com\/product\/yoast-seo-wordpress\/ -->\n<title>Sa\u011fl\u0131k Turizm Uzmanlar\u0131 | Premium Tedaviler ve Destinasyonlar<\/title>\n<meta name=\"description\" content=\"En iyi medikal turizm hizmetlerini, en iyi klinikler, doktorlar ve di\u015f hekimleri ile ke\u015ffedin, en iyi t\u0131bbi seyahatler i\u00e7in uzman tavsiyeleri..\" \/>\n<meta name=\"robots\" content=\"index, follow, max-snippet:-1, max-image-preview:large, max-video-preview:-1\" \/>\n<link rel=\"canonical\" href=\"https:\/\/bestmeditrips.com\/tr\/\" \/>\n<meta property=\"og:locale\" content=\"tr_TR\" \/>\n<meta property=\"og:type\" content=\"article\" \/>\n<meta property=\"og:title\" content=\"Sa\u011fl\u0131k Turizm Uzmanlar\u0131 | Premium Tedaviler ve Destinasyonlar\" \/>\n<meta property=\"og:description\" content=\"En iyi medikal turizm hizmetlerini, en iyi klinikler, doktorlar ve di\u015f hekimleri ile ke\u015ffedin, en iyi t\u0131bbi seyahatler i\u00e7in uzman tavsiyeleri..\" \/>\n<meta property=\"og:url\" content=\"https:\/\/bestmeditrips.com\/tr\/\" \/>\n<meta property=\"og:site_name\" content=\"Bestmeditrips.com\" \/>\n<meta property=\"article:publisher\" content=\"https:\/\/www.facebook.com\/profile.php?id=61565479139599\" \/>\n<meta property=\"article:modified_time\" content=\"2024-09-23T09:05:27+00:00\" \/>\n<meta property=\"og:image\" content=\"https:\/\/bestmeditrips.com\/wp-content\/uploads\/2024\/09\/health-tourism.jpg\" \/>\n\t<meta property=\"og:image:width\" content=\"1024\" \/>\n\t<meta property=\"og:image:height\" content=\"683\" \/>\n\t<meta property=\"og:image:type\" content=\"image\/jpeg\" \/>\n<meta name=\"twitter:card\" content=\"summary_large_image\" \/>\n<meta name=\"twitter:label1\" content=\"Tahmini okuma s\u00fcresi\" \/>\n\t<meta name=\"twitter:data1\" content=\"4 dakika\" \/>\n<script type=\"application\/ld+json\" class=\"yoast-schema-graph\">{\"@context\":\"https:\\\/\\\/schema.org\",\"@graph\":[{\"@type\":\"WebPage\",\"@id\":\"https:\\\/\\\/bestmeditrips.com\\\/tr\\\/\",\"url\":\"https:\\\/\\\/bestmeditrips.com\\\/tr\\\/\",\"name\":\"Sa\u011fl\u0131k Turizm Uzmanlar\u0131 | Premium Tedaviler ve Destinasyonlar\",\"isPartOf\":{\"@id\":\"https:\\\/\\\/bestmeditrips.com\\\/tr\\\/#website\"},\"primaryImageOfPage\":{\"@id\":\"https:\\\/\\\/bestmeditrips.com\\\/tr\\\/#primaryimage\"},\"image\":{\"@id\":\"https:\\\/\\\/bestmeditrips.com\\\/tr\\\/#primaryimage\"},\"thumbnailUrl\":\"https:\\\/\\\/bestmeditrips.com\\\/wp-content\\\/uploads\\\/2024\\\/09\\\/health-tourism.jpg\",\"datePublished\":\"2024-09-02T17:44:40+00:00\",\"dateModified\":\"2024-09-23T09:05:27+00:00\",\"description\":\"En iyi medikal turizm hizmetlerini, en iyi klinikler, doktorlar ve di\u015f hekimleri ile ke\u015ffedin, en iyi t\u0131bbi seyahatler i\u00e7in uzman tavsiyeleri..\",\"breadcrumb\":{\"@id\":\"https:\\\/\\\/bestmeditrips.com\\\/tr\\\/#breadcrumb\"},\"inLanguage\":\"tr\",\"potentialAction\":[{\"@type\":\"ReadAction\",\"target\":[\"https:\\\/\\\/bestmeditrips.com\\\/tr\\\/\"]}]},{\"@type\":\"ImageObject\",\"inLanguage\":\"tr\",\"@id\":\"https:\\\/\\\/bestmeditrips.com\\\/tr\\\/#primaryimage\",\"url\":\"https:\\\/\\\/bestmeditrips.com\\\/wp-content\\\/uploads\\\/2024\\\/09\\\/health-tourism.jpg\",\"contentUrl\":\"https:\\\/\\\/bestmeditrips.com\\\/wp-content\\\/uploads\\\/2024\\\/09\\\/health-tourism.jpg\",\"width\":1024,\"height\":683,\"caption\":\"Medical tourism and best destinations in the world for dental, hair transplant, orthopedic and aesthetic treatments\"},{\"@type\":\"BreadcrumbList\",\"@id\":\"https:\\\/\\\/bestmeditrips.com\\\/tr\\\/#breadcrumb\",\"itemListElement\":[{\"@type\":\"ListItem\",\"position\":1,\"name\":\"Home\",\"item\":\"https:\\\/\\\/bestmeditrips.com\\\/tr\\\/\"},{\"@type\":\"ListItem\",\"position\":2,\"name\":\"Sa\u011fl\u0131k Turizmi ve Destinasyonlar\"}]},{\"@type\":\"WebSite\",\"@id\":\"https:\\\/\\\/bestmeditrips.com\\\/tr\\\/#website\",\"url\":\"https:\\\/\\\/bestmeditrips.com\\\/tr\\\/\",\"name\":\"Bestmeditrips.com\",\"description\":\"Medikal turizm, en iyi tedaviler, klinikler, doktorlar ve di\u015f hekimleri!\",\"publisher\":{\"@id\":\"https:\\\/\\\/bestmeditrips.com\\\/tr\\\/#organization\"},\"potentialAction\":[{\"@type\":\"SearchAction\",\"target\":{\"@type\":\"EntryPoint\",\"urlTemplate\":\"https:\\\/\\\/bestmeditrips.com\\\/tr\\\/?s={search_term_string}\"},\"query-input\":{\"@type\":\"PropertyValueSpecification\",\"valueRequired\":true,\"valueName\":\"search_term_string\"}}],\"inLanguage\":\"tr\"},{\"@type\":\"Organization\",\"@id\":\"https:\\\/\\\/bestmeditrips.com\\\/tr\\\/#organization\",\"name\":\"Bestmeditrips.com\",\"url\":\"https:\\\/\\\/bestmeditrips.com\\\/tr\\\/\",\"logo\":{\"@type\":\"ImageObject\",\"inLanguage\":\"tr\",\"@id\":\"https:\\\/\\\/bestmeditrips.com\\\/tr\\\/#\\\/schema\\\/logo\\\/image\\\/\",\"url\":\"https:\\\/\\\/bestmeditrips.com\\\/wp-content\\\/uploads\\\/2024\\\/09\\\/logo-2.png\",\"contentUrl\":\"https:\\\/\\\/bestmeditrips.com\\\/wp-content\\\/uploads\\\/2024\\\/09\\\/logo-2.png\",\"width\":500,\"height\":98,\"caption\":\"Bestmeditrips.com\"},\"image\":{\"@id\":\"https:\\\/\\\/bestmeditrips.com\\\/tr\\\/#\\\/schema\\\/logo\\\/image\\\/\"},\"sameAs\":[\"https:\\\/\\\/www.facebook.com\\\/profile.php?id=61565479139599\"]}]}<\/script>\n<!-- \/ Yoast SEO plugin. -->","yoast_head_json":{"title":"Sa\u011fl\u0131k Turizm Uzmanlar\u0131 | Premium Tedaviler ve Destinasyonlar","description":"En iyi medikal turizm hizmetlerini, en iyi klinikler, doktorlar ve di\u015f hekimleri ile ke\u015ffedin, en iyi t\u0131bbi seyahatler i\u00e7in uzman tavsiyeleri..","robots":{"index":"index","follow":"follow","max-snippet":"max-snippet:-1","max-image-preview":"max-image-preview:large","max-video-preview":"max-video-preview:-1"},"canonical":"https:\/\/bestmeditrips.com\/tr\/","og_locale":"tr_TR","og_type":"article","og_title":"Sa\u011fl\u0131k Turizm Uzmanlar\u0131 | Premium Tedaviler ve Destinasyonlar","og_description":"En iyi medikal turizm hizmetlerini, en iyi klinikler, doktorlar ve di\u015f hekimleri ile ke\u015ffedin, en iyi t\u0131bbi seyahatler i\u00e7in uzman tavsiyeleri..","og_url":"https:\/\/bestmeditrips.com\/tr\/","og_site_name":"Bestmeditrips.com","article_publisher":"https:\/\/www.facebook.com\/profile.php?id=61565479139599","article_modified_time":"2024-09-23T09:05:27+00:00","og_image":[{"width":1024,"height":683,"url":"https:\/\/bestmeditrips.com\/wp-content\/uploads\/2024\/09\/health-tourism.jpg","type":"image\/jpeg"}],"twitter_card":"summary_large_image","twitter_misc":{"Tahmini okuma s\u00fcresi":"4 dakika"},"schema":{"@context":"https:\/\/schema.org","@graph":[{"@type":"WebPage","@id":"https:\/\/bestmeditrips.com\/tr\/","url":"https:\/\/bestmeditrips.com\/tr\/","name":"Sa\u011fl\u0131k Turizm Uzmanlar\u0131 | Premium Tedaviler ve Destinasyonlar","isPartOf":{"@id":"https:\/\/bestmeditrips.com\/tr\/#website"},"primaryImageOfPage":{"@id":"https:\/\/bestmeditrips.com\/tr\/#primaryimage"},"image":{"@id":"https:\/\/bestmeditrips.com\/tr\/#primaryimage"},"thumbnailUrl":"https:\/\/bestmeditrips.com\/wp-content\/uploads\/2024\/09\/health-tourism.jpg","datePublished":"2024-09-02T17:44:40+00:00","dateModified":"2024-09-23T09:05:27+00:00","description":"En iyi medikal turizm hizmetlerini, en iyi klinikler, doktorlar ve di\u015f hekimleri ile ke\u015ffedin, en iyi t\u0131bbi seyahatler i\u00e7in uzman tavsiyeleri..","breadcrumb":{"@id":"https:\/\/bestmeditrips.com\/tr\/#breadcrumb"},"inLanguage":"tr","potentialAction":[{"@type":"ReadAction","target":["https:\/\/bestmeditrips.com\/tr\/"]}]},{"@type":"ImageObject","inLanguage":"tr","@id":"https:\/\/bestmeditrips.com\/tr\/#primaryimage","url":"https:\/\/bestmeditrips.com\/wp-content\/uploads\/2024\/09\/health-tourism.jpg","contentUrl":"https:\/\/bestmeditrips.com\/wp-content\/uploads\/2024\/09\/health-tourism.jpg","width":1024,"height":683,"caption":"Medical tourism and best destinations in the world for dental, hair transplant, orthopedic and aesthetic treatments"},{"@type":"BreadcrumbList","@id":"https:\/\/bestmeditrips.com\/tr\/#breadcrumb","itemListElement":[{"@type":"ListItem","position":1,"name":"Home","item":"https:\/\/bestmeditrips.com\/tr\/"},{"@type":"ListItem","position":2,"name":"Sa\u011fl\u0131k Turizmi ve Destinasyonlar"}]},{"@type":"WebSite","@id":"https:\/\/bestmeditrips.com\/tr\/#website","url":"https:\/\/bestmeditrips.com\/tr\/","name":"Bestmeditrips.com","description":"Medikal turizm, en iyi tedaviler, klinikler, doktorlar ve di\u015f hekimleri!","publisher":{"@id":"https:\/\/bestmeditrips.com\/tr\/#organization"},"potentialAction":[{"@type":"SearchAction","target":{"@type":"EntryPoint","urlTemplate":"https:\/\/bestmeditrips.com\/tr\/?s={search_term_string}"},"query-input":{"@type":"PropertyValueSpecification","valueRequired":true,"valueName":"search_term_string"}}],"inLanguage":"tr"},{"@type":"Organization","@id":"https:\/\/bestmeditrips.com\/tr\/#organization","name":"Bestmeditrips.com","url":"https:\/\/bestmeditrips.com\/tr\/","logo":{"@type":"ImageObject","inLanguage":"tr","@id":"https:\/\/bestmeditrips.com\/tr\/#\/schema\/logo\/image\/","url":"https:\/\/bestmeditrips.com\/wp-content\/uploads\/2024\/09\/logo-2.png","contentUrl":"https:\/\/bestmeditrips.com\/wp-content\/uploads\/2024\/09\/logo-2.png","width":500,"height":98,"caption":"Bestmeditrips.com"},"image":{"@id":"https:\/\/bestmeditrips.com\/tr\/#\/schema\/logo\/image\/"},"sameAs":["https:\/\/www.facebook.com\/profile.php?id=61565479139599"]}]}},"_links":{"self":[{"href":"https:\/\/bestmeditrips.com\/tr\/wp-json\/wp\/v2\/pages\/319","targetHints":{"allow":["GET"]}}],"collection":[{"href":"https:\/\/bestmeditrips.com\/tr\/wp-json\/wp\/v2\/pages"}],"about":[{"href":"https:\/\/bestmeditrips.com\/tr\/wp-json\/wp\/v2\/types\/page"}],"author":[{"embeddable":true,"href":"https:\/\/bestmeditrips.com\/tr\/wp-json\/wp\/v2\/users\/1"}],"replies":[{"embeddable":true,"href":"https:\/\/bestmeditrips.com\/tr\/wp-json\/wp\/v2\/comments?post=319"}],"version-history":[{"count":4,"href":"https:\/\/bestmeditrips.com\/tr\/wp-json\/wp\/v2\/pages\/319\/revisions"}],"predecessor-version":[{"id":833,"href":"https:\/\/bestmeditrips.com\/tr\/wp-json\/wp\/v2\/pages\/319\/revisions\/833"}],"wp:featuredmedia":[{"embeddable":true,"href":"https:\/\/bestmeditrips.com\/tr\/wp-json\/wp\/v2\/media\/352"}],"wp:attachment":[{"href":"https:\/\/bestmeditrips.com\/tr\/wp-json\/wp\/v2\/media?parent=319"}],"curies":[{"name":"wp","href":"https:\/\/api.w.org\/{rel}","templated":true}]}}