{"id":1123,"date":"2024-09-23T21:41:39","date_gmt":"2024-09-23T18:41:39","guid":{"rendered":"https:\/\/bestmeditrips.com\/turkiye\/"},"modified":"2024-09-23T21:41:39","modified_gmt":"2024-09-23T18:41:39","slug":"turkiye","status":"publish","type":"page","link":"https:\/\/bestmeditrips.com\/tr\/turkiye\/","title":{"rendered":"T\u00fcrkiye"},"content":{"rendered":"<h2>T\u00fcrkiye&#8217;de Premium Sa\u011fl\u0131k Hizmetlerini Ke\u015ffedin<\/h2>\n<p>T\u00fcrkiye, uygun fiyatlarla d\u00fcnya standartlar\u0131nda t\u0131bbi tedaviler sunan lider bir sa\u011fl\u0131k turizmi destinasyonu haline gelmi\u015ftir. \u0130ster <strong>di\u015f implantlar\u0131<\/strong>, <strong>estetik cerrahi<\/strong>, <strong>ortopedik rahats\u0131zl\u0131klar<\/strong>, <strong>g\u00f6z tedavileri<\/strong>, <strong>sa\u00e7 ekimi<\/strong>, <strong>kanser tedavileri<\/strong> ya da di\u011fer uzmanl\u0131k gerektiren tedavileri d\u00fc\u015f\u00fcn\u00fcn, T\u00fcrkiye, son derece nitelikli uzmanlara ve modern kliniklere eri\u015fim sa\u011flar.<\/p>\n<figure style=\"width: 1014px\" class=\"wp-caption aligncenter\"><img loading=\"lazy\" decoding=\"async\" src=\"https:\/\/bestmeditrips.com\/wp-content\/uploads\/2024\/09\/turkey-hospital.jpg\" alt=\"One of the new and modern hospitals in Istanbul. \" width=\"1024\" height=\"616\" \/><figcaption class=\"wp-caption-text\"><em>\u0130stanbul Avrupa yakas\u0131nda modern bir \u00f6zel hastane<\/em><\/figcaption><\/figure>\n<h3>Neden sa\u011fl\u0131k seyahatiniz i\u00e7in T\u00fcrkiye&#8217;yi se\u00e7melisiniz?<\/h3>\n<p>Sa\u011fl\u0131k tedavileriniz i\u00e7in T\u00fcrkiye&#8217;yi se\u00e7menin pek \u00e7ok avantaj\u0131 vard\u0131r:<\/p>\n<ul>\n<li><strong>Y\u00fcksek nitelikli doktorlar<\/strong>: T\u00fcrkiye, d\u00fcnyan\u0131n en deneyimli cerrahlar\u0131 ve uzmanlar\u0131n\u0131n baz\u0131lar\u0131na ev sahipli\u011fi yapmaktad\u0131r; bir\u00e7o\u011fu uluslararas\u0131 e\u011fitim alm\u0131\u015ft\u0131r.<\/li>\n<li><strong>Uygun fiyatl\u0131 tedaviler<\/strong>: T\u00fcrkiye&#8217;deki t\u0131bbi prosed\u00fcrler, ABD veya Avrupa&#8217;ya k\u0131yasla %70&#8217;e varan oranlarda daha ucuz olabilir ve kaliteden \u00f6d\u00fcn verilmez.<\/li>\n<li><strong>Son teknoloji klinikler<\/strong>: T\u00fcrkiye&#8217;deki klinikler, modern teknolojilerle donat\u0131lm\u0131\u015f olup y\u00fcksek standartlarda bak\u0131m ve tedavi sunar.<\/li>\n<li><strong>Kolay ula\u015f\u0131m<\/strong>: T\u00fcrkiye&#8217;nin b\u00fcy\u00fck \u015fehirleri, <strong>\u0130stanbul<\/strong>, <strong>Antalya<\/strong> ve <strong>\u0130zmir<\/strong>, d\u00fcnyan\u0131n her yerinden kolayca ula\u015f\u0131labilir olup, uluslararas\u0131 hastalar i\u00e7in uygun bir destinasyon olu\u015fturur.<\/li>\n<\/ul>\n<figure style=\"width: 1014px\" class=\"wp-caption aligncenter\"><img loading=\"lazy\" decoding=\"async\" src=\"https:\/\/bestmeditrips.com\/wp-content\/uploads\/2024\/09\/health-tourism-istanbul-1.jpg\" alt=\"Why to prefer Turkey, Istanbul, Antalya, Izmir for dental and other medical treatments?\" width=\"1024\" height=\"455\" \/><figcaption class=\"wp-caption-text\"><em>\u0130stanbul&#8217;daki di\u015f kliniklerinden biri<\/em><\/figcaption><\/figure>\n<h3>T\u00fcrkiye&#8217;de Pop\u00fcler Tedaviler<\/h3>\n<ul>\n<li><em>Di\u015f implantlar\u0131<\/em>: T\u00fcrkiye, uygun fiyatl\u0131 ve y\u00fcksek kaliteli <strong>di\u015f implant\u0131<\/strong> hizmetleri ile tan\u0131n\u0131r ve <em>all-on-4<\/em> ve <em>all-on-6<\/em> gibi tedavileri i\u00e7erir.<\/li>\n<li><em>Rinoplasti<\/em> ve <em>g\u00f6\u011f\u00fcs b\u00fcy\u00fctme<\/em>: T\u00fcrkiye, sertifikal\u0131 profesyoneller taraf\u0131ndan ger\u00e7ekle\u015ftirilen geni\u015f bir <strong>estetik cerrahi<\/strong> yelpazesi sunar.<\/li>\n<li><em>Sa\u00e7 ekimi<\/em>: Geli\u015fmi\u015f teknikler sunan klinikleri ile T\u00fcrkiye, <strong>sa\u00e7 ekimi<\/strong> tedavileri i\u00e7in \u00f6nde gelen bir destinasyon haline gelmi\u015ftir.<\/li>\n<li><strong>Ortopedik rahats\u0131zl\u0131klar<\/strong>: T\u00fcrkiye, <em>eklem protezleri<\/em>, <em>menisk\u00fcs y\u0131rt\u0131klar\u0131<\/em> ve minimal invaziv cerrahilerde uzmanla\u015fm\u0131\u015f m\u00fckemmel ortopedik bak\u0131m sa\u011flar.<\/li>\n<li><strong>G\u00f6z tedavileri<\/strong>: T\u00fcrkiye, <em>LASIK<\/em>, <em>katarakt ameliyat\u0131<\/em> ve <em>kornea nakli<\/em> gibi i\u015flemler sunan \u00f6nde gelen bir g\u00f6z tedavi merkezidir. \u0130leri teknoloji ve deneyimli g\u00f6z doktorlar\u0131 sayesinde, hastalar rekabet\u00e7i fiyatlarla y\u00fcksek kaliteli bak\u0131m bekleyebilir.<\/li>\n<li><strong>Kanser tedavileri<\/strong>: T\u00fcrkiye, giderek artan bir \u015fekilde ileri kanser tedavilerinin merkezi haline gelmektedir ve \u00e7e\u015fitli kanser t\u00fcrlerine sahip hastalar i\u00e7in kapsaml\u0131 bak\u0131m sunmaktad\u0131r. En son kemoterapi ve radyoterapiden yenilik\u00e7i imm\u00fcnoterapilere ve hassas onkolojiye kadar, T\u00fcrk klinikleri \u00f6nde gelen onkologlara ve en yeni t\u0131bbi teknolojilere eri\u015fim sa\u011flar. Hastalar, bat\u0131 \u00fclkelerine k\u0131yasla \u00f6nemli \u00f6l\u00e7\u00fcde daha d\u00fc\u015f\u00fck maliyetlerle ki\u015fiselle\u015ftirilmi\u015f tedavi planlar\u0131 bekleyebilir ve kaliteden \u00f6d\u00fcn verilmez.<\/li>\n<\/ul>\n<h3>T\u00fcrkiye&#8217;de Sa\u011fl\u0131k Turizmi \u0130\u00e7in \u00d6nemli \u015eehirler<\/h3>\n<ul>\n<li><strong>\u0130stanbul<\/strong>: Y\u00fcksek kaliteli <strong>di\u015f implant\u0131<\/strong> ve <strong>estetik cerrahi<\/strong> klinikleriyle tan\u0131nan <strong>\u0130stanbul<\/strong>, her y\u0131l binlerce uluslararas\u0131 hastay\u0131 \u00e7ekmektedir.<\/li>\n<li><strong>Antalya<\/strong>: Yaln\u0131zca kaliteli sa\u011fl\u0131k hizmetleri sunmakla kalmayan, ayn\u0131 zamanda \u00f6zellikle estetik tedaviler sonras\u0131 dinlenme ve iyile\u015fme i\u00e7in rahatlat\u0131c\u0131 bir ortam sa\u011flayan bir sahil kentidir.<\/li>\n<li><strong>\u0130zmir<\/strong>: <strong>Ortopedik rahats\u0131zl\u0131klar\u0131n<\/strong> tedavisi ve di\u015f bak\u0131m\u0131 i\u00e7in \u00f6nemli bir \u015fehir olan <strong>\u0130zmir<\/strong>, b\u00fcy\u00fcyen bir sa\u011fl\u0131k turizmi merkezi haline gelmektedir.<\/li>\n<\/ul>\n<h3>En \u0130yi Tedaviyi En \u0130yi Fiyatlarla Al\u0131n<\/h3>\n<p>T\u00fcrkiye&#8217;yi se\u00e7erek, yaln\u0131zca y\u00fcksek kaliteli sa\u011fl\u0131k hizmetlerine eri\u015fmekle kalmaz, ayn\u0131 zamanda t\u0131bbi maliyetlerde de \u00f6nemli tasarruf sa\u011flars\u0131n\u0131z. Bir\u00e7ok klinik, tedavi, konaklama ve ula\u015f\u0131m\u0131 kapsayan her \u015fey dahil paketler sunarak, uluslararas\u0131 hastalar i\u00e7in sorunsuz bir deneyim sa\u011flar.<\/p>\n<h3>Sa\u011fl\u0131k Seyahatinizi Planlamaya Ba\u015flay\u0131n<\/h3>\n<p>T\u00fcrkiye&#8217;deki sa\u011fl\u0131k se\u00e7eneklerini ke\u015ffetmeye haz\u0131r m\u0131s\u0131n\u0131z? En iyi klinikler ve tedaviler hakk\u0131nda ki\u015fiselle\u015ftirilmi\u015f tavsiyeler ve \u00f6neriler almak i\u00e7in ekibimizle ileti\u015fime ge\u00e7in. Size bilin\u00e7li kararlar alman\u0131zda ve uygun fiyatlarla en iyi sa\u011fl\u0131k hizmetlerini sa\u011flamada yard\u0131mc\u0131 olal\u0131m.<\/p>\n<p><span style=\"text-decoration: underline;\"><strong>B\u0130Z\u0130MLE \u0130LET\u0130\u015e\u0130ME GE\u00c7\u0130N<\/strong><\/span><\/p>\n<style id=\"wpforms-css-vars-673\">\n\t\t\t\t#wpforms-673 {\n\t\t\t\t\n\t\t\t}\n\t\t\t<\/style><div class=\"wpforms-container wpforms-container-full wpforms-render-modern\" id=\"wpforms-673\"><form id=\"wpforms-form-673\" class=\"wpforms-validate wpforms-form wpforms-ajax-form\" data-formid=\"673\" method=\"post\" enctype=\"multipart\/form-data\" action=\"\/tr\/wp-json\/wp\/v2\/pages\/1123\" data-token=\"3afdf7b15cb95e56096648baafd6df2b\" data-token-time=\"1776384362\"><noscript class=\"wpforms-error-noscript\">Bu formu bitirebilmek i\u00e7in taray\u0131c\u0131n\u0131zda JavaScript&#039;i etkinle\u015ftirin.<\/noscript><div id=\"wpforms-error-noscript\" style=\"display: none;\">Bu formu bitirebilmek i\u00e7in taray\u0131c\u0131n\u0131zda JavaScript&#039;i etkinle\u015ftirin.<\/div><div class=\"wpforms-field-container\"><div id=\"wpforms-673-field_1-container\" class=\"wpforms-field wpforms-field-name\" data-field-id=\"1\"><fieldset><legend class=\"wpforms-field-label\">Ad ve soyad <span class=\"wpforms-required-label\" aria-hidden=\"true\">*<\/span><\/legend><div class=\"wpforms-field-row wpforms-field-medium\"><div class=\"wpforms-field-row-block wpforms-first wpforms-one-half\"><input type=\"text\" id=\"wpforms-673-field_1\" class=\"wpforms-field-name-first wpforms-field-required\" name=\"wpforms[fields][1][first]\" aria-errormessage=\"wpforms-673-field_1-error\" required><label for=\"wpforms-673-field_1\" class=\"wpforms-field-sublabel after\">First<\/label><\/div><div class=\"wpforms-field-row-block wpforms-one-half\"><input type=\"text\" id=\"wpforms-673-field_1-last\" class=\"wpforms-field-name-last wpforms-field-required\" name=\"wpforms[fields][1][last]\" aria-errormessage=\"wpforms-673-field_1-last-error\" required><label for=\"wpforms-673-field_1-last\" class=\"wpforms-field-sublabel after\">Last<\/label><\/div><\/div><\/fieldset><\/div>\t\t<div id=\"wpforms-673-field_4-container\"\n\t\t\tclass=\"wpforms-field wpforms-field-text\"\n\t\t\tdata-field-type=\"text\"\n\t\t\tdata-field-id=\"4\"\n\t\t\t>\n\t\t\t<label class=\"wpforms-field-label\" for=\"wpforms-673-field_4\" >soyad Ad cep<\/label>\n\t\t\t<input type=\"text\" id=\"wpforms-673-field_4\" class=\"wpforms-field-medium\" name=\"wpforms[fields][4]\" >\n\t\t<\/div>\n\t\t<div id=\"wpforms-673-field_2-container\" class=\"wpforms-field wpforms-field-email\" data-field-id=\"2\"><label class=\"wpforms-field-label\" for=\"wpforms-673-field_2\">E-posta ve cep telefonu <span class=\"wpforms-required-label\" aria-hidden=\"true\">*<\/span><\/label><input type=\"email\" id=\"wpforms-673-field_2\" class=\"wpforms-field-medium wpforms-field-required\" name=\"wpforms[fields][2]\" spellcheck=\"false\" aria-errormessage=\"wpforms-673-field_2-error\" required><\/div><div id=\"wpforms-673-field_3-container\" class=\"wpforms-field wpforms-field-textarea\" data-field-id=\"3\"><label class=\"wpforms-field-label\" for=\"wpforms-673-field_3\">Mesaj\u0131n\u0131z<\/label><textarea id=\"wpforms-673-field_3\" class=\"wpforms-field-medium\" name=\"wpforms[fields][3]\" aria-errormessage=\"wpforms-673-field_3-error\" ><\/textarea><\/div><script>\n\t\t\t\t( function() {\n\t\t\t\t\tconst style = document.createElement( 'style' );\n\t\t\t\t\tstyle.appendChild( document.createTextNode( '#wpforms-673-field_4-container { position: absolute !important; overflow: hidden !important; display: inline !important; height: 1px !important; width: 1px !important; z-index: -1000 !important; padding: 0 !important; } #wpforms-673-field_4-container input { visibility: hidden; } #wpforms-conversational-form-page #wpforms-673-field_4-container label { counter-increment: none; }' ) );\n\t\t\t\t\tdocument.head.appendChild( style );\n\t\t\t\t\tdocument.currentScript?.remove();\n\t\t\t\t} )();\n\t\t\t<\/script><\/div><!-- .wpforms-field-container --><div class=\"wpforms-submit-container\" ><input type=\"hidden\" name=\"wpforms[id]\" value=\"673\"><input type=\"hidden\" name=\"page_title\" value=\"\"><input type=\"hidden\" name=\"page_url\" value=\"https:\/\/bestmeditrips.com\/tr\/wp-json\/wp\/v2\/pages\/1123\"><input type=\"hidden\" name=\"url_referer\" value=\"\"><button type=\"submit\" name=\"wpforms[submit]\" id=\"wpforms-submit-673\" class=\"wpforms-submit\" data-alt-text=\"Sending...\" data-submit-text=\"G\u00f6nder\" aria-live=\"assertive\" value=\"wpforms-submit\">G\u00f6nder<\/button><img loading=\"lazy\" decoding=\"async\" src=\"https:\/\/bestmeditrips.com\/wp-content\/plugins\/wpforms-lite\/assets\/images\/submit-spin.svg\" class=\"wpforms-submit-spinner\" style=\"display: none;\" width=\"26\" height=\"26\" alt=\"Y\u00fckleniyor\"><\/div><\/form><\/div>  <!-- .wpforms-container -->\n","protected":false},"excerpt":{"rendered":"<p>T\u00fcrkiye&#8217;de Premium Sa\u011fl\u0131k Hizmetlerini Ke\u015ffedin T\u00fcrkiye, uygun fiyatlarla d\u00fcnya standartlar\u0131nda t\u0131bbi tedaviler sunan lider bir sa\u011fl\u0131k turizmi destinasyonu haline gelmi\u015ftir. \u0130ster di\u015f implantlar\u0131, estetik cerrahi, ortopedik rahats\u0131zl\u0131klar, g\u00f6z tedavileri, sa\u00e7 ekimi, kanser tedavileri ya da di\u011fer uzmanl\u0131k gerektiren tedavileri d\u00fc\u015f\u00fcn\u00fcn, T\u00fcrkiye, son derece nitelikli uzmanlara ve modern kliniklere eri\u015fim sa\u011flar. Neden sa\u011fl\u0131k seyahatiniz i\u00e7in T\u00fcrkiye&#8217;yi &#8230; <a title=\"T\u00fcrkiye\" class=\"read-more\" href=\"https:\/\/bestmeditrips.com\/tr\/turkiye\/\" aria-label=\"Read more about T\u00fcrkiye\">Read more<\/a><\/p>\n","protected":false},"author":1,"featured_media":927,"parent":0,"menu_order":0,"comment_status":"closed","ping_status":"closed","template":"","meta":{"footnotes":""},"class_list":["post-1123","page","type-page","status-publish","has-post-thumbnail"],"yoast_head":"<!-- This site is optimized with the Yoast SEO plugin v27.4 - https:\/\/yoast.com\/product\/yoast-seo-wordpress\/ -->\n<title>T\u00fcrkiye&#039;de Sa\u011fl\u0131k Turizmi: Uygun Fiyatl\u0131 Tedaviler, Premium Klinikler<\/title>\n<meta name=\"description\" content=\"T\u00fcrkiye&#039;de d\u00fcnya standartlar\u0131nda sa\u011fl\u0131k hizmetlerini ke\u015ffedin. \u0130stanbul, Antalya, \u0130zmir&#039;deki en iyi doktorlardan uygun fiyatl\u0131 ve uzman bak\u0131m\u0131 al\u0131n...\" \/>\n<meta name=\"robots\" content=\"index, follow, max-snippet:-1, max-image-preview:large, max-video-preview:-1\" \/>\n<link rel=\"canonical\" href=\"https:\/\/bestmeditrips.com\/tr\/turkiye\/\" \/>\n<meta property=\"og:locale\" content=\"tr_TR\" \/>\n<meta property=\"og:type\" content=\"article\" \/>\n<meta property=\"og:title\" content=\"T\u00fcrkiye&#039;de Sa\u011fl\u0131k Turizmi: Uygun Fiyatl\u0131 Tedaviler, Premium Klinikler\" \/>\n<meta property=\"og:description\" content=\"T\u00fcrkiye&#039;de d\u00fcnya standartlar\u0131nda sa\u011fl\u0131k hizmetlerini ke\u015ffedin. \u0130stanbul, Antalya, \u0130zmir&#039;deki en iyi doktorlardan uygun fiyatl\u0131 ve uzman bak\u0131m\u0131 al\u0131n...\" \/>\n<meta property=\"og:url\" content=\"https:\/\/bestmeditrips.com\/tr\/turkiye\/\" \/>\n<meta property=\"og:site_name\" content=\"Bestmeditrips.com\" \/>\n<meta property=\"article:publisher\" content=\"https:\/\/www.facebook.com\/profile.php?id=61565479139599\" \/>\n<meta property=\"og:image\" content=\"https:\/\/bestmeditrips.com\/wp-content\/uploads\/2024\/09\/turkey-e1727124656345.jpg\" \/>\n\t<meta property=\"og:image:width\" content=\"1350\" \/>\n\t<meta property=\"og:image:height\" content=\"360\" \/>\n\t<meta property=\"og:image:type\" content=\"image\/jpeg\" \/>\n<meta name=\"twitter:card\" content=\"summary_large_image\" \/>\n<meta name=\"twitter:label1\" content=\"Tahmini okuma s\u00fcresi\" \/>\n\t<meta name=\"twitter:data1\" content=\"3 dakika\" \/>\n<script type=\"application\/ld+json\" class=\"yoast-schema-graph\">{\"@context\":\"https:\\\/\\\/schema.org\",\"@graph\":[{\"@type\":\"WebPage\",\"@id\":\"https:\\\/\\\/bestmeditrips.com\\\/tr\\\/turkiye\\\/\",\"url\":\"https:\\\/\\\/bestmeditrips.com\\\/tr\\\/turkiye\\\/\",\"name\":\"T\u00fcrkiye'de Sa\u011fl\u0131k Turizmi: Uygun Fiyatl\u0131 Tedaviler, Premium Klinikler\",\"isPartOf\":{\"@id\":\"https:\\\/\\\/bestmeditrips.com\\\/tr\\\/#website\"},\"primaryImageOfPage\":{\"@id\":\"https:\\\/\\\/bestmeditrips.com\\\/tr\\\/turkiye\\\/#primaryimage\"},\"image\":{\"@id\":\"https:\\\/\\\/bestmeditrips.com\\\/tr\\\/turkiye\\\/#primaryimage\"},\"thumbnailUrl\":\"https:\\\/\\\/bestmeditrips.com\\\/wp-content\\\/uploads\\\/2024\\\/09\\\/turkey-e1727124656345.jpg\",\"datePublished\":\"2024-09-23T18:41:39+00:00\",\"description\":\"T\u00fcrkiye'de d\u00fcnya standartlar\u0131nda sa\u011fl\u0131k hizmetlerini ke\u015ffedin. \u0130stanbul, Antalya, \u0130zmir'deki en iyi doktorlardan uygun fiyatl\u0131 ve uzman bak\u0131m\u0131 al\u0131n...\",\"breadcrumb\":{\"@id\":\"https:\\\/\\\/bestmeditrips.com\\\/tr\\\/turkiye\\\/#breadcrumb\"},\"inLanguage\":\"tr\",\"potentialAction\":[{\"@type\":\"ReadAction\",\"target\":[\"https:\\\/\\\/bestmeditrips.com\\\/tr\\\/turkiye\\\/\"]}]},{\"@type\":\"ImageObject\",\"inLanguage\":\"tr\",\"@id\":\"https:\\\/\\\/bestmeditrips.com\\\/tr\\\/turkiye\\\/#primaryimage\",\"url\":\"https:\\\/\\\/bestmeditrips.com\\\/wp-content\\\/uploads\\\/2024\\\/09\\\/turkey-e1727124656345.jpg\",\"contentUrl\":\"https:\\\/\\\/bestmeditrips.com\\\/wp-content\\\/uploads\\\/2024\\\/09\\\/turkey-e1727124656345.jpg\",\"width\":1350,\"height\":360,\"caption\":\"T\u00fcrkiye; premium sa\u011fl\u0131k hizmetleri, medikal\\\/sa\u011fl\u0131k turizminin ba\u015fkenti.\"},{\"@type\":\"BreadcrumbList\",\"@id\":\"https:\\\/\\\/bestmeditrips.com\\\/tr\\\/turkiye\\\/#breadcrumb\",\"itemListElement\":[{\"@type\":\"ListItem\",\"position\":1,\"name\":\"Home\",\"item\":\"https:\\\/\\\/bestmeditrips.com\\\/tr\\\/\"},{\"@type\":\"ListItem\",\"position\":2,\"name\":\"T\u00fcrkiye\"}]},{\"@type\":\"WebSite\",\"@id\":\"https:\\\/\\\/bestmeditrips.com\\\/tr\\\/#website\",\"url\":\"https:\\\/\\\/bestmeditrips.com\\\/tr\\\/\",\"name\":\"Bestmeditrips.com\",\"description\":\"Medikal turizm, en iyi tedaviler, klinikler, doktorlar ve di\u015f hekimleri!\",\"publisher\":{\"@id\":\"https:\\\/\\\/bestmeditrips.com\\\/tr\\\/#organization\"},\"potentialAction\":[{\"@type\":\"SearchAction\",\"target\":{\"@type\":\"EntryPoint\",\"urlTemplate\":\"https:\\\/\\\/bestmeditrips.com\\\/tr\\\/?s={search_term_string}\"},\"query-input\":{\"@type\":\"PropertyValueSpecification\",\"valueRequired\":true,\"valueName\":\"search_term_string\"}}],\"inLanguage\":\"tr\"},{\"@type\":\"Organization\",\"@id\":\"https:\\\/\\\/bestmeditrips.com\\\/tr\\\/#organization\",\"name\":\"Bestmeditrips.com\",\"url\":\"https:\\\/\\\/bestmeditrips.com\\\/tr\\\/\",\"logo\":{\"@type\":\"ImageObject\",\"inLanguage\":\"tr\",\"@id\":\"https:\\\/\\\/bestmeditrips.com\\\/tr\\\/#\\\/schema\\\/logo\\\/image\\\/\",\"url\":\"https:\\\/\\\/bestmeditrips.com\\\/wp-content\\\/uploads\\\/2024\\\/09\\\/logo-2.png\",\"contentUrl\":\"https:\\\/\\\/bestmeditrips.com\\\/wp-content\\\/uploads\\\/2024\\\/09\\\/logo-2.png\",\"width\":500,\"height\":98,\"caption\":\"Bestmeditrips.com\"},\"image\":{\"@id\":\"https:\\\/\\\/bestmeditrips.com\\\/tr\\\/#\\\/schema\\\/logo\\\/image\\\/\"},\"sameAs\":[\"https:\\\/\\\/www.facebook.com\\\/profile.php?id=61565479139599\"]}]}<\/script>\n<!-- \/ Yoast SEO plugin. -->","yoast_head_json":{"title":"T\u00fcrkiye'de Sa\u011fl\u0131k Turizmi: Uygun Fiyatl\u0131 Tedaviler, Premium Klinikler","description":"T\u00fcrkiye'de d\u00fcnya standartlar\u0131nda sa\u011fl\u0131k hizmetlerini ke\u015ffedin. \u0130stanbul, Antalya, \u0130zmir'deki en iyi doktorlardan uygun fiyatl\u0131 ve uzman bak\u0131m\u0131 al\u0131n...","robots":{"index":"index","follow":"follow","max-snippet":"max-snippet:-1","max-image-preview":"max-image-preview:large","max-video-preview":"max-video-preview:-1"},"canonical":"https:\/\/bestmeditrips.com\/tr\/turkiye\/","og_locale":"tr_TR","og_type":"article","og_title":"T\u00fcrkiye'de Sa\u011fl\u0131k Turizmi: Uygun Fiyatl\u0131 Tedaviler, Premium Klinikler","og_description":"T\u00fcrkiye'de d\u00fcnya standartlar\u0131nda sa\u011fl\u0131k hizmetlerini ke\u015ffedin. \u0130stanbul, Antalya, \u0130zmir'deki en iyi doktorlardan uygun fiyatl\u0131 ve uzman bak\u0131m\u0131 al\u0131n...","og_url":"https:\/\/bestmeditrips.com\/tr\/turkiye\/","og_site_name":"Bestmeditrips.com","article_publisher":"https:\/\/www.facebook.com\/profile.php?id=61565479139599","og_image":[{"width":1350,"height":360,"url":"https:\/\/bestmeditrips.com\/wp-content\/uploads\/2024\/09\/turkey-e1727124656345.jpg","type":"image\/jpeg"}],"twitter_card":"summary_large_image","twitter_misc":{"Tahmini okuma s\u00fcresi":"3 dakika"},"schema":{"@context":"https:\/\/schema.org","@graph":[{"@type":"WebPage","@id":"https:\/\/bestmeditrips.com\/tr\/turkiye\/","url":"https:\/\/bestmeditrips.com\/tr\/turkiye\/","name":"T\u00fcrkiye'de Sa\u011fl\u0131k Turizmi: Uygun Fiyatl\u0131 Tedaviler, Premium Klinikler","isPartOf":{"@id":"https:\/\/bestmeditrips.com\/tr\/#website"},"primaryImageOfPage":{"@id":"https:\/\/bestmeditrips.com\/tr\/turkiye\/#primaryimage"},"image":{"@id":"https:\/\/bestmeditrips.com\/tr\/turkiye\/#primaryimage"},"thumbnailUrl":"https:\/\/bestmeditrips.com\/wp-content\/uploads\/2024\/09\/turkey-e1727124656345.jpg","datePublished":"2024-09-23T18:41:39+00:00","description":"T\u00fcrkiye'de d\u00fcnya standartlar\u0131nda sa\u011fl\u0131k hizmetlerini ke\u015ffedin. \u0130stanbul, Antalya, \u0130zmir'deki en iyi doktorlardan uygun fiyatl\u0131 ve uzman bak\u0131m\u0131 al\u0131n...","breadcrumb":{"@id":"https:\/\/bestmeditrips.com\/tr\/turkiye\/#breadcrumb"},"inLanguage":"tr","potentialAction":[{"@type":"ReadAction","target":["https:\/\/bestmeditrips.com\/tr\/turkiye\/"]}]},{"@type":"ImageObject","inLanguage":"tr","@id":"https:\/\/bestmeditrips.com\/tr\/turkiye\/#primaryimage","url":"https:\/\/bestmeditrips.com\/wp-content\/uploads\/2024\/09\/turkey-e1727124656345.jpg","contentUrl":"https:\/\/bestmeditrips.com\/wp-content\/uploads\/2024\/09\/turkey-e1727124656345.jpg","width":1350,"height":360,"caption":"T\u00fcrkiye; premium sa\u011fl\u0131k hizmetleri, medikal\/sa\u011fl\u0131k turizminin ba\u015fkenti."},{"@type":"BreadcrumbList","@id":"https:\/\/bestmeditrips.com\/tr\/turkiye\/#breadcrumb","itemListElement":[{"@type":"ListItem","position":1,"name":"Home","item":"https:\/\/bestmeditrips.com\/tr\/"},{"@type":"ListItem","position":2,"name":"T\u00fcrkiye"}]},{"@type":"WebSite","@id":"https:\/\/bestmeditrips.com\/tr\/#website","url":"https:\/\/bestmeditrips.com\/tr\/","name":"Bestmeditrips.com","description":"Medikal turizm, en iyi tedaviler, klinikler, doktorlar ve di\u015f hekimleri!","publisher":{"@id":"https:\/\/bestmeditrips.com\/tr\/#organization"},"potentialAction":[{"@type":"SearchAction","target":{"@type":"EntryPoint","urlTemplate":"https:\/\/bestmeditrips.com\/tr\/?s={search_term_string}"},"query-input":{"@type":"PropertyValueSpecification","valueRequired":true,"valueName":"search_term_string"}}],"inLanguage":"tr"},{"@type":"Organization","@id":"https:\/\/bestmeditrips.com\/tr\/#organization","name":"Bestmeditrips.com","url":"https:\/\/bestmeditrips.com\/tr\/","logo":{"@type":"ImageObject","inLanguage":"tr","@id":"https:\/\/bestmeditrips.com\/tr\/#\/schema\/logo\/image\/","url":"https:\/\/bestmeditrips.com\/wp-content\/uploads\/2024\/09\/logo-2.png","contentUrl":"https:\/\/bestmeditrips.com\/wp-content\/uploads\/2024\/09\/logo-2.png","width":500,"height":98,"caption":"Bestmeditrips.com"},"image":{"@id":"https:\/\/bestmeditrips.com\/tr\/#\/schema\/logo\/image\/"},"sameAs":["https:\/\/www.facebook.com\/profile.php?id=61565479139599"]}]}},"_links":{"self":[{"href":"https:\/\/bestmeditrips.com\/tr\/wp-json\/wp\/v2\/pages\/1123","targetHints":{"allow":["GET"]}}],"collection":[{"href":"https:\/\/bestmeditrips.com\/tr\/wp-json\/wp\/v2\/pages"}],"about":[{"href":"https:\/\/bestmeditrips.com\/tr\/wp-json\/wp\/v2\/types\/page"}],"author":[{"embeddable":true,"href":"https:\/\/bestmeditrips.com\/tr\/wp-json\/wp\/v2\/users\/1"}],"replies":[{"embeddable":true,"href":"https:\/\/bestmeditrips.com\/tr\/wp-json\/wp\/v2\/comments?post=1123"}],"version-history":[{"count":0,"href":"https:\/\/bestmeditrips.com\/tr\/wp-json\/wp\/v2\/pages\/1123\/revisions"}],"wp:featuredmedia":[{"embeddable":true,"href":"https:\/\/bestmeditrips.com\/tr\/wp-json\/wp\/v2\/media\/927"}],"wp:attachment":[{"href":"https:\/\/bestmeditrips.com\/tr\/wp-json\/wp\/v2\/media?parent=1123"}],"curies":[{"name":"wp","href":"https:\/\/api.w.org\/{rel}","templated":true}]}}