{"id":617,"date":"2024-09-02T20:02:05","date_gmt":"2024-09-02T17:02:05","guid":{"rendered":"https:\/\/bestmeditrips.com\/artiklar\/"},"modified":"2024-09-02T20:02:05","modified_gmt":"2024-09-02T17:02:05","slug":"artiklar","status":"publish","type":"page","link":"https:\/\/bestmeditrips.com\/sv\/artiklar\/","title":{"rendered":"Artiklar"},"content":{"rendered":"<h2>Medicinsk Turism Blogg | Senaste Artiklar och Insikter<\/h2>\n<p>Uppt\u00e4ck de senaste trenderna, expert r\u00e5d och insiktsfulla artiklar om h\u00e4lsoturism. V\u00e5r blogg t\u00e4cker allt fr\u00e5n de b\u00e4sta behandlingsalternativen och resetipsen till destinationsguider och patientber\u00e4ttelser. H\u00e5ll dig uppdaterad med v\u00e4rdefullt inneh\u00e5ll utformat f\u00f6r att f\u00f6rb\u00e4ttra din h\u00e4lsoturismresa.<\/p>\n","protected":false},"excerpt":{"rendered":"<p>Medicinsk Turism Blogg | Senaste Artiklar och Insikter Uppt\u00e4ck de senaste trenderna, expert r\u00e5d och insiktsfulla artiklar om h\u00e4lsoturism. V\u00e5r blogg t\u00e4cker allt fr\u00e5n de b\u00e4sta behandlingsalternativen och resetipsen till destinationsguider och patientber\u00e4ttelser. H\u00e5ll dig uppdaterad med v\u00e4rdefullt inneh\u00e5ll utformat f\u00f6r att f\u00f6rb\u00e4ttra din h\u00e4lsoturismresa.<\/p>\n","protected":false},"author":1,"featured_media":0,"parent":0,"menu_order":0,"comment_status":"closed","ping_status":"closed","template":"","meta":{"footnotes":""},"class_list":["post-617","page","type-page","status-publish"],"yoast_head":"<!-- This site is optimized with the Yoast SEO plugin v27.4 - https:\/\/yoast.com\/product\/yoast-seo-wordpress\/ -->\n<title>Medicinsk Turism Blogg | Artiklar och Insikter | bestmeditrips.com<\/title>\n<meta name=\"description\" content=\"Utforska h\u00e4lsoturism information, senaste artiklar, insikter och uppdateringar om behandlingar, destinationer och trender.\" \/>\n<meta name=\"robots\" content=\"index, follow, max-snippet:-1, max-image-preview:large, max-video-preview:-1\" \/>\n<link rel=\"canonical\" href=\"https:\/\/bestmeditrips.com\/sv\/artiklar\/\" \/>\n<meta property=\"og:locale\" content=\"sv_SE\" \/>\n<meta property=\"og:type\" content=\"article\" \/>\n<meta property=\"og:title\" content=\"Medicinsk Turism Blogg | Artiklar och Insikter | bestmeditrips.com\" \/>\n<meta property=\"og:description\" content=\"Utforska h\u00e4lsoturism information, senaste artiklar, insikter och uppdateringar om behandlingar, destinationer och trender.\" \/>\n<meta property=\"og:url\" content=\"https:\/\/bestmeditrips.com\/sv\/artiklar\/\" \/>\n<meta property=\"og:site_name\" content=\"Bestmeditrips.com\" \/>\n<meta property=\"article:publisher\" content=\"https:\/\/www.facebook.com\/profile.php?id=61565479139599\" \/>\n<meta property=\"og:image\" content=\"https:\/\/bestmeditrips.com\/wp-content\/uploads\/2024\/09\/health-tourism.jpg\" \/>\n\t<meta property=\"og:image:width\" content=\"1024\" \/>\n\t<meta property=\"og:image:height\" content=\"683\" \/>\n\t<meta property=\"og:image:type\" content=\"image\/jpeg\" \/>\n<meta name=\"twitter:card\" content=\"summary_large_image\" \/>\n<script type=\"application\/ld+json\" class=\"yoast-schema-graph\">{\"@context\":\"https:\\\/\\\/schema.org\",\"@graph\":[{\"@type\":\"WebPage\",\"@id\":\"https:\\\/\\\/bestmeditrips.com\\\/sv\\\/artiklar\\\/\",\"url\":\"https:\\\/\\\/bestmeditrips.com\\\/sv\\\/artiklar\\\/\",\"name\":\"Medicinsk Turism Blogg | Artiklar och Insikter | bestmeditrips.com\",\"isPartOf\":{\"@id\":\"https:\\\/\\\/bestmeditrips.com\\\/sv\\\/#website\"},\"datePublished\":\"2024-09-02T17:02:05+00:00\",\"description\":\"Utforska h\u00e4lsoturism information, senaste artiklar, insikter och uppdateringar om behandlingar, destinationer och trender.\",\"breadcrumb\":{\"@id\":\"https:\\\/\\\/bestmeditrips.com\\\/sv\\\/artiklar\\\/#breadcrumb\"},\"inLanguage\":\"sv-SE\",\"potentialAction\":[{\"@type\":\"ReadAction\",\"target\":[\"https:\\\/\\\/bestmeditrips.com\\\/sv\\\/artiklar\\\/\"]}]},{\"@type\":\"BreadcrumbList\",\"@id\":\"https:\\\/\\\/bestmeditrips.com\\\/sv\\\/artiklar\\\/#breadcrumb\",\"itemListElement\":[{\"@type\":\"ListItem\",\"position\":1,\"name\":\"Home\",\"item\":\"https:\\\/\\\/bestmeditrips.com\\\/sv\\\/\"},{\"@type\":\"ListItem\",\"position\":2,\"name\":\"Artiklar\"}]},{\"@type\":\"WebSite\",\"@id\":\"https:\\\/\\\/bestmeditrips.com\\\/sv\\\/#website\",\"url\":\"https:\\\/\\\/bestmeditrips.com\\\/sv\\\/\",\"name\":\"Bestmeditrips.com\",\"description\":\"Medicinsk turism, b\u00e4sta behandlingar, kliniker, l\u00e4kare och tandl\u00e4kare!\",\"publisher\":{\"@id\":\"https:\\\/\\\/bestmeditrips.com\\\/sv\\\/#organization\"},\"potentialAction\":[{\"@type\":\"SearchAction\",\"target\":{\"@type\":\"EntryPoint\",\"urlTemplate\":\"https:\\\/\\\/bestmeditrips.com\\\/sv\\\/?s={search_term_string}\"},\"query-input\":{\"@type\":\"PropertyValueSpecification\",\"valueRequired\":true,\"valueName\":\"search_term_string\"}}],\"inLanguage\":\"sv-SE\"},{\"@type\":\"Organization\",\"@id\":\"https:\\\/\\\/bestmeditrips.com\\\/sv\\\/#organization\",\"name\":\"Bestmeditrips.com\",\"url\":\"https:\\\/\\\/bestmeditrips.com\\\/sv\\\/\",\"logo\":{\"@type\":\"ImageObject\",\"inLanguage\":\"sv-SE\",\"@id\":\"https:\\\/\\\/bestmeditrips.com\\\/sv\\\/#\\\/schema\\\/logo\\\/image\\\/\",\"url\":\"https:\\\/\\\/bestmeditrips.com\\\/wp-content\\\/uploads\\\/2024\\\/09\\\/logo-2.png\",\"contentUrl\":\"https:\\\/\\\/bestmeditrips.com\\\/wp-content\\\/uploads\\\/2024\\\/09\\\/logo-2.png\",\"width\":500,\"height\":98,\"caption\":\"Bestmeditrips.com\"},\"image\":{\"@id\":\"https:\\\/\\\/bestmeditrips.com\\\/sv\\\/#\\\/schema\\\/logo\\\/image\\\/\"},\"sameAs\":[\"https:\\\/\\\/www.facebook.com\\\/profile.php?id=61565479139599\"]}]}<\/script>\n<!-- \/ Yoast SEO plugin. -->","yoast_head_json":{"title":"Medicinsk Turism Blogg | Artiklar och Insikter | bestmeditrips.com","description":"Utforska h\u00e4lsoturism information, senaste artiklar, insikter och uppdateringar om behandlingar, destinationer och trender.","robots":{"index":"index","follow":"follow","max-snippet":"max-snippet:-1","max-image-preview":"max-image-preview:large","max-video-preview":"max-video-preview:-1"},"canonical":"https:\/\/bestmeditrips.com\/sv\/artiklar\/","og_locale":"sv_SE","og_type":"article","og_title":"Medicinsk Turism Blogg | Artiklar och Insikter | bestmeditrips.com","og_description":"Utforska h\u00e4lsoturism information, senaste artiklar, insikter och uppdateringar om behandlingar, destinationer och trender.","og_url":"https:\/\/bestmeditrips.com\/sv\/artiklar\/","og_site_name":"Bestmeditrips.com","article_publisher":"https:\/\/www.facebook.com\/profile.php?id=61565479139599","og_image":[{"width":1024,"height":683,"url":"https:\/\/bestmeditrips.com\/wp-content\/uploads\/2024\/09\/health-tourism.jpg","type":"image\/jpeg"}],"twitter_card":"summary_large_image","schema":{"@context":"https:\/\/schema.org","@graph":[{"@type":"WebPage","@id":"https:\/\/bestmeditrips.com\/sv\/artiklar\/","url":"https:\/\/bestmeditrips.com\/sv\/artiklar\/","name":"Medicinsk Turism Blogg | Artiklar och Insikter | bestmeditrips.com","isPartOf":{"@id":"https:\/\/bestmeditrips.com\/sv\/#website"},"datePublished":"2024-09-02T17:02:05+00:00","description":"Utforska h\u00e4lsoturism information, senaste artiklar, insikter och uppdateringar om behandlingar, destinationer och trender.","breadcrumb":{"@id":"https:\/\/bestmeditrips.com\/sv\/artiklar\/#breadcrumb"},"inLanguage":"sv-SE","potentialAction":[{"@type":"ReadAction","target":["https:\/\/bestmeditrips.com\/sv\/artiklar\/"]}]},{"@type":"BreadcrumbList","@id":"https:\/\/bestmeditrips.com\/sv\/artiklar\/#breadcrumb","itemListElement":[{"@type":"ListItem","position":1,"name":"Home","item":"https:\/\/bestmeditrips.com\/sv\/"},{"@type":"ListItem","position":2,"name":"Artiklar"}]},{"@type":"WebSite","@id":"https:\/\/bestmeditrips.com\/sv\/#website","url":"https:\/\/bestmeditrips.com\/sv\/","name":"Bestmeditrips.com","description":"Medicinsk turism, b\u00e4sta behandlingar, kliniker, l\u00e4kare och tandl\u00e4kare!","publisher":{"@id":"https:\/\/bestmeditrips.com\/sv\/#organization"},"potentialAction":[{"@type":"SearchAction","target":{"@type":"EntryPoint","urlTemplate":"https:\/\/bestmeditrips.com\/sv\/?s={search_term_string}"},"query-input":{"@type":"PropertyValueSpecification","valueRequired":true,"valueName":"search_term_string"}}],"inLanguage":"sv-SE"},{"@type":"Organization","@id":"https:\/\/bestmeditrips.com\/sv\/#organization","name":"Bestmeditrips.com","url":"https:\/\/bestmeditrips.com\/sv\/","logo":{"@type":"ImageObject","inLanguage":"sv-SE","@id":"https:\/\/bestmeditrips.com\/sv\/#\/schema\/logo\/image\/","url":"https:\/\/bestmeditrips.com\/wp-content\/uploads\/2024\/09\/logo-2.png","contentUrl":"https:\/\/bestmeditrips.com\/wp-content\/uploads\/2024\/09\/logo-2.png","width":500,"height":98,"caption":"Bestmeditrips.com"},"image":{"@id":"https:\/\/bestmeditrips.com\/sv\/#\/schema\/logo\/image\/"},"sameAs":["https:\/\/www.facebook.com\/profile.php?id=61565479139599"]}]}},"_links":{"self":[{"href":"https:\/\/bestmeditrips.com\/sv\/wp-json\/wp\/v2\/pages\/617","targetHints":{"allow":["GET"]}}],"collection":[{"href":"https:\/\/bestmeditrips.com\/sv\/wp-json\/wp\/v2\/pages"}],"about":[{"href":"https:\/\/bestmeditrips.com\/sv\/wp-json\/wp\/v2\/types\/page"}],"author":[{"embeddable":true,"href":"https:\/\/bestmeditrips.com\/sv\/wp-json\/wp\/v2\/users\/1"}],"replies":[{"embeddable":true,"href":"https:\/\/bestmeditrips.com\/sv\/wp-json\/wp\/v2\/comments?post=617"}],"version-history":[{"count":0,"href":"https:\/\/bestmeditrips.com\/sv\/wp-json\/wp\/v2\/pages\/617\/revisions"}],"wp:attachment":[{"href":"https:\/\/bestmeditrips.com\/sv\/wp-json\/wp\/v2\/media?parent=617"}],"curies":[{"name":"wp","href":"https:\/\/api.w.org\/{rel}","templated":true}]}}