{"id":442,"date":"2024-09-01T20:00:15","date_gmt":"2024-09-01T17:00:15","guid":{"rendered":"https:\/\/bestmeditrips.com\/integritetspolicy\/"},"modified":"2024-09-05T01:02:02","modified_gmt":"2024-09-04T22:02:02","slug":"integritetspolicy","status":"publish","type":"page","link":"https:\/\/bestmeditrips.com\/sv\/integritetspolicy\/","title":{"rendered":"Integritetspolicy"},"content":{"rendered":"<p><strong>Integritetspolicy<\/strong><\/p>\n<p>Tack f\u00f6r att du bes\u00f6ker <em>BestMediTrips.com<\/em>. Din integritet \u00e4r viktig f\u00f6r oss. Denna <strong>Integritetspolicy<\/strong> f\u00f6rklarar hur vi samlar in, anv\u00e4nder, avsl\u00f6jar och skyddar din information n\u00e4r du bes\u00f6ker v\u00e5r webbplats. V\u00e4nligen l\u00e4s denna integritetspolicy noggrant. Om du inte godk\u00e4nner villkoren i denna integritetspolicy, v\u00e4nligen undvik att anv\u00e4nda webbplatsen.<\/p>\n<p><strong>1. Information vi Samlar In<\/strong><\/p>\n<p>Vi kan samla in personlig information s\u00e5som ditt namn, din e-postadress, ditt telefonnummer och andra detaljer som du tillhandah\u00e5ller n\u00e4r du interagerar med v\u00e5r webbplats eller kontaktar oss f\u00f6r fr\u00e5gor.<\/p>\n<p><strong>2. Hur vi Anv\u00e4nder Din Information<\/strong><\/p>\n<p>Vi kan anv\u00e4nda den information vi samlar in f\u00f6r att:<\/p>\n<p>Tillhandah\u00e5lla, driva och underh\u00e5lla v\u00e5r webbplats<br \/>\nF\u00f6rb\u00e4ttra, anpassa och ut\u00f6ka v\u00e5rt webbplatserbjudande<br \/>\nKommunicera med dig, antingen direkt eller genom en av v\u00e5ra partners, inklusive f\u00f6r kundservice, f\u00f6r att ge uppdateringar och annan information relaterad till webbplatsen, samt f\u00f6r marknadsf\u00f6rings- och kampanj\u00e4ndam\u00e5l<br \/>\nSkydda, utreda och avskr\u00e4cka obeh\u00f6rig eller olaglig aktivitet<\/p>\n<p><strong>3. Utl\u00e4mnande av Din Information<\/strong><\/p>\n<p>Vi kan dela din information med tredje parter endast p\u00e5 de s\u00e4tt som beskrivs i denna <strong>Integritetspolicy<\/strong>.<\/p>\n<p><strong>4. S\u00e4kerhet f\u00f6r Din Information<\/strong><\/p>\n<p>Vi anv\u00e4nder administrativa, tekniska och fysiska s\u00e4kerhets\u00e5tg\u00e4rder f\u00f6r att hj\u00e4lpa till att skydda din personliga information. \u00c4ven om vi har vidtagit rimliga \u00e5tg\u00e4rder f\u00f6r att skydda den personliga information du tillhandah\u00e5ller oss, v\u00e4nligen notera att, trots v\u00e5ra anstr\u00e4ngningar, ingen s\u00e4kerhets\u00e5tg\u00e4rd \u00e4r perfekt eller ogenomtr\u00e4nglig.<\/p>\n<p><strong>5. Dina Val ang\u00e5ende Din Information<\/strong><\/p>\n<p>Du har r\u00e4tt att:<\/p>\n<p>Uppdatera eller korrigera din personliga information<br \/>\nAvst\u00e5 fr\u00e5n att ta emot marknadsf\u00f6ringskommunikation<br \/>\nBeg\u00e4ra att vi tar bort din personliga information<\/p>\n<p><strong>6. \u00c4ndringar i Denna Integritetspolicy<\/strong><\/p>\n<p>Vi kan fr\u00e5n tid till annan uppdatera denna <strong>Integritetspolicy<\/strong> f\u00f6r att \u00e5terspegla exempelvis \u00e4ndringar i v\u00e5ra rutiner eller av andra operativa, juridiska eller regulatoriska sk\u00e4l.<\/p>\n<p><strong>7. Kontakta Oss<\/strong><\/p>\n<p>Om du har fr\u00e5gor eller kommentarer om denna <strong>Integritetspolicy<\/strong>, v\u00e4nligen kontakta oss.<\/p>\n","protected":false},"excerpt":{"rendered":"<p>Integritetspolicy Tack f\u00f6r att du bes\u00f6ker BestMediTrips.com. Din integritet \u00e4r viktig f\u00f6r oss. Denna Integritetspolicy f\u00f6rklarar hur vi samlar in, anv\u00e4nder, avsl\u00f6jar och skyddar din information n\u00e4r du bes\u00f6ker v\u00e5r webbplats. V\u00e4nligen l\u00e4s denna integritetspolicy noggrant. Om du inte godk\u00e4nner villkoren i denna integritetspolicy, v\u00e4nligen undvik att anv\u00e4nda webbplatsen. 1. Information vi Samlar In Vi &#8230; <a title=\"Integritetspolicy\" class=\"read-more\" href=\"https:\/\/bestmeditrips.com\/sv\/integritetspolicy\/\" aria-label=\"L\u00e4s mer om Integritetspolicy\">L\u00e4s mer<\/a><\/p>\n","protected":false},"author":1,"featured_media":0,"parent":0,"menu_order":0,"comment_status":"closed","ping_status":"open","template":"","meta":{"footnotes":""},"class_list":["post-442","page","type-page","status-publish"],"yoast_head":"<!-- This site is optimized with the Yoast SEO plugin v27.4 - https:\/\/yoast.com\/product\/yoast-seo-wordpress\/ -->\n<title>Integritetspolicy - Bestmeditrips.com<\/title>\n<meta name=\"robots\" content=\"index, follow, max-snippet:-1, max-image-preview:large, max-video-preview:-1\" \/>\n<link rel=\"canonical\" href=\"https:\/\/bestmeditrips.com\/sv\/integritetspolicy\/\" \/>\n<meta property=\"og:locale\" content=\"sv_SE\" \/>\n<meta property=\"og:type\" content=\"article\" \/>\n<meta property=\"og:title\" content=\"Integritetspolicy - Bestmeditrips.com\" \/>\n<meta property=\"og:description\" content=\"Integritetspolicy Tack f\u00f6r att du bes\u00f6ker BestMediTrips.com. Din integritet \u00e4r viktig f\u00f6r oss. Denna Integritetspolicy f\u00f6rklarar hur vi samlar in, anv\u00e4nder, avsl\u00f6jar och skyddar din information n\u00e4r du bes\u00f6ker v\u00e5r webbplats. V\u00e4nligen l\u00e4s denna integritetspolicy noggrant. Om du inte godk\u00e4nner villkoren i denna integritetspolicy, v\u00e4nligen undvik att anv\u00e4nda webbplatsen. 1. Information vi Samlar In Vi ... L\u00e4s mer\" \/>\n<meta property=\"og:url\" content=\"https:\/\/bestmeditrips.com\/sv\/integritetspolicy\/\" \/>\n<meta property=\"og:site_name\" content=\"Bestmeditrips.com\" \/>\n<meta property=\"article:publisher\" content=\"https:\/\/www.facebook.com\/profile.php?id=61565479139599\" \/>\n<meta property=\"article:modified_time\" content=\"2024-09-04T22:02:02+00:00\" \/>\n<meta property=\"og:image\" content=\"https:\/\/bestmeditrips.com\/wp-content\/uploads\/2024\/09\/health-tourism.jpg\" \/>\n\t<meta property=\"og:image:width\" content=\"1024\" \/>\n\t<meta property=\"og:image:height\" content=\"683\" \/>\n\t<meta property=\"og:image:type\" content=\"image\/jpeg\" \/>\n<meta name=\"twitter:card\" content=\"summary_large_image\" \/>\n<meta name=\"twitter:label1\" content=\"Ber\u00e4knad l\u00e4stid\" \/>\n\t<meta name=\"twitter:data1\" content=\"2 minuter\" \/>\n<script type=\"application\/ld+json\" class=\"yoast-schema-graph\">{\"@context\":\"https:\\\/\\\/schema.org\",\"@graph\":[{\"@type\":\"WebPage\",\"@id\":\"https:\\\/\\\/bestmeditrips.com\\\/sv\\\/integritetspolicy\\\/\",\"url\":\"https:\\\/\\\/bestmeditrips.com\\\/sv\\\/integritetspolicy\\\/\",\"name\":\"Integritetspolicy - Bestmeditrips.com\",\"isPartOf\":{\"@id\":\"https:\\\/\\\/bestmeditrips.com\\\/sv\\\/#website\"},\"datePublished\":\"2024-09-01T17:00:15+00:00\",\"dateModified\":\"2024-09-04T22:02:02+00:00\",\"breadcrumb\":{\"@id\":\"https:\\\/\\\/bestmeditrips.com\\\/sv\\\/integritetspolicy\\\/#breadcrumb\"},\"inLanguage\":\"sv-SE\",\"potentialAction\":[{\"@type\":\"ReadAction\",\"target\":[\"https:\\\/\\\/bestmeditrips.com\\\/sv\\\/integritetspolicy\\\/\"]}]},{\"@type\":\"BreadcrumbList\",\"@id\":\"https:\\\/\\\/bestmeditrips.com\\\/sv\\\/integritetspolicy\\\/#breadcrumb\",\"itemListElement\":[{\"@type\":\"ListItem\",\"position\":1,\"name\":\"Home\",\"item\":\"https:\\\/\\\/bestmeditrips.com\\\/sv\\\/\"},{\"@type\":\"ListItem\",\"position\":2,\"name\":\"Integritetspolicy\"}]},{\"@type\":\"WebSite\",\"@id\":\"https:\\\/\\\/bestmeditrips.com\\\/sv\\\/#website\",\"url\":\"https:\\\/\\\/bestmeditrips.com\\\/sv\\\/\",\"name\":\"Bestmeditrips.com\",\"description\":\"Medicinsk turism, b\u00e4sta behandlingar, kliniker, l\u00e4kare och tandl\u00e4kare!\",\"publisher\":{\"@id\":\"https:\\\/\\\/bestmeditrips.com\\\/sv\\\/#organization\"},\"potentialAction\":[{\"@type\":\"SearchAction\",\"target\":{\"@type\":\"EntryPoint\",\"urlTemplate\":\"https:\\\/\\\/bestmeditrips.com\\\/sv\\\/?s={search_term_string}\"},\"query-input\":{\"@type\":\"PropertyValueSpecification\",\"valueRequired\":true,\"valueName\":\"search_term_string\"}}],\"inLanguage\":\"sv-SE\"},{\"@type\":\"Organization\",\"@id\":\"https:\\\/\\\/bestmeditrips.com\\\/sv\\\/#organization\",\"name\":\"Bestmeditrips.com\",\"url\":\"https:\\\/\\\/bestmeditrips.com\\\/sv\\\/\",\"logo\":{\"@type\":\"ImageObject\",\"inLanguage\":\"sv-SE\",\"@id\":\"https:\\\/\\\/bestmeditrips.com\\\/sv\\\/#\\\/schema\\\/logo\\\/image\\\/\",\"url\":\"https:\\\/\\\/bestmeditrips.com\\\/wp-content\\\/uploads\\\/2024\\\/09\\\/logo-2.png\",\"contentUrl\":\"https:\\\/\\\/bestmeditrips.com\\\/wp-content\\\/uploads\\\/2024\\\/09\\\/logo-2.png\",\"width\":500,\"height\":98,\"caption\":\"Bestmeditrips.com\"},\"image\":{\"@id\":\"https:\\\/\\\/bestmeditrips.com\\\/sv\\\/#\\\/schema\\\/logo\\\/image\\\/\"},\"sameAs\":[\"https:\\\/\\\/www.facebook.com\\\/profile.php?id=61565479139599\"]}]}<\/script>\n<!-- \/ Yoast SEO plugin. -->","yoast_head_json":{"title":"Integritetspolicy - Bestmeditrips.com","robots":{"index":"index","follow":"follow","max-snippet":"max-snippet:-1","max-image-preview":"max-image-preview:large","max-video-preview":"max-video-preview:-1"},"canonical":"https:\/\/bestmeditrips.com\/sv\/integritetspolicy\/","og_locale":"sv_SE","og_type":"article","og_title":"Integritetspolicy - Bestmeditrips.com","og_description":"Integritetspolicy Tack f\u00f6r att du bes\u00f6ker BestMediTrips.com. Din integritet \u00e4r viktig f\u00f6r oss. Denna Integritetspolicy f\u00f6rklarar hur vi samlar in, anv\u00e4nder, avsl\u00f6jar och skyddar din information n\u00e4r du bes\u00f6ker v\u00e5r webbplats. V\u00e4nligen l\u00e4s denna integritetspolicy noggrant. Om du inte godk\u00e4nner villkoren i denna integritetspolicy, v\u00e4nligen undvik att anv\u00e4nda webbplatsen. 1. Information vi Samlar In Vi ... L\u00e4s mer","og_url":"https:\/\/bestmeditrips.com\/sv\/integritetspolicy\/","og_site_name":"Bestmeditrips.com","article_publisher":"https:\/\/www.facebook.com\/profile.php?id=61565479139599","article_modified_time":"2024-09-04T22:02:02+00:00","og_image":[{"width":1024,"height":683,"url":"https:\/\/bestmeditrips.com\/wp-content\/uploads\/2024\/09\/health-tourism.jpg","type":"image\/jpeg"}],"twitter_card":"summary_large_image","twitter_misc":{"Ber\u00e4knad l\u00e4stid":"2 minuter"},"schema":{"@context":"https:\/\/schema.org","@graph":[{"@type":"WebPage","@id":"https:\/\/bestmeditrips.com\/sv\/integritetspolicy\/","url":"https:\/\/bestmeditrips.com\/sv\/integritetspolicy\/","name":"Integritetspolicy - Bestmeditrips.com","isPartOf":{"@id":"https:\/\/bestmeditrips.com\/sv\/#website"},"datePublished":"2024-09-01T17:00:15+00:00","dateModified":"2024-09-04T22:02:02+00:00","breadcrumb":{"@id":"https:\/\/bestmeditrips.com\/sv\/integritetspolicy\/#breadcrumb"},"inLanguage":"sv-SE","potentialAction":[{"@type":"ReadAction","target":["https:\/\/bestmeditrips.com\/sv\/integritetspolicy\/"]}]},{"@type":"BreadcrumbList","@id":"https:\/\/bestmeditrips.com\/sv\/integritetspolicy\/#breadcrumb","itemListElement":[{"@type":"ListItem","position":1,"name":"Home","item":"https:\/\/bestmeditrips.com\/sv\/"},{"@type":"ListItem","position":2,"name":"Integritetspolicy"}]},{"@type":"WebSite","@id":"https:\/\/bestmeditrips.com\/sv\/#website","url":"https:\/\/bestmeditrips.com\/sv\/","name":"Bestmeditrips.com","description":"Medicinsk turism, b\u00e4sta behandlingar, kliniker, l\u00e4kare och tandl\u00e4kare!","publisher":{"@id":"https:\/\/bestmeditrips.com\/sv\/#organization"},"potentialAction":[{"@type":"SearchAction","target":{"@type":"EntryPoint","urlTemplate":"https:\/\/bestmeditrips.com\/sv\/?s={search_term_string}"},"query-input":{"@type":"PropertyValueSpecification","valueRequired":true,"valueName":"search_term_string"}}],"inLanguage":"sv-SE"},{"@type":"Organization","@id":"https:\/\/bestmeditrips.com\/sv\/#organization","name":"Bestmeditrips.com","url":"https:\/\/bestmeditrips.com\/sv\/","logo":{"@type":"ImageObject","inLanguage":"sv-SE","@id":"https:\/\/bestmeditrips.com\/sv\/#\/schema\/logo\/image\/","url":"https:\/\/bestmeditrips.com\/wp-content\/uploads\/2024\/09\/logo-2.png","contentUrl":"https:\/\/bestmeditrips.com\/wp-content\/uploads\/2024\/09\/logo-2.png","width":500,"height":98,"caption":"Bestmeditrips.com"},"image":{"@id":"https:\/\/bestmeditrips.com\/sv\/#\/schema\/logo\/image\/"},"sameAs":["https:\/\/www.facebook.com\/profile.php?id=61565479139599"]}]}},"_links":{"self":[{"href":"https:\/\/bestmeditrips.com\/sv\/wp-json\/wp\/v2\/pages\/442","targetHints":{"allow":["GET"]}}],"collection":[{"href":"https:\/\/bestmeditrips.com\/sv\/wp-json\/wp\/v2\/pages"}],"about":[{"href":"https:\/\/bestmeditrips.com\/sv\/wp-json\/wp\/v2\/types\/page"}],"author":[{"embeddable":true,"href":"https:\/\/bestmeditrips.com\/sv\/wp-json\/wp\/v2\/users\/1"}],"replies":[{"embeddable":true,"href":"https:\/\/bestmeditrips.com\/sv\/wp-json\/wp\/v2\/comments?post=442"}],"version-history":[{"count":1,"href":"https:\/\/bestmeditrips.com\/sv\/wp-json\/wp\/v2\/pages\/442\/revisions"}],"predecessor-version":[{"id":587,"href":"https:\/\/bestmeditrips.com\/sv\/wp-json\/wp\/v2\/pages\/442\/revisions\/587"}],"wp:attachment":[{"href":"https:\/\/bestmeditrips.com\/sv\/wp-json\/wp\/v2\/media?parent=442"}],"curies":[{"name":"wp","href":"https:\/\/api.w.org\/{rel}","templated":true}]}}