{"id":318,"date":"2024-09-02T20:44:40","date_gmt":"2024-09-02T17:44:40","guid":{"rendered":"https:\/\/bestmeditrips.com\/internationell-halsoturism-och-destinationer\/"},"modified":"2024-09-23T12:05:00","modified_gmt":"2024-09-23T09:05:00","slug":"internationell-halsoturism-och-destinationer","status":"publish","type":"page","link":"https:\/\/bestmeditrips.com\/sv\/","title":{"rendered":"Medicinsk Turism och Destinationer"},"content":{"rendered":"<h2>Uppt\u00e4ck Den B\u00e4sta Upplevelsen Inom Medicinsk Turism<\/h2>\n<p>V\u00e4lkommen till <em><strong>BestMediTrips.com<\/strong><\/em>, din fr\u00e4msta destination f\u00f6r exceptionell medicinsk v\u00e5rd kombinerat med extraordin\u00e4ra reseupplevelser. V\u00e5r flerspr\u00e5kiga plattform \u00e4r dedikerad till att koppla dig till de b\u00e4sta medicinska turismdestinationerna v\u00e4rlden \u00f6ver, och erbjuder detaljerad insikt om de b\u00e4sta tillg\u00e4ngliga medicinska behandlingarna och tj\u00e4nsterna.<\/p>\n<h3>Utforska Premiumdestinationer f\u00f6r H\u00e4lsoturism och Medicinsk Turism<\/h3>\n<p>P\u00e5 <em><strong>BestMediTrips.com<\/strong><\/em> erbjuder vi ett noggrant utvalt urval av alternativ f\u00f6r medicinsk turism, som guidar dig genom en m\u00e4ngd olika behandlingar som finns tillg\u00e4ngliga p\u00e5 v\u00e4rldens mest fascinerande destinationer. Uppt\u00e4ck vad som g\u00f6r varje plats unik:<\/p>\n<h4><strong><span style=\"color: #ff0000;\">\u2665\u00a0<\/span><\/strong><strong>TURKIET:<\/strong> Istanbul, Antalya, Izmir och Ankara<\/h4>\n<p>Turkiet \u00e4r k\u00e4nt f\u00f6r sina moderna medicinska anl\u00e4ggningar och kostnadseffektiva behandlingar. Utforska v\u00e5ra b\u00e4sta st\u00e4der f\u00f6r en rad h\u00e4lsov\u00e5rdstj\u00e4nster:<\/p>\n<ul>\n<li><strong>Tandv\u00e5rdskliniker:<\/strong> F\u00f6rvandla ditt leende med avancerade procedurer som implantat, Hollywood-leenden och innovativa l\u00f6sningar som &#8221;all-on-4&#8221; och &#8221;all-on-6&#8221;.<\/li>\n<li><strong>H\u00e5r\u00e5terst\u00e4llningskliniker:<\/strong> Uppn\u00e5 naturliga och l\u00e5ngvariga resultat med avancerade h\u00e5rtransplantationstekniker.<\/li>\n<li><strong>Estetiska sjukhus:<\/strong> Upplev v\u00e4rldsledande estetisk kirurgi, fr\u00e5n ansiktslyft till kroppsskulptering.<\/li>\n<li><strong>Ortopediska specialister:<\/strong> Dra nytta av avancerade behandlingar f\u00f6r led- och ryggproblem, och s\u00e4kerst\u00e4ll optimal \u00e5terh\u00e4mtning och r\u00f6rlighet.<\/li>\n<\/ul>\n<h4><strong><span style=\"color: #ff0000;\">\u2665\u00a0<\/span><\/strong><strong>UNGERN:<\/strong> Budapest och Debrecen<\/h4>\n<p>Ungern erbjuder v\u00e4lk\u00e4nd medicinsk v\u00e5rd, s\u00e4rskilt inom tandv\u00e5rdsbehandlingar. I Budapest och Debrecen kan du uppt\u00e4cka:<\/p>\n<ul>\n<li><strong>Tandv\u00e5rdskliniker:<\/strong> F\u00f6rstklassig v\u00e5rd f\u00f6r implantat och estetiska tandv\u00e5rdsprocedurer till konkurrenskraftiga priser.<\/li>\n<li><strong>Centrum f\u00f6r estetisk kirurgi:<\/strong> F\u00f6rb\u00e4ttra ditt utseende med noggrann uppm\u00e4rksamhet p\u00e5 detaljer.<\/li>\n<\/ul>\n<h4><strong><span style=\"color: #ff0000;\">\u2665\u00a0<\/span><\/strong><strong>SERBIEN:<\/strong> Belgrad<\/h4>\n<p>Belgrad blir en framv\u00e4xande plats f\u00f6r h\u00f6gkvalitativ medicinsk v\u00e5rd. H\u00e4r hittar du:<\/p>\n<ul>\n<li><strong>Innovativa medicinska tj\u00e4nster:<\/strong> Fr\u00e5n tandv\u00e5rd till estetiska procedurer, upplev exceptionell v\u00e5rd anpassad efter dina behov.<\/li>\n<li><strong>Personliga medicinska kliniker:<\/strong> Njut av tj\u00e4nster i en stad k\u00e4nd f\u00f6r sin varma g\u00e4stfrihet och medicinska expertis.<\/li>\n<\/ul>\n<h4><strong><span style=\"color: #ff0000;\">\u2665\u00a0<\/span><\/strong><strong>KROATIEN:<\/strong> Zagreb och Split<\/h4>\n<p>Kroatien kombinerar medicinsk excellens med vackra landskap. Uppt\u00e4ck:<\/p>\n<ul>\n<li><strong>Tandv\u00e5rds- och estetiska kliniker:<\/strong> Njut av avancerade behandlingar i en pittoresk milj\u00f6.<\/li>\n<li><strong>Rehabiliterings- och h\u00e4lsosjukhus:<\/strong> Omfattande v\u00e5rdalternativ utformade f\u00f6r att f\u00f6rb\u00e4ttra ditt allm\u00e4nna v\u00e4lbefinnande.<\/li>\n<\/ul>\n<h4><strong><span style=\"color: #ff0000;\">\u2665\u00a0<\/span><\/strong><strong>POLEN:<\/strong> Warszawa och Krak\u00f3w<\/h4>\n<p>Polen erbjuder h\u00f6gkvalitativa medicinska tj\u00e4nster till \u00f6verkomliga priser. Utforska:<\/p>\n<ul>\n<li><strong>Anl\u00e4ggningar f\u00f6r tandv\u00e5rd:<\/strong> Avancerade l\u00f6sningar f\u00f6r implantat och andra tandv\u00e5rdsbehov.<\/li>\n<li><strong>Ortopediska och estetiska kliniker:<\/strong> Moderna anl\u00e4ggningar som erbjuder ett brett spektrum av procedurer.<\/li>\n<\/ul>\n<h4><strong><span style=\"color: #ff0000;\">\u2665\u00a0<\/span><\/strong><strong>TYSKLAND:<\/strong> Berlin och M\u00fcnchen<\/h4>\n<p>Tyskland \u00e4r synonymt med medicinsk innovation och kvalitet. Tillg\u00e5ng till:<\/p>\n<ul>\n<li><strong>Spjutspetssjukhus:<\/strong> Den senaste medicinska teknologin och specialiserad v\u00e5rd.<\/li>\n<li><strong>Omfattande h\u00e4lsov\u00e5rdscentra:<\/strong> V\u00e4rldsklassbehandlingar f\u00f6r komplexa operationer och rutinm\u00e4ssiga procedurer.<\/li>\n<\/ul>\n<h4><strong><span style=\"color: #ff0000;\">\u2665\u00a0<\/span><\/strong><strong>TJECKIEN:<\/strong> Prag<\/h4>\n<p>Prag erbjuder en blandning av historisk charm och modern h\u00e4lsov\u00e5rd. Uppt\u00e4ck:<\/p>\n<ul>\n<li><strong>Topprankade tandv\u00e5rdskliniker:<\/strong> Utm\u00e4rkta l\u00f6sningar i en av Europas vackraste st\u00e4der.<\/li>\n<li><strong>Estetiska sjukhus:<\/strong> H\u00f6gkvalitativa estetiska procedurer.<\/li>\n<\/ul>\n<h4><strong><span style=\"color: #ff0000;\">\u2665\u00a0<\/span><\/strong><strong>MEXIKO:<\/strong> Canc\u00fan och Mexico City<\/h4>\n<p>Mexiko ger en levande bakgrund f\u00f6r exceptionell medicinsk v\u00e5rd. Njut av:<\/p>\n<ul>\n<li><strong>Prisv\u00e4rda behandlingscentra:<\/strong> H\u00f6gkvalitativa tand- och estetiska procedurer.<\/li>\n<li><strong>Kulturella upplevelsekliniker:<\/strong> Kombinera din behandling med en rik kulturell resa.<\/li>\n<\/ul>\n<h4><strong><span style=\"color: #ff0000;\">\u2665\u00a0<\/span><\/strong><strong>COLOMBIA:<\/strong> Medell\u00edn och Bogot\u00e1<\/h4>\n<p>Colombia \u00e4r k\u00e4nt f\u00f6r sina skickliga medicinska proffs och kostnadseffektiva tj\u00e4nster. Tillg\u00e5ng till:<\/p>\n<ul>\n<li><strong>Omfattande medicinska centra:<\/strong> Ett utbud av medicinska behandlingar med fokus p\u00e5 kvalitet och \u00f6verkomlighet.<\/li>\n<li><strong>Specialiserade tandv\u00e5rdskliniker:<\/strong> V\u00e5rd fr\u00e5n experter i ett land k\u00e4nt f\u00f6r framsteg inom h\u00e4lsa.<\/li>\n<\/ul>\n<h4><strong><span style=\"color: #ff0000;\">\u2665\u00a0<\/span><\/strong><strong>THAILAND:<\/strong> Bangkok och Phuket<\/h4>\n<p>Thailand erbjuder en perfekt blandning av medicinsk v\u00e5rd och reseupplevelser. Uppt\u00e4ck:<\/p>\n<ul>\n<li><strong>Sjukhus i v\u00e4rldsklass:<\/strong> F\u00f6rstklassiga medicinska tj\u00e4nster f\u00f6r tandv\u00e5rd och wellness-program.<\/li>\n<li><strong>Kliniker p\u00e5 vackra destinationer:<\/strong> Upplev exceptionell medicinsk v\u00e5rd medan du utforskar Thailand.<\/li>\n<\/ul>\n<h4><strong><span style=\"color: #ff0000;\">\u2665\u00a0<\/span><\/strong><strong>INDIEN:<\/strong> Delhi och Mumbai<\/h4>\n<p>Indiens medicinska anl\u00e4ggningar \u00e4r avancerade och \u00f6verkomliga. Utforska:<\/p>\n<ul>\n<li><strong>Diverse medicinska kliniker:<\/strong> H\u00f6ga standarder i en m\u00e4ngd olika medicinska alternativ.<\/li>\n<li><strong>Sjukhus med kvalificerade specialister:<\/strong> V\u00e5rd fr\u00e5n experter i Delhi och Mumbai.<\/li>\n<\/ul>\n<h4><strong><span style=\"color: #ff0000;\">\u2665\u00a0<\/span><\/strong><strong>VIETNAM:<\/strong> Ho Chi Minh-staden och Hanoi<\/h4>\n<p>Vietnam blir en v\u00e4xande destination f\u00f6r medicinsk turism. H\u00e4r kan du dra nytta av:<\/p>\n<ul>\n<li><strong>Effektiva medicinska centra:<\/strong> Prisv\u00e4rd och h\u00f6gkvalitativ v\u00e5rd.<\/li>\n<li><strong>Omfattande behandlingskliniker:<\/strong> Fr\u00e5n tandv\u00e5rd till ortopediska procedurer.<\/li>\n<\/ul>\n<h4>Varf\u00f6r V\u00e4lja H\u00e4lsoturism och Medicinsk Turism?<\/h4>\n<p>H\u00e4lsoturism och medicinsk turism l\u00e5ter dig kombinera f\u00f6rstklassig medicinsk v\u00e5rd med sp\u00e4nnande resealternativ. P\u00e5 <em>BestMediTrips.com<\/em> \u00e4r vi engagerade i att hj\u00e4lpa dig att hitta den perfekta destinationen och behandlingen som passar dina behov och preferenser. Utforska v\u00e5r plattform f\u00f6r att p\u00e5b\u00f6rja din resa mot exceptionell medicinsk v\u00e5rd och of\u00f6rgl\u00f6mliga upplevelser.<\/p>\n","protected":false},"excerpt":{"rendered":"<p>Uppt\u00e4ck Den B\u00e4sta Upplevelsen Inom Medicinsk Turism V\u00e4lkommen till BestMediTrips.com, din fr\u00e4msta destination f\u00f6r exceptionell medicinsk v\u00e5rd kombinerat med extraordin\u00e4ra reseupplevelser. V\u00e5r flerspr\u00e5kiga plattform \u00e4r dedikerad till att koppla dig till de b\u00e4sta medicinska turismdestinationerna v\u00e4rlden \u00f6ver, och erbjuder detaljerad insikt om de b\u00e4sta tillg\u00e4ngliga medicinska behandlingarna och tj\u00e4nsterna. Utforska Premiumdestinationer f\u00f6r H\u00e4lsoturism och Medicinsk &#8230; <a title=\"Medicinsk Turism och Destinationer\" class=\"read-more\" href=\"https:\/\/bestmeditrips.com\/sv\/\" aria-label=\"L\u00e4s mer om Medicinsk Turism och Destinationer\">L\u00e4s mer<\/a><\/p>\n","protected":false},"author":1,"featured_media":351,"parent":0,"menu_order":0,"comment_status":"closed","ping_status":"closed","template":"","meta":{"footnotes":""},"class_list":["post-318","page","type-page","status-publish","has-post-thumbnail"],"yoast_head":"<!-- This site is optimized with the Yoast SEO plugin v27.4 - https:\/\/yoast.com\/product\/yoast-seo-wordpress\/ -->\n<title>Experter p\u00e5 Medicinsk Turism | Premium Behandlingar och Destinationer<\/title>\n<meta name=\"description\" content=\"Utforska topph\u00e4lsoturismtj\u00e4nster med de b\u00e4sta klinikerna, l\u00e4karna och tandl\u00e4karna, som erbjuder expertr\u00e5d f\u00f6r de b\u00e4sta medicinska resorna.\" \/>\n<meta name=\"robots\" content=\"index, follow, max-snippet:-1, max-image-preview:large, max-video-preview:-1\" \/>\n<link rel=\"canonical\" href=\"https:\/\/bestmeditrips.com\/sv\/\" \/>\n<meta property=\"og:locale\" content=\"sv_SE\" \/>\n<meta property=\"og:type\" content=\"article\" \/>\n<meta property=\"og:title\" content=\"Experter p\u00e5 Medicinsk Turism | Premium Behandlingar och Destinationer\" \/>\n<meta property=\"og:description\" content=\"Utforska topph\u00e4lsoturismtj\u00e4nster med de b\u00e4sta klinikerna, l\u00e4karna och tandl\u00e4karna, som erbjuder expertr\u00e5d f\u00f6r de b\u00e4sta medicinska resorna.\" \/>\n<meta property=\"og:url\" content=\"https:\/\/bestmeditrips.com\/sv\/\" \/>\n<meta property=\"og:site_name\" content=\"Bestmeditrips.com\" \/>\n<meta property=\"article:publisher\" content=\"https:\/\/www.facebook.com\/profile.php?id=61565479139599\" \/>\n<meta property=\"article:modified_time\" content=\"2024-09-23T09:05:00+00:00\" \/>\n<meta property=\"og:image\" content=\"https:\/\/bestmeditrips.com\/wp-content\/uploads\/2024\/09\/health-tourism.jpg\" \/>\n\t<meta property=\"og:image:width\" content=\"1024\" \/>\n\t<meta property=\"og:image:height\" content=\"683\" \/>\n\t<meta property=\"og:image:type\" content=\"image\/jpeg\" \/>\n<meta name=\"twitter:card\" content=\"summary_large_image\" \/>\n<meta name=\"twitter:label1\" content=\"Ber\u00e4knad l\u00e4stid\" \/>\n\t<meta name=\"twitter:data1\" content=\"4 minuter\" \/>\n<script type=\"application\/ld+json\" class=\"yoast-schema-graph\">{\"@context\":\"https:\\\/\\\/schema.org\",\"@graph\":[{\"@type\":\"WebPage\",\"@id\":\"https:\\\/\\\/bestmeditrips.com\\\/sv\\\/\",\"url\":\"https:\\\/\\\/bestmeditrips.com\\\/sv\\\/\",\"name\":\"Experter p\u00e5 Medicinsk Turism | Premium Behandlingar och Destinationer\",\"isPartOf\":{\"@id\":\"https:\\\/\\\/bestmeditrips.com\\\/sv\\\/#website\"},\"primaryImageOfPage\":{\"@id\":\"https:\\\/\\\/bestmeditrips.com\\\/sv\\\/#primaryimage\"},\"image\":{\"@id\":\"https:\\\/\\\/bestmeditrips.com\\\/sv\\\/#primaryimage\"},\"thumbnailUrl\":\"https:\\\/\\\/bestmeditrips.com\\\/wp-content\\\/uploads\\\/2024\\\/09\\\/health-tourism.jpg\",\"datePublished\":\"2024-09-02T17:44:40+00:00\",\"dateModified\":\"2024-09-23T09:05:00+00:00\",\"description\":\"Utforska topph\u00e4lsoturismtj\u00e4nster med de b\u00e4sta klinikerna, l\u00e4karna och tandl\u00e4karna, som erbjuder expertr\u00e5d f\u00f6r de b\u00e4sta medicinska resorna.\",\"breadcrumb\":{\"@id\":\"https:\\\/\\\/bestmeditrips.com\\\/sv\\\/#breadcrumb\"},\"inLanguage\":\"sv-SE\",\"potentialAction\":[{\"@type\":\"ReadAction\",\"target\":[\"https:\\\/\\\/bestmeditrips.com\\\/sv\\\/\"]}]},{\"@type\":\"ImageObject\",\"inLanguage\":\"sv-SE\",\"@id\":\"https:\\\/\\\/bestmeditrips.com\\\/sv\\\/#primaryimage\",\"url\":\"https:\\\/\\\/bestmeditrips.com\\\/wp-content\\\/uploads\\\/2024\\\/09\\\/health-tourism.jpg\",\"contentUrl\":\"https:\\\/\\\/bestmeditrips.com\\\/wp-content\\\/uploads\\\/2024\\\/09\\\/health-tourism.jpg\",\"width\":1024,\"height\":683,\"caption\":\"Medical tourism and best destinations in the world for dental, hair transplant, orthopedic and aesthetic treatments\"},{\"@type\":\"BreadcrumbList\",\"@id\":\"https:\\\/\\\/bestmeditrips.com\\\/sv\\\/#breadcrumb\",\"itemListElement\":[{\"@type\":\"ListItem\",\"position\":1,\"name\":\"Home\",\"item\":\"https:\\\/\\\/bestmeditrips.com\\\/sv\\\/\"},{\"@type\":\"ListItem\",\"position\":2,\"name\":\"Medicinsk Turism och Destinationer\"}]},{\"@type\":\"WebSite\",\"@id\":\"https:\\\/\\\/bestmeditrips.com\\\/sv\\\/#website\",\"url\":\"https:\\\/\\\/bestmeditrips.com\\\/sv\\\/\",\"name\":\"Bestmeditrips.com\",\"description\":\"Medicinsk turism, b\u00e4sta behandlingar, kliniker, l\u00e4kare och tandl\u00e4kare!\",\"publisher\":{\"@id\":\"https:\\\/\\\/bestmeditrips.com\\\/sv\\\/#organization\"},\"potentialAction\":[{\"@type\":\"SearchAction\",\"target\":{\"@type\":\"EntryPoint\",\"urlTemplate\":\"https:\\\/\\\/bestmeditrips.com\\\/sv\\\/?s={search_term_string}\"},\"query-input\":{\"@type\":\"PropertyValueSpecification\",\"valueRequired\":true,\"valueName\":\"search_term_string\"}}],\"inLanguage\":\"sv-SE\"},{\"@type\":\"Organization\",\"@id\":\"https:\\\/\\\/bestmeditrips.com\\\/sv\\\/#organization\",\"name\":\"Bestmeditrips.com\",\"url\":\"https:\\\/\\\/bestmeditrips.com\\\/sv\\\/\",\"logo\":{\"@type\":\"ImageObject\",\"inLanguage\":\"sv-SE\",\"@id\":\"https:\\\/\\\/bestmeditrips.com\\\/sv\\\/#\\\/schema\\\/logo\\\/image\\\/\",\"url\":\"https:\\\/\\\/bestmeditrips.com\\\/wp-content\\\/uploads\\\/2024\\\/09\\\/logo-2.png\",\"contentUrl\":\"https:\\\/\\\/bestmeditrips.com\\\/wp-content\\\/uploads\\\/2024\\\/09\\\/logo-2.png\",\"width\":500,\"height\":98,\"caption\":\"Bestmeditrips.com\"},\"image\":{\"@id\":\"https:\\\/\\\/bestmeditrips.com\\\/sv\\\/#\\\/schema\\\/logo\\\/image\\\/\"},\"sameAs\":[\"https:\\\/\\\/www.facebook.com\\\/profile.php?id=61565479139599\"]}]}<\/script>\n<!-- \/ Yoast SEO plugin. -->","yoast_head_json":{"title":"Experter p\u00e5 Medicinsk Turism | Premium Behandlingar och Destinationer","description":"Utforska topph\u00e4lsoturismtj\u00e4nster med de b\u00e4sta klinikerna, l\u00e4karna och tandl\u00e4karna, som erbjuder expertr\u00e5d f\u00f6r de b\u00e4sta medicinska resorna.","robots":{"index":"index","follow":"follow","max-snippet":"max-snippet:-1","max-image-preview":"max-image-preview:large","max-video-preview":"max-video-preview:-1"},"canonical":"https:\/\/bestmeditrips.com\/sv\/","og_locale":"sv_SE","og_type":"article","og_title":"Experter p\u00e5 Medicinsk Turism | Premium Behandlingar och Destinationer","og_description":"Utforska topph\u00e4lsoturismtj\u00e4nster med de b\u00e4sta klinikerna, l\u00e4karna och tandl\u00e4karna, som erbjuder expertr\u00e5d f\u00f6r de b\u00e4sta medicinska resorna.","og_url":"https:\/\/bestmeditrips.com\/sv\/","og_site_name":"Bestmeditrips.com","article_publisher":"https:\/\/www.facebook.com\/profile.php?id=61565479139599","article_modified_time":"2024-09-23T09:05:00+00:00","og_image":[{"width":1024,"height":683,"url":"https:\/\/bestmeditrips.com\/wp-content\/uploads\/2024\/09\/health-tourism.jpg","type":"image\/jpeg"}],"twitter_card":"summary_large_image","twitter_misc":{"Ber\u00e4knad l\u00e4stid":"4 minuter"},"schema":{"@context":"https:\/\/schema.org","@graph":[{"@type":"WebPage","@id":"https:\/\/bestmeditrips.com\/sv\/","url":"https:\/\/bestmeditrips.com\/sv\/","name":"Experter p\u00e5 Medicinsk Turism | Premium Behandlingar och Destinationer","isPartOf":{"@id":"https:\/\/bestmeditrips.com\/sv\/#website"},"primaryImageOfPage":{"@id":"https:\/\/bestmeditrips.com\/sv\/#primaryimage"},"image":{"@id":"https:\/\/bestmeditrips.com\/sv\/#primaryimage"},"thumbnailUrl":"https:\/\/bestmeditrips.com\/wp-content\/uploads\/2024\/09\/health-tourism.jpg","datePublished":"2024-09-02T17:44:40+00:00","dateModified":"2024-09-23T09:05:00+00:00","description":"Utforska topph\u00e4lsoturismtj\u00e4nster med de b\u00e4sta klinikerna, l\u00e4karna och tandl\u00e4karna, som erbjuder expertr\u00e5d f\u00f6r de b\u00e4sta medicinska resorna.","breadcrumb":{"@id":"https:\/\/bestmeditrips.com\/sv\/#breadcrumb"},"inLanguage":"sv-SE","potentialAction":[{"@type":"ReadAction","target":["https:\/\/bestmeditrips.com\/sv\/"]}]},{"@type":"ImageObject","inLanguage":"sv-SE","@id":"https:\/\/bestmeditrips.com\/sv\/#primaryimage","url":"https:\/\/bestmeditrips.com\/wp-content\/uploads\/2024\/09\/health-tourism.jpg","contentUrl":"https:\/\/bestmeditrips.com\/wp-content\/uploads\/2024\/09\/health-tourism.jpg","width":1024,"height":683,"caption":"Medical tourism and best destinations in the world for dental, hair transplant, orthopedic and aesthetic treatments"},{"@type":"BreadcrumbList","@id":"https:\/\/bestmeditrips.com\/sv\/#breadcrumb","itemListElement":[{"@type":"ListItem","position":1,"name":"Home","item":"https:\/\/bestmeditrips.com\/sv\/"},{"@type":"ListItem","position":2,"name":"Medicinsk Turism och Destinationer"}]},{"@type":"WebSite","@id":"https:\/\/bestmeditrips.com\/sv\/#website","url":"https:\/\/bestmeditrips.com\/sv\/","name":"Bestmeditrips.com","description":"Medicinsk turism, b\u00e4sta behandlingar, kliniker, l\u00e4kare och tandl\u00e4kare!","publisher":{"@id":"https:\/\/bestmeditrips.com\/sv\/#organization"},"potentialAction":[{"@type":"SearchAction","target":{"@type":"EntryPoint","urlTemplate":"https:\/\/bestmeditrips.com\/sv\/?s={search_term_string}"},"query-input":{"@type":"PropertyValueSpecification","valueRequired":true,"valueName":"search_term_string"}}],"inLanguage":"sv-SE"},{"@type":"Organization","@id":"https:\/\/bestmeditrips.com\/sv\/#organization","name":"Bestmeditrips.com","url":"https:\/\/bestmeditrips.com\/sv\/","logo":{"@type":"ImageObject","inLanguage":"sv-SE","@id":"https:\/\/bestmeditrips.com\/sv\/#\/schema\/logo\/image\/","url":"https:\/\/bestmeditrips.com\/wp-content\/uploads\/2024\/09\/logo-2.png","contentUrl":"https:\/\/bestmeditrips.com\/wp-content\/uploads\/2024\/09\/logo-2.png","width":500,"height":98,"caption":"Bestmeditrips.com"},"image":{"@id":"https:\/\/bestmeditrips.com\/sv\/#\/schema\/logo\/image\/"},"sameAs":["https:\/\/www.facebook.com\/profile.php?id=61565479139599"]}]}},"_links":{"self":[{"href":"https:\/\/bestmeditrips.com\/sv\/wp-json\/wp\/v2\/pages\/318","targetHints":{"allow":["GET"]}}],"collection":[{"href":"https:\/\/bestmeditrips.com\/sv\/wp-json\/wp\/v2\/pages"}],"about":[{"href":"https:\/\/bestmeditrips.com\/sv\/wp-json\/wp\/v2\/types\/page"}],"author":[{"embeddable":true,"href":"https:\/\/bestmeditrips.com\/sv\/wp-json\/wp\/v2\/users\/1"}],"replies":[{"embeddable":true,"href":"https:\/\/bestmeditrips.com\/sv\/wp-json\/wp\/v2\/comments?post=318"}],"version-history":[{"count":4,"href":"https:\/\/bestmeditrips.com\/sv\/wp-json\/wp\/v2\/pages\/318\/revisions"}],"predecessor-version":[{"id":832,"href":"https:\/\/bestmeditrips.com\/sv\/wp-json\/wp\/v2\/pages\/318\/revisions\/832"}],"wp:featuredmedia":[{"embeddable":true,"href":"https:\/\/bestmeditrips.com\/sv\/wp-json\/wp\/v2\/media\/351"}],"wp:attachment":[{"href":"https:\/\/bestmeditrips.com\/sv\/wp-json\/wp\/v2\/media?parent=318"}],"curies":[{"name":"wp","href":"https:\/\/api.w.org\/{rel}","templated":true}]}}