{"id":615,"date":"2024-09-02T20:02:05","date_gmt":"2024-09-02T17:02:05","guid":{"rendered":"https:\/\/bestmeditrips.com\/clanki\/"},"modified":"2024-09-02T20:02:05","modified_gmt":"2024-09-02T17:02:05","slug":"clanki","status":"publish","type":"page","link":"https:\/\/bestmeditrips.com\/sl\/clanki\/","title":{"rendered":"\u010clanki"},"content":{"rendered":"<h2>Blog Medicinskega Turizma | Najnovej\u0161i \u010clanki in Vpogledi<\/h2>\n<p>Odkrijte najnovej\u0161e trende, strokovne nasvete in pou\u010dne \u010dlanke o zdravstvenem turizmu. Na\u0161 blog pokriva vse, od najbolj\u0161ih mo\u017enosti zdravljenja in potovalnih nasvetov do vodi\u010dev po destinacijah in zgodb pacientov. Ostani obve\u0161\u010den z dragoceno vsebino, ki je zasnovana za izbolj\u0161anje tvojega potovanja v zdravni\u0161kem turizmu.<\/p>\n","protected":false},"excerpt":{"rendered":"<p>Blog Medicinskega Turizma | Najnovej\u0161i \u010clanki in Vpogledi Odkrijte najnovej\u0161e trende, strokovne nasvete in pou\u010dne \u010dlanke o zdravstvenem turizmu. Na\u0161 blog pokriva vse, od najbolj\u0161ih mo\u017enosti zdravljenja in potovalnih nasvetov do vodi\u010dev po destinacijah in zgodb pacientov. Ostani obve\u0161\u010den z dragoceno vsebino, ki je zasnovana za izbolj\u0161anje tvojega potovanja v zdravni\u0161kem turizmu.<\/p>\n","protected":false},"author":1,"featured_media":0,"parent":0,"menu_order":0,"comment_status":"closed","ping_status":"closed","template":"","meta":{"footnotes":""},"class_list":["post-615","page","type-page","status-publish"],"yoast_head":"<!-- This site is optimized with the Yoast SEO plugin v27.4 - https:\/\/yoast.com\/product\/yoast-seo-wordpress\/ -->\n<title>Blog Medicinskega Turizma | \u010clanki in Vpogledi | bestmeditrips.com<\/title>\n<meta name=\"description\" content=\"Raziskujte informacije o zdravstvenem turizmu, najnovej\u0161e \u010dlanke, vpoglede in posodobitve o zdravljenju, destinacijah in trendih.\" \/>\n<meta name=\"robots\" content=\"index, follow, max-snippet:-1, max-image-preview:large, max-video-preview:-1\" \/>\n<link rel=\"canonical\" href=\"https:\/\/bestmeditrips.com\/sl\/clanki\/\" \/>\n<meta property=\"og:locale\" content=\"sl_SI\" \/>\n<meta property=\"og:type\" content=\"article\" \/>\n<meta property=\"og:title\" content=\"Blog Medicinskega Turizma | \u010clanki in Vpogledi | bestmeditrips.com\" \/>\n<meta property=\"og:description\" content=\"Raziskujte informacije o zdravstvenem turizmu, najnovej\u0161e \u010dlanke, vpoglede in posodobitve o zdravljenju, destinacijah in trendih.\" \/>\n<meta property=\"og:url\" content=\"https:\/\/bestmeditrips.com\/sl\/clanki\/\" \/>\n<meta property=\"og:site_name\" content=\"Bestmeditrips.com\" \/>\n<meta property=\"article:publisher\" content=\"https:\/\/www.facebook.com\/profile.php?id=61565479139599\" \/>\n<meta property=\"og:image\" content=\"https:\/\/bestmeditrips.com\/wp-content\/uploads\/2024\/09\/health-tourism.jpg\" \/>\n\t<meta property=\"og:image:width\" content=\"1024\" \/>\n\t<meta property=\"og:image:height\" content=\"683\" \/>\n\t<meta property=\"og:image:type\" content=\"image\/jpeg\" \/>\n<meta name=\"twitter:card\" content=\"summary_large_image\" \/>\n<script type=\"application\/ld+json\" class=\"yoast-schema-graph\">{\"@context\":\"https:\\\/\\\/schema.org\",\"@graph\":[{\"@type\":\"WebPage\",\"@id\":\"https:\\\/\\\/bestmeditrips.com\\\/sl\\\/clanki\\\/\",\"url\":\"https:\\\/\\\/bestmeditrips.com\\\/sl\\\/clanki\\\/\",\"name\":\"Blog Medicinskega Turizma | \u010clanki in Vpogledi | bestmeditrips.com\",\"isPartOf\":{\"@id\":\"https:\\\/\\\/bestmeditrips.com\\\/sl\\\/#website\"},\"datePublished\":\"2024-09-02T17:02:05+00:00\",\"description\":\"Raziskujte informacije o zdravstvenem turizmu, najnovej\u0161e \u010dlanke, vpoglede in posodobitve o zdravljenju, destinacijah in trendih.\",\"breadcrumb\":{\"@id\":\"https:\\\/\\\/bestmeditrips.com\\\/sl\\\/clanki\\\/#breadcrumb\"},\"inLanguage\":\"sl-SI\",\"potentialAction\":[{\"@type\":\"ReadAction\",\"target\":[\"https:\\\/\\\/bestmeditrips.com\\\/sl\\\/clanki\\\/\"]}]},{\"@type\":\"BreadcrumbList\",\"@id\":\"https:\\\/\\\/bestmeditrips.com\\\/sl\\\/clanki\\\/#breadcrumb\",\"itemListElement\":[{\"@type\":\"ListItem\",\"position\":1,\"name\":\"Home\",\"item\":\"https:\\\/\\\/bestmeditrips.com\\\/sl\\\/\"},{\"@type\":\"ListItem\",\"position\":2,\"name\":\"\u010clanki\"}]},{\"@type\":\"WebSite\",\"@id\":\"https:\\\/\\\/bestmeditrips.com\\\/sl\\\/#website\",\"url\":\"https:\\\/\\\/bestmeditrips.com\\\/sl\\\/\",\"name\":\"Bestmeditrips.com\",\"description\":\"Medicinski turizem, najbolj\u0161i tretmaji, klinike, zdravniki in zobozdravniki!\",\"publisher\":{\"@id\":\"https:\\\/\\\/bestmeditrips.com\\\/sl\\\/#organization\"},\"potentialAction\":[{\"@type\":\"SearchAction\",\"target\":{\"@type\":\"EntryPoint\",\"urlTemplate\":\"https:\\\/\\\/bestmeditrips.com\\\/sl\\\/?s={search_term_string}\"},\"query-input\":{\"@type\":\"PropertyValueSpecification\",\"valueRequired\":true,\"valueName\":\"search_term_string\"}}],\"inLanguage\":\"sl-SI\"},{\"@type\":\"Organization\",\"@id\":\"https:\\\/\\\/bestmeditrips.com\\\/sl\\\/#organization\",\"name\":\"Bestmeditrips.com\",\"url\":\"https:\\\/\\\/bestmeditrips.com\\\/sl\\\/\",\"logo\":{\"@type\":\"ImageObject\",\"inLanguage\":\"sl-SI\",\"@id\":\"https:\\\/\\\/bestmeditrips.com\\\/sl\\\/#\\\/schema\\\/logo\\\/image\\\/\",\"url\":\"https:\\\/\\\/bestmeditrips.com\\\/wp-content\\\/uploads\\\/2024\\\/09\\\/logo-2.png\",\"contentUrl\":\"https:\\\/\\\/bestmeditrips.com\\\/wp-content\\\/uploads\\\/2024\\\/09\\\/logo-2.png\",\"width\":500,\"height\":98,\"caption\":\"Bestmeditrips.com\"},\"image\":{\"@id\":\"https:\\\/\\\/bestmeditrips.com\\\/sl\\\/#\\\/schema\\\/logo\\\/image\\\/\"},\"sameAs\":[\"https:\\\/\\\/www.facebook.com\\\/profile.php?id=61565479139599\"]}]}<\/script>\n<!-- \/ Yoast SEO plugin. -->","yoast_head_json":{"title":"Blog Medicinskega Turizma | \u010clanki in Vpogledi | bestmeditrips.com","description":"Raziskujte informacije o zdravstvenem turizmu, najnovej\u0161e \u010dlanke, vpoglede in posodobitve o zdravljenju, destinacijah in trendih.","robots":{"index":"index","follow":"follow","max-snippet":"max-snippet:-1","max-image-preview":"max-image-preview:large","max-video-preview":"max-video-preview:-1"},"canonical":"https:\/\/bestmeditrips.com\/sl\/clanki\/","og_locale":"sl_SI","og_type":"article","og_title":"Blog Medicinskega Turizma | \u010clanki in Vpogledi | bestmeditrips.com","og_description":"Raziskujte informacije o zdravstvenem turizmu, najnovej\u0161e \u010dlanke, vpoglede in posodobitve o zdravljenju, destinacijah in trendih.","og_url":"https:\/\/bestmeditrips.com\/sl\/clanki\/","og_site_name":"Bestmeditrips.com","article_publisher":"https:\/\/www.facebook.com\/profile.php?id=61565479139599","og_image":[{"width":1024,"height":683,"url":"https:\/\/bestmeditrips.com\/wp-content\/uploads\/2024\/09\/health-tourism.jpg","type":"image\/jpeg"}],"twitter_card":"summary_large_image","schema":{"@context":"https:\/\/schema.org","@graph":[{"@type":"WebPage","@id":"https:\/\/bestmeditrips.com\/sl\/clanki\/","url":"https:\/\/bestmeditrips.com\/sl\/clanki\/","name":"Blog Medicinskega Turizma | \u010clanki in Vpogledi | bestmeditrips.com","isPartOf":{"@id":"https:\/\/bestmeditrips.com\/sl\/#website"},"datePublished":"2024-09-02T17:02:05+00:00","description":"Raziskujte informacije o zdravstvenem turizmu, najnovej\u0161e \u010dlanke, vpoglede in posodobitve o zdravljenju, destinacijah in trendih.","breadcrumb":{"@id":"https:\/\/bestmeditrips.com\/sl\/clanki\/#breadcrumb"},"inLanguage":"sl-SI","potentialAction":[{"@type":"ReadAction","target":["https:\/\/bestmeditrips.com\/sl\/clanki\/"]}]},{"@type":"BreadcrumbList","@id":"https:\/\/bestmeditrips.com\/sl\/clanki\/#breadcrumb","itemListElement":[{"@type":"ListItem","position":1,"name":"Home","item":"https:\/\/bestmeditrips.com\/sl\/"},{"@type":"ListItem","position":2,"name":"\u010clanki"}]},{"@type":"WebSite","@id":"https:\/\/bestmeditrips.com\/sl\/#website","url":"https:\/\/bestmeditrips.com\/sl\/","name":"Bestmeditrips.com","description":"Medicinski turizem, najbolj\u0161i tretmaji, klinike, zdravniki in zobozdravniki!","publisher":{"@id":"https:\/\/bestmeditrips.com\/sl\/#organization"},"potentialAction":[{"@type":"SearchAction","target":{"@type":"EntryPoint","urlTemplate":"https:\/\/bestmeditrips.com\/sl\/?s={search_term_string}"},"query-input":{"@type":"PropertyValueSpecification","valueRequired":true,"valueName":"search_term_string"}}],"inLanguage":"sl-SI"},{"@type":"Organization","@id":"https:\/\/bestmeditrips.com\/sl\/#organization","name":"Bestmeditrips.com","url":"https:\/\/bestmeditrips.com\/sl\/","logo":{"@type":"ImageObject","inLanguage":"sl-SI","@id":"https:\/\/bestmeditrips.com\/sl\/#\/schema\/logo\/image\/","url":"https:\/\/bestmeditrips.com\/wp-content\/uploads\/2024\/09\/logo-2.png","contentUrl":"https:\/\/bestmeditrips.com\/wp-content\/uploads\/2024\/09\/logo-2.png","width":500,"height":98,"caption":"Bestmeditrips.com"},"image":{"@id":"https:\/\/bestmeditrips.com\/sl\/#\/schema\/logo\/image\/"},"sameAs":["https:\/\/www.facebook.com\/profile.php?id=61565479139599"]}]}},"_links":{"self":[{"href":"https:\/\/bestmeditrips.com\/sl\/wp-json\/wp\/v2\/pages\/615","targetHints":{"allow":["GET"]}}],"collection":[{"href":"https:\/\/bestmeditrips.com\/sl\/wp-json\/wp\/v2\/pages"}],"about":[{"href":"https:\/\/bestmeditrips.com\/sl\/wp-json\/wp\/v2\/types\/page"}],"author":[{"embeddable":true,"href":"https:\/\/bestmeditrips.com\/sl\/wp-json\/wp\/v2\/users\/1"}],"replies":[{"embeddable":true,"href":"https:\/\/bestmeditrips.com\/sl\/wp-json\/wp\/v2\/comments?post=615"}],"version-history":[{"count":0,"href":"https:\/\/bestmeditrips.com\/sl\/wp-json\/wp\/v2\/pages\/615\/revisions"}],"wp:attachment":[{"href":"https:\/\/bestmeditrips.com\/sl\/wp-json\/wp\/v2\/media?parent=615"}],"curies":[{"name":"wp","href":"https:\/\/api.w.org\/{rel}","templated":true}]}}