{"id":438,"date":"2024-09-01T20:00:15","date_gmt":"2024-09-01T17:00:15","guid":{"rendered":"https:\/\/bestmeditrips.com\/pravilnik-o-zasebnosti\/"},"modified":"2024-09-05T01:01:48","modified_gmt":"2024-09-04T22:01:48","slug":"pravilnik-o-zasebnosti","status":"publish","type":"page","link":"https:\/\/bestmeditrips.com\/sl\/pravilnik-o-zasebnosti\/","title":{"rendered":"Pravilnik o Zasebnosti"},"content":{"rendered":"<p><strong>Pravilnik o Zasebnosti<\/strong><\/p>\n<p>Hvala, ker ste obiskali <em>BestMediTrips.com<\/em>. Va\u0161a zasebnost nam je pomembna. Ta <strong>Pravilnik o Zasebnosti<\/strong> pojasnjuje, kako zbiramo, uporabljamo, razkrivamo in varujemo va\u0161e podatke, ko obi\u0161\u010dete na\u0161o spletno stran. Prosimo, da ta pravilnik o zasebnosti skrbno preberete. \u010ce se ne strinjate s pogoji tega pravilnika o zasebnosti, vas prosimo, da ne dostopate do spletnega mesta.<\/p>\n<p><strong>1. Informacije, ki jih Zbiramo<\/strong><\/p>\n<p>Lahko zbiramo osebne podatke, kot so va\u0161e ime, e-po\u0161tni naslov, telefonska \u0161tevilka in druge podrobnosti, ki jih posredujete, ko komunicirate z na\u0161o spletno stranjo ali nas kontaktirate za poizvedbe.<\/p>\n<p><strong>2. Kako Uporabljamo Va\u0161e Informacije<\/strong><\/p>\n<p>Zbrane informacije lahko uporabimo za:<\/p>\n<p>Zagotavljanje, delovanje in vzdr\u017eevanje na\u0161e spletne strani<br \/>\nIzbolj\u0161anje, prilagajanje in \u0161irjenje ponudb na\u0161e spletne strani<br \/>\nKomuniciranje z vami, bodisi neposredno ali prek enega od na\u0161ih partnerjev, vklju\u010dno z zagotavljanjem storitev za stranke, posredovanjem posodobitev in drugih informacij, povezanih s spletno stranjo, ter za marketin\u0161ke in promocijske namene<br \/>\nZa\u0161\u010dito, preiskovanje in odvra\u010danje od nepoobla\u0161\u010denih ali nezakonitih dejavnosti<\/p>\n<p><strong>3. Razkritje Va\u0161ih Informacij<\/strong><\/p>\n<p>Va\u0161e podatke lahko delimo s tretjimi osebami le na na\u010dine, opisane v tem <strong>Pravilniku o Zasebnosti<\/strong>.<\/p>\n<p><strong>4. Varnost Va\u0161ih Informacij<\/strong><\/p>\n<p>Uporabljamo administrativne, tehni\u010dne in fizi\u010dne varnostne ukrepe za pomo\u010d pri za\u0161\u010diti va\u0161ih osebnih podatkov. \u010ceprav smo sprejeli razumne ukrepe za za\u0161\u010dito osebnih podatkov, ki nam jih posredujete, upo\u0161tevajte, da kljub na\u0161im prizadevanjem noben varnostni ukrep ni popoln ali neprepusten.<\/p>\n<p><strong>5. Va\u0161e Mo\u017enosti glede Va\u0161ih Informacij<\/strong><\/p>\n<p>Imate pravico:<\/p>\n<p>Posodobiti ali popraviti svoje osebne podatke<br \/>\nOdjaviti se od prejemanja marketin\u0161kih komunikacij<br \/>\nZahtevati, da izbri\u0161emo va\u0161e osebne podatke<\/p>\n<p><strong>6. Spremembe tega Pravilnika o Zasebnosti<\/strong><\/p>\n<p>Ta <strong>Pravilnik o Zasebnosti<\/strong> lahko ob\u010dasno posodobimo, da odra\u017eamo na primer spremembe v na\u0161ih praksah ali iz drugih operativnih, pravnih ali regulativnih razlogov.<\/p>\n<p><strong>7. Kontaktirajte Nas<\/strong><\/p>\n<p>\u010ce imate kakr\u0161na koli vpra\u0161anja ali pripombe glede tega <strong>Pravilnika o Zasebnosti<\/strong>, nas kontaktirajte.<\/p>\n","protected":false},"excerpt":{"rendered":"<p>Pravilnik o Zasebnosti Hvala, ker ste obiskali BestMediTrips.com. Va\u0161a zasebnost nam je pomembna. Ta Pravilnik o Zasebnosti pojasnjuje, kako zbiramo, uporabljamo, razkrivamo in varujemo va\u0161e podatke, ko obi\u0161\u010dete na\u0161o spletno stran. Prosimo, da ta pravilnik o zasebnosti skrbno preberete. \u010ce se ne strinjate s pogoji tega pravilnika o zasebnosti, vas prosimo, da ne dostopate do &#8230; <a title=\"Pravilnik o Zasebnosti\" class=\"read-more\" href=\"https:\/\/bestmeditrips.com\/sl\/pravilnik-o-zasebnosti\/\" aria-label=\"Read more about Pravilnik o Zasebnosti\">Read more<\/a><\/p>\n","protected":false},"author":1,"featured_media":0,"parent":0,"menu_order":0,"comment_status":"closed","ping_status":"open","template":"","meta":{"footnotes":""},"class_list":["post-438","page","type-page","status-publish"],"yoast_head":"<!-- This site is optimized with the Yoast SEO plugin v27.4 - https:\/\/yoast.com\/product\/yoast-seo-wordpress\/ -->\n<title>Pravilnik o Zasebnosti - Bestmeditrips.com<\/title>\n<meta name=\"robots\" content=\"index, follow, max-snippet:-1, max-image-preview:large, max-video-preview:-1\" \/>\n<link rel=\"canonical\" href=\"https:\/\/bestmeditrips.com\/sl\/pravilnik-o-zasebnosti\/\" \/>\n<meta property=\"og:locale\" content=\"sl_SI\" \/>\n<meta property=\"og:type\" content=\"article\" \/>\n<meta property=\"og:title\" content=\"Pravilnik o Zasebnosti - Bestmeditrips.com\" \/>\n<meta property=\"og:description\" content=\"Pravilnik o Zasebnosti Hvala, ker ste obiskali BestMediTrips.com. Va\u0161a zasebnost nam je pomembna. Ta Pravilnik o Zasebnosti pojasnjuje, kako zbiramo, uporabljamo, razkrivamo in varujemo va\u0161e podatke, ko obi\u0161\u010dete na\u0161o spletno stran. Prosimo, da ta pravilnik o zasebnosti skrbno preberete. \u010ce se ne strinjate s pogoji tega pravilnika o zasebnosti, vas prosimo, da ne dostopate do ... Read more\" \/>\n<meta property=\"og:url\" content=\"https:\/\/bestmeditrips.com\/sl\/pravilnik-o-zasebnosti\/\" \/>\n<meta property=\"og:site_name\" content=\"Bestmeditrips.com\" \/>\n<meta property=\"article:publisher\" content=\"https:\/\/www.facebook.com\/profile.php?id=61565479139599\" \/>\n<meta property=\"article:modified_time\" content=\"2024-09-04T22:01:48+00:00\" \/>\n<meta property=\"og:image\" content=\"https:\/\/bestmeditrips.com\/wp-content\/uploads\/2024\/09\/health-tourism.jpg\" \/>\n\t<meta property=\"og:image:width\" content=\"1024\" \/>\n\t<meta property=\"og:image:height\" content=\"683\" \/>\n\t<meta property=\"og:image:type\" content=\"image\/jpeg\" \/>\n<meta name=\"twitter:card\" content=\"summary_large_image\" \/>\n<meta name=\"twitter:label1\" content=\"Est. reading time\" \/>\n\t<meta name=\"twitter:data1\" content=\"2 minuti\" \/>\n<script type=\"application\/ld+json\" class=\"yoast-schema-graph\">{\"@context\":\"https:\\\/\\\/schema.org\",\"@graph\":[{\"@type\":\"WebPage\",\"@id\":\"https:\\\/\\\/bestmeditrips.com\\\/sl\\\/pravilnik-o-zasebnosti\\\/\",\"url\":\"https:\\\/\\\/bestmeditrips.com\\\/sl\\\/pravilnik-o-zasebnosti\\\/\",\"name\":\"Pravilnik o Zasebnosti - Bestmeditrips.com\",\"isPartOf\":{\"@id\":\"https:\\\/\\\/bestmeditrips.com\\\/sl\\\/#website\"},\"datePublished\":\"2024-09-01T17:00:15+00:00\",\"dateModified\":\"2024-09-04T22:01:48+00:00\",\"breadcrumb\":{\"@id\":\"https:\\\/\\\/bestmeditrips.com\\\/sl\\\/pravilnik-o-zasebnosti\\\/#breadcrumb\"},\"inLanguage\":\"sl-SI\",\"potentialAction\":[{\"@type\":\"ReadAction\",\"target\":[\"https:\\\/\\\/bestmeditrips.com\\\/sl\\\/pravilnik-o-zasebnosti\\\/\"]}]},{\"@type\":\"BreadcrumbList\",\"@id\":\"https:\\\/\\\/bestmeditrips.com\\\/sl\\\/pravilnik-o-zasebnosti\\\/#breadcrumb\",\"itemListElement\":[{\"@type\":\"ListItem\",\"position\":1,\"name\":\"Home\",\"item\":\"https:\\\/\\\/bestmeditrips.com\\\/sl\\\/\"},{\"@type\":\"ListItem\",\"position\":2,\"name\":\"Pravilnik o Zasebnosti\"}]},{\"@type\":\"WebSite\",\"@id\":\"https:\\\/\\\/bestmeditrips.com\\\/sl\\\/#website\",\"url\":\"https:\\\/\\\/bestmeditrips.com\\\/sl\\\/\",\"name\":\"Bestmeditrips.com\",\"description\":\"Medicinski turizem, najbolj\u0161i tretmaji, klinike, zdravniki in zobozdravniki!\",\"publisher\":{\"@id\":\"https:\\\/\\\/bestmeditrips.com\\\/sl\\\/#organization\"},\"potentialAction\":[{\"@type\":\"SearchAction\",\"target\":{\"@type\":\"EntryPoint\",\"urlTemplate\":\"https:\\\/\\\/bestmeditrips.com\\\/sl\\\/?s={search_term_string}\"},\"query-input\":{\"@type\":\"PropertyValueSpecification\",\"valueRequired\":true,\"valueName\":\"search_term_string\"}}],\"inLanguage\":\"sl-SI\"},{\"@type\":\"Organization\",\"@id\":\"https:\\\/\\\/bestmeditrips.com\\\/sl\\\/#organization\",\"name\":\"Bestmeditrips.com\",\"url\":\"https:\\\/\\\/bestmeditrips.com\\\/sl\\\/\",\"logo\":{\"@type\":\"ImageObject\",\"inLanguage\":\"sl-SI\",\"@id\":\"https:\\\/\\\/bestmeditrips.com\\\/sl\\\/#\\\/schema\\\/logo\\\/image\\\/\",\"url\":\"https:\\\/\\\/bestmeditrips.com\\\/wp-content\\\/uploads\\\/2024\\\/09\\\/logo-2.png\",\"contentUrl\":\"https:\\\/\\\/bestmeditrips.com\\\/wp-content\\\/uploads\\\/2024\\\/09\\\/logo-2.png\",\"width\":500,\"height\":98,\"caption\":\"Bestmeditrips.com\"},\"image\":{\"@id\":\"https:\\\/\\\/bestmeditrips.com\\\/sl\\\/#\\\/schema\\\/logo\\\/image\\\/\"},\"sameAs\":[\"https:\\\/\\\/www.facebook.com\\\/profile.php?id=61565479139599\"]}]}<\/script>\n<!-- \/ Yoast SEO plugin. -->","yoast_head_json":{"title":"Pravilnik o Zasebnosti - Bestmeditrips.com","robots":{"index":"index","follow":"follow","max-snippet":"max-snippet:-1","max-image-preview":"max-image-preview:large","max-video-preview":"max-video-preview:-1"},"canonical":"https:\/\/bestmeditrips.com\/sl\/pravilnik-o-zasebnosti\/","og_locale":"sl_SI","og_type":"article","og_title":"Pravilnik o Zasebnosti - Bestmeditrips.com","og_description":"Pravilnik o Zasebnosti Hvala, ker ste obiskali BestMediTrips.com. Va\u0161a zasebnost nam je pomembna. Ta Pravilnik o Zasebnosti pojasnjuje, kako zbiramo, uporabljamo, razkrivamo in varujemo va\u0161e podatke, ko obi\u0161\u010dete na\u0161o spletno stran. Prosimo, da ta pravilnik o zasebnosti skrbno preberete. \u010ce se ne strinjate s pogoji tega pravilnika o zasebnosti, vas prosimo, da ne dostopate do ... Read more","og_url":"https:\/\/bestmeditrips.com\/sl\/pravilnik-o-zasebnosti\/","og_site_name":"Bestmeditrips.com","article_publisher":"https:\/\/www.facebook.com\/profile.php?id=61565479139599","article_modified_time":"2024-09-04T22:01:48+00:00","og_image":[{"width":1024,"height":683,"url":"https:\/\/bestmeditrips.com\/wp-content\/uploads\/2024\/09\/health-tourism.jpg","type":"image\/jpeg"}],"twitter_card":"summary_large_image","twitter_misc":{"Est. reading time":"2 minuti"},"schema":{"@context":"https:\/\/schema.org","@graph":[{"@type":"WebPage","@id":"https:\/\/bestmeditrips.com\/sl\/pravilnik-o-zasebnosti\/","url":"https:\/\/bestmeditrips.com\/sl\/pravilnik-o-zasebnosti\/","name":"Pravilnik o Zasebnosti - Bestmeditrips.com","isPartOf":{"@id":"https:\/\/bestmeditrips.com\/sl\/#website"},"datePublished":"2024-09-01T17:00:15+00:00","dateModified":"2024-09-04T22:01:48+00:00","breadcrumb":{"@id":"https:\/\/bestmeditrips.com\/sl\/pravilnik-o-zasebnosti\/#breadcrumb"},"inLanguage":"sl-SI","potentialAction":[{"@type":"ReadAction","target":["https:\/\/bestmeditrips.com\/sl\/pravilnik-o-zasebnosti\/"]}]},{"@type":"BreadcrumbList","@id":"https:\/\/bestmeditrips.com\/sl\/pravilnik-o-zasebnosti\/#breadcrumb","itemListElement":[{"@type":"ListItem","position":1,"name":"Home","item":"https:\/\/bestmeditrips.com\/sl\/"},{"@type":"ListItem","position":2,"name":"Pravilnik o Zasebnosti"}]},{"@type":"WebSite","@id":"https:\/\/bestmeditrips.com\/sl\/#website","url":"https:\/\/bestmeditrips.com\/sl\/","name":"Bestmeditrips.com","description":"Medicinski turizem, najbolj\u0161i tretmaji, klinike, zdravniki in zobozdravniki!","publisher":{"@id":"https:\/\/bestmeditrips.com\/sl\/#organization"},"potentialAction":[{"@type":"SearchAction","target":{"@type":"EntryPoint","urlTemplate":"https:\/\/bestmeditrips.com\/sl\/?s={search_term_string}"},"query-input":{"@type":"PropertyValueSpecification","valueRequired":true,"valueName":"search_term_string"}}],"inLanguage":"sl-SI"},{"@type":"Organization","@id":"https:\/\/bestmeditrips.com\/sl\/#organization","name":"Bestmeditrips.com","url":"https:\/\/bestmeditrips.com\/sl\/","logo":{"@type":"ImageObject","inLanguage":"sl-SI","@id":"https:\/\/bestmeditrips.com\/sl\/#\/schema\/logo\/image\/","url":"https:\/\/bestmeditrips.com\/wp-content\/uploads\/2024\/09\/logo-2.png","contentUrl":"https:\/\/bestmeditrips.com\/wp-content\/uploads\/2024\/09\/logo-2.png","width":500,"height":98,"caption":"Bestmeditrips.com"},"image":{"@id":"https:\/\/bestmeditrips.com\/sl\/#\/schema\/logo\/image\/"},"sameAs":["https:\/\/www.facebook.com\/profile.php?id=61565479139599"]}]}},"_links":{"self":[{"href":"https:\/\/bestmeditrips.com\/sl\/wp-json\/wp\/v2\/pages\/438","targetHints":{"allow":["GET"]}}],"collection":[{"href":"https:\/\/bestmeditrips.com\/sl\/wp-json\/wp\/v2\/pages"}],"about":[{"href":"https:\/\/bestmeditrips.com\/sl\/wp-json\/wp\/v2\/types\/page"}],"author":[{"embeddable":true,"href":"https:\/\/bestmeditrips.com\/sl\/wp-json\/wp\/v2\/users\/1"}],"replies":[{"embeddable":true,"href":"https:\/\/bestmeditrips.com\/sl\/wp-json\/wp\/v2\/comments?post=438"}],"version-history":[{"count":1,"href":"https:\/\/bestmeditrips.com\/sl\/wp-json\/wp\/v2\/pages\/438\/revisions"}],"predecessor-version":[{"id":585,"href":"https:\/\/bestmeditrips.com\/sl\/wp-json\/wp\/v2\/pages\/438\/revisions\/585"}],"wp:attachment":[{"href":"https:\/\/bestmeditrips.com\/sl\/wp-json\/wp\/v2\/media?parent=438"}],"curies":[{"name":"wp","href":"https:\/\/api.w.org\/{rel}","templated":true}]}}