{"id":316,"date":"2024-09-02T20:44:40","date_gmt":"2024-09-02T17:44:40","guid":{"rendered":"https:\/\/bestmeditrips.com\/mednarodni-zdravstveni-turizem-in-destinacije\/"},"modified":"2024-09-23T12:04:11","modified_gmt":"2024-09-23T09:04:11","slug":"mednarodni-zdravstveni-turizem-in-destinacije","status":"publish","type":"page","link":"https:\/\/bestmeditrips.com\/sl\/","title":{"rendered":"Medicinski Turizem in Destinacije"},"content":{"rendered":"<div class=\"flex-1 overflow-hidden masked-content\">\n<div class=\"h-full\">\n<div class=\"react-scroll-to-bottom--css-awgcq-79elbk h-full\">\n<div class=\"react-scroll-to-bottom--css-awgcq-1n7m0yu\">\n<div class=\"flex flex-col text-sm pb-[120px]\">\n<article class=\"w-full text-token-text-primary focus-visible:outline-2 focus-visible:outline-offset-[-4px]\" dir=\"auto\" data-testid=\"conversation-turn-81\" data-scroll-anchor=\"true\">\n<div class=\"text-base py-[18px] m-auto md:px-5 w-full px-3 lg:px-0\">\n<div class=\"mx-auto flex flex-1 gap-4 text-base md:gap-5 lg:gap-6 md:max-w-3xl lg:max-w-[40rem] xl:max-w-[48rem]\">\n<div class=\"group\/conversation-turn relative flex w-full min-w-0 flex-col agent-turn\">\n<div class=\"flex-col gap-1 md:gap-3\">\n<div class=\"flex max-w-full flex-col flex-grow\">\n<div class=\"min-h-[20px] text-message flex w-full flex-col items-end gap-2 break-words [.text-message+&amp;]:mt-5 overflow-x-auto whitespace-normal\" dir=\"auto\" data-message-author-role=\"assistant\" data-message-id=\"b2436bcc-9094-424f-8379-0c29b4882a0e\">\n<div class=\"flex w-full flex-col gap-1 empty:hidden first:pt-[3px]\">\n<div class=\"result-streaming markdown prose w-full break-words dark:prose-invert light\">\n<h2>Odkrijte Najbolj\u0161o Izku\u0161njo Medicinskega Turizma<\/h2>\n<p>Dobrodo\u0161li na <em><strong>BestMediTrips.com<\/strong><\/em>, va\u0161i glavni destinaciji za izjemno medicinsko oskrbo v kombinaciji z izjemnimi potovalnimi do\u017eivetji. Na\u0161a ve\u010djezi\u010dna platforma je namenjena povezovanju z najbolj\u0161imi destinacijami za medicinski turizem po vsem svetu in ponuja podrobne vpoglede v najbolj\u0161e razpolo\u017eljive medicinske postopke in storitve.<\/p>\n<h3>Raziskujte Premijske Destinacije Za Zdravstveni In Medicinski Turizem<\/h3>\n<p>Na <em><strong>BestMediTrips.com<\/strong><\/em> ponujamo skrbno izbran izbor mo\u017enosti medicinskega turizma, ki vas vodi skozi raznolik nabor zdravljenj, ki so na voljo v najbolj o\u010darljivih destinacijah na svetu. Odkrijte, kaj naredi vsak kraj edinstven:<\/p>\n<h4><strong><span style=\"color: #ff0000;\">\u2665\u00a0<\/span><\/strong><strong>TUR\u010cIJA:<\/strong> Istanbul, Antalya, Izmir in Ankara<\/h4>\n<p>Tur\u010dija je znana po svojih sodobnih medicinskih ustanovah in cenovno dostopnih zdravljenjih. Razi\u0161\u010dite na\u0161a najbolj\u0161a mesta za vrsto zdravstvenih storitev:<\/p>\n<ul>\n<li><strong>Zobne klinike:<\/strong> Preoblikujte svoj nasmeh s pomo\u010djo naprednih postopkov, kot so implantati, hollywoodski nasmehi in inovativne re\u0161itve, kot sta &#8220;all-on-4&#8221; in &#8220;all-on-6&#8221;.<\/li>\n<li><strong>Klinike za obnovo las:<\/strong> Dosezite naravne in dolgotrajne rezultate z naprednimi tehnikami presaditve las.<\/li>\n<li><strong>Estetske bolni\u0161nice:<\/strong> Izkusite estetsko kirurgijo svetovnega razreda, od liftingov obraza do oblikovanja telesa.<\/li>\n<li><strong>Ortopedski specialisti:<\/strong> Izkoristite napredna zdravljenja za te\u017eave s sklepi in hrbtenico ter zagotovite optimalno okrevanje in mobilnost.<\/li>\n<\/ul>\n<h4><strong><span style=\"color: #ff0000;\">\u2665\u00a0<\/span><\/strong><strong>MAD\u017dARSKA:<\/strong> Budimpe\u0161ta in Debrecen<\/h4>\n<p>Mad\u017earska ponuja priznano zdravstveno oskrbo, zlasti na podro\u010dju zobozdravstvenih posegov. V Budimpe\u0161ti in Debrecenu odkrijte:<\/p>\n<ul>\n<li><strong>Zobne klinike:<\/strong> Prvovrstna oskrba za implantate in estetske zobozdravstvene postopke po konkuren\u010dnih cenah.<\/li>\n<li><strong>Centri za estetsko kirurgijo:<\/strong> Izbolj\u0161ajte svoj videz z natan\u010dno pozornostjo do detajlov.<\/li>\n<\/ul>\n<h4><strong><span style=\"color: #ff0000;\">\u2665\u00a0<\/span><\/strong><strong>SRBIJA:<\/strong> Beograd<\/h4>\n<p>Beograd postaja sredi\u0161\u010de kakovostne zdravstvene oskrbe. Tukaj boste na\u0161li:<\/p>\n<ul>\n<li><strong>Inovativne medicinske storitve:<\/strong> Od zobozdravstvenih do estetskih postopkov, izkusite izjemno oskrbo, prilagojeno va\u0161im potrebam.<\/li>\n<li><strong>Personalizirane medicinske klinike:<\/strong> U\u017eivajte v storitvah v mestu, ki je znano po svojem toplem gostoljubju in medicinskem znanju.<\/li>\n<\/ul>\n<h4><strong><span style=\"color: #ff0000;\">\u2665\u00a0<\/span><\/strong><strong>HRVA\u0160KA:<\/strong> Zagreb in Split<\/h4>\n<p>Hrva\u0161ka zdru\u017euje medicinsko odli\u010dnost s \u010dudovitimi pokrajinami. Odkrijte:<\/p>\n<ul>\n<li><strong>Zobne in estetske klinike:<\/strong> U\u017eivajte v naprednih zdravljenjih v slikovitem okolju.<\/li>\n<li><strong>Rehabilitacijske in wellness bolni\u0161nice:<\/strong> Celovite mo\u017enosti oskrbe, zasnovane za izbolj\u0161anje va\u0161ega splo\u0161nega po\u010dutja.<\/li>\n<\/ul>\n<h4><strong><span style=\"color: #ff0000;\">\u2665\u00a0<\/span><\/strong><strong>POLJSKA:<\/strong> Var\u0161ava in Krakov<\/h4>\n<p>Poljska ponuja visokokakovostne medicinske storitve po dostopnih cenah. Raziskujte:<\/p>\n<ul>\n<li><strong>Objekti za zobozdravstveno oskrbo:<\/strong> Napredne re\u0161itve za implantate in druge zobozdravstvene potrebe.<\/li>\n<li><strong>Ortopedske in estetske klinike:<\/strong> Sodobne ustanove, ki ponujajo \u0161irok spekter postopkov.<\/li>\n<\/ul>\n<h4><strong><span style=\"color: #ff0000;\">\u2665\u00a0<\/span><\/strong><strong>NEM\u010cIJA:<\/strong> Berlin in M\u00fcnchen<\/h4>\n<p>Nem\u010dija je sinonim za medicinske inovacije in kakovost. Dostop do:<\/p>\n<ul>\n<li><strong>Pionirske bolni\u0161nice:<\/strong> Najnovej\u0161e medicinske tehnologije in specializirana oskrba.<\/li>\n<li><strong>Celoviti centri za zdravstvene storitve:<\/strong> Zdravljenje svetovnega razreda za zapletene operacije in rutinske postopke.<\/li>\n<\/ul>\n<h4><strong><span style=\"color: #ff0000;\">\u2665\u00a0<\/span><\/strong><strong>\u010cE\u0160KA:<\/strong> Praga<\/h4>\n<p>Praga ponuja kombinacijo zgodovinskega \u0161arma in sodobne zdravstvene oskrbe. Odkrijte:<\/p>\n<ul>\n<li><strong>Visoko ocenjene zobne klinike:<\/strong> Odli\u010dne re\u0161itve v enem izmed najlep\u0161ih mest v Evropi.<\/li>\n<li><strong>Estetske bolni\u0161nice:<\/strong> Visokokakovostni estetski postopki.<\/li>\n<\/ul>\n<h4><strong><span style=\"color: #ff0000;\">\u2665\u00a0<\/span><\/strong><strong>MEHIKA:<\/strong> Canc\u00fan in Ciudad de M\u00e9xico<\/h4>\n<p>Mehika nudi \u017eivahno ozadje za izjemno medicinsko oskrbo. U\u017eivajte v:<\/p>\n<ul>\n<li><strong>Dostopni centri zdravljenja:<\/strong> Visokokakovostni zobni in estetski postopki.<\/li>\n<li><strong>Klinike za kulturne izku\u0161nje:<\/strong> Zdru\u017eite svoje zdravljenje z bogatim kulturnim potovanjem.<\/li>\n<\/ul>\n<h4><strong><span style=\"color: #ff0000;\">\u2665\u00a0<\/span><\/strong><strong>KOLUMBIJA:<\/strong> Medell\u00edn in Bogot\u00e1<\/h4>\n<p>Kolumbija je znana po usposobljenih zdravstvenih strokovnjakih in stro\u0161kovno ugodnih storitvah. Dostop do:<\/p>\n<ul>\n<li><strong>Celoviti medicinski centri:<\/strong> Razli\u010dni medicinski postopki s poudarkom na kakovosti in dostopnosti.<\/li>\n<li><strong>Specializirane zobne klinike:<\/strong> Oskrba strokovnjakov v dr\u017eavi, znani po napredku na podro\u010dju zdravja.<\/li>\n<\/ul>\n<h4><strong><span style=\"color: #ff0000;\">\u2665\u00a0<\/span><\/strong><strong>TAJSKA:<\/strong> Bangkok in Phuket<\/h4>\n<p>Tajska ponuja popolno kombinacijo zdravstvene oskrbe in potovalnih izku\u0161enj. Odkrijte:<\/p>\n<ul>\n<li><strong>Bolni\u0161nice svetovnega razreda:<\/strong> Vrhunske medicinske storitve za zobozdravstveno oskrbo in wellness programe.<\/li>\n<li><strong>Klinike na lepih destinacijah:<\/strong> Izkusite izjemno zdravstveno oskrbo med raziskovanjem Tajske.<\/li>\n<\/ul>\n<h4><strong><span style=\"color: #ff0000;\">\u2665\u00a0<\/span><\/strong><strong>INDIJA:<\/strong> Delhi in Mumbai<\/h4>\n<p>Indijske zdravstvene ustanove so napredne in dostopne. Razi\u0161\u010dite:<\/p>\n<ul>\n<li><strong>Raznolike medicinske klinike:<\/strong> Visoki standardi v razli\u010dnih medicinskih mo\u017enostih.<\/li>\n<li><strong>Bolni\u0161nice s kvalificiranimi strokovnjaki:<\/strong> Oskrba strokovnjakov v Delhiju in Mumbaiju.<\/li>\n<\/ul>\n<h4><strong><span style=\"color: #ff0000;\">\u2665\u00a0<\/span><\/strong><strong>VIETNAM:<\/strong> Ho Chi Minh in Hanoj<\/h4>\n<p>Vietnam postaja rasto\u010da destinacija za medicinski turizem. Tukaj lahko izkoristite:<\/p>\n<ul>\n<li><strong>U\u010dinkoviti medicinski centri:<\/strong> Dostopna in visokokakovostna oskrba.<\/li>\n<li><strong>Celovite klinike za zdravljenje:<\/strong> Od zobozdravstvene oskrbe do ortopedskih postopkov.<\/li>\n<\/ul>\n<h4>Zakaj izbrati zdravstveni in medicinski turizem?<\/h4>\n<p>Zdravstveni in medicinski turizem vam omogo\u010data kombinacijo vrhunske zdravstvene oskrbe z vznemirljivimi potovalnimi mo\u017enostmi. Na <em>BestMediTrips.com<\/em> smo predani temu, da vam pomagamo najti idealno destinacijo in zdravljenje, ki ustreza va\u0161im potrebam in \u017eeljam. Razi\u0161\u010dite na\u0161o platformo in za\u010dnite svojo pot k izjemni zdravstveni oskrbi in nepozabnim do\u017eivetjem.<\/p>\n<\/div>\n<\/div>\n<\/div>\n<\/div>\n<\/div>\n<\/div>\n<\/div>\n<\/div>\n<\/article>\n<\/div>\n<\/div>\n<\/div>\n<\/div>\n<\/div>\n","protected":false},"excerpt":{"rendered":"<p>Odkrijte Najbolj\u0161o Izku\u0161njo Medicinskega Turizma Dobrodo\u0161li na BestMediTrips.com, va\u0161i glavni destinaciji za izjemno medicinsko oskrbo v kombinaciji z izjemnimi potovalnimi do\u017eivetji. Na\u0161a ve\u010djezi\u010dna platforma je namenjena povezovanju z najbolj\u0161imi destinacijami za medicinski turizem po vsem svetu in ponuja podrobne vpoglede v najbolj\u0161e razpolo\u017eljive medicinske postopke in storitve. Raziskujte Premijske Destinacije Za Zdravstveni In Medicinski Turizem &#8230; <a title=\"Medicinski Turizem in Destinacije\" class=\"read-more\" href=\"https:\/\/bestmeditrips.com\/sl\/\" aria-label=\"Read more about Medicinski Turizem in Destinacije\">Read more<\/a><\/p>\n","protected":false},"author":1,"featured_media":349,"parent":0,"menu_order":0,"comment_status":"closed","ping_status":"closed","template":"","meta":{"footnotes":""},"class_list":["post-316","page","type-page","status-publish","has-post-thumbnail"],"yoast_head":"<!-- This site is optimized with the Yoast SEO plugin v27.4 - https:\/\/yoast.com\/product\/yoast-seo-wordpress\/ -->\n<title>Strokovnjaki za Medicinski Turizem | Premium Zdravljenja in Destinacije<\/title>\n<meta name=\"description\" content=\"Razi\u0161\u010dite vrhunske zdravstvene turisti\u010dne storitve z najbolj\u0161imi klinikami, zdravniki in zobozdravniki, ki ponujajo strokovne nasvete za najbolj\u0161a medicinska potovanja.\" \/>\n<meta name=\"robots\" content=\"index, follow, max-snippet:-1, max-image-preview:large, max-video-preview:-1\" \/>\n<link rel=\"canonical\" href=\"https:\/\/bestmeditrips.com\/sl\/\" \/>\n<meta property=\"og:locale\" content=\"sl_SI\" \/>\n<meta property=\"og:type\" content=\"article\" \/>\n<meta property=\"og:title\" content=\"Strokovnjaki za Medicinski Turizem | Premium Zdravljenja in Destinacije\" \/>\n<meta property=\"og:description\" content=\"Razi\u0161\u010dite vrhunske zdravstvene turisti\u010dne storitve z najbolj\u0161imi klinikami, zdravniki in zobozdravniki, ki ponujajo strokovne nasvete za najbolj\u0161a medicinska potovanja.\" \/>\n<meta property=\"og:url\" content=\"https:\/\/bestmeditrips.com\/sl\/\" \/>\n<meta property=\"og:site_name\" content=\"Bestmeditrips.com\" \/>\n<meta property=\"article:publisher\" content=\"https:\/\/www.facebook.com\/profile.php?id=61565479139599\" \/>\n<meta property=\"article:modified_time\" content=\"2024-09-23T09:04:11+00:00\" \/>\n<meta property=\"og:image\" content=\"https:\/\/bestmeditrips.com\/wp-content\/uploads\/2024\/09\/health-tourism.jpg\" \/>\n\t<meta property=\"og:image:width\" content=\"1024\" \/>\n\t<meta property=\"og:image:height\" content=\"683\" \/>\n\t<meta property=\"og:image:type\" content=\"image\/jpeg\" \/>\n<meta name=\"twitter:card\" content=\"summary_large_image\" \/>\n<meta name=\"twitter:label1\" content=\"Est. reading time\" \/>\n\t<meta name=\"twitter:data1\" content=\"4 minute\" \/>\n<script type=\"application\/ld+json\" class=\"yoast-schema-graph\">{\"@context\":\"https:\\\/\\\/schema.org\",\"@graph\":[{\"@type\":\"WebPage\",\"@id\":\"https:\\\/\\\/bestmeditrips.com\\\/sl\\\/\",\"url\":\"https:\\\/\\\/bestmeditrips.com\\\/sl\\\/\",\"name\":\"Strokovnjaki za Medicinski Turizem | Premium Zdravljenja in Destinacije\",\"isPartOf\":{\"@id\":\"https:\\\/\\\/bestmeditrips.com\\\/sl\\\/#website\"},\"primaryImageOfPage\":{\"@id\":\"https:\\\/\\\/bestmeditrips.com\\\/sl\\\/#primaryimage\"},\"image\":{\"@id\":\"https:\\\/\\\/bestmeditrips.com\\\/sl\\\/#primaryimage\"},\"thumbnailUrl\":\"https:\\\/\\\/bestmeditrips.com\\\/wp-content\\\/uploads\\\/2024\\\/09\\\/health-tourism.jpg\",\"datePublished\":\"2024-09-02T17:44:40+00:00\",\"dateModified\":\"2024-09-23T09:04:11+00:00\",\"description\":\"Razi\u0161\u010dite vrhunske zdravstvene turisti\u010dne storitve z najbolj\u0161imi klinikami, zdravniki in zobozdravniki, ki ponujajo strokovne nasvete za najbolj\u0161a medicinska potovanja.\",\"breadcrumb\":{\"@id\":\"https:\\\/\\\/bestmeditrips.com\\\/sl\\\/#breadcrumb\"},\"inLanguage\":\"sl-SI\",\"potentialAction\":[{\"@type\":\"ReadAction\",\"target\":[\"https:\\\/\\\/bestmeditrips.com\\\/sl\\\/\"]}]},{\"@type\":\"ImageObject\",\"inLanguage\":\"sl-SI\",\"@id\":\"https:\\\/\\\/bestmeditrips.com\\\/sl\\\/#primaryimage\",\"url\":\"https:\\\/\\\/bestmeditrips.com\\\/wp-content\\\/uploads\\\/2024\\\/09\\\/health-tourism.jpg\",\"contentUrl\":\"https:\\\/\\\/bestmeditrips.com\\\/wp-content\\\/uploads\\\/2024\\\/09\\\/health-tourism.jpg\",\"width\":1024,\"height\":683,\"caption\":\"Medical tourism and best destinations in the world for dental, hair transplant, orthopedic and aesthetic treatments\"},{\"@type\":\"BreadcrumbList\",\"@id\":\"https:\\\/\\\/bestmeditrips.com\\\/sl\\\/#breadcrumb\",\"itemListElement\":[{\"@type\":\"ListItem\",\"position\":1,\"name\":\"Home\",\"item\":\"https:\\\/\\\/bestmeditrips.com\\\/sl\\\/\"},{\"@type\":\"ListItem\",\"position\":2,\"name\":\"Medicinski Turizem in Destinacije\"}]},{\"@type\":\"WebSite\",\"@id\":\"https:\\\/\\\/bestmeditrips.com\\\/sl\\\/#website\",\"url\":\"https:\\\/\\\/bestmeditrips.com\\\/sl\\\/\",\"name\":\"Bestmeditrips.com\",\"description\":\"Medicinski turizem, najbolj\u0161i tretmaji, klinike, zdravniki in zobozdravniki!\",\"publisher\":{\"@id\":\"https:\\\/\\\/bestmeditrips.com\\\/sl\\\/#organization\"},\"potentialAction\":[{\"@type\":\"SearchAction\",\"target\":{\"@type\":\"EntryPoint\",\"urlTemplate\":\"https:\\\/\\\/bestmeditrips.com\\\/sl\\\/?s={search_term_string}\"},\"query-input\":{\"@type\":\"PropertyValueSpecification\",\"valueRequired\":true,\"valueName\":\"search_term_string\"}}],\"inLanguage\":\"sl-SI\"},{\"@type\":\"Organization\",\"@id\":\"https:\\\/\\\/bestmeditrips.com\\\/sl\\\/#organization\",\"name\":\"Bestmeditrips.com\",\"url\":\"https:\\\/\\\/bestmeditrips.com\\\/sl\\\/\",\"logo\":{\"@type\":\"ImageObject\",\"inLanguage\":\"sl-SI\",\"@id\":\"https:\\\/\\\/bestmeditrips.com\\\/sl\\\/#\\\/schema\\\/logo\\\/image\\\/\",\"url\":\"https:\\\/\\\/bestmeditrips.com\\\/wp-content\\\/uploads\\\/2024\\\/09\\\/logo-2.png\",\"contentUrl\":\"https:\\\/\\\/bestmeditrips.com\\\/wp-content\\\/uploads\\\/2024\\\/09\\\/logo-2.png\",\"width\":500,\"height\":98,\"caption\":\"Bestmeditrips.com\"},\"image\":{\"@id\":\"https:\\\/\\\/bestmeditrips.com\\\/sl\\\/#\\\/schema\\\/logo\\\/image\\\/\"},\"sameAs\":[\"https:\\\/\\\/www.facebook.com\\\/profile.php?id=61565479139599\"]}]}<\/script>\n<!-- \/ Yoast SEO plugin. -->","yoast_head_json":{"title":"Strokovnjaki za Medicinski Turizem | Premium Zdravljenja in Destinacije","description":"Razi\u0161\u010dite vrhunske zdravstvene turisti\u010dne storitve z najbolj\u0161imi klinikami, zdravniki in zobozdravniki, ki ponujajo strokovne nasvete za najbolj\u0161a medicinska potovanja.","robots":{"index":"index","follow":"follow","max-snippet":"max-snippet:-1","max-image-preview":"max-image-preview:large","max-video-preview":"max-video-preview:-1"},"canonical":"https:\/\/bestmeditrips.com\/sl\/","og_locale":"sl_SI","og_type":"article","og_title":"Strokovnjaki za Medicinski Turizem | Premium Zdravljenja in Destinacije","og_description":"Razi\u0161\u010dite vrhunske zdravstvene turisti\u010dne storitve z najbolj\u0161imi klinikami, zdravniki in zobozdravniki, ki ponujajo strokovne nasvete za najbolj\u0161a medicinska potovanja.","og_url":"https:\/\/bestmeditrips.com\/sl\/","og_site_name":"Bestmeditrips.com","article_publisher":"https:\/\/www.facebook.com\/profile.php?id=61565479139599","article_modified_time":"2024-09-23T09:04:11+00:00","og_image":[{"width":1024,"height":683,"url":"https:\/\/bestmeditrips.com\/wp-content\/uploads\/2024\/09\/health-tourism.jpg","type":"image\/jpeg"}],"twitter_card":"summary_large_image","twitter_misc":{"Est. reading time":"4 minute"},"schema":{"@context":"https:\/\/schema.org","@graph":[{"@type":"WebPage","@id":"https:\/\/bestmeditrips.com\/sl\/","url":"https:\/\/bestmeditrips.com\/sl\/","name":"Strokovnjaki za Medicinski Turizem | Premium Zdravljenja in Destinacije","isPartOf":{"@id":"https:\/\/bestmeditrips.com\/sl\/#website"},"primaryImageOfPage":{"@id":"https:\/\/bestmeditrips.com\/sl\/#primaryimage"},"image":{"@id":"https:\/\/bestmeditrips.com\/sl\/#primaryimage"},"thumbnailUrl":"https:\/\/bestmeditrips.com\/wp-content\/uploads\/2024\/09\/health-tourism.jpg","datePublished":"2024-09-02T17:44:40+00:00","dateModified":"2024-09-23T09:04:11+00:00","description":"Razi\u0161\u010dite vrhunske zdravstvene turisti\u010dne storitve z najbolj\u0161imi klinikami, zdravniki in zobozdravniki, ki ponujajo strokovne nasvete za najbolj\u0161a medicinska potovanja.","breadcrumb":{"@id":"https:\/\/bestmeditrips.com\/sl\/#breadcrumb"},"inLanguage":"sl-SI","potentialAction":[{"@type":"ReadAction","target":["https:\/\/bestmeditrips.com\/sl\/"]}]},{"@type":"ImageObject","inLanguage":"sl-SI","@id":"https:\/\/bestmeditrips.com\/sl\/#primaryimage","url":"https:\/\/bestmeditrips.com\/wp-content\/uploads\/2024\/09\/health-tourism.jpg","contentUrl":"https:\/\/bestmeditrips.com\/wp-content\/uploads\/2024\/09\/health-tourism.jpg","width":1024,"height":683,"caption":"Medical tourism and best destinations in the world for dental, hair transplant, orthopedic and aesthetic treatments"},{"@type":"BreadcrumbList","@id":"https:\/\/bestmeditrips.com\/sl\/#breadcrumb","itemListElement":[{"@type":"ListItem","position":1,"name":"Home","item":"https:\/\/bestmeditrips.com\/sl\/"},{"@type":"ListItem","position":2,"name":"Medicinski Turizem in Destinacije"}]},{"@type":"WebSite","@id":"https:\/\/bestmeditrips.com\/sl\/#website","url":"https:\/\/bestmeditrips.com\/sl\/","name":"Bestmeditrips.com","description":"Medicinski turizem, najbolj\u0161i tretmaji, klinike, zdravniki in zobozdravniki!","publisher":{"@id":"https:\/\/bestmeditrips.com\/sl\/#organization"},"potentialAction":[{"@type":"SearchAction","target":{"@type":"EntryPoint","urlTemplate":"https:\/\/bestmeditrips.com\/sl\/?s={search_term_string}"},"query-input":{"@type":"PropertyValueSpecification","valueRequired":true,"valueName":"search_term_string"}}],"inLanguage":"sl-SI"},{"@type":"Organization","@id":"https:\/\/bestmeditrips.com\/sl\/#organization","name":"Bestmeditrips.com","url":"https:\/\/bestmeditrips.com\/sl\/","logo":{"@type":"ImageObject","inLanguage":"sl-SI","@id":"https:\/\/bestmeditrips.com\/sl\/#\/schema\/logo\/image\/","url":"https:\/\/bestmeditrips.com\/wp-content\/uploads\/2024\/09\/logo-2.png","contentUrl":"https:\/\/bestmeditrips.com\/wp-content\/uploads\/2024\/09\/logo-2.png","width":500,"height":98,"caption":"Bestmeditrips.com"},"image":{"@id":"https:\/\/bestmeditrips.com\/sl\/#\/schema\/logo\/image\/"},"sameAs":["https:\/\/www.facebook.com\/profile.php?id=61565479139599"]}]}},"_links":{"self":[{"href":"https:\/\/bestmeditrips.com\/sl\/wp-json\/wp\/v2\/pages\/316","targetHints":{"allow":["GET"]}}],"collection":[{"href":"https:\/\/bestmeditrips.com\/sl\/wp-json\/wp\/v2\/pages"}],"about":[{"href":"https:\/\/bestmeditrips.com\/sl\/wp-json\/wp\/v2\/types\/page"}],"author":[{"embeddable":true,"href":"https:\/\/bestmeditrips.com\/sl\/wp-json\/wp\/v2\/users\/1"}],"replies":[{"embeddable":true,"href":"https:\/\/bestmeditrips.com\/sl\/wp-json\/wp\/v2\/comments?post=316"}],"version-history":[{"count":4,"href":"https:\/\/bestmeditrips.com\/sl\/wp-json\/wp\/v2\/pages\/316\/revisions"}],"predecessor-version":[{"id":830,"href":"https:\/\/bestmeditrips.com\/sl\/wp-json\/wp\/v2\/pages\/316\/revisions\/830"}],"wp:featuredmedia":[{"embeddable":true,"href":"https:\/\/bestmeditrips.com\/sl\/wp-json\/wp\/v2\/media\/349"}],"wp:attachment":[{"href":"https:\/\/bestmeditrips.com\/sl\/wp-json\/wp\/v2\/media?parent=316"}],"curies":[{"name":"wp","href":"https:\/\/api.w.org\/{rel}","templated":true}]}}