{"id":1121,"date":"2024-09-23T21:41:39","date_gmt":"2024-09-23T18:41:39","guid":{"rendered":"https:\/\/bestmeditrips.com\/turcija\/"},"modified":"2024-09-23T21:41:39","modified_gmt":"2024-09-23T18:41:39","slug":"turcija","status":"publish","type":"page","link":"https:\/\/bestmeditrips.com\/sl\/turcija\/","title":{"rendered":"Tur\u010dija"},"content":{"rendered":"<h2>Odkrijte premium zdravstveno oskrbo v Tur\u010diji<\/h2>\n<p>Tur\u010dija je postala vodilna destinacija za zdravstveni turizem, saj ponuja vrhunske medicinske postopke po dostopnih cenah. Ne glede na to, ali razmi\u0161ljate o <strong>zobnih vsadkih<\/strong>, <strong>estetski kirurgiji<\/strong>, <strong>ortopedskih boleznih<\/strong>, <strong>o\u010desnih zdravljenjih<\/strong>, <strong>presaditvi las<\/strong>, <strong>zdravljenju raka<\/strong> ali drugih specializiranih postopkih, Tur\u010dija vam omogo\u010da dostop do visoko usposobljenih strokovnjakov in sodobnih klinik.<\/p>\n<figure style=\"width: 1014px\" class=\"wp-caption aligncenter\"><img loading=\"lazy\" decoding=\"async\" src=\"https:\/\/bestmeditrips.com\/wp-content\/uploads\/2024\/09\/turkey-hospital.jpg\" alt=\"One of the new and modern hospitals in Istanbul. \" width=\"1024\" height=\"616\" \/><figcaption class=\"wp-caption-text\"><em>Moderna zasebna bolni\u0161nica v evropski strani Istanbula<\/em><\/figcaption><\/figure>\n<h3>Zakaj izbrati Tur\u010dijo za va\u0161e zdravstveno potovanje?<\/h3>\n<p>Izbira Tur\u010dije za va\u0161e zdravstvene postopke ponuja \u0161tevilne prednosti:<\/p>\n<ul>\n<li><strong>Visoko usposobljeni zdravniki<\/strong>: Tur\u010dija je dom nekaterih najbolj izku\u0161enih kirurgov in specialistov na svetu, od katerih se je veliko izobra\u017eevalo na mednarodni ravni.<\/li>\n<li><strong>Dostopni postopki<\/strong>: Medicinski postopki v Tur\u010diji lahko stanejo do 70 % manj kot v ZDA ali Evropi, ne da bi pri tem ogrozili kakovost.<\/li>\n<li><strong>Sodobne klinike<\/strong>: Tur\u0161ke klinike so opremljene z najsodobnej\u0161o tehnologijo, ki zagotavlja visok standard oskrbe in zdravljenja.<\/li>\n<li><strong>Enostavno potovanje<\/strong>: Glavna tur\u0161ka mesta, kot so <strong>Istanbul<\/strong>, <strong>Antalya<\/strong> in <strong>Izmir<\/strong>, so zlahka dostopna z vseh koncev sveta, kar Tur\u010dijo naredi priro\u010dno destinacijo za mednarodne paciente.<\/li>\n<\/ul>\n<figure style=\"width: 1014px\" class=\"wp-caption aligncenter\"><img loading=\"lazy\" decoding=\"async\" src=\"https:\/\/bestmeditrips.com\/wp-content\/uploads\/2024\/09\/health-tourism-istanbul-1.jpg\" alt=\"Why to prefer Turkey, Istanbul, Antalya, Izmir for dental and other medical treatments?\" width=\"1024\" height=\"455\" \/><figcaption class=\"wp-caption-text\"><em>Ena izmed zobozdravstvenih klinik v Istanbulu<\/em><\/figcaption><\/figure>\n<h3>Priljubljeni postopki v Tur\u010diji<\/h3>\n<ul>\n<li><em>Zobni vsadki<\/em>: Tur\u010dija je znana po svojih cenovno ugodnih in kakovostnih storitvah <strong>zobnih vsadkov<\/strong>, vklju\u010dno s postopki <em>all-on-4<\/em> in <em>all-on-6<\/em>.<\/li>\n<li><em>Rinoplastika<\/em> in <em>pove\u010danje prsi<\/em>: Tur\u010dija ponuja \u0161iroko paleto postopkov <strong>estetske kirurgije<\/strong>, ki jih izvajajo certificirani strokovnjaki.<\/li>\n<li><em>Obnova las<\/em>: S klinikami, ki ponujajo napredne tehnike, je Tur\u010dija postala vodilna destinacija za postopke <strong>presaditve las<\/strong>.<\/li>\n<li><strong>Ortopedske bolezni<\/strong>: Tur\u010dija ponuja vrhunsko ortopedsko oskrbo, specializirano za <em>zamenjave sklepov<\/em>, <em>trganje meniskusa<\/em> in minimalno invazivne operacije.<\/li>\n<li><strong>Zdravljenje o\u010di<\/strong>: Tur\u010dija je tudi vodilna destinacija za oftalmolo\u0161ko oskrbo, ponuja postopke, kot so <em>LASIK<\/em>, <em>operacija sive mrene<\/em> in <em>presaditev ro\u017eenice<\/em>. S pomo\u010djo napredne tehnologije in izku\u0161enih oftalmologov lahko pacienti pri\u010dakujejo visokokakovostno oskrbo po konkuren\u010dnih cenah.<\/li>\n<li><strong>Zdravljenje raka<\/strong>: Tur\u010dija postaja vse bolj pomemben center za napredno zdravljenje raka, ponuja celovito oskrbo pacientom z razli\u010dnimi vrstami raka. Od najnovej\u0161e kemoterapije in radioterapije do inovativne imunoterapije in natan\u010dne onkologije, tur\u0161ke klinike omogo\u010dajo dostop do vrhunskih onkologov in najnovej\u0161ih medicinskih tehnologij. Pacienti lahko pri\u010dakujejo prilagojene na\u010drte zdravljenja po bistveno ni\u017ejih stro\u0161kih kot v zahodnih dr\u017eavah, brez kompromisov glede kakovosti.<\/li>\n<\/ul>\n<h3>Glavna mesta za zdravstveni turizem v Tur\u010diji<\/h3>\n<ul>\n<li><strong>Istanbul<\/strong>: Znano po svojih vrhunskih klinikah za <strong>zobne vsadke<\/strong> in <strong>estetsko kirurgijo<\/strong>, <strong>Istanbul<\/strong> vsako leto privabi na tiso\u010de mednarodnih pacientov.<\/li>\n<li><strong>Antalya<\/strong>: Obalno mesto, ki ponuja ne samo vrhunsko zdravstveno oskrbo, temve\u010d tudi spro\u0161\u010dujo\u010de okolje za okrevanje, zlasti po estetskih postopkih.<\/li>\n<li><strong>Izmir<\/strong>: Klju\u010dno mesto za zobozdravstveno oskrbo in zdravljenje <strong>ortopedskih bolezni<\/strong>, <strong>Izmir<\/strong> postaja vse pomembnej\u0161e sredi\u0161\u010de za zdravstveni turizem.<\/li>\n<\/ul>\n<h3>Dobite najbolj\u0161e zdravljenje po najbolj\u0161ih cenah<\/h3>\n<p>Z izbiro Tur\u010dije ne dobite le vrhunske zdravstvene oskrbe, temve\u010d tudi znatno prihranite pri medicinskih stro\u0161kih. \u0160tevilne klinike ponujajo pakete all-inclusive, ki vklju\u010dujejo zdravljenje, nastanitev in prevoz, kar zagotavlja brezhibno izku\u0161njo za mednarodne paciente.<\/p>\n<h3>Za\u010dnite na\u010drtovati svoje zdravstveno potovanje v Tur\u010dijo<\/h3>\n<p>Ste pripravljeni raziskati mo\u017enosti zdravstvene oskrbe v Tur\u010diji? Obrnite se na na\u0161o ekipo, da prejmete prilagojene nasvete in priporo\u010dila o najbolj\u0161ih klinikah in postopkih. Pomagali vam bomo sprejeti premi\u0161ljene odlo\u010ditve in zagotoviti vrhunske zdravstvene storitve po dostopnih cenah.<\/p>\n<p><span style=\"text-decoration: underline;\"><strong>KONTAKTIRAJTE NAS<\/strong><\/span><\/p>\n<style id=\"wpforms-css-vars-673\">\n\t\t\t\t#wpforms-673 {\n\t\t\t\t\n\t\t\t}\n\t\t\t<\/style><div class=\"wpforms-container wpforms-container-full wpforms-render-modern\" id=\"wpforms-673\"><form id=\"wpforms-form-673\" class=\"wpforms-validate wpforms-form wpforms-ajax-form\" data-formid=\"673\" method=\"post\" enctype=\"multipart\/form-data\" action=\"\/sl\/wp-json\/wp\/v2\/pages\/1121\" data-token=\"3afdf7b15cb95e56096648baafd6df2b\" data-token-time=\"1776390666\"><noscript class=\"wpforms-error-noscript\">Please enable JavaScript in your browser to complete this form.<\/noscript><div id=\"wpforms-error-noscript\" style=\"display: none;\">Please enable JavaScript in your browser to complete this form.<\/div><div class=\"wpforms-field-container\"><div id=\"wpforms-673-field_1-container\" class=\"wpforms-field wpforms-field-name\" data-field-id=\"1\"><fieldset><legend class=\"wpforms-field-label\">Ime in priimek <span class=\"wpforms-required-label\" aria-hidden=\"true\">*<\/span><\/legend><div class=\"wpforms-field-row wpforms-field-medium\"><div class=\"wpforms-field-row-block wpforms-first wpforms-one-half\"><input type=\"text\" id=\"wpforms-673-field_1\" class=\"wpforms-field-name-first wpforms-field-required\" name=\"wpforms[fields][1][first]\" aria-errormessage=\"wpforms-673-field_1-error\" required><label for=\"wpforms-673-field_1\" class=\"wpforms-field-sublabel after\">First<\/label><\/div><div class=\"wpforms-field-row-block wpforms-one-half\"><input type=\"text\" id=\"wpforms-673-field_1-last\" class=\"wpforms-field-name-last wpforms-field-required\" name=\"wpforms[fields][1][last]\" aria-errormessage=\"wpforms-673-field_1-last-error\" required><label for=\"wpforms-673-field_1-last\" class=\"wpforms-field-sublabel after\">Last<\/label><\/div><\/div><\/fieldset><\/div>\t\t<div id=\"wpforms-673-field_4-container\"\n\t\t\tclass=\"wpforms-field wpforms-field-text\"\n\t\t\tdata-field-type=\"text\"\n\t\t\tdata-field-id=\"4\"\n\t\t\t>\n\t\t\t<label class=\"wpforms-field-label\" for=\"wpforms-673-field_4\" >sporo\u010dilo in Ime<\/label>\n\t\t\t<input type=\"text\" id=\"wpforms-673-field_4\" class=\"wpforms-field-medium\" name=\"wpforms[fields][4]\" >\n\t\t<\/div>\n\t\t<div id=\"wpforms-673-field_2-container\" class=\"wpforms-field wpforms-field-email\" data-field-id=\"2\"><label class=\"wpforms-field-label\" for=\"wpforms-673-field_2\">E-po\u0161ta in mobilni telefon <span class=\"wpforms-required-label\" aria-hidden=\"true\">*<\/span><\/label><input type=\"email\" id=\"wpforms-673-field_2\" class=\"wpforms-field-medium wpforms-field-required\" name=\"wpforms[fields][2]\" spellcheck=\"false\" aria-errormessage=\"wpforms-673-field_2-error\" required><\/div><div id=\"wpforms-673-field_3-container\" class=\"wpforms-field wpforms-field-textarea\" data-field-id=\"3\"><label class=\"wpforms-field-label\" for=\"wpforms-673-field_3\">Va\u0161e sporo\u010dilo<\/label><textarea id=\"wpforms-673-field_3\" class=\"wpforms-field-medium\" name=\"wpforms[fields][3]\" aria-errormessage=\"wpforms-673-field_3-error\" ><\/textarea><\/div><script>\n\t\t\t\t( function() {\n\t\t\t\t\tconst style = document.createElement( 'style' );\n\t\t\t\t\tstyle.appendChild( document.createTextNode( '#wpforms-673-field_4-container { position: absolute !important; overflow: hidden !important; display: inline !important; height: 1px !important; width: 1px !important; z-index: -1000 !important; padding: 0 !important; } #wpforms-673-field_4-container input { visibility: hidden; } #wpforms-conversational-form-page #wpforms-673-field_4-container label { counter-increment: none; }' ) );\n\t\t\t\t\tdocument.head.appendChild( style );\n\t\t\t\t\tdocument.currentScript?.remove();\n\t\t\t\t} )();\n\t\t\t<\/script><\/div><!-- .wpforms-field-container --><div class=\"wpforms-submit-container\" ><input type=\"hidden\" name=\"wpforms[id]\" value=\"673\"><input type=\"hidden\" name=\"page_title\" value=\"\"><input type=\"hidden\" name=\"page_url\" value=\"https:\/\/bestmeditrips.com\/sl\/wp-json\/wp\/v2\/pages\/1121\"><input type=\"hidden\" name=\"url_referer\" value=\"\"><button type=\"submit\" name=\"wpforms[submit]\" id=\"wpforms-submit-673\" class=\"wpforms-submit\" data-alt-text=\"Sending...\" data-submit-text=\"Po\u0161lji\" aria-live=\"assertive\" value=\"wpforms-submit\">Po\u0161lji<\/button><img loading=\"lazy\" decoding=\"async\" src=\"https:\/\/bestmeditrips.com\/wp-content\/plugins\/wpforms-lite\/assets\/images\/submit-spin.svg\" class=\"wpforms-submit-spinner\" style=\"display: none;\" width=\"26\" height=\"26\" alt=\"Loading\"><\/div><\/form><\/div>  <!-- .wpforms-container -->\n","protected":false},"excerpt":{"rendered":"<p>Odkrijte premium zdravstveno oskrbo v Tur\u010diji Tur\u010dija je postala vodilna destinacija za zdravstveni turizem, saj ponuja vrhunske medicinske postopke po dostopnih cenah. Ne glede na to, ali razmi\u0161ljate o zobnih vsadkih, estetski kirurgiji, ortopedskih boleznih, o\u010desnih zdravljenjih, presaditvi las, zdravljenju raka ali drugih specializiranih postopkih, Tur\u010dija vam omogo\u010da dostop do visoko usposobljenih strokovnjakov in sodobnih &#8230; <a title=\"Tur\u010dija\" class=\"read-more\" href=\"https:\/\/bestmeditrips.com\/sl\/turcija\/\" aria-label=\"Read more about Tur\u010dija\">Read more<\/a><\/p>\n","protected":false},"author":1,"featured_media":924,"parent":0,"menu_order":0,"comment_status":"closed","ping_status":"closed","template":"","meta":{"footnotes":""},"class_list":["post-1121","page","type-page","status-publish","has-post-thumbnail"],"yoast_head":"<!-- This site is optimized with the Yoast SEO plugin v27.4 - https:\/\/yoast.com\/product\/yoast-seo-wordpress\/ -->\n<title>Medicinski Turizem v Tur\u010diji: Cenovno Dostopni Zdravstveni Posegi, Klinike Premium<\/title>\n<meta name=\"description\" content=\"Odkrijte zdravstvene storitve svetovnega razreda v Tur\u010diji. Cenovno dostopne cene in strokovna oskrba najbolj\u0161ih zdravnikov v Istanbulu, Antalyi, Izmiru...\" \/>\n<meta name=\"robots\" content=\"index, follow, max-snippet:-1, max-image-preview:large, max-video-preview:-1\" \/>\n<link rel=\"canonical\" href=\"https:\/\/bestmeditrips.com\/sl\/turcija\/\" \/>\n<meta property=\"og:locale\" content=\"sl_SI\" \/>\n<meta property=\"og:type\" content=\"article\" \/>\n<meta property=\"og:title\" content=\"Medicinski Turizem v Tur\u010diji: Cenovno Dostopni Zdravstveni Posegi, Klinike Premium\" \/>\n<meta property=\"og:description\" content=\"Odkrijte zdravstvene storitve svetovnega razreda v Tur\u010diji. Cenovno dostopne cene in strokovna oskrba najbolj\u0161ih zdravnikov v Istanbulu, Antalyi, Izmiru...\" \/>\n<meta property=\"og:url\" content=\"https:\/\/bestmeditrips.com\/sl\/turcija\/\" \/>\n<meta property=\"og:site_name\" content=\"Bestmeditrips.com\" \/>\n<meta property=\"article:publisher\" content=\"https:\/\/www.facebook.com\/profile.php?id=61565479139599\" \/>\n<meta property=\"og:image\" content=\"https:\/\/bestmeditrips.com\/wp-content\/uploads\/2024\/09\/turkey-e1727124656345.jpg\" \/>\n\t<meta property=\"og:image:width\" content=\"1350\" \/>\n\t<meta property=\"og:image:height\" content=\"360\" \/>\n\t<meta property=\"og:image:type\" content=\"image\/jpeg\" \/>\n<meta name=\"twitter:card\" content=\"summary_large_image\" \/>\n<meta name=\"twitter:label1\" content=\"Est. reading time\" \/>\n\t<meta name=\"twitter:data1\" content=\"3 minute\" \/>\n<script type=\"application\/ld+json\" class=\"yoast-schema-graph\">{\"@context\":\"https:\\\/\\\/schema.org\",\"@graph\":[{\"@type\":\"WebPage\",\"@id\":\"https:\\\/\\\/bestmeditrips.com\\\/sl\\\/turcija\\\/\",\"url\":\"https:\\\/\\\/bestmeditrips.com\\\/sl\\\/turcija\\\/\",\"name\":\"Medicinski Turizem v Tur\u010diji: Cenovno Dostopni Zdravstveni Posegi, Klinike Premium\",\"isPartOf\":{\"@id\":\"https:\\\/\\\/bestmeditrips.com\\\/sl\\\/#website\"},\"primaryImageOfPage\":{\"@id\":\"https:\\\/\\\/bestmeditrips.com\\\/sl\\\/turcija\\\/#primaryimage\"},\"image\":{\"@id\":\"https:\\\/\\\/bestmeditrips.com\\\/sl\\\/turcija\\\/#primaryimage\"},\"thumbnailUrl\":\"https:\\\/\\\/bestmeditrips.com\\\/wp-content\\\/uploads\\\/2024\\\/09\\\/turkey-e1727124656345.jpg\",\"datePublished\":\"2024-09-23T18:41:39+00:00\",\"description\":\"Odkrijte zdravstvene storitve svetovnega razreda v Tur\u010diji. Cenovno dostopne cene in strokovna oskrba najbolj\u0161ih zdravnikov v Istanbulu, Antalyi, Izmiru...\",\"breadcrumb\":{\"@id\":\"https:\\\/\\\/bestmeditrips.com\\\/sl\\\/turcija\\\/#breadcrumb\"},\"inLanguage\":\"sl-SI\",\"potentialAction\":[{\"@type\":\"ReadAction\",\"target\":[\"https:\\\/\\\/bestmeditrips.com\\\/sl\\\/turcija\\\/\"]}]},{\"@type\":\"ImageObject\",\"inLanguage\":\"sl-SI\",\"@id\":\"https:\\\/\\\/bestmeditrips.com\\\/sl\\\/turcija\\\/#primaryimage\",\"url\":\"https:\\\/\\\/bestmeditrips.com\\\/wp-content\\\/uploads\\\/2024\\\/09\\\/turkey-e1727124656345.jpg\",\"contentUrl\":\"https:\\\/\\\/bestmeditrips.com\\\/wp-content\\\/uploads\\\/2024\\\/09\\\/turkey-e1727124656345.jpg\",\"width\":1350,\"height\":360,\"caption\":\"Tur\u010dija; vrhunska zdravstvena oskrba, prestolnica medicinskega\\\/zdravstvenega turizma.\"},{\"@type\":\"BreadcrumbList\",\"@id\":\"https:\\\/\\\/bestmeditrips.com\\\/sl\\\/turcija\\\/#breadcrumb\",\"itemListElement\":[{\"@type\":\"ListItem\",\"position\":1,\"name\":\"Home\",\"item\":\"https:\\\/\\\/bestmeditrips.com\\\/sl\\\/\"},{\"@type\":\"ListItem\",\"position\":2,\"name\":\"Tur\u010dija\"}]},{\"@type\":\"WebSite\",\"@id\":\"https:\\\/\\\/bestmeditrips.com\\\/sl\\\/#website\",\"url\":\"https:\\\/\\\/bestmeditrips.com\\\/sl\\\/\",\"name\":\"Bestmeditrips.com\",\"description\":\"Medicinski turizem, najbolj\u0161i tretmaji, klinike, zdravniki in zobozdravniki!\",\"publisher\":{\"@id\":\"https:\\\/\\\/bestmeditrips.com\\\/sl\\\/#organization\"},\"potentialAction\":[{\"@type\":\"SearchAction\",\"target\":{\"@type\":\"EntryPoint\",\"urlTemplate\":\"https:\\\/\\\/bestmeditrips.com\\\/sl\\\/?s={search_term_string}\"},\"query-input\":{\"@type\":\"PropertyValueSpecification\",\"valueRequired\":true,\"valueName\":\"search_term_string\"}}],\"inLanguage\":\"sl-SI\"},{\"@type\":\"Organization\",\"@id\":\"https:\\\/\\\/bestmeditrips.com\\\/sl\\\/#organization\",\"name\":\"Bestmeditrips.com\",\"url\":\"https:\\\/\\\/bestmeditrips.com\\\/sl\\\/\",\"logo\":{\"@type\":\"ImageObject\",\"inLanguage\":\"sl-SI\",\"@id\":\"https:\\\/\\\/bestmeditrips.com\\\/sl\\\/#\\\/schema\\\/logo\\\/image\\\/\",\"url\":\"https:\\\/\\\/bestmeditrips.com\\\/wp-content\\\/uploads\\\/2024\\\/09\\\/logo-2.png\",\"contentUrl\":\"https:\\\/\\\/bestmeditrips.com\\\/wp-content\\\/uploads\\\/2024\\\/09\\\/logo-2.png\",\"width\":500,\"height\":98,\"caption\":\"Bestmeditrips.com\"},\"image\":{\"@id\":\"https:\\\/\\\/bestmeditrips.com\\\/sl\\\/#\\\/schema\\\/logo\\\/image\\\/\"},\"sameAs\":[\"https:\\\/\\\/www.facebook.com\\\/profile.php?id=61565479139599\"]}]}<\/script>\n<!-- \/ Yoast SEO plugin. -->","yoast_head_json":{"title":"Medicinski Turizem v Tur\u010diji: Cenovno Dostopni Zdravstveni Posegi, Klinike Premium","description":"Odkrijte zdravstvene storitve svetovnega razreda v Tur\u010diji. Cenovno dostopne cene in strokovna oskrba najbolj\u0161ih zdravnikov v Istanbulu, Antalyi, Izmiru...","robots":{"index":"index","follow":"follow","max-snippet":"max-snippet:-1","max-image-preview":"max-image-preview:large","max-video-preview":"max-video-preview:-1"},"canonical":"https:\/\/bestmeditrips.com\/sl\/turcija\/","og_locale":"sl_SI","og_type":"article","og_title":"Medicinski Turizem v Tur\u010diji: Cenovno Dostopni Zdravstveni Posegi, Klinike Premium","og_description":"Odkrijte zdravstvene storitve svetovnega razreda v Tur\u010diji. Cenovno dostopne cene in strokovna oskrba najbolj\u0161ih zdravnikov v Istanbulu, Antalyi, Izmiru...","og_url":"https:\/\/bestmeditrips.com\/sl\/turcija\/","og_site_name":"Bestmeditrips.com","article_publisher":"https:\/\/www.facebook.com\/profile.php?id=61565479139599","og_image":[{"width":1350,"height":360,"url":"https:\/\/bestmeditrips.com\/wp-content\/uploads\/2024\/09\/turkey-e1727124656345.jpg","type":"image\/jpeg"}],"twitter_card":"summary_large_image","twitter_misc":{"Est. reading time":"3 minute"},"schema":{"@context":"https:\/\/schema.org","@graph":[{"@type":"WebPage","@id":"https:\/\/bestmeditrips.com\/sl\/turcija\/","url":"https:\/\/bestmeditrips.com\/sl\/turcija\/","name":"Medicinski Turizem v Tur\u010diji: Cenovno Dostopni Zdravstveni Posegi, Klinike Premium","isPartOf":{"@id":"https:\/\/bestmeditrips.com\/sl\/#website"},"primaryImageOfPage":{"@id":"https:\/\/bestmeditrips.com\/sl\/turcija\/#primaryimage"},"image":{"@id":"https:\/\/bestmeditrips.com\/sl\/turcija\/#primaryimage"},"thumbnailUrl":"https:\/\/bestmeditrips.com\/wp-content\/uploads\/2024\/09\/turkey-e1727124656345.jpg","datePublished":"2024-09-23T18:41:39+00:00","description":"Odkrijte zdravstvene storitve svetovnega razreda v Tur\u010diji. Cenovno dostopne cene in strokovna oskrba najbolj\u0161ih zdravnikov v Istanbulu, Antalyi, Izmiru...","breadcrumb":{"@id":"https:\/\/bestmeditrips.com\/sl\/turcija\/#breadcrumb"},"inLanguage":"sl-SI","potentialAction":[{"@type":"ReadAction","target":["https:\/\/bestmeditrips.com\/sl\/turcija\/"]}]},{"@type":"ImageObject","inLanguage":"sl-SI","@id":"https:\/\/bestmeditrips.com\/sl\/turcija\/#primaryimage","url":"https:\/\/bestmeditrips.com\/wp-content\/uploads\/2024\/09\/turkey-e1727124656345.jpg","contentUrl":"https:\/\/bestmeditrips.com\/wp-content\/uploads\/2024\/09\/turkey-e1727124656345.jpg","width":1350,"height":360,"caption":"Tur\u010dija; vrhunska zdravstvena oskrba, prestolnica medicinskega\/zdravstvenega turizma."},{"@type":"BreadcrumbList","@id":"https:\/\/bestmeditrips.com\/sl\/turcija\/#breadcrumb","itemListElement":[{"@type":"ListItem","position":1,"name":"Home","item":"https:\/\/bestmeditrips.com\/sl\/"},{"@type":"ListItem","position":2,"name":"Tur\u010dija"}]},{"@type":"WebSite","@id":"https:\/\/bestmeditrips.com\/sl\/#website","url":"https:\/\/bestmeditrips.com\/sl\/","name":"Bestmeditrips.com","description":"Medicinski turizem, najbolj\u0161i tretmaji, klinike, zdravniki in zobozdravniki!","publisher":{"@id":"https:\/\/bestmeditrips.com\/sl\/#organization"},"potentialAction":[{"@type":"SearchAction","target":{"@type":"EntryPoint","urlTemplate":"https:\/\/bestmeditrips.com\/sl\/?s={search_term_string}"},"query-input":{"@type":"PropertyValueSpecification","valueRequired":true,"valueName":"search_term_string"}}],"inLanguage":"sl-SI"},{"@type":"Organization","@id":"https:\/\/bestmeditrips.com\/sl\/#organization","name":"Bestmeditrips.com","url":"https:\/\/bestmeditrips.com\/sl\/","logo":{"@type":"ImageObject","inLanguage":"sl-SI","@id":"https:\/\/bestmeditrips.com\/sl\/#\/schema\/logo\/image\/","url":"https:\/\/bestmeditrips.com\/wp-content\/uploads\/2024\/09\/logo-2.png","contentUrl":"https:\/\/bestmeditrips.com\/wp-content\/uploads\/2024\/09\/logo-2.png","width":500,"height":98,"caption":"Bestmeditrips.com"},"image":{"@id":"https:\/\/bestmeditrips.com\/sl\/#\/schema\/logo\/image\/"},"sameAs":["https:\/\/www.facebook.com\/profile.php?id=61565479139599"]}]}},"_links":{"self":[{"href":"https:\/\/bestmeditrips.com\/sl\/wp-json\/wp\/v2\/pages\/1121","targetHints":{"allow":["GET"]}}],"collection":[{"href":"https:\/\/bestmeditrips.com\/sl\/wp-json\/wp\/v2\/pages"}],"about":[{"href":"https:\/\/bestmeditrips.com\/sl\/wp-json\/wp\/v2\/types\/page"}],"author":[{"embeddable":true,"href":"https:\/\/bestmeditrips.com\/sl\/wp-json\/wp\/v2\/users\/1"}],"replies":[{"embeddable":true,"href":"https:\/\/bestmeditrips.com\/sl\/wp-json\/wp\/v2\/comments?post=1121"}],"version-history":[{"count":0,"href":"https:\/\/bestmeditrips.com\/sl\/wp-json\/wp\/v2\/pages\/1121\/revisions"}],"wp:featuredmedia":[{"embeddable":true,"href":"https:\/\/bestmeditrips.com\/sl\/wp-json\/wp\/v2\/media\/924"}],"wp:attachment":[{"href":"https:\/\/bestmeditrips.com\/sl\/wp-json\/wp\/v2\/media?parent=1121"}],"curies":[{"name":"wp","href":"https:\/\/api.w.org\/{rel}","templated":true}]}}