{"id":614,"date":"2024-09-02T20:02:05","date_gmt":"2024-09-02T17:02:05","guid":{"rendered":"https:\/\/bestmeditrips.com\/clanky\/"},"modified":"2024-09-02T20:02:05","modified_gmt":"2024-09-02T17:02:05","slug":"clanky","status":"publish","type":"page","link":"https:\/\/bestmeditrips.com\/sk\/clanky\/","title":{"rendered":"\u010cl\u00e1nky"},"content":{"rendered":"<h2>Blog Medic\u00ednskeho Turizmu | Najnov\u0161ie \u010cl\u00e1nky a Postrehy<\/h2>\n<p>Objavte najnov\u0161ie trendy, rady odborn\u00edkov a zauj\u00edmav\u00e9 \u010dl\u00e1nky o zdravotnom turizme. N\u00e1\u0161 blog pokr\u00fdva v\u0161etko od najlep\u0161\u00edch mo\u017enost\u00ed lie\u010dby a cestovn\u00fdch tipov a\u017e po sprievodcov destin\u00e1ciami a pr\u00edbehy pacientov. Zosta\u0148te informovan\u00ed v\u010faka hodnotn\u00e9mu obsahu navrhnut\u00e9mu na zlep\u0161enie va\u0161ej cesty za zdravotn\u00fdm turizmom.<\/p>\n","protected":false},"excerpt":{"rendered":"<p>Blog Medic\u00ednskeho Turizmu | Najnov\u0161ie \u010cl\u00e1nky a Postrehy Objavte najnov\u0161ie trendy, rady odborn\u00edkov a zauj\u00edmav\u00e9 \u010dl\u00e1nky o zdravotnom turizme. N\u00e1\u0161 blog pokr\u00fdva v\u0161etko od najlep\u0161\u00edch mo\u017enost\u00ed lie\u010dby a cestovn\u00fdch tipov a\u017e po sprievodcov destin\u00e1ciami a pr\u00edbehy pacientov. Zosta\u0148te informovan\u00ed v\u010faka hodnotn\u00e9mu obsahu navrhnut\u00e9mu na zlep\u0161enie va\u0161ej cesty za zdravotn\u00fdm turizmom.<\/p>\n","protected":false},"author":1,"featured_media":0,"parent":0,"menu_order":0,"comment_status":"closed","ping_status":"closed","template":"","meta":{"footnotes":""},"class_list":["post-614","page","type-page","status-publish"],"yoast_head":"<!-- This site is optimized with the Yoast SEO plugin v27.4 - https:\/\/yoast.com\/product\/yoast-seo-wordpress\/ -->\n<title>Blog Medic\u00ednskeho Turizmu | \u010cl\u00e1nky a Postrehy | bestmeditrips.com<\/title>\n<meta name=\"description\" content=\"Presk\u00famajte inform\u00e1cie o zdravotnom turizme, najnov\u0161ie \u010dl\u00e1nky, postrehy a aktualiz\u00e1cie o lie\u010dbach, destin\u00e1ci\u00e1ch a trendoch.\" \/>\n<meta name=\"robots\" content=\"index, follow, max-snippet:-1, max-image-preview:large, max-video-preview:-1\" \/>\n<link rel=\"canonical\" href=\"https:\/\/bestmeditrips.com\/sk\/clanky\/\" \/>\n<meta property=\"og:locale\" content=\"sk_SK\" \/>\n<meta property=\"og:type\" content=\"article\" \/>\n<meta property=\"og:title\" content=\"Blog Medic\u00ednskeho Turizmu | \u010cl\u00e1nky a Postrehy | bestmeditrips.com\" \/>\n<meta property=\"og:description\" content=\"Presk\u00famajte inform\u00e1cie o zdravotnom turizme, najnov\u0161ie \u010dl\u00e1nky, postrehy a aktualiz\u00e1cie o lie\u010dbach, destin\u00e1ci\u00e1ch a trendoch.\" \/>\n<meta property=\"og:url\" content=\"https:\/\/bestmeditrips.com\/sk\/clanky\/\" \/>\n<meta property=\"og:site_name\" content=\"Bestmeditrips.com\" \/>\n<meta property=\"article:publisher\" content=\"https:\/\/www.facebook.com\/profile.php?id=61565479139599\" \/>\n<meta property=\"og:image\" content=\"https:\/\/bestmeditrips.com\/wp-content\/uploads\/2024\/09\/health-tourism.jpg\" \/>\n\t<meta property=\"og:image:width\" content=\"1024\" \/>\n\t<meta property=\"og:image:height\" content=\"683\" \/>\n\t<meta property=\"og:image:type\" content=\"image\/jpeg\" \/>\n<meta name=\"twitter:card\" content=\"summary_large_image\" \/>\n<script type=\"application\/ld+json\" class=\"yoast-schema-graph\">{\"@context\":\"https:\\\/\\\/schema.org\",\"@graph\":[{\"@type\":\"WebPage\",\"@id\":\"https:\\\/\\\/bestmeditrips.com\\\/sk\\\/clanky\\\/\",\"url\":\"https:\\\/\\\/bestmeditrips.com\\\/sk\\\/clanky\\\/\",\"name\":\"Blog Medic\u00ednskeho Turizmu | \u010cl\u00e1nky a Postrehy | bestmeditrips.com\",\"isPartOf\":{\"@id\":\"https:\\\/\\\/bestmeditrips.com\\\/sk\\\/#website\"},\"datePublished\":\"2024-09-02T17:02:05+00:00\",\"description\":\"Presk\u00famajte inform\u00e1cie o zdravotnom turizme, najnov\u0161ie \u010dl\u00e1nky, postrehy a aktualiz\u00e1cie o lie\u010dbach, destin\u00e1ci\u00e1ch a trendoch.\",\"breadcrumb\":{\"@id\":\"https:\\\/\\\/bestmeditrips.com\\\/sk\\\/clanky\\\/#breadcrumb\"},\"inLanguage\":\"sk-SK\",\"potentialAction\":[{\"@type\":\"ReadAction\",\"target\":[\"https:\\\/\\\/bestmeditrips.com\\\/sk\\\/clanky\\\/\"]}]},{\"@type\":\"BreadcrumbList\",\"@id\":\"https:\\\/\\\/bestmeditrips.com\\\/sk\\\/clanky\\\/#breadcrumb\",\"itemListElement\":[{\"@type\":\"ListItem\",\"position\":1,\"name\":\"Home\",\"item\":\"https:\\\/\\\/bestmeditrips.com\\\/sk\\\/\"},{\"@type\":\"ListItem\",\"position\":2,\"name\":\"\u010cl\u00e1nky\"}]},{\"@type\":\"WebSite\",\"@id\":\"https:\\\/\\\/bestmeditrips.com\\\/sk\\\/#website\",\"url\":\"https:\\\/\\\/bestmeditrips.com\\\/sk\\\/\",\"name\":\"Bestmeditrips.com\",\"description\":\"Zdravotn\u00e1 turistika, najlep\u0161ie o\u0161etrenia, kliniky, lek\u00e1ri a zub\u00e1ri!\",\"publisher\":{\"@id\":\"https:\\\/\\\/bestmeditrips.com\\\/sk\\\/#organization\"},\"potentialAction\":[{\"@type\":\"SearchAction\",\"target\":{\"@type\":\"EntryPoint\",\"urlTemplate\":\"https:\\\/\\\/bestmeditrips.com\\\/sk\\\/?s={search_term_string}\"},\"query-input\":{\"@type\":\"PropertyValueSpecification\",\"valueRequired\":true,\"valueName\":\"search_term_string\"}}],\"inLanguage\":\"sk-SK\"},{\"@type\":\"Organization\",\"@id\":\"https:\\\/\\\/bestmeditrips.com\\\/sk\\\/#organization\",\"name\":\"Bestmeditrips.com\",\"url\":\"https:\\\/\\\/bestmeditrips.com\\\/sk\\\/\",\"logo\":{\"@type\":\"ImageObject\",\"inLanguage\":\"sk-SK\",\"@id\":\"https:\\\/\\\/bestmeditrips.com\\\/sk\\\/#\\\/schema\\\/logo\\\/image\\\/\",\"url\":\"https:\\\/\\\/bestmeditrips.com\\\/wp-content\\\/uploads\\\/2024\\\/09\\\/logo-2.png\",\"contentUrl\":\"https:\\\/\\\/bestmeditrips.com\\\/wp-content\\\/uploads\\\/2024\\\/09\\\/logo-2.png\",\"width\":500,\"height\":98,\"caption\":\"Bestmeditrips.com\"},\"image\":{\"@id\":\"https:\\\/\\\/bestmeditrips.com\\\/sk\\\/#\\\/schema\\\/logo\\\/image\\\/\"},\"sameAs\":[\"https:\\\/\\\/www.facebook.com\\\/profile.php?id=61565479139599\"]}]}<\/script>\n<!-- \/ Yoast SEO plugin. -->","yoast_head_json":{"title":"Blog Medic\u00ednskeho Turizmu | \u010cl\u00e1nky a Postrehy | bestmeditrips.com","description":"Presk\u00famajte inform\u00e1cie o zdravotnom turizme, najnov\u0161ie \u010dl\u00e1nky, postrehy a aktualiz\u00e1cie o lie\u010dbach, destin\u00e1ci\u00e1ch a trendoch.","robots":{"index":"index","follow":"follow","max-snippet":"max-snippet:-1","max-image-preview":"max-image-preview:large","max-video-preview":"max-video-preview:-1"},"canonical":"https:\/\/bestmeditrips.com\/sk\/clanky\/","og_locale":"sk_SK","og_type":"article","og_title":"Blog Medic\u00ednskeho Turizmu | \u010cl\u00e1nky a Postrehy | bestmeditrips.com","og_description":"Presk\u00famajte inform\u00e1cie o zdravotnom turizme, najnov\u0161ie \u010dl\u00e1nky, postrehy a aktualiz\u00e1cie o lie\u010dbach, destin\u00e1ci\u00e1ch a trendoch.","og_url":"https:\/\/bestmeditrips.com\/sk\/clanky\/","og_site_name":"Bestmeditrips.com","article_publisher":"https:\/\/www.facebook.com\/profile.php?id=61565479139599","og_image":[{"width":1024,"height":683,"url":"https:\/\/bestmeditrips.com\/wp-content\/uploads\/2024\/09\/health-tourism.jpg","type":"image\/jpeg"}],"twitter_card":"summary_large_image","schema":{"@context":"https:\/\/schema.org","@graph":[{"@type":"WebPage","@id":"https:\/\/bestmeditrips.com\/sk\/clanky\/","url":"https:\/\/bestmeditrips.com\/sk\/clanky\/","name":"Blog Medic\u00ednskeho Turizmu | \u010cl\u00e1nky a Postrehy | bestmeditrips.com","isPartOf":{"@id":"https:\/\/bestmeditrips.com\/sk\/#website"},"datePublished":"2024-09-02T17:02:05+00:00","description":"Presk\u00famajte inform\u00e1cie o zdravotnom turizme, najnov\u0161ie \u010dl\u00e1nky, postrehy a aktualiz\u00e1cie o lie\u010dbach, destin\u00e1ci\u00e1ch a trendoch.","breadcrumb":{"@id":"https:\/\/bestmeditrips.com\/sk\/clanky\/#breadcrumb"},"inLanguage":"sk-SK","potentialAction":[{"@type":"ReadAction","target":["https:\/\/bestmeditrips.com\/sk\/clanky\/"]}]},{"@type":"BreadcrumbList","@id":"https:\/\/bestmeditrips.com\/sk\/clanky\/#breadcrumb","itemListElement":[{"@type":"ListItem","position":1,"name":"Home","item":"https:\/\/bestmeditrips.com\/sk\/"},{"@type":"ListItem","position":2,"name":"\u010cl\u00e1nky"}]},{"@type":"WebSite","@id":"https:\/\/bestmeditrips.com\/sk\/#website","url":"https:\/\/bestmeditrips.com\/sk\/","name":"Bestmeditrips.com","description":"Zdravotn\u00e1 turistika, najlep\u0161ie o\u0161etrenia, kliniky, lek\u00e1ri a zub\u00e1ri!","publisher":{"@id":"https:\/\/bestmeditrips.com\/sk\/#organization"},"potentialAction":[{"@type":"SearchAction","target":{"@type":"EntryPoint","urlTemplate":"https:\/\/bestmeditrips.com\/sk\/?s={search_term_string}"},"query-input":{"@type":"PropertyValueSpecification","valueRequired":true,"valueName":"search_term_string"}}],"inLanguage":"sk-SK"},{"@type":"Organization","@id":"https:\/\/bestmeditrips.com\/sk\/#organization","name":"Bestmeditrips.com","url":"https:\/\/bestmeditrips.com\/sk\/","logo":{"@type":"ImageObject","inLanguage":"sk-SK","@id":"https:\/\/bestmeditrips.com\/sk\/#\/schema\/logo\/image\/","url":"https:\/\/bestmeditrips.com\/wp-content\/uploads\/2024\/09\/logo-2.png","contentUrl":"https:\/\/bestmeditrips.com\/wp-content\/uploads\/2024\/09\/logo-2.png","width":500,"height":98,"caption":"Bestmeditrips.com"},"image":{"@id":"https:\/\/bestmeditrips.com\/sk\/#\/schema\/logo\/image\/"},"sameAs":["https:\/\/www.facebook.com\/profile.php?id=61565479139599"]}]}},"_links":{"self":[{"href":"https:\/\/bestmeditrips.com\/sk\/wp-json\/wp\/v2\/pages\/614","targetHints":{"allow":["GET"]}}],"collection":[{"href":"https:\/\/bestmeditrips.com\/sk\/wp-json\/wp\/v2\/pages"}],"about":[{"href":"https:\/\/bestmeditrips.com\/sk\/wp-json\/wp\/v2\/types\/page"}],"author":[{"embeddable":true,"href":"https:\/\/bestmeditrips.com\/sk\/wp-json\/wp\/v2\/users\/1"}],"replies":[{"embeddable":true,"href":"https:\/\/bestmeditrips.com\/sk\/wp-json\/wp\/v2\/comments?post=614"}],"version-history":[{"count":0,"href":"https:\/\/bestmeditrips.com\/sk\/wp-json\/wp\/v2\/pages\/614\/revisions"}],"wp:attachment":[{"href":"https:\/\/bestmeditrips.com\/sk\/wp-json\/wp\/v2\/media?parent=614"}],"curies":[{"name":"wp","href":"https:\/\/api.w.org\/{rel}","templated":true}]}}