{"id":439,"date":"2024-09-01T20:00:15","date_gmt":"2024-09-01T17:00:15","guid":{"rendered":"https:\/\/bestmeditrips.com\/zasady-ochrany-osobnych-udajov\/"},"modified":"2024-09-04T14:27:06","modified_gmt":"2024-09-04T11:27:06","slug":"zasady-ochrany-osobnych-udajov","status":"publish","type":"page","link":"https:\/\/bestmeditrips.com\/sk\/zasady-ochrany-osobnych-udajov\/","title":{"rendered":"Z\u00e1sady Ochrany Osobn\u00fdch \u00dadajov"},"content":{"rendered":"<p><strong>Z\u00e1sady ochrany osobn\u00fdch \u00fadajov<\/strong><\/p>\n<p>\u010eakujeme, \u017ee ste nav\u0161t\u00edvili <em>BestMediTrips.com<\/em>. Va\u0161e s\u00fakromie je pre n\u00e1s d\u00f4le\u017eit\u00e9. Tieto <strong>Z\u00e1sady ochrany osobn\u00fdch \u00fadajov<\/strong> vysvet\u013euj\u00fa, ako zhroma\u017e\u010fujeme, pou\u017e\u00edvame, zverej\u0148ujeme a chr\u00e1nime va\u0161e inform\u00e1cie, ke\u010f nav\u0161t\u00edvite na\u0161u webov\u00fa str\u00e1nku. Pre\u010d\u00edtajte si pros\u00edm tieto z\u00e1sady ochrany osobn\u00fdch \u00fadajov pozorne. Ak nes\u00fahlas\u00edte s podmienkami t\u00fdchto z\u00e1sad ochrany osobn\u00fdch \u00fadajov, pros\u00edm, nepou\u017e\u00edvajte str\u00e1nku.<\/p>\n<p><strong>1. Inform\u00e1cie, ktor\u00e9 zhroma\u017e\u010fujeme<\/strong><\/p>\n<p>M\u00f4\u017eeme zhroma\u017e\u010fova\u0165 osobn\u00e9 \u00fadaje, ako je va\u0161e meno, e-mailov\u00e1 adresa, telef\u00f3nne \u010d\u00edslo a \u010fal\u0161ie podrobnosti, ktor\u00e9 poskytnete, ke\u010f komunikujete s na\u0161ou webovou str\u00e1nkou alebo n\u00e1s kontaktujete s ot\u00e1zkami.<\/p>\n<p><strong>2. Ako pou\u017e\u00edvame va\u0161e inform\u00e1cie<\/strong><\/p>\n<p>M\u00f4\u017eeme pou\u017ei\u0165 inform\u00e1cie, ktor\u00e9 zhroma\u017e\u010fujeme, na:<\/p>\n<p>Poskytovanie, prev\u00e1dzkovanie a \u00fadr\u017ebu na\u0161ej webovej str\u00e1nky<br \/>\nZlep\u0161enie, personaliz\u00e1ciu a roz\u0161\u00edrenie ponuky na\u0161ej webovej str\u00e1nky<br \/>\nKomunik\u00e1ciu s vami, \u010di u\u017e priamo alebo prostredn\u00edctvom jedn\u00e9ho z na\u0161ich partnerov, vr\u00e1tane poskytovania z\u00e1kazn\u00edckeho servisu, poskytovania aktualiz\u00e1ci\u00ed a in\u00fdch inform\u00e1ci\u00ed s\u00favisiacich s webovou str\u00e1nkou a na marketingov\u00e9 a propaga\u010dn\u00e9 \u00fa\u010dely<br \/>\nOchranu, vy\u0161etrovanie a odstra\u0161enie proti neopr\u00e1vnenej alebo neleg\u00e1lnej \u010dinnosti<\/p>\n<p><strong>3. Zverejnenie va\u0161ich inform\u00e1ci\u00ed<\/strong><\/p>\n<p>Va\u0161e inform\u00e1cie m\u00f4\u017eeme zdie\u013ea\u0165 s tret\u00edmi stranami len sp\u00f4sobmi op\u00edsan\u00fdmi v t\u00fdchto <strong>Z\u00e1sad\u00e1ch ochrany osobn\u00fdch \u00fadajov<\/strong>.<\/p>\n<p><strong>4. Bezpe\u010dnos\u0165 va\u0161ich inform\u00e1ci\u00ed<\/strong><\/p>\n<p>Pou\u017e\u00edvame administrat\u00edvne, technick\u00e9 a fyzick\u00e9 bezpe\u010dnostn\u00e9 opatrenia na ochranu va\u0161ich osobn\u00fdch \u00fadajov. Hoci sme podnikli primeran\u00e9 kroky na zabezpe\u010denie osobn\u00fdch \u00fadajov, ktor\u00e9 n\u00e1m poskytujete, vezmite pros\u00edm na vedomie, \u017ee napriek na\u0161ej snahe nie s\u00fa \u017eiadne bezpe\u010dnostn\u00e9 opatrenia dokonal\u00e9 alebo nepreniknute\u013en\u00e9.<\/p>\n<p><strong>5. Va\u0161e mo\u017enosti t\u00fdkaj\u00face sa va\u0161ich inform\u00e1ci\u00ed<\/strong><\/p>\n<p>M\u00e1te pr\u00e1vo:<\/p>\n<p>Aktualizova\u0165 alebo opravi\u0165 svoje osobn\u00e9 \u00fadaje<br \/>\nOdhl\u00e1si\u0165 sa z prij\u00edmania marketingov\u00fdch komunik\u00e1ci\u00ed<br \/>\nPo\u017eiada\u0165, aby sme vymazali va\u0161e osobn\u00e9 \u00fadaje<\/p>\n<p><strong>6. Zmeny t\u00fdchto z\u00e1sad ochrany osobn\u00fdch \u00fadajov<\/strong><\/p>\n<p>Tieto <strong>Z\u00e1sady ochrany osobn\u00fdch \u00fadajov<\/strong> m\u00f4\u017eeme \u010das od \u010dasu aktualizova\u0165, aby odr\u00e1\u017eali napr\u00edklad zmeny v na\u0161ich postupoch alebo z in\u00fdch prev\u00e1dzkov\u00fdch, pr\u00e1vnych alebo regula\u010dn\u00fdch d\u00f4vodov.<\/p>\n<p><strong>7. Kontaktujte n\u00e1s<\/strong><\/p>\n<p>Ak m\u00e1te ak\u00e9ko\u013evek ot\u00e1zky alebo pripomienky k t\u00fdmto <strong>Z\u00e1sad\u00e1m ochrany osobn\u00fdch \u00fadajov<\/strong>, kontaktujte n\u00e1s.<\/p>\n","protected":false},"excerpt":{"rendered":"<p>Z\u00e1sady ochrany osobn\u00fdch \u00fadajov \u010eakujeme, \u017ee ste nav\u0161t\u00edvili BestMediTrips.com. Va\u0161e s\u00fakromie je pre n\u00e1s d\u00f4le\u017eit\u00e9. Tieto Z\u00e1sady ochrany osobn\u00fdch \u00fadajov vysvet\u013euj\u00fa, ako zhroma\u017e\u010fujeme, pou\u017e\u00edvame, zverej\u0148ujeme a chr\u00e1nime va\u0161e inform\u00e1cie, ke\u010f nav\u0161t\u00edvite na\u0161u webov\u00fa str\u00e1nku. Pre\u010d\u00edtajte si pros\u00edm tieto z\u00e1sady ochrany osobn\u00fdch \u00fadajov pozorne. Ak nes\u00fahlas\u00edte s podmienkami t\u00fdchto z\u00e1sad ochrany osobn\u00fdch \u00fadajov, pros\u00edm, nepou\u017e\u00edvajte str\u00e1nku. &#8230; <a title=\"Z\u00e1sady Ochrany Osobn\u00fdch \u00dadajov\" class=\"read-more\" href=\"https:\/\/bestmeditrips.com\/sk\/zasady-ochrany-osobnych-udajov\/\" aria-label=\"Pre\u010d\u00edtajte si viac o Z\u00e1sady Ochrany Osobn\u00fdch \u00dadajov\">Read more<\/a><\/p>\n","protected":false},"author":1,"featured_media":0,"parent":0,"menu_order":0,"comment_status":"closed","ping_status":"open","template":"","meta":{"footnotes":""},"class_list":["post-439","page","type-page","status-publish"],"yoast_head":"<!-- This site is optimized with the Yoast SEO plugin v27.4 - https:\/\/yoast.com\/product\/yoast-seo-wordpress\/ -->\n<title>Z\u00e1sady Ochrany Osobn\u00fdch \u00dadajov - Bestmeditrips.com<\/title>\n<meta name=\"robots\" content=\"index, follow, max-snippet:-1, max-image-preview:large, max-video-preview:-1\" \/>\n<link rel=\"canonical\" href=\"https:\/\/bestmeditrips.com\/sk\/zasady-ochrany-osobnych-udajov\/\" \/>\n<meta property=\"og:locale\" content=\"sk_SK\" \/>\n<meta property=\"og:type\" content=\"article\" \/>\n<meta property=\"og:title\" content=\"Z\u00e1sady Ochrany Osobn\u00fdch \u00dadajov - Bestmeditrips.com\" \/>\n<meta property=\"og:description\" content=\"Z\u00e1sady ochrany osobn\u00fdch \u00fadajov \u010eakujeme, \u017ee ste nav\u0161t\u00edvili BestMediTrips.com. Va\u0161e s\u00fakromie je pre n\u00e1s d\u00f4le\u017eit\u00e9. Tieto Z\u00e1sady ochrany osobn\u00fdch \u00fadajov vysvet\u013euj\u00fa, ako zhroma\u017e\u010fujeme, pou\u017e\u00edvame, zverej\u0148ujeme a chr\u00e1nime va\u0161e inform\u00e1cie, ke\u010f nav\u0161t\u00edvite na\u0161u webov\u00fa str\u00e1nku. Pre\u010d\u00edtajte si pros\u00edm tieto z\u00e1sady ochrany osobn\u00fdch \u00fadajov pozorne. Ak nes\u00fahlas\u00edte s podmienkami t\u00fdchto z\u00e1sad ochrany osobn\u00fdch \u00fadajov, pros\u00edm, nepou\u017e\u00edvajte str\u00e1nku. ... Read more\" \/>\n<meta property=\"og:url\" content=\"https:\/\/bestmeditrips.com\/sk\/zasady-ochrany-osobnych-udajov\/\" \/>\n<meta property=\"og:site_name\" content=\"Bestmeditrips.com\" \/>\n<meta property=\"article:publisher\" content=\"https:\/\/www.facebook.com\/profile.php?id=61565479139599\" \/>\n<meta property=\"article:modified_time\" content=\"2024-09-04T11:27:06+00:00\" \/>\n<meta property=\"og:image\" content=\"https:\/\/bestmeditrips.com\/wp-content\/uploads\/2024\/09\/health-tourism.jpg\" \/>\n\t<meta property=\"og:image:width\" content=\"1024\" \/>\n\t<meta property=\"og:image:height\" content=\"683\" \/>\n\t<meta property=\"og:image:type\" content=\"image\/jpeg\" \/>\n<meta name=\"twitter:card\" content=\"summary_large_image\" \/>\n<meta name=\"twitter:label1\" content=\"Predpokladan\u00fd \u010das \u010d\u00edtania\" \/>\n\t<meta name=\"twitter:data1\" content=\"2 min\u00faty\" \/>\n<script type=\"application\/ld+json\" class=\"yoast-schema-graph\">{\"@context\":\"https:\\\/\\\/schema.org\",\"@graph\":[{\"@type\":\"WebPage\",\"@id\":\"https:\\\/\\\/bestmeditrips.com\\\/sk\\\/zasady-ochrany-osobnych-udajov\\\/\",\"url\":\"https:\\\/\\\/bestmeditrips.com\\\/sk\\\/zasady-ochrany-osobnych-udajov\\\/\",\"name\":\"Z\u00e1sady Ochrany Osobn\u00fdch \u00dadajov - Bestmeditrips.com\",\"isPartOf\":{\"@id\":\"https:\\\/\\\/bestmeditrips.com\\\/sk\\\/#website\"},\"datePublished\":\"2024-09-01T17:00:15+00:00\",\"dateModified\":\"2024-09-04T11:27:06+00:00\",\"breadcrumb\":{\"@id\":\"https:\\\/\\\/bestmeditrips.com\\\/sk\\\/zasady-ochrany-osobnych-udajov\\\/#breadcrumb\"},\"inLanguage\":\"sk-SK\",\"potentialAction\":[{\"@type\":\"ReadAction\",\"target\":[\"https:\\\/\\\/bestmeditrips.com\\\/sk\\\/zasady-ochrany-osobnych-udajov\\\/\"]}]},{\"@type\":\"BreadcrumbList\",\"@id\":\"https:\\\/\\\/bestmeditrips.com\\\/sk\\\/zasady-ochrany-osobnych-udajov\\\/#breadcrumb\",\"itemListElement\":[{\"@type\":\"ListItem\",\"position\":1,\"name\":\"Home\",\"item\":\"https:\\\/\\\/bestmeditrips.com\\\/sk\\\/\"},{\"@type\":\"ListItem\",\"position\":2,\"name\":\"Z\u00e1sady Ochrany Osobn\u00fdch \u00dadajov\"}]},{\"@type\":\"WebSite\",\"@id\":\"https:\\\/\\\/bestmeditrips.com\\\/sk\\\/#website\",\"url\":\"https:\\\/\\\/bestmeditrips.com\\\/sk\\\/\",\"name\":\"Bestmeditrips.com\",\"description\":\"Zdravotn\u00e1 turistika, najlep\u0161ie o\u0161etrenia, kliniky, lek\u00e1ri a zub\u00e1ri!\",\"publisher\":{\"@id\":\"https:\\\/\\\/bestmeditrips.com\\\/sk\\\/#organization\"},\"potentialAction\":[{\"@type\":\"SearchAction\",\"target\":{\"@type\":\"EntryPoint\",\"urlTemplate\":\"https:\\\/\\\/bestmeditrips.com\\\/sk\\\/?s={search_term_string}\"},\"query-input\":{\"@type\":\"PropertyValueSpecification\",\"valueRequired\":true,\"valueName\":\"search_term_string\"}}],\"inLanguage\":\"sk-SK\"},{\"@type\":\"Organization\",\"@id\":\"https:\\\/\\\/bestmeditrips.com\\\/sk\\\/#organization\",\"name\":\"Bestmeditrips.com\",\"url\":\"https:\\\/\\\/bestmeditrips.com\\\/sk\\\/\",\"logo\":{\"@type\":\"ImageObject\",\"inLanguage\":\"sk-SK\",\"@id\":\"https:\\\/\\\/bestmeditrips.com\\\/sk\\\/#\\\/schema\\\/logo\\\/image\\\/\",\"url\":\"https:\\\/\\\/bestmeditrips.com\\\/wp-content\\\/uploads\\\/2024\\\/09\\\/logo-2.png\",\"contentUrl\":\"https:\\\/\\\/bestmeditrips.com\\\/wp-content\\\/uploads\\\/2024\\\/09\\\/logo-2.png\",\"width\":500,\"height\":98,\"caption\":\"Bestmeditrips.com\"},\"image\":{\"@id\":\"https:\\\/\\\/bestmeditrips.com\\\/sk\\\/#\\\/schema\\\/logo\\\/image\\\/\"},\"sameAs\":[\"https:\\\/\\\/www.facebook.com\\\/profile.php?id=61565479139599\"]}]}<\/script>\n<!-- \/ Yoast SEO plugin. -->","yoast_head_json":{"title":"Z\u00e1sady Ochrany Osobn\u00fdch \u00dadajov - Bestmeditrips.com","robots":{"index":"index","follow":"follow","max-snippet":"max-snippet:-1","max-image-preview":"max-image-preview:large","max-video-preview":"max-video-preview:-1"},"canonical":"https:\/\/bestmeditrips.com\/sk\/zasady-ochrany-osobnych-udajov\/","og_locale":"sk_SK","og_type":"article","og_title":"Z\u00e1sady Ochrany Osobn\u00fdch \u00dadajov - Bestmeditrips.com","og_description":"Z\u00e1sady ochrany osobn\u00fdch \u00fadajov \u010eakujeme, \u017ee ste nav\u0161t\u00edvili BestMediTrips.com. Va\u0161e s\u00fakromie je pre n\u00e1s d\u00f4le\u017eit\u00e9. Tieto Z\u00e1sady ochrany osobn\u00fdch \u00fadajov vysvet\u013euj\u00fa, ako zhroma\u017e\u010fujeme, pou\u017e\u00edvame, zverej\u0148ujeme a chr\u00e1nime va\u0161e inform\u00e1cie, ke\u010f nav\u0161t\u00edvite na\u0161u webov\u00fa str\u00e1nku. Pre\u010d\u00edtajte si pros\u00edm tieto z\u00e1sady ochrany osobn\u00fdch \u00fadajov pozorne. Ak nes\u00fahlas\u00edte s podmienkami t\u00fdchto z\u00e1sad ochrany osobn\u00fdch \u00fadajov, pros\u00edm, nepou\u017e\u00edvajte str\u00e1nku. ... Read more","og_url":"https:\/\/bestmeditrips.com\/sk\/zasady-ochrany-osobnych-udajov\/","og_site_name":"Bestmeditrips.com","article_publisher":"https:\/\/www.facebook.com\/profile.php?id=61565479139599","article_modified_time":"2024-09-04T11:27:06+00:00","og_image":[{"width":1024,"height":683,"url":"https:\/\/bestmeditrips.com\/wp-content\/uploads\/2024\/09\/health-tourism.jpg","type":"image\/jpeg"}],"twitter_card":"summary_large_image","twitter_misc":{"Predpokladan\u00fd \u010das \u010d\u00edtania":"2 min\u00faty"},"schema":{"@context":"https:\/\/schema.org","@graph":[{"@type":"WebPage","@id":"https:\/\/bestmeditrips.com\/sk\/zasady-ochrany-osobnych-udajov\/","url":"https:\/\/bestmeditrips.com\/sk\/zasady-ochrany-osobnych-udajov\/","name":"Z\u00e1sady Ochrany Osobn\u00fdch \u00dadajov - Bestmeditrips.com","isPartOf":{"@id":"https:\/\/bestmeditrips.com\/sk\/#website"},"datePublished":"2024-09-01T17:00:15+00:00","dateModified":"2024-09-04T11:27:06+00:00","breadcrumb":{"@id":"https:\/\/bestmeditrips.com\/sk\/zasady-ochrany-osobnych-udajov\/#breadcrumb"},"inLanguage":"sk-SK","potentialAction":[{"@type":"ReadAction","target":["https:\/\/bestmeditrips.com\/sk\/zasady-ochrany-osobnych-udajov\/"]}]},{"@type":"BreadcrumbList","@id":"https:\/\/bestmeditrips.com\/sk\/zasady-ochrany-osobnych-udajov\/#breadcrumb","itemListElement":[{"@type":"ListItem","position":1,"name":"Home","item":"https:\/\/bestmeditrips.com\/sk\/"},{"@type":"ListItem","position":2,"name":"Z\u00e1sady Ochrany Osobn\u00fdch \u00dadajov"}]},{"@type":"WebSite","@id":"https:\/\/bestmeditrips.com\/sk\/#website","url":"https:\/\/bestmeditrips.com\/sk\/","name":"Bestmeditrips.com","description":"Zdravotn\u00e1 turistika, najlep\u0161ie o\u0161etrenia, kliniky, lek\u00e1ri a zub\u00e1ri!","publisher":{"@id":"https:\/\/bestmeditrips.com\/sk\/#organization"},"potentialAction":[{"@type":"SearchAction","target":{"@type":"EntryPoint","urlTemplate":"https:\/\/bestmeditrips.com\/sk\/?s={search_term_string}"},"query-input":{"@type":"PropertyValueSpecification","valueRequired":true,"valueName":"search_term_string"}}],"inLanguage":"sk-SK"},{"@type":"Organization","@id":"https:\/\/bestmeditrips.com\/sk\/#organization","name":"Bestmeditrips.com","url":"https:\/\/bestmeditrips.com\/sk\/","logo":{"@type":"ImageObject","inLanguage":"sk-SK","@id":"https:\/\/bestmeditrips.com\/sk\/#\/schema\/logo\/image\/","url":"https:\/\/bestmeditrips.com\/wp-content\/uploads\/2024\/09\/logo-2.png","contentUrl":"https:\/\/bestmeditrips.com\/wp-content\/uploads\/2024\/09\/logo-2.png","width":500,"height":98,"caption":"Bestmeditrips.com"},"image":{"@id":"https:\/\/bestmeditrips.com\/sk\/#\/schema\/logo\/image\/"},"sameAs":["https:\/\/www.facebook.com\/profile.php?id=61565479139599"]}]}},"_links":{"self":[{"href":"https:\/\/bestmeditrips.com\/sk\/wp-json\/wp\/v2\/pages\/439","targetHints":{"allow":["GET"]}}],"collection":[{"href":"https:\/\/bestmeditrips.com\/sk\/wp-json\/wp\/v2\/pages"}],"about":[{"href":"https:\/\/bestmeditrips.com\/sk\/wp-json\/wp\/v2\/types\/page"}],"author":[{"embeddable":true,"href":"https:\/\/bestmeditrips.com\/sk\/wp-json\/wp\/v2\/users\/1"}],"replies":[{"embeddable":true,"href":"https:\/\/bestmeditrips.com\/sk\/wp-json\/wp\/v2\/comments?post=439"}],"version-history":[{"count":1,"href":"https:\/\/bestmeditrips.com\/sk\/wp-json\/wp\/v2\/pages\/439\/revisions"}],"predecessor-version":[{"id":534,"href":"https:\/\/bestmeditrips.com\/sk\/wp-json\/wp\/v2\/pages\/439\/revisions\/534"}],"wp:attachment":[{"href":"https:\/\/bestmeditrips.com\/sk\/wp-json\/wp\/v2\/media?parent=439"}],"curies":[{"name":"wp","href":"https:\/\/api.w.org\/{rel}","templated":true}]}}