{"id":315,"date":"2024-09-02T20:44:40","date_gmt":"2024-09-02T17:44:40","guid":{"rendered":"https:\/\/bestmeditrips.com\/medzinarodny-zdravotny-turizmus-a-destinacie\/"},"modified":"2024-09-23T12:03:45","modified_gmt":"2024-09-23T09:03:45","slug":"medzinarodny-zdravotny-turizmus-a-destinacie","status":"publish","type":"page","link":"https:\/\/bestmeditrips.com\/sk\/","title":{"rendered":"Lek\u00e1rska Turistika a Destin\u00e1cie"},"content":{"rendered":"<h2>Objavte Najlep\u0161iu Sk\u00fasenos\u0165 s Medic\u00ednskym Turizmom<\/h2>\n<p>Vitajte na <em><strong>BestMediTrips.com<\/strong><\/em>, va\u0161ej hlavnej destin\u00e1cii pre v\u00fdnimo\u010dn\u00fa zdravotn\u00fa starostlivos\u0165 v kombin\u00e1cii s neoby\u010dajn\u00fdmi cestovate\u013esk\u00fdmi z\u00e1\u017eitkami. Na\u0161a viacjazy\u010dn\u00e1 platforma je venovan\u00e1 spojeniu v\u00e1s s najlep\u0161\u00edmi destin\u00e1ciami medic\u00ednskeho turizmu na celom svete, pon\u00fakaj\u00fac podrobn\u00e9 poznatky o najlep\u0161\u00edch dostupn\u00fdch lie\u010debn\u00fdch postupoch a slu\u017eb\u00e1ch.<\/p>\n<h3>Presk\u00famajte Pr\u00e9miov\u00e9 Destin\u00e1cie Pre Zdravotn\u00fd a Medic\u00ednsky Turizmus<\/h3>\n<p>Na <em><strong>BestMediTrips.com<\/strong><\/em> pon\u00fakame starostlivo vybran\u00fd v\u00fdber mo\u017enost\u00ed medic\u00ednskeho turizmu, ktor\u00fd v\u00e1s prevedie r\u00f4znymi lie\u010debn\u00fdmi postupmi dostupn\u00fdmi v najfascinuj\u00facej\u0161\u00edch destin\u00e1ci\u00e1ch sveta. Objavte, \u010do rob\u00ed ka\u017ed\u00e9 miesto jedine\u010dn\u00fdm:<\/p>\n<h4><strong><span style=\"color: #ff0000;\">\u2665 <\/span><\/strong><strong>TURECKO:<\/strong> Istanbul, Antalya, Izmir a Ankara<\/h4>\n<p>Turecko je zn\u00e1me svojimi modern\u00fdmi zdravotn\u00edckymi zariadeniami a cenovo dostupn\u00fdmi lie\u010dbami. Presk\u00famajte na\u0161e najlep\u0161ie mest\u00e1 pre r\u00f4zne zdravotn\u00e9 slu\u017eby:<\/p>\n<ul>\n<li><strong>Zubn\u00e9 kliniky:<\/strong> Premena v\u00e1\u0161ho \u00fasmevu pomocou pokro\u010dil\u00fdch postupov, ako s\u00fa implant\u00e1ty, hollywoodske \u00fasmevy a inovat\u00edvne rie\u0161enia, ako \u201eall-on-4\u201c a \u201eall-on-6\u201c.<\/li>\n<li><strong>Kliniky obnovy vlasov:<\/strong> Dosiahnite prirodzen\u00e9 a dlhotrvaj\u00face v\u00fdsledky pomocou pokro\u010dil\u00fdch techn\u00edk transplant\u00e1cie vlasov.<\/li>\n<li><strong>Estetick\u00e9 nemocnice:<\/strong> Za\u017eite estetick\u00fa chirurgiu svetovej triedy, od liftingu tv\u00e1re a\u017e po formovanie tela.<\/li>\n<li><strong>Ortopedick\u00ed \u0161pecialisti:<\/strong> Vyu\u017eite pokro\u010dil\u00e9 lie\u010dby pre probl\u00e9my s k\u013abmi a chrbticou, zabezpe\u010duj\u00fac optim\u00e1lnu regener\u00e1ciu a mobilitu.<\/li>\n<\/ul>\n<h4><strong><span style=\"color: #ff0000;\">\u2665\u00a0<\/span><\/strong><strong>MA\u010eARSKO:<\/strong> Budape\u0161\u0165 a Debrec\u00edn<\/h4>\n<p>Ma\u010farsko pon\u00faka uzn\u00e1van\u00fa zdravotn\u00fa starostlivos\u0165, najm\u00e4 v oblasti zubn\u00fdch o\u0161etren\u00ed. V Budape\u0161ti a Debrec\u00edne objavte:<\/p>\n<ul>\n<li><strong>Zubn\u00e9 kliniky:<\/strong> Prvotriedna starostlivos\u0165 o implant\u00e1ty a estetick\u00e9 zubn\u00e9 postupy za konkurencieschopn\u00e9 ceny.<\/li>\n<li><strong>Centr\u00e1 estetickej chirurgie:<\/strong> Zlep\u0161ite svoj vzh\u013ead s d\u00f4kladnou pozornos\u0165ou na detaily.<\/li>\n<\/ul>\n<h4><strong><span style=\"color: #ff0000;\">\u2665\u00a0<\/span><\/strong><strong>SRBSKO:<\/strong> Belehrad<\/h4>\n<p>Belehrad sa st\u00e1va centrom kvalitnej zdravotnej starostlivosti. Tu n\u00e1jdete:<\/p>\n<ul>\n<li><strong>Inovat\u00edvne lek\u00e1rske slu\u017eby:<\/strong> Od zubn\u00e9ho lek\u00e1rstva po estetick\u00e9 proced\u00fary, za\u017eite v\u00fdnimo\u010dn\u00fa starostlivos\u0165 prisp\u00f4soben\u00fa va\u0161im potreb\u00e1m.<\/li>\n<li><strong>Personalizovan\u00e9 lek\u00e1rske kliniky:<\/strong> Vychutnajte si slu\u017eby v meste, ktor\u00e9 je zn\u00e1me svojou srde\u010dnou pohostinnos\u0165ou a lek\u00e1rskou odbornos\u0165ou.<\/li>\n<\/ul>\n<h4><strong><span style=\"color: #ff0000;\">\u2665\u00a0<\/span><\/strong><strong>CHORV\u00c1TSKO:<\/strong> Z\u00e1hreb a Split<\/h4>\n<p>Chorv\u00e1tsko kombinuje lek\u00e1rsku excelenciu s kr\u00e1snymi krajinami. Objavte:<\/p>\n<ul>\n<li><strong>Zubn\u00e9 a estetick\u00e9 kliniky:<\/strong> U\u017eite si pokro\u010dil\u00e9 lie\u010dby v malebnom prostred\u00ed.<\/li>\n<li><strong>Rehabilita\u010dn\u00e9 a wellness nemocnice:<\/strong> Komplexn\u00e9 mo\u017enosti starostlivosti navrhnut\u00e9 na zlep\u0161enie v\u00e1\u0161ho celkov\u00e9ho blahobytu.<\/li>\n<\/ul>\n<h4><strong><span style=\"color: #ff0000;\">\u2665\u00a0<\/span><\/strong><strong>PO\u013dSKO:<\/strong> Var\u0161ava a Krakov<\/h4>\n<p>Po\u013esko pon\u00faka vysokokvalitn\u00e9 zdravotn\u00e9 slu\u017eby za dostupn\u00e9 ceny. Presk\u00famajte:<\/p>\n<ul>\n<li><strong>Zariadenia zubnej starostlivosti:<\/strong> Pokro\u010dil\u00e9 rie\u0161enia pre implant\u00e1ty a \u010fal\u0161ie zubn\u00e9 potreby.<\/li>\n<li><strong>Ortopedick\u00e9 a estetick\u00e9 kliniky:<\/strong> Modern\u00e9 zariadenia pon\u00fakaj\u00face \u0161irok\u00fa \u0161k\u00e1lu proced\u00far.<\/li>\n<\/ul>\n<h4><strong><span style=\"color: #ff0000;\">\u2665\u00a0<\/span><\/strong><strong>NEMECKO:<\/strong> Berl\u00edn a Mn\u00edchov<\/h4>\n<p>Nemecko je synonymom pre lek\u00e1rske inov\u00e1cie a kvalitu. Pr\u00edstup k:<\/p>\n<ul>\n<li><strong>Najmodernej\u0161ie nemocnice:<\/strong> Najnov\u0161ie lek\u00e1rske technol\u00f3gie a \u0161pecializovan\u00e1 starostlivos\u0165.<\/li>\n<li><strong>Komplexn\u00e9 centr\u00e1 zdravotn\u00fdch slu\u017eieb:<\/strong> Svetovo uzn\u00e1van\u00e1 lie\u010dba pre komplexn\u00e9 oper\u00e1cie a rutinn\u00e9 proced\u00fary.<\/li>\n<\/ul>\n<h4><strong><span style=\"color: #ff0000;\">\u2665\u00a0<\/span><\/strong><strong>\u010cESKO:<\/strong> Praha<\/h4>\n<p>Praha pon\u00faka kombin\u00e1ciu historick\u00e9ho \u0161armu a modernej zdravotnej starostlivosti. Objavte:<\/p>\n<ul>\n<li><strong>Najlep\u0161ie hodnoten\u00e9 zubn\u00e9 kliniky:<\/strong> Vynikaj\u00face rie\u0161enia v jednom z najkraj\u0161\u00edch miest Eur\u00f3py.<\/li>\n<li><strong>Estetick\u00e9 nemocnice:<\/strong> Vysokokvalitn\u00e9 estetick\u00e9 proced\u00fary.<\/li>\n<\/ul>\n<h4><strong><span style=\"color: #ff0000;\">\u2665\u00a0<\/span><\/strong><strong>MEXIKO:<\/strong> Canc\u00fan a Mexico City<\/h4>\n<p>Mexiko poskytuje \u017eiv\u00e9 prostredie pre v\u00fdnimo\u010dn\u00fa zdravotn\u00fa starostlivos\u0165. U\u017eite si:<\/p>\n<ul>\n<li><strong>Dostupn\u00e9 lie\u010debn\u00e9 centr\u00e1:<\/strong> Vysokokvalitn\u00e9 zubn\u00e9 a estetick\u00e9 proced\u00fary.<\/li>\n<li><strong>Kliniky s kult\u00farnym z\u00e1\u017eitkom:<\/strong> Skombinujte svoju lie\u010dbu s bohat\u00fdm kult\u00farnym cestovan\u00edm.<\/li>\n<\/ul>\n<h4><strong><span style=\"color: #ff0000;\">\u2665\u00a0<\/span><\/strong><strong>KOLUMBIA:<\/strong> Medell\u00edn a Bogot\u00e1<\/h4>\n<p>Kolumbia je zn\u00e1ma svojimi kvalifikovan\u00fdmi zdravotn\u00fdmi odborn\u00edkmi a cenovo dostupn\u00fdmi slu\u017ebami. Pr\u00edstup k:<\/p>\n<ul>\n<li><strong>Komplexn\u00e9 lek\u00e1rske centr\u00e1:<\/strong> \u0160irok\u00e1 \u0161k\u00e1la zdravotn\u00fdch lie\u010debn\u00fdch postupov zameran\u00fdch na kvalitu a dostupnos\u0165.<\/li>\n<li><strong>\u0160pecializovan\u00e9 zubn\u00e9 kliniky:<\/strong> Starostlivos\u0165 od odborn\u00edkov v krajine zn\u00e1mej pre pokroky v zdravotnej starostlivosti.<\/li>\n<\/ul>\n<h4><strong><span style=\"color: #ff0000;\">\u2665\u00a0<\/span><\/strong><strong>THAJSKO:<\/strong> Bangkok a Phuket<\/h4>\n<p>Thajsko pon\u00faka dokonal\u00fa kombin\u00e1ciu zdravotnej starostlivosti a cestovate\u013esk\u00fdch z\u00e1\u017eitkov. Objavte:<\/p>\n<ul>\n<li><strong>Nemocnice svetovej triedy:<\/strong> \u0160pi\u010dkov\u00e9 zdravotn\u00e9 slu\u017eby pre zubn\u00fa starostlivos\u0165 a wellness programy.<\/li>\n<li><strong>Kliniky na kr\u00e1snych miestach:<\/strong> Za\u017eite v\u00fdnimo\u010dn\u00fa zdravotn\u00fa starostlivos\u0165 pri objavovan\u00ed Thajska.<\/li>\n<\/ul>\n<h4><strong><span style=\"color: #ff0000;\">\u2665\u00a0<\/span><\/strong><strong>INDIA:<\/strong> Dill\u00ed a Bombaj<\/h4>\n<p>Zdravotn\u00edcke zariadenia v Indii s\u00fa modern\u00e9 a cenovo dostupn\u00e9. Presk\u00famajte:<\/p>\n<ul>\n<li><strong>Rozmanit\u00e9 lek\u00e1rske kliniky:<\/strong> Vysok\u00e9 \u0161tandardy v r\u00f4znych mo\u017enostiach lie\u010dby.<\/li>\n<li><strong>Nemocnice so \u0161pecialistami:<\/strong> Starostlivos\u0165 od odborn\u00edkov v Dill\u00ed a Bombaji.<\/li>\n<\/ul>\n<h4><strong><span style=\"color: #ff0000;\">\u2665\u00a0<\/span><\/strong><strong>VIETNAM:<\/strong> Ho \u010ci Minovo Mesto a Hanoj<\/h4>\n<p>Vietnam sa st\u00e1va rast\u00facim cie\u013eom pre medic\u00ednsky turizmus. Tu m\u00f4\u017eete vyu\u017ei\u0165:<\/p>\n<ul>\n<li><strong>Efekt\u00edvne lek\u00e1rske centr\u00e1:<\/strong> Cenovo dostupn\u00e1 a kvalitn\u00e1 starostlivos\u0165.<\/li>\n<li><strong>Komplexn\u00e9 lie\u010debn\u00e9 kliniky:<\/strong> Od zubnej starostlivosti po ortopedick\u00e9 proced\u00fary.<\/li>\n<\/ul>\n<h4>Pre\u010do si vybra\u0165 zdravotn\u00fd a medic\u00ednsky turizmus?<\/h4>\n<p>Zdravotn\u00fd a medic\u00ednsky turizmus v\u00e1m umo\u017e\u0148uje kombinova\u0165 \u0161pi\u010dkov\u00fa zdravotn\u00fa starostlivos\u0165 so vzru\u0161uj\u00facimi cestovate\u013esk\u00fdmi mo\u017enos\u0165ami. Na <em>BestMediTrips.com<\/em> sme odhodlan\u00ed pom\u00f4c\u0165 v\u00e1m n\u00e1js\u0165 ide\u00e1lnu destin\u00e1ciu a lie\u010dbu, ktor\u00e1 vyhovuje va\u0161im potreb\u00e1m a preferenci\u00e1m. Presk\u00famajte na\u0161u platformu, aby ste za\u010dali svoju cestu k v\u00fdnimo\u010dnej zdravotnej starostlivosti a nezabudnute\u013en\u00fdm z\u00e1\u017eitkom.<\/p>\n","protected":false},"excerpt":{"rendered":"<p>Objavte Najlep\u0161iu Sk\u00fasenos\u0165 s Medic\u00ednskym Turizmom Vitajte na BestMediTrips.com, va\u0161ej hlavnej destin\u00e1cii pre v\u00fdnimo\u010dn\u00fa zdravotn\u00fa starostlivos\u0165 v kombin\u00e1cii s neoby\u010dajn\u00fdmi cestovate\u013esk\u00fdmi z\u00e1\u017eitkami. Na\u0161a viacjazy\u010dn\u00e1 platforma je venovan\u00e1 spojeniu v\u00e1s s najlep\u0161\u00edmi destin\u00e1ciami medic\u00ednskeho turizmu na celom svete, pon\u00fakaj\u00fac podrobn\u00e9 poznatky o najlep\u0161\u00edch dostupn\u00fdch lie\u010debn\u00fdch postupoch a slu\u017eb\u00e1ch. Presk\u00famajte Pr\u00e9miov\u00e9 Destin\u00e1cie Pre Zdravotn\u00fd a Medic\u00ednsky Turizmus &#8230; <a title=\"Lek\u00e1rska Turistika a Destin\u00e1cie\" class=\"read-more\" href=\"https:\/\/bestmeditrips.com\/sk\/\" aria-label=\"Pre\u010d\u00edtajte si viac o Lek\u00e1rska Turistika a Destin\u00e1cie\">Read more<\/a><\/p>\n","protected":false},"author":1,"featured_media":348,"parent":0,"menu_order":0,"comment_status":"closed","ping_status":"closed","template":"","meta":{"footnotes":""},"class_list":["post-315","page","type-page","status-publish","has-post-thumbnail"],"yoast_head":"<!-- This site is optimized with the Yoast SEO plugin v27.4 - https:\/\/yoast.com\/product\/yoast-seo-wordpress\/ -->\n<title>Odborn\u00edci na Lek\u00e1rsku Turistiku | Pr\u00e9miov\u00e9 Lie\u010dby a Destin\u00e1cie<\/title>\n<meta name=\"description\" content=\"Presk\u00famajte najlep\u0161ie slu\u017eby zdravotnej turistiky s najlep\u0161\u00edmi klinikami, lek\u00e1rmi a zub\u00e1rmi, ktor\u00ed pon\u00fakaj\u00fa odborn\u00e9 rady pre najlep\u0161ie lek\u00e1rske cesty.\" \/>\n<meta name=\"robots\" content=\"index, follow, max-snippet:-1, max-image-preview:large, max-video-preview:-1\" \/>\n<link rel=\"canonical\" href=\"https:\/\/bestmeditrips.com\/sk\/\" \/>\n<meta property=\"og:locale\" content=\"sk_SK\" \/>\n<meta property=\"og:type\" content=\"article\" \/>\n<meta property=\"og:title\" content=\"Odborn\u00edci na Lek\u00e1rsku Turistiku | Pr\u00e9miov\u00e9 Lie\u010dby a Destin\u00e1cie\" \/>\n<meta property=\"og:description\" content=\"Presk\u00famajte najlep\u0161ie slu\u017eby zdravotnej turistiky s najlep\u0161\u00edmi klinikami, lek\u00e1rmi a zub\u00e1rmi, ktor\u00ed pon\u00fakaj\u00fa odborn\u00e9 rady pre najlep\u0161ie lek\u00e1rske cesty.\" \/>\n<meta property=\"og:url\" content=\"https:\/\/bestmeditrips.com\/sk\/\" \/>\n<meta property=\"og:site_name\" content=\"Bestmeditrips.com\" \/>\n<meta property=\"article:publisher\" content=\"https:\/\/www.facebook.com\/profile.php?id=61565479139599\" \/>\n<meta property=\"article:modified_time\" content=\"2024-09-23T09:03:45+00:00\" \/>\n<meta property=\"og:image\" content=\"https:\/\/bestmeditrips.com\/wp-content\/uploads\/2024\/09\/health-tourism.jpg\" \/>\n\t<meta property=\"og:image:width\" content=\"1024\" \/>\n\t<meta property=\"og:image:height\" content=\"683\" \/>\n\t<meta property=\"og:image:type\" content=\"image\/jpeg\" \/>\n<meta name=\"twitter:card\" content=\"summary_large_image\" \/>\n<meta name=\"twitter:label1\" content=\"Predpokladan\u00fd \u010das \u010d\u00edtania\" \/>\n\t<meta name=\"twitter:data1\" content=\"4 min\u00faty\" \/>\n<script type=\"application\/ld+json\" class=\"yoast-schema-graph\">{\"@context\":\"https:\\\/\\\/schema.org\",\"@graph\":[{\"@type\":\"WebPage\",\"@id\":\"https:\\\/\\\/bestmeditrips.com\\\/sk\\\/\",\"url\":\"https:\\\/\\\/bestmeditrips.com\\\/sk\\\/\",\"name\":\"Odborn\u00edci na Lek\u00e1rsku Turistiku | Pr\u00e9miov\u00e9 Lie\u010dby a Destin\u00e1cie\",\"isPartOf\":{\"@id\":\"https:\\\/\\\/bestmeditrips.com\\\/sk\\\/#website\"},\"primaryImageOfPage\":{\"@id\":\"https:\\\/\\\/bestmeditrips.com\\\/sk\\\/#primaryimage\"},\"image\":{\"@id\":\"https:\\\/\\\/bestmeditrips.com\\\/sk\\\/#primaryimage\"},\"thumbnailUrl\":\"https:\\\/\\\/bestmeditrips.com\\\/wp-content\\\/uploads\\\/2024\\\/09\\\/health-tourism.jpg\",\"datePublished\":\"2024-09-02T17:44:40+00:00\",\"dateModified\":\"2024-09-23T09:03:45+00:00\",\"description\":\"Presk\u00famajte najlep\u0161ie slu\u017eby zdravotnej turistiky s najlep\u0161\u00edmi klinikami, lek\u00e1rmi a zub\u00e1rmi, ktor\u00ed pon\u00fakaj\u00fa odborn\u00e9 rady pre najlep\u0161ie lek\u00e1rske cesty.\",\"breadcrumb\":{\"@id\":\"https:\\\/\\\/bestmeditrips.com\\\/sk\\\/#breadcrumb\"},\"inLanguage\":\"sk-SK\",\"potentialAction\":[{\"@type\":\"ReadAction\",\"target\":[\"https:\\\/\\\/bestmeditrips.com\\\/sk\\\/\"]}]},{\"@type\":\"ImageObject\",\"inLanguage\":\"sk-SK\",\"@id\":\"https:\\\/\\\/bestmeditrips.com\\\/sk\\\/#primaryimage\",\"url\":\"https:\\\/\\\/bestmeditrips.com\\\/wp-content\\\/uploads\\\/2024\\\/09\\\/health-tourism.jpg\",\"contentUrl\":\"https:\\\/\\\/bestmeditrips.com\\\/wp-content\\\/uploads\\\/2024\\\/09\\\/health-tourism.jpg\",\"width\":1024,\"height\":683,\"caption\":\"Medical tourism and best destinations in the world for dental, hair transplant, orthopedic and aesthetic treatments\"},{\"@type\":\"BreadcrumbList\",\"@id\":\"https:\\\/\\\/bestmeditrips.com\\\/sk\\\/#breadcrumb\",\"itemListElement\":[{\"@type\":\"ListItem\",\"position\":1,\"name\":\"Home\",\"item\":\"https:\\\/\\\/bestmeditrips.com\\\/sk\\\/\"},{\"@type\":\"ListItem\",\"position\":2,\"name\":\"Lek\u00e1rska Turistika a Destin\u00e1cie\"}]},{\"@type\":\"WebSite\",\"@id\":\"https:\\\/\\\/bestmeditrips.com\\\/sk\\\/#website\",\"url\":\"https:\\\/\\\/bestmeditrips.com\\\/sk\\\/\",\"name\":\"Bestmeditrips.com\",\"description\":\"Zdravotn\u00e1 turistika, najlep\u0161ie o\u0161etrenia, kliniky, lek\u00e1ri a zub\u00e1ri!\",\"publisher\":{\"@id\":\"https:\\\/\\\/bestmeditrips.com\\\/sk\\\/#organization\"},\"potentialAction\":[{\"@type\":\"SearchAction\",\"target\":{\"@type\":\"EntryPoint\",\"urlTemplate\":\"https:\\\/\\\/bestmeditrips.com\\\/sk\\\/?s={search_term_string}\"},\"query-input\":{\"@type\":\"PropertyValueSpecification\",\"valueRequired\":true,\"valueName\":\"search_term_string\"}}],\"inLanguage\":\"sk-SK\"},{\"@type\":\"Organization\",\"@id\":\"https:\\\/\\\/bestmeditrips.com\\\/sk\\\/#organization\",\"name\":\"Bestmeditrips.com\",\"url\":\"https:\\\/\\\/bestmeditrips.com\\\/sk\\\/\",\"logo\":{\"@type\":\"ImageObject\",\"inLanguage\":\"sk-SK\",\"@id\":\"https:\\\/\\\/bestmeditrips.com\\\/sk\\\/#\\\/schema\\\/logo\\\/image\\\/\",\"url\":\"https:\\\/\\\/bestmeditrips.com\\\/wp-content\\\/uploads\\\/2024\\\/09\\\/logo-2.png\",\"contentUrl\":\"https:\\\/\\\/bestmeditrips.com\\\/wp-content\\\/uploads\\\/2024\\\/09\\\/logo-2.png\",\"width\":500,\"height\":98,\"caption\":\"Bestmeditrips.com\"},\"image\":{\"@id\":\"https:\\\/\\\/bestmeditrips.com\\\/sk\\\/#\\\/schema\\\/logo\\\/image\\\/\"},\"sameAs\":[\"https:\\\/\\\/www.facebook.com\\\/profile.php?id=61565479139599\"]}]}<\/script>\n<!-- \/ Yoast SEO plugin. -->","yoast_head_json":{"title":"Odborn\u00edci na Lek\u00e1rsku Turistiku | Pr\u00e9miov\u00e9 Lie\u010dby a Destin\u00e1cie","description":"Presk\u00famajte najlep\u0161ie slu\u017eby zdravotnej turistiky s najlep\u0161\u00edmi klinikami, lek\u00e1rmi a zub\u00e1rmi, ktor\u00ed pon\u00fakaj\u00fa odborn\u00e9 rady pre najlep\u0161ie lek\u00e1rske cesty.","robots":{"index":"index","follow":"follow","max-snippet":"max-snippet:-1","max-image-preview":"max-image-preview:large","max-video-preview":"max-video-preview:-1"},"canonical":"https:\/\/bestmeditrips.com\/sk\/","og_locale":"sk_SK","og_type":"article","og_title":"Odborn\u00edci na Lek\u00e1rsku Turistiku | Pr\u00e9miov\u00e9 Lie\u010dby a Destin\u00e1cie","og_description":"Presk\u00famajte najlep\u0161ie slu\u017eby zdravotnej turistiky s najlep\u0161\u00edmi klinikami, lek\u00e1rmi a zub\u00e1rmi, ktor\u00ed pon\u00fakaj\u00fa odborn\u00e9 rady pre najlep\u0161ie lek\u00e1rske cesty.","og_url":"https:\/\/bestmeditrips.com\/sk\/","og_site_name":"Bestmeditrips.com","article_publisher":"https:\/\/www.facebook.com\/profile.php?id=61565479139599","article_modified_time":"2024-09-23T09:03:45+00:00","og_image":[{"width":1024,"height":683,"url":"https:\/\/bestmeditrips.com\/wp-content\/uploads\/2024\/09\/health-tourism.jpg","type":"image\/jpeg"}],"twitter_card":"summary_large_image","twitter_misc":{"Predpokladan\u00fd \u010das \u010d\u00edtania":"4 min\u00faty"},"schema":{"@context":"https:\/\/schema.org","@graph":[{"@type":"WebPage","@id":"https:\/\/bestmeditrips.com\/sk\/","url":"https:\/\/bestmeditrips.com\/sk\/","name":"Odborn\u00edci na Lek\u00e1rsku Turistiku | Pr\u00e9miov\u00e9 Lie\u010dby a Destin\u00e1cie","isPartOf":{"@id":"https:\/\/bestmeditrips.com\/sk\/#website"},"primaryImageOfPage":{"@id":"https:\/\/bestmeditrips.com\/sk\/#primaryimage"},"image":{"@id":"https:\/\/bestmeditrips.com\/sk\/#primaryimage"},"thumbnailUrl":"https:\/\/bestmeditrips.com\/wp-content\/uploads\/2024\/09\/health-tourism.jpg","datePublished":"2024-09-02T17:44:40+00:00","dateModified":"2024-09-23T09:03:45+00:00","description":"Presk\u00famajte najlep\u0161ie slu\u017eby zdravotnej turistiky s najlep\u0161\u00edmi klinikami, lek\u00e1rmi a zub\u00e1rmi, ktor\u00ed pon\u00fakaj\u00fa odborn\u00e9 rady pre najlep\u0161ie lek\u00e1rske cesty.","breadcrumb":{"@id":"https:\/\/bestmeditrips.com\/sk\/#breadcrumb"},"inLanguage":"sk-SK","potentialAction":[{"@type":"ReadAction","target":["https:\/\/bestmeditrips.com\/sk\/"]}]},{"@type":"ImageObject","inLanguage":"sk-SK","@id":"https:\/\/bestmeditrips.com\/sk\/#primaryimage","url":"https:\/\/bestmeditrips.com\/wp-content\/uploads\/2024\/09\/health-tourism.jpg","contentUrl":"https:\/\/bestmeditrips.com\/wp-content\/uploads\/2024\/09\/health-tourism.jpg","width":1024,"height":683,"caption":"Medical tourism and best destinations in the world for dental, hair transplant, orthopedic and aesthetic treatments"},{"@type":"BreadcrumbList","@id":"https:\/\/bestmeditrips.com\/sk\/#breadcrumb","itemListElement":[{"@type":"ListItem","position":1,"name":"Home","item":"https:\/\/bestmeditrips.com\/sk\/"},{"@type":"ListItem","position":2,"name":"Lek\u00e1rska Turistika a Destin\u00e1cie"}]},{"@type":"WebSite","@id":"https:\/\/bestmeditrips.com\/sk\/#website","url":"https:\/\/bestmeditrips.com\/sk\/","name":"Bestmeditrips.com","description":"Zdravotn\u00e1 turistika, najlep\u0161ie o\u0161etrenia, kliniky, lek\u00e1ri a zub\u00e1ri!","publisher":{"@id":"https:\/\/bestmeditrips.com\/sk\/#organization"},"potentialAction":[{"@type":"SearchAction","target":{"@type":"EntryPoint","urlTemplate":"https:\/\/bestmeditrips.com\/sk\/?s={search_term_string}"},"query-input":{"@type":"PropertyValueSpecification","valueRequired":true,"valueName":"search_term_string"}}],"inLanguage":"sk-SK"},{"@type":"Organization","@id":"https:\/\/bestmeditrips.com\/sk\/#organization","name":"Bestmeditrips.com","url":"https:\/\/bestmeditrips.com\/sk\/","logo":{"@type":"ImageObject","inLanguage":"sk-SK","@id":"https:\/\/bestmeditrips.com\/sk\/#\/schema\/logo\/image\/","url":"https:\/\/bestmeditrips.com\/wp-content\/uploads\/2024\/09\/logo-2.png","contentUrl":"https:\/\/bestmeditrips.com\/wp-content\/uploads\/2024\/09\/logo-2.png","width":500,"height":98,"caption":"Bestmeditrips.com"},"image":{"@id":"https:\/\/bestmeditrips.com\/sk\/#\/schema\/logo\/image\/"},"sameAs":["https:\/\/www.facebook.com\/profile.php?id=61565479139599"]}]}},"_links":{"self":[{"href":"https:\/\/bestmeditrips.com\/sk\/wp-json\/wp\/v2\/pages\/315","targetHints":{"allow":["GET"]}}],"collection":[{"href":"https:\/\/bestmeditrips.com\/sk\/wp-json\/wp\/v2\/pages"}],"about":[{"href":"https:\/\/bestmeditrips.com\/sk\/wp-json\/wp\/v2\/types\/page"}],"author":[{"embeddable":true,"href":"https:\/\/bestmeditrips.com\/sk\/wp-json\/wp\/v2\/users\/1"}],"replies":[{"embeddable":true,"href":"https:\/\/bestmeditrips.com\/sk\/wp-json\/wp\/v2\/comments?post=315"}],"version-history":[{"count":4,"href":"https:\/\/bestmeditrips.com\/sk\/wp-json\/wp\/v2\/pages\/315\/revisions"}],"predecessor-version":[{"id":829,"href":"https:\/\/bestmeditrips.com\/sk\/wp-json\/wp\/v2\/pages\/315\/revisions\/829"}],"wp:featuredmedia":[{"embeddable":true,"href":"https:\/\/bestmeditrips.com\/sk\/wp-json\/wp\/v2\/media\/348"}],"wp:attachment":[{"href":"https:\/\/bestmeditrips.com\/sk\/wp-json\/wp\/v2\/media?parent=315"}],"curies":[{"name":"wp","href":"https:\/\/api.w.org\/{rel}","templated":true}]}}