{"id":1120,"date":"2024-09-23T21:41:39","date_gmt":"2024-09-23T18:41:39","guid":{"rendered":"https:\/\/bestmeditrips.com\/turecko\/"},"modified":"2024-09-23T21:41:39","modified_gmt":"2024-09-23T18:41:39","slug":"turecko","status":"publish","type":"page","link":"https:\/\/bestmeditrips.com\/sk\/turecko\/","title":{"rendered":"Turecko"},"content":{"rendered":"<h2>Objavte pr\u00e9miov\u00fa zdravotn\u00fa starostlivos\u0165 v Turecku<\/h2>\n<p>Turecko sa stalo poprednou destin\u00e1ciou pre zdravotn\u00fd turizmus, pon\u00fakaj\u00fac medic\u00ednske z\u00e1kroky svetovej \u00farovne za prijate\u013en\u00e9 ceny. \u010ci u\u017e zva\u017eujete <strong>zubn\u00e9 implant\u00e1ty<\/strong>, <strong>estetick\u00fa chirurgiu<\/strong>, <strong>ortopedick\u00e9 poruchy<\/strong>, <strong>lie\u010dbu o\u010d\u00ed<\/strong>, <strong>transplant\u00e1ciu vlasov<\/strong>, <strong>lie\u010dbu rakoviny<\/strong> alebo in\u00e9 \u0161pecializovan\u00e9 z\u00e1kroky, Turecko v\u00e1m poskytuje pr\u00edstup k vysoko kvalifikovan\u00fdm odborn\u00edkom a modern\u00fdm klinik\u00e1m.<\/p>\n<figure style=\"width: 1014px\" class=\"wp-caption aligncenter\"><img loading=\"lazy\" decoding=\"async\" src=\"https:\/\/bestmeditrips.com\/wp-content\/uploads\/2024\/09\/turkey-hospital.jpg\" alt=\"One of the new and modern hospitals in Istanbul. \" width=\"1024\" height=\"616\" \/><figcaption class=\"wp-caption-text\"><em>Modern\u00e1 s\u00fakromn\u00e1 nemocnica na eur\u00f3pskej strane Istanbulu<\/em><\/figcaption><\/figure>\n<h3>Pre\u010do si vybra\u0165 Turecko pre va\u0161u zdravotn\u00fa cestu?<\/h3>\n<p>V\u00fdber Turecka pre va\u0161e zdravotn\u00e9 z\u00e1kroky pon\u00faka mno\u017estvo v\u00fdhod:<\/p>\n<ul>\n<li><strong>Vysoko kvalifikovan\u00ed lek\u00e1ri<\/strong>: Turecko je domovom niektor\u00fdch z najsk\u00fasenej\u0161\u00edch chirurgov a \u0161pecialistov na svete, z ktor\u00fdch mnoh\u00ed maj\u00fa medzin\u00e1rodn\u00e9 vzdelanie.<\/li>\n<li><strong>Dostupn\u00e9 z\u00e1kroky<\/strong>: Medic\u00ednske z\u00e1kroky v Turecku m\u00f4\u017eu st\u00e1\u0165 a\u017e o 70 % menej ako v USA alebo Eur\u00f3pe, bez toho, aby sa zn\u00ed\u017eila kvalita.<\/li>\n<li><strong>Modern\u00e9 kliniky<\/strong>: Tureck\u00e9 kliniky s\u00fa vybaven\u00e9 najnov\u0161ou technol\u00f3giou, \u010do zaru\u010duje vysok\u00fa \u00farove\u0148 starostlivosti a lie\u010dby.<\/li>\n<li><strong>Pohodln\u00e9 cestovanie<\/strong>: Hlavn\u00e9 mest\u00e1 Turecka, ako napr\u00edklad <strong>Istanbul<\/strong>, <strong>Antalya<\/strong> a <strong>Izmir<\/strong>, s\u00fa \u013eahko dostupn\u00e9 z cel\u00e9ho sveta, \u010do rob\u00ed Turecko pohodlnou destin\u00e1ciou pre medzin\u00e1rodn\u00fdch pacientov.<\/li>\n<\/ul>\n<figure style=\"width: 1014px\" class=\"wp-caption aligncenter\"><img loading=\"lazy\" decoding=\"async\" src=\"https:\/\/bestmeditrips.com\/wp-content\/uploads\/2024\/09\/health-tourism-istanbul-1.jpg\" alt=\"Why to prefer Turkey, Istanbul, Antalya, Izmir for dental and other medical treatments?\" width=\"1024\" height=\"455\" \/><figcaption class=\"wp-caption-text\"><em>Jedna zo zubn\u00fdch klin\u00edk v Istanbule<\/em><\/figcaption><\/figure>\n<p><strong>Popul\u00e1rne z\u00e1kroky v Turecku<\/strong><\/p>\n<ul>\n<li><em>Zubn\u00e9 implant\u00e1ty<\/em>: Turecko je zn\u00e1me svojimi cenovo dostupn\u00fdmi a kvalitn\u00fdmi slu\u017ebami <strong>zubn\u00fdch implant\u00e1tov<\/strong>, vr\u00e1tane z\u00e1krokov <em>all-on-4<\/em> a <em>all-on-6<\/em>.<\/li>\n<li><em>Rhinoplastika<\/em> a <em>zv\u00e4\u010d\u0161enie p\u0155s<\/em>: Turecko pon\u00faka \u0161irok\u00fa \u0161k\u00e1lu proced\u00far <strong>estetickej chirurgie<\/strong>, ktor\u00e9 vykon\u00e1vaj\u00fa certifikovan\u00ed odborn\u00edci.<\/li>\n<li><em>Obnova vlasov<\/em>: S klinikami, ktor\u00e9 pon\u00fakaj\u00fa pokro\u010dil\u00e9 techniky, sa Turecko stalo poprednou destin\u00e1ciou pre <strong>transplant\u00e1ciu vlasov<\/strong>.<\/li>\n<li><strong>Ortopedick\u00e9 poruchy<\/strong>: Turecko poskytuje vynikaj\u00facu ortopedick\u00fa starostlivos\u0165, \u0161pecializuj\u00facu sa na <em>n\u00e1hrady k\u013abov<\/em>, <em>roztrhnutia menisku<\/em> a minim\u00e1lne invaz\u00edvne oper\u00e1cie.<\/li>\n<li><strong>Lie\u010dba o\u010d\u00ed<\/strong>: Turecko je tie\u017e ved\u00facou destin\u00e1ciou pre oftalmologick\u00fa starostlivos\u0165, pon\u00fakaj\u00fac proced\u00fary ako <em>LASIK<\/em>, <em>oper\u00e1cia \u0161ed\u00e9ho z\u00e1kalu<\/em> a <em>transplant\u00e1cia rohovky<\/em>. V\u010faka modernej technol\u00f3gii a sk\u00fasen\u00fdm oftalmol\u00f3gom m\u00f4\u017eu pacienti o\u010dak\u00e1va\u0165 vysoko kvalitn\u00fa starostlivos\u0165 za konkuren\u010dn\u00e9 ceny.<\/li>\n<li><strong>Lie\u010dba rakoviny<\/strong>: Turecko sa st\u00e1va \u010doraz viac centrom pre pokro\u010dil\u00fa lie\u010dbu rakoviny, pon\u00fakaj\u00fac komplexn\u00fa starostlivos\u0165 pre pacientov s r\u00f4znymi typmi rakoviny. Od najnov\u0161ej chemoterapie a r\u00e1dioterapie po inovat\u00edvnu imunoterapiu a presn\u00fa onkol\u00f3giu, tureck\u00e9 kliniky poskytuj\u00fa pr\u00edstup k \u0161pi\u010dkov\u00fdm onkol\u00f3gom a najnov\u0161\u00edm medic\u00ednskym technol\u00f3gi\u00e1m. Pacienti m\u00f4\u017eu o\u010dak\u00e1va\u0165 personalizovan\u00e9 lie\u010debn\u00e9 pl\u00e1ny za v\u00fdrazne ni\u017e\u0161ie n\u00e1klady ako v z\u00e1padn\u00fdch krajin\u00e1ch, bez kompromisov v kvalite.<\/li>\n<\/ul>\n<h3>Hlavn\u00e9 mest\u00e1 zdravotn\u00e9ho turizmu v Turecku<\/h3>\n<ul>\n<li><strong>Istanbul<\/strong>: Zn\u00e1my svojimi \u0161pi\u010dkov\u00fdmi klinikami <strong>zubn\u00fdch implant\u00e1tov<\/strong> a <strong>estetickej chirurgie<\/strong>, <strong>Istanbul<\/strong> ka\u017edoro\u010dne pri\u0165ahuje tis\u00edce medzin\u00e1rodn\u00fdch pacientov.<\/li>\n<li><strong>Antalya<\/strong>: Pobre\u017en\u00e9 mesto, ktor\u00e9 pon\u00faka nielen vysoko kvalitn\u00fa zdravotn\u00fa starostlivos\u0165, ale aj relaxa\u010dn\u00e9 prostredie na zotavenie, najm\u00e4 po estetick\u00fdch z\u00e1krokoch.<\/li>\n<li><strong>Izmir<\/strong>: K\u013e\u00fa\u010dov\u00e9 mesto pre stomatologick\u00fa starostlivos\u0165 a lie\u010dbu <strong>ortopedick\u00fdch por\u00fach<\/strong>, <strong>Izmir<\/strong> sa st\u00e1va rast\u00facim centrom zdravotn\u00e9ho turizmu.<\/li>\n<\/ul>\n<h3>Z\u00edskajte najlep\u0161iu lie\u010dbu za najlep\u0161ie ceny<\/h3>\n<p>V\u00fdberom Turecka z\u00edskavate nielen vysoko kvalitn\u00fa zdravotn\u00fa starostlivos\u0165, ale aj v\u00fdrazne u\u0161etr\u00edte na lek\u00e1rskych n\u00e1kladoch. Mnoho klin\u00edk pon\u00faka bal\u00edky all-inclusive, ktor\u00e9 pokr\u00fdvaj\u00fa lie\u010dbu, ubytovanie a dopravu, \u010do zais\u0165uje bezprobl\u00e9mov\u00fd z\u00e1\u017eitok pre medzin\u00e1rodn\u00fdch pacientov.<\/p>\n<h3>Za\u010dnite pl\u00e1nova\u0165 svoju zdravotn\u00fa cestu do Turecka<\/h3>\n<p>Ste pripraven\u00ed presk\u00fama\u0165 mo\u017enosti zdravotnej starostlivosti v Turecku? Kontaktujte n\u00e1\u0161 t\u00edm a z\u00edskajte personalizovan\u00e9 rady a odpor\u00fa\u010dania o najlep\u0161\u00edch klinik\u00e1ch a lie\u010debn\u00fdch postupoch. Pom\u00f4\u017eeme v\u00e1m urobi\u0165 informovan\u00e9 rozhodnutia a zabezpe\u010di\u0165 zdravotn\u00e9 slu\u017eby najvy\u0161\u0161ej kvality za prijate\u013en\u00e9 ceny.<\/p>\n<p><span style=\"text-decoration: underline;\"><strong>KONTAKTUJTE N\u00c1S<\/strong><\/span><\/p>\n<style id=\"wpforms-css-vars-673\">\n\t\t\t\t#wpforms-673 {\n\t\t\t\t\n\t\t\t}\n\t\t\t<\/style><div class=\"wpforms-container wpforms-container-full wpforms-render-modern\" id=\"wpforms-673\"><form id=\"wpforms-form-673\" class=\"wpforms-validate wpforms-form wpforms-ajax-form\" data-formid=\"673\" method=\"post\" enctype=\"multipart\/form-data\" action=\"\/sk\/wp-json\/wp\/v2\/pages\/1120\" data-token=\"3afdf7b15cb95e56096648baafd6df2b\" data-token-time=\"1776389831\"><noscript class=\"wpforms-error-noscript\">Please enable JavaScript in your browser to complete this form.<\/noscript><div id=\"wpforms-error-noscript\" style=\"display: none;\">Please enable JavaScript in your browser to complete this form.<\/div><div class=\"wpforms-field-container\"><div id=\"wpforms-673-field_1-container\" class=\"wpforms-field wpforms-field-name\" data-field-id=\"1\"><fieldset><legend class=\"wpforms-field-label\">Meno a priezvisko <span class=\"wpforms-required-label\" aria-hidden=\"true\">*<\/span><\/legend><div class=\"wpforms-field-row wpforms-field-medium\"><div class=\"wpforms-field-row-block wpforms-first wpforms-one-half\"><input type=\"text\" id=\"wpforms-673-field_1\" class=\"wpforms-field-name-first wpforms-field-required\" name=\"wpforms[fields][1][first]\" aria-errormessage=\"wpforms-673-field_1-error\" required><label for=\"wpforms-673-field_1\" class=\"wpforms-field-sublabel after\">First<\/label><\/div><div class=\"wpforms-field-row-block wpforms-one-half\"><input type=\"text\" id=\"wpforms-673-field_1-last\" class=\"wpforms-field-name-last wpforms-field-required\" name=\"wpforms[fields][1][last]\" aria-errormessage=\"wpforms-673-field_1-last-error\" required><label for=\"wpforms-673-field_1-last\" class=\"wpforms-field-sublabel after\">Last<\/label><\/div><\/div><\/fieldset><\/div><div id=\"wpforms-673-field_2-container\" class=\"wpforms-field wpforms-field-email\" data-field-id=\"2\"><label class=\"wpforms-field-label\" for=\"wpforms-673-field_2\">E-mail a mobiln\u00fd telef\u00f3n <span class=\"wpforms-required-label\" aria-hidden=\"true\">*<\/span><\/label><input type=\"email\" id=\"wpforms-673-field_2\" class=\"wpforms-field-medium wpforms-field-required\" name=\"wpforms[fields][2]\" spellcheck=\"false\" aria-errormessage=\"wpforms-673-field_2-error\" required><\/div>\t\t<div id=\"wpforms-673-field_4-container\"\n\t\t\tclass=\"wpforms-field wpforms-field-text\"\n\t\t\tdata-field-type=\"text\"\n\t\t\tdata-field-id=\"4\"\n\t\t\t>\n\t\t\t<label class=\"wpforms-field-label\" for=\"wpforms-673-field_4\" >Meno spr\u00e1va a<\/label>\n\t\t\t<input type=\"text\" id=\"wpforms-673-field_4\" class=\"wpforms-field-medium\" name=\"wpforms[fields][4]\" >\n\t\t<\/div>\n\t\t<div id=\"wpforms-673-field_3-container\" class=\"wpforms-field wpforms-field-textarea\" data-field-id=\"3\"><label class=\"wpforms-field-label\" for=\"wpforms-673-field_3\">Va\u0161a spr\u00e1va<\/label><textarea id=\"wpforms-673-field_3\" class=\"wpforms-field-medium\" name=\"wpforms[fields][3]\" aria-errormessage=\"wpforms-673-field_3-error\" ><\/textarea><\/div><script>\n\t\t\t\t( function() {\n\t\t\t\t\tconst style = document.createElement( 'style' );\n\t\t\t\t\tstyle.appendChild( document.createTextNode( '#wpforms-673-field_4-container { position: absolute !important; overflow: hidden !important; display: inline !important; height: 1px !important; width: 1px !important; z-index: -1000 !important; padding: 0 !important; } #wpforms-673-field_4-container input { visibility: hidden; } #wpforms-conversational-form-page #wpforms-673-field_4-container label { counter-increment: none; }' ) );\n\t\t\t\t\tdocument.head.appendChild( style );\n\t\t\t\t\tdocument.currentScript?.remove();\n\t\t\t\t} )();\n\t\t\t<\/script><\/div><!-- .wpforms-field-container --><div class=\"wpforms-submit-container\" ><input type=\"hidden\" name=\"wpforms[id]\" value=\"673\"><input type=\"hidden\" name=\"page_title\" value=\"\"><input type=\"hidden\" name=\"page_url\" value=\"https:\/\/bestmeditrips.com\/sk\/wp-json\/wp\/v2\/pages\/1120\"><input type=\"hidden\" name=\"url_referer\" value=\"\"><button type=\"submit\" name=\"wpforms[submit]\" id=\"wpforms-submit-673\" class=\"wpforms-submit\" data-alt-text=\"Sending...\" data-submit-text=\"Odosla\u0165\" aria-live=\"assertive\" value=\"wpforms-submit\">Odosla\u0165<\/button><img loading=\"lazy\" decoding=\"async\" src=\"https:\/\/bestmeditrips.com\/wp-content\/plugins\/wpforms-lite\/assets\/images\/submit-spin.svg\" class=\"wpforms-submit-spinner\" style=\"display: none;\" width=\"26\" height=\"26\" alt=\"Loading\"><\/div><\/form><\/div>  <!-- .wpforms-container -->\n","protected":false},"excerpt":{"rendered":"<p>Objavte pr\u00e9miov\u00fa zdravotn\u00fa starostlivos\u0165 v Turecku Turecko sa stalo poprednou destin\u00e1ciou pre zdravotn\u00fd turizmus, pon\u00fakaj\u00fac medic\u00ednske z\u00e1kroky svetovej \u00farovne za prijate\u013en\u00e9 ceny. \u010ci u\u017e zva\u017eujete zubn\u00e9 implant\u00e1ty, estetick\u00fa chirurgiu, ortopedick\u00e9 poruchy, lie\u010dbu o\u010d\u00ed, transplant\u00e1ciu vlasov, lie\u010dbu rakoviny alebo in\u00e9 \u0161pecializovan\u00e9 z\u00e1kroky, Turecko v\u00e1m poskytuje pr\u00edstup k vysoko kvalifikovan\u00fdm odborn\u00edkom a modern\u00fdm klinik\u00e1m. Pre\u010do si vybra\u0165 &#8230; <a title=\"Turecko\" class=\"read-more\" href=\"https:\/\/bestmeditrips.com\/sk\/turecko\/\" aria-label=\"Pre\u010d\u00edtajte si viac o Turecko\">Read more<\/a><\/p>\n","protected":false},"author":1,"featured_media":923,"parent":0,"menu_order":0,"comment_status":"closed","ping_status":"closed","template":"","meta":{"footnotes":""},"class_list":["post-1120","page","type-page","status-publish","has-post-thumbnail"],"yoast_head":"<!-- This site is optimized with the Yoast SEO plugin v27.4 - https:\/\/yoast.com\/product\/yoast-seo-wordpress\/ -->\n<title>Zdravotn\u00fd Turizmus v Turecku: Cenovo Dostupn\u00e9 Lie\u010dby, Pr\u00e9miov\u00e9 Kliniky<\/title>\n<meta name=\"description\" content=\"Objavte zdravotn\u00edcke slu\u017eby svetovej \u00farovne v Turecku. Cenovo dostupn\u00e9 ceny a odborn\u00e1 starostlivos\u0165 od najlep\u0161\u00edch lek\u00e1rov v Istanbule, Antalyi, Izmire...\" \/>\n<meta name=\"robots\" content=\"index, follow, max-snippet:-1, max-image-preview:large, max-video-preview:-1\" \/>\n<link rel=\"canonical\" href=\"https:\/\/bestmeditrips.com\/sk\/turecko\/\" \/>\n<meta property=\"og:locale\" content=\"sk_SK\" \/>\n<meta property=\"og:type\" content=\"article\" \/>\n<meta property=\"og:title\" content=\"Zdravotn\u00fd Turizmus v Turecku: Cenovo Dostupn\u00e9 Lie\u010dby, Pr\u00e9miov\u00e9 Kliniky\" \/>\n<meta property=\"og:description\" content=\"Objavte zdravotn\u00edcke slu\u017eby svetovej \u00farovne v Turecku. Cenovo dostupn\u00e9 ceny a odborn\u00e1 starostlivos\u0165 od najlep\u0161\u00edch lek\u00e1rov v Istanbule, Antalyi, Izmire...\" \/>\n<meta property=\"og:url\" content=\"https:\/\/bestmeditrips.com\/sk\/turecko\/\" \/>\n<meta property=\"og:site_name\" content=\"Bestmeditrips.com\" \/>\n<meta property=\"article:publisher\" content=\"https:\/\/www.facebook.com\/profile.php?id=61565479139599\" \/>\n<meta property=\"og:image\" content=\"https:\/\/bestmeditrips.com\/wp-content\/uploads\/2024\/09\/turkey-e1727124656345.jpg\" \/>\n\t<meta property=\"og:image:width\" content=\"1350\" \/>\n\t<meta property=\"og:image:height\" content=\"360\" \/>\n\t<meta property=\"og:image:type\" content=\"image\/jpeg\" \/>\n<meta name=\"twitter:card\" content=\"summary_large_image\" \/>\n<meta name=\"twitter:label1\" content=\"Predpokladan\u00fd \u010das \u010d\u00edtania\" \/>\n\t<meta name=\"twitter:data1\" content=\"3 min\u00faty\" \/>\n<script type=\"application\/ld+json\" class=\"yoast-schema-graph\">{\"@context\":\"https:\\\/\\\/schema.org\",\"@graph\":[{\"@type\":\"WebPage\",\"@id\":\"https:\\\/\\\/bestmeditrips.com\\\/sk\\\/turecko\\\/\",\"url\":\"https:\\\/\\\/bestmeditrips.com\\\/sk\\\/turecko\\\/\",\"name\":\"Zdravotn\u00fd Turizmus v Turecku: Cenovo Dostupn\u00e9 Lie\u010dby, Pr\u00e9miov\u00e9 Kliniky\",\"isPartOf\":{\"@id\":\"https:\\\/\\\/bestmeditrips.com\\\/sk\\\/#website\"},\"primaryImageOfPage\":{\"@id\":\"https:\\\/\\\/bestmeditrips.com\\\/sk\\\/turecko\\\/#primaryimage\"},\"image\":{\"@id\":\"https:\\\/\\\/bestmeditrips.com\\\/sk\\\/turecko\\\/#primaryimage\"},\"thumbnailUrl\":\"https:\\\/\\\/bestmeditrips.com\\\/wp-content\\\/uploads\\\/2024\\\/09\\\/turkey-e1727124656345.jpg\",\"datePublished\":\"2024-09-23T18:41:39+00:00\",\"description\":\"Objavte zdravotn\u00edcke slu\u017eby svetovej \u00farovne v Turecku. Cenovo dostupn\u00e9 ceny a odborn\u00e1 starostlivos\u0165 od najlep\u0161\u00edch lek\u00e1rov v Istanbule, Antalyi, Izmire...\",\"breadcrumb\":{\"@id\":\"https:\\\/\\\/bestmeditrips.com\\\/sk\\\/turecko\\\/#breadcrumb\"},\"inLanguage\":\"sk-SK\",\"potentialAction\":[{\"@type\":\"ReadAction\",\"target\":[\"https:\\\/\\\/bestmeditrips.com\\\/sk\\\/turecko\\\/\"]}]},{\"@type\":\"ImageObject\",\"inLanguage\":\"sk-SK\",\"@id\":\"https:\\\/\\\/bestmeditrips.com\\\/sk\\\/turecko\\\/#primaryimage\",\"url\":\"https:\\\/\\\/bestmeditrips.com\\\/wp-content\\\/uploads\\\/2024\\\/09\\\/turkey-e1727124656345.jpg\",\"contentUrl\":\"https:\\\/\\\/bestmeditrips.com\\\/wp-content\\\/uploads\\\/2024\\\/09\\\/turkey-e1727124656345.jpg\",\"width\":1350,\"height\":360,\"caption\":\"Turecko; pr\u00e9miov\u00e1 zdravotn\u00e1 starostlivos\u0165, hlavn\u00e9 mesto medic\u00ednskeho\\\/zdravotn\u00e9ho turizmu.\"},{\"@type\":\"BreadcrumbList\",\"@id\":\"https:\\\/\\\/bestmeditrips.com\\\/sk\\\/turecko\\\/#breadcrumb\",\"itemListElement\":[{\"@type\":\"ListItem\",\"position\":1,\"name\":\"Home\",\"item\":\"https:\\\/\\\/bestmeditrips.com\\\/sk\\\/\"},{\"@type\":\"ListItem\",\"position\":2,\"name\":\"Turecko\"}]},{\"@type\":\"WebSite\",\"@id\":\"https:\\\/\\\/bestmeditrips.com\\\/sk\\\/#website\",\"url\":\"https:\\\/\\\/bestmeditrips.com\\\/sk\\\/\",\"name\":\"Bestmeditrips.com\",\"description\":\"Zdravotn\u00e1 turistika, najlep\u0161ie o\u0161etrenia, kliniky, lek\u00e1ri a zub\u00e1ri!\",\"publisher\":{\"@id\":\"https:\\\/\\\/bestmeditrips.com\\\/sk\\\/#organization\"},\"potentialAction\":[{\"@type\":\"SearchAction\",\"target\":{\"@type\":\"EntryPoint\",\"urlTemplate\":\"https:\\\/\\\/bestmeditrips.com\\\/sk\\\/?s={search_term_string}\"},\"query-input\":{\"@type\":\"PropertyValueSpecification\",\"valueRequired\":true,\"valueName\":\"search_term_string\"}}],\"inLanguage\":\"sk-SK\"},{\"@type\":\"Organization\",\"@id\":\"https:\\\/\\\/bestmeditrips.com\\\/sk\\\/#organization\",\"name\":\"Bestmeditrips.com\",\"url\":\"https:\\\/\\\/bestmeditrips.com\\\/sk\\\/\",\"logo\":{\"@type\":\"ImageObject\",\"inLanguage\":\"sk-SK\",\"@id\":\"https:\\\/\\\/bestmeditrips.com\\\/sk\\\/#\\\/schema\\\/logo\\\/image\\\/\",\"url\":\"https:\\\/\\\/bestmeditrips.com\\\/wp-content\\\/uploads\\\/2024\\\/09\\\/logo-2.png\",\"contentUrl\":\"https:\\\/\\\/bestmeditrips.com\\\/wp-content\\\/uploads\\\/2024\\\/09\\\/logo-2.png\",\"width\":500,\"height\":98,\"caption\":\"Bestmeditrips.com\"},\"image\":{\"@id\":\"https:\\\/\\\/bestmeditrips.com\\\/sk\\\/#\\\/schema\\\/logo\\\/image\\\/\"},\"sameAs\":[\"https:\\\/\\\/www.facebook.com\\\/profile.php?id=61565479139599\"]}]}<\/script>\n<!-- \/ Yoast SEO plugin. -->","yoast_head_json":{"title":"Zdravotn\u00fd Turizmus v Turecku: Cenovo Dostupn\u00e9 Lie\u010dby, Pr\u00e9miov\u00e9 Kliniky","description":"Objavte zdravotn\u00edcke slu\u017eby svetovej \u00farovne v Turecku. Cenovo dostupn\u00e9 ceny a odborn\u00e1 starostlivos\u0165 od najlep\u0161\u00edch lek\u00e1rov v Istanbule, Antalyi, Izmire...","robots":{"index":"index","follow":"follow","max-snippet":"max-snippet:-1","max-image-preview":"max-image-preview:large","max-video-preview":"max-video-preview:-1"},"canonical":"https:\/\/bestmeditrips.com\/sk\/turecko\/","og_locale":"sk_SK","og_type":"article","og_title":"Zdravotn\u00fd Turizmus v Turecku: Cenovo Dostupn\u00e9 Lie\u010dby, Pr\u00e9miov\u00e9 Kliniky","og_description":"Objavte zdravotn\u00edcke slu\u017eby svetovej \u00farovne v Turecku. Cenovo dostupn\u00e9 ceny a odborn\u00e1 starostlivos\u0165 od najlep\u0161\u00edch lek\u00e1rov v Istanbule, Antalyi, Izmire...","og_url":"https:\/\/bestmeditrips.com\/sk\/turecko\/","og_site_name":"Bestmeditrips.com","article_publisher":"https:\/\/www.facebook.com\/profile.php?id=61565479139599","og_image":[{"width":1350,"height":360,"url":"https:\/\/bestmeditrips.com\/wp-content\/uploads\/2024\/09\/turkey-e1727124656345.jpg","type":"image\/jpeg"}],"twitter_card":"summary_large_image","twitter_misc":{"Predpokladan\u00fd \u010das \u010d\u00edtania":"3 min\u00faty"},"schema":{"@context":"https:\/\/schema.org","@graph":[{"@type":"WebPage","@id":"https:\/\/bestmeditrips.com\/sk\/turecko\/","url":"https:\/\/bestmeditrips.com\/sk\/turecko\/","name":"Zdravotn\u00fd Turizmus v Turecku: Cenovo Dostupn\u00e9 Lie\u010dby, Pr\u00e9miov\u00e9 Kliniky","isPartOf":{"@id":"https:\/\/bestmeditrips.com\/sk\/#website"},"primaryImageOfPage":{"@id":"https:\/\/bestmeditrips.com\/sk\/turecko\/#primaryimage"},"image":{"@id":"https:\/\/bestmeditrips.com\/sk\/turecko\/#primaryimage"},"thumbnailUrl":"https:\/\/bestmeditrips.com\/wp-content\/uploads\/2024\/09\/turkey-e1727124656345.jpg","datePublished":"2024-09-23T18:41:39+00:00","description":"Objavte zdravotn\u00edcke slu\u017eby svetovej \u00farovne v Turecku. Cenovo dostupn\u00e9 ceny a odborn\u00e1 starostlivos\u0165 od najlep\u0161\u00edch lek\u00e1rov v Istanbule, Antalyi, Izmire...","breadcrumb":{"@id":"https:\/\/bestmeditrips.com\/sk\/turecko\/#breadcrumb"},"inLanguage":"sk-SK","potentialAction":[{"@type":"ReadAction","target":["https:\/\/bestmeditrips.com\/sk\/turecko\/"]}]},{"@type":"ImageObject","inLanguage":"sk-SK","@id":"https:\/\/bestmeditrips.com\/sk\/turecko\/#primaryimage","url":"https:\/\/bestmeditrips.com\/wp-content\/uploads\/2024\/09\/turkey-e1727124656345.jpg","contentUrl":"https:\/\/bestmeditrips.com\/wp-content\/uploads\/2024\/09\/turkey-e1727124656345.jpg","width":1350,"height":360,"caption":"Turecko; pr\u00e9miov\u00e1 zdravotn\u00e1 starostlivos\u0165, hlavn\u00e9 mesto medic\u00ednskeho\/zdravotn\u00e9ho turizmu."},{"@type":"BreadcrumbList","@id":"https:\/\/bestmeditrips.com\/sk\/turecko\/#breadcrumb","itemListElement":[{"@type":"ListItem","position":1,"name":"Home","item":"https:\/\/bestmeditrips.com\/sk\/"},{"@type":"ListItem","position":2,"name":"Turecko"}]},{"@type":"WebSite","@id":"https:\/\/bestmeditrips.com\/sk\/#website","url":"https:\/\/bestmeditrips.com\/sk\/","name":"Bestmeditrips.com","description":"Zdravotn\u00e1 turistika, najlep\u0161ie o\u0161etrenia, kliniky, lek\u00e1ri a zub\u00e1ri!","publisher":{"@id":"https:\/\/bestmeditrips.com\/sk\/#organization"},"potentialAction":[{"@type":"SearchAction","target":{"@type":"EntryPoint","urlTemplate":"https:\/\/bestmeditrips.com\/sk\/?s={search_term_string}"},"query-input":{"@type":"PropertyValueSpecification","valueRequired":true,"valueName":"search_term_string"}}],"inLanguage":"sk-SK"},{"@type":"Organization","@id":"https:\/\/bestmeditrips.com\/sk\/#organization","name":"Bestmeditrips.com","url":"https:\/\/bestmeditrips.com\/sk\/","logo":{"@type":"ImageObject","inLanguage":"sk-SK","@id":"https:\/\/bestmeditrips.com\/sk\/#\/schema\/logo\/image\/","url":"https:\/\/bestmeditrips.com\/wp-content\/uploads\/2024\/09\/logo-2.png","contentUrl":"https:\/\/bestmeditrips.com\/wp-content\/uploads\/2024\/09\/logo-2.png","width":500,"height":98,"caption":"Bestmeditrips.com"},"image":{"@id":"https:\/\/bestmeditrips.com\/sk\/#\/schema\/logo\/image\/"},"sameAs":["https:\/\/www.facebook.com\/profile.php?id=61565479139599"]}]}},"_links":{"self":[{"href":"https:\/\/bestmeditrips.com\/sk\/wp-json\/wp\/v2\/pages\/1120","targetHints":{"allow":["GET"]}}],"collection":[{"href":"https:\/\/bestmeditrips.com\/sk\/wp-json\/wp\/v2\/pages"}],"about":[{"href":"https:\/\/bestmeditrips.com\/sk\/wp-json\/wp\/v2\/types\/page"}],"author":[{"embeddable":true,"href":"https:\/\/bestmeditrips.com\/sk\/wp-json\/wp\/v2\/users\/1"}],"replies":[{"embeddable":true,"href":"https:\/\/bestmeditrips.com\/sk\/wp-json\/wp\/v2\/comments?post=1120"}],"version-history":[{"count":0,"href":"https:\/\/bestmeditrips.com\/sk\/wp-json\/wp\/v2\/pages\/1120\/revisions"}],"wp:featuredmedia":[{"embeddable":true,"href":"https:\/\/bestmeditrips.com\/sk\/wp-json\/wp\/v2\/media\/923"}],"wp:attachment":[{"href":"https:\/\/bestmeditrips.com\/sk\/wp-json\/wp\/v2\/media?parent=1120"}],"curies":[{"name":"wp","href":"https:\/\/api.w.org\/{rel}","templated":true}]}}