{"id":612,"date":"2024-09-02T20:02:05","date_gmt":"2024-09-02T17:02:05","guid":{"rendered":"https:\/\/bestmeditrips.com\/articole\/"},"modified":"2024-09-02T20:02:05","modified_gmt":"2024-09-02T17:02:05","slug":"articole","status":"publish","type":"page","link":"https:\/\/bestmeditrips.com\/ro\/articole\/","title":{"rendered":"Articole"},"content":{"rendered":"<h2>Blog de Turism Medical | Cele Mai Noi Articole \u0219i Perspective<\/h2>\n<p>Descoperi\u021bi cele mai noi tendin\u021be, sfaturi de specialitate \u0219i articole informative despre turismul de s\u0103n\u0103tate. Blogul nostru acoper\u0103 totul, de la cele mai bune op\u021biuni de tratament \u0219i sfaturi de c\u0103l\u0103torie la ghiduri de destina\u021bii \u0219i pove\u0219ti ale pacien\u021bilor. R\u0103m\u00e2ne\u021bi informat cu con\u021binut valoros conceput pentru a v\u0103 \u00eembun\u0103t\u0103\u021bi c\u0103l\u0103toria \u00een turismul de s\u0103n\u0103tate.<\/p>\n","protected":false},"excerpt":{"rendered":"<p>Blog de Turism Medical | Cele Mai Noi Articole \u0219i Perspective Descoperi\u021bi cele mai noi tendin\u021be, sfaturi de specialitate \u0219i articole informative despre turismul de s\u0103n\u0103tate. Blogul nostru acoper\u0103 totul, de la cele mai bune op\u021biuni de tratament \u0219i sfaturi de c\u0103l\u0103torie la ghiduri de destina\u021bii \u0219i pove\u0219ti ale pacien\u021bilor. R\u0103m\u00e2ne\u021bi informat cu con\u021binut valoros &#8230; <a title=\"Articole\" class=\"read-more\" href=\"https:\/\/bestmeditrips.com\/ro\/articole\/\" aria-label=\"Cite\u0219te mai multe despre Articole\">Read more<\/a><\/p>\n","protected":false},"author":1,"featured_media":0,"parent":0,"menu_order":0,"comment_status":"closed","ping_status":"closed","template":"","meta":{"footnotes":""},"class_list":["post-612","page","type-page","status-publish"],"yoast_head":"<!-- This site is optimized with the Yoast SEO plugin v27.4 - https:\/\/yoast.com\/product\/yoast-seo-wordpress\/ -->\n<title>Blog de Turism Medical | Articole \u0219i Perspective | bestmeditrips.com<\/title>\n<meta name=\"description\" content=\"Explora\u021bi informa\u021bii despre turismul de s\u0103n\u0103tate, cele mai noi articole, perspective \u0219i actualiz\u0103ri despre tratamente, destina\u021bii \u0219i tendin\u021be.\" \/>\n<meta name=\"robots\" content=\"index, follow, max-snippet:-1, max-image-preview:large, max-video-preview:-1\" \/>\n<link rel=\"canonical\" href=\"https:\/\/bestmeditrips.com\/ro\/articole\/\" \/>\n<meta property=\"og:locale\" content=\"ro_RO\" \/>\n<meta property=\"og:type\" content=\"article\" \/>\n<meta property=\"og:title\" content=\"Blog de Turism Medical | Articole \u0219i Perspective | bestmeditrips.com\" \/>\n<meta property=\"og:description\" content=\"Explora\u021bi informa\u021bii despre turismul de s\u0103n\u0103tate, cele mai noi articole, perspective \u0219i actualiz\u0103ri despre tratamente, destina\u021bii \u0219i tendin\u021be.\" \/>\n<meta property=\"og:url\" content=\"https:\/\/bestmeditrips.com\/ro\/articole\/\" \/>\n<meta property=\"og:site_name\" content=\"Bestmeditrips.com\" \/>\n<meta property=\"article:publisher\" content=\"https:\/\/www.facebook.com\/profile.php?id=61565479139599\" \/>\n<meta property=\"og:image\" content=\"https:\/\/bestmeditrips.com\/wp-content\/uploads\/2024\/09\/health-tourism.jpg\" \/>\n\t<meta property=\"og:image:width\" content=\"1024\" \/>\n\t<meta property=\"og:image:height\" content=\"683\" \/>\n\t<meta property=\"og:image:type\" content=\"image\/jpeg\" \/>\n<meta name=\"twitter:card\" content=\"summary_large_image\" \/>\n<script type=\"application\/ld+json\" class=\"yoast-schema-graph\">{\"@context\":\"https:\\\/\\\/schema.org\",\"@graph\":[{\"@type\":\"WebPage\",\"@id\":\"https:\\\/\\\/bestmeditrips.com\\\/ro\\\/articole\\\/\",\"url\":\"https:\\\/\\\/bestmeditrips.com\\\/ro\\\/articole\\\/\",\"name\":\"Blog de Turism Medical | Articole \u0219i Perspective | bestmeditrips.com\",\"isPartOf\":{\"@id\":\"https:\\\/\\\/bestmeditrips.com\\\/ro\\\/#website\"},\"datePublished\":\"2024-09-02T17:02:05+00:00\",\"description\":\"Explora\u021bi informa\u021bii despre turismul de s\u0103n\u0103tate, cele mai noi articole, perspective \u0219i actualiz\u0103ri despre tratamente, destina\u021bii \u0219i tendin\u021be.\",\"breadcrumb\":{\"@id\":\"https:\\\/\\\/bestmeditrips.com\\\/ro\\\/articole\\\/#breadcrumb\"},\"inLanguage\":\"ro-RO\",\"potentialAction\":[{\"@type\":\"ReadAction\",\"target\":[\"https:\\\/\\\/bestmeditrips.com\\\/ro\\\/articole\\\/\"]}]},{\"@type\":\"BreadcrumbList\",\"@id\":\"https:\\\/\\\/bestmeditrips.com\\\/ro\\\/articole\\\/#breadcrumb\",\"itemListElement\":[{\"@type\":\"ListItem\",\"position\":1,\"name\":\"Home\",\"item\":\"https:\\\/\\\/bestmeditrips.com\\\/ro\\\/\"},{\"@type\":\"ListItem\",\"position\":2,\"name\":\"Articole\"}]},{\"@type\":\"WebSite\",\"@id\":\"https:\\\/\\\/bestmeditrips.com\\\/ro\\\/#website\",\"url\":\"https:\\\/\\\/bestmeditrips.com\\\/ro\\\/\",\"name\":\"Bestmeditrips.com\",\"description\":\"Turism medical, cele mai bune tratamente, clinici, medici \u0219i stomatologi!\",\"publisher\":{\"@id\":\"https:\\\/\\\/bestmeditrips.com\\\/ro\\\/#organization\"},\"potentialAction\":[{\"@type\":\"SearchAction\",\"target\":{\"@type\":\"EntryPoint\",\"urlTemplate\":\"https:\\\/\\\/bestmeditrips.com\\\/ro\\\/?s={search_term_string}\"},\"query-input\":{\"@type\":\"PropertyValueSpecification\",\"valueRequired\":true,\"valueName\":\"search_term_string\"}}],\"inLanguage\":\"ro-RO\"},{\"@type\":\"Organization\",\"@id\":\"https:\\\/\\\/bestmeditrips.com\\\/ro\\\/#organization\",\"name\":\"Bestmeditrips.com\",\"url\":\"https:\\\/\\\/bestmeditrips.com\\\/ro\\\/\",\"logo\":{\"@type\":\"ImageObject\",\"inLanguage\":\"ro-RO\",\"@id\":\"https:\\\/\\\/bestmeditrips.com\\\/ro\\\/#\\\/schema\\\/logo\\\/image\\\/\",\"url\":\"https:\\\/\\\/bestmeditrips.com\\\/wp-content\\\/uploads\\\/2024\\\/09\\\/logo-2.png\",\"contentUrl\":\"https:\\\/\\\/bestmeditrips.com\\\/wp-content\\\/uploads\\\/2024\\\/09\\\/logo-2.png\",\"width\":500,\"height\":98,\"caption\":\"Bestmeditrips.com\"},\"image\":{\"@id\":\"https:\\\/\\\/bestmeditrips.com\\\/ro\\\/#\\\/schema\\\/logo\\\/image\\\/\"},\"sameAs\":[\"https:\\\/\\\/www.facebook.com\\\/profile.php?id=61565479139599\"]}]}<\/script>\n<!-- \/ Yoast SEO plugin. -->","yoast_head_json":{"title":"Blog de Turism Medical | Articole \u0219i Perspective | bestmeditrips.com","description":"Explora\u021bi informa\u021bii despre turismul de s\u0103n\u0103tate, cele mai noi articole, perspective \u0219i actualiz\u0103ri despre tratamente, destina\u021bii \u0219i tendin\u021be.","robots":{"index":"index","follow":"follow","max-snippet":"max-snippet:-1","max-image-preview":"max-image-preview:large","max-video-preview":"max-video-preview:-1"},"canonical":"https:\/\/bestmeditrips.com\/ro\/articole\/","og_locale":"ro_RO","og_type":"article","og_title":"Blog de Turism Medical | Articole \u0219i Perspective | bestmeditrips.com","og_description":"Explora\u021bi informa\u021bii despre turismul de s\u0103n\u0103tate, cele mai noi articole, perspective \u0219i actualiz\u0103ri despre tratamente, destina\u021bii \u0219i tendin\u021be.","og_url":"https:\/\/bestmeditrips.com\/ro\/articole\/","og_site_name":"Bestmeditrips.com","article_publisher":"https:\/\/www.facebook.com\/profile.php?id=61565479139599","og_image":[{"width":1024,"height":683,"url":"https:\/\/bestmeditrips.com\/wp-content\/uploads\/2024\/09\/health-tourism.jpg","type":"image\/jpeg"}],"twitter_card":"summary_large_image","schema":{"@context":"https:\/\/schema.org","@graph":[{"@type":"WebPage","@id":"https:\/\/bestmeditrips.com\/ro\/articole\/","url":"https:\/\/bestmeditrips.com\/ro\/articole\/","name":"Blog de Turism Medical | Articole \u0219i Perspective | bestmeditrips.com","isPartOf":{"@id":"https:\/\/bestmeditrips.com\/ro\/#website"},"datePublished":"2024-09-02T17:02:05+00:00","description":"Explora\u021bi informa\u021bii despre turismul de s\u0103n\u0103tate, cele mai noi articole, perspective \u0219i actualiz\u0103ri despre tratamente, destina\u021bii \u0219i tendin\u021be.","breadcrumb":{"@id":"https:\/\/bestmeditrips.com\/ro\/articole\/#breadcrumb"},"inLanguage":"ro-RO","potentialAction":[{"@type":"ReadAction","target":["https:\/\/bestmeditrips.com\/ro\/articole\/"]}]},{"@type":"BreadcrumbList","@id":"https:\/\/bestmeditrips.com\/ro\/articole\/#breadcrumb","itemListElement":[{"@type":"ListItem","position":1,"name":"Home","item":"https:\/\/bestmeditrips.com\/ro\/"},{"@type":"ListItem","position":2,"name":"Articole"}]},{"@type":"WebSite","@id":"https:\/\/bestmeditrips.com\/ro\/#website","url":"https:\/\/bestmeditrips.com\/ro\/","name":"Bestmeditrips.com","description":"Turism medical, cele mai bune tratamente, clinici, medici \u0219i stomatologi!","publisher":{"@id":"https:\/\/bestmeditrips.com\/ro\/#organization"},"potentialAction":[{"@type":"SearchAction","target":{"@type":"EntryPoint","urlTemplate":"https:\/\/bestmeditrips.com\/ro\/?s={search_term_string}"},"query-input":{"@type":"PropertyValueSpecification","valueRequired":true,"valueName":"search_term_string"}}],"inLanguage":"ro-RO"},{"@type":"Organization","@id":"https:\/\/bestmeditrips.com\/ro\/#organization","name":"Bestmeditrips.com","url":"https:\/\/bestmeditrips.com\/ro\/","logo":{"@type":"ImageObject","inLanguage":"ro-RO","@id":"https:\/\/bestmeditrips.com\/ro\/#\/schema\/logo\/image\/","url":"https:\/\/bestmeditrips.com\/wp-content\/uploads\/2024\/09\/logo-2.png","contentUrl":"https:\/\/bestmeditrips.com\/wp-content\/uploads\/2024\/09\/logo-2.png","width":500,"height":98,"caption":"Bestmeditrips.com"},"image":{"@id":"https:\/\/bestmeditrips.com\/ro\/#\/schema\/logo\/image\/"},"sameAs":["https:\/\/www.facebook.com\/profile.php?id=61565479139599"]}]}},"_links":{"self":[{"href":"https:\/\/bestmeditrips.com\/ro\/wp-json\/wp\/v2\/pages\/612","targetHints":{"allow":["GET"]}}],"collection":[{"href":"https:\/\/bestmeditrips.com\/ro\/wp-json\/wp\/v2\/pages"}],"about":[{"href":"https:\/\/bestmeditrips.com\/ro\/wp-json\/wp\/v2\/types\/page"}],"author":[{"embeddable":true,"href":"https:\/\/bestmeditrips.com\/ro\/wp-json\/wp\/v2\/users\/1"}],"replies":[{"embeddable":true,"href":"https:\/\/bestmeditrips.com\/ro\/wp-json\/wp\/v2\/comments?post=612"}],"version-history":[{"count":0,"href":"https:\/\/bestmeditrips.com\/ro\/wp-json\/wp\/v2\/pages\/612\/revisions"}],"wp:attachment":[{"href":"https:\/\/bestmeditrips.com\/ro\/wp-json\/wp\/v2\/media?parent=612"}],"curies":[{"name":"wp","href":"https:\/\/api.w.org\/{rel}","templated":true}]}}