{"id":435,"date":"2024-09-01T20:00:15","date_gmt":"2024-09-01T17:00:15","guid":{"rendered":"https:\/\/bestmeditrips.com\/politica-de-confidentialitate\/"},"modified":"2024-09-05T01:01:43","modified_gmt":"2024-09-04T22:01:43","slug":"politica-de-confidentialitate","status":"publish","type":"page","link":"https:\/\/bestmeditrips.com\/ro\/politica-de-confidentialitate\/","title":{"rendered":"Politica de Confiden\u021bialitate"},"content":{"rendered":"<p><strong>Politica de Confiden\u021bialitate<\/strong><\/p>\n<p>V\u0103 mul\u021bumim c\u0103 a\u021bi vizitat <em>BestMediTrips.com<\/em>. Confiden\u021bialitatea dumneavoastr\u0103 este important\u0103 pentru noi. Aceast\u0103 <strong>Politica de Confiden\u021bialitate<\/strong> explic\u0103 modul \u00een care colect\u0103m, utiliz\u0103m, dezv\u0103luim \u0219i protej\u0103m informa\u021biile dumneavoastr\u0103 atunci c\u00e2nd vizita\u021bi site-ul nostru. V\u0103 rug\u0103m s\u0103 citi\u021bi cu aten\u021bie aceast\u0103 politic\u0103 de confiden\u021bialitate. Dac\u0103 nu sunte\u021bi de acord cu termenii acestei politici de confiden\u021bialitate, v\u0103 rug\u0103m s\u0103 nu accesa\u021bi site-ul.<\/p>\n<p><strong>1. Informa\u021bii pe care le Colect\u0103m<\/strong><\/p>\n<p>Putem colecta informa\u021bii personale, cum ar fi numele, adresa de e-mail, num\u0103rul de telefon \u0219i alte detalii pe care le furniza\u021bi atunci c\u00e2nd interac\u021biona\u021bi cu site-ul nostru sau ne contacta\u021bi pentru \u00eentreb\u0103ri.<\/p>\n<p><strong>2. Cum Utiliz\u0103m Informa\u021biile Dumneavoastr\u0103<\/strong><\/p>\n<p>Putem utiliza informa\u021biile pe care le colect\u0103m pentru:<\/p>\n<p>Furnizarea, operarea \u0219i men\u021binerea site-ului nostru<br \/>\n\u00cembun\u0103t\u0103\u021birea, personalizarea \u0219i extinderea ofertelor site-ului nostru<br \/>\nComunicarea cu dumneavoastr\u0103, direct sau prin intermediul unuia dintre partenerii no\u0219tri, inclusiv pentru servicii de asisten\u021b\u0103 clien\u021bi, pentru a furniza actualiz\u0103ri \u0219i alte informa\u021bii legate de site \u0219i \u00een scopuri de marketing \u0219i promovare<br \/>\nProtejarea, investigarea \u0219i descurajarea activit\u0103\u021bilor neautorizate sau ilegale<\/p>\n<p><strong>3. Divulgarea Informa\u021biilor Dumneavoastr\u0103<\/strong><\/p>\n<p>Putem \u00eemp\u0103rt\u0103\u0219i informa\u021biile dumneavoastr\u0103 cu ter\u021bi doar \u00een modurile descrise \u00een aceast\u0103 <strong>Politica de Confiden\u021bialitate<\/strong>.<\/p>\n<p><strong>4. Securitatea Informa\u021biilor Dumneavoastr\u0103<\/strong><\/p>\n<p>Utiliz\u0103m m\u0103suri de securitate administrative, tehnice \u0219i fizice pentru a ajuta la protejarea informa\u021biilor dumneavoastr\u0103 personale. De\u0219i am luat m\u0103suri rezonabile pentru a asigura securitatea informa\u021biilor personale pe care ni le furniza\u021bi, v\u0103 rug\u0103m s\u0103 re\u021bine\u021bi c\u0103, \u00een ciuda eforturilor noastre, nicio m\u0103sur\u0103 de securitate nu este perfect\u0103 sau impenetrabil\u0103.<\/p>\n<p><strong>5. Op\u021biunile Dumneavoastr\u0103 cu Privire la Informa\u021biile Dumneavoastr\u0103<\/strong><\/p>\n<p>Ave\u021bi dreptul s\u0103:<\/p>\n<p>Actualiza\u021bi sau corecta\u021bi informa\u021biile dumneavoastr\u0103 personale<br \/>\nRenun\u021ba\u021bi la primirea comunic\u0103rilor de marketing<br \/>\nSolicita\u021bi s\u0103 \u0219tergem informa\u021biile dumneavoastr\u0103 personale<\/p>\n<p><strong>6. Modific\u0103ri la Aceast\u0103 Politic\u0103 de Confiden\u021bialitate<\/strong><\/p>\n<p>Putem actualiza aceast\u0103 <strong>Politica de Confiden\u021bialitate<\/strong> din c\u00e2nd \u00een c\u00e2nd pentru a reflecta, de exemplu, modific\u0103ri \u00een practicile noastre sau din alte motive opera\u021bionale, legale sau de reglementare.<\/p>\n<p><strong>7. Contacta\u021bi-ne<\/strong><\/p>\n<p>Dac\u0103 ave\u021bi \u00eentreb\u0103ri sau comentarii cu privire la aceast\u0103 <strong>Politica de Confiden\u021bialitate<\/strong>, v\u0103 rug\u0103m s\u0103 ne contacta\u021bi.<\/p>\n","protected":false},"excerpt":{"rendered":"<p>Politica de Confiden\u021bialitate V\u0103 mul\u021bumim c\u0103 a\u021bi vizitat BestMediTrips.com. Confiden\u021bialitatea dumneavoastr\u0103 este important\u0103 pentru noi. Aceast\u0103 Politica de Confiden\u021bialitate explic\u0103 modul \u00een care colect\u0103m, utiliz\u0103m, dezv\u0103luim \u0219i protej\u0103m informa\u021biile dumneavoastr\u0103 atunci c\u00e2nd vizita\u021bi site-ul nostru. V\u0103 rug\u0103m s\u0103 citi\u021bi cu aten\u021bie aceast\u0103 politic\u0103 de confiden\u021bialitate. Dac\u0103 nu sunte\u021bi de acord cu termenii acestei politici de &#8230; <a title=\"Politica de Confiden\u021bialitate\" class=\"read-more\" href=\"https:\/\/bestmeditrips.com\/ro\/politica-de-confidentialitate\/\" aria-label=\"Cite\u0219te mai multe despre Politica de Confiden\u021bialitate\">Read more<\/a><\/p>\n","protected":false},"author":1,"featured_media":0,"parent":0,"menu_order":0,"comment_status":"closed","ping_status":"open","template":"","meta":{"footnotes":""},"class_list":["post-435","page","type-page","status-publish"],"yoast_head":"<!-- This site is optimized with the Yoast SEO plugin v27.4 - https:\/\/yoast.com\/product\/yoast-seo-wordpress\/ -->\n<title>Politica de Confiden\u021bialitate - Bestmeditrips.com<\/title>\n<meta name=\"robots\" content=\"index, follow, max-snippet:-1, max-image-preview:large, max-video-preview:-1\" \/>\n<link rel=\"canonical\" href=\"https:\/\/bestmeditrips.com\/ro\/politica-de-confidentialitate\/\" \/>\n<meta property=\"og:locale\" content=\"ro_RO\" \/>\n<meta property=\"og:type\" content=\"article\" \/>\n<meta property=\"og:title\" content=\"Politica de Confiden\u021bialitate - Bestmeditrips.com\" \/>\n<meta property=\"og:description\" content=\"Politica de Confiden\u021bialitate V\u0103 mul\u021bumim c\u0103 a\u021bi vizitat BestMediTrips.com. Confiden\u021bialitatea dumneavoastr\u0103 este important\u0103 pentru noi. Aceast\u0103 Politica de Confiden\u021bialitate explic\u0103 modul \u00een care colect\u0103m, utiliz\u0103m, dezv\u0103luim \u0219i protej\u0103m informa\u021biile dumneavoastr\u0103 atunci c\u00e2nd vizita\u021bi site-ul nostru. V\u0103 rug\u0103m s\u0103 citi\u021bi cu aten\u021bie aceast\u0103 politic\u0103 de confiden\u021bialitate. Dac\u0103 nu sunte\u021bi de acord cu termenii acestei politici de ... Read more\" \/>\n<meta property=\"og:url\" content=\"https:\/\/bestmeditrips.com\/ro\/politica-de-confidentialitate\/\" \/>\n<meta property=\"og:site_name\" content=\"Bestmeditrips.com\" \/>\n<meta property=\"article:publisher\" content=\"https:\/\/www.facebook.com\/profile.php?id=61565479139599\" \/>\n<meta property=\"article:modified_time\" content=\"2024-09-04T22:01:43+00:00\" \/>\n<meta property=\"og:image\" content=\"https:\/\/bestmeditrips.com\/wp-content\/uploads\/2024\/09\/health-tourism.jpg\" \/>\n\t<meta property=\"og:image:width\" content=\"1024\" \/>\n\t<meta property=\"og:image:height\" content=\"683\" \/>\n\t<meta property=\"og:image:type\" content=\"image\/jpeg\" \/>\n<meta name=\"twitter:card\" content=\"summary_large_image\" \/>\n<meta name=\"twitter:label1\" content=\"Timp estimat pentru citire\" \/>\n\t<meta name=\"twitter:data1\" content=\"2 minute\" \/>\n<script type=\"application\/ld+json\" class=\"yoast-schema-graph\">{\"@context\":\"https:\\\/\\\/schema.org\",\"@graph\":[{\"@type\":\"WebPage\",\"@id\":\"https:\\\/\\\/bestmeditrips.com\\\/ro\\\/politica-de-confidentialitate\\\/\",\"url\":\"https:\\\/\\\/bestmeditrips.com\\\/ro\\\/politica-de-confidentialitate\\\/\",\"name\":\"Politica de Confiden\u021bialitate - Bestmeditrips.com\",\"isPartOf\":{\"@id\":\"https:\\\/\\\/bestmeditrips.com\\\/ro\\\/#website\"},\"datePublished\":\"2024-09-01T17:00:15+00:00\",\"dateModified\":\"2024-09-04T22:01:43+00:00\",\"breadcrumb\":{\"@id\":\"https:\\\/\\\/bestmeditrips.com\\\/ro\\\/politica-de-confidentialitate\\\/#breadcrumb\"},\"inLanguage\":\"ro-RO\",\"potentialAction\":[{\"@type\":\"ReadAction\",\"target\":[\"https:\\\/\\\/bestmeditrips.com\\\/ro\\\/politica-de-confidentialitate\\\/\"]}]},{\"@type\":\"BreadcrumbList\",\"@id\":\"https:\\\/\\\/bestmeditrips.com\\\/ro\\\/politica-de-confidentialitate\\\/#breadcrumb\",\"itemListElement\":[{\"@type\":\"ListItem\",\"position\":1,\"name\":\"Home\",\"item\":\"https:\\\/\\\/bestmeditrips.com\\\/ro\\\/\"},{\"@type\":\"ListItem\",\"position\":2,\"name\":\"Politica de Confiden\u021bialitate\"}]},{\"@type\":\"WebSite\",\"@id\":\"https:\\\/\\\/bestmeditrips.com\\\/ro\\\/#website\",\"url\":\"https:\\\/\\\/bestmeditrips.com\\\/ro\\\/\",\"name\":\"Bestmeditrips.com\",\"description\":\"Turism medical, cele mai bune tratamente, clinici, medici \u0219i stomatologi!\",\"publisher\":{\"@id\":\"https:\\\/\\\/bestmeditrips.com\\\/ro\\\/#organization\"},\"potentialAction\":[{\"@type\":\"SearchAction\",\"target\":{\"@type\":\"EntryPoint\",\"urlTemplate\":\"https:\\\/\\\/bestmeditrips.com\\\/ro\\\/?s={search_term_string}\"},\"query-input\":{\"@type\":\"PropertyValueSpecification\",\"valueRequired\":true,\"valueName\":\"search_term_string\"}}],\"inLanguage\":\"ro-RO\"},{\"@type\":\"Organization\",\"@id\":\"https:\\\/\\\/bestmeditrips.com\\\/ro\\\/#organization\",\"name\":\"Bestmeditrips.com\",\"url\":\"https:\\\/\\\/bestmeditrips.com\\\/ro\\\/\",\"logo\":{\"@type\":\"ImageObject\",\"inLanguage\":\"ro-RO\",\"@id\":\"https:\\\/\\\/bestmeditrips.com\\\/ro\\\/#\\\/schema\\\/logo\\\/image\\\/\",\"url\":\"https:\\\/\\\/bestmeditrips.com\\\/wp-content\\\/uploads\\\/2024\\\/09\\\/logo-2.png\",\"contentUrl\":\"https:\\\/\\\/bestmeditrips.com\\\/wp-content\\\/uploads\\\/2024\\\/09\\\/logo-2.png\",\"width\":500,\"height\":98,\"caption\":\"Bestmeditrips.com\"},\"image\":{\"@id\":\"https:\\\/\\\/bestmeditrips.com\\\/ro\\\/#\\\/schema\\\/logo\\\/image\\\/\"},\"sameAs\":[\"https:\\\/\\\/www.facebook.com\\\/profile.php?id=61565479139599\"]}]}<\/script>\n<!-- \/ Yoast SEO plugin. -->","yoast_head_json":{"title":"Politica de Confiden\u021bialitate - Bestmeditrips.com","robots":{"index":"index","follow":"follow","max-snippet":"max-snippet:-1","max-image-preview":"max-image-preview:large","max-video-preview":"max-video-preview:-1"},"canonical":"https:\/\/bestmeditrips.com\/ro\/politica-de-confidentialitate\/","og_locale":"ro_RO","og_type":"article","og_title":"Politica de Confiden\u021bialitate - Bestmeditrips.com","og_description":"Politica de Confiden\u021bialitate V\u0103 mul\u021bumim c\u0103 a\u021bi vizitat BestMediTrips.com. Confiden\u021bialitatea dumneavoastr\u0103 este important\u0103 pentru noi. Aceast\u0103 Politica de Confiden\u021bialitate explic\u0103 modul \u00een care colect\u0103m, utiliz\u0103m, dezv\u0103luim \u0219i protej\u0103m informa\u021biile dumneavoastr\u0103 atunci c\u00e2nd vizita\u021bi site-ul nostru. V\u0103 rug\u0103m s\u0103 citi\u021bi cu aten\u021bie aceast\u0103 politic\u0103 de confiden\u021bialitate. Dac\u0103 nu sunte\u021bi de acord cu termenii acestei politici de ... Read more","og_url":"https:\/\/bestmeditrips.com\/ro\/politica-de-confidentialitate\/","og_site_name":"Bestmeditrips.com","article_publisher":"https:\/\/www.facebook.com\/profile.php?id=61565479139599","article_modified_time":"2024-09-04T22:01:43+00:00","og_image":[{"width":1024,"height":683,"url":"https:\/\/bestmeditrips.com\/wp-content\/uploads\/2024\/09\/health-tourism.jpg","type":"image\/jpeg"}],"twitter_card":"summary_large_image","twitter_misc":{"Timp estimat pentru citire":"2 minute"},"schema":{"@context":"https:\/\/schema.org","@graph":[{"@type":"WebPage","@id":"https:\/\/bestmeditrips.com\/ro\/politica-de-confidentialitate\/","url":"https:\/\/bestmeditrips.com\/ro\/politica-de-confidentialitate\/","name":"Politica de Confiden\u021bialitate - Bestmeditrips.com","isPartOf":{"@id":"https:\/\/bestmeditrips.com\/ro\/#website"},"datePublished":"2024-09-01T17:00:15+00:00","dateModified":"2024-09-04T22:01:43+00:00","breadcrumb":{"@id":"https:\/\/bestmeditrips.com\/ro\/politica-de-confidentialitate\/#breadcrumb"},"inLanguage":"ro-RO","potentialAction":[{"@type":"ReadAction","target":["https:\/\/bestmeditrips.com\/ro\/politica-de-confidentialitate\/"]}]},{"@type":"BreadcrumbList","@id":"https:\/\/bestmeditrips.com\/ro\/politica-de-confidentialitate\/#breadcrumb","itemListElement":[{"@type":"ListItem","position":1,"name":"Home","item":"https:\/\/bestmeditrips.com\/ro\/"},{"@type":"ListItem","position":2,"name":"Politica de Confiden\u021bialitate"}]},{"@type":"WebSite","@id":"https:\/\/bestmeditrips.com\/ro\/#website","url":"https:\/\/bestmeditrips.com\/ro\/","name":"Bestmeditrips.com","description":"Turism medical, cele mai bune tratamente, clinici, medici \u0219i stomatologi!","publisher":{"@id":"https:\/\/bestmeditrips.com\/ro\/#organization"},"potentialAction":[{"@type":"SearchAction","target":{"@type":"EntryPoint","urlTemplate":"https:\/\/bestmeditrips.com\/ro\/?s={search_term_string}"},"query-input":{"@type":"PropertyValueSpecification","valueRequired":true,"valueName":"search_term_string"}}],"inLanguage":"ro-RO"},{"@type":"Organization","@id":"https:\/\/bestmeditrips.com\/ro\/#organization","name":"Bestmeditrips.com","url":"https:\/\/bestmeditrips.com\/ro\/","logo":{"@type":"ImageObject","inLanguage":"ro-RO","@id":"https:\/\/bestmeditrips.com\/ro\/#\/schema\/logo\/image\/","url":"https:\/\/bestmeditrips.com\/wp-content\/uploads\/2024\/09\/logo-2.png","contentUrl":"https:\/\/bestmeditrips.com\/wp-content\/uploads\/2024\/09\/logo-2.png","width":500,"height":98,"caption":"Bestmeditrips.com"},"image":{"@id":"https:\/\/bestmeditrips.com\/ro\/#\/schema\/logo\/image\/"},"sameAs":["https:\/\/www.facebook.com\/profile.php?id=61565479139599"]}]}},"_links":{"self":[{"href":"https:\/\/bestmeditrips.com\/ro\/wp-json\/wp\/v2\/pages\/435","targetHints":{"allow":["GET"]}}],"collection":[{"href":"https:\/\/bestmeditrips.com\/ro\/wp-json\/wp\/v2\/pages"}],"about":[{"href":"https:\/\/bestmeditrips.com\/ro\/wp-json\/wp\/v2\/types\/page"}],"author":[{"embeddable":true,"href":"https:\/\/bestmeditrips.com\/ro\/wp-json\/wp\/v2\/users\/1"}],"replies":[{"embeddable":true,"href":"https:\/\/bestmeditrips.com\/ro\/wp-json\/wp\/v2\/comments?post=435"}],"version-history":[{"count":1,"href":"https:\/\/bestmeditrips.com\/ro\/wp-json\/wp\/v2\/pages\/435\/revisions"}],"predecessor-version":[{"id":584,"href":"https:\/\/bestmeditrips.com\/ro\/wp-json\/wp\/v2\/pages\/435\/revisions\/584"}],"wp:attachment":[{"href":"https:\/\/bestmeditrips.com\/ro\/wp-json\/wp\/v2\/media?parent=435"}],"curies":[{"name":"wp","href":"https:\/\/api.w.org\/{rel}","templated":true}]}}