{"id":313,"date":"2024-09-02T20:44:40","date_gmt":"2024-09-02T17:44:40","guid":{"rendered":"https:\/\/bestmeditrips.com\/turism-international-de-sanatate-si-destinatii\/"},"modified":"2024-09-23T12:01:50","modified_gmt":"2024-09-23T09:01:50","slug":"turism-international-de-sanatate-si-destinatii","status":"publish","type":"page","link":"https:\/\/bestmeditrips.com\/ro\/","title":{"rendered":"Turism Medical \u0219i Destina\u021bii"},"content":{"rendered":"<h2>Descoperi\u021bi Cea Mai Bun\u0103 Experien\u021b\u0103 de Turism Medical<\/h2>\n<p>Bun venit la <em><strong>BestMediTrips.com<\/strong><\/em>, destina\u021bia dumneavoastr\u0103 principal\u0103 pentru \u00eengrijiri medicale excep\u021bionale combinate cu experien\u021be de c\u0103l\u0103torie extraordinare. Platforma noastr\u0103 multilingv\u0103 este dedicat\u0103 conect\u0103rii dumneavoastr\u0103 cu cele mai bune destina\u021bii de turism medical din \u00eentreaga lume, oferind informa\u021bii detaliate despre cele mai bune tratamente \u0219i servicii medicale disponibile.<\/p>\n<h3>Explora\u021bi Destina\u021bii Premium de Turism de S\u0103n\u0103tate \u0219i Medical<\/h3>\n<p>La <em><strong>BestMediTrips.com<\/strong><\/em> oferim o selec\u021bie atent\u0103 de op\u021biuni de turism medical, ghid\u00e2ndu-v\u0103 printr-o gam\u0103 larg\u0103 de tratamente disponibile \u00een cele mai captivante destina\u021bii din lume. Descoperi\u021bi ce face fiecare loc unic:<\/p>\n<h4><strong><span style=\"color: #ff0000;\">\u2665\u00a0<\/span><\/strong><strong>TURCIA:<\/strong> Istanbul, Antalya, Izmir \u0219i Ankara<\/h4>\n<p>Turcia este cunoscut\u0103 pentru facilit\u0103\u021bile sale medicale moderne \u0219i tratamentele cost-eficiente. Explora\u021bi cele mai bune ora\u0219e ale noastre pentru o gam\u0103 variat\u0103 de servicii de s\u0103n\u0103tate:<\/p>\n<ul>\n<li><strong>Clinici stomatologice:<\/strong> Transforma\u021bi-v\u0103 z\u00e2mbetul cu proceduri avansate, precum implanturi, \u00eembun\u0103t\u0103\u021biri ale z\u00e2mbetului de Hollywood \u0219i solu\u021bii inovatoare, cum ar fi &#8222;all-on-4&#8221; \u0219i &#8222;all-on-6&#8221;.<\/li>\n<li><strong>Clinici de restaurare a p\u0103rului:<\/strong> Ob\u021bine\u021bi rezultate naturale \u0219i de durat\u0103 cu tehnici avansate de transplant de p\u0103r.<\/li>\n<li><strong>Spitale estetice:<\/strong> Experimenta\u021bi chirurgie estetic\u0103 de clas\u0103 mondial\u0103, de la liftinguri faciale la remodel\u0103ri corporale.<\/li>\n<li><strong>Speciali\u0219ti \u00een ortopedie:<\/strong> Beneficia\u021bi de tratamente avansate pentru probleme articulare \u0219i ale coloanei, asigur\u00e2nd o recuperare optim\u0103 \u0219i mobilitate.<\/li>\n<\/ul>\n<h4><strong><span style=\"color: #ff0000;\">\u2665\u00a0<\/span><\/strong><strong>UNGARIA:<\/strong> Budapesta \u0219i Debrecen<\/h4>\n<p>Ungaria ofer\u0103 \u00eengrijiri medicale renumite, \u00een special \u00een domeniul tratamentelor dentare. \u00cen Budapesta \u0219i Debrecen, descoperi\u021bi:<\/p>\n<ul>\n<li><strong>Clinici stomatologice:<\/strong> \u00cengrijire de prim\u0103 clas\u0103 pentru implanturi \u0219i proceduri dentare estetice la pre\u021buri competitive.<\/li>\n<li><strong>Centre de chirurgie estetic\u0103:<\/strong> \u00cembun\u0103t\u0103\u021bi\u021bi-v\u0103 aspectul cu aten\u021bie meticuloas\u0103 la detalii.<\/li>\n<\/ul>\n<h4><strong><span style=\"color: #ff0000;\">\u2665\u00a0<\/span><\/strong><strong>SERBIA:<\/strong> Belgrad<\/h4>\n<p>Belgradul devine un centru pentru \u00eengrijiri medicale de calitate. Aici pute\u021bi g\u0103si:<\/p>\n<ul>\n<li><strong>Servicii medicale inovatoare:<\/strong> De la tratamente dentare la proceduri estetice, experimenta\u021bi \u00eengrijiri excep\u021bionale adaptate nevoilor dumneavoastr\u0103.<\/li>\n<li><strong>Clinici medicale personalizate:<\/strong> Bucura\u021bi-v\u0103 de servicii \u00eentr-un ora\u0219 cunoscut pentru ospitalitatea sa cald\u0103 \u0219i expertiza medical\u0103.<\/li>\n<\/ul>\n<h4><strong><span style=\"color: #ff0000;\">\u2665\u00a0<\/span><\/strong><strong>CROA\u021aIA:<\/strong> Zagreb \u0219i Split<\/h4>\n<p>Croa\u021bia combin\u0103 excelen\u021ba medical\u0103 cu peisaje frumoase. Descoperi\u021bi:<\/p>\n<ul>\n<li><strong>Clinici stomatologice \u0219i estetice:<\/strong> Bucura\u021bi-v\u0103 de tratamente avansate \u00eentr-un cadru pitoresc.<\/li>\n<li><strong>Spitale de reabilitare \u0219i wellness:<\/strong> Op\u021biuni de \u00eengrijire cuprinz\u0103toare concepute pentru a v\u0103 \u00eembun\u0103t\u0103\u021bi bun\u0103starea general\u0103.<\/li>\n<\/ul>\n<h4><strong><span style=\"color: #ff0000;\">\u2665\u00a0<\/span><\/strong><strong>POLONIA:<\/strong> Var\u0219ovia \u0219i Cracovia<\/h4>\n<p>Polonia ofer\u0103 servicii medicale de \u00eenalt\u0103 calitate la pre\u021buri accesibile. Explora\u021bi:<\/p>\n<ul>\n<li><strong>Facilit\u0103\u021bi de \u00eengrijire stomatologic\u0103:<\/strong> Solu\u021bii avansate pentru implanturi \u0219i alte nevoi dentare.<\/li>\n<li><strong>Clinici ortopedice \u0219i estetice:<\/strong> Facilit\u0103\u021bi moderne care ofer\u0103 o gam\u0103 larg\u0103 de proceduri.<\/li>\n<\/ul>\n<h4><strong><span style=\"color: #ff0000;\">\u2665\u00a0<\/span><\/strong><strong>GERMANIA:<\/strong> Berlin \u0219i M\u00fcnchen<\/h4>\n<p>Germania este sinonim\u0103 cu inova\u021bia medical\u0103 \u0219i calitatea. Acces la:<\/p>\n<ul>\n<li><strong>Spitale de ultim\u0103 genera\u021bie:<\/strong> Cele mai noi tehnologii medicale \u0219i \u00eengrijiri specializate.<\/li>\n<li><strong>Centre de servicii de s\u0103n\u0103tate cuprinz\u0103toare:<\/strong> Tratamente de clas\u0103 mondial\u0103 pentru interven\u021bii chirurgicale complexe \u0219i proceduri de rutin\u0103.<\/li>\n<\/ul>\n<h4><strong><span style=\"color: #ff0000;\">\u2665\u00a0<\/span><\/strong><strong>CEHIA:<\/strong> Praga<\/h4>\n<p>Praga ofer\u0103 o combina\u021bie de farmec istoric \u0219i \u00eengrijiri medicale moderne. Descoperi\u021bi:<\/p>\n<ul>\n<li><strong>Clinici stomatologice de top:<\/strong> Solu\u021bii excelente \u00eentr-unul dintre cele mai frumoase ora\u0219e din Europa.<\/li>\n<li><strong>Spitale estetice:<\/strong> Proceduri estetice de \u00eenalt\u0103 calitate.<\/li>\n<\/ul>\n<h4><strong><span style=\"color: #ff0000;\">\u2665\u00a0<\/span><\/strong><strong>MEXIC:<\/strong> Canc\u00fan \u0219i Mexico City<\/h4>\n<p>Mexicul ofer\u0103 un fundal vibrant pentru \u00eengrijiri medicale excep\u021bionale. Bucura\u021bi-v\u0103 de:<\/p>\n<ul>\n<li><strong>Centre de tratament accesibile:<\/strong> Proceduri dentare \u0219i estetice de \u00eenalt\u0103 calitate.<\/li>\n<li><strong>Clinici de experien\u021be culturale:<\/strong> Combina\u021bi tratamentul cu o c\u0103l\u0103torie cultural\u0103 bogat\u0103.<\/li>\n<\/ul>\n<h4><strong><span style=\"color: #ff0000;\">\u2665\u00a0<\/span><\/strong><strong>COLUMBIA:<\/strong> Medell\u00edn \u0219i Bogota<\/h4>\n<p>Columbia este cunoscut\u0103 pentru profesioni\u0219tii s\u0103i medicali califica\u021bi \u0219i serviciile rentabile. Acces la:<\/p>\n<ul>\n<li><strong>Centre medicale cuprinz\u0103toare:<\/strong> O gam\u0103 de tratamente medicale cu accent pe calitate \u0219i accesibilitate.<\/li>\n<li><strong>Clinici stomatologice de specialitate:<\/strong> \u00cengrijiri de la exper\u021bi \u00eentr-o \u021bar\u0103 cunoscut\u0103 pentru progresele \u00een domeniul s\u0103n\u0103t\u0103\u021bii.<\/li>\n<\/ul>\n<h4><strong><span style=\"color: #ff0000;\">\u2665\u00a0<\/span><\/strong><strong>THAILANDA:<\/strong> Bangkok \u0219i Phuket<\/h4>\n<p>Thailanda ofer\u0103 o combina\u021bie perfect\u0103 de \u00eengrijire medical\u0103 \u0219i experien\u021be de c\u0103l\u0103torie. Descoperi\u021bi:<\/p>\n<ul>\n<li><strong>Spitale de clas\u0103 mondial\u0103:<\/strong> Servicii medicale de prim\u0103 clas\u0103 pentru \u00eengrijire dentar\u0103 \u0219i programe de wellness.<\/li>\n<li><strong>Clinici \u00een destina\u021bii frumoase:<\/strong> Experimenta\u021bi \u00eengrijiri medicale excep\u021bionale \u00een timp ce explora\u021bi Thailanda.<\/li>\n<\/ul>\n<h4><strong><span style=\"color: #ff0000;\">\u2665\u00a0<\/span><\/strong><strong>INDIA:<\/strong> Delhi \u0219i Mumbai<\/h4>\n<p>Facilit\u0103\u021bile medicale din India sunt avansate \u0219i accesibile. Explora\u021bi:<\/p>\n<ul>\n<li><strong>Clinici medicale diverse:<\/strong> Standarde ridicate \u00een diverse op\u021biuni medicale.<\/li>\n<li><strong>Spitale cu speciali\u0219ti califica\u021bi:<\/strong> \u00cengrijiri de la exper\u021bi \u00een Delhi \u0219i Mumbai.<\/li>\n<\/ul>\n<h4><strong><span style=\"color: #ff0000;\">\u2665\u00a0<\/span><\/strong><strong>VIETNAM:<\/strong> Ho Chi Minh City \u0219i Hanoi<\/h4>\n<p>Vietnam devine o destina\u021bie emergent\u0103 pentru turismul medical. Aici pute\u021bi beneficia de:<\/p>\n<ul>\n<li><strong>Centre medicale eficiente:<\/strong> \u00cengrijiri accesibile \u0219i de \u00eenalt\u0103 calitate.<\/li>\n<li><strong>Clinici de tratament cuprinz\u0103toare:<\/strong> De la \u00eengrijirea dentar\u0103 la proceduri ortopedice.<\/li>\n<\/ul>\n<h4>De ce s\u0103 alege\u021bi turismul de s\u0103n\u0103tate \u0219i medical?<\/h4>\n<p>Turismul de s\u0103n\u0103tate \u0219i medical v\u0103 permite s\u0103 combina\u021bi \u00eengrijiri medicale superioare cu oportunit\u0103\u021bi de c\u0103l\u0103torie interesante. La <em>BestMediTrips.com<\/em>, suntem dedica\u021bi s\u0103 v\u0103 ajut\u0103m s\u0103 g\u0103si\u021bi destina\u021bia \u0219i tratamentul perfect care s\u0103 corespund\u0103 nevoilor \u0219i preferin\u021belor dumneavoastr\u0103. Explora\u021bi platforma noastr\u0103 pentru a \u00eencepe c\u0103l\u0103toria dumneavoastr\u0103 c\u0103tre \u00eengrijiri medicale excep\u021bionale \u0219i experien\u021be de neuitat.<\/p>\n","protected":false},"excerpt":{"rendered":"<p>Descoperi\u021bi Cea Mai Bun\u0103 Experien\u021b\u0103 de Turism Medical Bun venit la BestMediTrips.com, destina\u021bia dumneavoastr\u0103 principal\u0103 pentru \u00eengrijiri medicale excep\u021bionale combinate cu experien\u021be de c\u0103l\u0103torie extraordinare. Platforma noastr\u0103 multilingv\u0103 este dedicat\u0103 conect\u0103rii dumneavoastr\u0103 cu cele mai bune destina\u021bii de turism medical din \u00eentreaga lume, oferind informa\u021bii detaliate despre cele mai bune tratamente \u0219i servicii medicale disponibile. &#8230; <a title=\"Turism Medical \u0219i Destina\u021bii\" class=\"read-more\" href=\"https:\/\/bestmeditrips.com\/ro\/\" aria-label=\"Cite\u0219te mai multe despre Turism Medical \u0219i Destina\u021bii\">Read more<\/a><\/p>\n","protected":false},"author":1,"featured_media":346,"parent":0,"menu_order":0,"comment_status":"closed","ping_status":"closed","template":"","meta":{"footnotes":""},"class_list":["post-313","page","type-page","status-publish","has-post-thumbnail"],"yoast_head":"<!-- This site is optimized with the Yoast SEO plugin v27.4 - https:\/\/yoast.com\/product\/yoast-seo-wordpress\/ -->\n<title>Exper\u021bi \u00een Turism Medical | Tratamente \u0219i Destina\u021bii Premium<\/title>\n<meta name=\"description\" content=\"Explora\u021bi cele mai bune servicii de turism de s\u0103n\u0103tate cu cele mai bune clinici, medici \u0219i denti\u0219ti, oferind sfaturi de specialitate pentru cele mai bune c\u0103l\u0103torii medicale.\" \/>\n<meta name=\"robots\" content=\"index, follow, max-snippet:-1, max-image-preview:large, max-video-preview:-1\" \/>\n<link rel=\"canonical\" href=\"https:\/\/bestmeditrips.com\/ro\/\" \/>\n<meta property=\"og:locale\" content=\"ro_RO\" \/>\n<meta property=\"og:type\" content=\"article\" \/>\n<meta property=\"og:title\" content=\"Exper\u021bi \u00een Turism Medical | Tratamente \u0219i Destina\u021bii Premium\" \/>\n<meta property=\"og:description\" content=\"Explora\u021bi cele mai bune servicii de turism de s\u0103n\u0103tate cu cele mai bune clinici, medici \u0219i denti\u0219ti, oferind sfaturi de specialitate pentru cele mai bune c\u0103l\u0103torii medicale.\" \/>\n<meta property=\"og:url\" content=\"https:\/\/bestmeditrips.com\/ro\/\" \/>\n<meta property=\"og:site_name\" content=\"Bestmeditrips.com\" \/>\n<meta property=\"article:publisher\" content=\"https:\/\/www.facebook.com\/profile.php?id=61565479139599\" \/>\n<meta property=\"article:modified_time\" content=\"2024-09-23T09:01:50+00:00\" \/>\n<meta property=\"og:image\" content=\"https:\/\/bestmeditrips.com\/wp-content\/uploads\/2024\/09\/health-tourism.jpg\" \/>\n\t<meta property=\"og:image:width\" content=\"1024\" \/>\n\t<meta property=\"og:image:height\" content=\"683\" \/>\n\t<meta property=\"og:image:type\" content=\"image\/jpeg\" \/>\n<meta name=\"twitter:card\" content=\"summary_large_image\" \/>\n<meta name=\"twitter:label1\" content=\"Timp estimat pentru citire\" \/>\n\t<meta name=\"twitter:data1\" content=\"4 minute\" \/>\n<script type=\"application\/ld+json\" class=\"yoast-schema-graph\">{\"@context\":\"https:\\\/\\\/schema.org\",\"@graph\":[{\"@type\":\"WebPage\",\"@id\":\"https:\\\/\\\/bestmeditrips.com\\\/ro\\\/\",\"url\":\"https:\\\/\\\/bestmeditrips.com\\\/ro\\\/\",\"name\":\"Exper\u021bi \u00een Turism Medical | Tratamente \u0219i Destina\u021bii Premium\",\"isPartOf\":{\"@id\":\"https:\\\/\\\/bestmeditrips.com\\\/ro\\\/#website\"},\"primaryImageOfPage\":{\"@id\":\"https:\\\/\\\/bestmeditrips.com\\\/ro\\\/#primaryimage\"},\"image\":{\"@id\":\"https:\\\/\\\/bestmeditrips.com\\\/ro\\\/#primaryimage\"},\"thumbnailUrl\":\"https:\\\/\\\/bestmeditrips.com\\\/wp-content\\\/uploads\\\/2024\\\/09\\\/health-tourism.jpg\",\"datePublished\":\"2024-09-02T17:44:40+00:00\",\"dateModified\":\"2024-09-23T09:01:50+00:00\",\"description\":\"Explora\u021bi cele mai bune servicii de turism de s\u0103n\u0103tate cu cele mai bune clinici, medici \u0219i denti\u0219ti, oferind sfaturi de specialitate pentru cele mai bune c\u0103l\u0103torii medicale.\",\"breadcrumb\":{\"@id\":\"https:\\\/\\\/bestmeditrips.com\\\/ro\\\/#breadcrumb\"},\"inLanguage\":\"ro-RO\",\"potentialAction\":[{\"@type\":\"ReadAction\",\"target\":[\"https:\\\/\\\/bestmeditrips.com\\\/ro\\\/\"]}]},{\"@type\":\"ImageObject\",\"inLanguage\":\"ro-RO\",\"@id\":\"https:\\\/\\\/bestmeditrips.com\\\/ro\\\/#primaryimage\",\"url\":\"https:\\\/\\\/bestmeditrips.com\\\/wp-content\\\/uploads\\\/2024\\\/09\\\/health-tourism.jpg\",\"contentUrl\":\"https:\\\/\\\/bestmeditrips.com\\\/wp-content\\\/uploads\\\/2024\\\/09\\\/health-tourism.jpg\",\"width\":1024,\"height\":683,\"caption\":\"Medical tourism and best destinations in the world for dental, hair transplant, orthopedic and aesthetic treatments\"},{\"@type\":\"BreadcrumbList\",\"@id\":\"https:\\\/\\\/bestmeditrips.com\\\/ro\\\/#breadcrumb\",\"itemListElement\":[{\"@type\":\"ListItem\",\"position\":1,\"name\":\"Home\",\"item\":\"https:\\\/\\\/bestmeditrips.com\\\/ro\\\/\"},{\"@type\":\"ListItem\",\"position\":2,\"name\":\"Turism Medical \u0219i Destina\u021bii\"}]},{\"@type\":\"WebSite\",\"@id\":\"https:\\\/\\\/bestmeditrips.com\\\/ro\\\/#website\",\"url\":\"https:\\\/\\\/bestmeditrips.com\\\/ro\\\/\",\"name\":\"Bestmeditrips.com\",\"description\":\"Turism medical, cele mai bune tratamente, clinici, medici \u0219i stomatologi!\",\"publisher\":{\"@id\":\"https:\\\/\\\/bestmeditrips.com\\\/ro\\\/#organization\"},\"potentialAction\":[{\"@type\":\"SearchAction\",\"target\":{\"@type\":\"EntryPoint\",\"urlTemplate\":\"https:\\\/\\\/bestmeditrips.com\\\/ro\\\/?s={search_term_string}\"},\"query-input\":{\"@type\":\"PropertyValueSpecification\",\"valueRequired\":true,\"valueName\":\"search_term_string\"}}],\"inLanguage\":\"ro-RO\"},{\"@type\":\"Organization\",\"@id\":\"https:\\\/\\\/bestmeditrips.com\\\/ro\\\/#organization\",\"name\":\"Bestmeditrips.com\",\"url\":\"https:\\\/\\\/bestmeditrips.com\\\/ro\\\/\",\"logo\":{\"@type\":\"ImageObject\",\"inLanguage\":\"ro-RO\",\"@id\":\"https:\\\/\\\/bestmeditrips.com\\\/ro\\\/#\\\/schema\\\/logo\\\/image\\\/\",\"url\":\"https:\\\/\\\/bestmeditrips.com\\\/wp-content\\\/uploads\\\/2024\\\/09\\\/logo-2.png\",\"contentUrl\":\"https:\\\/\\\/bestmeditrips.com\\\/wp-content\\\/uploads\\\/2024\\\/09\\\/logo-2.png\",\"width\":500,\"height\":98,\"caption\":\"Bestmeditrips.com\"},\"image\":{\"@id\":\"https:\\\/\\\/bestmeditrips.com\\\/ro\\\/#\\\/schema\\\/logo\\\/image\\\/\"},\"sameAs\":[\"https:\\\/\\\/www.facebook.com\\\/profile.php?id=61565479139599\"]}]}<\/script>\n<!-- \/ Yoast SEO plugin. -->","yoast_head_json":{"title":"Exper\u021bi \u00een Turism Medical | Tratamente \u0219i Destina\u021bii Premium","description":"Explora\u021bi cele mai bune servicii de turism de s\u0103n\u0103tate cu cele mai bune clinici, medici \u0219i denti\u0219ti, oferind sfaturi de specialitate pentru cele mai bune c\u0103l\u0103torii medicale.","robots":{"index":"index","follow":"follow","max-snippet":"max-snippet:-1","max-image-preview":"max-image-preview:large","max-video-preview":"max-video-preview:-1"},"canonical":"https:\/\/bestmeditrips.com\/ro\/","og_locale":"ro_RO","og_type":"article","og_title":"Exper\u021bi \u00een Turism Medical | Tratamente \u0219i Destina\u021bii Premium","og_description":"Explora\u021bi cele mai bune servicii de turism de s\u0103n\u0103tate cu cele mai bune clinici, medici \u0219i denti\u0219ti, oferind sfaturi de specialitate pentru cele mai bune c\u0103l\u0103torii medicale.","og_url":"https:\/\/bestmeditrips.com\/ro\/","og_site_name":"Bestmeditrips.com","article_publisher":"https:\/\/www.facebook.com\/profile.php?id=61565479139599","article_modified_time":"2024-09-23T09:01:50+00:00","og_image":[{"width":1024,"height":683,"url":"https:\/\/bestmeditrips.com\/wp-content\/uploads\/2024\/09\/health-tourism.jpg","type":"image\/jpeg"}],"twitter_card":"summary_large_image","twitter_misc":{"Timp estimat pentru citire":"4 minute"},"schema":{"@context":"https:\/\/schema.org","@graph":[{"@type":"WebPage","@id":"https:\/\/bestmeditrips.com\/ro\/","url":"https:\/\/bestmeditrips.com\/ro\/","name":"Exper\u021bi \u00een Turism Medical | Tratamente \u0219i Destina\u021bii Premium","isPartOf":{"@id":"https:\/\/bestmeditrips.com\/ro\/#website"},"primaryImageOfPage":{"@id":"https:\/\/bestmeditrips.com\/ro\/#primaryimage"},"image":{"@id":"https:\/\/bestmeditrips.com\/ro\/#primaryimage"},"thumbnailUrl":"https:\/\/bestmeditrips.com\/wp-content\/uploads\/2024\/09\/health-tourism.jpg","datePublished":"2024-09-02T17:44:40+00:00","dateModified":"2024-09-23T09:01:50+00:00","description":"Explora\u021bi cele mai bune servicii de turism de s\u0103n\u0103tate cu cele mai bune clinici, medici \u0219i denti\u0219ti, oferind sfaturi de specialitate pentru cele mai bune c\u0103l\u0103torii medicale.","breadcrumb":{"@id":"https:\/\/bestmeditrips.com\/ro\/#breadcrumb"},"inLanguage":"ro-RO","potentialAction":[{"@type":"ReadAction","target":["https:\/\/bestmeditrips.com\/ro\/"]}]},{"@type":"ImageObject","inLanguage":"ro-RO","@id":"https:\/\/bestmeditrips.com\/ro\/#primaryimage","url":"https:\/\/bestmeditrips.com\/wp-content\/uploads\/2024\/09\/health-tourism.jpg","contentUrl":"https:\/\/bestmeditrips.com\/wp-content\/uploads\/2024\/09\/health-tourism.jpg","width":1024,"height":683,"caption":"Medical tourism and best destinations in the world for dental, hair transplant, orthopedic and aesthetic treatments"},{"@type":"BreadcrumbList","@id":"https:\/\/bestmeditrips.com\/ro\/#breadcrumb","itemListElement":[{"@type":"ListItem","position":1,"name":"Home","item":"https:\/\/bestmeditrips.com\/ro\/"},{"@type":"ListItem","position":2,"name":"Turism Medical \u0219i Destina\u021bii"}]},{"@type":"WebSite","@id":"https:\/\/bestmeditrips.com\/ro\/#website","url":"https:\/\/bestmeditrips.com\/ro\/","name":"Bestmeditrips.com","description":"Turism medical, cele mai bune tratamente, clinici, medici \u0219i stomatologi!","publisher":{"@id":"https:\/\/bestmeditrips.com\/ro\/#organization"},"potentialAction":[{"@type":"SearchAction","target":{"@type":"EntryPoint","urlTemplate":"https:\/\/bestmeditrips.com\/ro\/?s={search_term_string}"},"query-input":{"@type":"PropertyValueSpecification","valueRequired":true,"valueName":"search_term_string"}}],"inLanguage":"ro-RO"},{"@type":"Organization","@id":"https:\/\/bestmeditrips.com\/ro\/#organization","name":"Bestmeditrips.com","url":"https:\/\/bestmeditrips.com\/ro\/","logo":{"@type":"ImageObject","inLanguage":"ro-RO","@id":"https:\/\/bestmeditrips.com\/ro\/#\/schema\/logo\/image\/","url":"https:\/\/bestmeditrips.com\/wp-content\/uploads\/2024\/09\/logo-2.png","contentUrl":"https:\/\/bestmeditrips.com\/wp-content\/uploads\/2024\/09\/logo-2.png","width":500,"height":98,"caption":"Bestmeditrips.com"},"image":{"@id":"https:\/\/bestmeditrips.com\/ro\/#\/schema\/logo\/image\/"},"sameAs":["https:\/\/www.facebook.com\/profile.php?id=61565479139599"]}]}},"_links":{"self":[{"href":"https:\/\/bestmeditrips.com\/ro\/wp-json\/wp\/v2\/pages\/313","targetHints":{"allow":["GET"]}}],"collection":[{"href":"https:\/\/bestmeditrips.com\/ro\/wp-json\/wp\/v2\/pages"}],"about":[{"href":"https:\/\/bestmeditrips.com\/ro\/wp-json\/wp\/v2\/types\/page"}],"author":[{"embeddable":true,"href":"https:\/\/bestmeditrips.com\/ro\/wp-json\/wp\/v2\/users\/1"}],"replies":[{"embeddable":true,"href":"https:\/\/bestmeditrips.com\/ro\/wp-json\/wp\/v2\/comments?post=313"}],"version-history":[{"count":4,"href":"https:\/\/bestmeditrips.com\/ro\/wp-json\/wp\/v2\/pages\/313\/revisions"}],"predecessor-version":[{"id":827,"href":"https:\/\/bestmeditrips.com\/ro\/wp-json\/wp\/v2\/pages\/313\/revisions\/827"}],"wp:featuredmedia":[{"embeddable":true,"href":"https:\/\/bestmeditrips.com\/ro\/wp-json\/wp\/v2\/media\/346"}],"wp:attachment":[{"href":"https:\/\/bestmeditrips.com\/ro\/wp-json\/wp\/v2\/media?parent=313"}],"curies":[{"name":"wp","href":"https:\/\/api.w.org\/{rel}","templated":true}]}}