{"id":436,"date":"2024-09-01T20:00:15","date_gmt":"2024-09-01T17:00:15","guid":{"rendered":"https:\/\/bestmeditrips.com\/politica-de-privacidade\/"},"modified":"2024-09-05T00:59:34","modified_gmt":"2024-09-04T21:59:34","slug":"politica-de-privacidade","status":"publish","type":"page","link":"https:\/\/bestmeditrips.com\/pt-pt\/politica-de-privacidade\/","title":{"rendered":"Pol\u00edtica de Privacidade"},"content":{"rendered":"<p><strong>Pol\u00edtica de Privacidade<\/strong><\/p>\n<p>Obrigado por visitar <em>BestMediTrips.com<\/em>. A sua privacidade \u00e9 importante para n\u00f3s. Esta <strong>Pol\u00edtica de Privacidade<\/strong> explica como coletamos, usamos, divulgamos e protegemos suas informa\u00e7\u00f5es quando voc\u00ea visita o nosso site. Por favor, leia esta pol\u00edtica de privacidade cuidadosamente. Se voc\u00ea n\u00e3o concorda com os termos desta pol\u00edtica de privacidade, por favor, n\u00e3o acesse o site.<\/p>\n<p><strong>1. Informa\u00e7\u00f5es que Coletamos<\/strong><\/p>\n<p>Podemos coletar informa\u00e7\u00f5es pessoais, como seu nome, endere\u00e7o de e-mail, n\u00famero de telefone e outros detalhes que voc\u00ea fornece ao interagir com o nosso site ou ao nos contatar para consultas.<\/p>\n<p><strong>2. Como Usamos Suas Informa\u00e7\u00f5es<\/strong><\/p>\n<p>Podemos usar as informa\u00e7\u00f5es que coletamos para:<\/p>\n<p>Fornecer, operar e manter o nosso site<br \/>\nMelhorar, personalizar e expandir as ofertas do nosso site<br \/>\nComunicar-se com voc\u00ea, diretamente ou atrav\u00e9s de um de nossos parceiros, incluindo para atendimento ao cliente, fornecer atualiza\u00e7\u00f5es e outras informa\u00e7\u00f5es relacionadas ao site, e para fins de marketing e promo\u00e7\u00e3o<br \/>\nProteger, investigar e impedir atividades n\u00e3o autorizadas ou ilegais<\/p>\n<p><strong>3. Divulga\u00e7\u00e3o das Suas Informa\u00e7\u00f5es<\/strong><\/p>\n<p>Podemos compartilhar suas informa\u00e7\u00f5es com terceiros apenas nas formas descritas nesta <strong>Pol\u00edtica de Privacidade<\/strong>.<\/p>\n<p><strong>4. Seguran\u00e7a das Suas Informa\u00e7\u00f5es<\/strong><\/p>\n<p>Utilizamos medidas de seguran\u00e7a administrativas, t\u00e9cnicas e f\u00edsicas para ajudar a proteger suas informa\u00e7\u00f5es pessoais. Embora tenhamos tomado medidas razo\u00e1veis para proteger as informa\u00e7\u00f5es pessoais que voc\u00ea nos fornece, esteja ciente de que, apesar de nossos esfor\u00e7os, nenhuma medida de seguran\u00e7a \u00e9 perfeita ou impenetr\u00e1vel.<\/p>\n<p><strong>5. Suas Escolhas em Rela\u00e7\u00e3o \u00e0s Suas Informa\u00e7\u00f5es<\/strong><\/p>\n<p>Voc\u00ea tem o direito de:<\/p>\n<p>Atualizar ou corrigir suas informa\u00e7\u00f5es pessoais<br \/>\nOptar por n\u00e3o receber comunica\u00e7\u00f5es de marketing<br \/>\nSolicitar que excluamos suas informa\u00e7\u00f5es pessoais<\/p>\n<p><strong>6. Altera\u00e7\u00f5es a Esta Pol\u00edtica de Privacidade<\/strong><\/p>\n<p>Podemos atualizar esta <strong>Pol\u00edtica de Privacidade<\/strong> de tempos em tempos para refletir, por exemplo, mudan\u00e7as em nossas pr\u00e1ticas ou por outros motivos operacionais, legais ou regulamentares.<\/p>\n<p><strong>7. Contate-nos<\/strong><\/p>\n<p>Se voc\u00ea tiver d\u00favidas ou coment\u00e1rios sobre esta <strong>Pol\u00edtica de Privacidade<\/strong>, por favor, entre em contato conosco.<\/p>\n","protected":false},"excerpt":{"rendered":"<p>Pol\u00edtica de Privacidade Obrigado por visitar BestMediTrips.com. A sua privacidade \u00e9 importante para n\u00f3s. Esta Pol\u00edtica de Privacidade explica como coletamos, usamos, divulgamos e protegemos suas informa\u00e7\u00f5es quando voc\u00ea visita o nosso site. Por favor, leia esta pol\u00edtica de privacidade cuidadosamente. Se voc\u00ea n\u00e3o concorda com os termos desta pol\u00edtica de privacidade, por favor, n\u00e3o &#8230; <a title=\"Pol\u00edtica de Privacidade\" class=\"read-more\" href=\"https:\/\/bestmeditrips.com\/pt-pt\/politica-de-privacidade\/\" aria-label=\"Leia mais sobre Pol\u00edtica de Privacidade\">Ler mais<\/a><\/p>\n","protected":false},"author":1,"featured_media":0,"parent":0,"menu_order":0,"comment_status":"closed","ping_status":"open","template":"","meta":{"footnotes":""},"class_list":["post-436","page","type-page","status-publish"],"yoast_head":"<!-- This site is optimized with the Yoast SEO plugin v27.4 - https:\/\/yoast.com\/product\/yoast-seo-wordpress\/ -->\n<title>Pol\u00edtica de Privacidade - Bestmeditrips.com<\/title>\n<meta name=\"robots\" content=\"index, follow, max-snippet:-1, max-image-preview:large, max-video-preview:-1\" \/>\n<link rel=\"canonical\" href=\"https:\/\/bestmeditrips.com\/pt-pt\/politica-de-privacidade\/\" \/>\n<meta property=\"og:locale\" content=\"pt_PT\" \/>\n<meta property=\"og:type\" content=\"article\" \/>\n<meta property=\"og:title\" content=\"Pol\u00edtica de Privacidade - Bestmeditrips.com\" \/>\n<meta property=\"og:description\" content=\"Pol\u00edtica de Privacidade Obrigado por visitar BestMediTrips.com. A sua privacidade \u00e9 importante para n\u00f3s. Esta Pol\u00edtica de Privacidade explica como coletamos, usamos, divulgamos e protegemos suas informa\u00e7\u00f5es quando voc\u00ea visita o nosso site. Por favor, leia esta pol\u00edtica de privacidade cuidadosamente. Se voc\u00ea n\u00e3o concorda com os termos desta pol\u00edtica de privacidade, por favor, n\u00e3o ... Ler mais\" \/>\n<meta property=\"og:url\" content=\"https:\/\/bestmeditrips.com\/pt-pt\/politica-de-privacidade\/\" \/>\n<meta property=\"og:site_name\" content=\"Bestmeditrips.com\" \/>\n<meta property=\"article:publisher\" content=\"https:\/\/www.facebook.com\/profile.php?id=61565479139599\" \/>\n<meta property=\"article:modified_time\" content=\"2024-09-04T21:59:34+00:00\" \/>\n<meta property=\"og:image\" content=\"https:\/\/bestmeditrips.com\/wp-content\/uploads\/2024\/09\/health-tourism.jpg\" \/>\n\t<meta property=\"og:image:width\" content=\"1024\" \/>\n\t<meta property=\"og:image:height\" content=\"683\" \/>\n\t<meta property=\"og:image:type\" content=\"image\/jpeg\" \/>\n<meta name=\"twitter:card\" content=\"summary_large_image\" \/>\n<meta name=\"twitter:label1\" content=\"Tempo estimado de leitura\" \/>\n\t<meta name=\"twitter:data1\" content=\"2 minutos\" \/>\n<script type=\"application\/ld+json\" class=\"yoast-schema-graph\">{\"@context\":\"https:\\\/\\\/schema.org\",\"@graph\":[{\"@type\":\"WebPage\",\"@id\":\"https:\\\/\\\/bestmeditrips.com\\\/pt-pt\\\/politica-de-privacidade\\\/\",\"url\":\"https:\\\/\\\/bestmeditrips.com\\\/pt-pt\\\/politica-de-privacidade\\\/\",\"name\":\"Pol\u00edtica de Privacidade - Bestmeditrips.com\",\"isPartOf\":{\"@id\":\"https:\\\/\\\/bestmeditrips.com\\\/pt-pt\\\/#website\"},\"datePublished\":\"2024-09-01T17:00:15+00:00\",\"dateModified\":\"2024-09-04T21:59:34+00:00\",\"breadcrumb\":{\"@id\":\"https:\\\/\\\/bestmeditrips.com\\\/pt-pt\\\/politica-de-privacidade\\\/#breadcrumb\"},\"inLanguage\":\"pt-PT\",\"potentialAction\":[{\"@type\":\"ReadAction\",\"target\":[\"https:\\\/\\\/bestmeditrips.com\\\/pt-pt\\\/politica-de-privacidade\\\/\"]}]},{\"@type\":\"BreadcrumbList\",\"@id\":\"https:\\\/\\\/bestmeditrips.com\\\/pt-pt\\\/politica-de-privacidade\\\/#breadcrumb\",\"itemListElement\":[{\"@type\":\"ListItem\",\"position\":1,\"name\":\"Home\",\"item\":\"https:\\\/\\\/bestmeditrips.com\\\/pt-pt\\\/\"},{\"@type\":\"ListItem\",\"position\":2,\"name\":\"Pol\u00edtica de Privacidade\"}]},{\"@type\":\"WebSite\",\"@id\":\"https:\\\/\\\/bestmeditrips.com\\\/pt-pt\\\/#website\",\"url\":\"https:\\\/\\\/bestmeditrips.com\\\/pt-pt\\\/\",\"name\":\"Bestmeditrips.com\",\"description\":\"Turismo m\u00e9dico, melhores tratamentos, cl\u00ednicas, m\u00e9dicos e dentistas!\",\"publisher\":{\"@id\":\"https:\\\/\\\/bestmeditrips.com\\\/pt-pt\\\/#organization\"},\"potentialAction\":[{\"@type\":\"SearchAction\",\"target\":{\"@type\":\"EntryPoint\",\"urlTemplate\":\"https:\\\/\\\/bestmeditrips.com\\\/pt-pt\\\/?s={search_term_string}\"},\"query-input\":{\"@type\":\"PropertyValueSpecification\",\"valueRequired\":true,\"valueName\":\"search_term_string\"}}],\"inLanguage\":\"pt-PT\"},{\"@type\":\"Organization\",\"@id\":\"https:\\\/\\\/bestmeditrips.com\\\/pt-pt\\\/#organization\",\"name\":\"Bestmeditrips.com\",\"url\":\"https:\\\/\\\/bestmeditrips.com\\\/pt-pt\\\/\",\"logo\":{\"@type\":\"ImageObject\",\"inLanguage\":\"pt-PT\",\"@id\":\"https:\\\/\\\/bestmeditrips.com\\\/pt-pt\\\/#\\\/schema\\\/logo\\\/image\\\/\",\"url\":\"https:\\\/\\\/bestmeditrips.com\\\/wp-content\\\/uploads\\\/2024\\\/09\\\/logo-2.png\",\"contentUrl\":\"https:\\\/\\\/bestmeditrips.com\\\/wp-content\\\/uploads\\\/2024\\\/09\\\/logo-2.png\",\"width\":500,\"height\":98,\"caption\":\"Bestmeditrips.com\"},\"image\":{\"@id\":\"https:\\\/\\\/bestmeditrips.com\\\/pt-pt\\\/#\\\/schema\\\/logo\\\/image\\\/\"},\"sameAs\":[\"https:\\\/\\\/www.facebook.com\\\/profile.php?id=61565479139599\"]}]}<\/script>\n<!-- \/ Yoast SEO plugin. -->","yoast_head_json":{"title":"Pol\u00edtica de Privacidade - Bestmeditrips.com","robots":{"index":"index","follow":"follow","max-snippet":"max-snippet:-1","max-image-preview":"max-image-preview:large","max-video-preview":"max-video-preview:-1"},"canonical":"https:\/\/bestmeditrips.com\/pt-pt\/politica-de-privacidade\/","og_locale":"pt_PT","og_type":"article","og_title":"Pol\u00edtica de Privacidade - Bestmeditrips.com","og_description":"Pol\u00edtica de Privacidade Obrigado por visitar BestMediTrips.com. A sua privacidade \u00e9 importante para n\u00f3s. Esta Pol\u00edtica de Privacidade explica como coletamos, usamos, divulgamos e protegemos suas informa\u00e7\u00f5es quando voc\u00ea visita o nosso site. Por favor, leia esta pol\u00edtica de privacidade cuidadosamente. Se voc\u00ea n\u00e3o concorda com os termos desta pol\u00edtica de privacidade, por favor, n\u00e3o ... Ler mais","og_url":"https:\/\/bestmeditrips.com\/pt-pt\/politica-de-privacidade\/","og_site_name":"Bestmeditrips.com","article_publisher":"https:\/\/www.facebook.com\/profile.php?id=61565479139599","article_modified_time":"2024-09-04T21:59:34+00:00","og_image":[{"width":1024,"height":683,"url":"https:\/\/bestmeditrips.com\/wp-content\/uploads\/2024\/09\/health-tourism.jpg","type":"image\/jpeg"}],"twitter_card":"summary_large_image","twitter_misc":{"Tempo estimado de leitura":"2 minutos"},"schema":{"@context":"https:\/\/schema.org","@graph":[{"@type":"WebPage","@id":"https:\/\/bestmeditrips.com\/pt-pt\/politica-de-privacidade\/","url":"https:\/\/bestmeditrips.com\/pt-pt\/politica-de-privacidade\/","name":"Pol\u00edtica de Privacidade - Bestmeditrips.com","isPartOf":{"@id":"https:\/\/bestmeditrips.com\/pt-pt\/#website"},"datePublished":"2024-09-01T17:00:15+00:00","dateModified":"2024-09-04T21:59:34+00:00","breadcrumb":{"@id":"https:\/\/bestmeditrips.com\/pt-pt\/politica-de-privacidade\/#breadcrumb"},"inLanguage":"pt-PT","potentialAction":[{"@type":"ReadAction","target":["https:\/\/bestmeditrips.com\/pt-pt\/politica-de-privacidade\/"]}]},{"@type":"BreadcrumbList","@id":"https:\/\/bestmeditrips.com\/pt-pt\/politica-de-privacidade\/#breadcrumb","itemListElement":[{"@type":"ListItem","position":1,"name":"Home","item":"https:\/\/bestmeditrips.com\/pt-pt\/"},{"@type":"ListItem","position":2,"name":"Pol\u00edtica de Privacidade"}]},{"@type":"WebSite","@id":"https:\/\/bestmeditrips.com\/pt-pt\/#website","url":"https:\/\/bestmeditrips.com\/pt-pt\/","name":"Bestmeditrips.com","description":"Turismo m\u00e9dico, melhores tratamentos, cl\u00ednicas, m\u00e9dicos e dentistas!","publisher":{"@id":"https:\/\/bestmeditrips.com\/pt-pt\/#organization"},"potentialAction":[{"@type":"SearchAction","target":{"@type":"EntryPoint","urlTemplate":"https:\/\/bestmeditrips.com\/pt-pt\/?s={search_term_string}"},"query-input":{"@type":"PropertyValueSpecification","valueRequired":true,"valueName":"search_term_string"}}],"inLanguage":"pt-PT"},{"@type":"Organization","@id":"https:\/\/bestmeditrips.com\/pt-pt\/#organization","name":"Bestmeditrips.com","url":"https:\/\/bestmeditrips.com\/pt-pt\/","logo":{"@type":"ImageObject","inLanguage":"pt-PT","@id":"https:\/\/bestmeditrips.com\/pt-pt\/#\/schema\/logo\/image\/","url":"https:\/\/bestmeditrips.com\/wp-content\/uploads\/2024\/09\/logo-2.png","contentUrl":"https:\/\/bestmeditrips.com\/wp-content\/uploads\/2024\/09\/logo-2.png","width":500,"height":98,"caption":"Bestmeditrips.com"},"image":{"@id":"https:\/\/bestmeditrips.com\/pt-pt\/#\/schema\/logo\/image\/"},"sameAs":["https:\/\/www.facebook.com\/profile.php?id=61565479139599"]}]}},"_links":{"self":[{"href":"https:\/\/bestmeditrips.com\/pt-pt\/wp-json\/wp\/v2\/pages\/436","targetHints":{"allow":["GET"]}}],"collection":[{"href":"https:\/\/bestmeditrips.com\/pt-pt\/wp-json\/wp\/v2\/pages"}],"about":[{"href":"https:\/\/bestmeditrips.com\/pt-pt\/wp-json\/wp\/v2\/types\/page"}],"author":[{"embeddable":true,"href":"https:\/\/bestmeditrips.com\/pt-pt\/wp-json\/wp\/v2\/users\/1"}],"replies":[{"embeddable":true,"href":"https:\/\/bestmeditrips.com\/pt-pt\/wp-json\/wp\/v2\/comments?post=436"}],"version-history":[{"count":1,"href":"https:\/\/bestmeditrips.com\/pt-pt\/wp-json\/wp\/v2\/pages\/436\/revisions"}],"predecessor-version":[{"id":568,"href":"https:\/\/bestmeditrips.com\/pt-pt\/wp-json\/wp\/v2\/pages\/436\/revisions\/568"}],"wp:attachment":[{"href":"https:\/\/bestmeditrips.com\/pt-pt\/wp-json\/wp\/v2\/media?parent=436"}],"curies":[{"name":"wp","href":"https:\/\/api.w.org\/{rel}","templated":true}]}}