{"id":312,"date":"2024-09-02T20:44:40","date_gmt":"2024-09-02T17:44:40","guid":{"rendered":"https:\/\/bestmeditrips.com\/turismo-de-saude-internacional-e-destinos\/"},"modified":"2024-09-23T12:01:32","modified_gmt":"2024-09-23T09:01:32","slug":"turismo-de-saude-internacional-e-destinos","status":"publish","type":"page","link":"https:\/\/bestmeditrips.com\/pt-pt\/","title":{"rendered":"Turismo M\u00e9dico e Destinos"},"content":{"rendered":"<h2>Descubra A Melhor Experi\u00eancia de Turismo M\u00e9dico<\/h2>\n<p>Bem-vindo ao <em><strong>BestMediTrips.com<\/strong><\/em>, seu principal destino para cuidados m\u00e9dicos excepcionais combinados com experi\u00eancias de viagem extraordin\u00e1rias. Nossa plataforma multilingue \u00e9 dedicada a conectar voc\u00ea com os melhores destinos de turismo m\u00e9dico em todo o mundo, oferecendo insights detalhados sobre os melhores tratamentos e servi\u00e7os m\u00e9dicos dispon\u00edveis.<\/p>\n<h3>Explore Destinos Premium de Turismo de Sa\u00fade e M\u00e9dico<\/h3>\n<p>No <em><strong>BestMediTrips.com<\/strong><\/em>, oferecemos uma sele\u00e7\u00e3o cuidadosamente elaborada de op\u00e7\u00f5es de turismo m\u00e9dico, guiando voc\u00ea atrav\u00e9s de uma ampla gama de tratamentos dispon\u00edveis nos destinos mais fascinantes do mundo. Descubra o que torna cada lugar \u00fanico:<\/p>\n<h4><strong><span style=\"color: #ff0000;\">\u2665\u00a0<\/span><\/strong><strong>TURQUIA:<\/strong> Istambul, Ant\u00e1lia, Izmir e Ancara<\/h4>\n<p>A Turquia \u00e9 conhecida por suas instala\u00e7\u00f5es m\u00e9dicas modernas e tratamentos econ\u00f4micos. Explore nossas melhores cidades para uma variedade de servi\u00e7os de sa\u00fade:<\/p>\n<ul>\n<li><strong>Cl\u00ednicas odontol\u00f3gicas:<\/strong> Transforme seu sorriso com procedimentos avan\u00e7ados como implantes, sorrisos de Hollywood e solu\u00e7\u00f5es inovadoras como &#8220;all-on-4&#8221; e &#8220;all-on-6&#8221;.<\/li>\n<li><strong>Cl\u00ednicas de restaura\u00e7\u00e3o capilar:<\/strong> Alcance resultados naturais e duradouros com t\u00e9cnicas avan\u00e7adas de transplante capilar.<\/li>\n<li><strong>Hospitais est\u00e9ticos:<\/strong> Experimente cirurgia est\u00e9tica de classe mundial, desde lifting facial at\u00e9 modelagem corporal.<\/li>\n<li><strong>Especialistas em ortopedia:<\/strong> Aproveite tratamentos avan\u00e7ados para problemas articulares e na coluna, garantindo recupera\u00e7\u00e3o e mobilidade \u00f3timas.<\/li>\n<\/ul>\n<h4><strong><span style=\"color: #ff0000;\">\u2665\u00a0<\/span><\/strong><strong>HUNGRIA:<\/strong> Budapeste e Debrecen<\/h4>\n<p>A Hungria oferece cuidados m\u00e9dicos renomados, especialmente em tratamentos dent\u00e1rios. Em Budapeste e Debrecen, descubra:<\/p>\n<ul>\n<li><strong>Cl\u00ednicas odontol\u00f3gicas:<\/strong> Cuidados de primeira linha para implantes e procedimentos odontol\u00f3gicos est\u00e9ticos a pre\u00e7os competitivos.<\/li>\n<li><strong>Centros de cirurgia est\u00e9tica:<\/strong> Melhore sua apar\u00eancia com aten\u00e7\u00e3o meticulosa aos detalhes.<\/li>\n<\/ul>\n<h4><strong><span style=\"color: #ff0000;\">\u2665\u00a0<\/span><\/strong><strong>S\u00c9RVIA:<\/strong> Belgrado<\/h4>\n<p>Belgrado est\u00e1 se tornando um centro de cuidados m\u00e9dicos de qualidade. Aqui voc\u00ea encontra:<\/p>\n<ul>\n<li><strong>Servi\u00e7os m\u00e9dicos inovadores:<\/strong> De tratamentos odontol\u00f3gicos a procedimentos est\u00e9ticos, experimente cuidados excepcionais adaptados \u00e0s suas necessidades.<\/li>\n<li><strong>Cl\u00ednicas m\u00e9dicas personalizadas:<\/strong> Desfrute de servi\u00e7os em uma cidade conhecida por sua calorosa hospitalidade e expertise m\u00e9dica.<\/li>\n<\/ul>\n<h4><strong><span style=\"color: #ff0000;\">\u2665\u00a0<\/span><\/strong><strong>CRO\u00c1CIA:<\/strong> Zagreb e Split<\/h4>\n<p>A Cro\u00e1cia combina excel\u00eancia m\u00e9dica com belas paisagens. Descubra:<\/p>\n<ul>\n<li><strong>Cl\u00ednicas odontol\u00f3gicas e est\u00e9ticas:<\/strong> Desfrute de tratamentos avan\u00e7ados em um ambiente pitoresco.<\/li>\n<li><strong>Hospitais de reabilita\u00e7\u00e3o e bem-estar:<\/strong> Op\u00e7\u00f5es de cuidados abrangentes projetadas para melhorar seu bem-estar geral.<\/li>\n<\/ul>\n<h4><strong><span style=\"color: #ff0000;\">\u2665\u00a0<\/span><\/strong><strong>POL\u00d4NIA:<\/strong> Vars\u00f3via e Crac\u00f3via<\/h4>\n<p>A Pol\u00f4nia oferece servi\u00e7os m\u00e9dicos de alta qualidade a pre\u00e7os acess\u00edveis. Explore:<\/p>\n<ul>\n<li><strong>Instala\u00e7\u00f5es de cuidados odontol\u00f3gicos:<\/strong> Solu\u00e7\u00f5es avan\u00e7adas para implantes e outras necessidades dent\u00e1rias.<\/li>\n<li><strong>Cl\u00ednicas ortop\u00e9dicas e est\u00e9ticas:<\/strong> Instala\u00e7\u00f5es modernas que oferecem uma ampla gama de procedimentos.<\/li>\n<\/ul>\n<h4><strong><span style=\"color: #ff0000;\">\u2665\u00a0<\/span><\/strong><strong>ALEMANHA:<\/strong> Berlim e Munique<\/h4>\n<p>A Alemanha \u00e9 sin\u00f4nimo de inova\u00e7\u00e3o m\u00e9dica e qualidade. Acesso a:<\/p>\n<ul>\n<li><strong>Hospitais de ponta:<\/strong> Tecnologia m\u00e9dica mais recente e cuidados especializados.<\/li>\n<li><strong>Centros de servi\u00e7os de sa\u00fade abrangentes:<\/strong> Tratamentos de classe mundial para cirurgias complexas e procedimentos de rotina.<\/li>\n<\/ul>\n<h4><strong><span style=\"color: #ff0000;\">\u2665\u00a0<\/span><\/strong><strong>REP\u00daBLICA CHECA:<\/strong> Praga<\/h4>\n<p>Praga oferece uma combina\u00e7\u00e3o de charme hist\u00f3rico e cuidados de sa\u00fade modernos. Descubra:<\/p>\n<ul>\n<li><strong>Cl\u00ednicas odontol\u00f3gicas de primeira categoria:<\/strong> Solu\u00e7\u00f5es excelentes em uma das cidades mais bonitas da Europa.<\/li>\n<li><strong>Hospitais est\u00e9ticos:<\/strong> Procedimentos est\u00e9ticos de alta qualidade.<\/li>\n<\/ul>\n<h4><strong><span style=\"color: #ff0000;\">\u2665\u00a0<\/span><\/strong><strong>M\u00c9XICO:<\/strong> Canc\u00fan e Cidade do M\u00e9xico<\/h4>\n<p>O M\u00e9xico oferece um pano de fundo vibrante para cuidados m\u00e9dicos excepcionais. Desfrute de:<\/p>\n<ul>\n<li><strong>Centros de tratamento acess\u00edveis:<\/strong> Procedimentos odontol\u00f3gicos e est\u00e9ticos de alta qualidade.<\/li>\n<li><strong>Cl\u00ednicas de experi\u00eancia cultural:<\/strong> Combine seu tratamento com uma rica viagem cultural.<\/li>\n<\/ul>\n<h4><strong><span style=\"color: #ff0000;\">\u2665\u00a0<\/span><\/strong><strong>COL\u00d4MBIA:<\/strong> Medell\u00edn e Bogot\u00e1<\/h4>\n<p>A Col\u00f4mbia \u00e9 conhecida por seus profissionais m\u00e9dicos qualificados e servi\u00e7os de custo-benef\u00edcio. Acesso a:<\/p>\n<ul>\n<li><strong>Centros m\u00e9dicos abrangentes:<\/strong> Uma gama de tratamentos m\u00e9dicos com foco em qualidade e acessibilidade.<\/li>\n<li><strong>Cl\u00ednicas odontol\u00f3gicas especializadas:<\/strong> Cuidados de especialistas em um pa\u00eds conhecido por avan\u00e7os na sa\u00fade.<\/li>\n<\/ul>\n<h4><strong><span style=\"color: #ff0000;\">\u2665\u00a0<\/span><\/strong><strong>TAIL\u00c2NDIA:<\/strong> Bangkok e Phuket<\/h4>\n<p>A Tail\u00e2ndia oferece uma mistura perfeita de cuidados m\u00e9dicos e experi\u00eancias de viagem. Descubra:<\/p>\n<ul>\n<li><strong>Hospitais de classe mundial:<\/strong> Servi\u00e7os m\u00e9dicos de alto n\u00edvel para cuidados dent\u00e1rios e programas de bem-estar.<\/li>\n<li><strong>Cl\u00ednicas em destinos belos:<\/strong> Experimente cuidados m\u00e9dicos excepcionais enquanto explora a Tail\u00e2ndia.<\/li>\n<\/ul>\n<h4><strong><span style=\"color: #ff0000;\">\u2665\u00a0<\/span><\/strong><strong>\u00cdNDIA:<\/strong> Deli e Mumbai<\/h4>\n<p>As instala\u00e7\u00f5es m\u00e9dicas da \u00cdndia s\u00e3o avan\u00e7adas e acess\u00edveis. Explore:<\/p>\n<ul>\n<li><strong>Cl\u00ednicas m\u00e9dicas diversificadas:<\/strong> Altos padr\u00f5es em uma variedade de op\u00e7\u00f5es m\u00e9dicas.<\/li>\n<li><strong>Hospitais com especialistas qualificados:<\/strong> Cuidados de especialistas em Deli e Mumbai.<\/li>\n<\/ul>\n<h4><strong><span style=\"color: #ff0000;\">\u2665\u00a0<\/span><\/strong><strong>VIETN\u00c3:<\/strong> Cidade de Ho Chi Minh e Han\u00f3i<\/h4>\n<p>O Vietn\u00e3 est\u00e1 se tornando um destino emergente para o turismo m\u00e9dico. Aqui, voc\u00ea pode se beneficiar de:<\/p>\n<ul>\n<li><strong>Centros m\u00e9dicos eficazes:<\/strong> Cuidados acess\u00edveis e de alta qualidade.<\/li>\n<li><strong>Cl\u00ednicas de tratamento abrangentes:<\/strong> De cuidados dent\u00e1rios a procedimentos ortop\u00e9dicos.<\/li>\n<\/ul>\n<h4>Por Que Escolher Turismo de Sa\u00fade e M\u00e9dico?<\/h4>\n<p>O turismo de sa\u00fade e m\u00e9dico permite que voc\u00ea combine cuidados m\u00e9dicos superiores com oportunidades emocionantes de viagem. No <em>BestMediTrips.com<\/em>, estamos comprometidos em ajud\u00e1-lo a encontrar o destino e tratamento perfeitos que atendam \u00e0s suas necessidades e prefer\u00eancias. Explore nossa plataforma para come\u00e7ar sua jornada em dire\u00e7\u00e3o a cuidados m\u00e9dicos excepcionais e experi\u00eancias inesquec\u00edveis.<\/p>\n","protected":false},"excerpt":{"rendered":"<p>Descubra A Melhor Experi\u00eancia de Turismo M\u00e9dico Bem-vindo ao BestMediTrips.com, seu principal destino para cuidados m\u00e9dicos excepcionais combinados com experi\u00eancias de viagem extraordin\u00e1rias. Nossa plataforma multilingue \u00e9 dedicada a conectar voc\u00ea com os melhores destinos de turismo m\u00e9dico em todo o mundo, oferecendo insights detalhados sobre os melhores tratamentos e servi\u00e7os m\u00e9dicos dispon\u00edveis. Explore Destinos &#8230; <a title=\"Turismo M\u00e9dico e Destinos\" class=\"read-more\" href=\"https:\/\/bestmeditrips.com\/pt-pt\/\" aria-label=\"Leia mais sobre Turismo M\u00e9dico e Destinos\">Ler mais<\/a><\/p>\n","protected":false},"author":1,"featured_media":345,"parent":0,"menu_order":0,"comment_status":"closed","ping_status":"closed","template":"","meta":{"footnotes":""},"class_list":["post-312","page","type-page","status-publish","has-post-thumbnail"],"yoast_head":"<!-- This site is optimized with the Yoast SEO plugin v27.4 - https:\/\/yoast.com\/product\/yoast-seo-wordpress\/ -->\n<title>Especialistas em Turismo M\u00e9dico | Tratamentos e Destinos Premium<\/title>\n<meta name=\"description\" content=\"Explore os melhores servi\u00e7os de turismo de sa\u00fade com as melhores cl\u00ednicas, m\u00e9dicos e dentistas, oferecendo conselhos especializados para as melhores viagens m\u00e9dicas.\" \/>\n<meta name=\"robots\" content=\"index, follow, max-snippet:-1, max-image-preview:large, max-video-preview:-1\" \/>\n<link rel=\"canonical\" href=\"https:\/\/bestmeditrips.com\/pt-pt\/\" \/>\n<meta property=\"og:locale\" content=\"pt_PT\" \/>\n<meta property=\"og:type\" content=\"article\" \/>\n<meta property=\"og:title\" content=\"Especialistas em Turismo M\u00e9dico | Tratamentos e Destinos Premium\" \/>\n<meta property=\"og:description\" content=\"Explore os melhores servi\u00e7os de turismo de sa\u00fade com as melhores cl\u00ednicas, m\u00e9dicos e dentistas, oferecendo conselhos especializados para as melhores viagens m\u00e9dicas.\" \/>\n<meta property=\"og:url\" content=\"https:\/\/bestmeditrips.com\/pt-pt\/\" \/>\n<meta property=\"og:site_name\" content=\"Bestmeditrips.com\" \/>\n<meta property=\"article:publisher\" content=\"https:\/\/www.facebook.com\/profile.php?id=61565479139599\" \/>\n<meta property=\"article:modified_time\" content=\"2024-09-23T09:01:32+00:00\" \/>\n<meta property=\"og:image\" content=\"https:\/\/bestmeditrips.com\/wp-content\/uploads\/2024\/09\/health-tourism.jpg\" \/>\n\t<meta property=\"og:image:width\" content=\"1024\" \/>\n\t<meta property=\"og:image:height\" content=\"683\" \/>\n\t<meta property=\"og:image:type\" content=\"image\/jpeg\" \/>\n<meta name=\"twitter:card\" content=\"summary_large_image\" \/>\n<meta name=\"twitter:label1\" content=\"Tempo estimado de leitura\" \/>\n\t<meta name=\"twitter:data1\" content=\"4 minutos\" \/>\n<script type=\"application\/ld+json\" class=\"yoast-schema-graph\">{\"@context\":\"https:\\\/\\\/schema.org\",\"@graph\":[{\"@type\":\"WebPage\",\"@id\":\"https:\\\/\\\/bestmeditrips.com\\\/pt-pt\\\/\",\"url\":\"https:\\\/\\\/bestmeditrips.com\\\/pt-pt\\\/\",\"name\":\"Especialistas em Turismo M\u00e9dico | Tratamentos e Destinos Premium\",\"isPartOf\":{\"@id\":\"https:\\\/\\\/bestmeditrips.com\\\/pt-pt\\\/#website\"},\"primaryImageOfPage\":{\"@id\":\"https:\\\/\\\/bestmeditrips.com\\\/pt-pt\\\/#primaryimage\"},\"image\":{\"@id\":\"https:\\\/\\\/bestmeditrips.com\\\/pt-pt\\\/#primaryimage\"},\"thumbnailUrl\":\"https:\\\/\\\/bestmeditrips.com\\\/wp-content\\\/uploads\\\/2024\\\/09\\\/health-tourism.jpg\",\"datePublished\":\"2024-09-02T17:44:40+00:00\",\"dateModified\":\"2024-09-23T09:01:32+00:00\",\"description\":\"Explore os melhores servi\u00e7os de turismo de sa\u00fade com as melhores cl\u00ednicas, m\u00e9dicos e dentistas, oferecendo conselhos especializados para as melhores viagens m\u00e9dicas.\",\"breadcrumb\":{\"@id\":\"https:\\\/\\\/bestmeditrips.com\\\/pt-pt\\\/#breadcrumb\"},\"inLanguage\":\"pt-PT\",\"potentialAction\":[{\"@type\":\"ReadAction\",\"target\":[\"https:\\\/\\\/bestmeditrips.com\\\/pt-pt\\\/\"]}]},{\"@type\":\"ImageObject\",\"inLanguage\":\"pt-PT\",\"@id\":\"https:\\\/\\\/bestmeditrips.com\\\/pt-pt\\\/#primaryimage\",\"url\":\"https:\\\/\\\/bestmeditrips.com\\\/wp-content\\\/uploads\\\/2024\\\/09\\\/health-tourism.jpg\",\"contentUrl\":\"https:\\\/\\\/bestmeditrips.com\\\/wp-content\\\/uploads\\\/2024\\\/09\\\/health-tourism.jpg\",\"width\":1024,\"height\":683,\"caption\":\"Medical tourism and best destinations in the world for dental, hair transplant, orthopedic and aesthetic treatments\"},{\"@type\":\"BreadcrumbList\",\"@id\":\"https:\\\/\\\/bestmeditrips.com\\\/pt-pt\\\/#breadcrumb\",\"itemListElement\":[{\"@type\":\"ListItem\",\"position\":1,\"name\":\"Home\",\"item\":\"https:\\\/\\\/bestmeditrips.com\\\/pt-pt\\\/\"},{\"@type\":\"ListItem\",\"position\":2,\"name\":\"Turismo M\u00e9dico e Destinos\"}]},{\"@type\":\"WebSite\",\"@id\":\"https:\\\/\\\/bestmeditrips.com\\\/pt-pt\\\/#website\",\"url\":\"https:\\\/\\\/bestmeditrips.com\\\/pt-pt\\\/\",\"name\":\"Bestmeditrips.com\",\"description\":\"Turismo m\u00e9dico, melhores tratamentos, cl\u00ednicas, m\u00e9dicos e dentistas!\",\"publisher\":{\"@id\":\"https:\\\/\\\/bestmeditrips.com\\\/pt-pt\\\/#organization\"},\"potentialAction\":[{\"@type\":\"SearchAction\",\"target\":{\"@type\":\"EntryPoint\",\"urlTemplate\":\"https:\\\/\\\/bestmeditrips.com\\\/pt-pt\\\/?s={search_term_string}\"},\"query-input\":{\"@type\":\"PropertyValueSpecification\",\"valueRequired\":true,\"valueName\":\"search_term_string\"}}],\"inLanguage\":\"pt-PT\"},{\"@type\":\"Organization\",\"@id\":\"https:\\\/\\\/bestmeditrips.com\\\/pt-pt\\\/#organization\",\"name\":\"Bestmeditrips.com\",\"url\":\"https:\\\/\\\/bestmeditrips.com\\\/pt-pt\\\/\",\"logo\":{\"@type\":\"ImageObject\",\"inLanguage\":\"pt-PT\",\"@id\":\"https:\\\/\\\/bestmeditrips.com\\\/pt-pt\\\/#\\\/schema\\\/logo\\\/image\\\/\",\"url\":\"https:\\\/\\\/bestmeditrips.com\\\/wp-content\\\/uploads\\\/2024\\\/09\\\/logo-2.png\",\"contentUrl\":\"https:\\\/\\\/bestmeditrips.com\\\/wp-content\\\/uploads\\\/2024\\\/09\\\/logo-2.png\",\"width\":500,\"height\":98,\"caption\":\"Bestmeditrips.com\"},\"image\":{\"@id\":\"https:\\\/\\\/bestmeditrips.com\\\/pt-pt\\\/#\\\/schema\\\/logo\\\/image\\\/\"},\"sameAs\":[\"https:\\\/\\\/www.facebook.com\\\/profile.php?id=61565479139599\"]}]}<\/script>\n<!-- \/ Yoast SEO plugin. -->","yoast_head_json":{"title":"Especialistas em Turismo M\u00e9dico | Tratamentos e Destinos Premium","description":"Explore os melhores servi\u00e7os de turismo de sa\u00fade com as melhores cl\u00ednicas, m\u00e9dicos e dentistas, oferecendo conselhos especializados para as melhores viagens m\u00e9dicas.","robots":{"index":"index","follow":"follow","max-snippet":"max-snippet:-1","max-image-preview":"max-image-preview:large","max-video-preview":"max-video-preview:-1"},"canonical":"https:\/\/bestmeditrips.com\/pt-pt\/","og_locale":"pt_PT","og_type":"article","og_title":"Especialistas em Turismo M\u00e9dico | Tratamentos e Destinos Premium","og_description":"Explore os melhores servi\u00e7os de turismo de sa\u00fade com as melhores cl\u00ednicas, m\u00e9dicos e dentistas, oferecendo conselhos especializados para as melhores viagens m\u00e9dicas.","og_url":"https:\/\/bestmeditrips.com\/pt-pt\/","og_site_name":"Bestmeditrips.com","article_publisher":"https:\/\/www.facebook.com\/profile.php?id=61565479139599","article_modified_time":"2024-09-23T09:01:32+00:00","og_image":[{"width":1024,"height":683,"url":"https:\/\/bestmeditrips.com\/wp-content\/uploads\/2024\/09\/health-tourism.jpg","type":"image\/jpeg"}],"twitter_card":"summary_large_image","twitter_misc":{"Tempo estimado de leitura":"4 minutos"},"schema":{"@context":"https:\/\/schema.org","@graph":[{"@type":"WebPage","@id":"https:\/\/bestmeditrips.com\/pt-pt\/","url":"https:\/\/bestmeditrips.com\/pt-pt\/","name":"Especialistas em Turismo M\u00e9dico | Tratamentos e Destinos Premium","isPartOf":{"@id":"https:\/\/bestmeditrips.com\/pt-pt\/#website"},"primaryImageOfPage":{"@id":"https:\/\/bestmeditrips.com\/pt-pt\/#primaryimage"},"image":{"@id":"https:\/\/bestmeditrips.com\/pt-pt\/#primaryimage"},"thumbnailUrl":"https:\/\/bestmeditrips.com\/wp-content\/uploads\/2024\/09\/health-tourism.jpg","datePublished":"2024-09-02T17:44:40+00:00","dateModified":"2024-09-23T09:01:32+00:00","description":"Explore os melhores servi\u00e7os de turismo de sa\u00fade com as melhores cl\u00ednicas, m\u00e9dicos e dentistas, oferecendo conselhos especializados para as melhores viagens m\u00e9dicas.","breadcrumb":{"@id":"https:\/\/bestmeditrips.com\/pt-pt\/#breadcrumb"},"inLanguage":"pt-PT","potentialAction":[{"@type":"ReadAction","target":["https:\/\/bestmeditrips.com\/pt-pt\/"]}]},{"@type":"ImageObject","inLanguage":"pt-PT","@id":"https:\/\/bestmeditrips.com\/pt-pt\/#primaryimage","url":"https:\/\/bestmeditrips.com\/wp-content\/uploads\/2024\/09\/health-tourism.jpg","contentUrl":"https:\/\/bestmeditrips.com\/wp-content\/uploads\/2024\/09\/health-tourism.jpg","width":1024,"height":683,"caption":"Medical tourism and best destinations in the world for dental, hair transplant, orthopedic and aesthetic treatments"},{"@type":"BreadcrumbList","@id":"https:\/\/bestmeditrips.com\/pt-pt\/#breadcrumb","itemListElement":[{"@type":"ListItem","position":1,"name":"Home","item":"https:\/\/bestmeditrips.com\/pt-pt\/"},{"@type":"ListItem","position":2,"name":"Turismo M\u00e9dico e Destinos"}]},{"@type":"WebSite","@id":"https:\/\/bestmeditrips.com\/pt-pt\/#website","url":"https:\/\/bestmeditrips.com\/pt-pt\/","name":"Bestmeditrips.com","description":"Turismo m\u00e9dico, melhores tratamentos, cl\u00ednicas, m\u00e9dicos e dentistas!","publisher":{"@id":"https:\/\/bestmeditrips.com\/pt-pt\/#organization"},"potentialAction":[{"@type":"SearchAction","target":{"@type":"EntryPoint","urlTemplate":"https:\/\/bestmeditrips.com\/pt-pt\/?s={search_term_string}"},"query-input":{"@type":"PropertyValueSpecification","valueRequired":true,"valueName":"search_term_string"}}],"inLanguage":"pt-PT"},{"@type":"Organization","@id":"https:\/\/bestmeditrips.com\/pt-pt\/#organization","name":"Bestmeditrips.com","url":"https:\/\/bestmeditrips.com\/pt-pt\/","logo":{"@type":"ImageObject","inLanguage":"pt-PT","@id":"https:\/\/bestmeditrips.com\/pt-pt\/#\/schema\/logo\/image\/","url":"https:\/\/bestmeditrips.com\/wp-content\/uploads\/2024\/09\/logo-2.png","contentUrl":"https:\/\/bestmeditrips.com\/wp-content\/uploads\/2024\/09\/logo-2.png","width":500,"height":98,"caption":"Bestmeditrips.com"},"image":{"@id":"https:\/\/bestmeditrips.com\/pt-pt\/#\/schema\/logo\/image\/"},"sameAs":["https:\/\/www.facebook.com\/profile.php?id=61565479139599"]}]}},"_links":{"self":[{"href":"https:\/\/bestmeditrips.com\/pt-pt\/wp-json\/wp\/v2\/pages\/312","targetHints":{"allow":["GET"]}}],"collection":[{"href":"https:\/\/bestmeditrips.com\/pt-pt\/wp-json\/wp\/v2\/pages"}],"about":[{"href":"https:\/\/bestmeditrips.com\/pt-pt\/wp-json\/wp\/v2\/types\/page"}],"author":[{"embeddable":true,"href":"https:\/\/bestmeditrips.com\/pt-pt\/wp-json\/wp\/v2\/users\/1"}],"replies":[{"embeddable":true,"href":"https:\/\/bestmeditrips.com\/pt-pt\/wp-json\/wp\/v2\/comments?post=312"}],"version-history":[{"count":4,"href":"https:\/\/bestmeditrips.com\/pt-pt\/wp-json\/wp\/v2\/pages\/312\/revisions"}],"predecessor-version":[{"id":826,"href":"https:\/\/bestmeditrips.com\/pt-pt\/wp-json\/wp\/v2\/pages\/312\/revisions\/826"}],"wp:featuredmedia":[{"embeddable":true,"href":"https:\/\/bestmeditrips.com\/pt-pt\/wp-json\/wp\/v2\/media\/345"}],"wp:attachment":[{"href":"https:\/\/bestmeditrips.com\/pt-pt\/wp-json\/wp\/v2\/media?parent=312"}],"curies":[{"name":"wp","href":"https:\/\/api.w.org\/{rel}","templated":true}]}}