{"id":1117,"date":"2024-09-23T21:41:39","date_gmt":"2024-09-23T18:41:39","guid":{"rendered":"https:\/\/bestmeditrips.com\/turquia\/"},"modified":"2024-09-23T21:41:39","modified_gmt":"2024-09-23T18:41:39","slug":"turquia","status":"publish","type":"page","link":"https:\/\/bestmeditrips.com\/pt-pt\/turquia\/","title":{"rendered":"Turquia"},"content":{"rendered":"<h2>Descubra Cuidados de Sa\u00fade Premium na Turquia<\/h2>\n<p>A Turquia se tornou um destino l\u00edder para o turismo de sa\u00fade, oferecendo tratamentos m\u00e9dicos de classe mundial a pre\u00e7os acess\u00edveis. Seja voc\u00ea estiver considerando <strong>implantes dent\u00e1rios<\/strong>, <strong>cirurgia est\u00e9tica<\/strong>, <strong>dist\u00farbios ortop\u00e9dicos<\/strong>, <strong>tratamentos oculares<\/strong>, <strong>transplante capilar<\/strong>, <strong>tratamentos contra o c\u00e2ncer<\/strong> ou outros tratamentos especializados, a Turquia oferece acesso a profissionais altamente qualificados e cl\u00ednicas de \u00faltima gera\u00e7\u00e3o.<\/p>\n<figure style=\"width: 1014px\" class=\"wp-caption aligncenter\"><img loading=\"lazy\" decoding=\"async\" src=\"https:\/\/bestmeditrips.com\/wp-content\/uploads\/2024\/09\/turkey-hospital.jpg\" alt=\"One of the new and modern hospitals in Istanbul. \" width=\"1024\" height=\"616\" \/><figcaption class=\"wp-caption-text\"><em>Um moderno hospital privado do lado europeu de Istambul<\/em><\/figcaption><\/figure>\n<h3>Por que escolher a Turquia para sua viagem m\u00e9dica?<\/h3>\n<p>Escolher a Turquia para seus tratamentos de sa\u00fade oferece v\u00e1rias vantagens:<\/p>\n<ul>\n<li><strong>M\u00e9dicos altamente qualificados<\/strong>: A Turquia \u00e9 o lar de alguns dos cirurgi\u00f5es e especialistas mais experientes do mundo, muitos dos quais foram treinados internacionalmente.<\/li>\n<li><strong>Tratamentos acess\u00edveis<\/strong>: Os procedimentos m\u00e9dicos na Turquia podem custar at\u00e9 70% menos do que nos EUA ou na Europa, sem comprometer a qualidade.<\/li>\n<li><strong>Cl\u00ednicas de \u00faltima gera\u00e7\u00e3o<\/strong>: As cl\u00ednicas turcas est\u00e3o equipadas com tecnologia moderna, oferecendo um alto padr\u00e3o de atendimento e tratamento.<\/li>\n<li><strong>Viagem conveniente<\/strong>: As principais cidades da Turquia, como <strong>Istambul<\/strong>, <strong>Ant\u00e1lia<\/strong> e <strong>Esmirna<\/strong>, s\u00e3o facilmente acess\u00edveis de todas as partes do mundo, tornando a Turquia um destino conveniente para pacientes internacionais.<\/li>\n<\/ul>\n<figure style=\"width: 1014px\" class=\"wp-caption aligncenter\"><img loading=\"lazy\" decoding=\"async\" src=\"https:\/\/bestmeditrips.com\/wp-content\/uploads\/2024\/09\/health-tourism-istanbul-1.jpg\" alt=\"Why to prefer Turkey, Istanbul, Antalya, Izmir for dental and other medical treatments?\" width=\"1024\" height=\"455\" \/><figcaption class=\"wp-caption-text\"><em>Uma das cl\u00ednicas dent\u00e1rias em Istambul<\/em><\/figcaption><\/figure>\n<h3>Tratamentos populares na Turquia<\/h3>\n<ul>\n<li><em>Implantes dent\u00e1rios<\/em>: A Turquia \u00e9 conhecida por seus servi\u00e7os de <strong>implantes dent\u00e1rios<\/strong> de alta qualidade e pre\u00e7os acess\u00edveis, incluindo os tratamentos <em>all-on-4<\/em> e <em>all-on-6<\/em>.<\/li>\n<li><em>Rinoplastia<\/em> e <em>aumento de seios<\/em>: A Turquia oferece uma ampla gama de procedimentos de <strong>cirurgia est\u00e9tica<\/strong>, realizados por profissionais certificados.<\/li>\n<li><em>Restaura\u00e7\u00e3o capilar<\/em>: Com cl\u00ednicas que oferecem t\u00e9cnicas avan\u00e7adas, a Turquia se tornou um destino principal para tratamentos de <strong>transplante capilar<\/strong>.<\/li>\n<li><strong>Dist\u00farbios ortop\u00e9dicos<\/strong>: A Turquia oferece excelente atendimento ortop\u00e9dico, especializado em <em>substitui\u00e7\u00e3o de articula\u00e7\u00f5es<\/em>, <em>les\u00f5es de menisco<\/em> e cirurgias minimamente invasivas.<\/li>\n<li><strong>Tratamentos oculares<\/strong>: A Turquia tamb\u00e9m \u00e9 um destino l\u00edder para cuidados oftalmol\u00f3gicos, oferecendo procedimentos como <em>LASIK<\/em>, <em>cirurgia de catarata<\/em> e <em>transplante de c\u00f3rnea<\/em>. Com tecnologia de ponta e oftalmologistas experientes, os pacientes podem esperar um atendimento de alta qualidade a pre\u00e7os competitivos.<\/li>\n<li><strong>Tratamentos contra o c\u00e2ncer<\/strong>: A Turquia est\u00e1 se tornando cada vez mais um centro de tratamentos avan\u00e7ados contra o c\u00e2ncer, oferecendo cuidados abrangentes para pacientes com diversos tipos de c\u00e2ncer. Desde quimioterapia e radioterapia de ponta at\u00e9 imunoterapia inovadora e oncologia de precis\u00e3o, as cl\u00ednicas turcas oferecem acesso aos melhores oncologistas e \u00e0s mais recentes tecnologias m\u00e9dicas. Os pacientes podem esperar planos de tratamento personalizados a custos significativamente mais baixos do que nos pa\u00edses ocidentais, sem comprometer a qualidade.<\/li>\n<\/ul>\n<h3>Principais cidades para turismo de sa\u00fade na Turquia<\/h3>\n<ul>\n<li><strong>Istambul<\/strong>: Conhecida por suas cl\u00ednicas de <strong>implantes dent\u00e1rios<\/strong> e <strong>cirurgia est\u00e9tica<\/strong> de alta qualidade, <strong>Istambul<\/strong> atrai milhares de pacientes internacionais a cada ano.<\/li>\n<li><strong>Ant\u00e1lia<\/strong>: Uma cidade costeira que oferece n\u00e3o apenas cuidados m\u00e9dicos de alta qualidade, mas tamb\u00e9m um ambiente relaxante para a recupera\u00e7\u00e3o, especialmente ap\u00f3s tratamentos est\u00e9ticos.<\/li>\n<li><strong>Esmirna<\/strong>: Uma cidade chave para cuidados dent\u00e1rios e tratamento de <strong>dist\u00farbios ortop\u00e9dicos<\/strong>, <strong>Esmirna<\/strong> est\u00e1 se tornando um centro em crescimento para o turismo de sa\u00fade.<\/li>\n<\/ul>\n<h3>Obtenha o melhor tratamento aos melhores pre\u00e7os<\/h3>\n<p>Ao escolher a Turquia, voc\u00ea n\u00e3o s\u00f3 opta por um atendimento m\u00e9dico de alta qualidade, como tamb\u00e9m economiza significativamente nos custos m\u00e9dicos. Muitas cl\u00ednicas oferecem pacotes all-inclusive que cobrem o tratamento, a hospedagem e o transporte, garantindo uma experi\u00eancia tranquila para os pacientes internacionais.<\/p>\n<h3>Comece a planejar sua viagem m\u00e9dica para a Turquia<\/h3>\n<p>Pronto para explorar as op\u00e7\u00f5es de cuidados de sa\u00fade na Turquia? Entre em contato com nossa equipe para receber conselhos personalizados e recomenda\u00e7\u00f5es sobre as melhores cl\u00ednicas e tratamentos. Deixe-nos ajud\u00e1-lo a tomar decis\u00f5es informadas e garantir servi\u00e7os de sa\u00fade de primeira linha a pre\u00e7os acess\u00edveis.<\/p>\n<p><span style=\"text-decoration: underline;\"><strong>FALE CONOSCO<\/strong><\/span><\/p>\n<style id=\"wpforms-css-vars-673\">\n\t\t\t\t#wpforms-673 {\n\t\t\t\t\n\t\t\t}\n\t\t\t<\/style><div class=\"wpforms-container wpforms-container-full wpforms-render-modern\" id=\"wpforms-673\"><form id=\"wpforms-form-673\" class=\"wpforms-validate wpforms-form wpforms-ajax-form\" data-formid=\"673\" method=\"post\" enctype=\"multipart\/form-data\" action=\"\/pt-pt\/wp-json\/wp\/v2\/pages\/1117\" data-token=\"3afdf7b15cb95e56096648baafd6df2b\" data-token-time=\"1776394099\"><noscript class=\"wpforms-error-noscript\">Please enable JavaScript in your browser to complete this form.<\/noscript><div id=\"wpforms-error-noscript\" style=\"display: none;\">Please enable JavaScript in your browser to complete this form.<\/div><div class=\"wpforms-field-container\">\t\t<div id=\"wpforms-673-field_4-container\"\n\t\t\tclass=\"wpforms-field wpforms-field-text\"\n\t\t\tdata-field-type=\"text\"\n\t\t\tdata-field-id=\"4\"\n\t\t\t>\n\t\t\t<label class=\"wpforms-field-label\" for=\"wpforms-673-field_4\" >Sua e mensagem<\/label>\n\t\t\t<input type=\"text\" id=\"wpforms-673-field_4\" class=\"wpforms-field-medium\" name=\"wpforms[fields][4]\" >\n\t\t<\/div>\n\t\t<div id=\"wpforms-673-field_1-container\" class=\"wpforms-field wpforms-field-name\" data-field-id=\"1\"><fieldset><legend class=\"wpforms-field-label\">Nome e sobrenome <span class=\"wpforms-required-label\" aria-hidden=\"true\">*<\/span><\/legend><div class=\"wpforms-field-row wpforms-field-medium\"><div class=\"wpforms-field-row-block wpforms-first wpforms-one-half\"><input type=\"text\" id=\"wpforms-673-field_1\" class=\"wpforms-field-name-first wpforms-field-required\" name=\"wpforms[fields][1][first]\" aria-errormessage=\"wpforms-673-field_1-error\" required><label for=\"wpforms-673-field_1\" class=\"wpforms-field-sublabel after\">First<\/label><\/div><div class=\"wpforms-field-row-block wpforms-one-half\"><input type=\"text\" id=\"wpforms-673-field_1-last\" class=\"wpforms-field-name-last wpforms-field-required\" name=\"wpforms[fields][1][last]\" aria-errormessage=\"wpforms-673-field_1-last-error\" required><label for=\"wpforms-673-field_1-last\" class=\"wpforms-field-sublabel after\">Last<\/label><\/div><\/div><\/fieldset><\/div><div id=\"wpforms-673-field_2-container\" class=\"wpforms-field wpforms-field-email\" data-field-id=\"2\"><label class=\"wpforms-field-label\" for=\"wpforms-673-field_2\">E-mail e telem\u00f3vel <span class=\"wpforms-required-label\" aria-hidden=\"true\">*<\/span><\/label><input type=\"email\" id=\"wpforms-673-field_2\" class=\"wpforms-field-medium wpforms-field-required\" name=\"wpforms[fields][2]\" spellcheck=\"false\" aria-errormessage=\"wpforms-673-field_2-error\" required><\/div><div id=\"wpforms-673-field_3-container\" class=\"wpforms-field wpforms-field-textarea\" data-field-id=\"3\"><label class=\"wpforms-field-label\" for=\"wpforms-673-field_3\">Sua mensagem<\/label><textarea id=\"wpforms-673-field_3\" class=\"wpforms-field-medium\" name=\"wpforms[fields][3]\" aria-errormessage=\"wpforms-673-field_3-error\" ><\/textarea><\/div><script>\n\t\t\t\t( function() {\n\t\t\t\t\tconst style = document.createElement( 'style' );\n\t\t\t\t\tstyle.appendChild( document.createTextNode( '#wpforms-673-field_4-container { position: absolute !important; overflow: hidden !important; display: inline !important; height: 1px !important; width: 1px !important; z-index: -1000 !important; padding: 0 !important; } #wpforms-673-field_4-container input { visibility: hidden; } #wpforms-conversational-form-page #wpforms-673-field_4-container label { counter-increment: none; }' ) );\n\t\t\t\t\tdocument.head.appendChild( style );\n\t\t\t\t\tdocument.currentScript?.remove();\n\t\t\t\t} )();\n\t\t\t<\/script><\/div><!-- .wpforms-field-container --><div class=\"wpforms-submit-container\" ><input type=\"hidden\" name=\"wpforms[id]\" value=\"673\"><input type=\"hidden\" name=\"page_title\" value=\"\"><input type=\"hidden\" name=\"page_url\" value=\"https:\/\/bestmeditrips.com\/pt-pt\/wp-json\/wp\/v2\/pages\/1117\"><input type=\"hidden\" name=\"url_referer\" value=\"\"><button type=\"submit\" name=\"wpforms[submit]\" id=\"wpforms-submit-673\" class=\"wpforms-submit\" data-alt-text=\"Sending...\" data-submit-text=\"Enviar\" aria-live=\"assertive\" value=\"wpforms-submit\">Enviar<\/button><img loading=\"lazy\" decoding=\"async\" src=\"https:\/\/bestmeditrips.com\/wp-content\/plugins\/wpforms-lite\/assets\/images\/submit-spin.svg\" class=\"wpforms-submit-spinner\" style=\"display: none;\" width=\"26\" height=\"26\" alt=\"Loading\"><\/div><\/form><\/div>  <!-- .wpforms-container -->\n","protected":false},"excerpt":{"rendered":"<p>Descubra Cuidados de Sa\u00fade Premium na Turquia A Turquia se tornou um destino l\u00edder para o turismo de sa\u00fade, oferecendo tratamentos m\u00e9dicos de classe mundial a pre\u00e7os acess\u00edveis. Seja voc\u00ea estiver considerando implantes dent\u00e1rios, cirurgia est\u00e9tica, dist\u00farbios ortop\u00e9dicos, tratamentos oculares, transplante capilar, tratamentos contra o c\u00e2ncer ou outros tratamentos especializados, a Turquia oferece acesso a &#8230; <a title=\"Turquia\" class=\"read-more\" href=\"https:\/\/bestmeditrips.com\/pt-pt\/turquia\/\" aria-label=\"Leia mais sobre Turquia\">Ler mais<\/a><\/p>\n","protected":false},"author":1,"featured_media":920,"parent":0,"menu_order":0,"comment_status":"closed","ping_status":"closed","template":"","meta":{"footnotes":""},"class_list":["post-1117","page","type-page","status-publish","has-post-thumbnail"],"yoast_head":"<!-- This site is optimized with the Yoast SEO plugin v27.4 - https:\/\/yoast.com\/product\/yoast-seo-wordpress\/ -->\n<title>Turismo M\u00e9dico na Turquia: Tratamentos Acess\u00edveis, Cl\u00ednicas Premium<\/title>\n<meta name=\"description\" content=\"Descubra servi\u00e7os de sa\u00fade de classe mundial na Turquia. Pre\u00e7os acess\u00edveis e cuidados especializados dos melhores m\u00e9dicos em Istambul, Ant\u00e1lia, Esmirna...\" \/>\n<meta name=\"robots\" content=\"index, follow, max-snippet:-1, max-image-preview:large, max-video-preview:-1\" \/>\n<link rel=\"canonical\" href=\"https:\/\/bestmeditrips.com\/pt-pt\/turquia\/\" \/>\n<meta property=\"og:locale\" content=\"pt_PT\" \/>\n<meta property=\"og:type\" content=\"article\" \/>\n<meta property=\"og:title\" content=\"Turismo M\u00e9dico na Turquia: Tratamentos Acess\u00edveis, Cl\u00ednicas Premium\" \/>\n<meta property=\"og:description\" content=\"Descubra servi\u00e7os de sa\u00fade de classe mundial na Turquia. Pre\u00e7os acess\u00edveis e cuidados especializados dos melhores m\u00e9dicos em Istambul, Ant\u00e1lia, Esmirna...\" \/>\n<meta property=\"og:url\" content=\"https:\/\/bestmeditrips.com\/pt-pt\/turquia\/\" \/>\n<meta property=\"og:site_name\" content=\"Bestmeditrips.com\" \/>\n<meta property=\"article:publisher\" content=\"https:\/\/www.facebook.com\/profile.php?id=61565479139599\" \/>\n<meta property=\"og:image\" content=\"https:\/\/bestmeditrips.com\/wp-content\/uploads\/2024\/09\/turkey-e1727124656345.jpg\" \/>\n\t<meta property=\"og:image:width\" content=\"1350\" \/>\n\t<meta property=\"og:image:height\" content=\"360\" \/>\n\t<meta property=\"og:image:type\" content=\"image\/jpeg\" \/>\n<meta name=\"twitter:card\" content=\"summary_large_image\" \/>\n<meta name=\"twitter:label1\" content=\"Tempo estimado de leitura\" \/>\n\t<meta name=\"twitter:data1\" content=\"3 minutos\" \/>\n<script type=\"application\/ld+json\" class=\"yoast-schema-graph\">{\"@context\":\"https:\\\/\\\/schema.org\",\"@graph\":[{\"@type\":\"WebPage\",\"@id\":\"https:\\\/\\\/bestmeditrips.com\\\/pt-pt\\\/turquia\\\/\",\"url\":\"https:\\\/\\\/bestmeditrips.com\\\/pt-pt\\\/turquia\\\/\",\"name\":\"Turismo M\u00e9dico na Turquia: Tratamentos Acess\u00edveis, Cl\u00ednicas Premium\",\"isPartOf\":{\"@id\":\"https:\\\/\\\/bestmeditrips.com\\\/pt-pt\\\/#website\"},\"primaryImageOfPage\":{\"@id\":\"https:\\\/\\\/bestmeditrips.com\\\/pt-pt\\\/turquia\\\/#primaryimage\"},\"image\":{\"@id\":\"https:\\\/\\\/bestmeditrips.com\\\/pt-pt\\\/turquia\\\/#primaryimage\"},\"thumbnailUrl\":\"https:\\\/\\\/bestmeditrips.com\\\/wp-content\\\/uploads\\\/2024\\\/09\\\/turkey-e1727124656345.jpg\",\"datePublished\":\"2024-09-23T18:41:39+00:00\",\"description\":\"Descubra servi\u00e7os de sa\u00fade de classe mundial na Turquia. Pre\u00e7os acess\u00edveis e cuidados especializados dos melhores m\u00e9dicos em Istambul, Ant\u00e1lia, Esmirna...\",\"breadcrumb\":{\"@id\":\"https:\\\/\\\/bestmeditrips.com\\\/pt-pt\\\/turquia\\\/#breadcrumb\"},\"inLanguage\":\"pt-PT\",\"potentialAction\":[{\"@type\":\"ReadAction\",\"target\":[\"https:\\\/\\\/bestmeditrips.com\\\/pt-pt\\\/turquia\\\/\"]}]},{\"@type\":\"ImageObject\",\"inLanguage\":\"pt-PT\",\"@id\":\"https:\\\/\\\/bestmeditrips.com\\\/pt-pt\\\/turquia\\\/#primaryimage\",\"url\":\"https:\\\/\\\/bestmeditrips.com\\\/wp-content\\\/uploads\\\/2024\\\/09\\\/turkey-e1727124656345.jpg\",\"contentUrl\":\"https:\\\/\\\/bestmeditrips.com\\\/wp-content\\\/uploads\\\/2024\\\/09\\\/turkey-e1727124656345.jpg\",\"width\":1350,\"height\":360,\"caption\":\"Turquia; sa\u00fade premium, a capital do turismo m\u00e9dico\\\/sa\u00fade.\"},{\"@type\":\"BreadcrumbList\",\"@id\":\"https:\\\/\\\/bestmeditrips.com\\\/pt-pt\\\/turquia\\\/#breadcrumb\",\"itemListElement\":[{\"@type\":\"ListItem\",\"position\":1,\"name\":\"Home\",\"item\":\"https:\\\/\\\/bestmeditrips.com\\\/pt-pt\\\/\"},{\"@type\":\"ListItem\",\"position\":2,\"name\":\"Turquia\"}]},{\"@type\":\"WebSite\",\"@id\":\"https:\\\/\\\/bestmeditrips.com\\\/pt-pt\\\/#website\",\"url\":\"https:\\\/\\\/bestmeditrips.com\\\/pt-pt\\\/\",\"name\":\"Bestmeditrips.com\",\"description\":\"Turismo m\u00e9dico, melhores tratamentos, cl\u00ednicas, m\u00e9dicos e dentistas!\",\"publisher\":{\"@id\":\"https:\\\/\\\/bestmeditrips.com\\\/pt-pt\\\/#organization\"},\"potentialAction\":[{\"@type\":\"SearchAction\",\"target\":{\"@type\":\"EntryPoint\",\"urlTemplate\":\"https:\\\/\\\/bestmeditrips.com\\\/pt-pt\\\/?s={search_term_string}\"},\"query-input\":{\"@type\":\"PropertyValueSpecification\",\"valueRequired\":true,\"valueName\":\"search_term_string\"}}],\"inLanguage\":\"pt-PT\"},{\"@type\":\"Organization\",\"@id\":\"https:\\\/\\\/bestmeditrips.com\\\/pt-pt\\\/#organization\",\"name\":\"Bestmeditrips.com\",\"url\":\"https:\\\/\\\/bestmeditrips.com\\\/pt-pt\\\/\",\"logo\":{\"@type\":\"ImageObject\",\"inLanguage\":\"pt-PT\",\"@id\":\"https:\\\/\\\/bestmeditrips.com\\\/pt-pt\\\/#\\\/schema\\\/logo\\\/image\\\/\",\"url\":\"https:\\\/\\\/bestmeditrips.com\\\/wp-content\\\/uploads\\\/2024\\\/09\\\/logo-2.png\",\"contentUrl\":\"https:\\\/\\\/bestmeditrips.com\\\/wp-content\\\/uploads\\\/2024\\\/09\\\/logo-2.png\",\"width\":500,\"height\":98,\"caption\":\"Bestmeditrips.com\"},\"image\":{\"@id\":\"https:\\\/\\\/bestmeditrips.com\\\/pt-pt\\\/#\\\/schema\\\/logo\\\/image\\\/\"},\"sameAs\":[\"https:\\\/\\\/www.facebook.com\\\/profile.php?id=61565479139599\"]}]}<\/script>\n<!-- \/ Yoast SEO plugin. -->","yoast_head_json":{"title":"Turismo M\u00e9dico na Turquia: Tratamentos Acess\u00edveis, Cl\u00ednicas Premium","description":"Descubra servi\u00e7os de sa\u00fade de classe mundial na Turquia. Pre\u00e7os acess\u00edveis e cuidados especializados dos melhores m\u00e9dicos em Istambul, Ant\u00e1lia, Esmirna...","robots":{"index":"index","follow":"follow","max-snippet":"max-snippet:-1","max-image-preview":"max-image-preview:large","max-video-preview":"max-video-preview:-1"},"canonical":"https:\/\/bestmeditrips.com\/pt-pt\/turquia\/","og_locale":"pt_PT","og_type":"article","og_title":"Turismo M\u00e9dico na Turquia: Tratamentos Acess\u00edveis, Cl\u00ednicas Premium","og_description":"Descubra servi\u00e7os de sa\u00fade de classe mundial na Turquia. Pre\u00e7os acess\u00edveis e cuidados especializados dos melhores m\u00e9dicos em Istambul, Ant\u00e1lia, Esmirna...","og_url":"https:\/\/bestmeditrips.com\/pt-pt\/turquia\/","og_site_name":"Bestmeditrips.com","article_publisher":"https:\/\/www.facebook.com\/profile.php?id=61565479139599","og_image":[{"width":1350,"height":360,"url":"https:\/\/bestmeditrips.com\/wp-content\/uploads\/2024\/09\/turkey-e1727124656345.jpg","type":"image\/jpeg"}],"twitter_card":"summary_large_image","twitter_misc":{"Tempo estimado de leitura":"3 minutos"},"schema":{"@context":"https:\/\/schema.org","@graph":[{"@type":"WebPage","@id":"https:\/\/bestmeditrips.com\/pt-pt\/turquia\/","url":"https:\/\/bestmeditrips.com\/pt-pt\/turquia\/","name":"Turismo M\u00e9dico na Turquia: Tratamentos Acess\u00edveis, Cl\u00ednicas Premium","isPartOf":{"@id":"https:\/\/bestmeditrips.com\/pt-pt\/#website"},"primaryImageOfPage":{"@id":"https:\/\/bestmeditrips.com\/pt-pt\/turquia\/#primaryimage"},"image":{"@id":"https:\/\/bestmeditrips.com\/pt-pt\/turquia\/#primaryimage"},"thumbnailUrl":"https:\/\/bestmeditrips.com\/wp-content\/uploads\/2024\/09\/turkey-e1727124656345.jpg","datePublished":"2024-09-23T18:41:39+00:00","description":"Descubra servi\u00e7os de sa\u00fade de classe mundial na Turquia. Pre\u00e7os acess\u00edveis e cuidados especializados dos melhores m\u00e9dicos em Istambul, Ant\u00e1lia, Esmirna...","breadcrumb":{"@id":"https:\/\/bestmeditrips.com\/pt-pt\/turquia\/#breadcrumb"},"inLanguage":"pt-PT","potentialAction":[{"@type":"ReadAction","target":["https:\/\/bestmeditrips.com\/pt-pt\/turquia\/"]}]},{"@type":"ImageObject","inLanguage":"pt-PT","@id":"https:\/\/bestmeditrips.com\/pt-pt\/turquia\/#primaryimage","url":"https:\/\/bestmeditrips.com\/wp-content\/uploads\/2024\/09\/turkey-e1727124656345.jpg","contentUrl":"https:\/\/bestmeditrips.com\/wp-content\/uploads\/2024\/09\/turkey-e1727124656345.jpg","width":1350,"height":360,"caption":"Turquia; sa\u00fade premium, a capital do turismo m\u00e9dico\/sa\u00fade."},{"@type":"BreadcrumbList","@id":"https:\/\/bestmeditrips.com\/pt-pt\/turquia\/#breadcrumb","itemListElement":[{"@type":"ListItem","position":1,"name":"Home","item":"https:\/\/bestmeditrips.com\/pt-pt\/"},{"@type":"ListItem","position":2,"name":"Turquia"}]},{"@type":"WebSite","@id":"https:\/\/bestmeditrips.com\/pt-pt\/#website","url":"https:\/\/bestmeditrips.com\/pt-pt\/","name":"Bestmeditrips.com","description":"Turismo m\u00e9dico, melhores tratamentos, cl\u00ednicas, m\u00e9dicos e dentistas!","publisher":{"@id":"https:\/\/bestmeditrips.com\/pt-pt\/#organization"},"potentialAction":[{"@type":"SearchAction","target":{"@type":"EntryPoint","urlTemplate":"https:\/\/bestmeditrips.com\/pt-pt\/?s={search_term_string}"},"query-input":{"@type":"PropertyValueSpecification","valueRequired":true,"valueName":"search_term_string"}}],"inLanguage":"pt-PT"},{"@type":"Organization","@id":"https:\/\/bestmeditrips.com\/pt-pt\/#organization","name":"Bestmeditrips.com","url":"https:\/\/bestmeditrips.com\/pt-pt\/","logo":{"@type":"ImageObject","inLanguage":"pt-PT","@id":"https:\/\/bestmeditrips.com\/pt-pt\/#\/schema\/logo\/image\/","url":"https:\/\/bestmeditrips.com\/wp-content\/uploads\/2024\/09\/logo-2.png","contentUrl":"https:\/\/bestmeditrips.com\/wp-content\/uploads\/2024\/09\/logo-2.png","width":500,"height":98,"caption":"Bestmeditrips.com"},"image":{"@id":"https:\/\/bestmeditrips.com\/pt-pt\/#\/schema\/logo\/image\/"},"sameAs":["https:\/\/www.facebook.com\/profile.php?id=61565479139599"]}]}},"_links":{"self":[{"href":"https:\/\/bestmeditrips.com\/pt-pt\/wp-json\/wp\/v2\/pages\/1117","targetHints":{"allow":["GET"]}}],"collection":[{"href":"https:\/\/bestmeditrips.com\/pt-pt\/wp-json\/wp\/v2\/pages"}],"about":[{"href":"https:\/\/bestmeditrips.com\/pt-pt\/wp-json\/wp\/v2\/types\/page"}],"author":[{"embeddable":true,"href":"https:\/\/bestmeditrips.com\/pt-pt\/wp-json\/wp\/v2\/users\/1"}],"replies":[{"embeddable":true,"href":"https:\/\/bestmeditrips.com\/pt-pt\/wp-json\/wp\/v2\/comments?post=1117"}],"version-history":[{"count":0,"href":"https:\/\/bestmeditrips.com\/pt-pt\/wp-json\/wp\/v2\/pages\/1117\/revisions"}],"wp:featuredmedia":[{"embeddable":true,"href":"https:\/\/bestmeditrips.com\/pt-pt\/wp-json\/wp\/v2\/media\/920"}],"wp:attachment":[{"href":"https:\/\/bestmeditrips.com\/pt-pt\/wp-json\/wp\/v2\/media?parent=1117"}],"curies":[{"name":"wp","href":"https:\/\/api.w.org\/{rel}","templated":true}]}}