{"id":610,"date":"2024-09-02T20:02:05","date_gmt":"2024-09-02T17:02:05","guid":{"rendered":"https:\/\/bestmeditrips.com\/artykuly\/"},"modified":"2024-09-02T20:02:05","modified_gmt":"2024-09-02T17:02:05","slug":"artykuly","status":"publish","type":"page","link":"https:\/\/bestmeditrips.com\/pl\/artykuly\/","title":{"rendered":"Artyku\u0142y"},"content":{"rendered":"<h2>Blog Turystyki Medycznej | Najnowsze Artyku\u0142y i Wgl\u0105dy<\/h2>\n<p>Odkryj najnowsze trendy, porady ekspert\u00f3w i wnikliwe artyku\u0142y na temat turystyki zdrowotnej. Nasz blog obejmuje wszystko, od najlepszych opcji leczenia i porad dotycz\u0105cych podr\u00f3\u017cy po przewodniki po miejscach docelowych i historie pacjent\u00f3w. B\u0105d\u017a na bie\u017c\u0105co z warto\u015bciowymi tre\u015bciami zaprojektowanymi w celu wzbogacenia twojej podr\u00f3\u017cy zdrowotnej.<\/p>\n","protected":false},"excerpt":{"rendered":"<p>Blog Turystyki Medycznej | Najnowsze Artyku\u0142y i Wgl\u0105dy Odkryj najnowsze trendy, porady ekspert\u00f3w i wnikliwe artyku\u0142y na temat turystyki zdrowotnej. Nasz blog obejmuje wszystko, od najlepszych opcji leczenia i porad dotycz\u0105cych podr\u00f3\u017cy po przewodniki po miejscach docelowych i historie pacjent\u00f3w. B\u0105d\u017a na bie\u017c\u0105co z warto\u015bciowymi tre\u015bciami zaprojektowanymi w celu wzbogacenia twojej podr\u00f3\u017cy zdrowotnej.<\/p>\n","protected":false},"author":1,"featured_media":0,"parent":0,"menu_order":0,"comment_status":"closed","ping_status":"closed","template":"","meta":{"footnotes":""},"class_list":["post-610","page","type-page","status-publish"],"yoast_head":"<!-- This site is optimized with the Yoast SEO plugin v27.4 - https:\/\/yoast.com\/product\/yoast-seo-wordpress\/ -->\n<title>Blog Turystyki Medycznej | Artyku\u0142y i Wgl\u0105dy | bestmeditrips.com<\/title>\n<meta name=\"description\" content=\"Poznaj informacje o turystyce zdrowotnej, najnowsze artyku\u0142y, wgl\u0105dy i aktualizacje dotycz\u0105ce leczenia, miejsc docelowych i trend\u00f3w.\" \/>\n<meta name=\"robots\" content=\"index, follow, max-snippet:-1, max-image-preview:large, max-video-preview:-1\" \/>\n<link rel=\"canonical\" href=\"https:\/\/bestmeditrips.com\/pl\/artykuly\/\" \/>\n<meta property=\"og:locale\" content=\"pl_PL\" \/>\n<meta property=\"og:type\" content=\"article\" \/>\n<meta property=\"og:title\" content=\"Blog Turystyki Medycznej | Artyku\u0142y i Wgl\u0105dy | bestmeditrips.com\" \/>\n<meta property=\"og:description\" content=\"Poznaj informacje o turystyce zdrowotnej, najnowsze artyku\u0142y, wgl\u0105dy i aktualizacje dotycz\u0105ce leczenia, miejsc docelowych i trend\u00f3w.\" \/>\n<meta property=\"og:url\" content=\"https:\/\/bestmeditrips.com\/pl\/artykuly\/\" \/>\n<meta property=\"og:site_name\" content=\"Bestmeditrips.com\" \/>\n<meta property=\"article:publisher\" content=\"https:\/\/www.facebook.com\/profile.php?id=61565479139599\" \/>\n<meta property=\"og:image\" content=\"https:\/\/bestmeditrips.com\/wp-content\/uploads\/2024\/09\/health-tourism.jpg\" \/>\n\t<meta property=\"og:image:width\" content=\"1024\" \/>\n\t<meta property=\"og:image:height\" content=\"683\" \/>\n\t<meta property=\"og:image:type\" content=\"image\/jpeg\" \/>\n<meta name=\"twitter:card\" content=\"summary_large_image\" \/>\n<script type=\"application\/ld+json\" class=\"yoast-schema-graph\">{\"@context\":\"https:\\\/\\\/schema.org\",\"@graph\":[{\"@type\":\"WebPage\",\"@id\":\"https:\\\/\\\/bestmeditrips.com\\\/pl\\\/artykuly\\\/\",\"url\":\"https:\\\/\\\/bestmeditrips.com\\\/pl\\\/artykuly\\\/\",\"name\":\"Blog Turystyki Medycznej | Artyku\u0142y i Wgl\u0105dy | bestmeditrips.com\",\"isPartOf\":{\"@id\":\"https:\\\/\\\/bestmeditrips.com\\\/pl\\\/#website\"},\"datePublished\":\"2024-09-02T17:02:05+00:00\",\"description\":\"Poznaj informacje o turystyce zdrowotnej, najnowsze artyku\u0142y, wgl\u0105dy i aktualizacje dotycz\u0105ce leczenia, miejsc docelowych i trend\u00f3w.\",\"breadcrumb\":{\"@id\":\"https:\\\/\\\/bestmeditrips.com\\\/pl\\\/artykuly\\\/#breadcrumb\"},\"inLanguage\":\"pl-PL\",\"potentialAction\":[{\"@type\":\"ReadAction\",\"target\":[\"https:\\\/\\\/bestmeditrips.com\\\/pl\\\/artykuly\\\/\"]}]},{\"@type\":\"BreadcrumbList\",\"@id\":\"https:\\\/\\\/bestmeditrips.com\\\/pl\\\/artykuly\\\/#breadcrumb\",\"itemListElement\":[{\"@type\":\"ListItem\",\"position\":1,\"name\":\"Home\",\"item\":\"https:\\\/\\\/bestmeditrips.com\\\/pl\\\/\"},{\"@type\":\"ListItem\",\"position\":2,\"name\":\"Artyku\u0142y\"}]},{\"@type\":\"WebSite\",\"@id\":\"https:\\\/\\\/bestmeditrips.com\\\/pl\\\/#website\",\"url\":\"https:\\\/\\\/bestmeditrips.com\\\/pl\\\/\",\"name\":\"Bestmeditrips.com\",\"description\":\"Turystyka medyczna, najlepsze zabiegi, kliniki, lekarze i denty\u015bci!\",\"publisher\":{\"@id\":\"https:\\\/\\\/bestmeditrips.com\\\/pl\\\/#organization\"},\"potentialAction\":[{\"@type\":\"SearchAction\",\"target\":{\"@type\":\"EntryPoint\",\"urlTemplate\":\"https:\\\/\\\/bestmeditrips.com\\\/pl\\\/?s={search_term_string}\"},\"query-input\":{\"@type\":\"PropertyValueSpecification\",\"valueRequired\":true,\"valueName\":\"search_term_string\"}}],\"inLanguage\":\"pl-PL\"},{\"@type\":\"Organization\",\"@id\":\"https:\\\/\\\/bestmeditrips.com\\\/pl\\\/#organization\",\"name\":\"Bestmeditrips.com\",\"url\":\"https:\\\/\\\/bestmeditrips.com\\\/pl\\\/\",\"logo\":{\"@type\":\"ImageObject\",\"inLanguage\":\"pl-PL\",\"@id\":\"https:\\\/\\\/bestmeditrips.com\\\/pl\\\/#\\\/schema\\\/logo\\\/image\\\/\",\"url\":\"https:\\\/\\\/bestmeditrips.com\\\/wp-content\\\/uploads\\\/2024\\\/09\\\/logo-2.png\",\"contentUrl\":\"https:\\\/\\\/bestmeditrips.com\\\/wp-content\\\/uploads\\\/2024\\\/09\\\/logo-2.png\",\"width\":500,\"height\":98,\"caption\":\"Bestmeditrips.com\"},\"image\":{\"@id\":\"https:\\\/\\\/bestmeditrips.com\\\/pl\\\/#\\\/schema\\\/logo\\\/image\\\/\"},\"sameAs\":[\"https:\\\/\\\/www.facebook.com\\\/profile.php?id=61565479139599\"]}]}<\/script>\n<!-- \/ Yoast SEO plugin. -->","yoast_head_json":{"title":"Blog Turystyki Medycznej | Artyku\u0142y i Wgl\u0105dy | bestmeditrips.com","description":"Poznaj informacje o turystyce zdrowotnej, najnowsze artyku\u0142y, wgl\u0105dy i aktualizacje dotycz\u0105ce leczenia, miejsc docelowych i trend\u00f3w.","robots":{"index":"index","follow":"follow","max-snippet":"max-snippet:-1","max-image-preview":"max-image-preview:large","max-video-preview":"max-video-preview:-1"},"canonical":"https:\/\/bestmeditrips.com\/pl\/artykuly\/","og_locale":"pl_PL","og_type":"article","og_title":"Blog Turystyki Medycznej | Artyku\u0142y i Wgl\u0105dy | bestmeditrips.com","og_description":"Poznaj informacje o turystyce zdrowotnej, najnowsze artyku\u0142y, wgl\u0105dy i aktualizacje dotycz\u0105ce leczenia, miejsc docelowych i trend\u00f3w.","og_url":"https:\/\/bestmeditrips.com\/pl\/artykuly\/","og_site_name":"Bestmeditrips.com","article_publisher":"https:\/\/www.facebook.com\/profile.php?id=61565479139599","og_image":[{"width":1024,"height":683,"url":"https:\/\/bestmeditrips.com\/wp-content\/uploads\/2024\/09\/health-tourism.jpg","type":"image\/jpeg"}],"twitter_card":"summary_large_image","schema":{"@context":"https:\/\/schema.org","@graph":[{"@type":"WebPage","@id":"https:\/\/bestmeditrips.com\/pl\/artykuly\/","url":"https:\/\/bestmeditrips.com\/pl\/artykuly\/","name":"Blog Turystyki Medycznej | Artyku\u0142y i Wgl\u0105dy | bestmeditrips.com","isPartOf":{"@id":"https:\/\/bestmeditrips.com\/pl\/#website"},"datePublished":"2024-09-02T17:02:05+00:00","description":"Poznaj informacje o turystyce zdrowotnej, najnowsze artyku\u0142y, wgl\u0105dy i aktualizacje dotycz\u0105ce leczenia, miejsc docelowych i trend\u00f3w.","breadcrumb":{"@id":"https:\/\/bestmeditrips.com\/pl\/artykuly\/#breadcrumb"},"inLanguage":"pl-PL","potentialAction":[{"@type":"ReadAction","target":["https:\/\/bestmeditrips.com\/pl\/artykuly\/"]}]},{"@type":"BreadcrumbList","@id":"https:\/\/bestmeditrips.com\/pl\/artykuly\/#breadcrumb","itemListElement":[{"@type":"ListItem","position":1,"name":"Home","item":"https:\/\/bestmeditrips.com\/pl\/"},{"@type":"ListItem","position":2,"name":"Artyku\u0142y"}]},{"@type":"WebSite","@id":"https:\/\/bestmeditrips.com\/pl\/#website","url":"https:\/\/bestmeditrips.com\/pl\/","name":"Bestmeditrips.com","description":"Turystyka medyczna, najlepsze zabiegi, kliniki, lekarze i denty\u015bci!","publisher":{"@id":"https:\/\/bestmeditrips.com\/pl\/#organization"},"potentialAction":[{"@type":"SearchAction","target":{"@type":"EntryPoint","urlTemplate":"https:\/\/bestmeditrips.com\/pl\/?s={search_term_string}"},"query-input":{"@type":"PropertyValueSpecification","valueRequired":true,"valueName":"search_term_string"}}],"inLanguage":"pl-PL"},{"@type":"Organization","@id":"https:\/\/bestmeditrips.com\/pl\/#organization","name":"Bestmeditrips.com","url":"https:\/\/bestmeditrips.com\/pl\/","logo":{"@type":"ImageObject","inLanguage":"pl-PL","@id":"https:\/\/bestmeditrips.com\/pl\/#\/schema\/logo\/image\/","url":"https:\/\/bestmeditrips.com\/wp-content\/uploads\/2024\/09\/logo-2.png","contentUrl":"https:\/\/bestmeditrips.com\/wp-content\/uploads\/2024\/09\/logo-2.png","width":500,"height":98,"caption":"Bestmeditrips.com"},"image":{"@id":"https:\/\/bestmeditrips.com\/pl\/#\/schema\/logo\/image\/"},"sameAs":["https:\/\/www.facebook.com\/profile.php?id=61565479139599"]}]}},"_links":{"self":[{"href":"https:\/\/bestmeditrips.com\/pl\/wp-json\/wp\/v2\/pages\/610","targetHints":{"allow":["GET"]}}],"collection":[{"href":"https:\/\/bestmeditrips.com\/pl\/wp-json\/wp\/v2\/pages"}],"about":[{"href":"https:\/\/bestmeditrips.com\/pl\/wp-json\/wp\/v2\/types\/page"}],"author":[{"embeddable":true,"href":"https:\/\/bestmeditrips.com\/pl\/wp-json\/wp\/v2\/users\/1"}],"replies":[{"embeddable":true,"href":"https:\/\/bestmeditrips.com\/pl\/wp-json\/wp\/v2\/comments?post=610"}],"version-history":[{"count":0,"href":"https:\/\/bestmeditrips.com\/pl\/wp-json\/wp\/v2\/pages\/610\/revisions"}],"wp:attachment":[{"href":"https:\/\/bestmeditrips.com\/pl\/wp-json\/wp\/v2\/media?parent=610"}],"curies":[{"name":"wp","href":"https:\/\/api.w.org\/{rel}","templated":true}]}}