{"id":431,"date":"2024-09-01T20:00:15","date_gmt":"2024-09-01T17:00:15","guid":{"rendered":"https:\/\/bestmeditrips.com\/polityka-prywatnosci\/"},"modified":"2024-09-05T00:59:39","modified_gmt":"2024-09-04T21:59:39","slug":"polityka-prywatnosci","status":"publish","type":"page","link":"https:\/\/bestmeditrips.com\/pl\/polityka-prywatnosci\/","title":{"rendered":"Polityka Prywatno\u015bci"},"content":{"rendered":"<p><strong>Polityka Prywatno\u015bci<\/strong><\/p>\n<p>Dzi\u0119kujemy za odwiedzenie <em>BestMediTrips.com<\/em>. Twoja prywatno\u015b\u0107 jest dla nas wa\u017cna. Niniejsza <strong>Polityka Prywatno\u015bci<\/strong> wyja\u015bnia, w jaki spos\u00f3b zbieramy, wykorzystujemy, ujawniamy i chronimy Twoje informacje, gdy odwiedzasz nasz\u0105 stron\u0119 internetow\u0105. Prosimy o uwa\u017cne zapoznanie si\u0119 z niniejsz\u0105 polityk\u0105 prywatno\u015bci. Je\u015bli nie zgadzasz si\u0119 z warunkami tej polityki prywatno\u015bci, prosimy nie korzysta\u0107 z witryny.<\/p>\n<p><strong>1. Informacje, kt\u00f3re Zbieramy<\/strong><\/p>\n<p>Mo\u017cemy zbiera\u0107 dane osobowe, takie jak Twoje imi\u0119 i nazwisko, adres e-mail, numer telefonu i inne szczeg\u00f3\u0142y, kt\u00f3re podajesz, gdy wchodzisz w interakcj\u0119 z nasz\u0105 stron\u0105 internetow\u0105 lub kontaktujesz si\u0119 z nami w sprawie zapyta\u0144.<\/p>\n<p><strong>2. Jak Wykorzystujemy Twoje Informacje<\/strong><\/p>\n<p>Mo\u017cemy wykorzystywa\u0107 zebrane informacje do:<\/p>\n<p>\u015awiadczenia, obs\u0142ugi i utrzymania naszej strony internetowej<br \/>\nUlepszania, personalizacji i rozszerzania oferty naszej strony internetowej<br \/>\nKomunikowania si\u0119 z Tob\u0105, bezpo\u015brednio lub za po\u015brednictwem jednego z naszych partner\u00f3w, w tym w celach obs\u0142ugi klienta, dostarczania aktualizacji i innych informacji zwi\u0105zanych z witryn\u0105 oraz w celach marketingowych i promocyjnych<br \/>\nOchrony, badania i zapobiegania nieautoryzowanej lub nielegalnej dzia\u0142alno\u015bci<\/p>\n<p><strong>3. Ujawnianie Twoich Informacji<\/strong><\/p>\n<p>Mo\u017cemy udost\u0119pnia\u0107 Twoje informacje stronom trzecim wy\u0142\u0105cznie w spos\u00f3b opisany w niniejszej <strong>Polityce Prywatno\u015bci<\/strong>.<\/p>\n<p><strong>4. Bezpiecze\u0144stwo Twoich Informacji<\/strong><\/p>\n<p>Stosujemy administracyjne, techniczne i fizyczne \u015brodki bezpiecze\u0144stwa, aby pom\u00f3c chroni\u0107 Twoje dane osobowe. Chocia\u017c podj\u0119li\u015bmy rozs\u0105dne kroki w celu zabezpieczenia danych osobowych, kt\u00f3re nam podajesz, nale\u017cy pami\u0119ta\u0107, \u017ce mimo naszych stara\u0144 \u017cadne \u015brodki bezpiecze\u0144stwa nie s\u0105 doskona\u0142e ani nieprzeniknione.<\/p>\n<p><strong>5. Twoje Wybory dotycz\u0105ce Twoich Informacji<\/strong><\/p>\n<p>Masz prawo do:<\/p>\n<p>Aktualizacji lub korekty swoich danych osobowych<br \/>\nRezygnacji z otrzymywania komunikat\u00f3w marketingowych<br \/>\n\u017b\u0105dania, aby\u015bmy usun\u0119li Twoje dane osobowe<\/p>\n<p><strong>6. Zmiany w Niniejszej Polityce Prywatno\u015bci<\/strong><\/p>\n<p>Mo\u017cemy od czasu do czasu aktualizowa\u0107 t\u0119 <strong>Polityk\u0119 Prywatno\u015bci<\/strong>, aby odzwierciedla\u0142a, na przyk\u0142ad, zmiany w naszych praktykach lub z innych operacyjnych, prawnych lub regulacyjnych powod\u00f3w.<\/p>\n<p><strong>7. Skontaktuj si\u0119 z Nami<\/strong><\/p>\n<p>Je\u015bli masz pytania lub uwagi dotycz\u0105ce niniejszej <strong>Polityki Prywatno\u015bci<\/strong>, skontaktuj si\u0119 z nami.<\/p>\n","protected":false},"excerpt":{"rendered":"<p>Polityka Prywatno\u015bci Dzi\u0119kujemy za odwiedzenie BestMediTrips.com. Twoja prywatno\u015b\u0107 jest dla nas wa\u017cna. Niniejsza Polityka Prywatno\u015bci wyja\u015bnia, w jaki spos\u00f3b zbieramy, wykorzystujemy, ujawniamy i chronimy Twoje informacje, gdy odwiedzasz nasz\u0105 stron\u0119 internetow\u0105. Prosimy o uwa\u017cne zapoznanie si\u0119 z niniejsz\u0105 polityk\u0105 prywatno\u015bci. Je\u015bli nie zgadzasz si\u0119 z warunkami tej polityki prywatno\u015bci, prosimy nie korzysta\u0107 z witryny. 1. &#8230; <a title=\"Polityka Prywatno\u015bci\" class=\"read-more\" href=\"https:\/\/bestmeditrips.com\/pl\/polityka-prywatnosci\/\" aria-label=\"Dowiedz si\u0119 wi\u0119cej o Polityka Prywatno\u015bci\">Czytaj dalej<\/a><\/p>\n","protected":false},"author":1,"featured_media":0,"parent":0,"menu_order":0,"comment_status":"closed","ping_status":"open","template":"","meta":{"footnotes":""},"class_list":["post-431","page","type-page","status-publish"],"yoast_head":"<!-- This site is optimized with the Yoast SEO plugin v27.4 - https:\/\/yoast.com\/product\/yoast-seo-wordpress\/ -->\n<title>Polityka Prywatno\u015bci - Bestmeditrips.com<\/title>\n<meta name=\"robots\" content=\"index, follow, max-snippet:-1, max-image-preview:large, max-video-preview:-1\" \/>\n<link rel=\"canonical\" href=\"https:\/\/bestmeditrips.com\/pl\/polityka-prywatnosci\/\" \/>\n<meta property=\"og:locale\" content=\"pl_PL\" \/>\n<meta property=\"og:type\" content=\"article\" \/>\n<meta property=\"og:title\" content=\"Polityka Prywatno\u015bci - Bestmeditrips.com\" \/>\n<meta property=\"og:description\" content=\"Polityka Prywatno\u015bci Dzi\u0119kujemy za odwiedzenie BestMediTrips.com. Twoja prywatno\u015b\u0107 jest dla nas wa\u017cna. Niniejsza Polityka Prywatno\u015bci wyja\u015bnia, w jaki spos\u00f3b zbieramy, wykorzystujemy, ujawniamy i chronimy Twoje informacje, gdy odwiedzasz nasz\u0105 stron\u0119 internetow\u0105. Prosimy o uwa\u017cne zapoznanie si\u0119 z niniejsz\u0105 polityk\u0105 prywatno\u015bci. Je\u015bli nie zgadzasz si\u0119 z warunkami tej polityki prywatno\u015bci, prosimy nie korzysta\u0107 z witryny. 1. ... Czytaj dalej\" \/>\n<meta property=\"og:url\" content=\"https:\/\/bestmeditrips.com\/pl\/polityka-prywatnosci\/\" \/>\n<meta property=\"og:site_name\" content=\"Bestmeditrips.com\" \/>\n<meta property=\"article:publisher\" content=\"https:\/\/www.facebook.com\/profile.php?id=61565479139599\" \/>\n<meta property=\"article:modified_time\" content=\"2024-09-04T21:59:39+00:00\" \/>\n<meta property=\"og:image\" content=\"https:\/\/bestmeditrips.com\/wp-content\/uploads\/2024\/09\/health-tourism.jpg\" \/>\n\t<meta property=\"og:image:width\" content=\"1024\" \/>\n\t<meta property=\"og:image:height\" content=\"683\" \/>\n\t<meta property=\"og:image:type\" content=\"image\/jpeg\" \/>\n<meta name=\"twitter:card\" content=\"summary_large_image\" \/>\n<meta name=\"twitter:label1\" content=\"Szacowany czas czytania\" \/>\n\t<meta name=\"twitter:data1\" content=\"2 minuty\" \/>\n<script type=\"application\/ld+json\" class=\"yoast-schema-graph\">{\"@context\":\"https:\\\/\\\/schema.org\",\"@graph\":[{\"@type\":\"WebPage\",\"@id\":\"https:\\\/\\\/bestmeditrips.com\\\/pl\\\/polityka-prywatnosci\\\/\",\"url\":\"https:\\\/\\\/bestmeditrips.com\\\/pl\\\/polityka-prywatnosci\\\/\",\"name\":\"Polityka Prywatno\u015bci - Bestmeditrips.com\",\"isPartOf\":{\"@id\":\"https:\\\/\\\/bestmeditrips.com\\\/pl\\\/#website\"},\"datePublished\":\"2024-09-01T17:00:15+00:00\",\"dateModified\":\"2024-09-04T21:59:39+00:00\",\"breadcrumb\":{\"@id\":\"https:\\\/\\\/bestmeditrips.com\\\/pl\\\/polityka-prywatnosci\\\/#breadcrumb\"},\"inLanguage\":\"pl-PL\",\"potentialAction\":[{\"@type\":\"ReadAction\",\"target\":[\"https:\\\/\\\/bestmeditrips.com\\\/pl\\\/polityka-prywatnosci\\\/\"]}]},{\"@type\":\"BreadcrumbList\",\"@id\":\"https:\\\/\\\/bestmeditrips.com\\\/pl\\\/polityka-prywatnosci\\\/#breadcrumb\",\"itemListElement\":[{\"@type\":\"ListItem\",\"position\":1,\"name\":\"Home\",\"item\":\"https:\\\/\\\/bestmeditrips.com\\\/pl\\\/\"},{\"@type\":\"ListItem\",\"position\":2,\"name\":\"Polityka Prywatno\u015bci\"}]},{\"@type\":\"WebSite\",\"@id\":\"https:\\\/\\\/bestmeditrips.com\\\/pl\\\/#website\",\"url\":\"https:\\\/\\\/bestmeditrips.com\\\/pl\\\/\",\"name\":\"Bestmeditrips.com\",\"description\":\"Turystyka medyczna, najlepsze zabiegi, kliniki, lekarze i denty\u015bci!\",\"publisher\":{\"@id\":\"https:\\\/\\\/bestmeditrips.com\\\/pl\\\/#organization\"},\"potentialAction\":[{\"@type\":\"SearchAction\",\"target\":{\"@type\":\"EntryPoint\",\"urlTemplate\":\"https:\\\/\\\/bestmeditrips.com\\\/pl\\\/?s={search_term_string}\"},\"query-input\":{\"@type\":\"PropertyValueSpecification\",\"valueRequired\":true,\"valueName\":\"search_term_string\"}}],\"inLanguage\":\"pl-PL\"},{\"@type\":\"Organization\",\"@id\":\"https:\\\/\\\/bestmeditrips.com\\\/pl\\\/#organization\",\"name\":\"Bestmeditrips.com\",\"url\":\"https:\\\/\\\/bestmeditrips.com\\\/pl\\\/\",\"logo\":{\"@type\":\"ImageObject\",\"inLanguage\":\"pl-PL\",\"@id\":\"https:\\\/\\\/bestmeditrips.com\\\/pl\\\/#\\\/schema\\\/logo\\\/image\\\/\",\"url\":\"https:\\\/\\\/bestmeditrips.com\\\/wp-content\\\/uploads\\\/2024\\\/09\\\/logo-2.png\",\"contentUrl\":\"https:\\\/\\\/bestmeditrips.com\\\/wp-content\\\/uploads\\\/2024\\\/09\\\/logo-2.png\",\"width\":500,\"height\":98,\"caption\":\"Bestmeditrips.com\"},\"image\":{\"@id\":\"https:\\\/\\\/bestmeditrips.com\\\/pl\\\/#\\\/schema\\\/logo\\\/image\\\/\"},\"sameAs\":[\"https:\\\/\\\/www.facebook.com\\\/profile.php?id=61565479139599\"]}]}<\/script>\n<!-- \/ Yoast SEO plugin. -->","yoast_head_json":{"title":"Polityka Prywatno\u015bci - Bestmeditrips.com","robots":{"index":"index","follow":"follow","max-snippet":"max-snippet:-1","max-image-preview":"max-image-preview:large","max-video-preview":"max-video-preview:-1"},"canonical":"https:\/\/bestmeditrips.com\/pl\/polityka-prywatnosci\/","og_locale":"pl_PL","og_type":"article","og_title":"Polityka Prywatno\u015bci - Bestmeditrips.com","og_description":"Polityka Prywatno\u015bci Dzi\u0119kujemy za odwiedzenie BestMediTrips.com. Twoja prywatno\u015b\u0107 jest dla nas wa\u017cna. Niniejsza Polityka Prywatno\u015bci wyja\u015bnia, w jaki spos\u00f3b zbieramy, wykorzystujemy, ujawniamy i chronimy Twoje informacje, gdy odwiedzasz nasz\u0105 stron\u0119 internetow\u0105. Prosimy o uwa\u017cne zapoznanie si\u0119 z niniejsz\u0105 polityk\u0105 prywatno\u015bci. Je\u015bli nie zgadzasz si\u0119 z warunkami tej polityki prywatno\u015bci, prosimy nie korzysta\u0107 z witryny. 1. ... Czytaj dalej","og_url":"https:\/\/bestmeditrips.com\/pl\/polityka-prywatnosci\/","og_site_name":"Bestmeditrips.com","article_publisher":"https:\/\/www.facebook.com\/profile.php?id=61565479139599","article_modified_time":"2024-09-04T21:59:39+00:00","og_image":[{"width":1024,"height":683,"url":"https:\/\/bestmeditrips.com\/wp-content\/uploads\/2024\/09\/health-tourism.jpg","type":"image\/jpeg"}],"twitter_card":"summary_large_image","twitter_misc":{"Szacowany czas czytania":"2 minuty"},"schema":{"@context":"https:\/\/schema.org","@graph":[{"@type":"WebPage","@id":"https:\/\/bestmeditrips.com\/pl\/polityka-prywatnosci\/","url":"https:\/\/bestmeditrips.com\/pl\/polityka-prywatnosci\/","name":"Polityka Prywatno\u015bci - Bestmeditrips.com","isPartOf":{"@id":"https:\/\/bestmeditrips.com\/pl\/#website"},"datePublished":"2024-09-01T17:00:15+00:00","dateModified":"2024-09-04T21:59:39+00:00","breadcrumb":{"@id":"https:\/\/bestmeditrips.com\/pl\/polityka-prywatnosci\/#breadcrumb"},"inLanguage":"pl-PL","potentialAction":[{"@type":"ReadAction","target":["https:\/\/bestmeditrips.com\/pl\/polityka-prywatnosci\/"]}]},{"@type":"BreadcrumbList","@id":"https:\/\/bestmeditrips.com\/pl\/polityka-prywatnosci\/#breadcrumb","itemListElement":[{"@type":"ListItem","position":1,"name":"Home","item":"https:\/\/bestmeditrips.com\/pl\/"},{"@type":"ListItem","position":2,"name":"Polityka Prywatno\u015bci"}]},{"@type":"WebSite","@id":"https:\/\/bestmeditrips.com\/pl\/#website","url":"https:\/\/bestmeditrips.com\/pl\/","name":"Bestmeditrips.com","description":"Turystyka medyczna, najlepsze zabiegi, kliniki, lekarze i denty\u015bci!","publisher":{"@id":"https:\/\/bestmeditrips.com\/pl\/#organization"},"potentialAction":[{"@type":"SearchAction","target":{"@type":"EntryPoint","urlTemplate":"https:\/\/bestmeditrips.com\/pl\/?s={search_term_string}"},"query-input":{"@type":"PropertyValueSpecification","valueRequired":true,"valueName":"search_term_string"}}],"inLanguage":"pl-PL"},{"@type":"Organization","@id":"https:\/\/bestmeditrips.com\/pl\/#organization","name":"Bestmeditrips.com","url":"https:\/\/bestmeditrips.com\/pl\/","logo":{"@type":"ImageObject","inLanguage":"pl-PL","@id":"https:\/\/bestmeditrips.com\/pl\/#\/schema\/logo\/image\/","url":"https:\/\/bestmeditrips.com\/wp-content\/uploads\/2024\/09\/logo-2.png","contentUrl":"https:\/\/bestmeditrips.com\/wp-content\/uploads\/2024\/09\/logo-2.png","width":500,"height":98,"caption":"Bestmeditrips.com"},"image":{"@id":"https:\/\/bestmeditrips.com\/pl\/#\/schema\/logo\/image\/"},"sameAs":["https:\/\/www.facebook.com\/profile.php?id=61565479139599"]}]}},"_links":{"self":[{"href":"https:\/\/bestmeditrips.com\/pl\/wp-json\/wp\/v2\/pages\/431","targetHints":{"allow":["GET"]}}],"collection":[{"href":"https:\/\/bestmeditrips.com\/pl\/wp-json\/wp\/v2\/pages"}],"about":[{"href":"https:\/\/bestmeditrips.com\/pl\/wp-json\/wp\/v2\/types\/page"}],"author":[{"embeddable":true,"href":"https:\/\/bestmeditrips.com\/pl\/wp-json\/wp\/v2\/users\/1"}],"replies":[{"embeddable":true,"href":"https:\/\/bestmeditrips.com\/pl\/wp-json\/wp\/v2\/comments?post=431"}],"version-history":[{"count":1,"href":"https:\/\/bestmeditrips.com\/pl\/wp-json\/wp\/v2\/pages\/431\/revisions"}],"predecessor-version":[{"id":569,"href":"https:\/\/bestmeditrips.com\/pl\/wp-json\/wp\/v2\/pages\/431\/revisions\/569"}],"wp:attachment":[{"href":"https:\/\/bestmeditrips.com\/pl\/wp-json\/wp\/v2\/media?parent=431"}],"curies":[{"name":"wp","href":"https:\/\/api.w.org\/{rel}","templated":true}]}}