{"id":311,"date":"2024-09-02T20:44:40","date_gmt":"2024-09-02T17:44:40","guid":{"rendered":"https:\/\/bestmeditrips.com\/miedzynarodowa-turystyka-zdrowotna-i-destynacje\/"},"modified":"2024-09-23T12:01:09","modified_gmt":"2024-09-23T09:01:09","slug":"miedzynarodowa-turystyka-zdrowotna-i-destynacje","status":"publish","type":"page","link":"https:\/\/bestmeditrips.com\/pl\/","title":{"rendered":"Turystyka Medyczna i Destynacje"},"content":{"rendered":"<h2>Odkryj Najlepsze Do\u015bwiadczenie Turystyki Medycznej<\/h2>\n<p>Witamy na <em><strong>BestMediTrips.com<\/strong><\/em>, Twoim g\u0142\u00f3wnym celu, \u0142\u0105cz\u0105cym wyj\u0105tkow\u0105 opiek\u0119 medyczn\u0105 z niezwyk\u0142ymi do\u015bwiadczeniami podr\u00f3\u017cniczymi. Nasza wieloj\u0119zyczna platforma po\u015bwi\u0119cona jest \u0142\u0105czeniu Ci\u0119 z najlepszymi miejscami turystyki medycznej na ca\u0142ym \u015bwiecie, oferuj\u0105c szczeg\u00f3\u0142owe informacje na temat najlepszych dost\u0119pnych zabieg\u00f3w i us\u0142ug medycznych.<\/p>\n<h3>Odkryj Premium Destynacje Turystyki Zdrowotnej i Medycznej<\/h3>\n<p>Na <em><strong>BestMediTrips.com<\/strong><\/em> oferujemy starannie wyselekcjonowan\u0105 list\u0119 opcji turystyki medycznej, prowadz\u0105c Ci\u0119 przez szerok\u0105 gam\u0119 zabieg\u00f3w dost\u0119pnych w najbardziej fascynuj\u0105cych miejscach na \u015bwiecie. Odkryj, co czyni ka\u017cde miejsce wyj\u0105tkowym:<\/p>\n<h4><strong><span style=\"color: #ff0000;\">\u2665\u00a0<\/span><\/strong><strong>TURCJA:<\/strong> Stambu\u0142, Antalya, Izmir i Ankara<\/h4>\n<p>Turcja s\u0142ynie z nowoczesnych plac\u00f3wek medycznych i op\u0142acalnych zabieg\u00f3w. Odkryj nasze najlepsze miasta, oferuj\u0105ce szeroki zakres us\u0142ug zdrowotnych:<\/p>\n<ul>\n<li><strong>Kliniki stomatologiczne:<\/strong> Odmie\u0144 sw\u00f3j u\u015bmiech za pomoc\u0105 zaawansowanych procedur, takich jak implanty, hollywoodzkie u\u015bmiechy i innowacyjne rozwi\u0105zania, takie jak &#8222;all-on-4&#8221; i &#8222;all-on-6&#8221;.<\/li>\n<li><strong>Kliniki przeszczepu w\u0142os\u00f3w:<\/strong> Osi\u0105gnij naturalne i trwa\u0142e rezultaty dzi\u0119ki zaawansowanym technikom przeszczepu w\u0142os\u00f3w.<\/li>\n<li><strong>Szpitale estetyczne:<\/strong> Do\u015bwiadcz chirurgii estetycznej na \u015bwiatowym poziomie, od liftingu twarzy po modelowanie cia\u0142a.<\/li>\n<li><strong>Specjali\u015bci ortopedii:<\/strong> Skorzystaj z zaawansowanych zabieg\u00f3w na problemy staw\u00f3w i kr\u0119gos\u0142upa, zapewniaj\u0105c optymalne wyleczenie i mobilno\u015b\u0107.<\/li>\n<\/ul>\n<h4><strong><span style=\"color: #ff0000;\">\u2665\u00a0<\/span><\/strong><strong>W\u0118GRY:<\/strong> Budapeszt i Debreczyn<\/h4>\n<p>W\u0119gry oferuj\u0105 renomowan\u0105 opiek\u0119 medyczn\u0105, zw\u0142aszcza w zakresie stomatologii. W Budapeszcie i Debreczynie odkryj:<\/p>\n<ul>\n<li><strong>Kliniki stomatologiczne:<\/strong> Opieka na najwy\u017cszym poziomie w zakresie implant\u00f3w i estetycznych zabieg\u00f3w stomatologicznych w konkurencyjnych cenach.<\/li>\n<li><strong>Centra chirurgii estetycznej:<\/strong> Popraw sw\u00f3j wygl\u0105d z dba\u0142o\u015bci\u0105 o szczeg\u00f3\u0142y.<\/li>\n<\/ul>\n<h4><strong><span style=\"color: #ff0000;\">\u2665\u00a0<\/span><\/strong><strong>SERBIA:<\/strong> Belgrad<\/h4>\n<p>Belgrad staje si\u0119 centrum wysokiej jako\u015bci opieki medycznej. Tutaj znajdziesz:<\/p>\n<ul>\n<li><strong>Innowacyjne us\u0142ugi medyczne:<\/strong> Od stomatologii po zabiegi estetyczne, do\u015bwiadcz wyj\u0105tkowej opieki dostosowanej do Twoich potrzeb.<\/li>\n<li><strong>Spersonalizowane kliniki medyczne:<\/strong> Ciesz si\u0119 us\u0142ugami w mie\u015bcie znanym z ciep\u0142ej go\u015bcinno\u015bci i wiedzy medycznej.<\/li>\n<\/ul>\n<h4><strong><span style=\"color: #ff0000;\">\u2665\u00a0<\/span><\/strong><strong>CHORWACJA:<\/strong> Zagrzeb i Split<\/h4>\n<p>Chorwacja \u0142\u0105czy doskona\u0142o\u015b\u0107 medyczn\u0105 z pi\u0119knymi krajobrazami. Odkryj:<\/p>\n<ul>\n<li><strong>Kliniki stomatologiczne i estetyczne:<\/strong> Ciesz si\u0119 zaawansowanymi zabiegami w malowniczym otoczeniu.<\/li>\n<li><strong>Szpitale rehabilitacyjne i wellness:<\/strong> Kompleksowe opcje opieki zaprojektowane w celu poprawy og\u00f3lnego samopoczucia.<\/li>\n<\/ul>\n<h4><strong><span style=\"color: #ff0000;\">\u2665\u00a0<\/span><\/strong><strong>POLSKA:<\/strong> Warszawa i Krak\u00f3w<\/h4>\n<p>Polska oferuje wysokiej jako\u015bci us\u0142ugi medyczne w przyst\u0119pnych cenach. Odkryj:<\/p>\n<ul>\n<li><strong>Plac\u00f3wki opieki stomatologicznej:<\/strong> Zaawansowane rozwi\u0105zania w zakresie implant\u00f3w i innych potrzeb stomatologicznych.<\/li>\n<li><strong>Kliniki ortopedyczne i estetyczne:<\/strong> Nowoczesne obiekty oferuj\u0105ce szeroki zakres procedur.<\/li>\n<\/ul>\n<h4><strong><span style=\"color: #ff0000;\">\u2665\u00a0<\/span><\/strong><strong>NIEMCY:<\/strong> Berlin i Monachium<\/h4>\n<p>Niemcy s\u0105 synonimem innowacji medycznych i jako\u015bci. Dost\u0119p do:<\/p>\n<ul>\n<li><strong>Szpitale na najwy\u017cszym poziomie:<\/strong> Najnowsze technologie medyczne i specjalistyczna opieka.<\/li>\n<li><strong>Kompleksowe centra us\u0142ug zdrowotnych:<\/strong> Leczenie na \u015bwiatowym poziomie dla skomplikowanych operacji i rutynowych zabieg\u00f3w.<\/li>\n<\/ul>\n<h4><strong><span style=\"color: #ff0000;\">\u2665\u00a0<\/span><\/strong><strong>CZECHY:<\/strong> Praga<\/h4>\n<p>Praga oferuje po\u0142\u0105czenie historycznego uroku i nowoczesnej opieki zdrowotnej. Odkryj:<\/p>\n<ul>\n<li><strong>Najlepiej oceniane kliniki stomatologiczne:<\/strong> Doskona\u0142e rozwi\u0105zania w jednym z najpi\u0119kniejszych miast Europy.<\/li>\n<li><strong>Szpitale estetyczne:<\/strong> Wysokiej jako\u015bci procedury estetyczne.<\/li>\n<\/ul>\n<h4><strong><span style=\"color: #ff0000;\">\u2665\u00a0<\/span><\/strong><strong>MEKSYK:<\/strong> Canc\u00fan i Meksyk<\/h4>\n<p>Meksyk zapewnia t\u0119tni\u0105ce \u017cyciem t\u0142o dla wyj\u0105tkowej opieki medycznej. Ciesz si\u0119:<\/p>\n<ul>\n<li><strong>Dost\u0119pne centra leczenia:<\/strong> Wysokiej jako\u015bci zabiegi stomatologiczne i estetyczne.<\/li>\n<li><strong>Kliniki z do\u015bwiadczeniami kulturowymi:<\/strong> Po\u0142\u0105cz leczenie z bogat\u0105 podr\u00f3\u017c\u0105 kulturow\u0105.<\/li>\n<\/ul>\n<h4><strong><span style=\"color: #ff0000;\">\u2665\u00a0<\/span><\/strong><strong>KOLUMBIA:<\/strong> Medell\u00edn i Bogota<\/h4>\n<p>Kolumbia jest znana z wykwalifikowanych specjalist\u00f3w medycznych i us\u0142ug o niskich kosztach. Dost\u0119p do:<\/p>\n<ul>\n<li><strong>Kompleksowe centra medyczne:<\/strong> Szeroka gama zabieg\u00f3w medycznych z naciskiem na jako\u015b\u0107 i przyst\u0119pno\u015b\u0107.<\/li>\n<li><strong>Eksperckie kliniki stomatologiczne:<\/strong> Opieka od ekspert\u00f3w w kraju znanym z post\u0119p\u00f3w w opiece zdrowotnej.<\/li>\n<\/ul>\n<h4><strong><span style=\"color: #ff0000;\">\u2665\u00a0<\/span><\/strong><strong>TAJLANDIA:<\/strong> Bangkok i Phuket<\/h4>\n<p>Tajlandia oferuje idealne po\u0142\u0105czenie opieki medycznej i do\u015bwiadcze\u0144 turystycznych. Odkryj:<\/p>\n<ul>\n<li><strong>Szpitale \u015bwiatowej klasy:<\/strong> Najwy\u017cszej jako\u015bci us\u0142ugi medyczne w zakresie opieki stomatologicznej i program\u00f3w wellness.<\/li>\n<li><strong>Kliniki w pi\u0119knych miejscach:<\/strong> Do\u015bwiadcz wyj\u0105tkowej opieki medycznej podczas odkrywania Tajlandii.<\/li>\n<\/ul>\n<h4><strong><span style=\"color: #ff0000;\">\u2665\u00a0<\/span><\/strong><strong>INDIE:<\/strong> Delhi i Bombaj<\/h4>\n<p>Indyjskie plac\u00f3wki medyczne s\u0105 zaawansowane i dost\u0119pne cenowo. Odkryj:<\/p>\n<ul>\n<li><strong>R\u00f3\u017cnorodne kliniki medyczne:<\/strong> Wysokie standardy w r\u00f3\u017cnorodnych opcjach medycznych.<\/li>\n<li><strong>Szpitale ze specjalistami:<\/strong> Opieka od ekspert\u00f3w w Delhi i Bombaju.<\/li>\n<\/ul>\n<h4><strong><span style=\"color: #ff0000;\">\u2665\u00a0<\/span><\/strong><strong>WIETNAM:<\/strong> Ho Chi Minh City i Hanoi<\/h4>\n<p>Wietnam staje si\u0119 rosn\u0105cym celem turystyki medycznej. Tutaj mo\u017cesz skorzysta\u0107 z:<\/p>\n<ul>\n<li><strong>Efektywne centra medyczne:<\/strong> Dost\u0119pna i wysokiej jako\u015bci opieka.<\/li>\n<li><strong>Kompleksowe kliniki leczenia:<\/strong> Od opieki stomatologicznej po procedury ortopedyczne.<\/li>\n<\/ul>\n<h4>Dlaczego warto wybra\u0107 turystyk\u0119 zdrowotn\u0105 i medyczn\u0105?<\/h4>\n<p>Turystyka zdrowotna i medyczna pozwala po\u0142\u0105czy\u0107 najwy\u017cszej jako\u015bci opiek\u0119 medyczn\u0105 z ekscytuj\u0105cymi mo\u017cliwo\u015bciami podr\u00f3\u017cy. Na <em>BestMediTrips.com<\/em> jeste\u015bmy oddani pomaganiu Ci w znalezieniu idealnej destynacji i leczenia, kt\u00f3re spe\u0142niaj\u0105 Twoje potrzeby i preferencje. Odkryj nasz\u0105 platform\u0119, aby rozpocz\u0105\u0107 swoj\u0105 podr\u00f3\u017c ku wyj\u0105tkowej opiece medycznej i niezapomnianym do\u015bwiadczeniom.<\/p>\n","protected":false},"excerpt":{"rendered":"<p>Odkryj Najlepsze Do\u015bwiadczenie Turystyki Medycznej Witamy na BestMediTrips.com, Twoim g\u0142\u00f3wnym celu, \u0142\u0105cz\u0105cym wyj\u0105tkow\u0105 opiek\u0119 medyczn\u0105 z niezwyk\u0142ymi do\u015bwiadczeniami podr\u00f3\u017cniczymi. Nasza wieloj\u0119zyczna platforma po\u015bwi\u0119cona jest \u0142\u0105czeniu Ci\u0119 z najlepszymi miejscami turystyki medycznej na ca\u0142ym \u015bwiecie, oferuj\u0105c szczeg\u00f3\u0142owe informacje na temat najlepszych dost\u0119pnych zabieg\u00f3w i us\u0142ug medycznych. Odkryj Premium Destynacje Turystyki Zdrowotnej i Medycznej Na BestMediTrips.com oferujemy &#8230; <a title=\"Turystyka Medyczna i Destynacje\" class=\"read-more\" href=\"https:\/\/bestmeditrips.com\/pl\/\" aria-label=\"Dowiedz si\u0119 wi\u0119cej o Turystyka Medyczna i Destynacje\">Czytaj dalej<\/a><\/p>\n","protected":false},"author":1,"featured_media":344,"parent":0,"menu_order":0,"comment_status":"closed","ping_status":"closed","template":"","meta":{"footnotes":""},"class_list":["post-311","page","type-page","status-publish","has-post-thumbnail"],"yoast_head":"<!-- This site is optimized with the Yoast SEO plugin v27.4 - https:\/\/yoast.com\/product\/yoast-seo-wordpress\/ -->\n<title>Eksperci w Turystyce Medycznej | Premium Leczenia i Destynacje<\/title>\n<meta name=\"description\" content=\"Poznaj najlepsze us\u0142ugi turystyki zdrowotnej z najlepszymi klinikami, lekarzami i dentystami, oferuj\u0105cymi fachowe porady na najlepsze podr\u00f3\u017ce medyczne.\" \/>\n<meta name=\"robots\" content=\"index, follow, max-snippet:-1, max-image-preview:large, max-video-preview:-1\" \/>\n<link rel=\"canonical\" href=\"https:\/\/bestmeditrips.com\/pl\/\" \/>\n<meta property=\"og:locale\" content=\"pl_PL\" \/>\n<meta property=\"og:type\" content=\"article\" \/>\n<meta property=\"og:title\" content=\"Eksperci w Turystyce Medycznej | Premium Leczenia i Destynacje\" \/>\n<meta property=\"og:description\" content=\"Poznaj najlepsze us\u0142ugi turystyki zdrowotnej z najlepszymi klinikami, lekarzami i dentystami, oferuj\u0105cymi fachowe porady na najlepsze podr\u00f3\u017ce medyczne.\" \/>\n<meta property=\"og:url\" content=\"https:\/\/bestmeditrips.com\/pl\/\" \/>\n<meta property=\"og:site_name\" content=\"Bestmeditrips.com\" \/>\n<meta property=\"article:publisher\" content=\"https:\/\/www.facebook.com\/profile.php?id=61565479139599\" \/>\n<meta property=\"article:modified_time\" content=\"2024-09-23T09:01:09+00:00\" \/>\n<meta property=\"og:image\" content=\"https:\/\/bestmeditrips.com\/wp-content\/uploads\/2024\/09\/health-tourism.jpg\" \/>\n\t<meta property=\"og:image:width\" content=\"1024\" \/>\n\t<meta property=\"og:image:height\" content=\"683\" \/>\n\t<meta property=\"og:image:type\" content=\"image\/jpeg\" \/>\n<meta name=\"twitter:card\" content=\"summary_large_image\" \/>\n<meta name=\"twitter:label1\" content=\"Szacowany czas czytania\" \/>\n\t<meta name=\"twitter:data1\" content=\"4 minuty\" \/>\n<script type=\"application\/ld+json\" class=\"yoast-schema-graph\">{\"@context\":\"https:\\\/\\\/schema.org\",\"@graph\":[{\"@type\":\"WebPage\",\"@id\":\"https:\\\/\\\/bestmeditrips.com\\\/pl\\\/\",\"url\":\"https:\\\/\\\/bestmeditrips.com\\\/pl\\\/\",\"name\":\"Eksperci w Turystyce Medycznej | Premium Leczenia i Destynacje\",\"isPartOf\":{\"@id\":\"https:\\\/\\\/bestmeditrips.com\\\/pl\\\/#website\"},\"primaryImageOfPage\":{\"@id\":\"https:\\\/\\\/bestmeditrips.com\\\/pl\\\/#primaryimage\"},\"image\":{\"@id\":\"https:\\\/\\\/bestmeditrips.com\\\/pl\\\/#primaryimage\"},\"thumbnailUrl\":\"https:\\\/\\\/bestmeditrips.com\\\/wp-content\\\/uploads\\\/2024\\\/09\\\/health-tourism.jpg\",\"datePublished\":\"2024-09-02T17:44:40+00:00\",\"dateModified\":\"2024-09-23T09:01:09+00:00\",\"description\":\"Poznaj najlepsze us\u0142ugi turystyki zdrowotnej z najlepszymi klinikami, lekarzami i dentystami, oferuj\u0105cymi fachowe porady na najlepsze podr\u00f3\u017ce medyczne.\",\"breadcrumb\":{\"@id\":\"https:\\\/\\\/bestmeditrips.com\\\/pl\\\/#breadcrumb\"},\"inLanguage\":\"pl-PL\",\"potentialAction\":[{\"@type\":\"ReadAction\",\"target\":[\"https:\\\/\\\/bestmeditrips.com\\\/pl\\\/\"]}]},{\"@type\":\"ImageObject\",\"inLanguage\":\"pl-PL\",\"@id\":\"https:\\\/\\\/bestmeditrips.com\\\/pl\\\/#primaryimage\",\"url\":\"https:\\\/\\\/bestmeditrips.com\\\/wp-content\\\/uploads\\\/2024\\\/09\\\/health-tourism.jpg\",\"contentUrl\":\"https:\\\/\\\/bestmeditrips.com\\\/wp-content\\\/uploads\\\/2024\\\/09\\\/health-tourism.jpg\",\"width\":1024,\"height\":683,\"caption\":\"Medical tourism and best destinations in the world for dental, hair transplant, orthopedic and aesthetic treatments\"},{\"@type\":\"BreadcrumbList\",\"@id\":\"https:\\\/\\\/bestmeditrips.com\\\/pl\\\/#breadcrumb\",\"itemListElement\":[{\"@type\":\"ListItem\",\"position\":1,\"name\":\"Home\",\"item\":\"https:\\\/\\\/bestmeditrips.com\\\/pl\\\/\"},{\"@type\":\"ListItem\",\"position\":2,\"name\":\"Turystyka Medyczna i Destynacje\"}]},{\"@type\":\"WebSite\",\"@id\":\"https:\\\/\\\/bestmeditrips.com\\\/pl\\\/#website\",\"url\":\"https:\\\/\\\/bestmeditrips.com\\\/pl\\\/\",\"name\":\"Bestmeditrips.com\",\"description\":\"Turystyka medyczna, najlepsze zabiegi, kliniki, lekarze i denty\u015bci!\",\"publisher\":{\"@id\":\"https:\\\/\\\/bestmeditrips.com\\\/pl\\\/#organization\"},\"potentialAction\":[{\"@type\":\"SearchAction\",\"target\":{\"@type\":\"EntryPoint\",\"urlTemplate\":\"https:\\\/\\\/bestmeditrips.com\\\/pl\\\/?s={search_term_string}\"},\"query-input\":{\"@type\":\"PropertyValueSpecification\",\"valueRequired\":true,\"valueName\":\"search_term_string\"}}],\"inLanguage\":\"pl-PL\"},{\"@type\":\"Organization\",\"@id\":\"https:\\\/\\\/bestmeditrips.com\\\/pl\\\/#organization\",\"name\":\"Bestmeditrips.com\",\"url\":\"https:\\\/\\\/bestmeditrips.com\\\/pl\\\/\",\"logo\":{\"@type\":\"ImageObject\",\"inLanguage\":\"pl-PL\",\"@id\":\"https:\\\/\\\/bestmeditrips.com\\\/pl\\\/#\\\/schema\\\/logo\\\/image\\\/\",\"url\":\"https:\\\/\\\/bestmeditrips.com\\\/wp-content\\\/uploads\\\/2024\\\/09\\\/logo-2.png\",\"contentUrl\":\"https:\\\/\\\/bestmeditrips.com\\\/wp-content\\\/uploads\\\/2024\\\/09\\\/logo-2.png\",\"width\":500,\"height\":98,\"caption\":\"Bestmeditrips.com\"},\"image\":{\"@id\":\"https:\\\/\\\/bestmeditrips.com\\\/pl\\\/#\\\/schema\\\/logo\\\/image\\\/\"},\"sameAs\":[\"https:\\\/\\\/www.facebook.com\\\/profile.php?id=61565479139599\"]}]}<\/script>\n<!-- \/ Yoast SEO plugin. -->","yoast_head_json":{"title":"Eksperci w Turystyce Medycznej | Premium Leczenia i Destynacje","description":"Poznaj najlepsze us\u0142ugi turystyki zdrowotnej z najlepszymi klinikami, lekarzami i dentystami, oferuj\u0105cymi fachowe porady na najlepsze podr\u00f3\u017ce medyczne.","robots":{"index":"index","follow":"follow","max-snippet":"max-snippet:-1","max-image-preview":"max-image-preview:large","max-video-preview":"max-video-preview:-1"},"canonical":"https:\/\/bestmeditrips.com\/pl\/","og_locale":"pl_PL","og_type":"article","og_title":"Eksperci w Turystyce Medycznej | Premium Leczenia i Destynacje","og_description":"Poznaj najlepsze us\u0142ugi turystyki zdrowotnej z najlepszymi klinikami, lekarzami i dentystami, oferuj\u0105cymi fachowe porady na najlepsze podr\u00f3\u017ce medyczne.","og_url":"https:\/\/bestmeditrips.com\/pl\/","og_site_name":"Bestmeditrips.com","article_publisher":"https:\/\/www.facebook.com\/profile.php?id=61565479139599","article_modified_time":"2024-09-23T09:01:09+00:00","og_image":[{"width":1024,"height":683,"url":"https:\/\/bestmeditrips.com\/wp-content\/uploads\/2024\/09\/health-tourism.jpg","type":"image\/jpeg"}],"twitter_card":"summary_large_image","twitter_misc":{"Szacowany czas czytania":"4 minuty"},"schema":{"@context":"https:\/\/schema.org","@graph":[{"@type":"WebPage","@id":"https:\/\/bestmeditrips.com\/pl\/","url":"https:\/\/bestmeditrips.com\/pl\/","name":"Eksperci w Turystyce Medycznej | Premium Leczenia i Destynacje","isPartOf":{"@id":"https:\/\/bestmeditrips.com\/pl\/#website"},"primaryImageOfPage":{"@id":"https:\/\/bestmeditrips.com\/pl\/#primaryimage"},"image":{"@id":"https:\/\/bestmeditrips.com\/pl\/#primaryimage"},"thumbnailUrl":"https:\/\/bestmeditrips.com\/wp-content\/uploads\/2024\/09\/health-tourism.jpg","datePublished":"2024-09-02T17:44:40+00:00","dateModified":"2024-09-23T09:01:09+00:00","description":"Poznaj najlepsze us\u0142ugi turystyki zdrowotnej z najlepszymi klinikami, lekarzami i dentystami, oferuj\u0105cymi fachowe porady na najlepsze podr\u00f3\u017ce medyczne.","breadcrumb":{"@id":"https:\/\/bestmeditrips.com\/pl\/#breadcrumb"},"inLanguage":"pl-PL","potentialAction":[{"@type":"ReadAction","target":["https:\/\/bestmeditrips.com\/pl\/"]}]},{"@type":"ImageObject","inLanguage":"pl-PL","@id":"https:\/\/bestmeditrips.com\/pl\/#primaryimage","url":"https:\/\/bestmeditrips.com\/wp-content\/uploads\/2024\/09\/health-tourism.jpg","contentUrl":"https:\/\/bestmeditrips.com\/wp-content\/uploads\/2024\/09\/health-tourism.jpg","width":1024,"height":683,"caption":"Medical tourism and best destinations in the world for dental, hair transplant, orthopedic and aesthetic treatments"},{"@type":"BreadcrumbList","@id":"https:\/\/bestmeditrips.com\/pl\/#breadcrumb","itemListElement":[{"@type":"ListItem","position":1,"name":"Home","item":"https:\/\/bestmeditrips.com\/pl\/"},{"@type":"ListItem","position":2,"name":"Turystyka Medyczna i Destynacje"}]},{"@type":"WebSite","@id":"https:\/\/bestmeditrips.com\/pl\/#website","url":"https:\/\/bestmeditrips.com\/pl\/","name":"Bestmeditrips.com","description":"Turystyka medyczna, najlepsze zabiegi, kliniki, lekarze i denty\u015bci!","publisher":{"@id":"https:\/\/bestmeditrips.com\/pl\/#organization"},"potentialAction":[{"@type":"SearchAction","target":{"@type":"EntryPoint","urlTemplate":"https:\/\/bestmeditrips.com\/pl\/?s={search_term_string}"},"query-input":{"@type":"PropertyValueSpecification","valueRequired":true,"valueName":"search_term_string"}}],"inLanguage":"pl-PL"},{"@type":"Organization","@id":"https:\/\/bestmeditrips.com\/pl\/#organization","name":"Bestmeditrips.com","url":"https:\/\/bestmeditrips.com\/pl\/","logo":{"@type":"ImageObject","inLanguage":"pl-PL","@id":"https:\/\/bestmeditrips.com\/pl\/#\/schema\/logo\/image\/","url":"https:\/\/bestmeditrips.com\/wp-content\/uploads\/2024\/09\/logo-2.png","contentUrl":"https:\/\/bestmeditrips.com\/wp-content\/uploads\/2024\/09\/logo-2.png","width":500,"height":98,"caption":"Bestmeditrips.com"},"image":{"@id":"https:\/\/bestmeditrips.com\/pl\/#\/schema\/logo\/image\/"},"sameAs":["https:\/\/www.facebook.com\/profile.php?id=61565479139599"]}]}},"_links":{"self":[{"href":"https:\/\/bestmeditrips.com\/pl\/wp-json\/wp\/v2\/pages\/311","targetHints":{"allow":["GET"]}}],"collection":[{"href":"https:\/\/bestmeditrips.com\/pl\/wp-json\/wp\/v2\/pages"}],"about":[{"href":"https:\/\/bestmeditrips.com\/pl\/wp-json\/wp\/v2\/types\/page"}],"author":[{"embeddable":true,"href":"https:\/\/bestmeditrips.com\/pl\/wp-json\/wp\/v2\/users\/1"}],"replies":[{"embeddable":true,"href":"https:\/\/bestmeditrips.com\/pl\/wp-json\/wp\/v2\/comments?post=311"}],"version-history":[{"count":4,"href":"https:\/\/bestmeditrips.com\/pl\/wp-json\/wp\/v2\/pages\/311\/revisions"}],"predecessor-version":[{"id":825,"href":"https:\/\/bestmeditrips.com\/pl\/wp-json\/wp\/v2\/pages\/311\/revisions\/825"}],"wp:featuredmedia":[{"embeddable":true,"href":"https:\/\/bestmeditrips.com\/pl\/wp-json\/wp\/v2\/media\/344"}],"wp:attachment":[{"href":"https:\/\/bestmeditrips.com\/pl\/wp-json\/wp\/v2\/media?parent=311"}],"curies":[{"name":"wp","href":"https:\/\/api.w.org\/{rel}","templated":true}]}}