{"id":1116,"date":"2024-09-23T21:41:39","date_gmt":"2024-09-23T18:41:39","guid":{"rendered":"https:\/\/bestmeditrips.com\/turcja\/"},"modified":"2024-09-23T21:41:39","modified_gmt":"2024-09-23T18:41:39","slug":"turcja","status":"publish","type":"page","link":"https:\/\/bestmeditrips.com\/pl\/turcja\/","title":{"rendered":"Turcja"},"content":{"rendered":"<h2>Odkryj wysokiej jako\u015bci opiek\u0119 zdrowotn\u0105 w Turcji<\/h2>\n<p>Turcja sta\u0142a si\u0119 wiod\u0105cym celem turystyki zdrowotnej, oferuj\u0105c \u015bwiatowej klasy zabiegi medyczne w przyst\u0119pnych cenach. Niezale\u017cnie od tego, czy rozwa\u017casz <strong>implanty dentystyczne<\/strong>, <strong>chirurgi\u0119 estetyczn\u0105<\/strong>, <strong>schorzenia ortopedyczne<\/strong>, <strong>leczenie oczu<\/strong>, <strong>przeszczep w\u0142os\u00f3w<\/strong>, <strong>leczenie raka<\/strong>, czy inne specjalistyczne zabiegi, Turcja zapewnia dost\u0119p do wysoko wykwalifikowanych specjalist\u00f3w i nowoczesnych klinik.<\/p>\n<figure style=\"width: 1014px\" class=\"wp-caption aligncenter\"><img loading=\"lazy\" decoding=\"async\" src=\"https:\/\/bestmeditrips.com\/wp-content\/uploads\/2024\/09\/turkey-hospital.jpg\" alt=\"One of the new and modern hospitals in Istanbul. \" width=\"1024\" height=\"616\" \/><figcaption class=\"wp-caption-text\"><em>Nowoczesny prywatny szpital w europejskiej cz\u0119\u015bci Stambu\u0142u<\/em><\/figcaption><\/figure>\n<h3>Dlaczego warto wybra\u0107 Turcj\u0119 na swoj\u0105 podr\u00f3\u017c medyczn\u0105?<\/h3>\n<p>Wyb\u00f3r Turcji na zabiegi zdrowotne oferuje wiele korzy\u015bci:<\/p>\n<ul>\n<li><strong>Wysoko wykwalifikowani lekarze<\/strong>: Turcja jest domem dla jednych z najbardziej do\u015bwiadczonych chirurg\u00f3w i specjalist\u00f3w na \u015bwiecie, z kt\u00f3rych wielu kszta\u0142ci\u0142o si\u0119 za granic\u0105.<\/li>\n<li><strong>Przyst\u0119pne zabiegi<\/strong>: Procedury medyczne w Turcji mog\u0105 kosztowa\u0107 do 70% mniej ni\u017c w USA lub Europie, bez uszczerbku na jako\u015bci.<\/li>\n<li><strong>Nowoczesne kliniki<\/strong>: Tureckie kliniki s\u0105 wyposa\u017cone w nowoczesne technologie, zapewniaj\u0105c wysoki standard opieki i leczenia.<\/li>\n<li><strong>\u0141atwo\u015b\u0107 podr\u00f3\u017cy<\/strong>: G\u0142\u00f3wne miasta Turcji, takie jak <strong>Stambu\u0142<\/strong>, <strong>Antalya<\/strong> i <strong>Izmir<\/strong>, s\u0105 \u0142atwo dost\u0119pne z ca\u0142ego \u015bwiata, co czyni Turcj\u0119 wygodnym celem dla pacjent\u00f3w mi\u0119dzynarodowych.<\/li>\n<\/ul>\n<figure style=\"width: 1014px\" class=\"wp-caption aligncenter\"><img loading=\"lazy\" decoding=\"async\" src=\"https:\/\/bestmeditrips.com\/wp-content\/uploads\/2024\/09\/health-tourism-istanbul-1.jpg\" alt=\"Why to prefer Turkey, Istanbul, Antalya, Izmir for dental and other medical treatments?\" width=\"1024\" height=\"455\" \/><figcaption class=\"wp-caption-text\"><em>Jedna z klinik stomatologicznych w Stambule<\/em><\/figcaption><\/figure>\n<h3>Popularne zabiegi w Turcji<\/h3>\n<ul>\n<li><em>Implanty dentystyczne<\/em>: Turcja jest znana z przyst\u0119pnych cenowo i wysokiej jako\u015bci us\u0142ug <strong>implant\u00f3w dentystycznych<\/strong>, w tym zabieg\u00f3w <em>all-on-4<\/em> i <em>all-on-6<\/em>.<\/li>\n<li><em>Rynoplastyka<\/em> i <em>powi\u0119kszanie piersi<\/em>: Turcja oferuje szerok\u0105 gam\u0119 procedur <strong>chirurgii estetycznej<\/strong>, wykonywanych przez certyfikowanych specjalist\u00f3w.<\/li>\n<li><em>Przywracanie w\u0142os\u00f3w<\/em>: Dzi\u0119ki klinikom oferuj\u0105cym zaawansowane techniki, Turcja sta\u0142a si\u0119 wiod\u0105cym miejscem dla zabieg\u00f3w <strong>przeszczepu w\u0142os\u00f3w<\/strong>.<\/li>\n<li><strong>Schorzenia ortopedyczne<\/strong>: Turcja oferuje doskona\u0142\u0105 opiek\u0119 ortopedyczn\u0105, specjalizuj\u0105c si\u0119 w <em>wymianach staw\u00f3w<\/em>, <em>p\u0119kni\u0119ciach \u0142\u0105kotek<\/em> i operacjach minimalnie inwazyjnych.<\/li>\n<li><strong>Leczenie oczu<\/strong>: Turcja jest r\u00f3wnie\u017c wiod\u0105cym celem leczenia oczu, oferuj\u0105c zabiegi takie jak <em>LASIK<\/em>, <em>operacja za\u0107my<\/em> i <em>przeszczep rog\u00f3wki<\/em>. Dzi\u0119ki nowoczesnej technologii i do\u015bwiadczonym okulistom pacjenci mog\u0105 liczy\u0107 na wysokiej jako\u015bci opiek\u0119 w konkurencyjnych cenach.<\/li>\n<li><strong>Leczenie raka<\/strong>: Turcja staje si\u0119 coraz bardziej centrum zaawansowanego leczenia raka, oferuj\u0105c kompleksow\u0105 opiek\u0119 pacjentom z r\u00f3\u017cnymi typami raka. Od najnowszej chemioterapii i radioterapii po innowacyjn\u0105 immunoterapi\u0119 i onkologi\u0119 precyzyjn\u0105, tureckie kliniki zapewniaj\u0105 dost\u0119p do najlepszych onkolog\u00f3w i najnowszych technologii medycznych. Pacjenci mog\u0105 oczekiwa\u0107 spersonalizowanych plan\u00f3w leczenia w znacznie ni\u017cszych kosztach ni\u017c w krajach zachodnich, bez kompromis\u00f3w w zakresie jako\u015bci.<\/li>\n<\/ul>\n<h3>G\u0142\u00f3wne miasta turystyki zdrowotnej w Turcji<\/h3>\n<ul>\n<li><strong>Stambu\u0142<\/strong>: Znany z wysokiej klasy klinik <strong>implant\u00f3w dentystycznych<\/strong> i <strong>chirurgii estetycznej<\/strong>, <strong>Stambu\u0142<\/strong> przyci\u0105ga co roku tysi\u0105ce pacjent\u00f3w mi\u0119dzynarodowych.<\/li>\n<li><strong>Antalya<\/strong>: Nadmorskie miasto, kt\u00f3re oferuje nie tylko wysokiej jako\u015bci opiek\u0119 medyczn\u0105, ale tak\u017ce relaksuj\u0105ce \u015brodowisko do rekonwalescencji, zw\u0142aszcza po zabiegach estetycznych.<\/li>\n<li><strong>Izmir<\/strong>: Kluczowe miasto w opiece dentystycznej i leczeniu <strong>schorze\u0144 ortopedycznych<\/strong>, <strong>Izmir<\/strong> staje si\u0119 rosn\u0105cym centrum turystyki zdrowotnej.<\/li>\n<\/ul>\n<h3>Uzyskaj najlepsze leczenie w najlepszych cenach<\/h3>\n<p>Wybieraj\u0105c Turcj\u0119, zyskujesz nie tylko wysokiej jako\u015bci opiek\u0119 zdrowotn\u0105, ale tak\u017ce znacz\u0105co oszcz\u0119dzasz na kosztach medycznych. Wiele klinik oferuje pakiety all-inclusive, kt\u00f3re obejmuj\u0105 leczenie, zakwaterowanie i transport, zapewniaj\u0105c bezproblemowe do\u015bwiadczenie dla pacjent\u00f3w mi\u0119dzynarodowych.<\/p>\n<h3>Zacznij planowa\u0107 swoj\u0105 podr\u00f3\u017c medyczn\u0105 do Turcji<\/h3>\n<p>Czy jeste\u015b gotowy, aby odkry\u0107 opcje opieki zdrowotnej w Turcji? Skontaktuj si\u0119 z naszym zespo\u0142em, aby uzyska\u0107 spersonalizowane porady i rekomendacje dotycz\u0105ce najlepszych klinik i zabieg\u00f3w. Pomo\u017cemy Ci podj\u0105\u0107 \u015bwiadome decyzje i uzyska\u0107 us\u0142ugi zdrowotne najwy\u017cszej jako\u015bci w przyst\u0119pnych cenach.<\/p>\n<p><span style=\"text-decoration: underline;\"><strong>SKONTAKTUJ SI\u0118 Z NAMI<\/strong><\/span><\/p>\n<style id=\"wpforms-css-vars-673\">\n\t\t\t\t#wpforms-673 {\n\t\t\t\t\n\t\t\t}\n\t\t\t<\/style><div class=\"wpforms-container wpforms-container-full wpforms-render-modern\" id=\"wpforms-673\"><form id=\"wpforms-form-673\" class=\"wpforms-validate wpforms-form wpforms-ajax-form\" data-formid=\"673\" method=\"post\" enctype=\"multipart\/form-data\" action=\"\/pl\/wp-json\/wp\/v2\/pages\/1116\" data-token=\"3afdf7b15cb95e56096648baafd6df2b\" data-token-time=\"1776389767\"><noscript class=\"wpforms-error-noscript\">Aby wype\u0142ni\u0107 ten formularz, w\u0142\u0105cz obs\u0142ug\u0119 JavaScript w przegl\u0105darce.<\/noscript><div id=\"wpforms-error-noscript\" style=\"display: none;\">Aby wype\u0142ni\u0107 ten formularz, w\u0142\u0105cz obs\u0142ug\u0119 JavaScript w przegl\u0105darce.<\/div><div class=\"wpforms-field-container\"><div id=\"wpforms-673-field_1-container\" class=\"wpforms-field wpforms-field-name\" data-field-id=\"1\"><fieldset><legend class=\"wpforms-field-label\">Imi\u0119 i nazwisko <span class=\"wpforms-required-label\" aria-hidden=\"true\">*<\/span><\/legend><div class=\"wpforms-field-row wpforms-field-medium\"><div class=\"wpforms-field-row-block wpforms-first wpforms-one-half\"><input type=\"text\" id=\"wpforms-673-field_1\" class=\"wpforms-field-name-first wpforms-field-required\" name=\"wpforms[fields][1][first]\" aria-errormessage=\"wpforms-673-field_1-error\" required><label for=\"wpforms-673-field_1\" class=\"wpforms-field-sublabel after\">First<\/label><\/div><div class=\"wpforms-field-row-block wpforms-one-half\"><input type=\"text\" id=\"wpforms-673-field_1-last\" class=\"wpforms-field-name-last wpforms-field-required\" name=\"wpforms[fields][1][last]\" aria-errormessage=\"wpforms-673-field_1-last-error\" required><label for=\"wpforms-673-field_1-last\" class=\"wpforms-field-sublabel after\">Last<\/label><\/div><\/div><\/fieldset><\/div>\t\t<div id=\"wpforms-673-field_4-container\"\n\t\t\tclass=\"wpforms-field wpforms-field-text\"\n\t\t\tdata-field-type=\"text\"\n\t\t\tdata-field-id=\"4\"\n\t\t\t>\n\t\t\t<label class=\"wpforms-field-label\" for=\"wpforms-673-field_4\" >E-mail i wiadomo\u015b\u0107<\/label>\n\t\t\t<input type=\"text\" id=\"wpforms-673-field_4\" class=\"wpforms-field-medium\" name=\"wpforms[fields][4]\" >\n\t\t<\/div>\n\t\t<div id=\"wpforms-673-field_2-container\" class=\"wpforms-field wpforms-field-email\" data-field-id=\"2\"><label class=\"wpforms-field-label\" for=\"wpforms-673-field_2\">E-mail i telefon kom\u00f3rkowy <span class=\"wpforms-required-label\" aria-hidden=\"true\">*<\/span><\/label><input type=\"email\" id=\"wpforms-673-field_2\" class=\"wpforms-field-medium wpforms-field-required\" name=\"wpforms[fields][2]\" spellcheck=\"false\" aria-errormessage=\"wpforms-673-field_2-error\" required><\/div><div id=\"wpforms-673-field_3-container\" class=\"wpforms-field wpforms-field-textarea\" data-field-id=\"3\"><label class=\"wpforms-field-label\" for=\"wpforms-673-field_3\">Twoja wiadomo\u015b\u0107<\/label><textarea id=\"wpforms-673-field_3\" class=\"wpforms-field-medium\" name=\"wpforms[fields][3]\" aria-errormessage=\"wpforms-673-field_3-error\" ><\/textarea><\/div><script>\n\t\t\t\t( function() {\n\t\t\t\t\tconst style = document.createElement( 'style' );\n\t\t\t\t\tstyle.appendChild( document.createTextNode( '#wpforms-673-field_4-container { position: absolute !important; overflow: hidden !important; display: inline !important; height: 1px !important; width: 1px !important; z-index: -1000 !important; padding: 0 !important; } #wpforms-673-field_4-container input { visibility: hidden; } #wpforms-conversational-form-page #wpforms-673-field_4-container label { counter-increment: none; }' ) );\n\t\t\t\t\tdocument.head.appendChild( style );\n\t\t\t\t\tdocument.currentScript?.remove();\n\t\t\t\t} )();\n\t\t\t<\/script><\/div><!-- .wpforms-field-container --><div class=\"wpforms-submit-container\" ><input type=\"hidden\" name=\"wpforms[id]\" value=\"673\"><input type=\"hidden\" name=\"page_title\" value=\"\"><input type=\"hidden\" name=\"page_url\" value=\"https:\/\/bestmeditrips.com\/pl\/wp-json\/wp\/v2\/pages\/1116\"><input type=\"hidden\" name=\"url_referer\" value=\"\"><button type=\"submit\" name=\"wpforms[submit]\" id=\"wpforms-submit-673\" class=\"wpforms-submit\" data-alt-text=\"Sending...\" data-submit-text=\"Prze\u015blij\" aria-live=\"assertive\" value=\"wpforms-submit\">Prze\u015blij<\/button><img loading=\"lazy\" decoding=\"async\" src=\"https:\/\/bestmeditrips.com\/wp-content\/plugins\/wpforms-lite\/assets\/images\/submit-spin.svg\" class=\"wpforms-submit-spinner\" style=\"display: none;\" width=\"26\" height=\"26\" alt=\"Wczytywanie\"><\/div><\/form><\/div>  <!-- .wpforms-container -->\n","protected":false},"excerpt":{"rendered":"<p>Odkryj wysokiej jako\u015bci opiek\u0119 zdrowotn\u0105 w Turcji Turcja sta\u0142a si\u0119 wiod\u0105cym celem turystyki zdrowotnej, oferuj\u0105c \u015bwiatowej klasy zabiegi medyczne w przyst\u0119pnych cenach. Niezale\u017cnie od tego, czy rozwa\u017casz implanty dentystyczne, chirurgi\u0119 estetyczn\u0105, schorzenia ortopedyczne, leczenie oczu, przeszczep w\u0142os\u00f3w, leczenie raka, czy inne specjalistyczne zabiegi, Turcja zapewnia dost\u0119p do wysoko wykwalifikowanych specjalist\u00f3w i nowoczesnych klinik. Dlaczego warto &#8230; <a title=\"Turcja\" class=\"read-more\" href=\"https:\/\/bestmeditrips.com\/pl\/turcja\/\" aria-label=\"Dowiedz si\u0119 wi\u0119cej o Turcja\">Czytaj dalej<\/a><\/p>\n","protected":false},"author":1,"featured_media":919,"parent":0,"menu_order":0,"comment_status":"closed","ping_status":"closed","template":"","meta":{"footnotes":""},"class_list":["post-1116","page","type-page","status-publish","has-post-thumbnail"],"yoast_head":"<!-- This site is optimized with the Yoast SEO plugin v27.4 - https:\/\/yoast.com\/product\/yoast-seo-wordpress\/ -->\n<title>Turystyka Medyczna w Turcji: Przyst\u0119pne Zabiegi, Kliniki Premium<\/title>\n<meta name=\"description\" content=\"Odkryj us\u0142ugi zdrowotne na \u015bwiatowym poziomie w Turcji. Przyst\u0119pne ceny i opieka ekspert\u00f3w od najlepszych lekarzy w Stambule, Antalyi, Izmirze...\" \/>\n<meta name=\"robots\" content=\"index, follow, max-snippet:-1, max-image-preview:large, max-video-preview:-1\" \/>\n<link rel=\"canonical\" href=\"https:\/\/bestmeditrips.com\/pl\/turcja\/\" \/>\n<meta property=\"og:locale\" content=\"pl_PL\" \/>\n<meta property=\"og:type\" content=\"article\" \/>\n<meta property=\"og:title\" content=\"Turystyka Medyczna w Turcji: Przyst\u0119pne Zabiegi, Kliniki Premium\" \/>\n<meta property=\"og:description\" content=\"Odkryj us\u0142ugi zdrowotne na \u015bwiatowym poziomie w Turcji. Przyst\u0119pne ceny i opieka ekspert\u00f3w od najlepszych lekarzy w Stambule, Antalyi, Izmirze...\" \/>\n<meta property=\"og:url\" content=\"https:\/\/bestmeditrips.com\/pl\/turcja\/\" \/>\n<meta property=\"og:site_name\" content=\"Bestmeditrips.com\" \/>\n<meta property=\"article:publisher\" content=\"https:\/\/www.facebook.com\/profile.php?id=61565479139599\" \/>\n<meta property=\"og:image\" content=\"https:\/\/bestmeditrips.com\/wp-content\/uploads\/2024\/09\/turkey-e1727124656345.jpg\" \/>\n\t<meta property=\"og:image:width\" content=\"1350\" \/>\n\t<meta property=\"og:image:height\" content=\"360\" \/>\n\t<meta property=\"og:image:type\" content=\"image\/jpeg\" \/>\n<meta name=\"twitter:card\" content=\"summary_large_image\" \/>\n<meta name=\"twitter:label1\" content=\"Szacowany czas czytania\" \/>\n\t<meta name=\"twitter:data1\" content=\"3 minuty\" \/>\n<script type=\"application\/ld+json\" class=\"yoast-schema-graph\">{\"@context\":\"https:\\\/\\\/schema.org\",\"@graph\":[{\"@type\":\"WebPage\",\"@id\":\"https:\\\/\\\/bestmeditrips.com\\\/pl\\\/turcja\\\/\",\"url\":\"https:\\\/\\\/bestmeditrips.com\\\/pl\\\/turcja\\\/\",\"name\":\"Turystyka Medyczna w Turcji: Przyst\u0119pne Zabiegi, Kliniki Premium\",\"isPartOf\":{\"@id\":\"https:\\\/\\\/bestmeditrips.com\\\/pl\\\/#website\"},\"primaryImageOfPage\":{\"@id\":\"https:\\\/\\\/bestmeditrips.com\\\/pl\\\/turcja\\\/#primaryimage\"},\"image\":{\"@id\":\"https:\\\/\\\/bestmeditrips.com\\\/pl\\\/turcja\\\/#primaryimage\"},\"thumbnailUrl\":\"https:\\\/\\\/bestmeditrips.com\\\/wp-content\\\/uploads\\\/2024\\\/09\\\/turkey-e1727124656345.jpg\",\"datePublished\":\"2024-09-23T18:41:39+00:00\",\"description\":\"Odkryj us\u0142ugi zdrowotne na \u015bwiatowym poziomie w Turcji. Przyst\u0119pne ceny i opieka ekspert\u00f3w od najlepszych lekarzy w Stambule, Antalyi, Izmirze...\",\"breadcrumb\":{\"@id\":\"https:\\\/\\\/bestmeditrips.com\\\/pl\\\/turcja\\\/#breadcrumb\"},\"inLanguage\":\"pl-PL\",\"potentialAction\":[{\"@type\":\"ReadAction\",\"target\":[\"https:\\\/\\\/bestmeditrips.com\\\/pl\\\/turcja\\\/\"]}]},{\"@type\":\"ImageObject\",\"inLanguage\":\"pl-PL\",\"@id\":\"https:\\\/\\\/bestmeditrips.com\\\/pl\\\/turcja\\\/#primaryimage\",\"url\":\"https:\\\/\\\/bestmeditrips.com\\\/wp-content\\\/uploads\\\/2024\\\/09\\\/turkey-e1727124656345.jpg\",\"contentUrl\":\"https:\\\/\\\/bestmeditrips.com\\\/wp-content\\\/uploads\\\/2024\\\/09\\\/turkey-e1727124656345.jpg\",\"width\":1350,\"height\":360,\"caption\":\"Turcja; najwy\u017cszej jako\u015bci opieka zdrowotna, stolica turystyki medycznej\\\/zdrowotnej.\"},{\"@type\":\"BreadcrumbList\",\"@id\":\"https:\\\/\\\/bestmeditrips.com\\\/pl\\\/turcja\\\/#breadcrumb\",\"itemListElement\":[{\"@type\":\"ListItem\",\"position\":1,\"name\":\"Home\",\"item\":\"https:\\\/\\\/bestmeditrips.com\\\/pl\\\/\"},{\"@type\":\"ListItem\",\"position\":2,\"name\":\"Turcja\"}]},{\"@type\":\"WebSite\",\"@id\":\"https:\\\/\\\/bestmeditrips.com\\\/pl\\\/#website\",\"url\":\"https:\\\/\\\/bestmeditrips.com\\\/pl\\\/\",\"name\":\"Bestmeditrips.com\",\"description\":\"Turystyka medyczna, najlepsze zabiegi, kliniki, lekarze i denty\u015bci!\",\"publisher\":{\"@id\":\"https:\\\/\\\/bestmeditrips.com\\\/pl\\\/#organization\"},\"potentialAction\":[{\"@type\":\"SearchAction\",\"target\":{\"@type\":\"EntryPoint\",\"urlTemplate\":\"https:\\\/\\\/bestmeditrips.com\\\/pl\\\/?s={search_term_string}\"},\"query-input\":{\"@type\":\"PropertyValueSpecification\",\"valueRequired\":true,\"valueName\":\"search_term_string\"}}],\"inLanguage\":\"pl-PL\"},{\"@type\":\"Organization\",\"@id\":\"https:\\\/\\\/bestmeditrips.com\\\/pl\\\/#organization\",\"name\":\"Bestmeditrips.com\",\"url\":\"https:\\\/\\\/bestmeditrips.com\\\/pl\\\/\",\"logo\":{\"@type\":\"ImageObject\",\"inLanguage\":\"pl-PL\",\"@id\":\"https:\\\/\\\/bestmeditrips.com\\\/pl\\\/#\\\/schema\\\/logo\\\/image\\\/\",\"url\":\"https:\\\/\\\/bestmeditrips.com\\\/wp-content\\\/uploads\\\/2024\\\/09\\\/logo-2.png\",\"contentUrl\":\"https:\\\/\\\/bestmeditrips.com\\\/wp-content\\\/uploads\\\/2024\\\/09\\\/logo-2.png\",\"width\":500,\"height\":98,\"caption\":\"Bestmeditrips.com\"},\"image\":{\"@id\":\"https:\\\/\\\/bestmeditrips.com\\\/pl\\\/#\\\/schema\\\/logo\\\/image\\\/\"},\"sameAs\":[\"https:\\\/\\\/www.facebook.com\\\/profile.php?id=61565479139599\"]}]}<\/script>\n<!-- \/ Yoast SEO plugin. -->","yoast_head_json":{"title":"Turystyka Medyczna w Turcji: Przyst\u0119pne Zabiegi, Kliniki Premium","description":"Odkryj us\u0142ugi zdrowotne na \u015bwiatowym poziomie w Turcji. Przyst\u0119pne ceny i opieka ekspert\u00f3w od najlepszych lekarzy w Stambule, Antalyi, Izmirze...","robots":{"index":"index","follow":"follow","max-snippet":"max-snippet:-1","max-image-preview":"max-image-preview:large","max-video-preview":"max-video-preview:-1"},"canonical":"https:\/\/bestmeditrips.com\/pl\/turcja\/","og_locale":"pl_PL","og_type":"article","og_title":"Turystyka Medyczna w Turcji: Przyst\u0119pne Zabiegi, Kliniki Premium","og_description":"Odkryj us\u0142ugi zdrowotne na \u015bwiatowym poziomie w Turcji. Przyst\u0119pne ceny i opieka ekspert\u00f3w od najlepszych lekarzy w Stambule, Antalyi, Izmirze...","og_url":"https:\/\/bestmeditrips.com\/pl\/turcja\/","og_site_name":"Bestmeditrips.com","article_publisher":"https:\/\/www.facebook.com\/profile.php?id=61565479139599","og_image":[{"width":1350,"height":360,"url":"https:\/\/bestmeditrips.com\/wp-content\/uploads\/2024\/09\/turkey-e1727124656345.jpg","type":"image\/jpeg"}],"twitter_card":"summary_large_image","twitter_misc":{"Szacowany czas czytania":"3 minuty"},"schema":{"@context":"https:\/\/schema.org","@graph":[{"@type":"WebPage","@id":"https:\/\/bestmeditrips.com\/pl\/turcja\/","url":"https:\/\/bestmeditrips.com\/pl\/turcja\/","name":"Turystyka Medyczna w Turcji: Przyst\u0119pne Zabiegi, Kliniki Premium","isPartOf":{"@id":"https:\/\/bestmeditrips.com\/pl\/#website"},"primaryImageOfPage":{"@id":"https:\/\/bestmeditrips.com\/pl\/turcja\/#primaryimage"},"image":{"@id":"https:\/\/bestmeditrips.com\/pl\/turcja\/#primaryimage"},"thumbnailUrl":"https:\/\/bestmeditrips.com\/wp-content\/uploads\/2024\/09\/turkey-e1727124656345.jpg","datePublished":"2024-09-23T18:41:39+00:00","description":"Odkryj us\u0142ugi zdrowotne na \u015bwiatowym poziomie w Turcji. Przyst\u0119pne ceny i opieka ekspert\u00f3w od najlepszych lekarzy w Stambule, Antalyi, Izmirze...","breadcrumb":{"@id":"https:\/\/bestmeditrips.com\/pl\/turcja\/#breadcrumb"},"inLanguage":"pl-PL","potentialAction":[{"@type":"ReadAction","target":["https:\/\/bestmeditrips.com\/pl\/turcja\/"]}]},{"@type":"ImageObject","inLanguage":"pl-PL","@id":"https:\/\/bestmeditrips.com\/pl\/turcja\/#primaryimage","url":"https:\/\/bestmeditrips.com\/wp-content\/uploads\/2024\/09\/turkey-e1727124656345.jpg","contentUrl":"https:\/\/bestmeditrips.com\/wp-content\/uploads\/2024\/09\/turkey-e1727124656345.jpg","width":1350,"height":360,"caption":"Turcja; najwy\u017cszej jako\u015bci opieka zdrowotna, stolica turystyki medycznej\/zdrowotnej."},{"@type":"BreadcrumbList","@id":"https:\/\/bestmeditrips.com\/pl\/turcja\/#breadcrumb","itemListElement":[{"@type":"ListItem","position":1,"name":"Home","item":"https:\/\/bestmeditrips.com\/pl\/"},{"@type":"ListItem","position":2,"name":"Turcja"}]},{"@type":"WebSite","@id":"https:\/\/bestmeditrips.com\/pl\/#website","url":"https:\/\/bestmeditrips.com\/pl\/","name":"Bestmeditrips.com","description":"Turystyka medyczna, najlepsze zabiegi, kliniki, lekarze i denty\u015bci!","publisher":{"@id":"https:\/\/bestmeditrips.com\/pl\/#organization"},"potentialAction":[{"@type":"SearchAction","target":{"@type":"EntryPoint","urlTemplate":"https:\/\/bestmeditrips.com\/pl\/?s={search_term_string}"},"query-input":{"@type":"PropertyValueSpecification","valueRequired":true,"valueName":"search_term_string"}}],"inLanguage":"pl-PL"},{"@type":"Organization","@id":"https:\/\/bestmeditrips.com\/pl\/#organization","name":"Bestmeditrips.com","url":"https:\/\/bestmeditrips.com\/pl\/","logo":{"@type":"ImageObject","inLanguage":"pl-PL","@id":"https:\/\/bestmeditrips.com\/pl\/#\/schema\/logo\/image\/","url":"https:\/\/bestmeditrips.com\/wp-content\/uploads\/2024\/09\/logo-2.png","contentUrl":"https:\/\/bestmeditrips.com\/wp-content\/uploads\/2024\/09\/logo-2.png","width":500,"height":98,"caption":"Bestmeditrips.com"},"image":{"@id":"https:\/\/bestmeditrips.com\/pl\/#\/schema\/logo\/image\/"},"sameAs":["https:\/\/www.facebook.com\/profile.php?id=61565479139599"]}]}},"_links":{"self":[{"href":"https:\/\/bestmeditrips.com\/pl\/wp-json\/wp\/v2\/pages\/1116","targetHints":{"allow":["GET"]}}],"collection":[{"href":"https:\/\/bestmeditrips.com\/pl\/wp-json\/wp\/v2\/pages"}],"about":[{"href":"https:\/\/bestmeditrips.com\/pl\/wp-json\/wp\/v2\/types\/page"}],"author":[{"embeddable":true,"href":"https:\/\/bestmeditrips.com\/pl\/wp-json\/wp\/v2\/users\/1"}],"replies":[{"embeddable":true,"href":"https:\/\/bestmeditrips.com\/pl\/wp-json\/wp\/v2\/comments?post=1116"}],"version-history":[{"count":0,"href":"https:\/\/bestmeditrips.com\/pl\/wp-json\/wp\/v2\/pages\/1116\/revisions"}],"wp:featuredmedia":[{"embeddable":true,"href":"https:\/\/bestmeditrips.com\/pl\/wp-json\/wp\/v2\/media\/919"}],"wp:attachment":[{"href":"https:\/\/bestmeditrips.com\/pl\/wp-json\/wp\/v2\/media?parent=1116"}],"curies":[{"name":"wp","href":"https:\/\/api.w.org\/{rel}","templated":true}]}}