{"id":432,"date":"2024-09-01T20:00:15","date_gmt":"2024-09-01T17:00:15","guid":{"rendered":"https:\/\/bestmeditrips.com\/personvernerklaering\/"},"modified":"2024-09-05T00:59:45","modified_gmt":"2024-09-04T21:59:45","slug":"personvernerklaering","status":"publish","type":"page","link":"https:\/\/bestmeditrips.com\/no\/personvernerklaering\/","title":{"rendered":"Personvernerkl\u00e6ring"},"content":{"rendered":"<p><strong>Personvernerkl\u00e6ring<\/strong><\/p>\n<p>Takk for at du bes\u00f8ker <em>BestMediTrips.com<\/em>. Din personvern er viktig for oss. Denne <strong>Personvernerkl\u00e6ringen<\/strong> forklarer hvordan vi samler inn, bruker, offentliggj\u00f8r og beskytter informasjonen din n\u00e5r du bes\u00f8ker nettstedet v\u00e5rt. Vennligst les denne personvernerkl\u00e6ringen n\u00f8ye. Hvis du ikke er enig i vilk\u00e5rene i denne personvernerkl\u00e6ringen, vennligst ikke f\u00e5 tilgang til nettstedet.<\/p>\n<p><strong>1. Informasjon vi Samler inn<\/strong><\/p>\n<p>Vi kan samle inn personlig informasjon som navnet ditt, e-postadressen din, telefonnummeret ditt og andre detaljer du gir n\u00e5r du samhandler med nettstedet v\u00e5rt eller kontakter oss for foresp\u00f8rsler.<\/p>\n<p><strong>2. Hvordan vi Bruker Informasjonen din<\/strong><\/p>\n<p>Vi kan bruke informasjonen vi samler inn for \u00e5:<\/p>\n<p>Tilby, drive og vedlikeholde nettstedet v\u00e5rt<br \/>\nForbedre, tilpasse og utvide tilbudene p\u00e5 nettstedet v\u00e5rt<br \/>\nKommunisere med deg, enten direkte eller gjennom en av v\u00e5re partnere, inkludert for kundeservice, for \u00e5 gi oppdateringer og annen informasjon knyttet til nettstedet, og for markedsf\u00f8rings- og salgsfremmende form\u00e5l<br \/>\nBeskytte, unders\u00f8ke og avskrekke uautorisert eller ulovlig aktivitet<\/p>\n<p><strong>3. Utlevering av Informasjonen din<\/strong><\/p>\n<p>Vi kan dele informasjonen din med tredjeparter kun p\u00e5 de m\u00e5tene som er beskrevet i denne <strong>Personvernerkl\u00e6ringen<\/strong>.<\/p>\n<p><strong>4. Sikkerhet for Informasjonen din<\/strong><\/p>\n<p>Vi bruker administrative, tekniske og fysiske sikkerhetstiltak for \u00e5 hjelpe med \u00e5 beskytte dine personlige opplysninger. Selv om vi har tatt rimelige skritt for \u00e5 sikre den personlige informasjonen du gir oss, v\u00e6r oppmerksom p\u00e5 at til tross for v\u00e5re anstrengelser, er ingen sikkerhetstiltak perfekte eller ugjennomtrengelige.<\/p>\n<p><strong>5. Dine Valg ang\u00e5ende Informasjonen din<\/strong><\/p>\n<p>Du har rett til \u00e5:<\/p>\n<p>Oppdatere eller korrigere dine personlige opplysninger<br \/>\nVelge bort \u00e5 motta markedsf\u00f8ringskommunikasjon<br \/>\nBe om at vi sletter dine personlige opplysninger<\/p>\n<p><strong>6. Endringer i Denne Personvernerkl\u00e6ringen<\/strong><\/p>\n<p>Vi kan fra tid til annen oppdatere denne <strong>Personvernerkl\u00e6ringen<\/strong> for \u00e5 reflektere, for eksempel, endringer i v\u00e5re praksiser eller av andre operasjonelle, juridiske eller regulerende \u00e5rsaker.<\/p>\n<p><strong>7. Kontakt oss<\/strong><\/p>\n<p>Hvis du har sp\u00f8rsm\u00e5l eller kommentarer om denne <strong>Personvernerkl\u00e6ringen<\/strong>, vennligst kontakt oss.<\/p>\n","protected":false},"excerpt":{"rendered":"<p>Personvernerkl\u00e6ring Takk for at du bes\u00f8ker BestMediTrips.com. Din personvern er viktig for oss. Denne Personvernerkl\u00e6ringen forklarer hvordan vi samler inn, bruker, offentliggj\u00f8r og beskytter informasjonen din n\u00e5r du bes\u00f8ker nettstedet v\u00e5rt. Vennligst les denne personvernerkl\u00e6ringen n\u00f8ye. Hvis du ikke er enig i vilk\u00e5rene i denne personvernerkl\u00e6ringen, vennligst ikke f\u00e5 tilgang til nettstedet. 1. Informasjon vi &#8230; <a title=\"Personvernerkl\u00e6ring\" class=\"read-more\" href=\"https:\/\/bestmeditrips.com\/no\/personvernerklaering\/\" aria-label=\"Read more about Personvernerkl\u00e6ring\">Les mer<\/a><\/p>\n","protected":false},"author":1,"featured_media":0,"parent":0,"menu_order":0,"comment_status":"closed","ping_status":"open","template":"","meta":{"footnotes":""},"class_list":["post-432","page","type-page","status-publish"],"yoast_head":"<!-- This site is optimized with the Yoast SEO plugin v27.4 - https:\/\/yoast.com\/product\/yoast-seo-wordpress\/ -->\n<title>Personvernerkl\u00e6ring - Bestmeditrips.com<\/title>\n<meta name=\"robots\" content=\"index, follow, max-snippet:-1, max-image-preview:large, max-video-preview:-1\" \/>\n<link rel=\"canonical\" href=\"https:\/\/bestmeditrips.com\/no\/personvernerklaering\/\" \/>\n<meta property=\"og:locale\" content=\"nb_NO\" \/>\n<meta property=\"og:type\" content=\"article\" \/>\n<meta property=\"og:title\" content=\"Personvernerkl\u00e6ring - Bestmeditrips.com\" \/>\n<meta property=\"og:description\" content=\"Personvernerkl\u00e6ring Takk for at du bes\u00f8ker BestMediTrips.com. Din personvern er viktig for oss. Denne Personvernerkl\u00e6ringen forklarer hvordan vi samler inn, bruker, offentliggj\u00f8r og beskytter informasjonen din n\u00e5r du bes\u00f8ker nettstedet v\u00e5rt. Vennligst les denne personvernerkl\u00e6ringen n\u00f8ye. Hvis du ikke er enig i vilk\u00e5rene i denne personvernerkl\u00e6ringen, vennligst ikke f\u00e5 tilgang til nettstedet. 1. Informasjon vi ... Les mer\" \/>\n<meta property=\"og:url\" content=\"https:\/\/bestmeditrips.com\/no\/personvernerklaering\/\" \/>\n<meta property=\"og:site_name\" content=\"Bestmeditrips.com\" \/>\n<meta property=\"article:publisher\" content=\"https:\/\/www.facebook.com\/profile.php?id=61565479139599\" \/>\n<meta property=\"article:modified_time\" content=\"2024-09-04T21:59:45+00:00\" \/>\n<meta property=\"og:image\" content=\"https:\/\/bestmeditrips.com\/wp-content\/uploads\/2024\/09\/health-tourism.jpg\" \/>\n\t<meta property=\"og:image:width\" content=\"1024\" \/>\n\t<meta property=\"og:image:height\" content=\"683\" \/>\n\t<meta property=\"og:image:type\" content=\"image\/jpeg\" \/>\n<meta name=\"twitter:card\" content=\"summary_large_image\" \/>\n<meta name=\"twitter:label1\" content=\"Ansl. lesetid\" \/>\n\t<meta name=\"twitter:data1\" content=\"2 minutter\" \/>\n<script type=\"application\/ld+json\" class=\"yoast-schema-graph\">{\"@context\":\"https:\\\/\\\/schema.org\",\"@graph\":[{\"@type\":\"WebPage\",\"@id\":\"https:\\\/\\\/bestmeditrips.com\\\/no\\\/personvernerklaering\\\/\",\"url\":\"https:\\\/\\\/bestmeditrips.com\\\/no\\\/personvernerklaering\\\/\",\"name\":\"Personvernerkl\u00e6ring - Bestmeditrips.com\",\"isPartOf\":{\"@id\":\"https:\\\/\\\/bestmeditrips.com\\\/no\\\/#website\"},\"datePublished\":\"2024-09-01T17:00:15+00:00\",\"dateModified\":\"2024-09-04T21:59:45+00:00\",\"breadcrumb\":{\"@id\":\"https:\\\/\\\/bestmeditrips.com\\\/no\\\/personvernerklaering\\\/#breadcrumb\"},\"inLanguage\":\"nb-NO\",\"potentialAction\":[{\"@type\":\"ReadAction\",\"target\":[\"https:\\\/\\\/bestmeditrips.com\\\/no\\\/personvernerklaering\\\/\"]}]},{\"@type\":\"BreadcrumbList\",\"@id\":\"https:\\\/\\\/bestmeditrips.com\\\/no\\\/personvernerklaering\\\/#breadcrumb\",\"itemListElement\":[{\"@type\":\"ListItem\",\"position\":1,\"name\":\"Home\",\"item\":\"https:\\\/\\\/bestmeditrips.com\\\/no\\\/\"},{\"@type\":\"ListItem\",\"position\":2,\"name\":\"Personvernerkl\u00e6ring\"}]},{\"@type\":\"WebSite\",\"@id\":\"https:\\\/\\\/bestmeditrips.com\\\/no\\\/#website\",\"url\":\"https:\\\/\\\/bestmeditrips.com\\\/no\\\/\",\"name\":\"Bestmeditrips.com\",\"description\":\"Medisinsk turisme, beste behandlinger, klinikker, leger og tannleger!\",\"publisher\":{\"@id\":\"https:\\\/\\\/bestmeditrips.com\\\/no\\\/#organization\"},\"potentialAction\":[{\"@type\":\"SearchAction\",\"target\":{\"@type\":\"EntryPoint\",\"urlTemplate\":\"https:\\\/\\\/bestmeditrips.com\\\/no\\\/?s={search_term_string}\"},\"query-input\":{\"@type\":\"PropertyValueSpecification\",\"valueRequired\":true,\"valueName\":\"search_term_string\"}}],\"inLanguage\":\"nb-NO\"},{\"@type\":\"Organization\",\"@id\":\"https:\\\/\\\/bestmeditrips.com\\\/no\\\/#organization\",\"name\":\"Bestmeditrips.com\",\"url\":\"https:\\\/\\\/bestmeditrips.com\\\/no\\\/\",\"logo\":{\"@type\":\"ImageObject\",\"inLanguage\":\"nb-NO\",\"@id\":\"https:\\\/\\\/bestmeditrips.com\\\/no\\\/#\\\/schema\\\/logo\\\/image\\\/\",\"url\":\"https:\\\/\\\/bestmeditrips.com\\\/wp-content\\\/uploads\\\/2024\\\/09\\\/logo-2.png\",\"contentUrl\":\"https:\\\/\\\/bestmeditrips.com\\\/wp-content\\\/uploads\\\/2024\\\/09\\\/logo-2.png\",\"width\":500,\"height\":98,\"caption\":\"Bestmeditrips.com\"},\"image\":{\"@id\":\"https:\\\/\\\/bestmeditrips.com\\\/no\\\/#\\\/schema\\\/logo\\\/image\\\/\"},\"sameAs\":[\"https:\\\/\\\/www.facebook.com\\\/profile.php?id=61565479139599\"]}]}<\/script>\n<!-- \/ Yoast SEO plugin. -->","yoast_head_json":{"title":"Personvernerkl\u00e6ring - Bestmeditrips.com","robots":{"index":"index","follow":"follow","max-snippet":"max-snippet:-1","max-image-preview":"max-image-preview:large","max-video-preview":"max-video-preview:-1"},"canonical":"https:\/\/bestmeditrips.com\/no\/personvernerklaering\/","og_locale":"nb_NO","og_type":"article","og_title":"Personvernerkl\u00e6ring - Bestmeditrips.com","og_description":"Personvernerkl\u00e6ring Takk for at du bes\u00f8ker BestMediTrips.com. Din personvern er viktig for oss. Denne Personvernerkl\u00e6ringen forklarer hvordan vi samler inn, bruker, offentliggj\u00f8r og beskytter informasjonen din n\u00e5r du bes\u00f8ker nettstedet v\u00e5rt. Vennligst les denne personvernerkl\u00e6ringen n\u00f8ye. Hvis du ikke er enig i vilk\u00e5rene i denne personvernerkl\u00e6ringen, vennligst ikke f\u00e5 tilgang til nettstedet. 1. Informasjon vi ... Les mer","og_url":"https:\/\/bestmeditrips.com\/no\/personvernerklaering\/","og_site_name":"Bestmeditrips.com","article_publisher":"https:\/\/www.facebook.com\/profile.php?id=61565479139599","article_modified_time":"2024-09-04T21:59:45+00:00","og_image":[{"width":1024,"height":683,"url":"https:\/\/bestmeditrips.com\/wp-content\/uploads\/2024\/09\/health-tourism.jpg","type":"image\/jpeg"}],"twitter_card":"summary_large_image","twitter_misc":{"Ansl. lesetid":"2 minutter"},"schema":{"@context":"https:\/\/schema.org","@graph":[{"@type":"WebPage","@id":"https:\/\/bestmeditrips.com\/no\/personvernerklaering\/","url":"https:\/\/bestmeditrips.com\/no\/personvernerklaering\/","name":"Personvernerkl\u00e6ring - Bestmeditrips.com","isPartOf":{"@id":"https:\/\/bestmeditrips.com\/no\/#website"},"datePublished":"2024-09-01T17:00:15+00:00","dateModified":"2024-09-04T21:59:45+00:00","breadcrumb":{"@id":"https:\/\/bestmeditrips.com\/no\/personvernerklaering\/#breadcrumb"},"inLanguage":"nb-NO","potentialAction":[{"@type":"ReadAction","target":["https:\/\/bestmeditrips.com\/no\/personvernerklaering\/"]}]},{"@type":"BreadcrumbList","@id":"https:\/\/bestmeditrips.com\/no\/personvernerklaering\/#breadcrumb","itemListElement":[{"@type":"ListItem","position":1,"name":"Home","item":"https:\/\/bestmeditrips.com\/no\/"},{"@type":"ListItem","position":2,"name":"Personvernerkl\u00e6ring"}]},{"@type":"WebSite","@id":"https:\/\/bestmeditrips.com\/no\/#website","url":"https:\/\/bestmeditrips.com\/no\/","name":"Bestmeditrips.com","description":"Medisinsk turisme, beste behandlinger, klinikker, leger og tannleger!","publisher":{"@id":"https:\/\/bestmeditrips.com\/no\/#organization"},"potentialAction":[{"@type":"SearchAction","target":{"@type":"EntryPoint","urlTemplate":"https:\/\/bestmeditrips.com\/no\/?s={search_term_string}"},"query-input":{"@type":"PropertyValueSpecification","valueRequired":true,"valueName":"search_term_string"}}],"inLanguage":"nb-NO"},{"@type":"Organization","@id":"https:\/\/bestmeditrips.com\/no\/#organization","name":"Bestmeditrips.com","url":"https:\/\/bestmeditrips.com\/no\/","logo":{"@type":"ImageObject","inLanguage":"nb-NO","@id":"https:\/\/bestmeditrips.com\/no\/#\/schema\/logo\/image\/","url":"https:\/\/bestmeditrips.com\/wp-content\/uploads\/2024\/09\/logo-2.png","contentUrl":"https:\/\/bestmeditrips.com\/wp-content\/uploads\/2024\/09\/logo-2.png","width":500,"height":98,"caption":"Bestmeditrips.com"},"image":{"@id":"https:\/\/bestmeditrips.com\/no\/#\/schema\/logo\/image\/"},"sameAs":["https:\/\/www.facebook.com\/profile.php?id=61565479139599"]}]}},"_links":{"self":[{"href":"https:\/\/bestmeditrips.com\/no\/wp-json\/wp\/v2\/pages\/432","targetHints":{"allow":["GET"]}}],"collection":[{"href":"https:\/\/bestmeditrips.com\/no\/wp-json\/wp\/v2\/pages"}],"about":[{"href":"https:\/\/bestmeditrips.com\/no\/wp-json\/wp\/v2\/types\/page"}],"author":[{"embeddable":true,"href":"https:\/\/bestmeditrips.com\/no\/wp-json\/wp\/v2\/users\/1"}],"replies":[{"embeddable":true,"href":"https:\/\/bestmeditrips.com\/no\/wp-json\/wp\/v2\/comments?post=432"}],"version-history":[{"count":1,"href":"https:\/\/bestmeditrips.com\/no\/wp-json\/wp\/v2\/pages\/432\/revisions"}],"predecessor-version":[{"id":570,"href":"https:\/\/bestmeditrips.com\/no\/wp-json\/wp\/v2\/pages\/432\/revisions\/570"}],"wp:attachment":[{"href":"https:\/\/bestmeditrips.com\/no\/wp-json\/wp\/v2\/media?parent=432"}],"curies":[{"name":"wp","href":"https:\/\/api.w.org\/{rel}","templated":true}]}}