{"id":310,"date":"2024-09-02T20:44:40","date_gmt":"2024-09-02T17:44:40","guid":{"rendered":"https:\/\/bestmeditrips.com\/internasjonal-helse-turisme-og-destinasjoner\/"},"modified":"2024-09-23T12:00:26","modified_gmt":"2024-09-23T09:00:26","slug":"internasjonal-helse-turisme-og-destinasjoner","status":"publish","type":"page","link":"https:\/\/bestmeditrips.com\/no\/","title":{"rendered":"Medisinsk Turisme og Destinasjoner"},"content":{"rendered":"<h2>Oppdag Den Beste Medisinske Turismeopplevelsen<\/h2>\n<p>Velkommen til <em><strong>BestMediTrips.com<\/strong><\/em>, din fremste destinasjon for eksepsjonell medisinsk behandling kombinert med ekstraordin\u00e6re reiseopplevelser. V\u00e5r flerspr\u00e5klige plattform er dedikert til \u00e5 koble deg til de beste destinasjonene for medisinsk turisme over hele verden, og tilbyr detaljerte innsikter om de beste tilgjengelige medisinske behandlingene og tjenestene.<\/p>\n<h3>Utforsk Premium Destinasjoner for Helse- og Medisinsk Turisme<\/h3>\n<p>P\u00e5 <em><strong>BestMediTrips.com<\/strong><\/em> tilbyr vi et n\u00f8ye utvalgt utvalg av alternativer for medisinsk turisme, som veileder deg gjennom et mangfold av behandlinger tilgjengelig p\u00e5 de mest fengslende destinasjonene i verden. Oppdag hva som gj\u00f8r hvert sted unikt:<\/p>\n<h4><strong><span style=\"color: #ff0000;\">\u2665 <\/span><\/strong><strong>Tyrkia:<\/strong> Istanbul, Antalya, Izmir og Ankara<\/h4>\n<p>Tyrkia er kjent for sine moderne medisinske fasiliteter og kostnadseffektive behandlinger. Utforsk v\u00e5re beste byer for et bredt spekter av helsetjenester:<\/p>\n<ul>\n<li><strong>Tannklinikker:<\/strong> Forvandle smilet ditt med avanserte prosedyrer som implantater, Hollywood-smilforbedringer og innovative l\u00f8sninger som &laquo;all-on-4&raquo; og &laquo;all-on-6&raquo;.<\/li>\n<li><strong>H\u00e5rrestaureringsklinikker:<\/strong> Oppn\u00e5 naturlige og langvarige resultater med avanserte h\u00e5rtransplantasjonsteknikker.<\/li>\n<li><strong>Estetiske sykehus:<\/strong> Opplev estetisk kirurgi i verdensklasse, fra ansiktsl\u00f8ft til kroppsskulpturering.<\/li>\n<li><strong>Ortopediske spesialister:<\/strong> Dra nytte av avanserte behandlinger for ledd- og ryggproblemer, som sikrer optimal restitusjon og bevegelighet.<\/li>\n<\/ul>\n<h4><strong><span style=\"color: #ff0000;\">\u2665\u00a0<\/span><\/strong><strong>Ungarn:<\/strong> Budapest og Debrecen<\/h4>\n<p>Ungarn tilbyr anerkjent medisinsk omsorg, spesielt innen tannbehandling. I Budapest og Debrecen kan du oppdage:<\/p>\n<ul>\n<li><strong>Tannklinikker:<\/strong> Pleie i toppklasse for implantater og estetiske tannprosedyrer til konkurransedyktige priser.<\/li>\n<li><strong>Sentere for estetisk kirurgi:<\/strong> Forbedre utseendet ditt med n\u00f8ye oppmerksomhet p\u00e5 detaljer.<\/li>\n<\/ul>\n<h4><strong><span style=\"color: #ff0000;\">\u2665\u00a0<\/span><\/strong><strong>Serbia:<\/strong> Beograd<\/h4>\n<p>Beograd er i ferd med \u00e5 bli et senter for kvalitetsmedisinsk omsorg. Her finner du:<\/p>\n<ul>\n<li><strong>Innovative medisinske tjenester:<\/strong> Fra tannbehandling til estetiske prosedyrer, opplev eksepsjonell omsorg tilpasset dine behov.<\/li>\n<li><strong>Personlige medisinske klinikker:<\/strong> Nyt tjenester i en by kjent for sin varme gjestfrihet og medisinske ekspertise.<\/li>\n<\/ul>\n<h4><strong><span style=\"color: #ff0000;\">\u2665\u00a0<\/span><\/strong><strong>Kroatia:<\/strong> Zagreb og Split<\/h4>\n<p>Kroatia kombinerer medisinsk ekspertise med vakre landskap. Oppdag:<\/p>\n<ul>\n<li><strong>Tann- og estetiske klinikker:<\/strong> Nyt avanserte behandlinger i pittoreske omgivelser.<\/li>\n<li><strong>Rehabiliterings- og velv\u00e6resykehus:<\/strong> Omfattende omsorgsalternativer designet for \u00e5 forbedre din generelle velv\u00e6re.<\/li>\n<\/ul>\n<h4><strong><span style=\"color: #ff0000;\">\u2665\u00a0<\/span><\/strong><strong>Polen:<\/strong> Warszawa og Krakow<\/h4>\n<p>Polen tilbyr medisinske tjenester av h\u00f8y kvalitet til rimelige priser. Utforsk:<\/p>\n<ul>\n<li><strong>Tannpleiefasiliteter:<\/strong> Avanserte l\u00f8sninger for implantater og andre tannbehov.<\/li>\n<li><strong>Ortopediske og estetiske klinikker:<\/strong> Moderne fasiliteter som tilbyr et bredt spekter av prosedyrer.<\/li>\n<\/ul>\n<h4><strong><span style=\"color: #ff0000;\">\u2665\u00a0<\/span><\/strong><strong>Tyskland:<\/strong> Berlin og M\u00fcnchen<\/h4>\n<p>Tyskland er synonymt med medisinsk innovasjon og kvalitet. Tilgang til:<\/p>\n<ul>\n<li><strong>Banebrytende sykehus:<\/strong> Den nyeste medisinske teknologien og spesialisert omsorg.<\/li>\n<li><strong>Omfattende helsetjenestesentre:<\/strong> Behandlinger i verdensklasse for komplekse operasjoner og rutinemessige prosedyrer.<\/li>\n<\/ul>\n<h4><strong><span style=\"color: #ff0000;\">\u2665\u00a0<\/span><\/strong><strong>Tsjekkia:<\/strong> Praha<\/h4>\n<p>Praha tilbyr en kombinasjon av historisk sjarm og moderne helsetjenester. Oppdag:<\/p>\n<ul>\n<li><strong>Toppvurderte tannklinikker:<\/strong> Utmerkede l\u00f8sninger i en av Europas vakreste byer.<\/li>\n<li><strong>Estetiske sykehus:<\/strong> H\u00f8ykvalitets estetiske prosedyrer.<\/li>\n<\/ul>\n<h4><strong><span style=\"color: #ff0000;\">\u2665\u00a0<\/span><\/strong><strong>Mexico:<\/strong> Canc\u00fan og Mexico by<\/h4>\n<p>Mexico gir en levende bakgrunn for eksepsjonell medisinsk behandling. Nyt:<\/p>\n<ul>\n<li><strong>Rimelige behandlingssentre:<\/strong> H\u00f8ykvalitets tann- og estetiske prosedyrer.<\/li>\n<li><strong>Kulturelle opplevelsesklinikker:<\/strong> Kombiner behandlingen din med en rik kulturell reise.<\/li>\n<\/ul>\n<h4><strong><span style=\"color: #ff0000;\">\u2665\u00a0<\/span><\/strong><strong>Colombia:<\/strong> Medell\u00edn og Bogot\u00e1<\/h4>\n<p>Colombia er kjent for dyktige medisinske fagfolk og kostnadseffektive tjenester. Tilgang til:<\/p>\n<ul>\n<li><strong>Omfattende medisinske sentre:<\/strong> Et utvalg av medisinske behandlinger med fokus p\u00e5 kvalitet og rimelighet.<\/li>\n<li><strong>Eksperttannklinikker:<\/strong> Omsorg fra eksperter i et land kjent for helsefremskritt.<\/li>\n<\/ul>\n<h4><strong><span style=\"color: #ff0000;\">\u2665\u00a0<\/span><\/strong><strong>Thailand:<\/strong> Bangkok og Phuket<\/h4>\n<p>Thailand tilbyr en perfekt blanding av medisinsk omsorg og reiseopplevelser. Oppdag:<\/p>\n<ul>\n<li><strong>Sykehus i verdensklasse:<\/strong> F\u00f8rsteklasses medisinske tjenester for tannpleie og velv\u00e6reprogrammer.<\/li>\n<li><strong>Klinikker p\u00e5 vakre destinasjoner:<\/strong> Opplev eksepsjonell medisinsk omsorg mens du utforsker Thailand.<\/li>\n<\/ul>\n<h4><strong><span style=\"color: #ff0000;\">\u2665\u00a0<\/span><\/strong><strong>India:<\/strong> Delhi og Mumbai<\/h4>\n<p>Indias medisinske fasiliteter er avanserte og rimelige. Utforsk:<\/p>\n<ul>\n<li><strong>Mangfoldige medisinske klinikker:<\/strong> H\u00f8ye standarder innen en rekke medisinske alternativer.<\/li>\n<li><strong>Sykehus med dyktige spesialister:<\/strong> Omsorg fra eksperter i Delhi og Mumbai.<\/li>\n<\/ul>\n<h4><strong><span style=\"color: #ff0000;\">\u2665\u00a0<\/span><\/strong><strong>Vietnam:<\/strong> Ho Chi Minh-byen og Hanoi<\/h4>\n<p>Vietnam er en voksende destinasjon for medisinsk turisme. Her kan du dra nytte av:<\/p>\n<ul>\n<li><strong>Effektive medisinske sentre:<\/strong> Rimelig og h\u00f8y kvalitet omsorg.<\/li>\n<li><strong>Omfattende behandlingsklinikker:<\/strong> Fra tannpleie til ortopediske prosedyrer.<\/li>\n<\/ul>\n<h4>Hvorfor velge helse- og medisinsk turisme?<\/h4>\n<p>Helse- og medisinsk turisme lar deg kombinere f\u00f8rsteklasses medisinsk omsorg med spennende reismuligheter. P\u00e5 <em>BestMediTrips.com<\/em> er vi dedikert til \u00e5 hjelpe deg med \u00e5 finne den perfekte destinasjonen og behandlingen som passer dine behov og preferanser. Utforsk plattformen v\u00e5r for \u00e5 starte reisen din mot eksepsjonell medisinsk omsorg og uforglemmelige opplevelser.<\/p>\n","protected":false},"excerpt":{"rendered":"<p>Oppdag Den Beste Medisinske Turismeopplevelsen Velkommen til BestMediTrips.com, din fremste destinasjon for eksepsjonell medisinsk behandling kombinert med ekstraordin\u00e6re reiseopplevelser. V\u00e5r flerspr\u00e5klige plattform er dedikert til \u00e5 koble deg til de beste destinasjonene for medisinsk turisme over hele verden, og tilbyr detaljerte innsikter om de beste tilgjengelige medisinske behandlingene og tjenestene. Utforsk Premium Destinasjoner for Helse- &#8230; <a title=\"Medisinsk Turisme og Destinasjoner\" class=\"read-more\" href=\"https:\/\/bestmeditrips.com\/no\/\" aria-label=\"Read more about Medisinsk Turisme og Destinasjoner\">Les mer<\/a><\/p>\n","protected":false},"author":1,"featured_media":343,"parent":0,"menu_order":0,"comment_status":"closed","ping_status":"closed","template":"","meta":{"footnotes":""},"class_list":["post-310","page","type-page","status-publish","has-post-thumbnail"],"yoast_head":"<!-- This site is optimized with the Yoast SEO plugin v27.4 - https:\/\/yoast.com\/product\/yoast-seo-wordpress\/ -->\n<title>Eksperter p\u00e5 Medisinsk Turisme | Premium Behandlinger og Destinasjoner<\/title>\n<meta name=\"description\" content=\"Utforsk de beste helseturismetjenestene med de beste klinikkene, legene og tannlegene, og f\u00e5 ekspertr\u00e5d for de beste medisinske reisene.\" \/>\n<meta name=\"robots\" content=\"index, follow, max-snippet:-1, max-image-preview:large, max-video-preview:-1\" \/>\n<link rel=\"canonical\" href=\"https:\/\/bestmeditrips.com\/no\/\" \/>\n<meta property=\"og:locale\" content=\"nb_NO\" \/>\n<meta property=\"og:type\" content=\"article\" \/>\n<meta property=\"og:title\" content=\"Eksperter p\u00e5 Medisinsk Turisme | Premium Behandlinger og Destinasjoner\" \/>\n<meta property=\"og:description\" content=\"Utforsk de beste helseturismetjenestene med de beste klinikkene, legene og tannlegene, og f\u00e5 ekspertr\u00e5d for de beste medisinske reisene.\" \/>\n<meta property=\"og:url\" content=\"https:\/\/bestmeditrips.com\/no\/\" \/>\n<meta property=\"og:site_name\" content=\"Bestmeditrips.com\" \/>\n<meta property=\"article:publisher\" content=\"https:\/\/www.facebook.com\/profile.php?id=61565479139599\" \/>\n<meta property=\"article:modified_time\" content=\"2024-09-23T09:00:26+00:00\" \/>\n<meta property=\"og:image\" content=\"https:\/\/bestmeditrips.com\/wp-content\/uploads\/2024\/09\/health-tourism.jpg\" \/>\n\t<meta property=\"og:image:width\" content=\"1024\" \/>\n\t<meta property=\"og:image:height\" content=\"683\" \/>\n\t<meta property=\"og:image:type\" content=\"image\/jpeg\" \/>\n<meta name=\"twitter:card\" content=\"summary_large_image\" \/>\n<meta name=\"twitter:label1\" content=\"Ansl. lesetid\" \/>\n\t<meta name=\"twitter:data1\" content=\"3 minutter\" \/>\n<script type=\"application\/ld+json\" class=\"yoast-schema-graph\">{\"@context\":\"https:\\\/\\\/schema.org\",\"@graph\":[{\"@type\":\"WebPage\",\"@id\":\"https:\\\/\\\/bestmeditrips.com\\\/no\\\/\",\"url\":\"https:\\\/\\\/bestmeditrips.com\\\/no\\\/\",\"name\":\"Eksperter p\u00e5 Medisinsk Turisme | Premium Behandlinger og Destinasjoner\",\"isPartOf\":{\"@id\":\"https:\\\/\\\/bestmeditrips.com\\\/no\\\/#website\"},\"primaryImageOfPage\":{\"@id\":\"https:\\\/\\\/bestmeditrips.com\\\/no\\\/#primaryimage\"},\"image\":{\"@id\":\"https:\\\/\\\/bestmeditrips.com\\\/no\\\/#primaryimage\"},\"thumbnailUrl\":\"https:\\\/\\\/bestmeditrips.com\\\/wp-content\\\/uploads\\\/2024\\\/09\\\/health-tourism.jpg\",\"datePublished\":\"2024-09-02T17:44:40+00:00\",\"dateModified\":\"2024-09-23T09:00:26+00:00\",\"description\":\"Utforsk de beste helseturismetjenestene med de beste klinikkene, legene og tannlegene, og f\u00e5 ekspertr\u00e5d for de beste medisinske reisene.\",\"breadcrumb\":{\"@id\":\"https:\\\/\\\/bestmeditrips.com\\\/no\\\/#breadcrumb\"},\"inLanguage\":\"nb-NO\",\"potentialAction\":[{\"@type\":\"ReadAction\",\"target\":[\"https:\\\/\\\/bestmeditrips.com\\\/no\\\/\"]}]},{\"@type\":\"ImageObject\",\"inLanguage\":\"nb-NO\",\"@id\":\"https:\\\/\\\/bestmeditrips.com\\\/no\\\/#primaryimage\",\"url\":\"https:\\\/\\\/bestmeditrips.com\\\/wp-content\\\/uploads\\\/2024\\\/09\\\/health-tourism.jpg\",\"contentUrl\":\"https:\\\/\\\/bestmeditrips.com\\\/wp-content\\\/uploads\\\/2024\\\/09\\\/health-tourism.jpg\",\"width\":1024,\"height\":683,\"caption\":\"Medical tourism and best destinations in the world for dental, hair transplant, orthopedic and aesthetic treatments\"},{\"@type\":\"BreadcrumbList\",\"@id\":\"https:\\\/\\\/bestmeditrips.com\\\/no\\\/#breadcrumb\",\"itemListElement\":[{\"@type\":\"ListItem\",\"position\":1,\"name\":\"Home\",\"item\":\"https:\\\/\\\/bestmeditrips.com\\\/no\\\/\"},{\"@type\":\"ListItem\",\"position\":2,\"name\":\"Medisinsk Turisme og Destinasjoner\"}]},{\"@type\":\"WebSite\",\"@id\":\"https:\\\/\\\/bestmeditrips.com\\\/no\\\/#website\",\"url\":\"https:\\\/\\\/bestmeditrips.com\\\/no\\\/\",\"name\":\"Bestmeditrips.com\",\"description\":\"Medisinsk turisme, beste behandlinger, klinikker, leger og tannleger!\",\"publisher\":{\"@id\":\"https:\\\/\\\/bestmeditrips.com\\\/no\\\/#organization\"},\"potentialAction\":[{\"@type\":\"SearchAction\",\"target\":{\"@type\":\"EntryPoint\",\"urlTemplate\":\"https:\\\/\\\/bestmeditrips.com\\\/no\\\/?s={search_term_string}\"},\"query-input\":{\"@type\":\"PropertyValueSpecification\",\"valueRequired\":true,\"valueName\":\"search_term_string\"}}],\"inLanguage\":\"nb-NO\"},{\"@type\":\"Organization\",\"@id\":\"https:\\\/\\\/bestmeditrips.com\\\/no\\\/#organization\",\"name\":\"Bestmeditrips.com\",\"url\":\"https:\\\/\\\/bestmeditrips.com\\\/no\\\/\",\"logo\":{\"@type\":\"ImageObject\",\"inLanguage\":\"nb-NO\",\"@id\":\"https:\\\/\\\/bestmeditrips.com\\\/no\\\/#\\\/schema\\\/logo\\\/image\\\/\",\"url\":\"https:\\\/\\\/bestmeditrips.com\\\/wp-content\\\/uploads\\\/2024\\\/09\\\/logo-2.png\",\"contentUrl\":\"https:\\\/\\\/bestmeditrips.com\\\/wp-content\\\/uploads\\\/2024\\\/09\\\/logo-2.png\",\"width\":500,\"height\":98,\"caption\":\"Bestmeditrips.com\"},\"image\":{\"@id\":\"https:\\\/\\\/bestmeditrips.com\\\/no\\\/#\\\/schema\\\/logo\\\/image\\\/\"},\"sameAs\":[\"https:\\\/\\\/www.facebook.com\\\/profile.php?id=61565479139599\"]}]}<\/script>\n<!-- \/ Yoast SEO plugin. -->","yoast_head_json":{"title":"Eksperter p\u00e5 Medisinsk Turisme | Premium Behandlinger og Destinasjoner","description":"Utforsk de beste helseturismetjenestene med de beste klinikkene, legene og tannlegene, og f\u00e5 ekspertr\u00e5d for de beste medisinske reisene.","robots":{"index":"index","follow":"follow","max-snippet":"max-snippet:-1","max-image-preview":"max-image-preview:large","max-video-preview":"max-video-preview:-1"},"canonical":"https:\/\/bestmeditrips.com\/no\/","og_locale":"nb_NO","og_type":"article","og_title":"Eksperter p\u00e5 Medisinsk Turisme | Premium Behandlinger og Destinasjoner","og_description":"Utforsk de beste helseturismetjenestene med de beste klinikkene, legene og tannlegene, og f\u00e5 ekspertr\u00e5d for de beste medisinske reisene.","og_url":"https:\/\/bestmeditrips.com\/no\/","og_site_name":"Bestmeditrips.com","article_publisher":"https:\/\/www.facebook.com\/profile.php?id=61565479139599","article_modified_time":"2024-09-23T09:00:26+00:00","og_image":[{"width":1024,"height":683,"url":"https:\/\/bestmeditrips.com\/wp-content\/uploads\/2024\/09\/health-tourism.jpg","type":"image\/jpeg"}],"twitter_card":"summary_large_image","twitter_misc":{"Ansl. lesetid":"3 minutter"},"schema":{"@context":"https:\/\/schema.org","@graph":[{"@type":"WebPage","@id":"https:\/\/bestmeditrips.com\/no\/","url":"https:\/\/bestmeditrips.com\/no\/","name":"Eksperter p\u00e5 Medisinsk Turisme | Premium Behandlinger og Destinasjoner","isPartOf":{"@id":"https:\/\/bestmeditrips.com\/no\/#website"},"primaryImageOfPage":{"@id":"https:\/\/bestmeditrips.com\/no\/#primaryimage"},"image":{"@id":"https:\/\/bestmeditrips.com\/no\/#primaryimage"},"thumbnailUrl":"https:\/\/bestmeditrips.com\/wp-content\/uploads\/2024\/09\/health-tourism.jpg","datePublished":"2024-09-02T17:44:40+00:00","dateModified":"2024-09-23T09:00:26+00:00","description":"Utforsk de beste helseturismetjenestene med de beste klinikkene, legene og tannlegene, og f\u00e5 ekspertr\u00e5d for de beste medisinske reisene.","breadcrumb":{"@id":"https:\/\/bestmeditrips.com\/no\/#breadcrumb"},"inLanguage":"nb-NO","potentialAction":[{"@type":"ReadAction","target":["https:\/\/bestmeditrips.com\/no\/"]}]},{"@type":"ImageObject","inLanguage":"nb-NO","@id":"https:\/\/bestmeditrips.com\/no\/#primaryimage","url":"https:\/\/bestmeditrips.com\/wp-content\/uploads\/2024\/09\/health-tourism.jpg","contentUrl":"https:\/\/bestmeditrips.com\/wp-content\/uploads\/2024\/09\/health-tourism.jpg","width":1024,"height":683,"caption":"Medical tourism and best destinations in the world for dental, hair transplant, orthopedic and aesthetic treatments"},{"@type":"BreadcrumbList","@id":"https:\/\/bestmeditrips.com\/no\/#breadcrumb","itemListElement":[{"@type":"ListItem","position":1,"name":"Home","item":"https:\/\/bestmeditrips.com\/no\/"},{"@type":"ListItem","position":2,"name":"Medisinsk Turisme og Destinasjoner"}]},{"@type":"WebSite","@id":"https:\/\/bestmeditrips.com\/no\/#website","url":"https:\/\/bestmeditrips.com\/no\/","name":"Bestmeditrips.com","description":"Medisinsk turisme, beste behandlinger, klinikker, leger og tannleger!","publisher":{"@id":"https:\/\/bestmeditrips.com\/no\/#organization"},"potentialAction":[{"@type":"SearchAction","target":{"@type":"EntryPoint","urlTemplate":"https:\/\/bestmeditrips.com\/no\/?s={search_term_string}"},"query-input":{"@type":"PropertyValueSpecification","valueRequired":true,"valueName":"search_term_string"}}],"inLanguage":"nb-NO"},{"@type":"Organization","@id":"https:\/\/bestmeditrips.com\/no\/#organization","name":"Bestmeditrips.com","url":"https:\/\/bestmeditrips.com\/no\/","logo":{"@type":"ImageObject","inLanguage":"nb-NO","@id":"https:\/\/bestmeditrips.com\/no\/#\/schema\/logo\/image\/","url":"https:\/\/bestmeditrips.com\/wp-content\/uploads\/2024\/09\/logo-2.png","contentUrl":"https:\/\/bestmeditrips.com\/wp-content\/uploads\/2024\/09\/logo-2.png","width":500,"height":98,"caption":"Bestmeditrips.com"},"image":{"@id":"https:\/\/bestmeditrips.com\/no\/#\/schema\/logo\/image\/"},"sameAs":["https:\/\/www.facebook.com\/profile.php?id=61565479139599"]}]}},"_links":{"self":[{"href":"https:\/\/bestmeditrips.com\/no\/wp-json\/wp\/v2\/pages\/310","targetHints":{"allow":["GET"]}}],"collection":[{"href":"https:\/\/bestmeditrips.com\/no\/wp-json\/wp\/v2\/pages"}],"about":[{"href":"https:\/\/bestmeditrips.com\/no\/wp-json\/wp\/v2\/types\/page"}],"author":[{"embeddable":true,"href":"https:\/\/bestmeditrips.com\/no\/wp-json\/wp\/v2\/users\/1"}],"replies":[{"embeddable":true,"href":"https:\/\/bestmeditrips.com\/no\/wp-json\/wp\/v2\/comments?post=310"}],"version-history":[{"count":4,"href":"https:\/\/bestmeditrips.com\/no\/wp-json\/wp\/v2\/pages\/310\/revisions"}],"predecessor-version":[{"id":824,"href":"https:\/\/bestmeditrips.com\/no\/wp-json\/wp\/v2\/pages\/310\/revisions\/824"}],"wp:featuredmedia":[{"embeddable":true,"href":"https:\/\/bestmeditrips.com\/no\/wp-json\/wp\/v2\/media\/343"}],"wp:attachment":[{"href":"https:\/\/bestmeditrips.com\/no\/wp-json\/wp\/v2\/media?parent=310"}],"curies":[{"name":"wp","href":"https:\/\/api.w.org\/{rel}","templated":true}]}}