{"id":1115,"date":"2024-09-23T21:41:39","date_gmt":"2024-09-23T18:41:39","guid":{"rendered":"https:\/\/bestmeditrips.com\/tyrkia\/"},"modified":"2024-09-23T21:41:39","modified_gmt":"2024-09-23T18:41:39","slug":"tyrkia","status":"publish","type":"page","link":"https:\/\/bestmeditrips.com\/no\/tyrkia\/","title":{"rendered":"Tyrkia"},"content":{"rendered":"<p><strong>Oppdag premium helsevesen i Tyrkia<\/strong><\/p>\n<p>Tyrkia har blitt en ledende destinasjon for helseturisme og tilbyr medisinske behandlinger i verdensklasse til rimelige priser. Enten du vurderer <strong>tannimplantater<\/strong>, <strong>kosmetisk kirurgi<\/strong>, <strong>ortopediske lidelser<\/strong>, <strong>\u00f8yebehandlinger<\/strong>, <strong>h\u00e5rtransplantasjon<\/strong>, <strong>kreftbehandlinger<\/strong> eller andre spesialiserte behandlinger, gir Tyrkia deg tilgang til h\u00f8yt kvalifiserte fagfolk og moderne klinikker.<\/p>\n<figure style=\"width: 1014px\" class=\"wp-caption aligncenter\"><img loading=\"lazy\" decoding=\"async\" src=\"https:\/\/bestmeditrips.com\/wp-content\/uploads\/2024\/09\/turkey-hospital.jpg\" alt=\"One of the new and modern hospitals in Istanbul. \" width=\"1024\" height=\"616\" \/><figcaption class=\"wp-caption-text\"><em>Et moderne privat sykehus p\u00e5 den europeiske siden av Istanbul<\/em><\/figcaption><\/figure>\n<h3>Hvorfor velge Tyrkia for din medisinske reise?<\/h3>\n<p>\u00c5 velge Tyrkia for dine helsebehandlinger gir flere fordeler:<\/p>\n<ul>\n<li><strong>H\u00f8yt kvalifiserte leger<\/strong>: Tyrkia er hjem til noen av verdens mest erfarne kirurger og spesialister, hvorav mange har internasjonal utdanning.<\/li>\n<li><strong>Rimelige behandlinger<\/strong>: Medisinske prosedyrer i Tyrkia kan koste opptil 70 % mindre enn i USA eller Europa, uten \u00e5 g\u00e5 p\u00e5 kompromiss med kvaliteten.<\/li>\n<li><strong>Moderne klinikker<\/strong>: Tyrkiske klinikker er utstyrt med topp moderne teknologi og tilbyr h\u00f8y standard innen behandling og pleie.<\/li>\n<li><strong>Enkel reise<\/strong>: Tyrkias st\u00f8rste byer, som <strong>Istanbul<\/strong>, <strong>Antalya<\/strong> og <strong>Izmir<\/strong>, er lett tilgjengelige fra hele verden, noe som gj\u00f8r Tyrkia til et praktisk reisem\u00e5l for internasjonale pasienter.<\/li>\n<\/ul>\n<figure style=\"width: 1014px\" class=\"wp-caption aligncenter\"><img loading=\"lazy\" decoding=\"async\" src=\"https:\/\/bestmeditrips.com\/wp-content\/uploads\/2024\/09\/health-tourism-istanbul-1.jpg\" alt=\"Why to prefer Turkey, Istanbul, Antalya, Izmir for dental and other medical treatments?\" width=\"1024\" height=\"455\" \/><figcaption class=\"wp-caption-text\"><em>En av tannklinikkene i Istanbul<\/em><\/figcaption><\/figure>\n<h3>Popul\u00e6re behandlinger i Tyrkia<\/h3>\n<ul>\n<li><em>Tannimplantater<\/em>: Tyrkia er kjent for sine rimelige og h\u00f8ykvalitets <strong>tannimplantater<\/strong>, inkludert <em>all-on-4<\/em> og <em>all-on-6<\/em> behandlinger.<\/li>\n<li><em>Rhinoplastikk<\/em> og <em>brystforst\u00f8rrelse<\/em>: Tyrkia tilbyr et bredt spekter av <strong>kosmetiske kirurgiske<\/strong> inngrep utf\u00f8rt av sertifiserte fagfolk.<\/li>\n<li><em>H\u00e5rrestaurering<\/em>: Med klinikker som tilbyr avanserte teknikker, har Tyrkia blitt en ledende destinasjon for <strong>h\u00e5rtransplantasjon<\/strong> behandlinger.<\/li>\n<li><strong>Ortopediske lidelser<\/strong>: Tyrkia tilbyr fremragende ortopedisk pleie, spesialisert i <em>leddskift<\/em>, <em>meniskrifter<\/em> og minimalt invasive operasjoner.<\/li>\n<li><strong>\u00d8yebehandlinger<\/strong>: Tyrkia er ogs\u00e5 et ledende reisem\u00e5l for \u00f8yepleie og tilbyr prosedyrer som <em>LASIK<\/em>, <em>gr\u00e5 st\u00e6r kirurgi<\/em> og <em>hornhinnetransplantasjon<\/em>. Med den nyeste teknologien og erfarne \u00f8yeleger kan pasienter forvente behandling av h\u00f8y kvalitet til konkurransedyktige priser.<\/li>\n<li><strong>Kreftbehandlinger<\/strong>: Tyrkia blir stadig mer et senter for avansert kreftbehandling og tilbyr omfattende pleie til pasienter med ulike typer kreft. Fra banebrytende cellegift og str\u00e5lebehandling til innovativ immunterapi og presisjonsonkologi, gir tyrkiske klinikker tilgang til topp onkologer og den nyeste medisinske teknologien. Pasienter kan forvente tilpassede behandlingsplaner til betydelig lavere kostnader enn i vestlige land, uten at det g\u00e5r p\u00e5 bekostning av kvaliteten.<\/li>\n<\/ul>\n<h3>Viktige byer for helseturisme i Tyrkia<\/h3>\n<ul>\n<li><strong>Istanbul<\/strong>: Kjent for sine f\u00f8rsteklasses <strong>tannimplantat<\/strong> og <strong>kosmetiske kirurgi<\/strong> klinikker, tiltrekker <strong>Istanbul<\/strong> tusenvis av internasjonale pasienter hvert \u00e5r.<\/li>\n<li><strong>Antalya<\/strong>: En kystby som ikke bare tilbyr helsetjenester av h\u00f8y kvalitet, men ogs\u00e5 et avslappende milj\u00f8 for restitusjon, spesielt etter kosmetiske behandlinger.<\/li>\n<li><strong>Izmir<\/strong>: En n\u00f8kkelby for tannpleie og behandling av <strong>ortopediske lidelser<\/strong>, <strong>Izmir<\/strong> blir et voksende senter for helseturisme.<\/li>\n<\/ul>\n<h3>F\u00e5 den beste behandlingen til de beste prisene<\/h3>\n<p>Ved \u00e5 velge Tyrkia f\u00e5r du ikke bare helsetjenester av h\u00f8y kvalitet, men du sparer ogs\u00e5 betydelig p\u00e5 medisinske kostnader. Mange klinikker tilbyr all-inclusive pakker som dekker behandling, opphold og transport, og sikrer en s\u00f8ml\u00f8s opplevelse for internasjonale pasienter.<\/p>\n<h3>Begynn \u00e5 planlegge din medisinske reise til Tyrkia<\/h3>\n<p>Er du klar til \u00e5 utforske helsealternativene i Tyrkia? Kontakt v\u00e5rt team for personlig r\u00e5dgivning og anbefalinger om de beste klinikkene og behandlingene. La oss hjelpe deg med \u00e5 ta informerte beslutninger og sikre helsetjenester av topp kvalitet til rimelige priser.<\/p>\n<p><span style=\"text-decoration: underline;\"><strong>KONTAKT OSS<\/strong><\/span><\/p>\n<style id=\"wpforms-css-vars-673\">\n\t\t\t\t#wpforms-673 {\n\t\t\t\t\n\t\t\t}\n\t\t\t<\/style><div class=\"wpforms-container wpforms-container-full wpforms-render-modern\" id=\"wpforms-673\"><form id=\"wpforms-form-673\" class=\"wpforms-validate wpforms-form wpforms-ajax-form\" data-formid=\"673\" method=\"post\" enctype=\"multipart\/form-data\" action=\"\/no\/wp-json\/wp\/v2\/pages\/1115\" data-token=\"3afdf7b15cb95e56096648baafd6df2b\" data-token-time=\"1776390068\"><noscript class=\"wpforms-error-noscript\">Please enable JavaScript in your browser to complete this form.<\/noscript><div id=\"wpforms-error-noscript\" style=\"display: none;\">Please enable JavaScript in your browser to complete this form.<\/div><div class=\"wpforms-field-container\">\t\t<div id=\"wpforms-673-field_4-container\"\n\t\t\tclass=\"wpforms-field wpforms-field-text\"\n\t\t\tdata-field-type=\"text\"\n\t\t\tdata-field-id=\"4\"\n\t\t\t>\n\t\t\t<label class=\"wpforms-field-label\" for=\"wpforms-673-field_4\" >E-post mobiltelefon Fornavn<\/label>\n\t\t\t<input type=\"text\" id=\"wpforms-673-field_4\" class=\"wpforms-field-medium\" name=\"wpforms[fields][4]\" >\n\t\t<\/div>\n\t\t<div id=\"wpforms-673-field_1-container\" class=\"wpforms-field wpforms-field-name\" data-field-id=\"1\"><fieldset><legend class=\"wpforms-field-label\">Fornavn og etternavn <span class=\"wpforms-required-label\" aria-hidden=\"true\">*<\/span><\/legend><div class=\"wpforms-field-row wpforms-field-medium\"><div class=\"wpforms-field-row-block wpforms-first wpforms-one-half\"><input type=\"text\" id=\"wpforms-673-field_1\" class=\"wpforms-field-name-first wpforms-field-required\" name=\"wpforms[fields][1][first]\" aria-errormessage=\"wpforms-673-field_1-error\" required><label for=\"wpforms-673-field_1\" class=\"wpforms-field-sublabel after\">First<\/label><\/div><div class=\"wpforms-field-row-block wpforms-one-half\"><input type=\"text\" id=\"wpforms-673-field_1-last\" class=\"wpforms-field-name-last wpforms-field-required\" name=\"wpforms[fields][1][last]\" aria-errormessage=\"wpforms-673-field_1-last-error\" required><label for=\"wpforms-673-field_1-last\" class=\"wpforms-field-sublabel after\">Last<\/label><\/div><\/div><\/fieldset><\/div><div id=\"wpforms-673-field_2-container\" class=\"wpforms-field wpforms-field-email\" data-field-id=\"2\"><label class=\"wpforms-field-label\" for=\"wpforms-673-field_2\">E-post og mobiltelefon <span class=\"wpforms-required-label\" aria-hidden=\"true\">*<\/span><\/label><input type=\"email\" id=\"wpforms-673-field_2\" class=\"wpforms-field-medium wpforms-field-required\" name=\"wpforms[fields][2]\" spellcheck=\"false\" aria-errormessage=\"wpforms-673-field_2-error\" required><\/div><div id=\"wpforms-673-field_3-container\" class=\"wpforms-field wpforms-field-textarea\" data-field-id=\"3\"><label class=\"wpforms-field-label\" for=\"wpforms-673-field_3\">Din melding<\/label><textarea id=\"wpforms-673-field_3\" class=\"wpforms-field-medium\" name=\"wpforms[fields][3]\" aria-errormessage=\"wpforms-673-field_3-error\" ><\/textarea><\/div><script>\n\t\t\t\t( function() {\n\t\t\t\t\tconst style = document.createElement( 'style' );\n\t\t\t\t\tstyle.appendChild( document.createTextNode( '#wpforms-673-field_4-container { position: absolute !important; overflow: hidden !important; display: inline !important; height: 1px !important; width: 1px !important; z-index: -1000 !important; padding: 0 !important; } #wpforms-673-field_4-container input { visibility: hidden; } #wpforms-conversational-form-page #wpforms-673-field_4-container label { counter-increment: none; }' ) );\n\t\t\t\t\tdocument.head.appendChild( style );\n\t\t\t\t\tdocument.currentScript?.remove();\n\t\t\t\t} )();\n\t\t\t<\/script><\/div><!-- .wpforms-field-container --><div class=\"wpforms-submit-container\" ><input type=\"hidden\" name=\"wpforms[id]\" value=\"673\"><input type=\"hidden\" name=\"page_title\" value=\"\"><input type=\"hidden\" name=\"page_url\" value=\"https:\/\/bestmeditrips.com\/no\/wp-json\/wp\/v2\/pages\/1115\"><input type=\"hidden\" name=\"url_referer\" value=\"\"><button type=\"submit\" name=\"wpforms[submit]\" id=\"wpforms-submit-673\" class=\"wpforms-submit\" data-alt-text=\"Sending...\" data-submit-text=\"Send\" aria-live=\"assertive\" value=\"wpforms-submit\">Send<\/button><img loading=\"lazy\" decoding=\"async\" src=\"https:\/\/bestmeditrips.com\/wp-content\/plugins\/wpforms-lite\/assets\/images\/submit-spin.svg\" class=\"wpforms-submit-spinner\" style=\"display: none;\" width=\"26\" height=\"26\" alt=\"Loading\"><\/div><\/form><\/div>  <!-- .wpforms-container -->\n","protected":false},"excerpt":{"rendered":"<p>Oppdag premium helsevesen i Tyrkia Tyrkia har blitt en ledende destinasjon for helseturisme og tilbyr medisinske behandlinger i verdensklasse til rimelige priser. Enten du vurderer tannimplantater, kosmetisk kirurgi, ortopediske lidelser, \u00f8yebehandlinger, h\u00e5rtransplantasjon, kreftbehandlinger eller andre spesialiserte behandlinger, gir Tyrkia deg tilgang til h\u00f8yt kvalifiserte fagfolk og moderne klinikker. Hvorfor velge Tyrkia for din medisinske reise? &#8230; <a title=\"Tyrkia\" class=\"read-more\" href=\"https:\/\/bestmeditrips.com\/no\/tyrkia\/\" aria-label=\"Read more about Tyrkia\">Les mer<\/a><\/p>\n","protected":false},"author":1,"featured_media":918,"parent":0,"menu_order":0,"comment_status":"closed","ping_status":"closed","template":"","meta":{"footnotes":""},"class_list":["post-1115","page","type-page","status-publish","has-post-thumbnail"],"yoast_head":"<!-- This site is optimized with the Yoast SEO plugin v27.4 - https:\/\/yoast.com\/product\/yoast-seo-wordpress\/ -->\n<title>Medisinsk Turisme i Tyrkia: Rimelige Behandlinger, Premium Klinikker<\/title>\n<meta name=\"description\" content=\"Oppdag helsetjenester i verdensklasse i Tyrkia. Rimelige priser og ekspertpleie fra toppleger i Istanbul, Antalya, Izmir...\" \/>\n<meta name=\"robots\" content=\"index, follow, max-snippet:-1, max-image-preview:large, max-video-preview:-1\" \/>\n<link rel=\"canonical\" href=\"https:\/\/bestmeditrips.com\/no\/tyrkia\/\" \/>\n<meta property=\"og:locale\" content=\"nb_NO\" \/>\n<meta property=\"og:type\" content=\"article\" \/>\n<meta property=\"og:title\" content=\"Medisinsk Turisme i Tyrkia: Rimelige Behandlinger, Premium Klinikker\" \/>\n<meta property=\"og:description\" content=\"Oppdag helsetjenester i verdensklasse i Tyrkia. Rimelige priser og ekspertpleie fra toppleger i Istanbul, Antalya, Izmir...\" \/>\n<meta property=\"og:url\" content=\"https:\/\/bestmeditrips.com\/no\/tyrkia\/\" \/>\n<meta property=\"og:site_name\" content=\"Bestmeditrips.com\" \/>\n<meta property=\"article:publisher\" content=\"https:\/\/www.facebook.com\/profile.php?id=61565479139599\" \/>\n<meta property=\"og:image\" content=\"https:\/\/bestmeditrips.com\/wp-content\/uploads\/2024\/09\/turkey-e1727124656345.jpg\" \/>\n\t<meta property=\"og:image:width\" content=\"1350\" \/>\n\t<meta property=\"og:image:height\" content=\"360\" \/>\n\t<meta property=\"og:image:type\" content=\"image\/jpeg\" \/>\n<meta name=\"twitter:card\" content=\"summary_large_image\" \/>\n<meta name=\"twitter:label1\" content=\"Ansl. lesetid\" \/>\n\t<meta name=\"twitter:data1\" content=\"3 minutter\" \/>\n<script type=\"application\/ld+json\" class=\"yoast-schema-graph\">{\"@context\":\"https:\\\/\\\/schema.org\",\"@graph\":[{\"@type\":\"WebPage\",\"@id\":\"https:\\\/\\\/bestmeditrips.com\\\/no\\\/tyrkia\\\/\",\"url\":\"https:\\\/\\\/bestmeditrips.com\\\/no\\\/tyrkia\\\/\",\"name\":\"Medisinsk Turisme i Tyrkia: Rimelige Behandlinger, Premium Klinikker\",\"isPartOf\":{\"@id\":\"https:\\\/\\\/bestmeditrips.com\\\/no\\\/#website\"},\"primaryImageOfPage\":{\"@id\":\"https:\\\/\\\/bestmeditrips.com\\\/no\\\/tyrkia\\\/#primaryimage\"},\"image\":{\"@id\":\"https:\\\/\\\/bestmeditrips.com\\\/no\\\/tyrkia\\\/#primaryimage\"},\"thumbnailUrl\":\"https:\\\/\\\/bestmeditrips.com\\\/wp-content\\\/uploads\\\/2024\\\/09\\\/turkey-e1727124656345.jpg\",\"datePublished\":\"2024-09-23T18:41:39+00:00\",\"description\":\"Oppdag helsetjenester i verdensklasse i Tyrkia. Rimelige priser og ekspertpleie fra toppleger i Istanbul, Antalya, Izmir...\",\"breadcrumb\":{\"@id\":\"https:\\\/\\\/bestmeditrips.com\\\/no\\\/tyrkia\\\/#breadcrumb\"},\"inLanguage\":\"nb-NO\",\"potentialAction\":[{\"@type\":\"ReadAction\",\"target\":[\"https:\\\/\\\/bestmeditrips.com\\\/no\\\/tyrkia\\\/\"]}]},{\"@type\":\"ImageObject\",\"inLanguage\":\"nb-NO\",\"@id\":\"https:\\\/\\\/bestmeditrips.com\\\/no\\\/tyrkia\\\/#primaryimage\",\"url\":\"https:\\\/\\\/bestmeditrips.com\\\/wp-content\\\/uploads\\\/2024\\\/09\\\/turkey-e1727124656345.jpg\",\"contentUrl\":\"https:\\\/\\\/bestmeditrips.com\\\/wp-content\\\/uploads\\\/2024\\\/09\\\/turkey-e1727124656345.jpg\",\"width\":1350,\"height\":360,\"caption\":\"Tyrkia; premium helsevesen, hovedstaden for medisinsk \\\/ helseturisme.\"},{\"@type\":\"BreadcrumbList\",\"@id\":\"https:\\\/\\\/bestmeditrips.com\\\/no\\\/tyrkia\\\/#breadcrumb\",\"itemListElement\":[{\"@type\":\"ListItem\",\"position\":1,\"name\":\"Home\",\"item\":\"https:\\\/\\\/bestmeditrips.com\\\/no\\\/\"},{\"@type\":\"ListItem\",\"position\":2,\"name\":\"Tyrkia\"}]},{\"@type\":\"WebSite\",\"@id\":\"https:\\\/\\\/bestmeditrips.com\\\/no\\\/#website\",\"url\":\"https:\\\/\\\/bestmeditrips.com\\\/no\\\/\",\"name\":\"Bestmeditrips.com\",\"description\":\"Medisinsk turisme, beste behandlinger, klinikker, leger og tannleger!\",\"publisher\":{\"@id\":\"https:\\\/\\\/bestmeditrips.com\\\/no\\\/#organization\"},\"potentialAction\":[{\"@type\":\"SearchAction\",\"target\":{\"@type\":\"EntryPoint\",\"urlTemplate\":\"https:\\\/\\\/bestmeditrips.com\\\/no\\\/?s={search_term_string}\"},\"query-input\":{\"@type\":\"PropertyValueSpecification\",\"valueRequired\":true,\"valueName\":\"search_term_string\"}}],\"inLanguage\":\"nb-NO\"},{\"@type\":\"Organization\",\"@id\":\"https:\\\/\\\/bestmeditrips.com\\\/no\\\/#organization\",\"name\":\"Bestmeditrips.com\",\"url\":\"https:\\\/\\\/bestmeditrips.com\\\/no\\\/\",\"logo\":{\"@type\":\"ImageObject\",\"inLanguage\":\"nb-NO\",\"@id\":\"https:\\\/\\\/bestmeditrips.com\\\/no\\\/#\\\/schema\\\/logo\\\/image\\\/\",\"url\":\"https:\\\/\\\/bestmeditrips.com\\\/wp-content\\\/uploads\\\/2024\\\/09\\\/logo-2.png\",\"contentUrl\":\"https:\\\/\\\/bestmeditrips.com\\\/wp-content\\\/uploads\\\/2024\\\/09\\\/logo-2.png\",\"width\":500,\"height\":98,\"caption\":\"Bestmeditrips.com\"},\"image\":{\"@id\":\"https:\\\/\\\/bestmeditrips.com\\\/no\\\/#\\\/schema\\\/logo\\\/image\\\/\"},\"sameAs\":[\"https:\\\/\\\/www.facebook.com\\\/profile.php?id=61565479139599\"]}]}<\/script>\n<!-- \/ Yoast SEO plugin. -->","yoast_head_json":{"title":"Medisinsk Turisme i Tyrkia: Rimelige Behandlinger, Premium Klinikker","description":"Oppdag helsetjenester i verdensklasse i Tyrkia. Rimelige priser og ekspertpleie fra toppleger i Istanbul, Antalya, Izmir...","robots":{"index":"index","follow":"follow","max-snippet":"max-snippet:-1","max-image-preview":"max-image-preview:large","max-video-preview":"max-video-preview:-1"},"canonical":"https:\/\/bestmeditrips.com\/no\/tyrkia\/","og_locale":"nb_NO","og_type":"article","og_title":"Medisinsk Turisme i Tyrkia: Rimelige Behandlinger, Premium Klinikker","og_description":"Oppdag helsetjenester i verdensklasse i Tyrkia. Rimelige priser og ekspertpleie fra toppleger i Istanbul, Antalya, Izmir...","og_url":"https:\/\/bestmeditrips.com\/no\/tyrkia\/","og_site_name":"Bestmeditrips.com","article_publisher":"https:\/\/www.facebook.com\/profile.php?id=61565479139599","og_image":[{"width":1350,"height":360,"url":"https:\/\/bestmeditrips.com\/wp-content\/uploads\/2024\/09\/turkey-e1727124656345.jpg","type":"image\/jpeg"}],"twitter_card":"summary_large_image","twitter_misc":{"Ansl. lesetid":"3 minutter"},"schema":{"@context":"https:\/\/schema.org","@graph":[{"@type":"WebPage","@id":"https:\/\/bestmeditrips.com\/no\/tyrkia\/","url":"https:\/\/bestmeditrips.com\/no\/tyrkia\/","name":"Medisinsk Turisme i Tyrkia: Rimelige Behandlinger, Premium Klinikker","isPartOf":{"@id":"https:\/\/bestmeditrips.com\/no\/#website"},"primaryImageOfPage":{"@id":"https:\/\/bestmeditrips.com\/no\/tyrkia\/#primaryimage"},"image":{"@id":"https:\/\/bestmeditrips.com\/no\/tyrkia\/#primaryimage"},"thumbnailUrl":"https:\/\/bestmeditrips.com\/wp-content\/uploads\/2024\/09\/turkey-e1727124656345.jpg","datePublished":"2024-09-23T18:41:39+00:00","description":"Oppdag helsetjenester i verdensklasse i Tyrkia. Rimelige priser og ekspertpleie fra toppleger i Istanbul, Antalya, Izmir...","breadcrumb":{"@id":"https:\/\/bestmeditrips.com\/no\/tyrkia\/#breadcrumb"},"inLanguage":"nb-NO","potentialAction":[{"@type":"ReadAction","target":["https:\/\/bestmeditrips.com\/no\/tyrkia\/"]}]},{"@type":"ImageObject","inLanguage":"nb-NO","@id":"https:\/\/bestmeditrips.com\/no\/tyrkia\/#primaryimage","url":"https:\/\/bestmeditrips.com\/wp-content\/uploads\/2024\/09\/turkey-e1727124656345.jpg","contentUrl":"https:\/\/bestmeditrips.com\/wp-content\/uploads\/2024\/09\/turkey-e1727124656345.jpg","width":1350,"height":360,"caption":"Tyrkia; premium helsevesen, hovedstaden for medisinsk \/ helseturisme."},{"@type":"BreadcrumbList","@id":"https:\/\/bestmeditrips.com\/no\/tyrkia\/#breadcrumb","itemListElement":[{"@type":"ListItem","position":1,"name":"Home","item":"https:\/\/bestmeditrips.com\/no\/"},{"@type":"ListItem","position":2,"name":"Tyrkia"}]},{"@type":"WebSite","@id":"https:\/\/bestmeditrips.com\/no\/#website","url":"https:\/\/bestmeditrips.com\/no\/","name":"Bestmeditrips.com","description":"Medisinsk turisme, beste behandlinger, klinikker, leger og tannleger!","publisher":{"@id":"https:\/\/bestmeditrips.com\/no\/#organization"},"potentialAction":[{"@type":"SearchAction","target":{"@type":"EntryPoint","urlTemplate":"https:\/\/bestmeditrips.com\/no\/?s={search_term_string}"},"query-input":{"@type":"PropertyValueSpecification","valueRequired":true,"valueName":"search_term_string"}}],"inLanguage":"nb-NO"},{"@type":"Organization","@id":"https:\/\/bestmeditrips.com\/no\/#organization","name":"Bestmeditrips.com","url":"https:\/\/bestmeditrips.com\/no\/","logo":{"@type":"ImageObject","inLanguage":"nb-NO","@id":"https:\/\/bestmeditrips.com\/no\/#\/schema\/logo\/image\/","url":"https:\/\/bestmeditrips.com\/wp-content\/uploads\/2024\/09\/logo-2.png","contentUrl":"https:\/\/bestmeditrips.com\/wp-content\/uploads\/2024\/09\/logo-2.png","width":500,"height":98,"caption":"Bestmeditrips.com"},"image":{"@id":"https:\/\/bestmeditrips.com\/no\/#\/schema\/logo\/image\/"},"sameAs":["https:\/\/www.facebook.com\/profile.php?id=61565479139599"]}]}},"_links":{"self":[{"href":"https:\/\/bestmeditrips.com\/no\/wp-json\/wp\/v2\/pages\/1115","targetHints":{"allow":["GET"]}}],"collection":[{"href":"https:\/\/bestmeditrips.com\/no\/wp-json\/wp\/v2\/pages"}],"about":[{"href":"https:\/\/bestmeditrips.com\/no\/wp-json\/wp\/v2\/types\/page"}],"author":[{"embeddable":true,"href":"https:\/\/bestmeditrips.com\/no\/wp-json\/wp\/v2\/users\/1"}],"replies":[{"embeddable":true,"href":"https:\/\/bestmeditrips.com\/no\/wp-json\/wp\/v2\/comments?post=1115"}],"version-history":[{"count":0,"href":"https:\/\/bestmeditrips.com\/no\/wp-json\/wp\/v2\/pages\/1115\/revisions"}],"wp:featuredmedia":[{"embeddable":true,"href":"https:\/\/bestmeditrips.com\/no\/wp-json\/wp\/v2\/media\/918"}],"wp:attachment":[{"href":"https:\/\/bestmeditrips.com\/no\/wp-json\/wp\/v2\/media?parent=1115"}],"curies":[{"name":"wp","href":"https:\/\/api.w.org\/{rel}","templated":true}]}}