{"id":607,"date":"2024-09-02T20:02:05","date_gmt":"2024-09-02T17:02:05","guid":{"rendered":"https:\/\/bestmeditrips.com\/raksti\/"},"modified":"2024-09-02T20:02:05","modified_gmt":"2024-09-02T17:02:05","slug":"raksti","status":"publish","type":"page","link":"https:\/\/bestmeditrips.com\/lv\/raksti\/","title":{"rendered":"Raksti"},"content":{"rendered":"<h2>Medic\u012bnas T\u016brisma Blogs | Jaun\u0101kie Raksti un Ieskati<\/h2>\n<p>Atkl\u0101jiet jaun\u0101k\u0101s tendences, ekspertu padomus un informat\u012bvus rakstus par vesel\u012bbas t\u016brismu. M\u016bsu blogs aptver visu, s\u0101kot no lab\u0101kaj\u0101m \u0101rst\u0113\u0161anas iesp\u0113j\u0101m un ce\u013cojumu padomiem l\u012bdz galam\u0113r\u0137u ce\u013cve\u017eiem un pacientu st\u0101stiem. Esiet inform\u0113ti ar v\u0113rt\u012bgu saturu, kas paredz\u0113ts j\u016bsu vesel\u012bbas t\u016brisma ce\u013cojuma uzlabo\u0161anai.<\/p>\n","protected":false},"excerpt":{"rendered":"<p>Medic\u012bnas T\u016brisma Blogs | Jaun\u0101kie Raksti un Ieskati Atkl\u0101jiet jaun\u0101k\u0101s tendences, ekspertu padomus un informat\u012bvus rakstus par vesel\u012bbas t\u016brismu. M\u016bsu blogs aptver visu, s\u0101kot no lab\u0101kaj\u0101m \u0101rst\u0113\u0161anas iesp\u0113j\u0101m un ce\u013cojumu padomiem l\u012bdz galam\u0113r\u0137u ce\u013cve\u017eiem un pacientu st\u0101stiem. Esiet inform\u0113ti ar v\u0113rt\u012bgu saturu, kas paredz\u0113ts j\u016bsu vesel\u012bbas t\u016brisma ce\u013cojuma uzlabo\u0161anai.<\/p>\n","protected":false},"author":1,"featured_media":0,"parent":0,"menu_order":0,"comment_status":"closed","ping_status":"closed","template":"","meta":{"footnotes":""},"class_list":["post-607","page","type-page","status-publish"],"yoast_head":"<!-- This site is optimized with the Yoast SEO plugin v27.6 - https:\/\/yoast.com\/product\/yoast-seo-wordpress\/ -->\n<title>Medic\u012bnas T\u016brisma Blogs | Raksti un Ieskati | bestmeditrips.com<\/title>\n<meta name=\"description\" content=\"Izp\u0113tiet vesel\u012bbas t\u016brisma inform\u0101ciju, jaun\u0101kos rakstus, ieskatus un atjaunin\u0101jumus par \u0101rst\u0113\u0161anu, galam\u0113r\u0137iem un tendenc\u0113m.\" \/>\n<meta name=\"robots\" content=\"index, follow, max-snippet:-1, max-image-preview:large, max-video-preview:-1\" \/>\n<link rel=\"canonical\" href=\"https:\/\/bestmeditrips.com\/lv\/raksti\/\" \/>\n<meta property=\"og:locale\" content=\"lv_LV\" \/>\n<meta property=\"og:type\" content=\"article\" \/>\n<meta property=\"og:title\" content=\"Medic\u012bnas T\u016brisma Blogs | Raksti un Ieskati | bestmeditrips.com\" \/>\n<meta property=\"og:description\" content=\"Izp\u0113tiet vesel\u012bbas t\u016brisma inform\u0101ciju, jaun\u0101kos rakstus, ieskatus un atjaunin\u0101jumus par \u0101rst\u0113\u0161anu, galam\u0113r\u0137iem un tendenc\u0113m.\" \/>\n<meta property=\"og:url\" content=\"https:\/\/bestmeditrips.com\/lv\/raksti\/\" \/>\n<meta property=\"og:site_name\" content=\"Bestmeditrips.com\" \/>\n<meta property=\"article:publisher\" content=\"https:\/\/www.facebook.com\/profile.php?id=61565479139599\" \/>\n<meta property=\"og:image\" content=\"https:\/\/bestmeditrips.com\/wp-content\/uploads\/2024\/09\/health-tourism.jpg\" \/>\n\t<meta property=\"og:image:width\" content=\"1024\" \/>\n\t<meta property=\"og:image:height\" content=\"683\" \/>\n\t<meta property=\"og:image:type\" content=\"image\/jpeg\" \/>\n<meta name=\"twitter:card\" content=\"summary_large_image\" \/>\n<script type=\"application\/ld+json\" class=\"yoast-schema-graph\">{\"@context\":\"https:\\\/\\\/schema.org\",\"@graph\":[{\"@type\":\"WebPage\",\"@id\":\"https:\\\/\\\/bestmeditrips.com\\\/lv\\\/raksti\\\/\",\"url\":\"https:\\\/\\\/bestmeditrips.com\\\/lv\\\/raksti\\\/\",\"name\":\"Medic\u012bnas T\u016brisma Blogs | Raksti un Ieskati | bestmeditrips.com\",\"isPartOf\":{\"@id\":\"https:\\\/\\\/bestmeditrips.com\\\/lv\\\/#website\"},\"datePublished\":\"2024-09-02T17:02:05+00:00\",\"description\":\"Izp\u0113tiet vesel\u012bbas t\u016brisma inform\u0101ciju, jaun\u0101kos rakstus, ieskatus un atjaunin\u0101jumus par \u0101rst\u0113\u0161anu, galam\u0113r\u0137iem un tendenc\u0113m.\",\"breadcrumb\":{\"@id\":\"https:\\\/\\\/bestmeditrips.com\\\/lv\\\/raksti\\\/#breadcrumb\"},\"inLanguage\":\"lv-LV\",\"potentialAction\":[{\"@type\":\"ReadAction\",\"target\":[\"https:\\\/\\\/bestmeditrips.com\\\/lv\\\/raksti\\\/\"]}]},{\"@type\":\"BreadcrumbList\",\"@id\":\"https:\\\/\\\/bestmeditrips.com\\\/lv\\\/raksti\\\/#breadcrumb\",\"itemListElement\":[{\"@type\":\"ListItem\",\"position\":1,\"name\":\"Home\",\"item\":\"https:\\\/\\\/bestmeditrips.com\\\/lv\\\/\"},{\"@type\":\"ListItem\",\"position\":2,\"name\":\"Raksti\"}]},{\"@type\":\"WebSite\",\"@id\":\"https:\\\/\\\/bestmeditrips.com\\\/lv\\\/#website\",\"url\":\"https:\\\/\\\/bestmeditrips.com\\\/lv\\\/\",\"name\":\"Bestmeditrips.com\",\"description\":\"Medic\u012bniskais t\u016brisms, lab\u0101k\u0101s \u0101rst\u0113\u0161anas, kl\u012bnikas, \u0101rsti un zob\u0101rsti!\",\"publisher\":{\"@id\":\"https:\\\/\\\/bestmeditrips.com\\\/lv\\\/#organization\"},\"potentialAction\":[{\"@type\":\"SearchAction\",\"target\":{\"@type\":\"EntryPoint\",\"urlTemplate\":\"https:\\\/\\\/bestmeditrips.com\\\/lv\\\/?s={search_term_string}\"},\"query-input\":{\"@type\":\"PropertyValueSpecification\",\"valueRequired\":true,\"valueName\":\"search_term_string\"}}],\"inLanguage\":\"lv-LV\"},{\"@type\":\"Organization\",\"@id\":\"https:\\\/\\\/bestmeditrips.com\\\/lv\\\/#organization\",\"name\":\"Bestmeditrips.com\",\"url\":\"https:\\\/\\\/bestmeditrips.com\\\/lv\\\/\",\"logo\":{\"@type\":\"ImageObject\",\"inLanguage\":\"lv-LV\",\"@id\":\"https:\\\/\\\/bestmeditrips.com\\\/lv\\\/#\\\/schema\\\/logo\\\/image\\\/\",\"url\":\"https:\\\/\\\/bestmeditrips.com\\\/wp-content\\\/uploads\\\/2024\\\/09\\\/logo-2.png\",\"contentUrl\":\"https:\\\/\\\/bestmeditrips.com\\\/wp-content\\\/uploads\\\/2024\\\/09\\\/logo-2.png\",\"width\":500,\"height\":98,\"caption\":\"Bestmeditrips.com\"},\"image\":{\"@id\":\"https:\\\/\\\/bestmeditrips.com\\\/lv\\\/#\\\/schema\\\/logo\\\/image\\\/\"},\"sameAs\":[\"https:\\\/\\\/www.facebook.com\\\/profile.php?id=61565479139599\"]}]}<\/script>\n<!-- \/ Yoast SEO plugin. -->","yoast_head_json":{"title":"Medic\u012bnas T\u016brisma Blogs | Raksti un Ieskati | bestmeditrips.com","description":"Izp\u0113tiet vesel\u012bbas t\u016brisma inform\u0101ciju, jaun\u0101kos rakstus, ieskatus un atjaunin\u0101jumus par \u0101rst\u0113\u0161anu, galam\u0113r\u0137iem un tendenc\u0113m.","robots":{"index":"index","follow":"follow","max-snippet":"max-snippet:-1","max-image-preview":"max-image-preview:large","max-video-preview":"max-video-preview:-1"},"canonical":"https:\/\/bestmeditrips.com\/lv\/raksti\/","og_locale":"lv_LV","og_type":"article","og_title":"Medic\u012bnas T\u016brisma Blogs | Raksti un Ieskati | bestmeditrips.com","og_description":"Izp\u0113tiet vesel\u012bbas t\u016brisma inform\u0101ciju, jaun\u0101kos rakstus, ieskatus un atjaunin\u0101jumus par \u0101rst\u0113\u0161anu, galam\u0113r\u0137iem un tendenc\u0113m.","og_url":"https:\/\/bestmeditrips.com\/lv\/raksti\/","og_site_name":"Bestmeditrips.com","article_publisher":"https:\/\/www.facebook.com\/profile.php?id=61565479139599","og_image":[{"width":1024,"height":683,"url":"https:\/\/bestmeditrips.com\/wp-content\/uploads\/2024\/09\/health-tourism.jpg","type":"image\/jpeg"}],"twitter_card":"summary_large_image","schema":{"@context":"https:\/\/schema.org","@graph":[{"@type":"WebPage","@id":"https:\/\/bestmeditrips.com\/lv\/raksti\/","url":"https:\/\/bestmeditrips.com\/lv\/raksti\/","name":"Medic\u012bnas T\u016brisma Blogs | Raksti un Ieskati | bestmeditrips.com","isPartOf":{"@id":"https:\/\/bestmeditrips.com\/lv\/#website"},"datePublished":"2024-09-02T17:02:05+00:00","description":"Izp\u0113tiet vesel\u012bbas t\u016brisma inform\u0101ciju, jaun\u0101kos rakstus, ieskatus un atjaunin\u0101jumus par \u0101rst\u0113\u0161anu, galam\u0113r\u0137iem un tendenc\u0113m.","breadcrumb":{"@id":"https:\/\/bestmeditrips.com\/lv\/raksti\/#breadcrumb"},"inLanguage":"lv-LV","potentialAction":[{"@type":"ReadAction","target":["https:\/\/bestmeditrips.com\/lv\/raksti\/"]}]},{"@type":"BreadcrumbList","@id":"https:\/\/bestmeditrips.com\/lv\/raksti\/#breadcrumb","itemListElement":[{"@type":"ListItem","position":1,"name":"Home","item":"https:\/\/bestmeditrips.com\/lv\/"},{"@type":"ListItem","position":2,"name":"Raksti"}]},{"@type":"WebSite","@id":"https:\/\/bestmeditrips.com\/lv\/#website","url":"https:\/\/bestmeditrips.com\/lv\/","name":"Bestmeditrips.com","description":"Medic\u012bniskais t\u016brisms, lab\u0101k\u0101s \u0101rst\u0113\u0161anas, kl\u012bnikas, \u0101rsti un zob\u0101rsti!","publisher":{"@id":"https:\/\/bestmeditrips.com\/lv\/#organization"},"potentialAction":[{"@type":"SearchAction","target":{"@type":"EntryPoint","urlTemplate":"https:\/\/bestmeditrips.com\/lv\/?s={search_term_string}"},"query-input":{"@type":"PropertyValueSpecification","valueRequired":true,"valueName":"search_term_string"}}],"inLanguage":"lv-LV"},{"@type":"Organization","@id":"https:\/\/bestmeditrips.com\/lv\/#organization","name":"Bestmeditrips.com","url":"https:\/\/bestmeditrips.com\/lv\/","logo":{"@type":"ImageObject","inLanguage":"lv-LV","@id":"https:\/\/bestmeditrips.com\/lv\/#\/schema\/logo\/image\/","url":"https:\/\/bestmeditrips.com\/wp-content\/uploads\/2024\/09\/logo-2.png","contentUrl":"https:\/\/bestmeditrips.com\/wp-content\/uploads\/2024\/09\/logo-2.png","width":500,"height":98,"caption":"Bestmeditrips.com"},"image":{"@id":"https:\/\/bestmeditrips.com\/lv\/#\/schema\/logo\/image\/"},"sameAs":["https:\/\/www.facebook.com\/profile.php?id=61565479139599"]}]}},"_links":{"self":[{"href":"https:\/\/bestmeditrips.com\/lv\/wp-json\/wp\/v2\/pages\/607","targetHints":{"allow":["GET"]}}],"collection":[{"href":"https:\/\/bestmeditrips.com\/lv\/wp-json\/wp\/v2\/pages"}],"about":[{"href":"https:\/\/bestmeditrips.com\/lv\/wp-json\/wp\/v2\/types\/page"}],"author":[{"embeddable":true,"href":"https:\/\/bestmeditrips.com\/lv\/wp-json\/wp\/v2\/users\/1"}],"replies":[{"embeddable":true,"href":"https:\/\/bestmeditrips.com\/lv\/wp-json\/wp\/v2\/comments?post=607"}],"version-history":[{"count":0,"href":"https:\/\/bestmeditrips.com\/lv\/wp-json\/wp\/v2\/pages\/607\/revisions"}],"wp:attachment":[{"href":"https:\/\/bestmeditrips.com\/lv\/wp-json\/wp\/v2\/media?parent=607"}],"curies":[{"name":"wp","href":"https:\/\/api.w.org\/{rel}","templated":true}]}}