{"id":429,"date":"2024-09-01T20:00:15","date_gmt":"2024-09-01T17:00:15","guid":{"rendered":"https:\/\/bestmeditrips.com\/privatuma-politika\/"},"modified":"2024-09-05T00:59:56","modified_gmt":"2024-09-04T21:59:56","slug":"privatuma-politika","status":"publish","type":"page","link":"https:\/\/bestmeditrips.com\/lv\/privatuma-politika\/","title":{"rendered":"Priv\u0101tuma Politika"},"content":{"rendered":"<p><strong>Priv\u0101tuma Politika<\/strong><\/p>\n<p>Paldies, ka apmekl\u0113j\u0101t <em>BestMediTrips.com<\/em>. J\u016bsu priv\u0101tums mums ir svar\u012bgs. \u0160\u012b <strong>Priv\u0101tuma Politika<\/strong> izskaidro, k\u0101 m\u0113s apkopojam, izmantojam, izpau\u017eam un aizsarg\u0101jam j\u016bsu inform\u0101ciju, kad apmekl\u0113jat m\u016bsu vietni. L\u016bdzu, r\u016bp\u012bgi izlasiet \u0161o priv\u0101tuma politiku. Ja j\u016bs nepiekr\u012btat \u0161\u012bs priv\u0101tuma politikas noteikumiem, l\u016bdzu, neizmantojiet \u0161o vietni.<\/p>\n<p><strong>1. Inform\u0101cija, ko M\u0113s V\u0101cam<\/strong><\/p>\n<p>M\u0113s varam apkopot person\u012bgu inform\u0101ciju, piem\u0113ram, j\u016bsu v\u0101rdu, e-pasta adresi, t\u0101lru\u0146a numuru un citas deta\u013cas, ko sniedzat, sazinoties ar m\u016bsu vietni vai sazinoties ar mums jaut\u0101jumu gad\u012bjum\u0101.<\/p>\n<p><strong>2. K\u0101 M\u0113s Izmantojam J\u016bsu Inform\u0101ciju<\/strong><\/p>\n<p>M\u0113s varam izmantot apkopoto inform\u0101ciju, lai:<\/p>\n<p>Nodro\u0161in\u0101tu, uztur\u0113tu un uztur\u0113tu m\u016bsu vietni<br \/>\nUzlabotu, personaliz\u0113tu un papla\u0161in\u0101tu m\u016bsu vietnes pied\u0101v\u0101jumu<br \/>\nKomunic\u0113tu ar jums, vai nu tie\u0161i, vai caur k\u0101du no m\u016bsu partneriem, tostarp sniedzot klientu apkalpo\u0161anu, nodro\u0161inot atjaunin\u0101jumus un citu inform\u0101ciju saist\u012bb\u0101 ar vietni, k\u0101 ar\u012b m\u0101rketinga un rekl\u0101mas nol\u016bkos<br \/>\nAizsarg\u0101tu, izmekl\u0113tu un attur\u0113tu no neat\u013cautas vai nelikum\u012bgas darb\u012bbas<\/p>\n<p><strong>3. J\u016bsu Inform\u0101cijas Izpau\u0161ana<\/strong><\/p>\n<p>M\u0113s varam dal\u012bties ar j\u016bsu inform\u0101ciju ar tre\u0161aj\u0101m pus\u0113m tikai t\u0101, k\u0101 aprakst\u012bts \u0161aj\u0101 <strong>Priv\u0101tuma Politik\u0101<\/strong>.<\/p>\n<p><strong>4. J\u016bsu Inform\u0101cijas Dro\u0161\u012bba<\/strong><\/p>\n<p>M\u0113s izmantojam administrat\u012bvus, tehniskus un fiziskus dro\u0161\u012bbas pas\u0101kumus, lai pal\u012bdz\u0113tu aizsarg\u0101t j\u016bsu personisko inform\u0101ciju. Lai gan m\u0113s esam veiku\u0161i sapr\u0101t\u012bgus pas\u0101kumus, lai nodro\u0161in\u0101tu j\u016bsu sniegt\u0101s personisk\u0101s inform\u0101cijas dro\u0161\u012bbu, l\u016bdzu, \u0146emiet v\u0113r\u0101, ka, neskatoties uz m\u016bsu centieniem, neviena dro\u0161\u012bbas sist\u0113ma nav piln\u012bga vai necaurejama.<\/p>\n<p><strong>5. J\u016bsu Izv\u0113les Attiec\u012bb\u0101 uz J\u016bsu Inform\u0101ciju<\/strong><\/p>\n<p>Jums ir ties\u012bbas:<\/p>\n<p>Atjaunin\u0101t vai labot savu personisko inform\u0101ciju<br \/>\nAtsaukties no m\u0101rketinga pazi\u0146ojumu sa\u0146em\u0161anas<br \/>\nPiepras\u012bt, lai m\u0113s dz\u0113stu j\u016bsu personisko inform\u0101ciju<\/p>\n<p><strong>6. Izmai\u0146as \u0160aj\u0101 Priv\u0101tuma Politik\u0101<\/strong><\/p>\n<p>M\u0113s varam laiku pa laikam atjaunin\u0101t \u0161o <strong>Priv\u0101tuma Politiku<\/strong>, lai atspogu\u013cotu, piem\u0113ram, izmai\u0146as m\u016bsu praks\u0113 vai citu operat\u012bvu, juridisku vai normat\u012bvu iemeslu d\u0113\u013c.<\/p>\n<p><strong>7. Sazinieties ar Mums<\/strong><\/p>\n<p>Ja jums ir jaut\u0101jumi vai koment\u0101ri par \u0161o <strong>Priv\u0101tuma Politiku<\/strong>, l\u016bdzu, sazinieties ar mums.<\/p>\n","protected":false},"excerpt":{"rendered":"<p>Priv\u0101tuma Politika Paldies, ka apmekl\u0113j\u0101t BestMediTrips.com. J\u016bsu priv\u0101tums mums ir svar\u012bgs. \u0160\u012b Priv\u0101tuma Politika izskaidro, k\u0101 m\u0113s apkopojam, izmantojam, izpau\u017eam un aizsarg\u0101jam j\u016bsu inform\u0101ciju, kad apmekl\u0113jat m\u016bsu vietni. L\u016bdzu, r\u016bp\u012bgi izlasiet \u0161o priv\u0101tuma politiku. Ja j\u016bs nepiekr\u012btat \u0161\u012bs priv\u0101tuma politikas noteikumiem, l\u016bdzu, neizmantojiet \u0161o vietni. 1. Inform\u0101cija, ko M\u0113s V\u0101cam M\u0113s varam apkopot person\u012bgu inform\u0101ciju, &#8230; <a title=\"Priv\u0101tuma Politika\" class=\"read-more\" href=\"https:\/\/bestmeditrips.com\/lv\/privatuma-politika\/\" aria-label=\"Read more about Priv\u0101tuma Politika\">Read more<\/a><\/p>\n","protected":false},"author":1,"featured_media":0,"parent":0,"menu_order":0,"comment_status":"closed","ping_status":"open","template":"","meta":{"footnotes":""},"class_list":["post-429","page","type-page","status-publish"],"yoast_head":"<!-- This site is optimized with the Yoast SEO plugin v27.4 - https:\/\/yoast.com\/product\/yoast-seo-wordpress\/ -->\n<title>Priv\u0101tuma Politika - Bestmeditrips.com<\/title>\n<meta name=\"robots\" content=\"index, follow, max-snippet:-1, max-image-preview:large, max-video-preview:-1\" \/>\n<link rel=\"canonical\" href=\"https:\/\/bestmeditrips.com\/lv\/privatuma-politika\/\" \/>\n<meta property=\"og:locale\" content=\"lv_LV\" \/>\n<meta property=\"og:type\" content=\"article\" \/>\n<meta property=\"og:title\" content=\"Priv\u0101tuma Politika - Bestmeditrips.com\" \/>\n<meta property=\"og:description\" content=\"Priv\u0101tuma Politika Paldies, ka apmekl\u0113j\u0101t BestMediTrips.com. J\u016bsu priv\u0101tums mums ir svar\u012bgs. \u0160\u012b Priv\u0101tuma Politika izskaidro, k\u0101 m\u0113s apkopojam, izmantojam, izpau\u017eam un aizsarg\u0101jam j\u016bsu inform\u0101ciju, kad apmekl\u0113jat m\u016bsu vietni. L\u016bdzu, r\u016bp\u012bgi izlasiet \u0161o priv\u0101tuma politiku. Ja j\u016bs nepiekr\u012btat \u0161\u012bs priv\u0101tuma politikas noteikumiem, l\u016bdzu, neizmantojiet \u0161o vietni. 1. Inform\u0101cija, ko M\u0113s V\u0101cam M\u0113s varam apkopot person\u012bgu inform\u0101ciju, ... Read more\" \/>\n<meta property=\"og:url\" content=\"https:\/\/bestmeditrips.com\/lv\/privatuma-politika\/\" \/>\n<meta property=\"og:site_name\" content=\"Bestmeditrips.com\" \/>\n<meta property=\"article:publisher\" content=\"https:\/\/www.facebook.com\/profile.php?id=61565479139599\" \/>\n<meta property=\"article:modified_time\" content=\"2024-09-04T21:59:56+00:00\" \/>\n<meta property=\"og:image\" content=\"https:\/\/bestmeditrips.com\/wp-content\/uploads\/2024\/09\/health-tourism.jpg\" \/>\n\t<meta property=\"og:image:width\" content=\"1024\" \/>\n\t<meta property=\"og:image:height\" content=\"683\" \/>\n\t<meta property=\"og:image:type\" content=\"image\/jpeg\" \/>\n<meta name=\"twitter:card\" content=\"summary_large_image\" \/>\n<meta name=\"twitter:label1\" content=\"Est. reading time\" \/>\n\t<meta name=\"twitter:data1\" content=\"2 minutes\" \/>\n<script type=\"application\/ld+json\" class=\"yoast-schema-graph\">{\"@context\":\"https:\\\/\\\/schema.org\",\"@graph\":[{\"@type\":\"WebPage\",\"@id\":\"https:\\\/\\\/bestmeditrips.com\\\/lv\\\/privatuma-politika\\\/\",\"url\":\"https:\\\/\\\/bestmeditrips.com\\\/lv\\\/privatuma-politika\\\/\",\"name\":\"Priv\u0101tuma Politika - Bestmeditrips.com\",\"isPartOf\":{\"@id\":\"https:\\\/\\\/bestmeditrips.com\\\/lv\\\/#website\"},\"datePublished\":\"2024-09-01T17:00:15+00:00\",\"dateModified\":\"2024-09-04T21:59:56+00:00\",\"breadcrumb\":{\"@id\":\"https:\\\/\\\/bestmeditrips.com\\\/lv\\\/privatuma-politika\\\/#breadcrumb\"},\"inLanguage\":\"lv-LV\",\"potentialAction\":[{\"@type\":\"ReadAction\",\"target\":[\"https:\\\/\\\/bestmeditrips.com\\\/lv\\\/privatuma-politika\\\/\"]}]},{\"@type\":\"BreadcrumbList\",\"@id\":\"https:\\\/\\\/bestmeditrips.com\\\/lv\\\/privatuma-politika\\\/#breadcrumb\",\"itemListElement\":[{\"@type\":\"ListItem\",\"position\":1,\"name\":\"Home\",\"item\":\"https:\\\/\\\/bestmeditrips.com\\\/lv\\\/\"},{\"@type\":\"ListItem\",\"position\":2,\"name\":\"Priv\u0101tuma Politika\"}]},{\"@type\":\"WebSite\",\"@id\":\"https:\\\/\\\/bestmeditrips.com\\\/lv\\\/#website\",\"url\":\"https:\\\/\\\/bestmeditrips.com\\\/lv\\\/\",\"name\":\"Bestmeditrips.com\",\"description\":\"Medic\u012bniskais t\u016brisms, lab\u0101k\u0101s \u0101rst\u0113\u0161anas, kl\u012bnikas, \u0101rsti un zob\u0101rsti!\",\"publisher\":{\"@id\":\"https:\\\/\\\/bestmeditrips.com\\\/lv\\\/#organization\"},\"potentialAction\":[{\"@type\":\"SearchAction\",\"target\":{\"@type\":\"EntryPoint\",\"urlTemplate\":\"https:\\\/\\\/bestmeditrips.com\\\/lv\\\/?s={search_term_string}\"},\"query-input\":{\"@type\":\"PropertyValueSpecification\",\"valueRequired\":true,\"valueName\":\"search_term_string\"}}],\"inLanguage\":\"lv-LV\"},{\"@type\":\"Organization\",\"@id\":\"https:\\\/\\\/bestmeditrips.com\\\/lv\\\/#organization\",\"name\":\"Bestmeditrips.com\",\"url\":\"https:\\\/\\\/bestmeditrips.com\\\/lv\\\/\",\"logo\":{\"@type\":\"ImageObject\",\"inLanguage\":\"lv-LV\",\"@id\":\"https:\\\/\\\/bestmeditrips.com\\\/lv\\\/#\\\/schema\\\/logo\\\/image\\\/\",\"url\":\"https:\\\/\\\/bestmeditrips.com\\\/wp-content\\\/uploads\\\/2024\\\/09\\\/logo-2.png\",\"contentUrl\":\"https:\\\/\\\/bestmeditrips.com\\\/wp-content\\\/uploads\\\/2024\\\/09\\\/logo-2.png\",\"width\":500,\"height\":98,\"caption\":\"Bestmeditrips.com\"},\"image\":{\"@id\":\"https:\\\/\\\/bestmeditrips.com\\\/lv\\\/#\\\/schema\\\/logo\\\/image\\\/\"},\"sameAs\":[\"https:\\\/\\\/www.facebook.com\\\/profile.php?id=61565479139599\"]}]}<\/script>\n<!-- \/ Yoast SEO plugin. -->","yoast_head_json":{"title":"Priv\u0101tuma Politika - Bestmeditrips.com","robots":{"index":"index","follow":"follow","max-snippet":"max-snippet:-1","max-image-preview":"max-image-preview:large","max-video-preview":"max-video-preview:-1"},"canonical":"https:\/\/bestmeditrips.com\/lv\/privatuma-politika\/","og_locale":"lv_LV","og_type":"article","og_title":"Priv\u0101tuma Politika - Bestmeditrips.com","og_description":"Priv\u0101tuma Politika Paldies, ka apmekl\u0113j\u0101t BestMediTrips.com. J\u016bsu priv\u0101tums mums ir svar\u012bgs. \u0160\u012b Priv\u0101tuma Politika izskaidro, k\u0101 m\u0113s apkopojam, izmantojam, izpau\u017eam un aizsarg\u0101jam j\u016bsu inform\u0101ciju, kad apmekl\u0113jat m\u016bsu vietni. L\u016bdzu, r\u016bp\u012bgi izlasiet \u0161o priv\u0101tuma politiku. Ja j\u016bs nepiekr\u012btat \u0161\u012bs priv\u0101tuma politikas noteikumiem, l\u016bdzu, neizmantojiet \u0161o vietni. 1. Inform\u0101cija, ko M\u0113s V\u0101cam M\u0113s varam apkopot person\u012bgu inform\u0101ciju, ... Read more","og_url":"https:\/\/bestmeditrips.com\/lv\/privatuma-politika\/","og_site_name":"Bestmeditrips.com","article_publisher":"https:\/\/www.facebook.com\/profile.php?id=61565479139599","article_modified_time":"2024-09-04T21:59:56+00:00","og_image":[{"width":1024,"height":683,"url":"https:\/\/bestmeditrips.com\/wp-content\/uploads\/2024\/09\/health-tourism.jpg","type":"image\/jpeg"}],"twitter_card":"summary_large_image","twitter_misc":{"Est. reading time":"2 minutes"},"schema":{"@context":"https:\/\/schema.org","@graph":[{"@type":"WebPage","@id":"https:\/\/bestmeditrips.com\/lv\/privatuma-politika\/","url":"https:\/\/bestmeditrips.com\/lv\/privatuma-politika\/","name":"Priv\u0101tuma Politika - Bestmeditrips.com","isPartOf":{"@id":"https:\/\/bestmeditrips.com\/lv\/#website"},"datePublished":"2024-09-01T17:00:15+00:00","dateModified":"2024-09-04T21:59:56+00:00","breadcrumb":{"@id":"https:\/\/bestmeditrips.com\/lv\/privatuma-politika\/#breadcrumb"},"inLanguage":"lv-LV","potentialAction":[{"@type":"ReadAction","target":["https:\/\/bestmeditrips.com\/lv\/privatuma-politika\/"]}]},{"@type":"BreadcrumbList","@id":"https:\/\/bestmeditrips.com\/lv\/privatuma-politika\/#breadcrumb","itemListElement":[{"@type":"ListItem","position":1,"name":"Home","item":"https:\/\/bestmeditrips.com\/lv\/"},{"@type":"ListItem","position":2,"name":"Priv\u0101tuma Politika"}]},{"@type":"WebSite","@id":"https:\/\/bestmeditrips.com\/lv\/#website","url":"https:\/\/bestmeditrips.com\/lv\/","name":"Bestmeditrips.com","description":"Medic\u012bniskais t\u016brisms, lab\u0101k\u0101s \u0101rst\u0113\u0161anas, kl\u012bnikas, \u0101rsti un zob\u0101rsti!","publisher":{"@id":"https:\/\/bestmeditrips.com\/lv\/#organization"},"potentialAction":[{"@type":"SearchAction","target":{"@type":"EntryPoint","urlTemplate":"https:\/\/bestmeditrips.com\/lv\/?s={search_term_string}"},"query-input":{"@type":"PropertyValueSpecification","valueRequired":true,"valueName":"search_term_string"}}],"inLanguage":"lv-LV"},{"@type":"Organization","@id":"https:\/\/bestmeditrips.com\/lv\/#organization","name":"Bestmeditrips.com","url":"https:\/\/bestmeditrips.com\/lv\/","logo":{"@type":"ImageObject","inLanguage":"lv-LV","@id":"https:\/\/bestmeditrips.com\/lv\/#\/schema\/logo\/image\/","url":"https:\/\/bestmeditrips.com\/wp-content\/uploads\/2024\/09\/logo-2.png","contentUrl":"https:\/\/bestmeditrips.com\/wp-content\/uploads\/2024\/09\/logo-2.png","width":500,"height":98,"caption":"Bestmeditrips.com"},"image":{"@id":"https:\/\/bestmeditrips.com\/lv\/#\/schema\/logo\/image\/"},"sameAs":["https:\/\/www.facebook.com\/profile.php?id=61565479139599"]}]}},"_links":{"self":[{"href":"https:\/\/bestmeditrips.com\/lv\/wp-json\/wp\/v2\/pages\/429","targetHints":{"allow":["GET"]}}],"collection":[{"href":"https:\/\/bestmeditrips.com\/lv\/wp-json\/wp\/v2\/pages"}],"about":[{"href":"https:\/\/bestmeditrips.com\/lv\/wp-json\/wp\/v2\/types\/page"}],"author":[{"embeddable":true,"href":"https:\/\/bestmeditrips.com\/lv\/wp-json\/wp\/v2\/users\/1"}],"replies":[{"embeddable":true,"href":"https:\/\/bestmeditrips.com\/lv\/wp-json\/wp\/v2\/comments?post=429"}],"version-history":[{"count":1,"href":"https:\/\/bestmeditrips.com\/lv\/wp-json\/wp\/v2\/pages\/429\/revisions"}],"predecessor-version":[{"id":572,"href":"https:\/\/bestmeditrips.com\/lv\/wp-json\/wp\/v2\/pages\/429\/revisions\/572"}],"wp:attachment":[{"href":"https:\/\/bestmeditrips.com\/lv\/wp-json\/wp\/v2\/media?parent=429"}],"curies":[{"name":"wp","href":"https:\/\/api.w.org\/{rel}","templated":true}]}}