{"id":308,"date":"2024-09-02T20:44:40","date_gmt":"2024-09-02T17:44:40","guid":{"rendered":"https:\/\/bestmeditrips.com\/starptautiskais-veselibas-turisms-un-galamerki\/"},"modified":"2024-09-23T11:59:35","modified_gmt":"2024-09-23T08:59:35","slug":"starptautiskais-veselibas-turisms-un-galamerki","status":"publish","type":"page","link":"https:\/\/bestmeditrips.com\/lv\/","title":{"rendered":"Medic\u012bnas T\u016brisms un Galam\u0113r\u0137i"},"content":{"rendered":"<h2>Atkl\u0101jiet Lab\u0101ko Medic\u012bnas T\u016brisma Pieredzi<\/h2>\n<p>Laipni l\u016bdzam <em><strong>BestMediTrips.com<\/strong><\/em>, j\u016bsu galvenaj\u0101 galam\u0113r\u0137\u012b, kas apvieno izcilu medic\u012bnisko apr\u016bpi ar neparast\u0101m ce\u013co\u0161anas pieredz\u0113m. M\u016bsu daudzvalodu platforma ir velt\u012bta, lai savienotu j\u016bs ar lab\u0101kajiem medic\u012bnas t\u016brisma galam\u0113r\u0137iem vis\u0101 pasaul\u0113, pied\u0101v\u0101jot detaliz\u0113tu inform\u0101ciju par lab\u0101kajiem pieejamajiem medic\u012bniskajiem pakalpojumiem un proced\u016br\u0101m.<\/p>\n<h3>Izp\u0113tiet Premium Vesel\u012bbas un Medic\u012bnas T\u016brisma Galam\u0113r\u0137us<\/h3>\n<p>Vietn\u0113 <em><strong>BestMediTrips.com<\/strong><\/em> m\u0113s pied\u0101v\u0101jam r\u016bp\u012bgi izv\u0113l\u0113tu medic\u012bnas t\u016brisma iesp\u0113ju kl\u0101stu, vedot j\u016bs cauri daudzveid\u012bgiem \u0101rst\u0113\u0161anas veidiem, kas pieejami vispievilc\u012bg\u0101kajos galam\u0113r\u0137os vis\u0101 pasaul\u0113. Atkl\u0101jiet, kas padara katru vietu unik\u0101lu:<\/p>\n<h4><strong><span style=\"color: #ff0000;\">\u2665\u00a0<\/span><\/strong><strong>TURCIJA:<\/strong> Stambula, Ant\u0101lija, Izmira un Ankara<\/h4>\n<p>Turcija ir paz\u012bstama ar sav\u0101m modernaj\u0101m medic\u012bnas iest\u0101d\u0113m un izmaksu zi\u0146\u0101 efekt\u012bvaj\u0101m proced\u016br\u0101m. Izp\u0113tiet m\u016bsu lab\u0101k\u0101s pils\u0113tas pla\u0161a vesel\u012bbas apr\u016bpes pakalpojumu kl\u0101sta nodro\u0161in\u0101\u0161anai:<\/p>\n<ul>\n<li><strong>Zob\u0101rstniec\u012bbas kl\u012bnikas:<\/strong> Transform\u0113jiet savu smaidu ar progres\u012bv\u0101m proced\u016br\u0101m, piem\u0113ram, implantiem, Holivudas smaida uzlabojumiem un inovat\u012bviem risin\u0101jumiem, piem\u0113ram, &#8220;all-on-4&#8221; un &#8220;all-on-6&#8221;.<\/li>\n<li><strong>Matu atjauno\u0161anas kl\u012bnikas:<\/strong> Sasniedziet dabiskus un ilgsto\u0161us rezult\u0101tus, izmantojot modern\u0101k\u0101s matu transplant\u0101cijas tehnikas.<\/li>\n<li><strong>Est\u0113tisk\u0101s slimn\u012bcas:<\/strong> Izbaudiet pasaules klases est\u0113tisko \u0137irur\u0123iju, s\u0101kot no sejas pacel\u0161anas l\u012bdz \u0137erme\u0146a kontur\u0113\u0161anai.<\/li>\n<li><strong>Ortop\u0113dijas speci\u0101listi:<\/strong> Izmantojiet progres\u012bvus \u0101rst\u0113\u0161anas veidus loc\u012btavu un mugurkaula probl\u0113m\u0101m, nodro\u0161inot optim\u0101lu atvese\u013co\u0161anos un mobilit\u0101ti.<\/li>\n<\/ul>\n<h4><strong><span style=\"color: #ff0000;\">\u2665\u00a0<\/span><\/strong><strong>UNG\u0100RIJA:<\/strong> Budape\u0161ta un Debrecena<\/h4>\n<p>Ung\u0101rija pied\u0101v\u0101 izcilu medic\u012bnisko apr\u016bpi, \u012bpa\u0161i zob\u0101rstniec\u012bbas jom\u0101. Budape\u0161t\u0101 un Debrecen\u0101 atkl\u0101jiet:<\/p>\n<ul>\n<li><strong>Zob\u0101rstniec\u012bbas kl\u012bnikas:<\/strong> Augst\u0101k\u0101s klases apr\u016bpe implantiem un est\u0113tisk\u0101m zob\u0101rstniec\u012bbas proced\u016br\u0101m par konkur\u0113tsp\u0113j\u012bg\u0101m cen\u0101m.<\/li>\n<li><strong>Est\u0113tisk\u0101s \u0137irur\u0123ijas centri:<\/strong> Uzlabojiet savu izskatu ar r\u016bp\u012bgu uzman\u012bbu deta\u013c\u0101m.<\/li>\n<\/ul>\n<h4><strong><span style=\"color: #ff0000;\">\u2665\u00a0<\/span><\/strong><strong>SERBIJA:<\/strong> Belgrada<\/h4>\n<p>Belgrada k\u013c\u016bst par augstas kvalit\u0101tes medic\u012bnisk\u0101s apr\u016bpes centru. \u0160eit j\u016bs atrad\u012bsiet:<\/p>\n<ul>\n<li><strong>Inovat\u012bvi medic\u012bnas pakalpojumi:<\/strong> No zob\u0101rstniec\u012bbas l\u012bdz est\u0113tisk\u0101m proced\u016br\u0101m &#8211; izbaudiet izcilu apr\u016bpi, kas piel\u0101gota j\u016bsu vajadz\u012bb\u0101m.<\/li>\n<li><strong>Personaliz\u0113tas medic\u012bnas kl\u012bnikas:<\/strong> Izbaudiet pakalpojumus pils\u0113t\u0101, kas slavena ar savu viesm\u012bl\u012bbu un medic\u012bnisko kompetenci.<\/li>\n<\/ul>\n<h4><strong><span style=\"color: #ff0000;\">\u2665\u00a0<\/span><\/strong><strong>HORV\u0100TIJA:<\/strong> Zagreba un Splita<\/h4>\n<p>Horv\u0101tija apvieno medic\u012bnisko izcil\u012bbu ar skaist\u0101m ainav\u0101m. Atkl\u0101jiet:<\/p>\n<ul>\n<li><strong>Zob\u0101rstniec\u012bbas un est\u0113tisk\u0101s kl\u012bnikas:<\/strong> Izbaudiet progres\u012bvus \u0101rst\u0113\u0161anas veidus gleznain\u0101 vid\u0113.<\/li>\n<li><strong>Rehabilit\u0101cijas un labsaj\u016btas slimn\u012bcas:<\/strong> Visaptvero\u0161as apr\u016bpes iesp\u0113jas, kas paredz\u0113tas, lai uzlabotu j\u016bsu visp\u0101r\u0113jo labkl\u0101j\u012bbu.<\/li>\n<\/ul>\n<h4><strong><span style=\"color: #ff0000;\">\u2665\u00a0<\/span><\/strong><strong>POLIJA:<\/strong> Var\u0161ava un Krakova<\/h4>\n<p>Polija pied\u0101v\u0101 augstas kvalit\u0101tes medic\u012bniskos pakalpojumus par pie\u0146emam\u0101m cen\u0101m. Izp\u0113tiet:<\/p>\n<ul>\n<li><strong>Zob\u0101rstniec\u012bbas apr\u016bpes iest\u0101des:<\/strong> Uzlaboti risin\u0101jumi implantiem un citiem zob\u0101rstniec\u012bbas vajadz\u012bb\u0101m.<\/li>\n<li><strong>Ortop\u0113disk\u0101s un est\u0113tisk\u0101s kl\u012bnikas:<\/strong> Modernas iest\u0101des, kas pied\u0101v\u0101 pla\u0161u proced\u016bru kl\u0101stu.<\/li>\n<\/ul>\n<h4><strong><span style=\"color: #ff0000;\">\u2665\u00a0<\/span><\/strong><strong>V\u0100CIJA:<\/strong> Berl\u012bne un Minhene<\/h4>\n<p>V\u0101cija ir sinon\u012bms medic\u012bnas inov\u0101cij\u0101m un kvalit\u0101tei. Piek\u013cuve:<\/p>\n<ul>\n<li><strong>Augst\u0101k\u0101s klases slimn\u012bcas:<\/strong> Jaun\u0101k\u0101s medic\u012bnas tehnolo\u0123ijas un specializ\u0113ta apr\u016bpe.<\/li>\n<li><strong>Visaptvero\u0161i vesel\u012bbas apr\u016bpes centri:<\/strong> Pasaules klases \u0101rst\u0113\u0161ana sare\u017e\u0123\u012bt\u0101m oper\u0101cij\u0101m un rut\u012bnas proced\u016br\u0101m.<\/li>\n<\/ul>\n<h4><strong><span style=\"color: #ff0000;\">\u2665\u00a0<\/span><\/strong><strong>\u010cEHIJA:<\/strong> Pr\u0101ga<\/h4>\n<p>Pr\u0101ga pied\u0101v\u0101 v\u0113sturiskas burv\u012bbas un modern\u0101s vesel\u012bbas apr\u016bpes kombin\u0101ciju. Atkl\u0101jiet:<\/p>\n<ul>\n<li><strong>Augsti nov\u0113rt\u0113tas zob\u0101rstniec\u012bbas kl\u012bnikas:<\/strong> Izcilas iesp\u0113jas vien\u0101 no skaist\u0101kaj\u0101m Eiropas pils\u0113t\u0101m.<\/li>\n<li><strong>Est\u0113tisk\u0101s slimn\u012bcas:<\/strong> Augstas kvalit\u0101tes est\u0113tisk\u0101s proced\u016bras.<\/li>\n<\/ul>\n<h4><strong><span style=\"color: #ff0000;\">\u2665\u00a0<\/span><\/strong><strong>MEKSIKA:<\/strong> Kankuna un Mehiko<\/h4>\n<p>Meksika nodro\u0161ina dz\u012bv\u012bgu fonu izcilai medic\u012bniskajai apr\u016bpei. Izbaudiet:<\/p>\n<ul>\n<li><strong>Pieejami \u0101rst\u0113\u0161anas centri:<\/strong> Augstas kvalit\u0101tes zob\u0101rstniec\u012bbas un est\u0113tisk\u0101s proced\u016bras.<\/li>\n<li><strong>Kult\u016bras pieredzes kl\u012bnikas:<\/strong> Apvienojiet \u0101rst\u0113\u0161anu ar bag\u0101t\u012bgu kult\u016bras ce\u013cojumu.<\/li>\n<\/ul>\n<h4><strong><span style=\"color: #ff0000;\">\u2665 <\/span><\/strong><strong>KOLUMBIJA:<\/strong> Medeljina un Bogota<\/h4>\n<p>Kolumbija ir paz\u012bstama ar saviem kvalific\u0113tajiem medic\u012bnas speci\u0101listiem un izmaksu zi\u0146\u0101 izdev\u012bgiem pakalpojumiem. Piek\u013cuve:<\/p>\n<ul>\n<li><strong>Visaptvero\u0161i medic\u012bnas centri:<\/strong> Da\u017e\u0101das medic\u012bnisk\u0101s proced\u016bras ar uzsvaru uz kvalit\u0101ti un pieejam\u012bbu.<\/li>\n<li><strong>Ekspertu zob\u0101rstniec\u012bbas kl\u012bnikas:<\/strong> Apr\u016bpe no ekspertiem valst\u012b, kas paz\u012bstama ar vesel\u012bbas apr\u016bpes sasniegumiem.<\/li>\n<\/ul>\n<h4><strong><span style=\"color: #ff0000;\">\u2665\u00a0<\/span><\/strong><strong>TAIZEME:<\/strong> Bangkoka un Ph\u016bketa<\/h4>\n<p>Taizeme pied\u0101v\u0101 ide\u0101lu medic\u012bnisk\u0101s apr\u016bpes un ce\u013co\u0161anas pieredzes kombin\u0101ciju. Atkl\u0101jiet:<\/p>\n<ul>\n<li><strong>Pasaules klases slimn\u012bcas:<\/strong> Augstas kvalit\u0101tes medic\u012bnas pakalpojumi zobu kop\u0161anai un labsaj\u016btas programm\u0101m.<\/li>\n<li><strong>Kl\u012bnikas skaist\u0101s viet\u0101s:<\/strong> Izbaudiet izcilu medic\u012bnisko apr\u016bpi, kam\u0113r izp\u0113tiet Taizemi.<\/li>\n<\/ul>\n<h4><strong><span style=\"color: #ff0000;\">\u2665\u00a0<\/span><\/strong><strong>INDIJA:<\/strong> Deli un Mumbaja<\/h4>\n<p>Indijas medic\u012bnas iest\u0101des ir modernas un pieejamas. Izp\u0113tiet:<\/p>\n<ul>\n<li><strong>Da\u017e\u0101das medic\u012bnas kl\u012bnikas:<\/strong> Augsti standarti da\u017e\u0101d\u0101s medic\u012bnas iesp\u0113j\u0101s.<\/li>\n<li><strong>Slimn\u012bcas ar kvalific\u0113tiem speci\u0101listiem:<\/strong> Apr\u016bpe no ekspertiem Deli un Mumbaj\u0101.<\/li>\n<\/ul>\n<h4><strong><span style=\"color: #ff0000;\">\u2665\u00a0<\/span><\/strong><strong>VIETNAM:<\/strong> Ho\u0161imina un Hanoja<\/h4>\n<p>Vjetnama k\u013c\u016bst par augo\u0161u medic\u012bnas t\u016brisma galam\u0113r\u0137i. \u0160eit j\u016bs varat izmantot:<\/p>\n<ul>\n<li><strong>Efekt\u012bvi medic\u012bnas centri:<\/strong> Pieejama un augstas kvalit\u0101tes apr\u016bpe.<\/li>\n<li><strong>Visaptvero\u0161as \u0101rst\u0113\u0161anas kl\u012bnikas:<\/strong> No zobu kop\u0161anas l\u012bdz ortop\u0113disk\u0101m proced\u016br\u0101m.<\/li>\n<\/ul>\n<h4>K\u0101p\u0113c izv\u0113l\u0113ties vesel\u012bbas un medic\u012bnas t\u016brismu?<\/h4>\n<p>Vesel\u012bbas un medic\u012bnas t\u016brisms \u013cauj apvienot augstas klases medic\u012bnisko apr\u016bpi ar aizraujo\u0161\u0101m ce\u013co\u0161anas iesp\u0113j\u0101m. Vietn\u0113 <em>BestMediTrips.com<\/em> m\u0113s esam ap\u0146\u0113mu\u0161ies pal\u012bdz\u0113t jums atrast ide\u0101lo galam\u0113r\u0137i un \u0101rst\u0113\u0161anu, kas atbilst j\u016bsu vajadz\u012bb\u0101m un v\u0113lm\u0113m. Izp\u0113tiet m\u016bsu platformu, lai s\u0101ktu savu ce\u013cojumu uz izcilu medic\u012bnisko apr\u016bpi un neaizmirstam\u0101m pieredz\u0113m.<\/p>\n","protected":false},"excerpt":{"rendered":"<p>Atkl\u0101jiet Lab\u0101ko Medic\u012bnas T\u016brisma Pieredzi Laipni l\u016bdzam BestMediTrips.com, j\u016bsu galvenaj\u0101 galam\u0113r\u0137\u012b, kas apvieno izcilu medic\u012bnisko apr\u016bpi ar neparast\u0101m ce\u013co\u0161anas pieredz\u0113m. M\u016bsu daudzvalodu platforma ir velt\u012bta, lai savienotu j\u016bs ar lab\u0101kajiem medic\u012bnas t\u016brisma galam\u0113r\u0137iem vis\u0101 pasaul\u0113, pied\u0101v\u0101jot detaliz\u0113tu inform\u0101ciju par lab\u0101kajiem pieejamajiem medic\u012bniskajiem pakalpojumiem un proced\u016br\u0101m. Izp\u0113tiet Premium Vesel\u012bbas un Medic\u012bnas T\u016brisma Galam\u0113r\u0137us Vietn\u0113 BestMediTrips.com m\u0113s &#8230; <a title=\"Medic\u012bnas T\u016brisms un Galam\u0113r\u0137i\" class=\"read-more\" href=\"https:\/\/bestmeditrips.com\/lv\/\" aria-label=\"Read more about Medic\u012bnas T\u016brisms un Galam\u0113r\u0137i\">Read more<\/a><\/p>\n","protected":false},"author":1,"featured_media":341,"parent":0,"menu_order":0,"comment_status":"closed","ping_status":"closed","template":"","meta":{"footnotes":""},"class_list":["post-308","page","type-page","status-publish","has-post-thumbnail"],"yoast_head":"<!-- This site is optimized with the Yoast SEO plugin v27.6 - https:\/\/yoast.com\/product\/yoast-seo-wordpress\/ -->\n<title>Medic\u012bnas T\u016brisma Eksperti | Premium \u0100rst\u0113\u0161ana un Galam\u0113r\u0137i<\/title>\n<meta name=\"description\" content=\"Izp\u0113tiet lab\u0101kos vesel\u012bbas t\u016brisma pakalpojumus ar lab\u0101kaj\u0101m kl\u012bnik\u0101m, \u0101rstiem un zob\u0101rstiem, pied\u0101v\u0101jot ekspertu padomus lab\u0101kajiem medic\u012bniskajiem ce\u013cojumiem.\" \/>\n<meta name=\"robots\" content=\"index, follow, max-snippet:-1, max-image-preview:large, max-video-preview:-1\" \/>\n<link rel=\"canonical\" href=\"https:\/\/bestmeditrips.com\/lv\/\" \/>\n<meta property=\"og:locale\" content=\"lv_LV\" \/>\n<meta property=\"og:type\" content=\"article\" \/>\n<meta property=\"og:title\" content=\"Medic\u012bnas T\u016brisma Eksperti | Premium \u0100rst\u0113\u0161ana un Galam\u0113r\u0137i\" \/>\n<meta property=\"og:description\" content=\"Izp\u0113tiet lab\u0101kos vesel\u012bbas t\u016brisma pakalpojumus ar lab\u0101kaj\u0101m kl\u012bnik\u0101m, \u0101rstiem un zob\u0101rstiem, pied\u0101v\u0101jot ekspertu padomus lab\u0101kajiem medic\u012bniskajiem ce\u013cojumiem.\" \/>\n<meta property=\"og:url\" content=\"https:\/\/bestmeditrips.com\/lv\/\" \/>\n<meta property=\"og:site_name\" content=\"Bestmeditrips.com\" \/>\n<meta property=\"article:publisher\" content=\"https:\/\/www.facebook.com\/profile.php?id=61565479139599\" \/>\n<meta property=\"article:modified_time\" content=\"2024-09-23T08:59:35+00:00\" \/>\n<meta property=\"og:image\" content=\"https:\/\/bestmeditrips.com\/wp-content\/uploads\/2024\/09\/health-tourism.jpg\" \/>\n\t<meta property=\"og:image:width\" content=\"1024\" \/>\n\t<meta property=\"og:image:height\" content=\"683\" \/>\n\t<meta property=\"og:image:type\" content=\"image\/jpeg\" \/>\n<meta name=\"twitter:card\" content=\"summary_large_image\" \/>\n<meta name=\"twitter:label1\" content=\"Est. reading time\" \/>\n\t<meta name=\"twitter:data1\" content=\"5 minutes\" \/>\n<script type=\"application\/ld+json\" class=\"yoast-schema-graph\">{\"@context\":\"https:\\\/\\\/schema.org\",\"@graph\":[{\"@type\":\"WebPage\",\"@id\":\"https:\\\/\\\/bestmeditrips.com\\\/lv\\\/\",\"url\":\"https:\\\/\\\/bestmeditrips.com\\\/lv\\\/\",\"name\":\"Medic\u012bnas T\u016brisma Eksperti | Premium \u0100rst\u0113\u0161ana un Galam\u0113r\u0137i\",\"isPartOf\":{\"@id\":\"https:\\\/\\\/bestmeditrips.com\\\/lv\\\/#website\"},\"primaryImageOfPage\":{\"@id\":\"https:\\\/\\\/bestmeditrips.com\\\/lv\\\/#primaryimage\"},\"image\":{\"@id\":\"https:\\\/\\\/bestmeditrips.com\\\/lv\\\/#primaryimage\"},\"thumbnailUrl\":\"https:\\\/\\\/bestmeditrips.com\\\/wp-content\\\/uploads\\\/2024\\\/09\\\/health-tourism.jpg\",\"datePublished\":\"2024-09-02T17:44:40+00:00\",\"dateModified\":\"2024-09-23T08:59:35+00:00\",\"description\":\"Izp\u0113tiet lab\u0101kos vesel\u012bbas t\u016brisma pakalpojumus ar lab\u0101kaj\u0101m kl\u012bnik\u0101m, \u0101rstiem un zob\u0101rstiem, pied\u0101v\u0101jot ekspertu padomus lab\u0101kajiem medic\u012bniskajiem ce\u013cojumiem.\",\"breadcrumb\":{\"@id\":\"https:\\\/\\\/bestmeditrips.com\\\/lv\\\/#breadcrumb\"},\"inLanguage\":\"lv-LV\",\"potentialAction\":[{\"@type\":\"ReadAction\",\"target\":[\"https:\\\/\\\/bestmeditrips.com\\\/lv\\\/\"]}]},{\"@type\":\"ImageObject\",\"inLanguage\":\"lv-LV\",\"@id\":\"https:\\\/\\\/bestmeditrips.com\\\/lv\\\/#primaryimage\",\"url\":\"https:\\\/\\\/bestmeditrips.com\\\/wp-content\\\/uploads\\\/2024\\\/09\\\/health-tourism.jpg\",\"contentUrl\":\"https:\\\/\\\/bestmeditrips.com\\\/wp-content\\\/uploads\\\/2024\\\/09\\\/health-tourism.jpg\",\"width\":1024,\"height\":683,\"caption\":\"Medical tourism and best destinations in the world for dental, hair transplant, orthopedic and aesthetic treatments\"},{\"@type\":\"BreadcrumbList\",\"@id\":\"https:\\\/\\\/bestmeditrips.com\\\/lv\\\/#breadcrumb\",\"itemListElement\":[{\"@type\":\"ListItem\",\"position\":1,\"name\":\"Home\",\"item\":\"https:\\\/\\\/bestmeditrips.com\\\/lv\\\/\"},{\"@type\":\"ListItem\",\"position\":2,\"name\":\"Medic\u012bnas T\u016brisms un Galam\u0113r\u0137i\"}]},{\"@type\":\"WebSite\",\"@id\":\"https:\\\/\\\/bestmeditrips.com\\\/lv\\\/#website\",\"url\":\"https:\\\/\\\/bestmeditrips.com\\\/lv\\\/\",\"name\":\"Bestmeditrips.com\",\"description\":\"Medic\u012bniskais t\u016brisms, lab\u0101k\u0101s \u0101rst\u0113\u0161anas, kl\u012bnikas, \u0101rsti un zob\u0101rsti!\",\"publisher\":{\"@id\":\"https:\\\/\\\/bestmeditrips.com\\\/lv\\\/#organization\"},\"potentialAction\":[{\"@type\":\"SearchAction\",\"target\":{\"@type\":\"EntryPoint\",\"urlTemplate\":\"https:\\\/\\\/bestmeditrips.com\\\/lv\\\/?s={search_term_string}\"},\"query-input\":{\"@type\":\"PropertyValueSpecification\",\"valueRequired\":true,\"valueName\":\"search_term_string\"}}],\"inLanguage\":\"lv-LV\"},{\"@type\":\"Organization\",\"@id\":\"https:\\\/\\\/bestmeditrips.com\\\/lv\\\/#organization\",\"name\":\"Bestmeditrips.com\",\"url\":\"https:\\\/\\\/bestmeditrips.com\\\/lv\\\/\",\"logo\":{\"@type\":\"ImageObject\",\"inLanguage\":\"lv-LV\",\"@id\":\"https:\\\/\\\/bestmeditrips.com\\\/lv\\\/#\\\/schema\\\/logo\\\/image\\\/\",\"url\":\"https:\\\/\\\/bestmeditrips.com\\\/wp-content\\\/uploads\\\/2024\\\/09\\\/logo-2.png\",\"contentUrl\":\"https:\\\/\\\/bestmeditrips.com\\\/wp-content\\\/uploads\\\/2024\\\/09\\\/logo-2.png\",\"width\":500,\"height\":98,\"caption\":\"Bestmeditrips.com\"},\"image\":{\"@id\":\"https:\\\/\\\/bestmeditrips.com\\\/lv\\\/#\\\/schema\\\/logo\\\/image\\\/\"},\"sameAs\":[\"https:\\\/\\\/www.facebook.com\\\/profile.php?id=61565479139599\"]}]}<\/script>\n<!-- \/ Yoast SEO plugin. -->","yoast_head_json":{"title":"Medic\u012bnas T\u016brisma Eksperti | Premium \u0100rst\u0113\u0161ana un Galam\u0113r\u0137i","description":"Izp\u0113tiet lab\u0101kos vesel\u012bbas t\u016brisma pakalpojumus ar lab\u0101kaj\u0101m kl\u012bnik\u0101m, \u0101rstiem un zob\u0101rstiem, pied\u0101v\u0101jot ekspertu padomus lab\u0101kajiem medic\u012bniskajiem ce\u013cojumiem.","robots":{"index":"index","follow":"follow","max-snippet":"max-snippet:-1","max-image-preview":"max-image-preview:large","max-video-preview":"max-video-preview:-1"},"canonical":"https:\/\/bestmeditrips.com\/lv\/","og_locale":"lv_LV","og_type":"article","og_title":"Medic\u012bnas T\u016brisma Eksperti | Premium \u0100rst\u0113\u0161ana un Galam\u0113r\u0137i","og_description":"Izp\u0113tiet lab\u0101kos vesel\u012bbas t\u016brisma pakalpojumus ar lab\u0101kaj\u0101m kl\u012bnik\u0101m, \u0101rstiem un zob\u0101rstiem, pied\u0101v\u0101jot ekspertu padomus lab\u0101kajiem medic\u012bniskajiem ce\u013cojumiem.","og_url":"https:\/\/bestmeditrips.com\/lv\/","og_site_name":"Bestmeditrips.com","article_publisher":"https:\/\/www.facebook.com\/profile.php?id=61565479139599","article_modified_time":"2024-09-23T08:59:35+00:00","og_image":[{"width":1024,"height":683,"url":"https:\/\/bestmeditrips.com\/wp-content\/uploads\/2024\/09\/health-tourism.jpg","type":"image\/jpeg"}],"twitter_card":"summary_large_image","twitter_misc":{"Est. reading time":"5 minutes"},"schema":{"@context":"https:\/\/schema.org","@graph":[{"@type":"WebPage","@id":"https:\/\/bestmeditrips.com\/lv\/","url":"https:\/\/bestmeditrips.com\/lv\/","name":"Medic\u012bnas T\u016brisma Eksperti | Premium \u0100rst\u0113\u0161ana un Galam\u0113r\u0137i","isPartOf":{"@id":"https:\/\/bestmeditrips.com\/lv\/#website"},"primaryImageOfPage":{"@id":"https:\/\/bestmeditrips.com\/lv\/#primaryimage"},"image":{"@id":"https:\/\/bestmeditrips.com\/lv\/#primaryimage"},"thumbnailUrl":"https:\/\/bestmeditrips.com\/wp-content\/uploads\/2024\/09\/health-tourism.jpg","datePublished":"2024-09-02T17:44:40+00:00","dateModified":"2024-09-23T08:59:35+00:00","description":"Izp\u0113tiet lab\u0101kos vesel\u012bbas t\u016brisma pakalpojumus ar lab\u0101kaj\u0101m kl\u012bnik\u0101m, \u0101rstiem un zob\u0101rstiem, pied\u0101v\u0101jot ekspertu padomus lab\u0101kajiem medic\u012bniskajiem ce\u013cojumiem.","breadcrumb":{"@id":"https:\/\/bestmeditrips.com\/lv\/#breadcrumb"},"inLanguage":"lv-LV","potentialAction":[{"@type":"ReadAction","target":["https:\/\/bestmeditrips.com\/lv\/"]}]},{"@type":"ImageObject","inLanguage":"lv-LV","@id":"https:\/\/bestmeditrips.com\/lv\/#primaryimage","url":"https:\/\/bestmeditrips.com\/wp-content\/uploads\/2024\/09\/health-tourism.jpg","contentUrl":"https:\/\/bestmeditrips.com\/wp-content\/uploads\/2024\/09\/health-tourism.jpg","width":1024,"height":683,"caption":"Medical tourism and best destinations in the world for dental, hair transplant, orthopedic and aesthetic treatments"},{"@type":"BreadcrumbList","@id":"https:\/\/bestmeditrips.com\/lv\/#breadcrumb","itemListElement":[{"@type":"ListItem","position":1,"name":"Home","item":"https:\/\/bestmeditrips.com\/lv\/"},{"@type":"ListItem","position":2,"name":"Medic\u012bnas T\u016brisms un Galam\u0113r\u0137i"}]},{"@type":"WebSite","@id":"https:\/\/bestmeditrips.com\/lv\/#website","url":"https:\/\/bestmeditrips.com\/lv\/","name":"Bestmeditrips.com","description":"Medic\u012bniskais t\u016brisms, lab\u0101k\u0101s \u0101rst\u0113\u0161anas, kl\u012bnikas, \u0101rsti un zob\u0101rsti!","publisher":{"@id":"https:\/\/bestmeditrips.com\/lv\/#organization"},"potentialAction":[{"@type":"SearchAction","target":{"@type":"EntryPoint","urlTemplate":"https:\/\/bestmeditrips.com\/lv\/?s={search_term_string}"},"query-input":{"@type":"PropertyValueSpecification","valueRequired":true,"valueName":"search_term_string"}}],"inLanguage":"lv-LV"},{"@type":"Organization","@id":"https:\/\/bestmeditrips.com\/lv\/#organization","name":"Bestmeditrips.com","url":"https:\/\/bestmeditrips.com\/lv\/","logo":{"@type":"ImageObject","inLanguage":"lv-LV","@id":"https:\/\/bestmeditrips.com\/lv\/#\/schema\/logo\/image\/","url":"https:\/\/bestmeditrips.com\/wp-content\/uploads\/2024\/09\/logo-2.png","contentUrl":"https:\/\/bestmeditrips.com\/wp-content\/uploads\/2024\/09\/logo-2.png","width":500,"height":98,"caption":"Bestmeditrips.com"},"image":{"@id":"https:\/\/bestmeditrips.com\/lv\/#\/schema\/logo\/image\/"},"sameAs":["https:\/\/www.facebook.com\/profile.php?id=61565479139599"]}]}},"_links":{"self":[{"href":"https:\/\/bestmeditrips.com\/lv\/wp-json\/wp\/v2\/pages\/308","targetHints":{"allow":["GET"]}}],"collection":[{"href":"https:\/\/bestmeditrips.com\/lv\/wp-json\/wp\/v2\/pages"}],"about":[{"href":"https:\/\/bestmeditrips.com\/lv\/wp-json\/wp\/v2\/types\/page"}],"author":[{"embeddable":true,"href":"https:\/\/bestmeditrips.com\/lv\/wp-json\/wp\/v2\/users\/1"}],"replies":[{"embeddable":true,"href":"https:\/\/bestmeditrips.com\/lv\/wp-json\/wp\/v2\/comments?post=308"}],"version-history":[{"count":4,"href":"https:\/\/bestmeditrips.com\/lv\/wp-json\/wp\/v2\/pages\/308\/revisions"}],"predecessor-version":[{"id":823,"href":"https:\/\/bestmeditrips.com\/lv\/wp-json\/wp\/v2\/pages\/308\/revisions\/823"}],"wp:featuredmedia":[{"embeddable":true,"href":"https:\/\/bestmeditrips.com\/lv\/wp-json\/wp\/v2\/media\/341"}],"wp:attachment":[{"href":"https:\/\/bestmeditrips.com\/lv\/wp-json\/wp\/v2\/media?parent=308"}],"curies":[{"name":"wp","href":"https:\/\/api.w.org\/{rel}","templated":true}]}}