{"id":608,"date":"2024-09-02T20:02:05","date_gmt":"2024-09-02T17:02:05","guid":{"rendered":"https:\/\/bestmeditrips.com\/straipsniai\/"},"modified":"2024-09-02T20:02:05","modified_gmt":"2024-09-02T17:02:05","slug":"straipsniai","status":"publish","type":"page","link":"https:\/\/bestmeditrips.com\/lt\/straipsniai\/","title":{"rendered":"Straipsniai"},"content":{"rendered":"<h2>Medicinos Turizmo Tinklara\u0161tis | Naujausi Straipsniai ir \u012e\u017evalgos<\/h2>\n<p>Atraskite naujausias tendencijas, ekspert\u0173 patarimus ir naudingus straipsnius apie sveikatos turizm\u0105. M\u016bs\u0173 tinklara\u0161tis apima visk\u0105 nuo geriausi\u0173 gydymo galimybi\u0173 ir kelioni\u0173 patarim\u0173 iki viet\u0173 gid\u0173 ir pacient\u0173 istorij\u0173. B\u016bkite informuoti apie verting\u0105 turin\u012f, kuris padeda pagerinti j\u016bs\u0173 sveikatos turizmo kelion\u0119.<\/p>\n","protected":false},"excerpt":{"rendered":"<p>Medicinos Turizmo Tinklara\u0161tis | Naujausi Straipsniai ir \u012e\u017evalgos Atraskite naujausias tendencijas, ekspert\u0173 patarimus ir naudingus straipsnius apie sveikatos turizm\u0105. M\u016bs\u0173 tinklara\u0161tis apima visk\u0105 nuo geriausi\u0173 gydymo galimybi\u0173 ir kelioni\u0173 patarim\u0173 iki viet\u0173 gid\u0173 ir pacient\u0173 istorij\u0173. B\u016bkite informuoti apie verting\u0105 turin\u012f, kuris padeda pagerinti j\u016bs\u0173 sveikatos turizmo kelion\u0119.<\/p>\n","protected":false},"author":1,"featured_media":0,"parent":0,"menu_order":0,"comment_status":"closed","ping_status":"closed","template":"","meta":{"footnotes":""},"class_list":["post-608","page","type-page","status-publish"],"yoast_head":"<!-- This site is optimized with the Yoast SEO plugin v27.6 - https:\/\/yoast.com\/product\/yoast-seo-wordpress\/ -->\n<title>Medicinos Turizmo Tinklara\u0161tis | Straipsniai ir \u012e\u017evalgos | bestmeditrips.com<\/title>\n<meta name=\"description\" content=\"I\u0161tyrin\u0117kite sveikatos turizmo informacij\u0105, naujausius straipsnius, \u012f\u017evalgas ir atnaujinimus apie gydymo b\u016bdus, vietas ir tendencijas.\" \/>\n<meta name=\"robots\" content=\"index, follow, max-snippet:-1, max-image-preview:large, max-video-preview:-1\" \/>\n<link rel=\"canonical\" href=\"https:\/\/bestmeditrips.com\/lt\/straipsniai\/\" \/>\n<meta property=\"og:locale\" content=\"lt_LT\" \/>\n<meta property=\"og:type\" content=\"article\" \/>\n<meta property=\"og:title\" content=\"Medicinos Turizmo Tinklara\u0161tis | Straipsniai ir \u012e\u017evalgos | bestmeditrips.com\" \/>\n<meta property=\"og:description\" content=\"I\u0161tyrin\u0117kite sveikatos turizmo informacij\u0105, naujausius straipsnius, \u012f\u017evalgas ir atnaujinimus apie gydymo b\u016bdus, vietas ir tendencijas.\" \/>\n<meta property=\"og:url\" content=\"https:\/\/bestmeditrips.com\/lt\/straipsniai\/\" \/>\n<meta property=\"og:site_name\" content=\"Bestmeditrips.com\" \/>\n<meta property=\"article:publisher\" content=\"https:\/\/www.facebook.com\/profile.php?id=61565479139599\" \/>\n<meta property=\"og:image\" content=\"https:\/\/bestmeditrips.com\/wp-content\/uploads\/2024\/09\/health-tourism.jpg\" \/>\n\t<meta property=\"og:image:width\" content=\"1024\" \/>\n\t<meta property=\"og:image:height\" content=\"683\" \/>\n\t<meta property=\"og:image:type\" content=\"image\/jpeg\" \/>\n<meta name=\"twitter:card\" content=\"summary_large_image\" \/>\n<script type=\"application\/ld+json\" class=\"yoast-schema-graph\">{\"@context\":\"https:\\\/\\\/schema.org\",\"@graph\":[{\"@type\":\"WebPage\",\"@id\":\"https:\\\/\\\/bestmeditrips.com\\\/lt\\\/straipsniai\\\/\",\"url\":\"https:\\\/\\\/bestmeditrips.com\\\/lt\\\/straipsniai\\\/\",\"name\":\"Medicinos Turizmo Tinklara\u0161tis | Straipsniai ir \u012e\u017evalgos | bestmeditrips.com\",\"isPartOf\":{\"@id\":\"https:\\\/\\\/bestmeditrips.com\\\/lt\\\/#website\"},\"datePublished\":\"2024-09-02T17:02:05+00:00\",\"description\":\"I\u0161tyrin\u0117kite sveikatos turizmo informacij\u0105, naujausius straipsnius, \u012f\u017evalgas ir atnaujinimus apie gydymo b\u016bdus, vietas ir tendencijas.\",\"breadcrumb\":{\"@id\":\"https:\\\/\\\/bestmeditrips.com\\\/lt\\\/straipsniai\\\/#breadcrumb\"},\"inLanguage\":\"lt-LT\",\"potentialAction\":[{\"@type\":\"ReadAction\",\"target\":[\"https:\\\/\\\/bestmeditrips.com\\\/lt\\\/straipsniai\\\/\"]}]},{\"@type\":\"BreadcrumbList\",\"@id\":\"https:\\\/\\\/bestmeditrips.com\\\/lt\\\/straipsniai\\\/#breadcrumb\",\"itemListElement\":[{\"@type\":\"ListItem\",\"position\":1,\"name\":\"Home\",\"item\":\"https:\\\/\\\/bestmeditrips.com\\\/lt\\\/\"},{\"@type\":\"ListItem\",\"position\":2,\"name\":\"Straipsniai\"}]},{\"@type\":\"WebSite\",\"@id\":\"https:\\\/\\\/bestmeditrips.com\\\/lt\\\/#website\",\"url\":\"https:\\\/\\\/bestmeditrips.com\\\/lt\\\/\",\"name\":\"Bestmeditrips.com\",\"description\":\"Medicininis turizmas, geriausi gydymo b\u016bdai, klinikos, gydytojai ir odontologai!\",\"publisher\":{\"@id\":\"https:\\\/\\\/bestmeditrips.com\\\/lt\\\/#organization\"},\"potentialAction\":[{\"@type\":\"SearchAction\",\"target\":{\"@type\":\"EntryPoint\",\"urlTemplate\":\"https:\\\/\\\/bestmeditrips.com\\\/lt\\\/?s={search_term_string}\"},\"query-input\":{\"@type\":\"PropertyValueSpecification\",\"valueRequired\":true,\"valueName\":\"search_term_string\"}}],\"inLanguage\":\"lt-LT\"},{\"@type\":\"Organization\",\"@id\":\"https:\\\/\\\/bestmeditrips.com\\\/lt\\\/#organization\",\"name\":\"Bestmeditrips.com\",\"url\":\"https:\\\/\\\/bestmeditrips.com\\\/lt\\\/\",\"logo\":{\"@type\":\"ImageObject\",\"inLanguage\":\"lt-LT\",\"@id\":\"https:\\\/\\\/bestmeditrips.com\\\/lt\\\/#\\\/schema\\\/logo\\\/image\\\/\",\"url\":\"https:\\\/\\\/bestmeditrips.com\\\/wp-content\\\/uploads\\\/2024\\\/09\\\/logo-2.png\",\"contentUrl\":\"https:\\\/\\\/bestmeditrips.com\\\/wp-content\\\/uploads\\\/2024\\\/09\\\/logo-2.png\",\"width\":500,\"height\":98,\"caption\":\"Bestmeditrips.com\"},\"image\":{\"@id\":\"https:\\\/\\\/bestmeditrips.com\\\/lt\\\/#\\\/schema\\\/logo\\\/image\\\/\"},\"sameAs\":[\"https:\\\/\\\/www.facebook.com\\\/profile.php?id=61565479139599\"]}]}<\/script>\n<!-- \/ Yoast SEO plugin. -->","yoast_head_json":{"title":"Medicinos Turizmo Tinklara\u0161tis | Straipsniai ir \u012e\u017evalgos | bestmeditrips.com","description":"I\u0161tyrin\u0117kite sveikatos turizmo informacij\u0105, naujausius straipsnius, \u012f\u017evalgas ir atnaujinimus apie gydymo b\u016bdus, vietas ir tendencijas.","robots":{"index":"index","follow":"follow","max-snippet":"max-snippet:-1","max-image-preview":"max-image-preview:large","max-video-preview":"max-video-preview:-1"},"canonical":"https:\/\/bestmeditrips.com\/lt\/straipsniai\/","og_locale":"lt_LT","og_type":"article","og_title":"Medicinos Turizmo Tinklara\u0161tis | Straipsniai ir \u012e\u017evalgos | bestmeditrips.com","og_description":"I\u0161tyrin\u0117kite sveikatos turizmo informacij\u0105, naujausius straipsnius, \u012f\u017evalgas ir atnaujinimus apie gydymo b\u016bdus, vietas ir tendencijas.","og_url":"https:\/\/bestmeditrips.com\/lt\/straipsniai\/","og_site_name":"Bestmeditrips.com","article_publisher":"https:\/\/www.facebook.com\/profile.php?id=61565479139599","og_image":[{"width":1024,"height":683,"url":"https:\/\/bestmeditrips.com\/wp-content\/uploads\/2024\/09\/health-tourism.jpg","type":"image\/jpeg"}],"twitter_card":"summary_large_image","schema":{"@context":"https:\/\/schema.org","@graph":[{"@type":"WebPage","@id":"https:\/\/bestmeditrips.com\/lt\/straipsniai\/","url":"https:\/\/bestmeditrips.com\/lt\/straipsniai\/","name":"Medicinos Turizmo Tinklara\u0161tis | Straipsniai ir \u012e\u017evalgos | bestmeditrips.com","isPartOf":{"@id":"https:\/\/bestmeditrips.com\/lt\/#website"},"datePublished":"2024-09-02T17:02:05+00:00","description":"I\u0161tyrin\u0117kite sveikatos turizmo informacij\u0105, naujausius straipsnius, \u012f\u017evalgas ir atnaujinimus apie gydymo b\u016bdus, vietas ir tendencijas.","breadcrumb":{"@id":"https:\/\/bestmeditrips.com\/lt\/straipsniai\/#breadcrumb"},"inLanguage":"lt-LT","potentialAction":[{"@type":"ReadAction","target":["https:\/\/bestmeditrips.com\/lt\/straipsniai\/"]}]},{"@type":"BreadcrumbList","@id":"https:\/\/bestmeditrips.com\/lt\/straipsniai\/#breadcrumb","itemListElement":[{"@type":"ListItem","position":1,"name":"Home","item":"https:\/\/bestmeditrips.com\/lt\/"},{"@type":"ListItem","position":2,"name":"Straipsniai"}]},{"@type":"WebSite","@id":"https:\/\/bestmeditrips.com\/lt\/#website","url":"https:\/\/bestmeditrips.com\/lt\/","name":"Bestmeditrips.com","description":"Medicininis turizmas, geriausi gydymo b\u016bdai, klinikos, gydytojai ir odontologai!","publisher":{"@id":"https:\/\/bestmeditrips.com\/lt\/#organization"},"potentialAction":[{"@type":"SearchAction","target":{"@type":"EntryPoint","urlTemplate":"https:\/\/bestmeditrips.com\/lt\/?s={search_term_string}"},"query-input":{"@type":"PropertyValueSpecification","valueRequired":true,"valueName":"search_term_string"}}],"inLanguage":"lt-LT"},{"@type":"Organization","@id":"https:\/\/bestmeditrips.com\/lt\/#organization","name":"Bestmeditrips.com","url":"https:\/\/bestmeditrips.com\/lt\/","logo":{"@type":"ImageObject","inLanguage":"lt-LT","@id":"https:\/\/bestmeditrips.com\/lt\/#\/schema\/logo\/image\/","url":"https:\/\/bestmeditrips.com\/wp-content\/uploads\/2024\/09\/logo-2.png","contentUrl":"https:\/\/bestmeditrips.com\/wp-content\/uploads\/2024\/09\/logo-2.png","width":500,"height":98,"caption":"Bestmeditrips.com"},"image":{"@id":"https:\/\/bestmeditrips.com\/lt\/#\/schema\/logo\/image\/"},"sameAs":["https:\/\/www.facebook.com\/profile.php?id=61565479139599"]}]}},"_links":{"self":[{"href":"https:\/\/bestmeditrips.com\/lt\/wp-json\/wp\/v2\/pages\/608","targetHints":{"allow":["GET"]}}],"collection":[{"href":"https:\/\/bestmeditrips.com\/lt\/wp-json\/wp\/v2\/pages"}],"about":[{"href":"https:\/\/bestmeditrips.com\/lt\/wp-json\/wp\/v2\/types\/page"}],"author":[{"embeddable":true,"href":"https:\/\/bestmeditrips.com\/lt\/wp-json\/wp\/v2\/users\/1"}],"replies":[{"embeddable":true,"href":"https:\/\/bestmeditrips.com\/lt\/wp-json\/wp\/v2\/comments?post=608"}],"version-history":[{"count":0,"href":"https:\/\/bestmeditrips.com\/lt\/wp-json\/wp\/v2\/pages\/608\/revisions"}],"wp:attachment":[{"href":"https:\/\/bestmeditrips.com\/lt\/wp-json\/wp\/v2\/media?parent=608"}],"curies":[{"name":"wp","href":"https:\/\/api.w.org\/{rel}","templated":true}]}}