{"id":433,"date":"2024-09-01T20:00:15","date_gmt":"2024-09-01T17:00:15","guid":{"rendered":"https:\/\/bestmeditrips.com\/privatumo-politika\/"},"modified":"2024-09-05T00:59:50","modified_gmt":"2024-09-04T21:59:50","slug":"privatumo-politika","status":"publish","type":"page","link":"https:\/\/bestmeditrips.com\/lt\/privatumo-politika\/","title":{"rendered":"Privatumo Politika"},"content":{"rendered":"<p><strong>Privatumo Politika<\/strong><\/p>\n<p>D\u0117kojame, kad apsilank\u0117te <em>BestMediTrips.com<\/em>. J\u016bs\u0173 privatumas mums yra svarbus. \u0160i <strong>Privatumo Politika<\/strong> paai\u0161kina, kaip mes renkame, naudojame, atskleid\u017eiame ir saugome j\u016bs\u0173 informacij\u0105, kai lankot\u0117s m\u016bs\u0173 svetain\u0117je. Pra\u0161ome atid\u017eiai perskaityti \u0161i\u0105 privatumo politik\u0105. Jei nesutinkate su \u0161ios privatumo politikos s\u0105lygomis, pra\u0161ome nesinaudoti svetaine.<\/p>\n<p><strong>1. Informacija, Kuri\u0105 Renkame<\/strong><\/p>\n<p>Mes galime rinkti asmenin\u0119 informacij\u0105, toki\u0105 kaip j\u016bs\u0173 vardas, el. pa\u0161to adresas, telefono numeris ir kitos detal\u0117s, kurias pateikiate, kai bendraujate su m\u016bs\u0173 svetaine arba kreipiat\u0117s \u012f mus d\u0117l u\u017eklaus\u0173.<\/p>\n<p><strong>2. Kaip Naudojame J\u016bs\u0173 Informacij\u0105<\/strong><\/p>\n<p>Mes galime naudoti surinkt\u0105 informacij\u0105, kad:<\/p>\n<p>Teiktume, veiktume ir palaikytume m\u016bs\u0173 svetain\u0119<br \/>\nPagerintume, suasmenintume ir pl\u0117stume m\u016bs\u0173 svetain\u0117s pasi\u016blymus<br \/>\nBendrautume su jumis tiesiogiai arba per vien\u0105 i\u0161 m\u016bs\u0173 partneri\u0173, \u012fskaitant klient\u0173 aptarnavim\u0105, teiktume atnaujinimus ir kit\u0105 informacij\u0105, susijusi\u0105 su svetaine, bei rinkodaros ir reklamos tikslais<br \/>\nApsaugotume, tirtume ir atgrasytume nuo neleistinos ar neteis\u0117tos veiklos<\/p>\n<p><strong>3. J\u016bs\u0173 Informacijos Atskleidimas<\/strong><\/p>\n<p>Mes galime dalintis j\u016bs\u0173 informacija su tre\u010diosiomis \u0161alimis tik b\u016bdais, apra\u0161ytais \u0161ioje <strong>Privatumo Politikoje<\/strong>.<\/p>\n<p><strong>4. J\u016bs\u0173 Informacijos Saugumas<\/strong><\/p>\n<p>Mes naudojame administracines, technines ir fizines saugumo priemones, kad pad\u0117tume apsaugoti j\u016bs\u0173 asmenin\u0119 informacij\u0105. Nors \u0117m\u0117m\u0117s pagr\u012fst\u0173 priemoni\u0173, kad u\u017etikrintume j\u016bs\u0173 pateiktos asmenin\u0117s informacijos saugum\u0105, atkreipkite d\u0117mes\u012f, kad nepaisant m\u016bs\u0173 pastang\u0173, jokia saugumo priemon\u0117 n\u0117ra tobula ar ne\u012fveikiama.<\/p>\n<p><strong>5. J\u016bs\u0173 Pasirinkimai d\u0117l J\u016bs\u0173 Informacijos<\/strong><\/p>\n<p>J\u016bs turite teis\u0119:<\/p>\n<p>Atnaujinti arba pataisyti savo asmenin\u0119 informacij\u0105<br \/>\nAtsisakyti rinkodaros prane\u0161im\u0173 gavimo<br \/>\nPra\u0161yti, kad mes i\u0161trintume j\u016bs\u0173 asmenin\u0119 informacij\u0105<\/p>\n<p><strong>6. \u0160ios Privatumo Politikos Pakeitimai<\/strong><\/p>\n<p>Mes galime periodi\u0161kai atnaujinti \u0161i\u0105 <strong>Privatumo Politik\u0105<\/strong>, siekdami atspind\u0117ti, pavyzd\u017eiui, m\u016bs\u0173 praktikos poky\u010dius arba d\u0117l kit\u0173 veiklos, teisini\u0173 ar reguliavimo prie\u017eas\u010di\u0173.<\/p>\n<p><strong>7. Susisiekite su Mumis<\/strong><\/p>\n<p>Jei turite klausim\u0173 ar pastab\u0173 d\u0117l \u0161ios <strong>Privatumo Politikos<\/strong>, pra\u0161ome susisiekti su mumis.<\/p>\n","protected":false},"excerpt":{"rendered":"<p>Privatumo Politika D\u0117kojame, kad apsilank\u0117te BestMediTrips.com. J\u016bs\u0173 privatumas mums yra svarbus. \u0160i Privatumo Politika paai\u0161kina, kaip mes renkame, naudojame, atskleid\u017eiame ir saugome j\u016bs\u0173 informacij\u0105, kai lankot\u0117s m\u016bs\u0173 svetain\u0117je. Pra\u0161ome atid\u017eiai perskaityti \u0161i\u0105 privatumo politik\u0105. Jei nesutinkate su \u0161ios privatumo politikos s\u0105lygomis, pra\u0161ome nesinaudoti svetaine. 1. Informacija, Kuri\u0105 Renkame Mes galime rinkti asmenin\u0119 informacij\u0105, toki\u0105 kaip &#8230; <a title=\"Privatumo Politika\" class=\"read-more\" href=\"https:\/\/bestmeditrips.com\/lt\/privatumo-politika\/\" aria-label=\"Read more about Privatumo Politika\">Read more<\/a><\/p>\n","protected":false},"author":1,"featured_media":0,"parent":0,"menu_order":0,"comment_status":"closed","ping_status":"open","template":"","meta":{"footnotes":""},"class_list":["post-433","page","type-page","status-publish"],"yoast_head":"<!-- This site is optimized with the Yoast SEO plugin v27.4 - https:\/\/yoast.com\/product\/yoast-seo-wordpress\/ -->\n<title>Privatumo Politika - Bestmeditrips.com<\/title>\n<meta name=\"robots\" content=\"index, follow, max-snippet:-1, max-image-preview:large, max-video-preview:-1\" \/>\n<link rel=\"canonical\" href=\"https:\/\/bestmeditrips.com\/lt\/privatumo-politika\/\" \/>\n<meta property=\"og:locale\" content=\"lt_LT\" \/>\n<meta property=\"og:type\" content=\"article\" \/>\n<meta property=\"og:title\" content=\"Privatumo Politika - Bestmeditrips.com\" \/>\n<meta property=\"og:description\" content=\"Privatumo Politika D\u0117kojame, kad apsilank\u0117te BestMediTrips.com. J\u016bs\u0173 privatumas mums yra svarbus. \u0160i Privatumo Politika paai\u0161kina, kaip mes renkame, naudojame, atskleid\u017eiame ir saugome j\u016bs\u0173 informacij\u0105, kai lankot\u0117s m\u016bs\u0173 svetain\u0117je. Pra\u0161ome atid\u017eiai perskaityti \u0161i\u0105 privatumo politik\u0105. Jei nesutinkate su \u0161ios privatumo politikos s\u0105lygomis, pra\u0161ome nesinaudoti svetaine. 1. Informacija, Kuri\u0105 Renkame Mes galime rinkti asmenin\u0119 informacij\u0105, toki\u0105 kaip ... Read more\" \/>\n<meta property=\"og:url\" content=\"https:\/\/bestmeditrips.com\/lt\/privatumo-politika\/\" \/>\n<meta property=\"og:site_name\" content=\"Bestmeditrips.com\" \/>\n<meta property=\"article:publisher\" content=\"https:\/\/www.facebook.com\/profile.php?id=61565479139599\" \/>\n<meta property=\"article:modified_time\" content=\"2024-09-04T21:59:50+00:00\" \/>\n<meta property=\"og:image\" content=\"https:\/\/bestmeditrips.com\/wp-content\/uploads\/2024\/09\/health-tourism.jpg\" \/>\n\t<meta property=\"og:image:width\" content=\"1024\" \/>\n\t<meta property=\"og:image:height\" content=\"683\" \/>\n\t<meta property=\"og:image:type\" content=\"image\/jpeg\" \/>\n<meta name=\"twitter:card\" content=\"summary_large_image\" \/>\n<meta name=\"twitter:label1\" content=\"Est. reading time\" \/>\n\t<meta name=\"twitter:data1\" content=\"2 minut\u0117s\" \/>\n<script type=\"application\/ld+json\" class=\"yoast-schema-graph\">{\"@context\":\"https:\\\/\\\/schema.org\",\"@graph\":[{\"@type\":\"WebPage\",\"@id\":\"https:\\\/\\\/bestmeditrips.com\\\/lt\\\/privatumo-politika\\\/\",\"url\":\"https:\\\/\\\/bestmeditrips.com\\\/lt\\\/privatumo-politika\\\/\",\"name\":\"Privatumo Politika - Bestmeditrips.com\",\"isPartOf\":{\"@id\":\"https:\\\/\\\/bestmeditrips.com\\\/lt\\\/#website\"},\"datePublished\":\"2024-09-01T17:00:15+00:00\",\"dateModified\":\"2024-09-04T21:59:50+00:00\",\"breadcrumb\":{\"@id\":\"https:\\\/\\\/bestmeditrips.com\\\/lt\\\/privatumo-politika\\\/#breadcrumb\"},\"inLanguage\":\"lt-LT\",\"potentialAction\":[{\"@type\":\"ReadAction\",\"target\":[\"https:\\\/\\\/bestmeditrips.com\\\/lt\\\/privatumo-politika\\\/\"]}]},{\"@type\":\"BreadcrumbList\",\"@id\":\"https:\\\/\\\/bestmeditrips.com\\\/lt\\\/privatumo-politika\\\/#breadcrumb\",\"itemListElement\":[{\"@type\":\"ListItem\",\"position\":1,\"name\":\"Home\",\"item\":\"https:\\\/\\\/bestmeditrips.com\\\/lt\\\/\"},{\"@type\":\"ListItem\",\"position\":2,\"name\":\"Privatumo Politika\"}]},{\"@type\":\"WebSite\",\"@id\":\"https:\\\/\\\/bestmeditrips.com\\\/lt\\\/#website\",\"url\":\"https:\\\/\\\/bestmeditrips.com\\\/lt\\\/\",\"name\":\"Bestmeditrips.com\",\"description\":\"Medicininis turizmas, geriausi gydymo b\u016bdai, klinikos, gydytojai ir odontologai!\",\"publisher\":{\"@id\":\"https:\\\/\\\/bestmeditrips.com\\\/lt\\\/#organization\"},\"potentialAction\":[{\"@type\":\"SearchAction\",\"target\":{\"@type\":\"EntryPoint\",\"urlTemplate\":\"https:\\\/\\\/bestmeditrips.com\\\/lt\\\/?s={search_term_string}\"},\"query-input\":{\"@type\":\"PropertyValueSpecification\",\"valueRequired\":true,\"valueName\":\"search_term_string\"}}],\"inLanguage\":\"lt-LT\"},{\"@type\":\"Organization\",\"@id\":\"https:\\\/\\\/bestmeditrips.com\\\/lt\\\/#organization\",\"name\":\"Bestmeditrips.com\",\"url\":\"https:\\\/\\\/bestmeditrips.com\\\/lt\\\/\",\"logo\":{\"@type\":\"ImageObject\",\"inLanguage\":\"lt-LT\",\"@id\":\"https:\\\/\\\/bestmeditrips.com\\\/lt\\\/#\\\/schema\\\/logo\\\/image\\\/\",\"url\":\"https:\\\/\\\/bestmeditrips.com\\\/wp-content\\\/uploads\\\/2024\\\/09\\\/logo-2.png\",\"contentUrl\":\"https:\\\/\\\/bestmeditrips.com\\\/wp-content\\\/uploads\\\/2024\\\/09\\\/logo-2.png\",\"width\":500,\"height\":98,\"caption\":\"Bestmeditrips.com\"},\"image\":{\"@id\":\"https:\\\/\\\/bestmeditrips.com\\\/lt\\\/#\\\/schema\\\/logo\\\/image\\\/\"},\"sameAs\":[\"https:\\\/\\\/www.facebook.com\\\/profile.php?id=61565479139599\"]}]}<\/script>\n<!-- \/ Yoast SEO plugin. -->","yoast_head_json":{"title":"Privatumo Politika - Bestmeditrips.com","robots":{"index":"index","follow":"follow","max-snippet":"max-snippet:-1","max-image-preview":"max-image-preview:large","max-video-preview":"max-video-preview:-1"},"canonical":"https:\/\/bestmeditrips.com\/lt\/privatumo-politika\/","og_locale":"lt_LT","og_type":"article","og_title":"Privatumo Politika - Bestmeditrips.com","og_description":"Privatumo Politika D\u0117kojame, kad apsilank\u0117te BestMediTrips.com. J\u016bs\u0173 privatumas mums yra svarbus. \u0160i Privatumo Politika paai\u0161kina, kaip mes renkame, naudojame, atskleid\u017eiame ir saugome j\u016bs\u0173 informacij\u0105, kai lankot\u0117s m\u016bs\u0173 svetain\u0117je. Pra\u0161ome atid\u017eiai perskaityti \u0161i\u0105 privatumo politik\u0105. Jei nesutinkate su \u0161ios privatumo politikos s\u0105lygomis, pra\u0161ome nesinaudoti svetaine. 1. Informacija, Kuri\u0105 Renkame Mes galime rinkti asmenin\u0119 informacij\u0105, toki\u0105 kaip ... Read more","og_url":"https:\/\/bestmeditrips.com\/lt\/privatumo-politika\/","og_site_name":"Bestmeditrips.com","article_publisher":"https:\/\/www.facebook.com\/profile.php?id=61565479139599","article_modified_time":"2024-09-04T21:59:50+00:00","og_image":[{"width":1024,"height":683,"url":"https:\/\/bestmeditrips.com\/wp-content\/uploads\/2024\/09\/health-tourism.jpg","type":"image\/jpeg"}],"twitter_card":"summary_large_image","twitter_misc":{"Est. reading time":"2 minut\u0117s"},"schema":{"@context":"https:\/\/schema.org","@graph":[{"@type":"WebPage","@id":"https:\/\/bestmeditrips.com\/lt\/privatumo-politika\/","url":"https:\/\/bestmeditrips.com\/lt\/privatumo-politika\/","name":"Privatumo Politika - Bestmeditrips.com","isPartOf":{"@id":"https:\/\/bestmeditrips.com\/lt\/#website"},"datePublished":"2024-09-01T17:00:15+00:00","dateModified":"2024-09-04T21:59:50+00:00","breadcrumb":{"@id":"https:\/\/bestmeditrips.com\/lt\/privatumo-politika\/#breadcrumb"},"inLanguage":"lt-LT","potentialAction":[{"@type":"ReadAction","target":["https:\/\/bestmeditrips.com\/lt\/privatumo-politika\/"]}]},{"@type":"BreadcrumbList","@id":"https:\/\/bestmeditrips.com\/lt\/privatumo-politika\/#breadcrumb","itemListElement":[{"@type":"ListItem","position":1,"name":"Home","item":"https:\/\/bestmeditrips.com\/lt\/"},{"@type":"ListItem","position":2,"name":"Privatumo Politika"}]},{"@type":"WebSite","@id":"https:\/\/bestmeditrips.com\/lt\/#website","url":"https:\/\/bestmeditrips.com\/lt\/","name":"Bestmeditrips.com","description":"Medicininis turizmas, geriausi gydymo b\u016bdai, klinikos, gydytojai ir odontologai!","publisher":{"@id":"https:\/\/bestmeditrips.com\/lt\/#organization"},"potentialAction":[{"@type":"SearchAction","target":{"@type":"EntryPoint","urlTemplate":"https:\/\/bestmeditrips.com\/lt\/?s={search_term_string}"},"query-input":{"@type":"PropertyValueSpecification","valueRequired":true,"valueName":"search_term_string"}}],"inLanguage":"lt-LT"},{"@type":"Organization","@id":"https:\/\/bestmeditrips.com\/lt\/#organization","name":"Bestmeditrips.com","url":"https:\/\/bestmeditrips.com\/lt\/","logo":{"@type":"ImageObject","inLanguage":"lt-LT","@id":"https:\/\/bestmeditrips.com\/lt\/#\/schema\/logo\/image\/","url":"https:\/\/bestmeditrips.com\/wp-content\/uploads\/2024\/09\/logo-2.png","contentUrl":"https:\/\/bestmeditrips.com\/wp-content\/uploads\/2024\/09\/logo-2.png","width":500,"height":98,"caption":"Bestmeditrips.com"},"image":{"@id":"https:\/\/bestmeditrips.com\/lt\/#\/schema\/logo\/image\/"},"sameAs":["https:\/\/www.facebook.com\/profile.php?id=61565479139599"]}]}},"_links":{"self":[{"href":"https:\/\/bestmeditrips.com\/lt\/wp-json\/wp\/v2\/pages\/433","targetHints":{"allow":["GET"]}}],"collection":[{"href":"https:\/\/bestmeditrips.com\/lt\/wp-json\/wp\/v2\/pages"}],"about":[{"href":"https:\/\/bestmeditrips.com\/lt\/wp-json\/wp\/v2\/types\/page"}],"author":[{"embeddable":true,"href":"https:\/\/bestmeditrips.com\/lt\/wp-json\/wp\/v2\/users\/1"}],"replies":[{"embeddable":true,"href":"https:\/\/bestmeditrips.com\/lt\/wp-json\/wp\/v2\/comments?post=433"}],"version-history":[{"count":1,"href":"https:\/\/bestmeditrips.com\/lt\/wp-json\/wp\/v2\/pages\/433\/revisions"}],"predecessor-version":[{"id":571,"href":"https:\/\/bestmeditrips.com\/lt\/wp-json\/wp\/v2\/pages\/433\/revisions\/571"}],"wp:attachment":[{"href":"https:\/\/bestmeditrips.com\/lt\/wp-json\/wp\/v2\/media?parent=433"}],"curies":[{"name":"wp","href":"https:\/\/api.w.org\/{rel}","templated":true}]}}