{"id":309,"date":"2024-09-02T20:44:40","date_gmt":"2024-09-02T17:44:40","guid":{"rendered":"https:\/\/bestmeditrips.com\/tarptautinis-sveikatos-turizmas-ir-paskirties\/"},"modified":"2024-10-01T09:10:02","modified_gmt":"2024-10-01T06:10:02","slug":"tarptautinis-sveikatos-turizmas-ir-paskirties","status":"publish","type":"page","link":"https:\/\/bestmeditrips.com\/lt\/","title":{"rendered":"Medicinos Turizmas ir Kelion\u0117s Tikslai"},"content":{"rendered":"<article class=\"w-full text-token-text-primary focus-visible:outline-2 focus-visible:outline-offset-[-4px]\" dir=\"auto\" data-testid=\"conversation-turn-31\" data-scroll-anchor=\"false\">\n<div class=\"text-base py-[18px] px-3 md:px-4 m-auto w-full md:px-5 lg:px-1 xl:px-5\">\n<div class=\"mx-auto flex flex-1 gap-4 text-base md:gap-5 lg:gap-6 md:max-w-3xl lg:max-w-[40rem] xl:max-w-[48rem]\">\n<div class=\"group\/conversation-turn relative flex w-full min-w-0 flex-col agent-turn\">\n<div class=\"flex-col gap-1 md:gap-3\">\n<div class=\"flex max-w-full flex-col flex-grow\">\n<div class=\"text-message flex w-full flex-col items-end gap-2 break-words [.text-message+&amp;]:mt-5 overflow-x-auto whitespace-normal\" dir=\"auto\" data-message-author-role=\"assistant\" data-message-id=\"03cae430-3615-47a5-856e-173c58227001\">\n<div class=\"flex w-full flex-col gap-1 empty:hidden first:pt-[3px]\">\n<div class=\"markdown prose w-full break-words dark:prose-invert light\">\n<h2>Atraskite Geriausi\u0105 Medicininio Turizmo Patirt\u012f<\/h2>\n<p>Sveiki atvyk\u0119 \u012f <em><strong>BestMediTrips.com<\/strong><\/em> \u2013 j\u016bs\u0173 pagrindin\u0119 viet\u0105, kurioje derinami i\u0161skirtiniai medicininiai gydymo b\u016bdai su nepaprastomis kelioni\u0173 patirtimis. M\u016bs\u0173 daugiakalb\u0117 platforma skirta jungti jus su geriausiomis medicininio turizmo vietomis visame pasaulyje, si\u016blanti i\u0161sami\u0105 informacij\u0105 apie geriausius galimus medicininius gydymo b\u016bdus ir paslaugas.<\/p>\n<h3>Tyrin\u0117kite Auk\u0161tos Kokyb\u0117s Sveikatos Ir Medicininio Turizmo Kryptis<\/h3>\n<p><em><strong>BestMediTrips.com<\/strong><\/em> mes si\u016blome kruop\u0161\u010diai atrinkt\u0105 medicininio turizmo galimybi\u0173 rinkin\u012f, vedant\u012f jus per \u012fvairias gydymo proced\u016bras, prieinamas pa\u010diose patraukliausiose pasaulio vietose. Atraskite, kas daro kiekvien\u0105 viet\u0105 unikali\u0105:<\/p>\n<h4><strong><span style=\"color: #ff0000;\">\u2665\u00a0<\/span><\/strong><strong>TURKIJA:<\/strong> Stambulas, Antalija, Izmiras ir Ankara<\/h4>\n<p>Turkija gars\u0117ja savo moderniomis medicinos \u012fstaigomis ir ekonomi\u0161kai naudingais gydymo b\u016bdais. Atraskite m\u016bs\u0173 geriausius miestus, kuriuose si\u016bloma \u012fvairi sveikatos prie\u017ei\u016bra:<\/p>\n<ul>\n<li><strong>Odontologijos klinikos:<\/strong> Transformuokite savo \u0161ypsen\u0105 naudodami pa\u017eangias proced\u016bras, tokias kaip implantai, Holivudo \u0161ypsenos patobulinimai ir naujovi\u0161ki sprendimai, kaip \u201eall-on-4\u201c ir \u201eall-on-6\u201c.<\/li>\n<li><strong>Plauk\u0173 atk\u016brimo klinikos:<\/strong> Pasiekite nat\u016brali\u0173 ir ilgalaiki\u0173 rezultat\u0173 naudodami pa\u017eangiausias plauk\u0173 persodinimo technikas.<\/li>\n<li><strong>Estetin\u0117s ligonin\u0117s:<\/strong> Patirkite pasaulinio lygio estetin\u0119 chirurgij\u0105, nuo veido patempimo iki k\u016bno formavimo.<\/li>\n<li><strong>Ortopedijos specialistai:<\/strong> Pasinaudokite pa\u017eangiomis gydymo proced\u016bromis s\u0105nari\u0173 ir stuburo problemoms spr\u0119sti, u\u017etikrinant optimal\u0173 atsigavim\u0105 ir judrum\u0105.<\/li>\n<\/ul>\n<\/div>\n<\/div>\n<\/div>\n<\/div>\n<\/div>\n<\/div>\n<\/div>\n<\/div>\n<\/article>\n<article class=\"w-full text-token-text-primary focus-visible:outline-2 focus-visible:outline-offset-[-4px]\" dir=\"auto\" data-testid=\"conversation-turn-33\" data-scroll-anchor=\"true\">\n<div class=\"text-base py-[18px] px-3 md:px-4 m-auto w-full md:px-5 lg:px-1 xl:px-5\">\n<div class=\"mx-auto flex flex-1 gap-4 text-base md:gap-5 lg:gap-6 md:max-w-3xl lg:max-w-[40rem] xl:max-w-[48rem]\">\n<div class=\"group\/conversation-turn relative flex w-full min-w-0 flex-col agent-turn\">\n<div class=\"flex-col gap-1 md:gap-3\">\n<div class=\"flex max-w-full flex-col flex-grow\">\n<div class=\"text-message flex w-full flex-col items-end gap-2 break-words [.text-message+&amp;]:mt-5 overflow-x-auto whitespace-normal\" dir=\"auto\" data-message-author-role=\"assistant\" data-message-id=\"4b1cb4ba-38ac-4d6a-986c-7bc2cb58afb9\">\n<div class=\"flex w-full flex-col gap-1 empty:hidden first:pt-[3px]\">\n<div class=\"markdown prose w-full break-words dark:prose-invert light\">\n<h4><strong><span style=\"color: #ff0000;\">\u2665\u00a0<\/span><\/strong><strong>VENGRIJA:<\/strong> Budape\u0161tas ir Debrecenas<\/h4>\n<p>Vengrija si\u016blo pripa\u017eint\u0105 medicinin\u0119 prie\u017ei\u016br\u0105, ypa\u010d dant\u0173 gydymo srityje. Budape\u0161te ir Debrecene atraskite:<\/p>\n<ul>\n<li><strong>Odontologijos klinikos:<\/strong> Auk\u0161\u010diausios klas\u0117s prie\u017ei\u016bra implantams ir estetin\u0117ms dant\u0173 proced\u016broms u\u017e konkurencingas kainas.<\/li>\n<li><strong>Estetin\u0117s chirurgijos centrai:<\/strong> Patobulinkite savo i\u0161vaizd\u0105 su d\u0117mesingai atliktomis detal\u0117mis.<\/li>\n<\/ul>\n<h4><strong><span style=\"color: #ff0000;\">\u2665\u00a0<\/span><\/strong><strong>SERBIJA:<\/strong> Belgradas<\/h4>\n<p>Belgradas tampa auk\u0161tos kokyb\u0117s medicinin\u0117s prie\u017ei\u016bros centru. \u010cia galite rasti:<\/p>\n<ul>\n<li><strong>Inovatyvios medicinin\u0117s paslaugos:<\/strong> Nuo dant\u0173 gydymo iki estetini\u0173 proced\u016br\u0173 \u2013 patirkite i\u0161skirtin\u0119 prie\u017ei\u016br\u0105, pritaikyt\u0105 j\u016bs\u0173 poreikiams.<\/li>\n<li><strong>Personalizuotos medicinos klinikos:<\/strong> M\u0117gaukit\u0117s paslaugomis mieste, gars\u0117jan\u010diame savo \u0161iltu svetingumu ir medicinine kompetencija.<\/li>\n<\/ul>\n<h4><strong><span style=\"color: #ff0000;\">\u2665\u00a0<\/span><\/strong><strong>KROATIJA:<\/strong> Zagrebas ir Splitas<\/h4>\n<p>Kroatija derina medicinin\u012f meistri\u0161kum\u0105 su gra\u017eiais kra\u0161tovaizd\u017eiais. Atraskite:<\/p>\n<ul>\n<li><strong>Odontologijos ir estetin\u0117s klinikos:<\/strong> M\u0117gaukit\u0117s pa\u017eangiais gydymo b\u016bdais vaizdingoje aplinkoje.<\/li>\n<li><strong>Reabilitacijos ir sveikatingumo ligonin\u0117s:<\/strong> Visapusi\u0161kos prie\u017ei\u016bros galimyb\u0117s, skirtos pagerinti j\u016bs\u0173 bendr\u0105 gerov\u0119.<\/li>\n<\/ul>\n<h4><strong><span style=\"color: #ff0000;\">\u2665\u00a0<\/span><\/strong><strong>LENKIJA:<\/strong> Var\u0161uva ir Krokuva<\/h4>\n<p>Lenkija si\u016blo auk\u0161tos kokyb\u0117s medicinines paslaugas u\u017e prieinamas kainas. I\u0161tyrin\u0117kite:<\/p>\n<ul>\n<li><strong>Odontologin\u0117s prie\u017ei\u016bros \u012fstaigos:<\/strong> Pa\u017eang\u016bs sprendimai implantams ir kitiems dant\u0173 poreikiams.<\/li>\n<li><strong>Ortopedijos ir estetin\u0117s klinikos:<\/strong> Modernios \u012fstaigos, si\u016blan\u010dios plat\u0173 proced\u016br\u0173 spektr\u0105.<\/li>\n<\/ul>\n<h4><strong><span style=\"color: #ff0000;\">\u2665\u00a0<\/span><\/strong><strong>VOKIETIJA:<\/strong> Berlynas ir Miunchenas<\/h4>\n<p>Vokietija yra medicinini\u0173 inovacij\u0173 ir kokyb\u0117s sinonimas. Prieiga prie:<\/p>\n<ul>\n<li><strong>Pa\u017eangiausios ligonin\u0117s:<\/strong> Naujausios medicinos technologijos ir specializuota prie\u017ei\u016bra.<\/li>\n<li><strong>Visapusi\u0161ki sveikatos paslaug\u0173 centrai:<\/strong> Pasaulinio lygio gydymas sud\u0117tingoms operacijoms ir \u012fprastoms proced\u016broms.<\/li>\n<\/ul>\n<h4><strong><span style=\"color: #ff0000;\">\u2665\u00a0<\/span><\/strong><strong>\u010cEKIJA:<\/strong> Praha<\/h4>\n<p>Praha si\u016blo istorin\u012f \u017eaves\u012f ir moderni\u0105 sveikatos prie\u017ei\u016br\u0105. Atraskite:<\/p>\n<ul>\n<li><strong>Geriausiai \u012fvertintos odontologijos klinikos:<\/strong> Puik\u016bs sprendimai viename i\u0161 gra\u017eiausi\u0173 Europos miest\u0173.<\/li>\n<li><strong>Estetin\u0117s ligonin\u0117s:<\/strong> Auk\u0161tos kokyb\u0117s estetin\u0117s proced\u016bros.<\/li>\n<\/ul>\n<h4><strong><span style=\"color: #ff0000;\">\u2665\u00a0<\/span><\/strong><strong>IZRAELIS:<\/strong> Tel Avivas ir Jeruzal\u0117<\/h4>\n<p>Izraelio reputacija u\u017e medicinin\u0119 kompetencij\u0105 yra gerai pelnyta. \u010cia galite pasinaudoti:<\/p>\n<ul>\n<li><strong>Pa\u017eangios medicinos klinikos:<\/strong> Naujausios technikos ir gydymo b\u016bdai \u0161alyje, gars\u0117jan\u010dioje savo inovacijomis.<\/li>\n<li><strong>Ekspert\u0173 prie\u017ei\u016bros ligonin\u0117s:<\/strong> Personalizuota prie\u017ei\u016bra i\u0161 pirmaujan\u010di\u0173 profesional\u0173.<\/li>\n<\/ul>\n<h4><strong><span style=\"color: #ff0000;\">\u2665\u00a0<\/span><\/strong><strong>MEKSIKA:<\/strong> Kankunas ir Meksikas<\/h4>\n<p>Meksika suteikia gyvybing\u0105 fon\u0105 i\u0161skirtinei medicininei prie\u017ei\u016brai. M\u0117gaukit\u0117s:<\/p>\n<ul>\n<li><strong>Prieinami gydymo centrai:<\/strong> Auk\u0161tos kokyb\u0117s dant\u0173 ir estetin\u0117s proced\u016bros.<\/li>\n<li><strong>Kult\u016brin\u0117s patirties klinikos:<\/strong> Suderinkite gydym\u0105 su turtinga kult\u016brine kelione.<\/li>\n<\/ul>\n<h4><strong><span style=\"color: #ff0000;\">\u2665\u00a0<\/span><\/strong><strong>KOLUMBIJA:<\/strong> Medeljinas ir Bogota<\/h4>\n<p>Kolumbija yra \u017einoma d\u0117l savo kvalifikuot\u0173 medicinos specialist\u0173 ir ekonomi\u0161kai efektyvi\u0173 paslaug\u0173. Prieiga prie:<\/p>\n<ul>\n<li><strong>Visapusi\u0161ki medicinos centrai:<\/strong> \u012evairios medicinin\u0117s proced\u016bros, orientuotos \u012f kokyb\u0119 ir prieinamum\u0105.<\/li>\n<li><strong>Ekspert\u0173 odontologijos klinikos:<\/strong> Gydymas pas ekspertus \u0161alyje, gars\u0117jan\u010dioje sveikatos prie\u017ei\u016bros pa\u017eanga.<\/li>\n<\/ul>\n<h4><strong><span style=\"color: #ff0000;\">\u2665\u00a0<\/span><\/strong><strong>TAILANDIJA:<\/strong> Bankokas ir Puketas<\/h4>\n<p>Tailandas si\u016blo tobul\u0105 medicinin\u0117s prie\u017ei\u016bros ir kelioni\u0173 patir\u010di\u0173 derin\u012f. Atraskite:<\/p>\n<ul>\n<li><strong>Pasaulinio lygio ligonin\u0117s:<\/strong> Auk\u0161\u010diausios kokyb\u0117s medicinin\u0117s paslaugos dant\u0173 prie\u017ei\u016brai ir sveikatingumo programoms.<\/li>\n<li><strong>Klinikos gra\u017eiose vietose:<\/strong> Patirkite i\u0161skirtin\u0119 medicinin\u0119 prie\u017ei\u016br\u0105 tyrin\u0117dami Tailand\u0105.<\/li>\n<\/ul>\n<h4><strong><span style=\"color: #ff0000;\">\u2665\u00a0<\/span><\/strong><strong>INDIJA:<\/strong> Delis ir Mumbajus<\/h4>\n<p>Indijos medicinos \u012fstaigos yra pa\u017eangios ir prieinamos. I\u0161tyrin\u0117kite:<\/p>\n<ul>\n<li><strong>\u012evairios medicinos klinikos:<\/strong> Auk\u0161ti standartai \u012fvairiose medicinin\u0117se galimyb\u0117se.<\/li>\n<li><strong>Ligonin\u0117s su kvalifikuotais specialistais:<\/strong> Gydymas ekspert\u0173 rankose Delyje ir Mumbajuje.<\/li>\n<\/ul>\n<h4><strong><span style=\"color: #ff0000;\">\u2665\u00a0<\/span><\/strong><strong>VIETNAMAS:<\/strong> Ho \u010ci Minio miestas ir Hanojus<\/h4>\n<p>Vietnamas tampa besiformuojan\u010dia medicininio turizmo kryptimi. \u010cia galite pasinaudoti:<\/p>\n<ul>\n<li><strong>Efektyv\u016bs medicinos centrai:<\/strong> Prieinama ir auk\u0161tos kokyb\u0117s prie\u017ei\u016bra.<\/li>\n<li><strong>Visapusi\u0161kos gydymo klinikos:<\/strong> Nuo dant\u0173 prie\u017ei\u016bros iki ortopedini\u0173 proced\u016br\u0173.<\/li>\n<\/ul>\n<h4>Kod\u0117l rinktis sveikatos ir medicinos turizm\u0105?<\/h4>\n<p>Sveikatos ir medicinos turizmas leid\u017eia derinti auk\u0161\u010diausios kokyb\u0117s medicinin\u0119 prie\u017ei\u016br\u0105 su jaudinan\u010diomis kelioni\u0173 galimyb\u0117mis. <em>BestMediTrips.com<\/em> mes esame pasiry\u017e\u0119 pad\u0117ti jums rasti tobul\u0105 kelion\u0117s tiksl\u0105 ir gydym\u0105, atitinkant\u012f j\u016bs\u0173 poreikius ir pageidavimus. I\u0161tirkite m\u016bs\u0173 platform\u0105 ir prad\u0117kite savo kelion\u0119 \u012f i\u0161skirtin\u0119 medicinin\u0119 prie\u017ei\u016br\u0105 ir nepamir\u0161tamas patirtis.<\/p>\n<\/div>\n<\/div>\n<\/div>\n<\/div>\n<\/div>\n<\/div>\n<\/div>\n<\/div>\n<\/article>\n","protected":false},"excerpt":{"rendered":"<p>Atraskite Geriausi\u0105 Medicininio Turizmo Patirt\u012f Sveiki atvyk\u0119 \u012f BestMediTrips.com \u2013 j\u016bs\u0173 pagrindin\u0119 viet\u0105, kurioje derinami i\u0161skirtiniai medicininiai gydymo b\u016bdai su nepaprastomis kelioni\u0173 patirtimis. M\u016bs\u0173 daugiakalb\u0117 platforma skirta jungti jus su geriausiomis medicininio turizmo vietomis visame pasaulyje, si\u016blanti i\u0161sami\u0105 informacij\u0105 apie geriausius galimus medicininius gydymo b\u016bdus ir paslaugas. Tyrin\u0117kite Auk\u0161tos Kokyb\u0117s Sveikatos Ir Medicininio Turizmo Kryptis &#8230; <a title=\"Medicinos Turizmas ir Kelion\u0117s Tikslai\" class=\"read-more\" href=\"https:\/\/bestmeditrips.com\/lt\/\" aria-label=\"Read more about Medicinos Turizmas ir Kelion\u0117s Tikslai\">Read more<\/a><\/p>\n","protected":false},"author":1,"featured_media":342,"parent":0,"menu_order":0,"comment_status":"closed","ping_status":"closed","template":"","meta":{"footnotes":""},"class_list":["post-309","page","type-page","status-publish","has-post-thumbnail"],"yoast_head":"<!-- This site is optimized with the Yoast SEO plugin v27.4 - https:\/\/yoast.com\/product\/yoast-seo-wordpress\/ -->\n<title>Medicinos Turizmo Ekspertai | Auk\u0161tos Kokyb\u0117s Gydymas ir Kelion\u0117s Tikslai<\/title>\n<meta name=\"description\" content=\"Atraskite geriausias sveikatos turizmo paslaugas su geriausiomis klinikomis, gydytojais ir odontologais, si\u016blan\u010diais ekspert\u0173 patarimus geriausioms medicinin\u0117ms kelion\u0117ms.\" \/>\n<meta name=\"robots\" content=\"index, follow, max-snippet:-1, max-image-preview:large, max-video-preview:-1\" \/>\n<link rel=\"canonical\" href=\"https:\/\/bestmeditrips.com\/lt\/\" \/>\n<meta property=\"og:locale\" content=\"lt_LT\" \/>\n<meta property=\"og:type\" content=\"article\" \/>\n<meta property=\"og:title\" content=\"Medicinos Turizmo Ekspertai | Auk\u0161tos Kokyb\u0117s Gydymas ir Kelion\u0117s Tikslai\" \/>\n<meta property=\"og:description\" content=\"Atraskite geriausias sveikatos turizmo paslaugas su geriausiomis klinikomis, gydytojais ir odontologais, si\u016blan\u010diais ekspert\u0173 patarimus geriausioms medicinin\u0117ms kelion\u0117ms.\" \/>\n<meta property=\"og:url\" content=\"https:\/\/bestmeditrips.com\/lt\/\" \/>\n<meta property=\"og:site_name\" content=\"Bestmeditrips.com\" \/>\n<meta property=\"article:publisher\" content=\"https:\/\/www.facebook.com\/profile.php?id=61565479139599\" \/>\n<meta property=\"article:modified_time\" content=\"2024-10-01T06:10:02+00:00\" \/>\n<meta property=\"og:image\" content=\"https:\/\/bestmeditrips.com\/wp-content\/uploads\/2024\/09\/health-tourism.jpg\" \/>\n\t<meta property=\"og:image:width\" content=\"1024\" \/>\n\t<meta property=\"og:image:height\" content=\"683\" \/>\n\t<meta property=\"og:image:type\" content=\"image\/jpeg\" \/>\n<meta name=\"twitter:card\" content=\"summary_large_image\" \/>\n<meta name=\"twitter:label1\" content=\"Est. reading time\" \/>\n\t<meta name=\"twitter:data1\" content=\"4 minut\u0117s\" \/>\n<script type=\"application\/ld+json\" class=\"yoast-schema-graph\">{\"@context\":\"https:\\\/\\\/schema.org\",\"@graph\":[{\"@type\":\"WebPage\",\"@id\":\"https:\\\/\\\/bestmeditrips.com\\\/lt\\\/\",\"url\":\"https:\\\/\\\/bestmeditrips.com\\\/lt\\\/\",\"name\":\"Medicinos Turizmo Ekspertai | Auk\u0161tos Kokyb\u0117s Gydymas ir Kelion\u0117s Tikslai\",\"isPartOf\":{\"@id\":\"https:\\\/\\\/bestmeditrips.com\\\/lt\\\/#website\"},\"primaryImageOfPage\":{\"@id\":\"https:\\\/\\\/bestmeditrips.com\\\/lt\\\/#primaryimage\"},\"image\":{\"@id\":\"https:\\\/\\\/bestmeditrips.com\\\/lt\\\/#primaryimage\"},\"thumbnailUrl\":\"https:\\\/\\\/bestmeditrips.com\\\/wp-content\\\/uploads\\\/2024\\\/09\\\/health-tourism.jpg\",\"datePublished\":\"2024-09-02T17:44:40+00:00\",\"dateModified\":\"2024-10-01T06:10:02+00:00\",\"description\":\"Atraskite geriausias sveikatos turizmo paslaugas su geriausiomis klinikomis, gydytojais ir odontologais, si\u016blan\u010diais ekspert\u0173 patarimus geriausioms medicinin\u0117ms kelion\u0117ms.\",\"breadcrumb\":{\"@id\":\"https:\\\/\\\/bestmeditrips.com\\\/lt\\\/#breadcrumb\"},\"inLanguage\":\"lt-LT\",\"potentialAction\":[{\"@type\":\"ReadAction\",\"target\":[\"https:\\\/\\\/bestmeditrips.com\\\/lt\\\/\"]}]},{\"@type\":\"ImageObject\",\"inLanguage\":\"lt-LT\",\"@id\":\"https:\\\/\\\/bestmeditrips.com\\\/lt\\\/#primaryimage\",\"url\":\"https:\\\/\\\/bestmeditrips.com\\\/wp-content\\\/uploads\\\/2024\\\/09\\\/health-tourism.jpg\",\"contentUrl\":\"https:\\\/\\\/bestmeditrips.com\\\/wp-content\\\/uploads\\\/2024\\\/09\\\/health-tourism.jpg\",\"width\":1024,\"height\":683,\"caption\":\"Medicinos turizmas ir geriausios pasaulio vietos dant\u0173, plauk\u0173 persodinimo, ortopedini\u0173 ir estetini\u0173 proced\u016br\u0173...\"},{\"@type\":\"BreadcrumbList\",\"@id\":\"https:\\\/\\\/bestmeditrips.com\\\/lt\\\/#breadcrumb\",\"itemListElement\":[{\"@type\":\"ListItem\",\"position\":1,\"name\":\"Home\",\"item\":\"https:\\\/\\\/bestmeditrips.com\\\/lt\\\/\"},{\"@type\":\"ListItem\",\"position\":2,\"name\":\"Medicinos Turizmas ir Kelion\u0117s Tikslai\"}]},{\"@type\":\"WebSite\",\"@id\":\"https:\\\/\\\/bestmeditrips.com\\\/lt\\\/#website\",\"url\":\"https:\\\/\\\/bestmeditrips.com\\\/lt\\\/\",\"name\":\"Bestmeditrips.com\",\"description\":\"Medicininis turizmas, geriausi gydymo b\u016bdai, klinikos, gydytojai ir odontologai!\",\"publisher\":{\"@id\":\"https:\\\/\\\/bestmeditrips.com\\\/lt\\\/#organization\"},\"potentialAction\":[{\"@type\":\"SearchAction\",\"target\":{\"@type\":\"EntryPoint\",\"urlTemplate\":\"https:\\\/\\\/bestmeditrips.com\\\/lt\\\/?s={search_term_string}\"},\"query-input\":{\"@type\":\"PropertyValueSpecification\",\"valueRequired\":true,\"valueName\":\"search_term_string\"}}],\"inLanguage\":\"lt-LT\"},{\"@type\":\"Organization\",\"@id\":\"https:\\\/\\\/bestmeditrips.com\\\/lt\\\/#organization\",\"name\":\"Bestmeditrips.com\",\"url\":\"https:\\\/\\\/bestmeditrips.com\\\/lt\\\/\",\"logo\":{\"@type\":\"ImageObject\",\"inLanguage\":\"lt-LT\",\"@id\":\"https:\\\/\\\/bestmeditrips.com\\\/lt\\\/#\\\/schema\\\/logo\\\/image\\\/\",\"url\":\"https:\\\/\\\/bestmeditrips.com\\\/wp-content\\\/uploads\\\/2024\\\/09\\\/logo-2.png\",\"contentUrl\":\"https:\\\/\\\/bestmeditrips.com\\\/wp-content\\\/uploads\\\/2024\\\/09\\\/logo-2.png\",\"width\":500,\"height\":98,\"caption\":\"Bestmeditrips.com\"},\"image\":{\"@id\":\"https:\\\/\\\/bestmeditrips.com\\\/lt\\\/#\\\/schema\\\/logo\\\/image\\\/\"},\"sameAs\":[\"https:\\\/\\\/www.facebook.com\\\/profile.php?id=61565479139599\"]}]}<\/script>\n<!-- \/ Yoast SEO plugin. -->","yoast_head_json":{"title":"Medicinos Turizmo Ekspertai | Auk\u0161tos Kokyb\u0117s Gydymas ir Kelion\u0117s Tikslai","description":"Atraskite geriausias sveikatos turizmo paslaugas su geriausiomis klinikomis, gydytojais ir odontologais, si\u016blan\u010diais ekspert\u0173 patarimus geriausioms medicinin\u0117ms kelion\u0117ms.","robots":{"index":"index","follow":"follow","max-snippet":"max-snippet:-1","max-image-preview":"max-image-preview:large","max-video-preview":"max-video-preview:-1"},"canonical":"https:\/\/bestmeditrips.com\/lt\/","og_locale":"lt_LT","og_type":"article","og_title":"Medicinos Turizmo Ekspertai | Auk\u0161tos Kokyb\u0117s Gydymas ir Kelion\u0117s Tikslai","og_description":"Atraskite geriausias sveikatos turizmo paslaugas su geriausiomis klinikomis, gydytojais ir odontologais, si\u016blan\u010diais ekspert\u0173 patarimus geriausioms medicinin\u0117ms kelion\u0117ms.","og_url":"https:\/\/bestmeditrips.com\/lt\/","og_site_name":"Bestmeditrips.com","article_publisher":"https:\/\/www.facebook.com\/profile.php?id=61565479139599","article_modified_time":"2024-10-01T06:10:02+00:00","og_image":[{"width":1024,"height":683,"url":"https:\/\/bestmeditrips.com\/wp-content\/uploads\/2024\/09\/health-tourism.jpg","type":"image\/jpeg"}],"twitter_card":"summary_large_image","twitter_misc":{"Est. reading time":"4 minut\u0117s"},"schema":{"@context":"https:\/\/schema.org","@graph":[{"@type":"WebPage","@id":"https:\/\/bestmeditrips.com\/lt\/","url":"https:\/\/bestmeditrips.com\/lt\/","name":"Medicinos Turizmo Ekspertai | Auk\u0161tos Kokyb\u0117s Gydymas ir Kelion\u0117s Tikslai","isPartOf":{"@id":"https:\/\/bestmeditrips.com\/lt\/#website"},"primaryImageOfPage":{"@id":"https:\/\/bestmeditrips.com\/lt\/#primaryimage"},"image":{"@id":"https:\/\/bestmeditrips.com\/lt\/#primaryimage"},"thumbnailUrl":"https:\/\/bestmeditrips.com\/wp-content\/uploads\/2024\/09\/health-tourism.jpg","datePublished":"2024-09-02T17:44:40+00:00","dateModified":"2024-10-01T06:10:02+00:00","description":"Atraskite geriausias sveikatos turizmo paslaugas su geriausiomis klinikomis, gydytojais ir odontologais, si\u016blan\u010diais ekspert\u0173 patarimus geriausioms medicinin\u0117ms kelion\u0117ms.","breadcrumb":{"@id":"https:\/\/bestmeditrips.com\/lt\/#breadcrumb"},"inLanguage":"lt-LT","potentialAction":[{"@type":"ReadAction","target":["https:\/\/bestmeditrips.com\/lt\/"]}]},{"@type":"ImageObject","inLanguage":"lt-LT","@id":"https:\/\/bestmeditrips.com\/lt\/#primaryimage","url":"https:\/\/bestmeditrips.com\/wp-content\/uploads\/2024\/09\/health-tourism.jpg","contentUrl":"https:\/\/bestmeditrips.com\/wp-content\/uploads\/2024\/09\/health-tourism.jpg","width":1024,"height":683,"caption":"Medicinos turizmas ir geriausios pasaulio vietos dant\u0173, plauk\u0173 persodinimo, ortopedini\u0173 ir estetini\u0173 proced\u016br\u0173..."},{"@type":"BreadcrumbList","@id":"https:\/\/bestmeditrips.com\/lt\/#breadcrumb","itemListElement":[{"@type":"ListItem","position":1,"name":"Home","item":"https:\/\/bestmeditrips.com\/lt\/"},{"@type":"ListItem","position":2,"name":"Medicinos Turizmas ir Kelion\u0117s Tikslai"}]},{"@type":"WebSite","@id":"https:\/\/bestmeditrips.com\/lt\/#website","url":"https:\/\/bestmeditrips.com\/lt\/","name":"Bestmeditrips.com","description":"Medicininis turizmas, geriausi gydymo b\u016bdai, klinikos, gydytojai ir odontologai!","publisher":{"@id":"https:\/\/bestmeditrips.com\/lt\/#organization"},"potentialAction":[{"@type":"SearchAction","target":{"@type":"EntryPoint","urlTemplate":"https:\/\/bestmeditrips.com\/lt\/?s={search_term_string}"},"query-input":{"@type":"PropertyValueSpecification","valueRequired":true,"valueName":"search_term_string"}}],"inLanguage":"lt-LT"},{"@type":"Organization","@id":"https:\/\/bestmeditrips.com\/lt\/#organization","name":"Bestmeditrips.com","url":"https:\/\/bestmeditrips.com\/lt\/","logo":{"@type":"ImageObject","inLanguage":"lt-LT","@id":"https:\/\/bestmeditrips.com\/lt\/#\/schema\/logo\/image\/","url":"https:\/\/bestmeditrips.com\/wp-content\/uploads\/2024\/09\/logo-2.png","contentUrl":"https:\/\/bestmeditrips.com\/wp-content\/uploads\/2024\/09\/logo-2.png","width":500,"height":98,"caption":"Bestmeditrips.com"},"image":{"@id":"https:\/\/bestmeditrips.com\/lt\/#\/schema\/logo\/image\/"},"sameAs":["https:\/\/www.facebook.com\/profile.php?id=61565479139599"]}]}},"_links":{"self":[{"href":"https:\/\/bestmeditrips.com\/lt\/wp-json\/wp\/v2\/pages\/309","targetHints":{"allow":["GET"]}}],"collection":[{"href":"https:\/\/bestmeditrips.com\/lt\/wp-json\/wp\/v2\/pages"}],"about":[{"href":"https:\/\/bestmeditrips.com\/lt\/wp-json\/wp\/v2\/types\/page"}],"author":[{"embeddable":true,"href":"https:\/\/bestmeditrips.com\/lt\/wp-json\/wp\/v2\/users\/1"}],"replies":[{"embeddable":true,"href":"https:\/\/bestmeditrips.com\/lt\/wp-json\/wp\/v2\/comments?post=309"}],"version-history":[{"count":3,"href":"https:\/\/bestmeditrips.com\/lt\/wp-json\/wp\/v2\/pages\/309\/revisions"}],"predecessor-version":[{"id":777,"href":"https:\/\/bestmeditrips.com\/lt\/wp-json\/wp\/v2\/pages\/309\/revisions\/777"}],"wp:featuredmedia":[{"embeddable":true,"href":"https:\/\/bestmeditrips.com\/lt\/wp-json\/wp\/v2\/media\/342"}],"wp:attachment":[{"href":"https:\/\/bestmeditrips.com\/lt\/wp-json\/wp\/v2\/media?parent=309"}],"curies":[{"name":"wp","href":"https:\/\/api.w.org\/{rel}","templated":true}]}}