{"id":604,"date":"2024-09-02T20:02:05","date_gmt":"2024-09-02T17:02:05","guid":{"rendered":"https:\/\/bestmeditrips.com\/cikkek\/"},"modified":"2024-09-05T22:36:14","modified_gmt":"2024-09-05T19:36:14","slug":"cikkek","status":"publish","type":"page","link":"https:\/\/bestmeditrips.com\/hu\/cikkek\/","title":{"rendered":"Cikkek"},"content":{"rendered":"<h2>Eg\u00e9szs\u00e9gturizmus Blog | Legfrissebb Cikkek \u00e9s \u00c9szrev\u00e9telek<\/h2>\n<p>Fedezze fel a leg\u00fajabb trendeket, szak\u00e9rt\u0151i tan\u00e1csokat \u00e9s betekint\u0151 cikkeket az eg\u00e9szs\u00e9gturizmusr\u00f3l. Blogunk mindent lefed a legjobb kezel\u00e9si lehet\u0151s\u00e9gekt\u0151l \u00e9s utaz\u00e1si tippekt\u0151l kezdve a desztin\u00e1ci\u00f3s \u00fatmutat\u00f3kig \u00e9s a betegek t\u00f6rt\u00e9neteiig. Maradjon naprak\u00e9sz \u00e9rt\u00e9kes tartalommal, amely az eg\u00e9szs\u00e9gturizmus utaz\u00e1s\u00e1nak jav\u00edt\u00e1s\u00e1ra lett tervezve.<\/p>\n","protected":false},"excerpt":{"rendered":"<p>Eg\u00e9szs\u00e9gturizmus Blog | Legfrissebb Cikkek \u00e9s \u00c9szrev\u00e9telek Fedezze fel a leg\u00fajabb trendeket, szak\u00e9rt\u0151i tan\u00e1csokat \u00e9s betekint\u0151 cikkeket az eg\u00e9szs\u00e9gturizmusr\u00f3l. Blogunk mindent lefed a legjobb kezel\u00e9si lehet\u0151s\u00e9gekt\u0151l \u00e9s utaz\u00e1si tippekt\u0151l kezdve a desztin\u00e1ci\u00f3s \u00fatmutat\u00f3kig \u00e9s a betegek t\u00f6rt\u00e9neteiig. Maradjon naprak\u00e9sz \u00e9rt\u00e9kes tartalommal, amely az eg\u00e9szs\u00e9gturizmus utaz\u00e1s\u00e1nak jav\u00edt\u00e1s\u00e1ra lett tervezve.<\/p>\n","protected":false},"author":1,"featured_media":0,"parent":0,"menu_order":0,"comment_status":"closed","ping_status":"closed","template":"","meta":{"footnotes":""},"class_list":["post-604","page","type-page","status-publish"],"yoast_head":"<!-- This site is optimized with the Yoast SEO plugin v27.4 - https:\/\/yoast.com\/product\/yoast-seo-wordpress\/ -->\n<title>Eg\u00e9szs\u00e9gturizmus Blog | Cikkek \u00e9s \u00c9szrev\u00e9telek | bestmeditrips.com<\/title>\n<meta name=\"description\" content=\"Fedezze fel az eg\u00e9szs\u00e9gturizmus inform\u00e1ci\u00f3it, a leg\u00fajabb cikkeket, \u00e9szrev\u00e9teleket \u00e9s friss\u00edt\u00e9seket a kezel\u00e9sekr\u0151l, desztin\u00e1ci\u00f3kr\u00f3l \u00e9s trendekr\u0151l.\" \/>\n<meta name=\"robots\" content=\"index, follow, max-snippet:-1, max-image-preview:large, max-video-preview:-1\" \/>\n<link rel=\"canonical\" href=\"https:\/\/bestmeditrips.com\/hu\/cikkek\/\" \/>\n<meta property=\"og:locale\" content=\"hu_HU\" \/>\n<meta property=\"og:type\" content=\"article\" \/>\n<meta property=\"og:title\" content=\"Eg\u00e9szs\u00e9gturizmus Blog | Cikkek \u00e9s \u00c9szrev\u00e9telek | bestmeditrips.com\" \/>\n<meta property=\"og:description\" content=\"Fedezze fel az eg\u00e9szs\u00e9gturizmus inform\u00e1ci\u00f3it, a leg\u00fajabb cikkeket, \u00e9szrev\u00e9teleket \u00e9s friss\u00edt\u00e9seket a kezel\u00e9sekr\u0151l, desztin\u00e1ci\u00f3kr\u00f3l \u00e9s trendekr\u0151l.\" \/>\n<meta property=\"og:url\" content=\"https:\/\/bestmeditrips.com\/hu\/cikkek\/\" \/>\n<meta property=\"og:site_name\" content=\"Bestmeditrips.com\" \/>\n<meta property=\"article:publisher\" content=\"https:\/\/www.facebook.com\/profile.php?id=61565479139599\" \/>\n<meta property=\"article:modified_time\" content=\"2024-09-05T19:36:14+00:00\" \/>\n<meta property=\"og:image\" content=\"https:\/\/bestmeditrips.com\/wp-content\/uploads\/2024\/09\/health-tourism.jpg\" \/>\n\t<meta property=\"og:image:width\" content=\"1024\" \/>\n\t<meta property=\"og:image:height\" content=\"683\" \/>\n\t<meta property=\"og:image:type\" content=\"image\/jpeg\" \/>\n<meta name=\"twitter:card\" content=\"summary_large_image\" \/>\n<script type=\"application\/ld+json\" class=\"yoast-schema-graph\">{\"@context\":\"https:\\\/\\\/schema.org\",\"@graph\":[{\"@type\":\"WebPage\",\"@id\":\"https:\\\/\\\/bestmeditrips.com\\\/hu\\\/cikkek\\\/\",\"url\":\"https:\\\/\\\/bestmeditrips.com\\\/hu\\\/cikkek\\\/\",\"name\":\"Eg\u00e9szs\u00e9gturizmus Blog | Cikkek \u00e9s \u00c9szrev\u00e9telek | bestmeditrips.com\",\"isPartOf\":{\"@id\":\"https:\\\/\\\/bestmeditrips.com\\\/hu\\\/#website\"},\"datePublished\":\"2024-09-02T17:02:05+00:00\",\"dateModified\":\"2024-09-05T19:36:14+00:00\",\"description\":\"Fedezze fel az eg\u00e9szs\u00e9gturizmus inform\u00e1ci\u00f3it, a leg\u00fajabb cikkeket, \u00e9szrev\u00e9teleket \u00e9s friss\u00edt\u00e9seket a kezel\u00e9sekr\u0151l, desztin\u00e1ci\u00f3kr\u00f3l \u00e9s trendekr\u0151l.\",\"breadcrumb\":{\"@id\":\"https:\\\/\\\/bestmeditrips.com\\\/hu\\\/cikkek\\\/#breadcrumb\"},\"inLanguage\":\"hu-HU\",\"potentialAction\":[{\"@type\":\"ReadAction\",\"target\":[\"https:\\\/\\\/bestmeditrips.com\\\/hu\\\/cikkek\\\/\"]}]},{\"@type\":\"BreadcrumbList\",\"@id\":\"https:\\\/\\\/bestmeditrips.com\\\/hu\\\/cikkek\\\/#breadcrumb\",\"itemListElement\":[{\"@type\":\"ListItem\",\"position\":1,\"name\":\"Home\",\"item\":\"https:\\\/\\\/bestmeditrips.com\\\/hu\\\/\"},{\"@type\":\"ListItem\",\"position\":2,\"name\":\"Cikkek\"}]},{\"@type\":\"WebSite\",\"@id\":\"https:\\\/\\\/bestmeditrips.com\\\/hu\\\/#website\",\"url\":\"https:\\\/\\\/bestmeditrips.com\\\/hu\\\/\",\"name\":\"Bestmeditrips.com\",\"description\":\"Eg\u00e9szs\u00e9g\u00fcgyi turizmus, legjobb kezel\u00e9sek, klinik\u00e1k, orvosok \u00e9s fogorvosok!\",\"publisher\":{\"@id\":\"https:\\\/\\\/bestmeditrips.com\\\/hu\\\/#organization\"},\"potentialAction\":[{\"@type\":\"SearchAction\",\"target\":{\"@type\":\"EntryPoint\",\"urlTemplate\":\"https:\\\/\\\/bestmeditrips.com\\\/hu\\\/?s={search_term_string}\"},\"query-input\":{\"@type\":\"PropertyValueSpecification\",\"valueRequired\":true,\"valueName\":\"search_term_string\"}}],\"inLanguage\":\"hu-HU\"},{\"@type\":\"Organization\",\"@id\":\"https:\\\/\\\/bestmeditrips.com\\\/hu\\\/#organization\",\"name\":\"Bestmeditrips.com\",\"url\":\"https:\\\/\\\/bestmeditrips.com\\\/hu\\\/\",\"logo\":{\"@type\":\"ImageObject\",\"inLanguage\":\"hu-HU\",\"@id\":\"https:\\\/\\\/bestmeditrips.com\\\/hu\\\/#\\\/schema\\\/logo\\\/image\\\/\",\"url\":\"https:\\\/\\\/bestmeditrips.com\\\/wp-content\\\/uploads\\\/2024\\\/09\\\/logo-2.png\",\"contentUrl\":\"https:\\\/\\\/bestmeditrips.com\\\/wp-content\\\/uploads\\\/2024\\\/09\\\/logo-2.png\",\"width\":500,\"height\":98,\"caption\":\"Bestmeditrips.com\"},\"image\":{\"@id\":\"https:\\\/\\\/bestmeditrips.com\\\/hu\\\/#\\\/schema\\\/logo\\\/image\\\/\"},\"sameAs\":[\"https:\\\/\\\/www.facebook.com\\\/profile.php?id=61565479139599\"]}]}<\/script>\n<!-- \/ Yoast SEO plugin. -->","yoast_head_json":{"title":"Eg\u00e9szs\u00e9gturizmus Blog | Cikkek \u00e9s \u00c9szrev\u00e9telek | bestmeditrips.com","description":"Fedezze fel az eg\u00e9szs\u00e9gturizmus inform\u00e1ci\u00f3it, a leg\u00fajabb cikkeket, \u00e9szrev\u00e9teleket \u00e9s friss\u00edt\u00e9seket a kezel\u00e9sekr\u0151l, desztin\u00e1ci\u00f3kr\u00f3l \u00e9s trendekr\u0151l.","robots":{"index":"index","follow":"follow","max-snippet":"max-snippet:-1","max-image-preview":"max-image-preview:large","max-video-preview":"max-video-preview:-1"},"canonical":"https:\/\/bestmeditrips.com\/hu\/cikkek\/","og_locale":"hu_HU","og_type":"article","og_title":"Eg\u00e9szs\u00e9gturizmus Blog | Cikkek \u00e9s \u00c9szrev\u00e9telek | bestmeditrips.com","og_description":"Fedezze fel az eg\u00e9szs\u00e9gturizmus inform\u00e1ci\u00f3it, a leg\u00fajabb cikkeket, \u00e9szrev\u00e9teleket \u00e9s friss\u00edt\u00e9seket a kezel\u00e9sekr\u0151l, desztin\u00e1ci\u00f3kr\u00f3l \u00e9s trendekr\u0151l.","og_url":"https:\/\/bestmeditrips.com\/hu\/cikkek\/","og_site_name":"Bestmeditrips.com","article_publisher":"https:\/\/www.facebook.com\/profile.php?id=61565479139599","article_modified_time":"2024-09-05T19:36:14+00:00","og_image":[{"width":1024,"height":683,"url":"https:\/\/bestmeditrips.com\/wp-content\/uploads\/2024\/09\/health-tourism.jpg","type":"image\/jpeg"}],"twitter_card":"summary_large_image","schema":{"@context":"https:\/\/schema.org","@graph":[{"@type":"WebPage","@id":"https:\/\/bestmeditrips.com\/hu\/cikkek\/","url":"https:\/\/bestmeditrips.com\/hu\/cikkek\/","name":"Eg\u00e9szs\u00e9gturizmus Blog | Cikkek \u00e9s \u00c9szrev\u00e9telek | bestmeditrips.com","isPartOf":{"@id":"https:\/\/bestmeditrips.com\/hu\/#website"},"datePublished":"2024-09-02T17:02:05+00:00","dateModified":"2024-09-05T19:36:14+00:00","description":"Fedezze fel az eg\u00e9szs\u00e9gturizmus inform\u00e1ci\u00f3it, a leg\u00fajabb cikkeket, \u00e9szrev\u00e9teleket \u00e9s friss\u00edt\u00e9seket a kezel\u00e9sekr\u0151l, desztin\u00e1ci\u00f3kr\u00f3l \u00e9s trendekr\u0151l.","breadcrumb":{"@id":"https:\/\/bestmeditrips.com\/hu\/cikkek\/#breadcrumb"},"inLanguage":"hu-HU","potentialAction":[{"@type":"ReadAction","target":["https:\/\/bestmeditrips.com\/hu\/cikkek\/"]}]},{"@type":"BreadcrumbList","@id":"https:\/\/bestmeditrips.com\/hu\/cikkek\/#breadcrumb","itemListElement":[{"@type":"ListItem","position":1,"name":"Home","item":"https:\/\/bestmeditrips.com\/hu\/"},{"@type":"ListItem","position":2,"name":"Cikkek"}]},{"@type":"WebSite","@id":"https:\/\/bestmeditrips.com\/hu\/#website","url":"https:\/\/bestmeditrips.com\/hu\/","name":"Bestmeditrips.com","description":"Eg\u00e9szs\u00e9g\u00fcgyi turizmus, legjobb kezel\u00e9sek, klinik\u00e1k, orvosok \u00e9s fogorvosok!","publisher":{"@id":"https:\/\/bestmeditrips.com\/hu\/#organization"},"potentialAction":[{"@type":"SearchAction","target":{"@type":"EntryPoint","urlTemplate":"https:\/\/bestmeditrips.com\/hu\/?s={search_term_string}"},"query-input":{"@type":"PropertyValueSpecification","valueRequired":true,"valueName":"search_term_string"}}],"inLanguage":"hu-HU"},{"@type":"Organization","@id":"https:\/\/bestmeditrips.com\/hu\/#organization","name":"Bestmeditrips.com","url":"https:\/\/bestmeditrips.com\/hu\/","logo":{"@type":"ImageObject","inLanguage":"hu-HU","@id":"https:\/\/bestmeditrips.com\/hu\/#\/schema\/logo\/image\/","url":"https:\/\/bestmeditrips.com\/wp-content\/uploads\/2024\/09\/logo-2.png","contentUrl":"https:\/\/bestmeditrips.com\/wp-content\/uploads\/2024\/09\/logo-2.png","width":500,"height":98,"caption":"Bestmeditrips.com"},"image":{"@id":"https:\/\/bestmeditrips.com\/hu\/#\/schema\/logo\/image\/"},"sameAs":["https:\/\/www.facebook.com\/profile.php?id=61565479139599"]}]}},"_links":{"self":[{"href":"https:\/\/bestmeditrips.com\/hu\/wp-json\/wp\/v2\/pages\/604","targetHints":{"allow":["GET"]}}],"collection":[{"href":"https:\/\/bestmeditrips.com\/hu\/wp-json\/wp\/v2\/pages"}],"about":[{"href":"https:\/\/bestmeditrips.com\/hu\/wp-json\/wp\/v2\/types\/page"}],"author":[{"embeddable":true,"href":"https:\/\/bestmeditrips.com\/hu\/wp-json\/wp\/v2\/users\/1"}],"replies":[{"embeddable":true,"href":"https:\/\/bestmeditrips.com\/hu\/wp-json\/wp\/v2\/comments?post=604"}],"version-history":[{"count":1,"href":"https:\/\/bestmeditrips.com\/hu\/wp-json\/wp\/v2\/pages\/604\/revisions"}],"predecessor-version":[{"id":606,"href":"https:\/\/bestmeditrips.com\/hu\/wp-json\/wp\/v2\/pages\/604\/revisions\/606"}],"wp:attachment":[{"href":"https:\/\/bestmeditrips.com\/hu\/wp-json\/wp\/v2\/media?parent=604"}],"curies":[{"name":"wp","href":"https:\/\/api.w.org\/{rel}","templated":true}]}}