{"id":428,"date":"2024-09-01T20:00:15","date_gmt":"2024-09-01T17:00:15","guid":{"rendered":"https:\/\/bestmeditrips.com\/adatvedelmi-szabalyzat\/"},"modified":"2024-09-05T01:00:06","modified_gmt":"2024-09-04T22:00:06","slug":"adatvedelmi-szabalyzat","status":"publish","type":"page","link":"https:\/\/bestmeditrips.com\/hu\/adatvedelmi-szabalyzat\/","title":{"rendered":"Adatv\u00e9delmi Szab\u00e1lyzat"},"content":{"rendered":"<p><strong>Adatv\u00e9delmi Szab\u00e1lyzat<\/strong><\/p>\n<p>K\u00f6sz\u00f6nj\u00fck, hogy megl\u00e1togatta a <em>BestMediTrips.com<\/em>-ot. Az \u00d6n adatainak v\u00e9delme fontos sz\u00e1munkra. Ez az <strong>Adatv\u00e9delmi Szab\u00e1lyzat<\/strong> elmagyar\u00e1zza, hogyan gy\u0171jtj\u00fck, haszn\u00e1ljuk, tessz\u00fck k\u00f6zz\u00e9 \u00e9s v\u00e9dj\u00fck az \u00d6n adatait, amikor megl\u00e1togatja weboldalunkat. K\u00e9rj\u00fck, figyelmesen olvassa el ezt az adatv\u00e9delmi szab\u00e1lyzatot. Ha nem \u00e9rt egyet e szab\u00e1lyzat felt\u00e9teleivel, k\u00e9rj\u00fck, ne haszn\u00e1lja az oldalt.<\/p>\n<p><strong>1. Az \u00e1ltalunk gy\u0171jt\u00f6tt inform\u00e1ci\u00f3k<\/strong><\/p>\n<p>Szem\u00e9lyes adatokat gy\u0171jthet\u00fcnk, p\u00e9ld\u00e1ul az \u00d6n nev\u00e9t, e-mail c\u00edm\u00e9t, telefonsz\u00e1m\u00e1t \u00e9s egy\u00e9b r\u00e9szleteket, amelyeket megad, amikor kapcsolatba l\u00e9p weboldalunkkal, vagy \u00e9rdekl\u0151d\u00e9s c\u00e9lj\u00e1b\u00f3l kapcsolatba l\u00e9p vel\u00fcnk.<\/p>\n<p><strong>2. Hogyan haszn\u00e1ljuk fel az \u00d6n adatait<\/strong><\/p>\n<p>Az \u00f6sszegy\u0171jt\u00f6tt inform\u00e1ci\u00f3kat felhaszn\u00e1lhatjuk a k\u00f6vetkez\u0151 c\u00e9lokra:<\/p>\n<p>Weboldalunk ny\u00fajt\u00e1sa, \u00fczemeltet\u00e9se \u00e9s karbantart\u00e1sa<br \/>\nWeboldalunk k\u00edn\u00e1lat\u00e1nak jav\u00edt\u00e1sa, szem\u00e9lyre szab\u00e1sa \u00e9s b\u0151v\u00edt\u00e9se<br \/>\nKapcsolattart\u00e1s \u00d6nnel, ak\u00e1r k\u00f6zvetlen\u00fcl, ak\u00e1r valamelyik partner\u00fcnk\u00f6n kereszt\u00fcl, ide\u00e9rtve az \u00fcgyf\u00e9lszolg\u00e1latot, a weboldallal kapcsolatos friss\u00edt\u00e9sek \u00e9s egy\u00e9b inform\u00e1ci\u00f3k biztos\u00edt\u00e1s\u00e1t, valamint marketing \u00e9s prom\u00f3ci\u00f3s c\u00e9lokat<br \/>\nV\u00e9delmet ny\u00fajtani, nyomozni \u00e9s elh\u00e1r\u00edtani a jogosulatlan vagy illeg\u00e1lis tev\u00e9kenys\u00e9geket<\/p>\n<p><strong>3. Az \u00d6n adatainak k\u00f6zz\u00e9t\u00e9tele<\/strong><\/p>\n<p>Az \u00d6n adatait csak a jelen <strong>Adatv\u00e9delmi Szab\u00e1lyzatban<\/strong> le\u00edrt m\u00f3don oszthatjuk meg harmadik felekkel.<\/p>\n<p><strong>4. Az \u00d6n adatainak biztons\u00e1ga<\/strong><\/p>\n<p>Adminisztrat\u00edv, technikai \u00e9s fizikai biztons\u00e1gi int\u00e9zked\u00e9seket alkalmazunk az \u00d6n szem\u00e9lyes adatainak v\u00e9delme \u00e9rdek\u00e9ben. B\u00e1r \u00e9sszer\u0171 l\u00e9p\u00e9seket tett\u00fcnk az \u00d6n \u00e1ltal megadott szem\u00e9lyes adatok v\u00e9delme \u00e9rdek\u00e9ben, k\u00e9rj\u00fck, vegye figyelembe, hogy minden er\u0151fesz\u00edt\u00e9s\u00fcnk ellen\u00e9re egyetlen biztons\u00e1gi int\u00e9zked\u00e9s sem t\u00f6k\u00e9letes vagy \u00e1thatolhatatlan.<\/p>\n<p><strong>5. Az \u00d6n v\u00e1laszt\u00e1sai az \u00d6n adataival kapcsolatban<\/strong><\/p>\n<p>\u00d6nnek joga van:<\/p>\n<p>Friss\u00edteni vagy helyesb\u00edteni szem\u00e9lyes adatait<br \/>\nLeiratkozni a marketingkommunik\u00e1ci\u00f3k fogad\u00e1s\u00e1r\u00f3l<br \/>\nK\u00e9rni, hogy t\u00f6r\u00f6lj\u00fck szem\u00e9lyes adatait<\/p>\n<p><strong>6. Az Adatv\u00e9delmi Szab\u00e1lyzat m\u00f3dos\u00edt\u00e1sai<\/strong><\/p>\n<p>Az <strong>Adatv\u00e9delmi Szab\u00e1lyzatot<\/strong> id\u0151r\u0151l id\u0151re friss\u00edthetj\u00fck, p\u00e9ld\u00e1ul annak \u00e9rdek\u00e9ben, hogy t\u00fckr\u00f6zze gyakorlataink v\u00e1ltoz\u00e1sait, vagy egy\u00e9b m\u0171k\u00f6d\u00e9si, jogi vagy szab\u00e1lyoz\u00e1si okokb\u00f3l.<\/p>\n<p><strong>7. Kapcsolatfelv\u00e9tel<\/strong><\/p>\n<p>Ha b\u00e1rmilyen k\u00e9rd\u00e9se vagy \u00e9szrev\u00e9tele van az <strong>Adatv\u00e9delmi Szab\u00e1lyzattal<\/strong> kapcsolatban, k\u00e9rj\u00fck, l\u00e9pjen kapcsolatba vel\u00fcnk.<\/p>\n","protected":false},"excerpt":{"rendered":"<p>Adatv\u00e9delmi Szab\u00e1lyzat K\u00f6sz\u00f6nj\u00fck, hogy megl\u00e1togatta a BestMediTrips.com-ot. Az \u00d6n adatainak v\u00e9delme fontos sz\u00e1munkra. Ez az Adatv\u00e9delmi Szab\u00e1lyzat elmagyar\u00e1zza, hogyan gy\u0171jtj\u00fck, haszn\u00e1ljuk, tessz\u00fck k\u00f6zz\u00e9 \u00e9s v\u00e9dj\u00fck az \u00d6n adatait, amikor megl\u00e1togatja weboldalunkat. K\u00e9rj\u00fck, figyelmesen olvassa el ezt az adatv\u00e9delmi szab\u00e1lyzatot. Ha nem \u00e9rt egyet e szab\u00e1lyzat felt\u00e9teleivel, k\u00e9rj\u00fck, ne haszn\u00e1lja az oldalt. 1. Az \u00e1ltalunk gy\u0171jt\u00f6tt &#8230; <a title=\"Adatv\u00e9delmi Szab\u00e1lyzat\" class=\"read-more\" href=\"https:\/\/bestmeditrips.com\/hu\/adatvedelmi-szabalyzat\/\" aria-label=\"Read more about Adatv\u00e9delmi Szab\u00e1lyzat\">Olvass tov\u00e1bb<\/a><\/p>\n","protected":false},"author":1,"featured_media":0,"parent":0,"menu_order":0,"comment_status":"closed","ping_status":"open","template":"","meta":{"footnotes":""},"class_list":["post-428","page","type-page","status-publish"],"yoast_head":"<!-- This site is optimized with the Yoast SEO plugin v27.4 - https:\/\/yoast.com\/product\/yoast-seo-wordpress\/ -->\n<title>Adatv\u00e9delmi Szab\u00e1lyzat - Bestmeditrips.com<\/title>\n<meta name=\"robots\" content=\"index, follow, max-snippet:-1, max-image-preview:large, max-video-preview:-1\" \/>\n<link rel=\"canonical\" href=\"https:\/\/bestmeditrips.com\/hu\/adatvedelmi-szabalyzat\/\" \/>\n<meta property=\"og:locale\" content=\"hu_HU\" \/>\n<meta property=\"og:type\" content=\"article\" \/>\n<meta property=\"og:title\" content=\"Adatv\u00e9delmi Szab\u00e1lyzat - Bestmeditrips.com\" \/>\n<meta property=\"og:description\" content=\"Adatv\u00e9delmi Szab\u00e1lyzat K\u00f6sz\u00f6nj\u00fck, hogy megl\u00e1togatta a BestMediTrips.com-ot. Az \u00d6n adatainak v\u00e9delme fontos sz\u00e1munkra. Ez az Adatv\u00e9delmi Szab\u00e1lyzat elmagyar\u00e1zza, hogyan gy\u0171jtj\u00fck, haszn\u00e1ljuk, tessz\u00fck k\u00f6zz\u00e9 \u00e9s v\u00e9dj\u00fck az \u00d6n adatait, amikor megl\u00e1togatja weboldalunkat. K\u00e9rj\u00fck, figyelmesen olvassa el ezt az adatv\u00e9delmi szab\u00e1lyzatot. Ha nem \u00e9rt egyet e szab\u00e1lyzat felt\u00e9teleivel, k\u00e9rj\u00fck, ne haszn\u00e1lja az oldalt. 1. Az \u00e1ltalunk gy\u0171jt\u00f6tt ... Olvass tov\u00e1bb\" \/>\n<meta property=\"og:url\" content=\"https:\/\/bestmeditrips.com\/hu\/adatvedelmi-szabalyzat\/\" \/>\n<meta property=\"og:site_name\" content=\"Bestmeditrips.com\" \/>\n<meta property=\"article:publisher\" content=\"https:\/\/www.facebook.com\/profile.php?id=61565479139599\" \/>\n<meta property=\"article:modified_time\" content=\"2024-09-04T22:00:06+00:00\" \/>\n<meta property=\"og:image\" content=\"https:\/\/bestmeditrips.com\/wp-content\/uploads\/2024\/09\/health-tourism.jpg\" \/>\n\t<meta property=\"og:image:width\" content=\"1024\" \/>\n\t<meta property=\"og:image:height\" content=\"683\" \/>\n\t<meta property=\"og:image:type\" content=\"image\/jpeg\" \/>\n<meta name=\"twitter:card\" content=\"summary_large_image\" \/>\n<meta name=\"twitter:label1\" content=\"Becs\u00fclt olvas\u00e1si id\u0151\" \/>\n\t<meta name=\"twitter:data1\" content=\"2 minutes\" \/>\n<script type=\"application\/ld+json\" class=\"yoast-schema-graph\">{\"@context\":\"https:\\\/\\\/schema.org\",\"@graph\":[{\"@type\":\"WebPage\",\"@id\":\"https:\\\/\\\/bestmeditrips.com\\\/hu\\\/adatvedelmi-szabalyzat\\\/\",\"url\":\"https:\\\/\\\/bestmeditrips.com\\\/hu\\\/adatvedelmi-szabalyzat\\\/\",\"name\":\"Adatv\u00e9delmi Szab\u00e1lyzat - Bestmeditrips.com\",\"isPartOf\":{\"@id\":\"https:\\\/\\\/bestmeditrips.com\\\/hu\\\/#website\"},\"datePublished\":\"2024-09-01T17:00:15+00:00\",\"dateModified\":\"2024-09-04T22:00:06+00:00\",\"breadcrumb\":{\"@id\":\"https:\\\/\\\/bestmeditrips.com\\\/hu\\\/adatvedelmi-szabalyzat\\\/#breadcrumb\"},\"inLanguage\":\"hu-HU\",\"potentialAction\":[{\"@type\":\"ReadAction\",\"target\":[\"https:\\\/\\\/bestmeditrips.com\\\/hu\\\/adatvedelmi-szabalyzat\\\/\"]}]},{\"@type\":\"BreadcrumbList\",\"@id\":\"https:\\\/\\\/bestmeditrips.com\\\/hu\\\/adatvedelmi-szabalyzat\\\/#breadcrumb\",\"itemListElement\":[{\"@type\":\"ListItem\",\"position\":1,\"name\":\"Home\",\"item\":\"https:\\\/\\\/bestmeditrips.com\\\/hu\\\/\"},{\"@type\":\"ListItem\",\"position\":2,\"name\":\"Adatv\u00e9delmi Szab\u00e1lyzat\"}]},{\"@type\":\"WebSite\",\"@id\":\"https:\\\/\\\/bestmeditrips.com\\\/hu\\\/#website\",\"url\":\"https:\\\/\\\/bestmeditrips.com\\\/hu\\\/\",\"name\":\"Bestmeditrips.com\",\"description\":\"Eg\u00e9szs\u00e9g\u00fcgyi turizmus, legjobb kezel\u00e9sek, klinik\u00e1k, orvosok \u00e9s fogorvosok!\",\"publisher\":{\"@id\":\"https:\\\/\\\/bestmeditrips.com\\\/hu\\\/#organization\"},\"potentialAction\":[{\"@type\":\"SearchAction\",\"target\":{\"@type\":\"EntryPoint\",\"urlTemplate\":\"https:\\\/\\\/bestmeditrips.com\\\/hu\\\/?s={search_term_string}\"},\"query-input\":{\"@type\":\"PropertyValueSpecification\",\"valueRequired\":true,\"valueName\":\"search_term_string\"}}],\"inLanguage\":\"hu-HU\"},{\"@type\":\"Organization\",\"@id\":\"https:\\\/\\\/bestmeditrips.com\\\/hu\\\/#organization\",\"name\":\"Bestmeditrips.com\",\"url\":\"https:\\\/\\\/bestmeditrips.com\\\/hu\\\/\",\"logo\":{\"@type\":\"ImageObject\",\"inLanguage\":\"hu-HU\",\"@id\":\"https:\\\/\\\/bestmeditrips.com\\\/hu\\\/#\\\/schema\\\/logo\\\/image\\\/\",\"url\":\"https:\\\/\\\/bestmeditrips.com\\\/wp-content\\\/uploads\\\/2024\\\/09\\\/logo-2.png\",\"contentUrl\":\"https:\\\/\\\/bestmeditrips.com\\\/wp-content\\\/uploads\\\/2024\\\/09\\\/logo-2.png\",\"width\":500,\"height\":98,\"caption\":\"Bestmeditrips.com\"},\"image\":{\"@id\":\"https:\\\/\\\/bestmeditrips.com\\\/hu\\\/#\\\/schema\\\/logo\\\/image\\\/\"},\"sameAs\":[\"https:\\\/\\\/www.facebook.com\\\/profile.php?id=61565479139599\"]}]}<\/script>\n<!-- \/ Yoast SEO plugin. -->","yoast_head_json":{"title":"Adatv\u00e9delmi Szab\u00e1lyzat - Bestmeditrips.com","robots":{"index":"index","follow":"follow","max-snippet":"max-snippet:-1","max-image-preview":"max-image-preview:large","max-video-preview":"max-video-preview:-1"},"canonical":"https:\/\/bestmeditrips.com\/hu\/adatvedelmi-szabalyzat\/","og_locale":"hu_HU","og_type":"article","og_title":"Adatv\u00e9delmi Szab\u00e1lyzat - Bestmeditrips.com","og_description":"Adatv\u00e9delmi Szab\u00e1lyzat K\u00f6sz\u00f6nj\u00fck, hogy megl\u00e1togatta a BestMediTrips.com-ot. Az \u00d6n adatainak v\u00e9delme fontos sz\u00e1munkra. Ez az Adatv\u00e9delmi Szab\u00e1lyzat elmagyar\u00e1zza, hogyan gy\u0171jtj\u00fck, haszn\u00e1ljuk, tessz\u00fck k\u00f6zz\u00e9 \u00e9s v\u00e9dj\u00fck az \u00d6n adatait, amikor megl\u00e1togatja weboldalunkat. K\u00e9rj\u00fck, figyelmesen olvassa el ezt az adatv\u00e9delmi szab\u00e1lyzatot. Ha nem \u00e9rt egyet e szab\u00e1lyzat felt\u00e9teleivel, k\u00e9rj\u00fck, ne haszn\u00e1lja az oldalt. 1. Az \u00e1ltalunk gy\u0171jt\u00f6tt ... Olvass tov\u00e1bb","og_url":"https:\/\/bestmeditrips.com\/hu\/adatvedelmi-szabalyzat\/","og_site_name":"Bestmeditrips.com","article_publisher":"https:\/\/www.facebook.com\/profile.php?id=61565479139599","article_modified_time":"2024-09-04T22:00:06+00:00","og_image":[{"width":1024,"height":683,"url":"https:\/\/bestmeditrips.com\/wp-content\/uploads\/2024\/09\/health-tourism.jpg","type":"image\/jpeg"}],"twitter_card":"summary_large_image","twitter_misc":{"Becs\u00fclt olvas\u00e1si id\u0151":"2 minutes"},"schema":{"@context":"https:\/\/schema.org","@graph":[{"@type":"WebPage","@id":"https:\/\/bestmeditrips.com\/hu\/adatvedelmi-szabalyzat\/","url":"https:\/\/bestmeditrips.com\/hu\/adatvedelmi-szabalyzat\/","name":"Adatv\u00e9delmi Szab\u00e1lyzat - Bestmeditrips.com","isPartOf":{"@id":"https:\/\/bestmeditrips.com\/hu\/#website"},"datePublished":"2024-09-01T17:00:15+00:00","dateModified":"2024-09-04T22:00:06+00:00","breadcrumb":{"@id":"https:\/\/bestmeditrips.com\/hu\/adatvedelmi-szabalyzat\/#breadcrumb"},"inLanguage":"hu-HU","potentialAction":[{"@type":"ReadAction","target":["https:\/\/bestmeditrips.com\/hu\/adatvedelmi-szabalyzat\/"]}]},{"@type":"BreadcrumbList","@id":"https:\/\/bestmeditrips.com\/hu\/adatvedelmi-szabalyzat\/#breadcrumb","itemListElement":[{"@type":"ListItem","position":1,"name":"Home","item":"https:\/\/bestmeditrips.com\/hu\/"},{"@type":"ListItem","position":2,"name":"Adatv\u00e9delmi Szab\u00e1lyzat"}]},{"@type":"WebSite","@id":"https:\/\/bestmeditrips.com\/hu\/#website","url":"https:\/\/bestmeditrips.com\/hu\/","name":"Bestmeditrips.com","description":"Eg\u00e9szs\u00e9g\u00fcgyi turizmus, legjobb kezel\u00e9sek, klinik\u00e1k, orvosok \u00e9s fogorvosok!","publisher":{"@id":"https:\/\/bestmeditrips.com\/hu\/#organization"},"potentialAction":[{"@type":"SearchAction","target":{"@type":"EntryPoint","urlTemplate":"https:\/\/bestmeditrips.com\/hu\/?s={search_term_string}"},"query-input":{"@type":"PropertyValueSpecification","valueRequired":true,"valueName":"search_term_string"}}],"inLanguage":"hu-HU"},{"@type":"Organization","@id":"https:\/\/bestmeditrips.com\/hu\/#organization","name":"Bestmeditrips.com","url":"https:\/\/bestmeditrips.com\/hu\/","logo":{"@type":"ImageObject","inLanguage":"hu-HU","@id":"https:\/\/bestmeditrips.com\/hu\/#\/schema\/logo\/image\/","url":"https:\/\/bestmeditrips.com\/wp-content\/uploads\/2024\/09\/logo-2.png","contentUrl":"https:\/\/bestmeditrips.com\/wp-content\/uploads\/2024\/09\/logo-2.png","width":500,"height":98,"caption":"Bestmeditrips.com"},"image":{"@id":"https:\/\/bestmeditrips.com\/hu\/#\/schema\/logo\/image\/"},"sameAs":["https:\/\/www.facebook.com\/profile.php?id=61565479139599"]}]}},"_links":{"self":[{"href":"https:\/\/bestmeditrips.com\/hu\/wp-json\/wp\/v2\/pages\/428","targetHints":{"allow":["GET"]}}],"collection":[{"href":"https:\/\/bestmeditrips.com\/hu\/wp-json\/wp\/v2\/pages"}],"about":[{"href":"https:\/\/bestmeditrips.com\/hu\/wp-json\/wp\/v2\/types\/page"}],"author":[{"embeddable":true,"href":"https:\/\/bestmeditrips.com\/hu\/wp-json\/wp\/v2\/users\/1"}],"replies":[{"embeddable":true,"href":"https:\/\/bestmeditrips.com\/hu\/wp-json\/wp\/v2\/comments?post=428"}],"version-history":[{"count":1,"href":"https:\/\/bestmeditrips.com\/hu\/wp-json\/wp\/v2\/pages\/428\/revisions"}],"predecessor-version":[{"id":574,"href":"https:\/\/bestmeditrips.com\/hu\/wp-json\/wp\/v2\/pages\/428\/revisions\/574"}],"wp:attachment":[{"href":"https:\/\/bestmeditrips.com\/hu\/wp-json\/wp\/v2\/media?parent=428"}],"curies":[{"name":"wp","href":"https:\/\/api.w.org\/{rel}","templated":true}]}}