{"id":306,"date":"2024-09-02T20:44:40","date_gmt":"2024-09-02T17:44:40","guid":{"rendered":"https:\/\/bestmeditrips.com\/nemzetkozi-egeszsegturizmus-es-uti-celok\/"},"modified":"2024-09-23T11:58:48","modified_gmt":"2024-09-23T08:58:48","slug":"nemzetkozi-egeszsegturizmus-es-uti-celok","status":"publish","type":"page","link":"https:\/\/bestmeditrips.com\/hu\/","title":{"rendered":"Orvosi Turizmus \u00e9s \u00datic\u00e9lok"},"content":{"rendered":"<h2>Fedezze Fel A Legjobb Eg\u00e9szs\u00e9g\u00fcgyi Turizmus \u00c9lm\u00e9nyt!<\/h2>\n<p>\u00dcdv\u00f6z\u00f6lj\u00fck a <em><strong>BestMediTrips.com<\/strong><\/em> oldal\u00e1n, amely az \u00d6n els\u0151 sz\u00e1m\u00fa \u00fati c\u00e9lja, ha kiv\u00e9teles orvosi ell\u00e1t\u00e1st keres, amelyet rendk\u00edv\u00fcli utaz\u00e1si \u00e9lm\u00e9nyekkel kombin\u00e1lhat. T\u00f6bbnyelv\u0171 platformunk arra t\u00f6rekszik, hogy \u00f6sszekapcsolja \u00d6nt a vil\u00e1g legjobb eg\u00e9szs\u00e9gturisztikai c\u00e9lpontjaival, r\u00e9szletes betekint\u00e9st ny\u00fajtva a legjobb el\u00e9rhet\u0151 orvosi kezel\u00e9sekbe \u00e9s szolg\u00e1ltat\u00e1sokba.<\/p>\n<h3>Fedezze Fel a Pr\u00e9mium Eg\u00e9szs\u00e9g\u00fcgyi \u00e9s Orvosi Turizmus \u00dati C\u00e9ljait!<\/h3>\n<p>A <em><strong>BestMediTrips.com<\/strong><\/em> oldalon gondosan kiv\u00e1lasztott orvosi turizmus lehet\u0151s\u00e9geket k\u00edn\u00e1lunk, amelyek seg\u00edts\u00e9g\u00e9vel felfedezheti a vil\u00e1g legvonz\u00f3bb \u00fati c\u00e9ljaiban el\u00e9rhet\u0151 k\u00fcl\u00f6nf\u00e9le kezel\u00e9seket. Fedezze fel, mi teszi minden helyet egyediv\u00e9:<\/p>\n<h4><strong><span style=\"color: #ff0000;\">\u2665\u00a0<\/span><\/strong><strong>T\u00d6R\u00d6KORSZ\u00c1G:<\/strong> Isztambul, Antalya, Izmir \u00e9s Ankara<\/h4>\n<p>T\u00f6r\u00f6korsz\u00e1g h\u00edres modern eg\u00e9szs\u00e9g\u00fcgyi l\u00e9tes\u00edtm\u00e9nyeir\u0151l \u00e9s k\u00f6lts\u00e9ghat\u00e9kony kezel\u00e9seir\u0151l. Fedezze fel legjobb v\u00e1rosainkat sz\u00e1mos eg\u00e9szs\u00e9g\u00fcgyi szolg\u00e1ltat\u00e1s\u00e9rt:<\/p>\n<ul>\n<li><strong>Fog\u00e1szati klinik\u00e1k:<\/strong> Alak\u00edtsa \u00e1t mosoly\u00e1t fejlett elj\u00e1r\u00e1sokkal, mint p\u00e9ld\u00e1ul az implant\u00e1tumok, hollywoodi mosolyjav\u00edt\u00e1sok \u00e9s innovat\u00edv megold\u00e1sok, mint az \u201eall-on-4\u201d \u00e9s az \u201eall-on-6\u201d.<\/li>\n<li><strong>Hajvissza\u00e1ll\u00edt\u00f3 klinik\u00e1k:<\/strong> \u00c9rjen el term\u00e9szetes \u00e9s tart\u00f3s eredm\u00e9nyeket a legmodernebb haj\u00e1t\u00fcltet\u00e9si technik\u00e1kkal.<\/li>\n<li><strong>Eszt\u00e9tikai k\u00f3rh\u00e1zak:<\/strong> Tapasztalja meg a vil\u00e1gklasszis eszt\u00e9tikai seb\u00e9szetet, az arcfelvarr\u00e1st\u00f3l a testform\u00e1l\u00e1sig.<\/li>\n<li><strong>Ortop\u00e9diai szak\u00e9rt\u0151k:<\/strong> Haszn\u00e1lja ki az el\u0151rehaladott kezel\u00e9seket \u00edz\u00fcleti \u00e9s gerincprobl\u00e9m\u00e1kra, biztos\u00edtva az optim\u00e1lis gy\u00f3gyul\u00e1st \u00e9s mozg\u00e9konys\u00e1got.<\/li>\n<\/ul>\n<h4><strong><span style=\"color: #ff0000;\">\u2665\u00a0<\/span><\/strong><strong>MAGYARORSZ\u00c1G:<\/strong> Budapest \u00e9s Debrecen<\/h4>\n<p>Magyarorsz\u00e1g elismert orvosi ell\u00e1t\u00e1st k\u00edn\u00e1l, k\u00fcl\u00f6n\u00f6sen fog\u00e1szati kezel\u00e9sek ter\u00e9n. Budapesten \u00e9s Debrecenben fedezze fel:<\/p>\n<ul>\n<li><strong>Fog\u00e1szati klinik\u00e1k:<\/strong> Els\u0151 oszt\u00e1ly\u00fa ell\u00e1t\u00e1s implant\u00e1tumok \u00e9s eszt\u00e9tikai fog\u00e1szati elj\u00e1r\u00e1sok sz\u00e1m\u00e1ra versenyk\u00e9pes \u00e1ron.<\/li>\n<li><strong>Eszt\u00e9tikai seb\u00e9szeti k\u00f6zpontok:<\/strong> Jav\u00edtsa megjelen\u00e9s\u00e9t apr\u00f3l\u00e9kos figyelemmel a r\u00e9szletekre.<\/li>\n<\/ul>\n<h4><strong><span style=\"color: #ff0000;\">\u2665\u00a0<\/span><\/strong><strong>SZERBIA:<\/strong> Belgr\u00e1d<\/h4>\n<p>Belgr\u00e1d egyre ink\u00e1bb a min\u0151s\u00e9gi orvosi ell\u00e1t\u00e1s k\u00f6zpontj\u00e1v\u00e1 v\u00e1lik. Itt tal\u00e1lhat:<\/p>\n<ul>\n<li><strong>Innovat\u00edv orvosi szolg\u00e1ltat\u00e1sok:<\/strong> A fog\u00e1szati kezel\u00e9sekt\u0151l az eszt\u00e9tikai elj\u00e1r\u00e1sokig, tapasztalja meg a kiv\u00e9teles ell\u00e1t\u00e1st, amely az \u00d6n ig\u00e9nyeire szabott.<\/li>\n<li><strong>Szem\u00e9lyre szabott orvosi klinik\u00e1k:<\/strong> \u00c9lvezze a szolg\u00e1ltat\u00e1sokat egy olyan v\u00e1rosban, amely h\u00edres meleg vend\u00e9gszeretet\u00e9r\u0151l \u00e9s orvosi szak\u00e9rtelm\u00e9r\u0151l.<\/li>\n<\/ul>\n<h4><strong><span style=\"color: #ff0000;\">\u2665\u00a0<\/span><\/strong><strong>HORV\u00c1TORSZ\u00c1G:<\/strong> Z\u00e1gr\u00e1b \u00e9s Split<\/h4>\n<p>Horv\u00e1torsz\u00e1g egyes\u00edti az orvosi kiv\u00e1l\u00f3s\u00e1got a gy\u00f6ny\u00f6r\u0171 t\u00e1jakkal. Fedezze fel:<\/p>\n<ul>\n<li><strong>Fog\u00e1szati \u00e9s eszt\u00e9tikai klinik\u00e1k:<\/strong> \u00c9lvezze az el\u0151rehaladott kezel\u00e9seket fest\u0151i k\u00f6rnyezetben.<\/li>\n<li><strong>Rehabilit\u00e1ci\u00f3s \u00e9s wellness k\u00f3rh\u00e1zak:<\/strong> \u00c1tfog\u00f3 gondoz\u00e1si lehet\u0151s\u00e9gek, amelyek c\u00e9lja az \u00e1ltal\u00e1nos j\u00f3l\u00e9t jav\u00edt\u00e1sa.<\/li>\n<\/ul>\n<h4><strong><span style=\"color: #ff0000;\">\u2665\u00a0<\/span><\/strong><strong>LENGYELORSZ\u00c1G:<\/strong> Vars\u00f3 \u00e9s Krakk\u00f3<\/h4>\n<p>Lengyelorsz\u00e1g magas sz\u00ednvonal\u00fa orvosi szolg\u00e1ltat\u00e1sokat k\u00edn\u00e1l megfizethet\u0151 \u00e1ron. Fedezze fel:<\/p>\n<ul>\n<li><strong>Fog\u00e1szati ell\u00e1t\u00e1si l\u00e9tes\u00edtm\u00e9nyek:<\/strong> Fejlett megold\u00e1sok az implant\u00e1tumokhoz \u00e9s m\u00e1s fog\u00e1szati sz\u00fcks\u00e9gletekhez.<\/li>\n<li><strong>Ortop\u00e9diai \u00e9s eszt\u00e9tikai klinik\u00e1k:<\/strong> Modern l\u00e9tes\u00edtm\u00e9nyek, amelyek sz\u00e9les k\u00f6r\u0171 elj\u00e1r\u00e1sokat k\u00edn\u00e1lnak.<\/li>\n<\/ul>\n<h4><strong><span style=\"color: #ff0000;\">\u2665\u00a0<\/span><\/strong><strong>N\u00c9METORSZ\u00c1G:<\/strong> Berlin \u00e9s M\u00fcnchen<\/h4>\n<p>N\u00e9metorsz\u00e1g a gy\u00f3gy\u00e1szati innov\u00e1ci\u00f3 \u00e9s min\u0151s\u00e9g szinonim\u00e1ja. Hozz\u00e1f\u00e9r\u00e9s:<\/p>\n<ul>\n<li><strong>Cs\u00facsmin\u0151s\u00e9g\u0171 k\u00f3rh\u00e1zak:<\/strong> Leg\u00fajabb orvostechnikai technol\u00f3gi\u00e1k \u00e9s speci\u00e1lis ell\u00e1t\u00e1s.<\/li>\n<li><strong>\u00c1tfog\u00f3 eg\u00e9szs\u00e9g\u00fcgyi szolg\u00e1ltat\u00f3 k\u00f6zpontok:<\/strong> Vil\u00e1gsz\u00ednvonal\u00fa kezel\u00e9sek \u00f6sszetett m\u0171t\u00e9tekhez \u00e9s rutinszer\u0171 elj\u00e1r\u00e1sokhoz.<\/li>\n<\/ul>\n<h4><strong><span style=\"color: #ff0000;\">\u2665\u00a0<\/span><\/strong><strong>CSEHORSZ\u00c1G:<\/strong> Pr\u00e1ga<\/h4>\n<p>Pr\u00e1ga a t\u00f6rt\u00e9nelmi b\u00e1j \u00e9s a modern eg\u00e9szs\u00e9g\u00fcgyi ell\u00e1t\u00e1s kombin\u00e1ci\u00f3j\u00e1t k\u00edn\u00e1lja. Fedezze fel:<\/p>\n<ul>\n<li><strong>Legjobban \u00e9rt\u00e9kelt fog\u00e1szati klinik\u00e1k:<\/strong> Kiv\u00e1l\u00f3 megold\u00e1sok Eur\u00f3pa egyik legszebb v\u00e1ros\u00e1ban.<\/li>\n<li><strong>Eszt\u00e9tikai k\u00f3rh\u00e1zak:<\/strong> Magas sz\u00ednvonal\u00fa eszt\u00e9tikai elj\u00e1r\u00e1sok.<\/li>\n<\/ul>\n<h4><strong><span style=\"color: #ff0000;\">\u2665\u00a0<\/span><\/strong><strong>MEXIK\u00d3:<\/strong> Canc\u00fan \u00e9s Mexik\u00f3v\u00e1ros<\/h4>\n<p>Mexik\u00f3 \u00e9l\u00e9nk h\u00e1tteret biztos\u00edt a kiv\u00e9teles orvosi ell\u00e1t\u00e1shoz. \u00c9lvezze:<\/p>\n<ul>\n<li><strong>Megfizethet\u0151 kezel\u00e9si k\u00f6zpontok:<\/strong> Kiv\u00e1l\u00f3 min\u0151s\u00e9g\u0171 fog\u00e1szati \u00e9s eszt\u00e9tikai elj\u00e1r\u00e1sok.<\/li>\n<li><strong>Kultur\u00e1lis \u00e9lm\u00e9nyklinik\u00e1k:<\/strong> Kombin\u00e1lja kezel\u00e9s\u00e9t egy gazdag kultur\u00e1lis utaz\u00e1ssal.<\/li>\n<\/ul>\n<h4><strong><span style=\"color: #ff0000;\">\u2665\u00a0<\/span><\/strong><strong>KOLUMBIA:<\/strong> Medell\u00edn \u00e9s Bogot\u00e1<\/h4>\n<p>Kolumbia ismert k\u00e9pzett eg\u00e9szs\u00e9g\u00fcgyi szakembereir\u0151l \u00e9s megfizethet\u0151 szolg\u00e1ltat\u00e1sair\u00f3l. Hozz\u00e1f\u00e9r\u00e9s:<\/p>\n<ul>\n<li><strong>Komplett orvosi k\u00f6zpontok:<\/strong> Sz\u00e1mos orvosi kezel\u00e9s, amely a min\u0151s\u00e9gre \u00e9s a megfizethet\u0151s\u00e9gre \u00f6sszpontos\u00edt.<\/li>\n<li><strong>Szak\u00e9rt\u0151i fog\u00e1szati klinik\u00e1k:<\/strong> Gondoskod\u00e1s szak\u00e9rt\u0151kt\u0151l egy olyan orsz\u00e1gban, amely h\u00edres az eg\u00e9szs\u00e9g\u00fcgyi fejl\u0151d\u00e9sr\u0151l.<\/li>\n<\/ul>\n<h4><strong><span style=\"color: #ff0000;\">\u2665\u00a0<\/span><\/strong><strong>THAIF\u00d6LD:<\/strong> Bangkok \u00e9s Phuket<\/h4>\n<p>Thaif\u00f6ld t\u00f6k\u00e9letes kombin\u00e1ci\u00f3j\u00e1t k\u00edn\u00e1lja az orvosi ell\u00e1t\u00e1snak \u00e9s az utaz\u00e1si \u00e9lm\u00e9nyeknek. Fedezze fel:<\/p>\n<ul>\n<li><strong>Vil\u00e1gsz\u00ednvonal\u00fa k\u00f3rh\u00e1zak:<\/strong> Els\u0151rang\u00fa eg\u00e9szs\u00e9g\u00fcgyi szolg\u00e1ltat\u00e1sok fog\u00e1szati ell\u00e1t\u00e1sra \u00e9s wellness programokra.<\/li>\n<li><strong>Klinik\u00e1k gy\u00f6ny\u00f6r\u0171 helysz\u00edneken:<\/strong> Kiv\u00e9teles orvosi ell\u00e1t\u00e1s tapasztalhat\u00f3 meg, mik\u00f6zben felfedezi Thaif\u00f6ldet.<\/li>\n<\/ul>\n<h4><strong><span style=\"color: #ff0000;\">\u2665\u00a0<\/span><\/strong><strong>INDIA:<\/strong> Delhi \u00e9s Mumbai<\/h4>\n<p>India eg\u00e9szs\u00e9g\u00fcgyi l\u00e9tes\u00edtm\u00e9nyei fejlettek \u00e9s megfizethet\u0151k. Fedezze fel:<\/p>\n<ul>\n<li><strong>Sokf\u00e9le orvosi klinika:<\/strong> Magas sz\u00ednvonal\u00fa k\u00fcl\u00f6nb\u00f6z\u0151 orvosi lehet\u0151s\u00e9gek.<\/li>\n<li><strong>K\u00f3rh\u00e1zak tapasztalt szakemberekkel:<\/strong> Gondoskod\u00e1s szak\u00e9rt\u0151kt\u0151l Delhiben \u00e9s Mumbaiban.<\/li>\n<\/ul>\n<h4><strong><span style=\"color: #ff0000;\">\u2665\u00a0<\/span><\/strong><strong>VIETNAM:<\/strong> Ho Si Minh-v\u00e1ros \u00e9s Hanoi<\/h4>\n<p>Vietnam egy felt\u00f6rekv\u0151 orvosi turisztikai c\u00e9lpontt\u00e1 v\u00e1lik. Itt r\u00e9szes\u00fclhet:<\/p>\n<ul>\n<li><strong>Hat\u00e9kony orvosi k\u00f6zpontok:<\/strong> Megfizethet\u0151 \u00e9s magas sz\u00ednvonal\u00fa ell\u00e1t\u00e1s.<\/li>\n<li><strong>Teljes k\u00f6r\u0171 kezel\u0151klinik\u00e1k:<\/strong> A fog\u00e1szati ell\u00e1t\u00e1st\u00f3l az ortop\u00e9diai elj\u00e1r\u00e1sokig.<\/li>\n<\/ul>\n<h4>Mi\u00e9rt v\u00e1lassza az eg\u00e9szs\u00e9g\u00fcgyi \u00e9s orvosi turizmust?<\/h4>\n<p>Az eg\u00e9szs\u00e9g\u00fcgyi \u00e9s orvosi turizmus lehet\u0151v\u00e9 teszi, hogy kiv\u00e1l\u00f3 orvosi ell\u00e1t\u00e1st \u00f6tv\u00f6zz\u00f6n izgalmas utaz\u00e1si lehet\u0151s\u00e9gekkel. A <em>BestMediTrips.com<\/em>-on elk\u00f6telezettek vagyunk, hogy seg\u00edts\u00fcnk megtal\u00e1lni a t\u00f6k\u00e9letes \u00fati c\u00e9lt \u00e9s kezel\u00e9st, amely megfelel az \u00d6n ig\u00e9nyeinek \u00e9s preferenci\u00e1inak. Fedezze fel platformunkat, hogy elind\u00edtsa \u00fatj\u00e1t a kiv\u00e9teles orvosi ell\u00e1t\u00e1s \u00e9s felejthetetlen \u00e9lm\u00e9nyek fel\u00e9.<\/p>\n","protected":false},"excerpt":{"rendered":"<p>Fedezze Fel A Legjobb Eg\u00e9szs\u00e9g\u00fcgyi Turizmus \u00c9lm\u00e9nyt! \u00dcdv\u00f6z\u00f6lj\u00fck a BestMediTrips.com oldal\u00e1n, amely az \u00d6n els\u0151 sz\u00e1m\u00fa \u00fati c\u00e9lja, ha kiv\u00e9teles orvosi ell\u00e1t\u00e1st keres, amelyet rendk\u00edv\u00fcli utaz\u00e1si \u00e9lm\u00e9nyekkel kombin\u00e1lhat. T\u00f6bbnyelv\u0171 platformunk arra t\u00f6rekszik, hogy \u00f6sszekapcsolja \u00d6nt a vil\u00e1g legjobb eg\u00e9szs\u00e9gturisztikai c\u00e9lpontjaival, r\u00e9szletes betekint\u00e9st ny\u00fajtva a legjobb el\u00e9rhet\u0151 orvosi kezel\u00e9sekbe \u00e9s szolg\u00e1ltat\u00e1sokba. Fedezze Fel a Pr\u00e9mium Eg\u00e9szs\u00e9g\u00fcgyi &#8230; <a title=\"Orvosi Turizmus \u00e9s \u00datic\u00e9lok\" class=\"read-more\" href=\"https:\/\/bestmeditrips.com\/hu\/\" aria-label=\"Read more about Orvosi Turizmus \u00e9s \u00datic\u00e9lok\">Olvass tov\u00e1bb<\/a><\/p>\n","protected":false},"author":1,"featured_media":339,"parent":0,"menu_order":0,"comment_status":"closed","ping_status":"closed","template":"","meta":{"footnotes":""},"class_list":["post-306","page","type-page","status-publish","has-post-thumbnail"],"yoast_head":"<!-- This site is optimized with the Yoast SEO plugin v27.4 - https:\/\/yoast.com\/product\/yoast-seo-wordpress\/ -->\n<title>Orvosi Turizmus Szak\u00e9rt\u0151k | Pr\u00e9mium Kezel\u00e9sek \u00e9s \u00datic\u00e9lok<\/title>\n<meta name=\"description\" content=\"Fedezze fel a legjobb eg\u00e9szs\u00e9gturisztikai szolg\u00e1ltat\u00e1sokat a legjobb klinik\u00e1kkal, orvosokkal \u00e9s fogorvosokkal, akik szak\u00e9rt\u0151i tan\u00e1csokat k\u00edn\u00e1lnak a legjobb orvosi utakhoz.\" \/>\n<meta name=\"robots\" content=\"index, follow, max-snippet:-1, max-image-preview:large, max-video-preview:-1\" \/>\n<link rel=\"canonical\" href=\"https:\/\/bestmeditrips.com\/hu\/\" \/>\n<meta property=\"og:locale\" content=\"hu_HU\" \/>\n<meta property=\"og:type\" content=\"article\" \/>\n<meta property=\"og:title\" content=\"Orvosi Turizmus Szak\u00e9rt\u0151k | Pr\u00e9mium Kezel\u00e9sek \u00e9s \u00datic\u00e9lok\" \/>\n<meta property=\"og:description\" content=\"Fedezze fel a legjobb eg\u00e9szs\u00e9gturisztikai szolg\u00e1ltat\u00e1sokat a legjobb klinik\u00e1kkal, orvosokkal \u00e9s fogorvosokkal, akik szak\u00e9rt\u0151i tan\u00e1csokat k\u00edn\u00e1lnak a legjobb orvosi utakhoz.\" \/>\n<meta property=\"og:url\" content=\"https:\/\/bestmeditrips.com\/hu\/\" \/>\n<meta property=\"og:site_name\" content=\"Bestmeditrips.com\" \/>\n<meta property=\"article:publisher\" content=\"https:\/\/www.facebook.com\/profile.php?id=61565479139599\" \/>\n<meta property=\"article:modified_time\" content=\"2024-09-23T08:58:48+00:00\" \/>\n<meta property=\"og:image\" content=\"https:\/\/bestmeditrips.com\/wp-content\/uploads\/2024\/09\/health-tourism.jpg\" \/>\n\t<meta property=\"og:image:width\" content=\"1024\" \/>\n\t<meta property=\"og:image:height\" content=\"683\" \/>\n\t<meta property=\"og:image:type\" content=\"image\/jpeg\" \/>\n<meta name=\"twitter:card\" content=\"summary_large_image\" \/>\n<meta name=\"twitter:label1\" content=\"Becs\u00fclt olvas\u00e1si id\u0151\" \/>\n\t<meta name=\"twitter:data1\" content=\"6 minutes\" \/>\n<script type=\"application\/ld+json\" class=\"yoast-schema-graph\">{\"@context\":\"https:\\\/\\\/schema.org\",\"@graph\":[{\"@type\":\"WebPage\",\"@id\":\"https:\\\/\\\/bestmeditrips.com\\\/hu\\\/\",\"url\":\"https:\\\/\\\/bestmeditrips.com\\\/hu\\\/\",\"name\":\"Orvosi Turizmus Szak\u00e9rt\u0151k | Pr\u00e9mium Kezel\u00e9sek \u00e9s \u00datic\u00e9lok\",\"isPartOf\":{\"@id\":\"https:\\\/\\\/bestmeditrips.com\\\/hu\\\/#website\"},\"primaryImageOfPage\":{\"@id\":\"https:\\\/\\\/bestmeditrips.com\\\/hu\\\/#primaryimage\"},\"image\":{\"@id\":\"https:\\\/\\\/bestmeditrips.com\\\/hu\\\/#primaryimage\"},\"thumbnailUrl\":\"https:\\\/\\\/bestmeditrips.com\\\/wp-content\\\/uploads\\\/2024\\\/09\\\/health-tourism.jpg\",\"datePublished\":\"2024-09-02T17:44:40+00:00\",\"dateModified\":\"2024-09-23T08:58:48+00:00\",\"description\":\"Fedezze fel a legjobb eg\u00e9szs\u00e9gturisztikai szolg\u00e1ltat\u00e1sokat a legjobb klinik\u00e1kkal, orvosokkal \u00e9s fogorvosokkal, akik szak\u00e9rt\u0151i tan\u00e1csokat k\u00edn\u00e1lnak a legjobb orvosi utakhoz.\",\"breadcrumb\":{\"@id\":\"https:\\\/\\\/bestmeditrips.com\\\/hu\\\/#breadcrumb\"},\"inLanguage\":\"hu-HU\",\"potentialAction\":[{\"@type\":\"ReadAction\",\"target\":[\"https:\\\/\\\/bestmeditrips.com\\\/hu\\\/\"]}]},{\"@type\":\"ImageObject\",\"inLanguage\":\"hu-HU\",\"@id\":\"https:\\\/\\\/bestmeditrips.com\\\/hu\\\/#primaryimage\",\"url\":\"https:\\\/\\\/bestmeditrips.com\\\/wp-content\\\/uploads\\\/2024\\\/09\\\/health-tourism.jpg\",\"contentUrl\":\"https:\\\/\\\/bestmeditrips.com\\\/wp-content\\\/uploads\\\/2024\\\/09\\\/health-tourism.jpg\",\"width\":1024,\"height\":683,\"caption\":\"Medical tourism and best destinations in the world for dental, hair transplant, orthopedic and aesthetic treatments\"},{\"@type\":\"BreadcrumbList\",\"@id\":\"https:\\\/\\\/bestmeditrips.com\\\/hu\\\/#breadcrumb\",\"itemListElement\":[{\"@type\":\"ListItem\",\"position\":1,\"name\":\"Home\",\"item\":\"https:\\\/\\\/bestmeditrips.com\\\/hu\\\/\"},{\"@type\":\"ListItem\",\"position\":2,\"name\":\"Orvosi Turizmus \u00e9s \u00datic\u00e9lok\"}]},{\"@type\":\"WebSite\",\"@id\":\"https:\\\/\\\/bestmeditrips.com\\\/hu\\\/#website\",\"url\":\"https:\\\/\\\/bestmeditrips.com\\\/hu\\\/\",\"name\":\"Bestmeditrips.com\",\"description\":\"Eg\u00e9szs\u00e9g\u00fcgyi turizmus, legjobb kezel\u00e9sek, klinik\u00e1k, orvosok \u00e9s fogorvosok!\",\"publisher\":{\"@id\":\"https:\\\/\\\/bestmeditrips.com\\\/hu\\\/#organization\"},\"potentialAction\":[{\"@type\":\"SearchAction\",\"target\":{\"@type\":\"EntryPoint\",\"urlTemplate\":\"https:\\\/\\\/bestmeditrips.com\\\/hu\\\/?s={search_term_string}\"},\"query-input\":{\"@type\":\"PropertyValueSpecification\",\"valueRequired\":true,\"valueName\":\"search_term_string\"}}],\"inLanguage\":\"hu-HU\"},{\"@type\":\"Organization\",\"@id\":\"https:\\\/\\\/bestmeditrips.com\\\/hu\\\/#organization\",\"name\":\"Bestmeditrips.com\",\"url\":\"https:\\\/\\\/bestmeditrips.com\\\/hu\\\/\",\"logo\":{\"@type\":\"ImageObject\",\"inLanguage\":\"hu-HU\",\"@id\":\"https:\\\/\\\/bestmeditrips.com\\\/hu\\\/#\\\/schema\\\/logo\\\/image\\\/\",\"url\":\"https:\\\/\\\/bestmeditrips.com\\\/wp-content\\\/uploads\\\/2024\\\/09\\\/logo-2.png\",\"contentUrl\":\"https:\\\/\\\/bestmeditrips.com\\\/wp-content\\\/uploads\\\/2024\\\/09\\\/logo-2.png\",\"width\":500,\"height\":98,\"caption\":\"Bestmeditrips.com\"},\"image\":{\"@id\":\"https:\\\/\\\/bestmeditrips.com\\\/hu\\\/#\\\/schema\\\/logo\\\/image\\\/\"},\"sameAs\":[\"https:\\\/\\\/www.facebook.com\\\/profile.php?id=61565479139599\"]}]}<\/script>\n<!-- \/ Yoast SEO plugin. -->","yoast_head_json":{"title":"Orvosi Turizmus Szak\u00e9rt\u0151k | Pr\u00e9mium Kezel\u00e9sek \u00e9s \u00datic\u00e9lok","description":"Fedezze fel a legjobb eg\u00e9szs\u00e9gturisztikai szolg\u00e1ltat\u00e1sokat a legjobb klinik\u00e1kkal, orvosokkal \u00e9s fogorvosokkal, akik szak\u00e9rt\u0151i tan\u00e1csokat k\u00edn\u00e1lnak a legjobb orvosi utakhoz.","robots":{"index":"index","follow":"follow","max-snippet":"max-snippet:-1","max-image-preview":"max-image-preview:large","max-video-preview":"max-video-preview:-1"},"canonical":"https:\/\/bestmeditrips.com\/hu\/","og_locale":"hu_HU","og_type":"article","og_title":"Orvosi Turizmus Szak\u00e9rt\u0151k | Pr\u00e9mium Kezel\u00e9sek \u00e9s \u00datic\u00e9lok","og_description":"Fedezze fel a legjobb eg\u00e9szs\u00e9gturisztikai szolg\u00e1ltat\u00e1sokat a legjobb klinik\u00e1kkal, orvosokkal \u00e9s fogorvosokkal, akik szak\u00e9rt\u0151i tan\u00e1csokat k\u00edn\u00e1lnak a legjobb orvosi utakhoz.","og_url":"https:\/\/bestmeditrips.com\/hu\/","og_site_name":"Bestmeditrips.com","article_publisher":"https:\/\/www.facebook.com\/profile.php?id=61565479139599","article_modified_time":"2024-09-23T08:58:48+00:00","og_image":[{"width":1024,"height":683,"url":"https:\/\/bestmeditrips.com\/wp-content\/uploads\/2024\/09\/health-tourism.jpg","type":"image\/jpeg"}],"twitter_card":"summary_large_image","twitter_misc":{"Becs\u00fclt olvas\u00e1si id\u0151":"6 minutes"},"schema":{"@context":"https:\/\/schema.org","@graph":[{"@type":"WebPage","@id":"https:\/\/bestmeditrips.com\/hu\/","url":"https:\/\/bestmeditrips.com\/hu\/","name":"Orvosi Turizmus Szak\u00e9rt\u0151k | Pr\u00e9mium Kezel\u00e9sek \u00e9s \u00datic\u00e9lok","isPartOf":{"@id":"https:\/\/bestmeditrips.com\/hu\/#website"},"primaryImageOfPage":{"@id":"https:\/\/bestmeditrips.com\/hu\/#primaryimage"},"image":{"@id":"https:\/\/bestmeditrips.com\/hu\/#primaryimage"},"thumbnailUrl":"https:\/\/bestmeditrips.com\/wp-content\/uploads\/2024\/09\/health-tourism.jpg","datePublished":"2024-09-02T17:44:40+00:00","dateModified":"2024-09-23T08:58:48+00:00","description":"Fedezze fel a legjobb eg\u00e9szs\u00e9gturisztikai szolg\u00e1ltat\u00e1sokat a legjobb klinik\u00e1kkal, orvosokkal \u00e9s fogorvosokkal, akik szak\u00e9rt\u0151i tan\u00e1csokat k\u00edn\u00e1lnak a legjobb orvosi utakhoz.","breadcrumb":{"@id":"https:\/\/bestmeditrips.com\/hu\/#breadcrumb"},"inLanguage":"hu-HU","potentialAction":[{"@type":"ReadAction","target":["https:\/\/bestmeditrips.com\/hu\/"]}]},{"@type":"ImageObject","inLanguage":"hu-HU","@id":"https:\/\/bestmeditrips.com\/hu\/#primaryimage","url":"https:\/\/bestmeditrips.com\/wp-content\/uploads\/2024\/09\/health-tourism.jpg","contentUrl":"https:\/\/bestmeditrips.com\/wp-content\/uploads\/2024\/09\/health-tourism.jpg","width":1024,"height":683,"caption":"Medical tourism and best destinations in the world for dental, hair transplant, orthopedic and aesthetic treatments"},{"@type":"BreadcrumbList","@id":"https:\/\/bestmeditrips.com\/hu\/#breadcrumb","itemListElement":[{"@type":"ListItem","position":1,"name":"Home","item":"https:\/\/bestmeditrips.com\/hu\/"},{"@type":"ListItem","position":2,"name":"Orvosi Turizmus \u00e9s \u00datic\u00e9lok"}]},{"@type":"WebSite","@id":"https:\/\/bestmeditrips.com\/hu\/#website","url":"https:\/\/bestmeditrips.com\/hu\/","name":"Bestmeditrips.com","description":"Eg\u00e9szs\u00e9g\u00fcgyi turizmus, legjobb kezel\u00e9sek, klinik\u00e1k, orvosok \u00e9s fogorvosok!","publisher":{"@id":"https:\/\/bestmeditrips.com\/hu\/#organization"},"potentialAction":[{"@type":"SearchAction","target":{"@type":"EntryPoint","urlTemplate":"https:\/\/bestmeditrips.com\/hu\/?s={search_term_string}"},"query-input":{"@type":"PropertyValueSpecification","valueRequired":true,"valueName":"search_term_string"}}],"inLanguage":"hu-HU"},{"@type":"Organization","@id":"https:\/\/bestmeditrips.com\/hu\/#organization","name":"Bestmeditrips.com","url":"https:\/\/bestmeditrips.com\/hu\/","logo":{"@type":"ImageObject","inLanguage":"hu-HU","@id":"https:\/\/bestmeditrips.com\/hu\/#\/schema\/logo\/image\/","url":"https:\/\/bestmeditrips.com\/wp-content\/uploads\/2024\/09\/logo-2.png","contentUrl":"https:\/\/bestmeditrips.com\/wp-content\/uploads\/2024\/09\/logo-2.png","width":500,"height":98,"caption":"Bestmeditrips.com"},"image":{"@id":"https:\/\/bestmeditrips.com\/hu\/#\/schema\/logo\/image\/"},"sameAs":["https:\/\/www.facebook.com\/profile.php?id=61565479139599"]}]}},"_links":{"self":[{"href":"https:\/\/bestmeditrips.com\/hu\/wp-json\/wp\/v2\/pages\/306","targetHints":{"allow":["GET"]}}],"collection":[{"href":"https:\/\/bestmeditrips.com\/hu\/wp-json\/wp\/v2\/pages"}],"about":[{"href":"https:\/\/bestmeditrips.com\/hu\/wp-json\/wp\/v2\/types\/page"}],"author":[{"embeddable":true,"href":"https:\/\/bestmeditrips.com\/hu\/wp-json\/wp\/v2\/users\/1"}],"replies":[{"embeddable":true,"href":"https:\/\/bestmeditrips.com\/hu\/wp-json\/wp\/v2\/comments?post=306"}],"version-history":[{"count":4,"href":"https:\/\/bestmeditrips.com\/hu\/wp-json\/wp\/v2\/pages\/306\/revisions"}],"predecessor-version":[{"id":821,"href":"https:\/\/bestmeditrips.com\/hu\/wp-json\/wp\/v2\/pages\/306\/revisions\/821"}],"wp:featuredmedia":[{"embeddable":true,"href":"https:\/\/bestmeditrips.com\/hu\/wp-json\/wp\/v2\/media\/339"}],"wp:attachment":[{"href":"https:\/\/bestmeditrips.com\/hu\/wp-json\/wp\/v2\/media?parent=306"}],"curies":[{"name":"wp","href":"https:\/\/api.w.org\/{rel}","templated":true}]}}