{"id":1097,"date":"2024-09-23T21:41:39","date_gmt":"2024-09-23T18:41:39","guid":{"rendered":"https:\/\/bestmeditrips.com\/torokorszag\/"},"modified":"2024-09-23T21:41:39","modified_gmt":"2024-09-23T18:41:39","slug":"torokorszag","status":"publish","type":"page","link":"https:\/\/bestmeditrips.com\/hu\/torokorszag\/","title":{"rendered":"T\u00f6r\u00f6korsz\u00e1g"},"content":{"rendered":"<h2>Fedezze fel a pr\u00e9mium eg\u00e9szs\u00e9g\u00fcgyi szolg\u00e1ltat\u00e1sokat T\u00f6r\u00f6korsz\u00e1gban<\/h2>\n<p>T\u00f6r\u00f6korsz\u00e1g vezet\u0151 c\u00e9lpontt\u00e1 v\u00e1lt az eg\u00e9szs\u00e9gturizmusban, vil\u00e1gsz\u00ednvonal\u00fa orvosi kezel\u00e9seket k\u00edn\u00e1lva megfizethet\u0151 \u00e1ron. Legyen sz\u00f3 <strong>fog\u00e1szati implant\u00e1tumokr\u00f3l<\/strong>, <strong>eszt\u00e9tikai seb\u00e9szetr\u0151l<\/strong>, <strong>ortop\u00e9diai rendelleness\u00e9gekr\u0151l<\/strong>, <strong>szem\u00e9szeti kezel\u00e9sekr\u0151l<\/strong>, <strong>haj\u00e1t\u00fcltet\u00e9sr\u0151l<\/strong>, <strong>r\u00e1kkezel\u00e9sekr\u0151l<\/strong>, vagy m\u00e1s speci\u00e1lis kezel\u00e9sekr\u0151l, T\u00f6r\u00f6korsz\u00e1g hozz\u00e1f\u00e9r\u00e9st biztos\u00edt magasan k\u00e9pzett szakemberekhez \u00e9s cs\u00facstechnol\u00f3gi\u00e1s klinik\u00e1khoz.<\/p>\n<figure style=\"width: 1014px\" class=\"wp-caption aligncenter\"><img loading=\"lazy\" decoding=\"async\" src=\"https:\/\/bestmeditrips.com\/wp-content\/uploads\/2024\/09\/turkey-hospital.jpg\" alt=\"One of the new and modern hospitals in Istanbul. \" width=\"1024\" height=\"616\" \/><figcaption class=\"wp-caption-text\"><em>Modern mag\u00e1nk\u00f3rh\u00e1z Isztambul eur\u00f3pai oldal\u00e1n<\/em><\/figcaption><\/figure>\n<h3>Mi\u00e9rt v\u00e1lassza T\u00f6r\u00f6korsz\u00e1got az orvosi utaz\u00e1s\u00e1hoz?<\/h3>\n<p>T\u00f6r\u00f6korsz\u00e1g v\u00e1laszt\u00e1sa eg\u00e9szs\u00e9g\u00fcgyi kezel\u00e9sekhez sz\u00e1mos el\u0151nnyel j\u00e1r:<\/p>\n<ul>\n<li><strong>Magasan k\u00e9pzett orvosok<\/strong>: T\u00f6r\u00f6korsz\u00e1g n\u00e9h\u00e1ny vil\u00e1gviszonylatban is kiemelked\u0151 seb\u00e9sz \u00e9s szakember otthona, akik k\u00f6z\u00fcl sokan nemzetk\u00f6zi k\u00e9pz\u00e9sben r\u00e9szes\u00fcltek.<\/li>\n<li><strong>Megfizethet\u0151 kezel\u00e9sek<\/strong>: Az orvosi elj\u00e1r\u00e1sok T\u00f6r\u00f6korsz\u00e1gban ak\u00e1r 70%-kal kevesebbe ker\u00fclhetnek, mint az Egyes\u00fclt \u00c1llamokban vagy Eur\u00f3p\u00e1ban, an\u00e9lk\u00fcl, hogy a min\u0151s\u00e9gen sp\u00f3roln\u00e1nak.<\/li>\n<li><strong>Cs\u00facstechnol\u00f3gi\u00e1s klinik\u00e1k<\/strong>: A t\u00f6r\u00f6korsz\u00e1gi klinik\u00e1k modern technol\u00f3gi\u00e1val vannak felszerelve, magas szint\u0171 ell\u00e1t\u00e1st \u00e9s kezel\u00e9st ny\u00fajtva.<\/li>\n<li><strong>K\u00e9nyelmes utaz\u00e1s<\/strong>: T\u00f6r\u00f6korsz\u00e1g nagyv\u00e1rosai, mint <strong>Isztambul<\/strong>, <strong>Antalya<\/strong> \u00e9s <strong>Izmir<\/strong>, k\u00f6nnyen megk\u00f6zel\u00edthet\u0151k a vil\u00e1g b\u00e1rmely pontj\u00e1r\u00f3l, \u00edgy T\u00f6r\u00f6korsz\u00e1g k\u00e9nyelmes c\u00e9lpont a nemzetk\u00f6zi betegek sz\u00e1m\u00e1ra.<\/li>\n<\/ul>\n<figure style=\"width: 1014px\" class=\"wp-caption aligncenter\"><img loading=\"lazy\" decoding=\"async\" src=\"https:\/\/bestmeditrips.com\/wp-content\/uploads\/2024\/09\/health-tourism-istanbul-1.jpg\" alt=\"Why to prefer Turkey, Istanbul, Antalya, Izmir for dental and other medical treatments?\" width=\"1024\" height=\"455\" \/><figcaption class=\"wp-caption-text\"><em>Az egyik fog\u00e1szati \u200b\u200bklinika Isztambulban<\/em><\/figcaption><\/figure>\n<h3>N\u00e9pszer\u0171 kezel\u00e9sek T\u00f6r\u00f6korsz\u00e1gban<\/h3>\n<ul>\n<li><em>Fog\u00e1szati implant\u00e1tum<\/em>: T\u00f6r\u00f6korsz\u00e1g ismert a megfizethet\u0151 \u00e9s magas min\u0151s\u00e9g\u0171 <strong>fog\u00e1szati implant\u00e1tum<\/strong> szolg\u00e1ltat\u00e1sair\u00f3l, bele\u00e9rtve az <em>all-on-4<\/em> \u00e9s <em>all-on-6<\/em> kezel\u00e9seket is.<\/li>\n<li><em>Rinoplasztika<\/em> \u00e9s <em>mellnagyobb\u00edt\u00e1s<\/em>: T\u00f6r\u00f6korsz\u00e1g sz\u00e9les k\u00f6r\u0171 <strong>eszt\u00e9tikai seb\u00e9szeti<\/strong> elj\u00e1r\u00e1sokat k\u00edn\u00e1l, amelyeket min\u0151s\u00edtett szakemberek v\u00e9geznek.<\/li>\n<li><em>Haj\u00e1t\u00fcltet\u00e9s<\/em>: A fejlett technik\u00e1kat alkalmaz\u00f3 klinik\u00e1kkal T\u00f6r\u00f6korsz\u00e1g vezet\u0151 c\u00e9lpontt\u00e1 v\u00e1lt a <strong>haj\u00e1t\u00fcltet\u00e9s<\/strong> kezel\u00e9sekben.<\/li>\n<li><strong>Ortop\u00e9diai rendelleness\u00e9gek<\/strong>: T\u00f6r\u00f6korsz\u00e1g kiv\u00e1l\u00f3 ortop\u00e9diai ell\u00e1t\u00e1st ny\u00fajt, k\u00fcl\u00f6n\u00f6s tekintettel az <em>\u00edz\u00fcletp\u00f3tl\u00e1sokra<\/em>, <em>meniscus szakad\u00e1sra<\/em> \u00e9s a minim\u00e1lisan invaz\u00edv m\u0171t\u00e9tekre.<\/li>\n<li><strong>Szem\u00e9szeti kezel\u00e9sek<\/strong>: T\u00f6r\u00f6korsz\u00e1g vezet\u0151 c\u00e9lpont a szem\u00e9szeti ell\u00e1t\u00e1sban is, olyan elj\u00e1r\u00e1sokkal, mint a <em>LASIK<\/em>, <em>sz\u00fcrkeh\u00e1lyog-m\u0171t\u00e9t<\/em> \u00e9s <em>szaruh\u00e1rtya-\u00e1t\u00fcltet\u00e9s<\/em>. A legmodernebb technol\u00f3gi\u00e1val \u00e9s tapasztalt szem\u00e9szekkel a p\u00e1ciensek magas sz\u00ednvonal\u00fa ell\u00e1t\u00e1sra sz\u00e1m\u00edthatnak versenyk\u00e9pes \u00e1ron.<\/li>\n<li><strong>R\u00e1kkezel\u00e9sek<\/strong>: T\u00f6r\u00f6korsz\u00e1g egyre ink\u00e1bb k\u00f6zpontt\u00e1 v\u00e1lik a fejlett r\u00e1kkezel\u00e9sek sz\u00e1m\u00e1ra, teljes k\u00f6r\u0171 ell\u00e1t\u00e1st ny\u00fajtva a k\u00fcl\u00f6nb\u00f6z\u0151 t\u00edpus\u00fa daganatos betegeknek. A legkorszer\u0171bb kemoter\u00e1pi\u00e1t\u00f3l \u00e9s sug\u00e1rter\u00e1pi\u00e1t\u00f3l kezdve az innovat\u00edv immunter\u00e1pi\u00e1ig \u00e9s prec\u00edzi\u00f3s onkol\u00f3gi\u00e1ig, a t\u00f6r\u00f6korsz\u00e1gi klinik\u00e1k hozz\u00e1f\u00e9r\u00e9st biztos\u00edtanak a vezet\u0151 onkol\u00f3giai szakemberekhez \u00e9s a leg\u00fajabb orvosi technol\u00f3gi\u00e1khoz. A betegek szem\u00e9lyre szabott kezel\u00e9si tervekre sz\u00e1m\u00edthatnak, jelent\u0151sen alacsonyabb k\u00f6lts\u00e9gek mellett, mint a nyugati orsz\u00e1gokban, a min\u0151s\u00e9g fel\u00e1ldoz\u00e1sa n\u00e9lk\u00fcl.<\/li>\n<\/ul>\n<h3>A legfontosabb v\u00e1rosok az eg\u00e9szs\u00e9gturizmusban T\u00f6r\u00f6korsz\u00e1gban<\/h3>\n<ul>\n<li><strong>Isztambul<\/strong>: Ismert a magas sz\u00ednvonal\u00fa <strong>fog\u00e1szati implant\u00e1tum<\/strong> \u00e9s <strong>eszt\u00e9tikai seb\u00e9szeti<\/strong> klinik\u00e1ir\u00f3l, <strong>Isztambul<\/strong> \u00e9vente t\u00f6bb ezer nemzetk\u00f6zi p\u00e1cienst vonz.<\/li>\n<li><strong>Antalya<\/strong>: Egy tengerparti v\u00e1ros, amely nem csak kiv\u00e1l\u00f3 orvosi ell\u00e1t\u00e1st k\u00edn\u00e1l, hanem nyugodt k\u00f6rnyezetet is biztos\u00edt a fel\u00e9p\u00fcl\u00e9shez, k\u00fcl\u00f6n\u00f6sen az eszt\u00e9tikai kezel\u00e9sek ut\u00e1n.<\/li>\n<li><strong>Izmir<\/strong>: Egy kulcsfontoss\u00e1g\u00fa v\u00e1ros a fog\u00e1szati ell\u00e1t\u00e1s \u00e9s az <strong>ortop\u00e9diai rendelleness\u00e9gek<\/strong> kezel\u00e9se ter\u00e9n, <strong>Izmir<\/strong> egyre n\u00f6vekv\u0151 k\u00f6zpontt\u00e1 v\u00e1lik az eg\u00e9szs\u00e9gturizmusban.<\/li>\n<\/ul>\n<h3>Szerezze meg a legjobb kezel\u00e9st a legjobb \u00e1ron<\/h3>\n<p>T\u00f6r\u00f6korsz\u00e1g v\u00e1laszt\u00e1s\u00e1val nem csak magas sz\u00ednvonal\u00fa eg\u00e9szs\u00e9g\u00fcgyi ell\u00e1t\u00e1sban r\u00e9szes\u00fclhet, hanem jelent\u0151s megtakar\u00edt\u00e1sokat is el\u00e9rhet az orvosi k\u00f6lts\u00e9gek ter\u00e9n. Sz\u00e1mos klinika all-inclusive csomagokat k\u00edn\u00e1l, amelyek fedezik a kezel\u00e9st, a sz\u00e1ll\u00e1st \u00e9s a sz\u00e1ll\u00edt\u00e1st, biztos\u00edtva a z\u00f6kken\u0151mentes \u00e9lm\u00e9nyt a nemzetk\u00f6zi p\u00e1ciensek sz\u00e1m\u00e1ra.<\/p>\n<h3>Kezdje el megtervezni az orvosi \u00fatj\u00e1t T\u00f6r\u00f6korsz\u00e1gba<\/h3>\n<p>K\u00e9szen \u00e1ll felfedezni a t\u00f6r\u00f6korsz\u00e1gi eg\u00e9szs\u00e9g\u00fcgyi ell\u00e1t\u00e1s lehet\u0151s\u00e9geit? Vegye fel vel\u00fcnk a kapcsolatot, hogy szem\u00e9lyre szabott tan\u00e1csokat \u00e9s aj\u00e1nl\u00e1sokat kapjon a legjobb klinik\u00e1kr\u00f3l \u00e9s kezel\u00e9sekr\u0151l. Seg\u00edt\u00fcnk t\u00e1j\u00e9kozott d\u00f6nt\u00e9seket hozni \u00e9s els\u0151 oszt\u00e1ly\u00fa eg\u00e9szs\u00e9g\u00fcgyi szolg\u00e1ltat\u00e1sokat biztos\u00edtani megfizethet\u0151 \u00e1ron.<\/p>\n<p><span style=\"text-decoration: underline;\"><strong>KAPCSOLAT<\/strong><\/span><\/p>\n<style id=\"wpforms-css-vars-673\">\n\t\t\t\t#wpforms-673 {\n\t\t\t\t\n\t\t\t}\n\t\t\t<\/style><div class=\"wpforms-container wpforms-container-full wpforms-render-modern\" id=\"wpforms-673\"><form id=\"wpforms-form-673\" class=\"wpforms-validate wpforms-form wpforms-ajax-form\" data-formid=\"673\" method=\"post\" enctype=\"multipart\/form-data\" action=\"\/hu\/wp-json\/wp\/v2\/pages\/1097\" data-token=\"3afdf7b15cb95e56096648baafd6df2b\" data-token-time=\"1776394085\"><noscript class=\"wpforms-error-noscript\">Please enable JavaScript in your browser to complete this form.<\/noscript><div id=\"wpforms-error-noscript\" style=\"display: none;\">Please enable JavaScript in your browser to complete this form.<\/div><div class=\"wpforms-field-container\"><div id=\"wpforms-673-field_1-container\" class=\"wpforms-field wpforms-field-name\" data-field-id=\"1\"><fieldset><legend class=\"wpforms-field-label\">N\u00e9v \u00e9s vezet\u00e9kn\u00e9v <span class=\"wpforms-required-label\" aria-hidden=\"true\">*<\/span><\/legend><div class=\"wpforms-field-row wpforms-field-medium\"><div class=\"wpforms-field-row-block wpforms-first wpforms-one-half\"><input type=\"text\" id=\"wpforms-673-field_1\" class=\"wpforms-field-name-first wpforms-field-required\" name=\"wpforms[fields][1][first]\" aria-errormessage=\"wpforms-673-field_1-error\" required><label for=\"wpforms-673-field_1\" class=\"wpforms-field-sublabel after\">First<\/label><\/div><div class=\"wpforms-field-row-block wpforms-one-half\"><input type=\"text\" id=\"wpforms-673-field_1-last\" class=\"wpforms-field-name-last wpforms-field-required\" name=\"wpforms[fields][1][last]\" aria-errormessage=\"wpforms-673-field_1-last-error\" required><label for=\"wpforms-673-field_1-last\" class=\"wpforms-field-sublabel after\">Last<\/label><\/div><\/div><\/fieldset><\/div><div id=\"wpforms-673-field_2-container\" class=\"wpforms-field wpforms-field-email\" data-field-id=\"2\"><label class=\"wpforms-field-label\" for=\"wpforms-673-field_2\">E-mail \u00e9s mobiltelefon <span class=\"wpforms-required-label\" aria-hidden=\"true\">*<\/span><\/label><input type=\"email\" id=\"wpforms-673-field_2\" class=\"wpforms-field-medium wpforms-field-required\" name=\"wpforms[fields][2]\" spellcheck=\"false\" aria-errormessage=\"wpforms-673-field_2-error\" required><\/div>\t\t<div id=\"wpforms-673-field_4-container\"\n\t\t\tclass=\"wpforms-field wpforms-field-text\"\n\t\t\tdata-field-type=\"text\"\n\t\t\tdata-field-id=\"4\"\n\t\t\t>\n\t\t\t<label class=\"wpforms-field-label\" for=\"wpforms-673-field_4\" >\u00e9s \u00d6n mobiltelefon<\/label>\n\t\t\t<input type=\"text\" id=\"wpforms-673-field_4\" class=\"wpforms-field-medium\" name=\"wpforms[fields][4]\" >\n\t\t<\/div>\n\t\t<div id=\"wpforms-673-field_3-container\" class=\"wpforms-field wpforms-field-textarea\" data-field-id=\"3\"><label class=\"wpforms-field-label\" for=\"wpforms-673-field_3\">Az \u00d6n \u00fczenete<\/label><textarea id=\"wpforms-673-field_3\" class=\"wpforms-field-medium\" name=\"wpforms[fields][3]\" aria-errormessage=\"wpforms-673-field_3-error\" ><\/textarea><\/div><script>\n\t\t\t\t( function() {\n\t\t\t\t\tconst style = document.createElement( 'style' );\n\t\t\t\t\tstyle.appendChild( document.createTextNode( '#wpforms-673-field_4-container { position: absolute !important; overflow: hidden !important; display: inline !important; height: 1px !important; width: 1px !important; z-index: -1000 !important; padding: 0 !important; } #wpforms-673-field_4-container input { visibility: hidden; } #wpforms-conversational-form-page #wpforms-673-field_4-container label { counter-increment: none; }' ) );\n\t\t\t\t\tdocument.head.appendChild( style );\n\t\t\t\t\tdocument.currentScript?.remove();\n\t\t\t\t} )();\n\t\t\t<\/script><\/div><!-- .wpforms-field-container --><div class=\"wpforms-submit-container\" ><input type=\"hidden\" name=\"wpforms[id]\" value=\"673\"><input type=\"hidden\" name=\"page_title\" value=\"\"><input type=\"hidden\" name=\"page_url\" value=\"https:\/\/bestmeditrips.com\/hu\/wp-json\/wp\/v2\/pages\/1097\"><input type=\"hidden\" name=\"url_referer\" value=\"\"><button type=\"submit\" name=\"wpforms[submit]\" id=\"wpforms-submit-673\" class=\"wpforms-submit\" data-alt-text=\"Sending...\" data-submit-text=\"K\u00fcld\u00e9s\" aria-live=\"assertive\" value=\"wpforms-submit\">K\u00fcld\u00e9s<\/button><img loading=\"lazy\" decoding=\"async\" src=\"https:\/\/bestmeditrips.com\/wp-content\/plugins\/wpforms-lite\/assets\/images\/submit-spin.svg\" class=\"wpforms-submit-spinner\" style=\"display: none;\" width=\"26\" height=\"26\" alt=\"Loading\"><\/div><\/form><\/div>  <!-- .wpforms-container -->\n","protected":false},"excerpt":{"rendered":"<p>Fedezze fel a pr\u00e9mium eg\u00e9szs\u00e9g\u00fcgyi szolg\u00e1ltat\u00e1sokat T\u00f6r\u00f6korsz\u00e1gban T\u00f6r\u00f6korsz\u00e1g vezet\u0151 c\u00e9lpontt\u00e1 v\u00e1lt az eg\u00e9szs\u00e9gturizmusban, vil\u00e1gsz\u00ednvonal\u00fa orvosi kezel\u00e9seket k\u00edn\u00e1lva megfizethet\u0151 \u00e1ron. Legyen sz\u00f3 fog\u00e1szati implant\u00e1tumokr\u00f3l, eszt\u00e9tikai seb\u00e9szetr\u0151l, ortop\u00e9diai rendelleness\u00e9gekr\u0151l, szem\u00e9szeti kezel\u00e9sekr\u0151l, haj\u00e1t\u00fcltet\u00e9sr\u0151l, r\u00e1kkezel\u00e9sekr\u0151l, vagy m\u00e1s speci\u00e1lis kezel\u00e9sekr\u0151l, T\u00f6r\u00f6korsz\u00e1g hozz\u00e1f\u00e9r\u00e9st biztos\u00edt magasan k\u00e9pzett szakemberekhez \u00e9s cs\u00facstechnol\u00f3gi\u00e1s klinik\u00e1khoz. Mi\u00e9rt v\u00e1lassza T\u00f6r\u00f6korsz\u00e1got az orvosi utaz\u00e1s\u00e1hoz? T\u00f6r\u00f6korsz\u00e1g v\u00e1laszt\u00e1sa eg\u00e9szs\u00e9g\u00fcgyi kezel\u00e9sekhez sz\u00e1mos &#8230; <a title=\"T\u00f6r\u00f6korsz\u00e1g\" class=\"read-more\" href=\"https:\/\/bestmeditrips.com\/hu\/torokorszag\/\" aria-label=\"Read more about T\u00f6r\u00f6korsz\u00e1g\">Olvass tov\u00e1bb<\/a><\/p>\n","protected":false},"author":1,"featured_media":914,"parent":0,"menu_order":0,"comment_status":"closed","ping_status":"closed","template":"","meta":{"footnotes":""},"class_list":["post-1097","page","type-page","status-publish","has-post-thumbnail"],"yoast_head":"<!-- This site is optimized with the Yoast SEO plugin v27.4 - https:\/\/yoast.com\/product\/yoast-seo-wordpress\/ -->\n<title>Orvosi Turizmus T\u00f6r\u00f6korsz\u00e1gban: Megfizethet\u0151 Kezel\u00e9sek, Pr\u00e9mium Klinik\u00e1k<\/title>\n<meta name=\"description\" content=\"Fedezze fel a vil\u00e1gsz\u00ednvonal\u00fa eg\u00e9szs\u00e9g\u00fcgyi szolg\u00e1ltat\u00e1sokat T\u00f6r\u00f6korsz\u00e1gban. Megfizethet\u0151 \u00e1rak \u00e9s szak\u00e9rt\u0151i ell\u00e1t\u00e1s Isztambul, Antalya, Izmir legjobb orvosait\u00f3l...\" \/>\n<meta name=\"robots\" content=\"index, follow, max-snippet:-1, max-image-preview:large, max-video-preview:-1\" \/>\n<link rel=\"canonical\" href=\"https:\/\/bestmeditrips.com\/hu\/torokorszag\/\" \/>\n<meta property=\"og:locale\" content=\"hu_HU\" \/>\n<meta property=\"og:type\" content=\"article\" \/>\n<meta property=\"og:title\" content=\"Orvosi Turizmus T\u00f6r\u00f6korsz\u00e1gban: Megfizethet\u0151 Kezel\u00e9sek, Pr\u00e9mium Klinik\u00e1k\" \/>\n<meta property=\"og:description\" content=\"Fedezze fel a vil\u00e1gsz\u00ednvonal\u00fa eg\u00e9szs\u00e9g\u00fcgyi szolg\u00e1ltat\u00e1sokat T\u00f6r\u00f6korsz\u00e1gban. Megfizethet\u0151 \u00e1rak \u00e9s szak\u00e9rt\u0151i ell\u00e1t\u00e1s Isztambul, Antalya, Izmir legjobb orvosait\u00f3l...\" \/>\n<meta property=\"og:url\" content=\"https:\/\/bestmeditrips.com\/hu\/torokorszag\/\" \/>\n<meta property=\"og:site_name\" content=\"Bestmeditrips.com\" \/>\n<meta property=\"article:publisher\" content=\"https:\/\/www.facebook.com\/profile.php?id=61565479139599\" \/>\n<meta property=\"og:image\" content=\"https:\/\/bestmeditrips.com\/wp-content\/uploads\/2024\/09\/turkey-e1727124656345.jpg\" \/>\n\t<meta property=\"og:image:width\" content=\"1350\" \/>\n\t<meta property=\"og:image:height\" content=\"360\" \/>\n\t<meta property=\"og:image:type\" content=\"image\/jpeg\" \/>\n<meta name=\"twitter:card\" content=\"summary_large_image\" \/>\n<meta name=\"twitter:label1\" content=\"Becs\u00fclt olvas\u00e1si id\u0151\" \/>\n\t<meta name=\"twitter:data1\" content=\"5 minutes\" \/>\n<script type=\"application\/ld+json\" class=\"yoast-schema-graph\">{\"@context\":\"https:\\\/\\\/schema.org\",\"@graph\":[{\"@type\":\"WebPage\",\"@id\":\"https:\\\/\\\/bestmeditrips.com\\\/hu\\\/torokorszag\\\/\",\"url\":\"https:\\\/\\\/bestmeditrips.com\\\/hu\\\/torokorszag\\\/\",\"name\":\"Orvosi Turizmus T\u00f6r\u00f6korsz\u00e1gban: Megfizethet\u0151 Kezel\u00e9sek, Pr\u00e9mium Klinik\u00e1k\",\"isPartOf\":{\"@id\":\"https:\\\/\\\/bestmeditrips.com\\\/hu\\\/#website\"},\"primaryImageOfPage\":{\"@id\":\"https:\\\/\\\/bestmeditrips.com\\\/hu\\\/torokorszag\\\/#primaryimage\"},\"image\":{\"@id\":\"https:\\\/\\\/bestmeditrips.com\\\/hu\\\/torokorszag\\\/#primaryimage\"},\"thumbnailUrl\":\"https:\\\/\\\/bestmeditrips.com\\\/wp-content\\\/uploads\\\/2024\\\/09\\\/turkey-e1727124656345.jpg\",\"datePublished\":\"2024-09-23T18:41:39+00:00\",\"description\":\"Fedezze fel a vil\u00e1gsz\u00ednvonal\u00fa eg\u00e9szs\u00e9g\u00fcgyi szolg\u00e1ltat\u00e1sokat T\u00f6r\u00f6korsz\u00e1gban. Megfizethet\u0151 \u00e1rak \u00e9s szak\u00e9rt\u0151i ell\u00e1t\u00e1s Isztambul, Antalya, Izmir legjobb orvosait\u00f3l...\",\"breadcrumb\":{\"@id\":\"https:\\\/\\\/bestmeditrips.com\\\/hu\\\/torokorszag\\\/#breadcrumb\"},\"inLanguage\":\"hu-HU\",\"potentialAction\":[{\"@type\":\"ReadAction\",\"target\":[\"https:\\\/\\\/bestmeditrips.com\\\/hu\\\/torokorszag\\\/\"]}]},{\"@type\":\"ImageObject\",\"inLanguage\":\"hu-HU\",\"@id\":\"https:\\\/\\\/bestmeditrips.com\\\/hu\\\/torokorszag\\\/#primaryimage\",\"url\":\"https:\\\/\\\/bestmeditrips.com\\\/wp-content\\\/uploads\\\/2024\\\/09\\\/turkey-e1727124656345.jpg\",\"contentUrl\":\"https:\\\/\\\/bestmeditrips.com\\\/wp-content\\\/uploads\\\/2024\\\/09\\\/turkey-e1727124656345.jpg\",\"width\":1350,\"height\":360,\"caption\":\"T\u00f6r\u00f6korsz\u00e1g; pr\u00e9mium eg\u00e9szs\u00e9g\u00fcgy, az orvosi \\\/ eg\u00e9szs\u00e9gturizmus f\u0151v\u00e1rosa.\"},{\"@type\":\"BreadcrumbList\",\"@id\":\"https:\\\/\\\/bestmeditrips.com\\\/hu\\\/torokorszag\\\/#breadcrumb\",\"itemListElement\":[{\"@type\":\"ListItem\",\"position\":1,\"name\":\"Home\",\"item\":\"https:\\\/\\\/bestmeditrips.com\\\/hu\\\/\"},{\"@type\":\"ListItem\",\"position\":2,\"name\":\"T\u00f6r\u00f6korsz\u00e1g\"}]},{\"@type\":\"WebSite\",\"@id\":\"https:\\\/\\\/bestmeditrips.com\\\/hu\\\/#website\",\"url\":\"https:\\\/\\\/bestmeditrips.com\\\/hu\\\/\",\"name\":\"Bestmeditrips.com\",\"description\":\"Eg\u00e9szs\u00e9g\u00fcgyi turizmus, legjobb kezel\u00e9sek, klinik\u00e1k, orvosok \u00e9s fogorvosok!\",\"publisher\":{\"@id\":\"https:\\\/\\\/bestmeditrips.com\\\/hu\\\/#organization\"},\"potentialAction\":[{\"@type\":\"SearchAction\",\"target\":{\"@type\":\"EntryPoint\",\"urlTemplate\":\"https:\\\/\\\/bestmeditrips.com\\\/hu\\\/?s={search_term_string}\"},\"query-input\":{\"@type\":\"PropertyValueSpecification\",\"valueRequired\":true,\"valueName\":\"search_term_string\"}}],\"inLanguage\":\"hu-HU\"},{\"@type\":\"Organization\",\"@id\":\"https:\\\/\\\/bestmeditrips.com\\\/hu\\\/#organization\",\"name\":\"Bestmeditrips.com\",\"url\":\"https:\\\/\\\/bestmeditrips.com\\\/hu\\\/\",\"logo\":{\"@type\":\"ImageObject\",\"inLanguage\":\"hu-HU\",\"@id\":\"https:\\\/\\\/bestmeditrips.com\\\/hu\\\/#\\\/schema\\\/logo\\\/image\\\/\",\"url\":\"https:\\\/\\\/bestmeditrips.com\\\/wp-content\\\/uploads\\\/2024\\\/09\\\/logo-2.png\",\"contentUrl\":\"https:\\\/\\\/bestmeditrips.com\\\/wp-content\\\/uploads\\\/2024\\\/09\\\/logo-2.png\",\"width\":500,\"height\":98,\"caption\":\"Bestmeditrips.com\"},\"image\":{\"@id\":\"https:\\\/\\\/bestmeditrips.com\\\/hu\\\/#\\\/schema\\\/logo\\\/image\\\/\"},\"sameAs\":[\"https:\\\/\\\/www.facebook.com\\\/profile.php?id=61565479139599\"]}]}<\/script>\n<!-- \/ Yoast SEO plugin. -->","yoast_head_json":{"title":"Orvosi Turizmus T\u00f6r\u00f6korsz\u00e1gban: Megfizethet\u0151 Kezel\u00e9sek, Pr\u00e9mium Klinik\u00e1k","description":"Fedezze fel a vil\u00e1gsz\u00ednvonal\u00fa eg\u00e9szs\u00e9g\u00fcgyi szolg\u00e1ltat\u00e1sokat T\u00f6r\u00f6korsz\u00e1gban. Megfizethet\u0151 \u00e1rak \u00e9s szak\u00e9rt\u0151i ell\u00e1t\u00e1s Isztambul, Antalya, Izmir legjobb orvosait\u00f3l...","robots":{"index":"index","follow":"follow","max-snippet":"max-snippet:-1","max-image-preview":"max-image-preview:large","max-video-preview":"max-video-preview:-1"},"canonical":"https:\/\/bestmeditrips.com\/hu\/torokorszag\/","og_locale":"hu_HU","og_type":"article","og_title":"Orvosi Turizmus T\u00f6r\u00f6korsz\u00e1gban: Megfizethet\u0151 Kezel\u00e9sek, Pr\u00e9mium Klinik\u00e1k","og_description":"Fedezze fel a vil\u00e1gsz\u00ednvonal\u00fa eg\u00e9szs\u00e9g\u00fcgyi szolg\u00e1ltat\u00e1sokat T\u00f6r\u00f6korsz\u00e1gban. Megfizethet\u0151 \u00e1rak \u00e9s szak\u00e9rt\u0151i ell\u00e1t\u00e1s Isztambul, Antalya, Izmir legjobb orvosait\u00f3l...","og_url":"https:\/\/bestmeditrips.com\/hu\/torokorszag\/","og_site_name":"Bestmeditrips.com","article_publisher":"https:\/\/www.facebook.com\/profile.php?id=61565479139599","og_image":[{"width":1350,"height":360,"url":"https:\/\/bestmeditrips.com\/wp-content\/uploads\/2024\/09\/turkey-e1727124656345.jpg","type":"image\/jpeg"}],"twitter_card":"summary_large_image","twitter_misc":{"Becs\u00fclt olvas\u00e1si id\u0151":"5 minutes"},"schema":{"@context":"https:\/\/schema.org","@graph":[{"@type":"WebPage","@id":"https:\/\/bestmeditrips.com\/hu\/torokorszag\/","url":"https:\/\/bestmeditrips.com\/hu\/torokorszag\/","name":"Orvosi Turizmus T\u00f6r\u00f6korsz\u00e1gban: Megfizethet\u0151 Kezel\u00e9sek, Pr\u00e9mium Klinik\u00e1k","isPartOf":{"@id":"https:\/\/bestmeditrips.com\/hu\/#website"},"primaryImageOfPage":{"@id":"https:\/\/bestmeditrips.com\/hu\/torokorszag\/#primaryimage"},"image":{"@id":"https:\/\/bestmeditrips.com\/hu\/torokorszag\/#primaryimage"},"thumbnailUrl":"https:\/\/bestmeditrips.com\/wp-content\/uploads\/2024\/09\/turkey-e1727124656345.jpg","datePublished":"2024-09-23T18:41:39+00:00","description":"Fedezze fel a vil\u00e1gsz\u00ednvonal\u00fa eg\u00e9szs\u00e9g\u00fcgyi szolg\u00e1ltat\u00e1sokat T\u00f6r\u00f6korsz\u00e1gban. Megfizethet\u0151 \u00e1rak \u00e9s szak\u00e9rt\u0151i ell\u00e1t\u00e1s Isztambul, Antalya, Izmir legjobb orvosait\u00f3l...","breadcrumb":{"@id":"https:\/\/bestmeditrips.com\/hu\/torokorszag\/#breadcrumb"},"inLanguage":"hu-HU","potentialAction":[{"@type":"ReadAction","target":["https:\/\/bestmeditrips.com\/hu\/torokorszag\/"]}]},{"@type":"ImageObject","inLanguage":"hu-HU","@id":"https:\/\/bestmeditrips.com\/hu\/torokorszag\/#primaryimage","url":"https:\/\/bestmeditrips.com\/wp-content\/uploads\/2024\/09\/turkey-e1727124656345.jpg","contentUrl":"https:\/\/bestmeditrips.com\/wp-content\/uploads\/2024\/09\/turkey-e1727124656345.jpg","width":1350,"height":360,"caption":"T\u00f6r\u00f6korsz\u00e1g; pr\u00e9mium eg\u00e9szs\u00e9g\u00fcgy, az orvosi \/ eg\u00e9szs\u00e9gturizmus f\u0151v\u00e1rosa."},{"@type":"BreadcrumbList","@id":"https:\/\/bestmeditrips.com\/hu\/torokorszag\/#breadcrumb","itemListElement":[{"@type":"ListItem","position":1,"name":"Home","item":"https:\/\/bestmeditrips.com\/hu\/"},{"@type":"ListItem","position":2,"name":"T\u00f6r\u00f6korsz\u00e1g"}]},{"@type":"WebSite","@id":"https:\/\/bestmeditrips.com\/hu\/#website","url":"https:\/\/bestmeditrips.com\/hu\/","name":"Bestmeditrips.com","description":"Eg\u00e9szs\u00e9g\u00fcgyi turizmus, legjobb kezel\u00e9sek, klinik\u00e1k, orvosok \u00e9s fogorvosok!","publisher":{"@id":"https:\/\/bestmeditrips.com\/hu\/#organization"},"potentialAction":[{"@type":"SearchAction","target":{"@type":"EntryPoint","urlTemplate":"https:\/\/bestmeditrips.com\/hu\/?s={search_term_string}"},"query-input":{"@type":"PropertyValueSpecification","valueRequired":true,"valueName":"search_term_string"}}],"inLanguage":"hu-HU"},{"@type":"Organization","@id":"https:\/\/bestmeditrips.com\/hu\/#organization","name":"Bestmeditrips.com","url":"https:\/\/bestmeditrips.com\/hu\/","logo":{"@type":"ImageObject","inLanguage":"hu-HU","@id":"https:\/\/bestmeditrips.com\/hu\/#\/schema\/logo\/image\/","url":"https:\/\/bestmeditrips.com\/wp-content\/uploads\/2024\/09\/logo-2.png","contentUrl":"https:\/\/bestmeditrips.com\/wp-content\/uploads\/2024\/09\/logo-2.png","width":500,"height":98,"caption":"Bestmeditrips.com"},"image":{"@id":"https:\/\/bestmeditrips.com\/hu\/#\/schema\/logo\/image\/"},"sameAs":["https:\/\/www.facebook.com\/profile.php?id=61565479139599"]}]}},"_links":{"self":[{"href":"https:\/\/bestmeditrips.com\/hu\/wp-json\/wp\/v2\/pages\/1097","targetHints":{"allow":["GET"]}}],"collection":[{"href":"https:\/\/bestmeditrips.com\/hu\/wp-json\/wp\/v2\/pages"}],"about":[{"href":"https:\/\/bestmeditrips.com\/hu\/wp-json\/wp\/v2\/types\/page"}],"author":[{"embeddable":true,"href":"https:\/\/bestmeditrips.com\/hu\/wp-json\/wp\/v2\/users\/1"}],"replies":[{"embeddable":true,"href":"https:\/\/bestmeditrips.com\/hu\/wp-json\/wp\/v2\/comments?post=1097"}],"version-history":[{"count":0,"href":"https:\/\/bestmeditrips.com\/hu\/wp-json\/wp\/v2\/pages\/1097\/revisions"}],"wp:featuredmedia":[{"embeddable":true,"href":"https:\/\/bestmeditrips.com\/hu\/wp-json\/wp\/v2\/media\/914"}],"wp:attachment":[{"href":"https:\/\/bestmeditrips.com\/hu\/wp-json\/wp\/v2\/media?parent=1097"}],"curies":[{"name":"wp","href":"https:\/\/api.w.org\/{rel}","templated":true}]}}