{"id":423,"date":"2024-09-01T20:00:15","date_gmt":"2024-09-01T17:00:15","guid":{"rendered":"https:\/\/bestmeditrips.com\/pravila-privatnosti\/"},"modified":"2024-09-04T13:47:53","modified_gmt":"2024-09-04T10:47:53","slug":"pravila-privatnosti","status":"publish","type":"page","link":"https:\/\/bestmeditrips.com\/hr\/pravila-privatnosti\/","title":{"rendered":"Pravila Privatnosti"},"content":{"rendered":"<p><strong>Pravila privatnosti<\/strong><\/p>\n<p>Hvala vam \u0161to ste posjetili <em>BestMediTrips.com<\/em>. Va\u0161a privatnost nam je va\u017ena. Ova <strong>Pravila privatnosti<\/strong> obja\u0161njavaju kako prikupljamo, koristimo, otkrivamo i \u0161titimo va\u0161e informacije kada posjetite na\u0161u web stranicu. Molimo vas da pa\u017eljivo pro\u010ditate ova pravila privatnosti. Ako se ne sla\u017eete s uvjetima ovih pravila privatnosti, molimo vas da ne pristupate stranici.<\/p>\n<p><strong>1. Informacije koje prikupljamo<\/strong><\/p>\n<p>Mo\u017eemo prikupljati osobne podatke poput va\u0161eg imena, e-mail adrese, broja telefona i drugih pojedinosti koje nam pru\u017eite kada komunicirate s na\u0161om web stranicom ili nas kontaktirate za upite.<\/p>\n<p><strong>2. Kako koristimo va\u0161e informacije<\/strong><\/p>\n<p>Mo\u017eemo koristiti informacije koje prikupljamo za:<\/p>\n<p>Pru\u017eanje, upravljanje i odr\u017eavanje na\u0161e web stranice<br \/>\nPobolj\u0161anje, personaliziranje i pro\u0161irivanje ponude na\u0161e web stranice<br \/>\nKomuniciranje s vama, bilo izravno ili putem jednog od na\u0161ih partnera, uklju\u010duju\u0107i korisni\u010dku podr\u0161ku, pru\u017eanje a\u017euriranja i drugih informacija vezanih uz web stranicu te u marketin\u0161ke i promotivne svrhe<br \/>\nZa\u0161titu, istra\u017eivanje i odvra\u0107anje od neovla\u0161tenih ili nezakonitih aktivnosti<\/p>\n<p><strong>3. Otkrivanje va\u0161ih informacija<\/strong><\/p>\n<p>Mo\u017eemo dijeliti va\u0161e informacije s tre\u0107im stranama samo na na\u010dine koji su opisani u ovim <strong>Pravilima privatnosti<\/strong>.<\/p>\n<p><strong>4. Sigurnost va\u0161ih informacija<\/strong><\/p>\n<p>Koristimo administrativne, tehni\u010dke i fizi\u010dke mjere sigurnosti kako bismo za\u0161titili va\u0161e osobne podatke. Iako smo poduzeli razumne mjere kako bismo osigurali osobne podatke koje nam pru\u017eite, imajte na umu da, unato\u010d na\u0161im naporima, nijedna sigurnosna mjera nije savr\u0161ena ili neprobojna.<\/p>\n<p><strong>5. Va\u0161e mogu\u0107nosti u vezi s va\u0161im informacijama<\/strong><\/p>\n<p>Imate pravo:<\/p>\n<p>A\u017eurirati ili ispraviti svoje osobne podatke<br \/>\nOdustati od primanja marketin\u0161kih komunikacija<br \/>\nZatra\u017eiti da izbri\u0161emo va\u0161e osobne podatke<\/p>\n<p><strong>6. Promjene ovih pravila privatnosti<\/strong><\/p>\n<p>Povremeno mo\u017eemo a\u017eurirati ova <strong>Pravila privatnosti<\/strong> kako bi odra\u017eavali, na primjer, promjene u na\u0161im praksama ili iz drugih operativnih, zakonskih ili regulatornih razloga.<\/p>\n<p><strong>7. Kontaktirajte nas<\/strong><\/p>\n<p>Ako imate pitanja ili komentara o ovim <strong>Pravilima privatnosti<\/strong>, kontaktirajte nas<\/p>\n","protected":false},"excerpt":{"rendered":"<p>Pravila privatnosti Hvala vam \u0161to ste posjetili BestMediTrips.com. Va\u0161a privatnost nam je va\u017ena. Ova Pravila privatnosti obja\u0161njavaju kako prikupljamo, koristimo, otkrivamo i \u0161titimo va\u0161e informacije kada posjetite na\u0161u web stranicu. Molimo vas da pa\u017eljivo pro\u010ditate ova pravila privatnosti. Ako se ne sla\u017eete s uvjetima ovih pravila privatnosti, molimo vas da ne pristupate stranici. 1. Informacije &#8230; <a title=\"Pravila Privatnosti\" class=\"read-more\" href=\"https:\/\/bestmeditrips.com\/hr\/pravila-privatnosti\/\" aria-label=\"Read more about Pravila Privatnosti\">Pro\u010ditaj vi\u0161e<\/a><\/p>\n","protected":false},"author":1,"featured_media":0,"parent":0,"menu_order":0,"comment_status":"closed","ping_status":"open","template":"","meta":{"footnotes":""},"class_list":["post-423","page","type-page","status-publish"],"yoast_head":"<!-- This site is optimized with the Yoast SEO plugin v27.4 - https:\/\/yoast.com\/product\/yoast-seo-wordpress\/ -->\n<title>Pravila Privatnosti - Bestmeditrips.com<\/title>\n<meta name=\"robots\" content=\"index, follow, max-snippet:-1, max-image-preview:large, max-video-preview:-1\" \/>\n<link rel=\"canonical\" href=\"https:\/\/bestmeditrips.com\/hr\/pravila-privatnosti\/\" \/>\n<meta property=\"og:locale\" content=\"hr_HR\" \/>\n<meta property=\"og:type\" content=\"article\" \/>\n<meta property=\"og:title\" content=\"Pravila Privatnosti - Bestmeditrips.com\" \/>\n<meta property=\"og:description\" content=\"Pravila privatnosti Hvala vam \u0161to ste posjetili BestMediTrips.com. Va\u0161a privatnost nam je va\u017ena. Ova Pravila privatnosti obja\u0161njavaju kako prikupljamo, koristimo, otkrivamo i \u0161titimo va\u0161e informacije kada posjetite na\u0161u web stranicu. Molimo vas da pa\u017eljivo pro\u010ditate ova pravila privatnosti. Ako se ne sla\u017eete s uvjetima ovih pravila privatnosti, molimo vas da ne pristupate stranici. 1. Informacije ... Pro\u010ditaj vi\u0161e\" \/>\n<meta property=\"og:url\" content=\"https:\/\/bestmeditrips.com\/hr\/pravila-privatnosti\/\" \/>\n<meta property=\"og:site_name\" content=\"Bestmeditrips.com\" \/>\n<meta property=\"article:publisher\" content=\"https:\/\/www.facebook.com\/profile.php?id=61565479139599\" \/>\n<meta property=\"article:modified_time\" content=\"2024-09-04T10:47:53+00:00\" \/>\n<meta property=\"og:image\" content=\"https:\/\/bestmeditrips.com\/wp-content\/uploads\/2024\/09\/health-tourism.jpg\" \/>\n\t<meta property=\"og:image:width\" content=\"1024\" \/>\n\t<meta property=\"og:image:height\" content=\"683\" \/>\n\t<meta property=\"og:image:type\" content=\"image\/jpeg\" \/>\n<meta name=\"twitter:card\" content=\"summary_large_image\" \/>\n<meta name=\"twitter:label1\" content=\"Procijenjeno vrijeme \u010ditanja\" \/>\n\t<meta name=\"twitter:data1\" content=\"2 minute\" \/>\n<script type=\"application\/ld+json\" class=\"yoast-schema-graph\">{\"@context\":\"https:\\\/\\\/schema.org\",\"@graph\":[{\"@type\":\"WebPage\",\"@id\":\"https:\\\/\\\/bestmeditrips.com\\\/hr\\\/pravila-privatnosti\\\/\",\"url\":\"https:\\\/\\\/bestmeditrips.com\\\/hr\\\/pravila-privatnosti\\\/\",\"name\":\"Pravila Privatnosti - Bestmeditrips.com\",\"isPartOf\":{\"@id\":\"https:\\\/\\\/bestmeditrips.com\\\/hr\\\/#website\"},\"datePublished\":\"2024-09-01T17:00:15+00:00\",\"dateModified\":\"2024-09-04T10:47:53+00:00\",\"breadcrumb\":{\"@id\":\"https:\\\/\\\/bestmeditrips.com\\\/hr\\\/pravila-privatnosti\\\/#breadcrumb\"},\"inLanguage\":\"hr\",\"potentialAction\":[{\"@type\":\"ReadAction\",\"target\":[\"https:\\\/\\\/bestmeditrips.com\\\/hr\\\/pravila-privatnosti\\\/\"]}]},{\"@type\":\"BreadcrumbList\",\"@id\":\"https:\\\/\\\/bestmeditrips.com\\\/hr\\\/pravila-privatnosti\\\/#breadcrumb\",\"itemListElement\":[{\"@type\":\"ListItem\",\"position\":1,\"name\":\"Home\",\"item\":\"https:\\\/\\\/bestmeditrips.com\\\/hr\\\/\"},{\"@type\":\"ListItem\",\"position\":2,\"name\":\"Pravila Privatnosti\"}]},{\"@type\":\"WebSite\",\"@id\":\"https:\\\/\\\/bestmeditrips.com\\\/hr\\\/#website\",\"url\":\"https:\\\/\\\/bestmeditrips.com\\\/hr\\\/\",\"name\":\"Bestmeditrips.com\",\"description\":\"Medicinski turizam, najbolji tretmani, klinike, lije\u010dnici i stomatolozi!\",\"publisher\":{\"@id\":\"https:\\\/\\\/bestmeditrips.com\\\/hr\\\/#organization\"},\"potentialAction\":[{\"@type\":\"SearchAction\",\"target\":{\"@type\":\"EntryPoint\",\"urlTemplate\":\"https:\\\/\\\/bestmeditrips.com\\\/hr\\\/?s={search_term_string}\"},\"query-input\":{\"@type\":\"PropertyValueSpecification\",\"valueRequired\":true,\"valueName\":\"search_term_string\"}}],\"inLanguage\":\"hr\"},{\"@type\":\"Organization\",\"@id\":\"https:\\\/\\\/bestmeditrips.com\\\/hr\\\/#organization\",\"name\":\"Bestmeditrips.com\",\"url\":\"https:\\\/\\\/bestmeditrips.com\\\/hr\\\/\",\"logo\":{\"@type\":\"ImageObject\",\"inLanguage\":\"hr\",\"@id\":\"https:\\\/\\\/bestmeditrips.com\\\/hr\\\/#\\\/schema\\\/logo\\\/image\\\/\",\"url\":\"https:\\\/\\\/bestmeditrips.com\\\/wp-content\\\/uploads\\\/2024\\\/09\\\/logo-2.png\",\"contentUrl\":\"https:\\\/\\\/bestmeditrips.com\\\/wp-content\\\/uploads\\\/2024\\\/09\\\/logo-2.png\",\"width\":500,\"height\":98,\"caption\":\"Bestmeditrips.com\"},\"image\":{\"@id\":\"https:\\\/\\\/bestmeditrips.com\\\/hr\\\/#\\\/schema\\\/logo\\\/image\\\/\"},\"sameAs\":[\"https:\\\/\\\/www.facebook.com\\\/profile.php?id=61565479139599\"]}]}<\/script>\n<!-- \/ Yoast SEO plugin. -->","yoast_head_json":{"title":"Pravila Privatnosti - Bestmeditrips.com","robots":{"index":"index","follow":"follow","max-snippet":"max-snippet:-1","max-image-preview":"max-image-preview:large","max-video-preview":"max-video-preview:-1"},"canonical":"https:\/\/bestmeditrips.com\/hr\/pravila-privatnosti\/","og_locale":"hr_HR","og_type":"article","og_title":"Pravila Privatnosti - Bestmeditrips.com","og_description":"Pravila privatnosti Hvala vam \u0161to ste posjetili BestMediTrips.com. Va\u0161a privatnost nam je va\u017ena. Ova Pravila privatnosti obja\u0161njavaju kako prikupljamo, koristimo, otkrivamo i \u0161titimo va\u0161e informacije kada posjetite na\u0161u web stranicu. Molimo vas da pa\u017eljivo pro\u010ditate ova pravila privatnosti. Ako se ne sla\u017eete s uvjetima ovih pravila privatnosti, molimo vas da ne pristupate stranici. 1. Informacije ... Pro\u010ditaj vi\u0161e","og_url":"https:\/\/bestmeditrips.com\/hr\/pravila-privatnosti\/","og_site_name":"Bestmeditrips.com","article_publisher":"https:\/\/www.facebook.com\/profile.php?id=61565479139599","article_modified_time":"2024-09-04T10:47:53+00:00","og_image":[{"width":1024,"height":683,"url":"https:\/\/bestmeditrips.com\/wp-content\/uploads\/2024\/09\/health-tourism.jpg","type":"image\/jpeg"}],"twitter_card":"summary_large_image","twitter_misc":{"Procijenjeno vrijeme \u010ditanja":"2 minute"},"schema":{"@context":"https:\/\/schema.org","@graph":[{"@type":"WebPage","@id":"https:\/\/bestmeditrips.com\/hr\/pravila-privatnosti\/","url":"https:\/\/bestmeditrips.com\/hr\/pravila-privatnosti\/","name":"Pravila Privatnosti - Bestmeditrips.com","isPartOf":{"@id":"https:\/\/bestmeditrips.com\/hr\/#website"},"datePublished":"2024-09-01T17:00:15+00:00","dateModified":"2024-09-04T10:47:53+00:00","breadcrumb":{"@id":"https:\/\/bestmeditrips.com\/hr\/pravila-privatnosti\/#breadcrumb"},"inLanguage":"hr","potentialAction":[{"@type":"ReadAction","target":["https:\/\/bestmeditrips.com\/hr\/pravila-privatnosti\/"]}]},{"@type":"BreadcrumbList","@id":"https:\/\/bestmeditrips.com\/hr\/pravila-privatnosti\/#breadcrumb","itemListElement":[{"@type":"ListItem","position":1,"name":"Home","item":"https:\/\/bestmeditrips.com\/hr\/"},{"@type":"ListItem","position":2,"name":"Pravila Privatnosti"}]},{"@type":"WebSite","@id":"https:\/\/bestmeditrips.com\/hr\/#website","url":"https:\/\/bestmeditrips.com\/hr\/","name":"Bestmeditrips.com","description":"Medicinski turizam, najbolji tretmani, klinike, lije\u010dnici i stomatolozi!","publisher":{"@id":"https:\/\/bestmeditrips.com\/hr\/#organization"},"potentialAction":[{"@type":"SearchAction","target":{"@type":"EntryPoint","urlTemplate":"https:\/\/bestmeditrips.com\/hr\/?s={search_term_string}"},"query-input":{"@type":"PropertyValueSpecification","valueRequired":true,"valueName":"search_term_string"}}],"inLanguage":"hr"},{"@type":"Organization","@id":"https:\/\/bestmeditrips.com\/hr\/#organization","name":"Bestmeditrips.com","url":"https:\/\/bestmeditrips.com\/hr\/","logo":{"@type":"ImageObject","inLanguage":"hr","@id":"https:\/\/bestmeditrips.com\/hr\/#\/schema\/logo\/image\/","url":"https:\/\/bestmeditrips.com\/wp-content\/uploads\/2024\/09\/logo-2.png","contentUrl":"https:\/\/bestmeditrips.com\/wp-content\/uploads\/2024\/09\/logo-2.png","width":500,"height":98,"caption":"Bestmeditrips.com"},"image":{"@id":"https:\/\/bestmeditrips.com\/hr\/#\/schema\/logo\/image\/"},"sameAs":["https:\/\/www.facebook.com\/profile.php?id=61565479139599"]}]}},"_links":{"self":[{"href":"https:\/\/bestmeditrips.com\/hr\/wp-json\/wp\/v2\/pages\/423","targetHints":{"allow":["GET"]}}],"collection":[{"href":"https:\/\/bestmeditrips.com\/hr\/wp-json\/wp\/v2\/pages"}],"about":[{"href":"https:\/\/bestmeditrips.com\/hr\/wp-json\/wp\/v2\/types\/page"}],"author":[{"embeddable":true,"href":"https:\/\/bestmeditrips.com\/hr\/wp-json\/wp\/v2\/users\/1"}],"replies":[{"embeddable":true,"href":"https:\/\/bestmeditrips.com\/hr\/wp-json\/wp\/v2\/comments?post=423"}],"version-history":[{"count":2,"href":"https:\/\/bestmeditrips.com\/hr\/wp-json\/wp\/v2\/pages\/423\/revisions"}],"predecessor-version":[{"id":529,"href":"https:\/\/bestmeditrips.com\/hr\/wp-json\/wp\/v2\/pages\/423\/revisions\/529"}],"wp:attachment":[{"href":"https:\/\/bestmeditrips.com\/hr\/wp-json\/wp\/v2\/media?parent=423"}],"curies":[{"name":"wp","href":"https:\/\/api.w.org\/{rel}","templated":true}]}}