{"id":296,"date":"2024-09-02T20:44:40","date_gmt":"2024-09-02T17:44:40","guid":{"rendered":"https:\/\/bestmeditrips.com\/medunarodni-zdravstveni-turizam-i-destinacije\/"},"modified":"2024-09-23T11:40:50","modified_gmt":"2024-09-23T08:40:50","slug":"medunarodni-zdravstveni-turizam-i-destinacije","status":"publish","type":"page","link":"https:\/\/bestmeditrips.com\/hr\/","title":{"rendered":"Destinacije Medicinskog Turizma"},"content":{"rendered":"<h2>Otkrijte Najbolje Iskustvo Medicinskog Turizma<\/h2>\n<p>Dobrodo\u0161li na <em><strong>BestMediTrips.com<\/strong><\/em>, va\u0161u glavnu destinaciju za izvanrednu medicinsku njegu u kombinaciji s izvanrednim putnim iskustvima. Na\u0161a vi\u0161ejezi\u010dna platforma posve\u0107ena je povezivanju s vrhunskim destinacijama za medicinski turizam \u0161irom svijeta, nude\u0107i detaljne uvide u najbolje dostupne medicinske tretmane i usluge.<\/p>\n<h3>Istra\u017eite premium destinacije medicinskog turizma<\/h3>\n<p>Na <em><strong>BestMediTrips.com<\/strong><\/em> nudimo pa\u017eljivo odabrani izbor opcija medicinskog turizma, vode\u0107i vas kroz raznoliku ponudu tretmana dostupnih u najzanimljivijim destinacijama diljem svijeta. Otkrijte \u0161to svaku lokaciju \u010dini jedinstvenom:<\/p>\n<h4><strong><span style=\"color: #ff0000;\">\u2665 <\/span><\/strong><strong>TURSKA:<\/strong> Istanbul, Antalya, Izmir i Ankara<\/h4>\n<p>Turska je poznata po svojim modernim medicinskim ustanovama i tro\u0161kovno u\u010dinkovitim tretmanima. Istra\u017eite na\u0161e najbolje gradove za razne zdravstvene usluge:<\/p>\n<ul>\n<li><strong>Stomatolo\u0161ke klinike:<\/strong> Transformirajte svoj osmijeh pomo\u0107u naprednih zahvata kao \u0161to su implantati, Hollywoodski osmijeh i inovativna rje\u0161enja kao \u0161to su &#8220;all-on-4&#8221; i &#8220;all-on-6&#8221;.<\/li>\n<li><strong>Klinike za obnovu kose:<\/strong> Postignite prirodne i trajne rezultate uz najmodernije tehnike transplantacije kose.<\/li>\n<li><strong>Estetske bolnice:<\/strong> Iskusite vrhunsku estetsku kirurgiju, od facelifta do oblikovanja tijela.<\/li>\n<li><strong>Ortopedski specijalisti:<\/strong> Iskoristite napredne tretmane za probleme zglobova i kralje\u017enice, osiguravaju\u0107i optimalan oporavak i pokretljivost.<\/li>\n<\/ul>\n<h4><strong><span style=\"color: #ff0000;\">\u2665 <\/span><\/strong><strong>MA\u0110ARSKA:<\/strong> Budimpe\u0161ta i Debrecen<\/h4>\n<p>Ma\u0111arska nudi renomiranu medicinsku njegu, posebno u dentalnim tretmanima. U Budimpe\u0161ti i Debrecenu otkrijte:<\/p>\n<ul>\n<li><strong>Stomatolo\u0161ke klinike:<\/strong> Vrhunska skrb za implantate i estetske stomatolo\u0161ke postupke po konkurentnim cijenama.<\/li>\n<li><strong>Centri za estetsku kirurgiju:<\/strong> Pobolj\u0161ajte svoj izgled uz pa\u017enju na detalje.<\/li>\n<\/ul>\n<h4><strong><span style=\"color: #ff0000;\">\u2665 <\/span><\/strong><strong>SRBIJA:<\/strong> Beograd<\/h4>\n<p>Beograd postaje centar za kvalitetnu medicinsku njegu. Ovdje mo\u017eete prona\u0107i:<\/p>\n<ul>\n<li><strong>Inovativne medicinske usluge:<\/strong> Od stomatolo\u0161kih do estetskih postupaka, do\u017eivite izvanrednu njegu prilago\u0111enu va\u0161im potrebama.<\/li>\n<li><strong>Personalizirane medicinske klinike:<\/strong> U\u017eivajte u uslugama u gradu poznatom po toplom gostoprimstvu i medicinskoj stru\u010dnosti.<\/li>\n<\/ul>\n<h4><strong><span style=\"color: #ff0000;\">\u2665 <\/span><\/strong><strong>HRVATSKA:<\/strong> Zagreb i Split<\/h4>\n<p>Hrvatska kombinira medicinsku izvrsnost s prekrasnim krajolicima. Otkrijte:<\/p>\n<ul>\n<li><strong>Stomatolo\u0161ke i estetske klinike:<\/strong> U\u017eivajte u naprednim tretmanima u slikovitom okru\u017eenju.<\/li>\n<li><strong>Bolnice za rehabilitaciju i wellness:<\/strong> Sveobuhvatne mogu\u0107nosti skrbi osmi\u0161ljene za pobolj\u0161anje va\u0161eg op\u0107eg blagostanja.<\/li>\n<\/ul>\n<h4><strong><span style=\"color: #ff0000;\">\u2665 <\/span><\/strong><strong>POLJSKA:<\/strong> Var\u0161ava i Krakov<\/h4>\n<p>Poljska pru\u017ea visokokvalitetne medicinske usluge po pristupa\u010dnim cijenama. Istra\u017eite:<\/p>\n<ul>\n<li><strong>Objekti za njegu zubi:<\/strong> Napredna rje\u0161enja za implantate i druge dentalne potrebe.<\/li>\n<li><strong>Ortopedske i estetske klinike:<\/strong> Moderne ustanove koje nude \u0161irok raspon postupaka.<\/li>\n<\/ul>\n<h4><strong><span style=\"color: #ff0000;\">\u2665 <\/span><\/strong><strong>NJEMA\u010cKA:<\/strong> Berlin i M\u00fcnchen<\/h4>\n<p>Njema\u010dka je sinonim za medicinske inovacije i kvalitetu. Pristupite:<\/p>\n<ul>\n<li><strong>Vrhunske bolnice:<\/strong> Najnovija medicinska tehnologija i specijalizirana njega.<\/li>\n<li><strong>Sveobuhvatni zdravstveni centri:<\/strong> Svjetski priznati tretmani za slo\u017eene operacije i rutinske zahvate.<\/li>\n<\/ul>\n<h4><strong><span style=\"color: #ff0000;\">\u2665 <\/span><\/strong><strong>\u010cE\u0160KA REPUBLIKA:<\/strong> Prag<\/h4>\n<p>Prag nudi spoj povijesnog \u0161arma i moderne zdravstvene za\u0161tite. Otkrijte:<\/p>\n<ul>\n<li><strong>Najbolje ocijenjene stomatolo\u0161ke klinike:<\/strong> Izvrsna rje\u0161enja u jednom od najljep\u0161ih europskih gradova.<\/li>\n<li><strong>Estetske bolnice:<\/strong> Kvalitetni estetski zahvati.<\/li>\n<\/ul>\n<h4><strong><span style=\"color: #ff0000;\">\u2665 <\/span><\/strong><strong>MEKSIKO:<\/strong> Cancun i Mexico City<\/h4>\n<p>Meksiko pru\u017ea \u017eivopisnu pozadinu za izvanrednu medicinsku njegu. U\u017eivajte u:<\/p>\n<ul>\n<li><strong>Pristupa\u010dni centri za lije\u010denje:<\/strong> Visokokvalitetni stomatolo\u0161ki i estetski zahvati.<\/li>\n<li><strong>Klinike za kulturna iskustva:<\/strong> Spojite svoj tretman s bogatim kulturnim putovanjem.<\/li>\n<\/ul>\n<h4><strong><span style=\"color: #ff0000;\">\u2665 <\/span><\/strong><strong>KOLUMBIJA:<\/strong> Medell\u00edn i Bogot\u00e1<\/h4>\n<p>Kolumbija je poznata po kvalificiranim medicinskim stru\u010dnjacima i uslugama s povoljnim cijenama. Pristupite:<\/p>\n<ul>\n<li><strong>Sveobuhvatni medicinski centri:<\/strong> Raznolikost medicinskih tretmana s naglaskom na kvalitetu i pristupa\u010dnost.<\/li>\n<li><strong>Stru\u010dne stomatolo\u0161ke klinike:<\/strong> Njega od stru\u010dnjaka u zemlji poznatoj po napretku u zdravstvenoj skrbi.<\/li>\n<\/ul>\n<h4><strong><span style=\"color: #ff0000;\">\u2665 <\/span><\/strong><strong>TAJLAND:<\/strong> Bangkok i Phuket<\/h4>\n<p>Tajland nudi savr\u0161enu kombinaciju medicinske njege i putni\u010dkih iskustava. Otkrijte:<\/p>\n<ul>\n<li><strong>Svjetske bolnice:<\/strong> Najbolje medicinske usluge za njegu zubi i wellness programe.<\/li>\n<li><strong>Klinike na prekrasnim destinacijama:<\/strong> Do\u017eivite izvanrednu medicinsku njegu dok istra\u017eujete Tajland.<\/li>\n<\/ul>\n<h4><strong><span style=\"color: #ff0000;\">\u2665 <\/span><\/strong><strong>INDIJA:<\/strong> Delhi i Mumbai<\/h4>\n<p>Indijske medicinske ustanove su napredne i pristupa\u010dne. Istra\u017eite:<\/p>\n<ul>\n<li><strong>Raznovrsne medicinske klinike:<\/strong> Visoki standardi u raznim medicinskim opcijama.<\/li>\n<li><strong>Bolnice sa stru\u010dnim specijalistima:<\/strong> Njega stru\u010dnjaka u Delhiju i Mumbaiju.<\/li>\n<\/ul>\n<h4><strong><span style=\"color: #ff0000;\">\u2665 <\/span><\/strong><strong>VIJETNAM:<\/strong> Ho \u0160i Min i Hanoj<\/h4>\n<p>Vijetnam postaje popularna destinacija za medicinski turizam. Ovdje mo\u017eete iskoristiti:<\/p>\n<ul>\n<li><strong>U\u010dinkoviti medicinski centri:<\/strong> Pristupa\u010dna i visokokvalitetna skrb.<\/li>\n<li><strong>Sveobuhvatne klinike za lije\u010denje:<\/strong> Od dentalne skrbi do ortopedskih zahvata.<\/li>\n<\/ul>\n<h4>Za\u0161to odabrati zdravstveni i medicinski turizam?<\/h4>\n<p>Zdravstveni i medicinski turizam omogu\u0107ava vam da kombinirate vrhunsku medicinsku njegu s uzbudljivim prilikama za putovanja. Na <em>BestMediTrips.com<\/em> posve\u0107eni smo pomo\u0107i vam prona\u0107i savr\u0161enu destinaciju i tretman koji odgovaraju va\u0161im potrebama i preferencijama. Istra\u017eite na\u0161u platformu i zapo\u010dnite svoje putovanje prema izvanrednoj medicinskoj njezi i nezaboravnim iskustvima.<\/p>\n","protected":false},"excerpt":{"rendered":"<p>Otkrijte Najbolje Iskustvo Medicinskog Turizma Dobrodo\u0161li na BestMediTrips.com, va\u0161u glavnu destinaciju za izvanrednu medicinsku njegu u kombinaciji s izvanrednim putnim iskustvima. Na\u0161a vi\u0161ejezi\u010dna platforma posve\u0107ena je povezivanju s vrhunskim destinacijama za medicinski turizam \u0161irom svijeta, nude\u0107i detaljne uvide u najbolje dostupne medicinske tretmane i usluge. Istra\u017eite premium destinacije medicinskog turizma Na BestMediTrips.com nudimo pa\u017eljivo odabrani &#8230; <a title=\"Destinacije Medicinskog Turizma\" class=\"read-more\" href=\"https:\/\/bestmeditrips.com\/hr\/\" aria-label=\"Read more about Destinacije Medicinskog Turizma\">Pro\u010ditaj vi\u0161e<\/a><\/p>\n","protected":false},"author":1,"featured_media":329,"parent":0,"menu_order":0,"comment_status":"closed","ping_status":"closed","template":"","meta":{"footnotes":""},"class_list":["post-296","page","type-page","status-publish","has-post-thumbnail"],"yoast_head":"<!-- This site is optimized with the Yoast SEO plugin v27.4 - https:\/\/yoast.com\/product\/yoast-seo-wordpress\/ -->\n<title>Stru\u010dnjaci za medicinski turizam | Premium tretmani i destinacije<\/title>\n<meta name=\"description\" content=\"Istra\u017eite vrhunske usluge zdravstvenog turizma s najboljim klinikama, lije\u010dnicima i stomatolozima, uz stru\u010dne savjete za najbolje medicinske putovanja.\" \/>\n<meta name=\"robots\" content=\"index, follow, max-snippet:-1, max-image-preview:large, max-video-preview:-1\" \/>\n<link rel=\"canonical\" href=\"https:\/\/bestmeditrips.com\/hr\/\" \/>\n<meta property=\"og:locale\" content=\"hr_HR\" \/>\n<meta property=\"og:type\" content=\"article\" \/>\n<meta property=\"og:title\" content=\"Stru\u010dnjaci za medicinski turizam | Premium tretmani i destinacije\" \/>\n<meta property=\"og:description\" content=\"Istra\u017eite vrhunske usluge zdravstvenog turizma s najboljim klinikama, lije\u010dnicima i stomatolozima, uz stru\u010dne savjete za najbolje medicinske putovanja.\" \/>\n<meta property=\"og:url\" content=\"https:\/\/bestmeditrips.com\/hr\/\" \/>\n<meta property=\"og:site_name\" content=\"Bestmeditrips.com\" \/>\n<meta property=\"article:publisher\" content=\"https:\/\/www.facebook.com\/profile.php?id=61565479139599\" \/>\n<meta property=\"article:modified_time\" content=\"2024-09-23T08:40:50+00:00\" \/>\n<meta property=\"og:image\" content=\"https:\/\/bestmeditrips.com\/wp-content\/uploads\/2024\/09\/health-tourism.jpg\" \/>\n\t<meta property=\"og:image:width\" content=\"1024\" \/>\n\t<meta property=\"og:image:height\" content=\"683\" \/>\n\t<meta property=\"og:image:type\" content=\"image\/jpeg\" \/>\n<meta name=\"twitter:card\" content=\"summary_large_image\" \/>\n<meta name=\"twitter:label1\" content=\"Procijenjeno vrijeme \u010ditanja\" \/>\n\t<meta name=\"twitter:data1\" content=\"4 minute\" \/>\n<script type=\"application\/ld+json\" class=\"yoast-schema-graph\">{\"@context\":\"https:\\\/\\\/schema.org\",\"@graph\":[{\"@type\":\"WebPage\",\"@id\":\"https:\\\/\\\/bestmeditrips.com\\\/hr\\\/\",\"url\":\"https:\\\/\\\/bestmeditrips.com\\\/hr\\\/\",\"name\":\"Stru\u010dnjaci za medicinski turizam | Premium tretmani i destinacije\",\"isPartOf\":{\"@id\":\"https:\\\/\\\/bestmeditrips.com\\\/hr\\\/#website\"},\"primaryImageOfPage\":{\"@id\":\"https:\\\/\\\/bestmeditrips.com\\\/hr\\\/#primaryimage\"},\"image\":{\"@id\":\"https:\\\/\\\/bestmeditrips.com\\\/hr\\\/#primaryimage\"},\"thumbnailUrl\":\"https:\\\/\\\/bestmeditrips.com\\\/wp-content\\\/uploads\\\/2024\\\/09\\\/health-tourism.jpg\",\"datePublished\":\"2024-09-02T17:44:40+00:00\",\"dateModified\":\"2024-09-23T08:40:50+00:00\",\"description\":\"Istra\u017eite vrhunske usluge zdravstvenog turizma s najboljim klinikama, lije\u010dnicima i stomatolozima, uz stru\u010dne savjete za najbolje medicinske putovanja.\",\"breadcrumb\":{\"@id\":\"https:\\\/\\\/bestmeditrips.com\\\/hr\\\/#breadcrumb\"},\"inLanguage\":\"hr\",\"potentialAction\":[{\"@type\":\"ReadAction\",\"target\":[\"https:\\\/\\\/bestmeditrips.com\\\/hr\\\/\"]}]},{\"@type\":\"ImageObject\",\"inLanguage\":\"hr\",\"@id\":\"https:\\\/\\\/bestmeditrips.com\\\/hr\\\/#primaryimage\",\"url\":\"https:\\\/\\\/bestmeditrips.com\\\/wp-content\\\/uploads\\\/2024\\\/09\\\/health-tourism.jpg\",\"contentUrl\":\"https:\\\/\\\/bestmeditrips.com\\\/wp-content\\\/uploads\\\/2024\\\/09\\\/health-tourism.jpg\",\"width\":1024,\"height\":683,\"caption\":\"Medical tourism and best destinations in the world for dental, hair transplant, orthopedic and aesthetic treatments\"},{\"@type\":\"BreadcrumbList\",\"@id\":\"https:\\\/\\\/bestmeditrips.com\\\/hr\\\/#breadcrumb\",\"itemListElement\":[{\"@type\":\"ListItem\",\"position\":1,\"name\":\"Home\",\"item\":\"https:\\\/\\\/bestmeditrips.com\\\/hr\\\/\"},{\"@type\":\"ListItem\",\"position\":2,\"name\":\"Destinacije Medicinskog Turizma\"}]},{\"@type\":\"WebSite\",\"@id\":\"https:\\\/\\\/bestmeditrips.com\\\/hr\\\/#website\",\"url\":\"https:\\\/\\\/bestmeditrips.com\\\/hr\\\/\",\"name\":\"Bestmeditrips.com\",\"description\":\"Medicinski turizam, najbolji tretmani, klinike, lije\u010dnici i stomatolozi!\",\"publisher\":{\"@id\":\"https:\\\/\\\/bestmeditrips.com\\\/hr\\\/#organization\"},\"potentialAction\":[{\"@type\":\"SearchAction\",\"target\":{\"@type\":\"EntryPoint\",\"urlTemplate\":\"https:\\\/\\\/bestmeditrips.com\\\/hr\\\/?s={search_term_string}\"},\"query-input\":{\"@type\":\"PropertyValueSpecification\",\"valueRequired\":true,\"valueName\":\"search_term_string\"}}],\"inLanguage\":\"hr\"},{\"@type\":\"Organization\",\"@id\":\"https:\\\/\\\/bestmeditrips.com\\\/hr\\\/#organization\",\"name\":\"Bestmeditrips.com\",\"url\":\"https:\\\/\\\/bestmeditrips.com\\\/hr\\\/\",\"logo\":{\"@type\":\"ImageObject\",\"inLanguage\":\"hr\",\"@id\":\"https:\\\/\\\/bestmeditrips.com\\\/hr\\\/#\\\/schema\\\/logo\\\/image\\\/\",\"url\":\"https:\\\/\\\/bestmeditrips.com\\\/wp-content\\\/uploads\\\/2024\\\/09\\\/logo-2.png\",\"contentUrl\":\"https:\\\/\\\/bestmeditrips.com\\\/wp-content\\\/uploads\\\/2024\\\/09\\\/logo-2.png\",\"width\":500,\"height\":98,\"caption\":\"Bestmeditrips.com\"},\"image\":{\"@id\":\"https:\\\/\\\/bestmeditrips.com\\\/hr\\\/#\\\/schema\\\/logo\\\/image\\\/\"},\"sameAs\":[\"https:\\\/\\\/www.facebook.com\\\/profile.php?id=61565479139599\"]}]}<\/script>\n<!-- \/ Yoast SEO plugin. -->","yoast_head_json":{"title":"Stru\u010dnjaci za medicinski turizam | Premium tretmani i destinacije","description":"Istra\u017eite vrhunske usluge zdravstvenog turizma s najboljim klinikama, lije\u010dnicima i stomatolozima, uz stru\u010dne savjete za najbolje medicinske putovanja.","robots":{"index":"index","follow":"follow","max-snippet":"max-snippet:-1","max-image-preview":"max-image-preview:large","max-video-preview":"max-video-preview:-1"},"canonical":"https:\/\/bestmeditrips.com\/hr\/","og_locale":"hr_HR","og_type":"article","og_title":"Stru\u010dnjaci za medicinski turizam | Premium tretmani i destinacije","og_description":"Istra\u017eite vrhunske usluge zdravstvenog turizma s najboljim klinikama, lije\u010dnicima i stomatolozima, uz stru\u010dne savjete za najbolje medicinske putovanja.","og_url":"https:\/\/bestmeditrips.com\/hr\/","og_site_name":"Bestmeditrips.com","article_publisher":"https:\/\/www.facebook.com\/profile.php?id=61565479139599","article_modified_time":"2024-09-23T08:40:50+00:00","og_image":[{"width":1024,"height":683,"url":"https:\/\/bestmeditrips.com\/wp-content\/uploads\/2024\/09\/health-tourism.jpg","type":"image\/jpeg"}],"twitter_card":"summary_large_image","twitter_misc":{"Procijenjeno vrijeme \u010ditanja":"4 minute"},"schema":{"@context":"https:\/\/schema.org","@graph":[{"@type":"WebPage","@id":"https:\/\/bestmeditrips.com\/hr\/","url":"https:\/\/bestmeditrips.com\/hr\/","name":"Stru\u010dnjaci za medicinski turizam | Premium tretmani i destinacije","isPartOf":{"@id":"https:\/\/bestmeditrips.com\/hr\/#website"},"primaryImageOfPage":{"@id":"https:\/\/bestmeditrips.com\/hr\/#primaryimage"},"image":{"@id":"https:\/\/bestmeditrips.com\/hr\/#primaryimage"},"thumbnailUrl":"https:\/\/bestmeditrips.com\/wp-content\/uploads\/2024\/09\/health-tourism.jpg","datePublished":"2024-09-02T17:44:40+00:00","dateModified":"2024-09-23T08:40:50+00:00","description":"Istra\u017eite vrhunske usluge zdravstvenog turizma s najboljim klinikama, lije\u010dnicima i stomatolozima, uz stru\u010dne savjete za najbolje medicinske putovanja.","breadcrumb":{"@id":"https:\/\/bestmeditrips.com\/hr\/#breadcrumb"},"inLanguage":"hr","potentialAction":[{"@type":"ReadAction","target":["https:\/\/bestmeditrips.com\/hr\/"]}]},{"@type":"ImageObject","inLanguage":"hr","@id":"https:\/\/bestmeditrips.com\/hr\/#primaryimage","url":"https:\/\/bestmeditrips.com\/wp-content\/uploads\/2024\/09\/health-tourism.jpg","contentUrl":"https:\/\/bestmeditrips.com\/wp-content\/uploads\/2024\/09\/health-tourism.jpg","width":1024,"height":683,"caption":"Medical tourism and best destinations in the world for dental, hair transplant, orthopedic and aesthetic treatments"},{"@type":"BreadcrumbList","@id":"https:\/\/bestmeditrips.com\/hr\/#breadcrumb","itemListElement":[{"@type":"ListItem","position":1,"name":"Home","item":"https:\/\/bestmeditrips.com\/hr\/"},{"@type":"ListItem","position":2,"name":"Destinacije Medicinskog Turizma"}]},{"@type":"WebSite","@id":"https:\/\/bestmeditrips.com\/hr\/#website","url":"https:\/\/bestmeditrips.com\/hr\/","name":"Bestmeditrips.com","description":"Medicinski turizam, najbolji tretmani, klinike, lije\u010dnici i stomatolozi!","publisher":{"@id":"https:\/\/bestmeditrips.com\/hr\/#organization"},"potentialAction":[{"@type":"SearchAction","target":{"@type":"EntryPoint","urlTemplate":"https:\/\/bestmeditrips.com\/hr\/?s={search_term_string}"},"query-input":{"@type":"PropertyValueSpecification","valueRequired":true,"valueName":"search_term_string"}}],"inLanguage":"hr"},{"@type":"Organization","@id":"https:\/\/bestmeditrips.com\/hr\/#organization","name":"Bestmeditrips.com","url":"https:\/\/bestmeditrips.com\/hr\/","logo":{"@type":"ImageObject","inLanguage":"hr","@id":"https:\/\/bestmeditrips.com\/hr\/#\/schema\/logo\/image\/","url":"https:\/\/bestmeditrips.com\/wp-content\/uploads\/2024\/09\/logo-2.png","contentUrl":"https:\/\/bestmeditrips.com\/wp-content\/uploads\/2024\/09\/logo-2.png","width":500,"height":98,"caption":"Bestmeditrips.com"},"image":{"@id":"https:\/\/bestmeditrips.com\/hr\/#\/schema\/logo\/image\/"},"sameAs":["https:\/\/www.facebook.com\/profile.php?id=61565479139599"]}]}},"_links":{"self":[{"href":"https:\/\/bestmeditrips.com\/hr\/wp-json\/wp\/v2\/pages\/296","targetHints":{"allow":["GET"]}}],"collection":[{"href":"https:\/\/bestmeditrips.com\/hr\/wp-json\/wp\/v2\/pages"}],"about":[{"href":"https:\/\/bestmeditrips.com\/hr\/wp-json\/wp\/v2\/types\/page"}],"author":[{"embeddable":true,"href":"https:\/\/bestmeditrips.com\/hr\/wp-json\/wp\/v2\/users\/1"}],"replies":[{"embeddable":true,"href":"https:\/\/bestmeditrips.com\/hr\/wp-json\/wp\/v2\/comments?post=296"}],"version-history":[{"count":4,"href":"https:\/\/bestmeditrips.com\/hr\/wp-json\/wp\/v2\/pages\/296\/revisions"}],"predecessor-version":[{"id":812,"href":"https:\/\/bestmeditrips.com\/hr\/wp-json\/wp\/v2\/pages\/296\/revisions\/812"}],"wp:featuredmedia":[{"embeddable":true,"href":"https:\/\/bestmeditrips.com\/hr\/wp-json\/wp\/v2\/media\/329"}],"wp:attachment":[{"href":"https:\/\/bestmeditrips.com\/hr\/wp-json\/wp\/v2\/media?parent=296"}],"curies":[{"name":"wp","href":"https:\/\/api.w.org\/{rel}","templated":true}]}}