{"id":600,"date":"2024-09-02T20:02:05","date_gmt":"2024-09-02T17:02:05","guid":{"rendered":"https:\/\/bestmeditrips.com\/articles\/"},"modified":"2024-09-02T20:02:05","modified_gmt":"2024-09-02T17:02:05","slug":"articles","status":"publish","type":"page","link":"https:\/\/bestmeditrips.com\/fr\/articles\/","title":{"rendered":"Articles"},"content":{"rendered":"<h2>Blog de Tourisme M\u00e9dical | Derniers Articles et Id\u00e9es<\/h2>\n<p>D\u00e9couvrez les derni\u00e8res tendances, les conseils d&rsquo;experts et les articles instructifs sur le tourisme de sant\u00e9. Notre blog couvre tout, des meilleures options de traitement et conseils de voyage aux guides des destinations et histoires de patients. Restez inform\u00e9 avec un contenu pr\u00e9cieux con\u00e7u pour am\u00e9liorer votre parcours de tourisme de sant\u00e9.<\/p>\n","protected":false},"excerpt":{"rendered":"<p>Blog de Tourisme M\u00e9dical | Derniers Articles et Id\u00e9es D\u00e9couvrez les derni\u00e8res tendances, les conseils d&rsquo;experts et les articles instructifs sur le tourisme de sant\u00e9. Notre blog couvre tout, des meilleures options de traitement et conseils de voyage aux guides des destinations et histoires de patients. Restez inform\u00e9 avec un contenu pr\u00e9cieux con\u00e7u pour am\u00e9liorer &#8230; <a title=\"Articles\" class=\"read-more\" href=\"https:\/\/bestmeditrips.com\/fr\/articles\/\" aria-label=\"En savoir plus sur Articles\">Lire plus<\/a><\/p>\n","protected":false},"author":1,"featured_media":0,"parent":0,"menu_order":0,"comment_status":"closed","ping_status":"closed","template":"","meta":{"footnotes":""},"class_list":["post-600","page","type-page","status-publish"],"yoast_head":"<!-- This site is optimized with the Yoast SEO plugin v27.6 - https:\/\/yoast.com\/product\/yoast-seo-wordpress\/ -->\n<title>Blog de Tourisme M\u00e9dical | Articles et Id\u00e9es | bestmeditrips.com<\/title>\n<meta name=\"description\" content=\"Explorez des informations sur le tourisme de sant\u00e9, les derniers articles, id\u00e9es et mises \u00e0 jour sur les traitements, destinations et tendances.\" \/>\n<meta name=\"robots\" content=\"index, follow, max-snippet:-1, max-image-preview:large, max-video-preview:-1\" \/>\n<link rel=\"canonical\" href=\"https:\/\/bestmeditrips.com\/fr\/articles\/\" \/>\n<meta property=\"og:locale\" content=\"fr_FR\" \/>\n<meta property=\"og:type\" content=\"article\" \/>\n<meta property=\"og:title\" content=\"Blog de Tourisme M\u00e9dical | Articles et Id\u00e9es | bestmeditrips.com\" \/>\n<meta property=\"og:description\" content=\"Explorez des informations sur le tourisme de sant\u00e9, les derniers articles, id\u00e9es et mises \u00e0 jour sur les traitements, destinations et tendances.\" \/>\n<meta property=\"og:url\" content=\"https:\/\/bestmeditrips.com\/fr\/articles\/\" \/>\n<meta property=\"og:site_name\" content=\"Bestmeditrips.com\" \/>\n<meta property=\"article:publisher\" content=\"https:\/\/www.facebook.com\/profile.php?id=61565479139599\" \/>\n<meta property=\"og:image\" content=\"https:\/\/bestmeditrips.com\/wp-content\/uploads\/2024\/09\/health-tourism.jpg\" \/>\n\t<meta property=\"og:image:width\" content=\"1024\" \/>\n\t<meta property=\"og:image:height\" content=\"683\" \/>\n\t<meta property=\"og:image:type\" content=\"image\/jpeg\" \/>\n<meta name=\"twitter:card\" content=\"summary_large_image\" \/>\n<script type=\"application\/ld+json\" class=\"yoast-schema-graph\">{\"@context\":\"https:\\\/\\\/schema.org\",\"@graph\":[{\"@type\":\"WebPage\",\"@id\":\"https:\\\/\\\/bestmeditrips.com\\\/fr\\\/articles\\\/\",\"url\":\"https:\\\/\\\/bestmeditrips.com\\\/fr\\\/articles\\\/\",\"name\":\"Blog de Tourisme M\u00e9dical | Articles et Id\u00e9es | bestmeditrips.com\",\"isPartOf\":{\"@id\":\"https:\\\/\\\/bestmeditrips.com\\\/fr\\\/#website\"},\"datePublished\":\"2024-09-02T17:02:05+00:00\",\"description\":\"Explorez des informations sur le tourisme de sant\u00e9, les derniers articles, id\u00e9es et mises \u00e0 jour sur les traitements, destinations et tendances.\",\"breadcrumb\":{\"@id\":\"https:\\\/\\\/bestmeditrips.com\\\/fr\\\/articles\\\/#breadcrumb\"},\"inLanguage\":\"fr-FR\",\"potentialAction\":[{\"@type\":\"ReadAction\",\"target\":[\"https:\\\/\\\/bestmeditrips.com\\\/fr\\\/articles\\\/\"]}]},{\"@type\":\"BreadcrumbList\",\"@id\":\"https:\\\/\\\/bestmeditrips.com\\\/fr\\\/articles\\\/#breadcrumb\",\"itemListElement\":[{\"@type\":\"ListItem\",\"position\":1,\"name\":\"Home\",\"item\":\"https:\\\/\\\/bestmeditrips.com\\\/fr\\\/\"},{\"@type\":\"ListItem\",\"position\":2,\"name\":\"Articles\"}]},{\"@type\":\"WebSite\",\"@id\":\"https:\\\/\\\/bestmeditrips.com\\\/fr\\\/#website\",\"url\":\"https:\\\/\\\/bestmeditrips.com\\\/fr\\\/\",\"name\":\"Bestmeditrips.com\",\"description\":\"Tourisme m\u00e9dical, meilleurs traitements, cliniques, m\u00e9decins et dentistes!\",\"publisher\":{\"@id\":\"https:\\\/\\\/bestmeditrips.com\\\/fr\\\/#organization\"},\"potentialAction\":[{\"@type\":\"SearchAction\",\"target\":{\"@type\":\"EntryPoint\",\"urlTemplate\":\"https:\\\/\\\/bestmeditrips.com\\\/fr\\\/?s={search_term_string}\"},\"query-input\":{\"@type\":\"PropertyValueSpecification\",\"valueRequired\":true,\"valueName\":\"search_term_string\"}}],\"inLanguage\":\"fr-FR\"},{\"@type\":\"Organization\",\"@id\":\"https:\\\/\\\/bestmeditrips.com\\\/fr\\\/#organization\",\"name\":\"Bestmeditrips.com\",\"url\":\"https:\\\/\\\/bestmeditrips.com\\\/fr\\\/\",\"logo\":{\"@type\":\"ImageObject\",\"inLanguage\":\"fr-FR\",\"@id\":\"https:\\\/\\\/bestmeditrips.com\\\/fr\\\/#\\\/schema\\\/logo\\\/image\\\/\",\"url\":\"https:\\\/\\\/bestmeditrips.com\\\/wp-content\\\/uploads\\\/2024\\\/09\\\/logo-2.png\",\"contentUrl\":\"https:\\\/\\\/bestmeditrips.com\\\/wp-content\\\/uploads\\\/2024\\\/09\\\/logo-2.png\",\"width\":500,\"height\":98,\"caption\":\"Bestmeditrips.com\"},\"image\":{\"@id\":\"https:\\\/\\\/bestmeditrips.com\\\/fr\\\/#\\\/schema\\\/logo\\\/image\\\/\"},\"sameAs\":[\"https:\\\/\\\/www.facebook.com\\\/profile.php?id=61565479139599\"]}]}<\/script>\n<!-- \/ Yoast SEO plugin. -->","yoast_head_json":{"title":"Blog de Tourisme M\u00e9dical | Articles et Id\u00e9es | bestmeditrips.com","description":"Explorez des informations sur le tourisme de sant\u00e9, les derniers articles, id\u00e9es et mises \u00e0 jour sur les traitements, destinations et tendances.","robots":{"index":"index","follow":"follow","max-snippet":"max-snippet:-1","max-image-preview":"max-image-preview:large","max-video-preview":"max-video-preview:-1"},"canonical":"https:\/\/bestmeditrips.com\/fr\/articles\/","og_locale":"fr_FR","og_type":"article","og_title":"Blog de Tourisme M\u00e9dical | Articles et Id\u00e9es | bestmeditrips.com","og_description":"Explorez des informations sur le tourisme de sant\u00e9, les derniers articles, id\u00e9es et mises \u00e0 jour sur les traitements, destinations et tendances.","og_url":"https:\/\/bestmeditrips.com\/fr\/articles\/","og_site_name":"Bestmeditrips.com","article_publisher":"https:\/\/www.facebook.com\/profile.php?id=61565479139599","og_image":[{"width":1024,"height":683,"url":"https:\/\/bestmeditrips.com\/wp-content\/uploads\/2024\/09\/health-tourism.jpg","type":"image\/jpeg"}],"twitter_card":"summary_large_image","schema":{"@context":"https:\/\/schema.org","@graph":[{"@type":"WebPage","@id":"https:\/\/bestmeditrips.com\/fr\/articles\/","url":"https:\/\/bestmeditrips.com\/fr\/articles\/","name":"Blog de Tourisme M\u00e9dical | Articles et Id\u00e9es | bestmeditrips.com","isPartOf":{"@id":"https:\/\/bestmeditrips.com\/fr\/#website"},"datePublished":"2024-09-02T17:02:05+00:00","description":"Explorez des informations sur le tourisme de sant\u00e9, les derniers articles, id\u00e9es et mises \u00e0 jour sur les traitements, destinations et tendances.","breadcrumb":{"@id":"https:\/\/bestmeditrips.com\/fr\/articles\/#breadcrumb"},"inLanguage":"fr-FR","potentialAction":[{"@type":"ReadAction","target":["https:\/\/bestmeditrips.com\/fr\/articles\/"]}]},{"@type":"BreadcrumbList","@id":"https:\/\/bestmeditrips.com\/fr\/articles\/#breadcrumb","itemListElement":[{"@type":"ListItem","position":1,"name":"Home","item":"https:\/\/bestmeditrips.com\/fr\/"},{"@type":"ListItem","position":2,"name":"Articles"}]},{"@type":"WebSite","@id":"https:\/\/bestmeditrips.com\/fr\/#website","url":"https:\/\/bestmeditrips.com\/fr\/","name":"Bestmeditrips.com","description":"Tourisme m\u00e9dical, meilleurs traitements, cliniques, m\u00e9decins et dentistes!","publisher":{"@id":"https:\/\/bestmeditrips.com\/fr\/#organization"},"potentialAction":[{"@type":"SearchAction","target":{"@type":"EntryPoint","urlTemplate":"https:\/\/bestmeditrips.com\/fr\/?s={search_term_string}"},"query-input":{"@type":"PropertyValueSpecification","valueRequired":true,"valueName":"search_term_string"}}],"inLanguage":"fr-FR"},{"@type":"Organization","@id":"https:\/\/bestmeditrips.com\/fr\/#organization","name":"Bestmeditrips.com","url":"https:\/\/bestmeditrips.com\/fr\/","logo":{"@type":"ImageObject","inLanguage":"fr-FR","@id":"https:\/\/bestmeditrips.com\/fr\/#\/schema\/logo\/image\/","url":"https:\/\/bestmeditrips.com\/wp-content\/uploads\/2024\/09\/logo-2.png","contentUrl":"https:\/\/bestmeditrips.com\/wp-content\/uploads\/2024\/09\/logo-2.png","width":500,"height":98,"caption":"Bestmeditrips.com"},"image":{"@id":"https:\/\/bestmeditrips.com\/fr\/#\/schema\/logo\/image\/"},"sameAs":["https:\/\/www.facebook.com\/profile.php?id=61565479139599"]}]}},"_links":{"self":[{"href":"https:\/\/bestmeditrips.com\/fr\/wp-json\/wp\/v2\/pages\/600","targetHints":{"allow":["GET"]}}],"collection":[{"href":"https:\/\/bestmeditrips.com\/fr\/wp-json\/wp\/v2\/pages"}],"about":[{"href":"https:\/\/bestmeditrips.com\/fr\/wp-json\/wp\/v2\/types\/page"}],"author":[{"embeddable":true,"href":"https:\/\/bestmeditrips.com\/fr\/wp-json\/wp\/v2\/users\/1"}],"replies":[{"embeddable":true,"href":"https:\/\/bestmeditrips.com\/fr\/wp-json\/wp\/v2\/comments?post=600"}],"version-history":[{"count":0,"href":"https:\/\/bestmeditrips.com\/fr\/wp-json\/wp\/v2\/pages\/600\/revisions"}],"wp:attachment":[{"href":"https:\/\/bestmeditrips.com\/fr\/wp-json\/wp\/v2\/media?parent=600"}],"curies":[{"name":"wp","href":"https:\/\/api.w.org\/{rel}","templated":true}]}}