{"id":424,"date":"2024-09-01T20:00:15","date_gmt":"2024-09-01T17:00:15","guid":{"rendered":"https:\/\/bestmeditrips.com\/politique-de-confidentialite\/"},"modified":"2024-09-05T01:00:28","modified_gmt":"2024-09-04T22:00:28","slug":"politique-de-confidentialite","status":"publish","type":"page","link":"https:\/\/bestmeditrips.com\/fr\/politique-de-confidentialite\/","title":{"rendered":"Politique de Confidentialit\u00e9"},"content":{"rendered":"<p><strong>Politique de Confidentialit\u00e9<\/strong><\/p>\n<p>Merci de visiter <em>BestMediTrips.com<\/em>. Votre vie priv\u00e9e est importante pour nous. Cette <strong>Politique de Confidentialit\u00e9<\/strong> explique comment nous collectons, utilisons, divulguons et prot\u00e9geons vos informations lorsque vous visitez notre site web. Veuillez lire attentivement cette politique de confidentialit\u00e9. Si vous n&rsquo;\u00eates pas d&rsquo;accord avec les termes de cette politique de confidentialit\u00e9, veuillez ne pas acc\u00e9der au site.<\/p>\n<p><strong>1. Informations que Nous Collectons<\/strong><\/p>\n<p>Nous pouvons collecter des informations personnelles telles que votre nom, votre adresse e-mail, votre num\u00e9ro de t\u00e9l\u00e9phone et d&rsquo;autres d\u00e9tails que vous fournissez lorsque vous interagissez avec notre site web ou nous contactez pour des demandes.<\/p>\n<p><strong>2. Comment Nous Utilisons Vos Informations<\/strong><\/p>\n<p>Nous pouvons utiliser les informations que nous collectons pour :<\/p>\n<p>Fournir, exploiter et maintenir notre site web<br \/>\nAm\u00e9liorer, personnaliser et \u00e9tendre les offres de notre site web<br \/>\nCommuniquer avec vous, soit directement, soit par l&rsquo;interm\u00e9diaire de l&rsquo;un de nos partenaires, y compris pour le service client, pour fournir des mises \u00e0 jour et d&rsquo;autres informations relatives au site web, et \u00e0 des fins de marketing et de promotion<br \/>\nProt\u00e9ger, enqu\u00eater et dissuader contre les activit\u00e9s non autoris\u00e9es ou ill\u00e9gales<\/p>\n<p><strong>3. Divulgation de Vos Informations<\/strong><\/p>\n<p>Nous pouvons partager vos informations avec des tiers uniquement de la mani\u00e8re d\u00e9crite dans cette <strong>Politique de Confidentialit\u00e9<\/strong>.<\/p>\n<p><strong>4. S\u00e9curit\u00e9 de Vos Informations<\/strong><\/p>\n<p>Nous utilisons des mesures de s\u00e9curit\u00e9 administratives, techniques et physiques pour prot\u00e9ger vos informations personnelles. Bien que nous ayons pris des mesures raisonnables pour s\u00e9curiser les informations personnelles que vous nous fournissez, veuillez noter que, malgr\u00e9 nos efforts, aucune mesure de s\u00e9curit\u00e9 n&rsquo;est parfaite ou imp\u00e9n\u00e9trable.<\/p>\n<p><strong>5. Vos Choix Concernant Vos Informations<\/strong><\/p>\n<p>Vous avez le droit de :<\/p>\n<p>Mettre \u00e0 jour ou corriger vos informations personnelles<br \/>\nRefuser de recevoir des communications marketing<br \/>\nDemander que nous supprimions vos informations personnelles<\/p>\n<p><strong>6. Modifications de Cette Politique de Confidentialit\u00e9<\/strong><\/p>\n<p>Nous pouvons mettre \u00e0 jour cette <strong>Politique de Confidentialit\u00e9<\/strong> de temps en temps pour refl\u00e9ter, par exemple, des changements dans nos pratiques ou pour d&rsquo;autres raisons op\u00e9rationnelles, l\u00e9gales ou r\u00e9glementaires.<\/p>\n<p><strong>7. Contactez-nous<\/strong><\/p>\n<p>Si vous avez des questions ou des commentaires concernant cette <strong>Politique de Confidentialit\u00e9<\/strong>, veuillez nous contacter.<\/p>\n","protected":false},"excerpt":{"rendered":"<p>Politique de Confidentialit\u00e9 Merci de visiter BestMediTrips.com. Votre vie priv\u00e9e est importante pour nous. Cette Politique de Confidentialit\u00e9 explique comment nous collectons, utilisons, divulguons et prot\u00e9geons vos informations lorsque vous visitez notre site web. Veuillez lire attentivement cette politique de confidentialit\u00e9. Si vous n&rsquo;\u00eates pas d&rsquo;accord avec les termes de cette politique de confidentialit\u00e9, veuillez &#8230; <a title=\"Politique de Confidentialit\u00e9\" class=\"read-more\" href=\"https:\/\/bestmeditrips.com\/fr\/politique-de-confidentialite\/\" aria-label=\"En savoir plus sur Politique de Confidentialit\u00e9\">Lire plus<\/a><\/p>\n","protected":false},"author":1,"featured_media":0,"parent":0,"menu_order":0,"comment_status":"closed","ping_status":"open","template":"","meta":{"footnotes":""},"class_list":["post-424","page","type-page","status-publish"],"yoast_head":"<!-- This site is optimized with the Yoast SEO plugin v27.4 - https:\/\/yoast.com\/product\/yoast-seo-wordpress\/ -->\n<title>Politique de Confidentialit\u00e9 - Bestmeditrips.com<\/title>\n<meta name=\"robots\" content=\"index, follow, max-snippet:-1, max-image-preview:large, max-video-preview:-1\" \/>\n<link rel=\"canonical\" href=\"https:\/\/bestmeditrips.com\/fr\/politique-de-confidentialite\/\" \/>\n<meta property=\"og:locale\" content=\"fr_FR\" \/>\n<meta property=\"og:type\" content=\"article\" \/>\n<meta property=\"og:title\" content=\"Politique de Confidentialit\u00e9 - Bestmeditrips.com\" \/>\n<meta property=\"og:description\" content=\"Politique de Confidentialit\u00e9 Merci de visiter BestMediTrips.com. Votre vie priv\u00e9e est importante pour nous. Cette Politique de Confidentialit\u00e9 explique comment nous collectons, utilisons, divulguons et prot\u00e9geons vos informations lorsque vous visitez notre site web. Veuillez lire attentivement cette politique de confidentialit\u00e9. Si vous n&rsquo;\u00eates pas d&rsquo;accord avec les termes de cette politique de confidentialit\u00e9, veuillez ... Lire plus\" \/>\n<meta property=\"og:url\" content=\"https:\/\/bestmeditrips.com\/fr\/politique-de-confidentialite\/\" \/>\n<meta property=\"og:site_name\" content=\"Bestmeditrips.com\" \/>\n<meta property=\"article:publisher\" content=\"https:\/\/www.facebook.com\/profile.php?id=61565479139599\" \/>\n<meta property=\"article:modified_time\" content=\"2024-09-04T22:00:28+00:00\" \/>\n<meta property=\"og:image\" content=\"https:\/\/bestmeditrips.com\/wp-content\/uploads\/2024\/09\/health-tourism.jpg\" \/>\n\t<meta property=\"og:image:width\" content=\"1024\" \/>\n\t<meta property=\"og:image:height\" content=\"683\" \/>\n\t<meta property=\"og:image:type\" content=\"image\/jpeg\" \/>\n<meta name=\"twitter:card\" content=\"summary_large_image\" \/>\n<meta name=\"twitter:label1\" content=\"Dur\u00e9e de lecture estim\u00e9e\" \/>\n\t<meta name=\"twitter:data1\" content=\"2 minutes\" \/>\n<script type=\"application\/ld+json\" class=\"yoast-schema-graph\">{\"@context\":\"https:\\\/\\\/schema.org\",\"@graph\":[{\"@type\":\"WebPage\",\"@id\":\"https:\\\/\\\/bestmeditrips.com\\\/fr\\\/politique-de-confidentialite\\\/\",\"url\":\"https:\\\/\\\/bestmeditrips.com\\\/fr\\\/politique-de-confidentialite\\\/\",\"name\":\"Politique de Confidentialit\u00e9 - Bestmeditrips.com\",\"isPartOf\":{\"@id\":\"https:\\\/\\\/bestmeditrips.com\\\/fr\\\/#website\"},\"datePublished\":\"2024-09-01T17:00:15+00:00\",\"dateModified\":\"2024-09-04T22:00:28+00:00\",\"breadcrumb\":{\"@id\":\"https:\\\/\\\/bestmeditrips.com\\\/fr\\\/politique-de-confidentialite\\\/#breadcrumb\"},\"inLanguage\":\"fr-FR\",\"potentialAction\":[{\"@type\":\"ReadAction\",\"target\":[\"https:\\\/\\\/bestmeditrips.com\\\/fr\\\/politique-de-confidentialite\\\/\"]}]},{\"@type\":\"BreadcrumbList\",\"@id\":\"https:\\\/\\\/bestmeditrips.com\\\/fr\\\/politique-de-confidentialite\\\/#breadcrumb\",\"itemListElement\":[{\"@type\":\"ListItem\",\"position\":1,\"name\":\"Home\",\"item\":\"https:\\\/\\\/bestmeditrips.com\\\/fr\\\/\"},{\"@type\":\"ListItem\",\"position\":2,\"name\":\"Politique de Confidentialit\u00e9\"}]},{\"@type\":\"WebSite\",\"@id\":\"https:\\\/\\\/bestmeditrips.com\\\/fr\\\/#website\",\"url\":\"https:\\\/\\\/bestmeditrips.com\\\/fr\\\/\",\"name\":\"Bestmeditrips.com\",\"description\":\"Tourisme m\u00e9dical, meilleurs traitements, cliniques, m\u00e9decins et dentistes!\",\"publisher\":{\"@id\":\"https:\\\/\\\/bestmeditrips.com\\\/fr\\\/#organization\"},\"potentialAction\":[{\"@type\":\"SearchAction\",\"target\":{\"@type\":\"EntryPoint\",\"urlTemplate\":\"https:\\\/\\\/bestmeditrips.com\\\/fr\\\/?s={search_term_string}\"},\"query-input\":{\"@type\":\"PropertyValueSpecification\",\"valueRequired\":true,\"valueName\":\"search_term_string\"}}],\"inLanguage\":\"fr-FR\"},{\"@type\":\"Organization\",\"@id\":\"https:\\\/\\\/bestmeditrips.com\\\/fr\\\/#organization\",\"name\":\"Bestmeditrips.com\",\"url\":\"https:\\\/\\\/bestmeditrips.com\\\/fr\\\/\",\"logo\":{\"@type\":\"ImageObject\",\"inLanguage\":\"fr-FR\",\"@id\":\"https:\\\/\\\/bestmeditrips.com\\\/fr\\\/#\\\/schema\\\/logo\\\/image\\\/\",\"url\":\"https:\\\/\\\/bestmeditrips.com\\\/wp-content\\\/uploads\\\/2024\\\/09\\\/logo-2.png\",\"contentUrl\":\"https:\\\/\\\/bestmeditrips.com\\\/wp-content\\\/uploads\\\/2024\\\/09\\\/logo-2.png\",\"width\":500,\"height\":98,\"caption\":\"Bestmeditrips.com\"},\"image\":{\"@id\":\"https:\\\/\\\/bestmeditrips.com\\\/fr\\\/#\\\/schema\\\/logo\\\/image\\\/\"},\"sameAs\":[\"https:\\\/\\\/www.facebook.com\\\/profile.php?id=61565479139599\"]}]}<\/script>\n<!-- \/ Yoast SEO plugin. -->","yoast_head_json":{"title":"Politique de Confidentialit\u00e9 - Bestmeditrips.com","robots":{"index":"index","follow":"follow","max-snippet":"max-snippet:-1","max-image-preview":"max-image-preview:large","max-video-preview":"max-video-preview:-1"},"canonical":"https:\/\/bestmeditrips.com\/fr\/politique-de-confidentialite\/","og_locale":"fr_FR","og_type":"article","og_title":"Politique de Confidentialit\u00e9 - Bestmeditrips.com","og_description":"Politique de Confidentialit\u00e9 Merci de visiter BestMediTrips.com. Votre vie priv\u00e9e est importante pour nous. Cette Politique de Confidentialit\u00e9 explique comment nous collectons, utilisons, divulguons et prot\u00e9geons vos informations lorsque vous visitez notre site web. Veuillez lire attentivement cette politique de confidentialit\u00e9. Si vous n&rsquo;\u00eates pas d&rsquo;accord avec les termes de cette politique de confidentialit\u00e9, veuillez ... Lire plus","og_url":"https:\/\/bestmeditrips.com\/fr\/politique-de-confidentialite\/","og_site_name":"Bestmeditrips.com","article_publisher":"https:\/\/www.facebook.com\/profile.php?id=61565479139599","article_modified_time":"2024-09-04T22:00:28+00:00","og_image":[{"width":1024,"height":683,"url":"https:\/\/bestmeditrips.com\/wp-content\/uploads\/2024\/09\/health-tourism.jpg","type":"image\/jpeg"}],"twitter_card":"summary_large_image","twitter_misc":{"Dur\u00e9e de lecture estim\u00e9e":"2 minutes"},"schema":{"@context":"https:\/\/schema.org","@graph":[{"@type":"WebPage","@id":"https:\/\/bestmeditrips.com\/fr\/politique-de-confidentialite\/","url":"https:\/\/bestmeditrips.com\/fr\/politique-de-confidentialite\/","name":"Politique de Confidentialit\u00e9 - Bestmeditrips.com","isPartOf":{"@id":"https:\/\/bestmeditrips.com\/fr\/#website"},"datePublished":"2024-09-01T17:00:15+00:00","dateModified":"2024-09-04T22:00:28+00:00","breadcrumb":{"@id":"https:\/\/bestmeditrips.com\/fr\/politique-de-confidentialite\/#breadcrumb"},"inLanguage":"fr-FR","potentialAction":[{"@type":"ReadAction","target":["https:\/\/bestmeditrips.com\/fr\/politique-de-confidentialite\/"]}]},{"@type":"BreadcrumbList","@id":"https:\/\/bestmeditrips.com\/fr\/politique-de-confidentialite\/#breadcrumb","itemListElement":[{"@type":"ListItem","position":1,"name":"Home","item":"https:\/\/bestmeditrips.com\/fr\/"},{"@type":"ListItem","position":2,"name":"Politique de Confidentialit\u00e9"}]},{"@type":"WebSite","@id":"https:\/\/bestmeditrips.com\/fr\/#website","url":"https:\/\/bestmeditrips.com\/fr\/","name":"Bestmeditrips.com","description":"Tourisme m\u00e9dical, meilleurs traitements, cliniques, m\u00e9decins et dentistes!","publisher":{"@id":"https:\/\/bestmeditrips.com\/fr\/#organization"},"potentialAction":[{"@type":"SearchAction","target":{"@type":"EntryPoint","urlTemplate":"https:\/\/bestmeditrips.com\/fr\/?s={search_term_string}"},"query-input":{"@type":"PropertyValueSpecification","valueRequired":true,"valueName":"search_term_string"}}],"inLanguage":"fr-FR"},{"@type":"Organization","@id":"https:\/\/bestmeditrips.com\/fr\/#organization","name":"Bestmeditrips.com","url":"https:\/\/bestmeditrips.com\/fr\/","logo":{"@type":"ImageObject","inLanguage":"fr-FR","@id":"https:\/\/bestmeditrips.com\/fr\/#\/schema\/logo\/image\/","url":"https:\/\/bestmeditrips.com\/wp-content\/uploads\/2024\/09\/logo-2.png","contentUrl":"https:\/\/bestmeditrips.com\/wp-content\/uploads\/2024\/09\/logo-2.png","width":500,"height":98,"caption":"Bestmeditrips.com"},"image":{"@id":"https:\/\/bestmeditrips.com\/fr\/#\/schema\/logo\/image\/"},"sameAs":["https:\/\/www.facebook.com\/profile.php?id=61565479139599"]}]}},"_links":{"self":[{"href":"https:\/\/bestmeditrips.com\/fr\/wp-json\/wp\/v2\/pages\/424","targetHints":{"allow":["GET"]}}],"collection":[{"href":"https:\/\/bestmeditrips.com\/fr\/wp-json\/wp\/v2\/pages"}],"about":[{"href":"https:\/\/bestmeditrips.com\/fr\/wp-json\/wp\/v2\/types\/page"}],"author":[{"embeddable":true,"href":"https:\/\/bestmeditrips.com\/fr\/wp-json\/wp\/v2\/users\/1"}],"replies":[{"embeddable":true,"href":"https:\/\/bestmeditrips.com\/fr\/wp-json\/wp\/v2\/comments?post=424"}],"version-history":[{"count":1,"href":"https:\/\/bestmeditrips.com\/fr\/wp-json\/wp\/v2\/pages\/424\/revisions"}],"predecessor-version":[{"id":578,"href":"https:\/\/bestmeditrips.com\/fr\/wp-json\/wp\/v2\/pages\/424\/revisions\/578"}],"wp:attachment":[{"href":"https:\/\/bestmeditrips.com\/fr\/wp-json\/wp\/v2\/media?parent=424"}],"curies":[{"name":"wp","href":"https:\/\/api.w.org\/{rel}","templated":true}]}}