{"id":302,"date":"2024-09-02T20:44:40","date_gmt":"2024-09-02T17:44:40","guid":{"rendered":"https:\/\/bestmeditrips.com\/tourisme-de-sante-international-et-destinations\/"},"modified":"2024-09-23T11:47:19","modified_gmt":"2024-09-23T08:47:19","slug":"tourisme-de-sante-international-et-destinations","status":"publish","type":"page","link":"https:\/\/bestmeditrips.com\/fr\/","title":{"rendered":"Tourisme M\u00e9dical et Destinations"},"content":{"rendered":"<h2>D\u00e9couvrez La Meilleure Exp\u00e9rience de Tourisme M\u00e9dical<\/h2>\n<p>Bienvenue sur <em><strong>BestMediTrips.com<\/strong><\/em>, votre destination de choix pour des soins m\u00e9dicaux exceptionnels combin\u00e9s \u00e0 des exp\u00e9riences de voyage extraordinaires. Notre plateforme multilingue est d\u00e9di\u00e9e \u00e0 vous connecter aux meilleures destinations de tourisme m\u00e9dical dans le monde entier, en vous offrant des informations d\u00e9taill\u00e9es sur les meilleurs traitements et services m\u00e9dicaux disponibles.<\/p>\n<h3>Explorez des Destinations de Tourisme de Sant\u00e9 et M\u00e9dical de Qualit\u00e9<\/h3>\n<p>Sur <em><strong>BestMediTrips.com<\/strong><\/em>, nous proposons une s\u00e9lection soign\u00e9e d&rsquo;options de tourisme m\u00e9dical, vous guidant \u00e0 travers une gamme diversifi\u00e9e de traitements disponibles dans les destinations les plus captivantes du monde. D\u00e9couvrez ce qui rend chaque lieu unique :<\/p>\n<h4><strong><span style=\"color: #ff0000;\">\u2665\u00a0<\/span><\/strong><strong>TURQUIE :<\/strong> Istanbul, Antalya, Izmir et Ankara<\/h4>\n<p>La Turquie est r\u00e9put\u00e9e pour ses installations m\u00e9dicales modernes et ses traitements \u00e9conomiques. Explorez nos meilleures villes pour une gamme de services de sant\u00e9 :<\/p>\n<ul>\n<li><strong>Cliniques dentaires :<\/strong> Transformez votre sourire avec des proc\u00e9dures avanc\u00e9es telles que les implants, le sourire Hollywoodien et des solutions innovantes comme le \u00ab\u00a0all-on-4\u00a0\u00bb et le \u00ab\u00a0all-on-6\u00a0\u00bb.<\/li>\n<li><strong>Cliniques de restauration capillaire :<\/strong> Obtenez des r\u00e9sultats naturels et durables avec des techniques de transplantation capillaire de pointe.<\/li>\n<li><strong>H\u00f4pitaux esth\u00e9tiques :<\/strong> D\u00e9couvrez une chirurgie esth\u00e9tique de classe mondiale, du lifting au remodelage corporel.<\/li>\n<li><strong>Sp\u00e9cialistes en orthop\u00e9die :<\/strong> Profitez de traitements avanc\u00e9s pour les probl\u00e8mes articulaires et de colonne vert\u00e9brale, assurant une r\u00e9cup\u00e9ration optimale et une mobilit\u00e9 accrue.<\/li>\n<\/ul>\n<h4><strong><span style=\"color: #ff0000;\">\u2665\u00a0<\/span><\/strong><strong>HONGRIE :<\/strong> Budapest et Debrecen<\/h4>\n<p>La Hongrie offre des soins m\u00e9dicaux renomm\u00e9s, en particulier dans les traitements dentaires. \u00c0 Budapest et Debrecen, d\u00e9couvrez :<\/p>\n<ul>\n<li><strong>Cliniques dentaires :<\/strong> Soins de premi\u00e8re qualit\u00e9 pour les implants et les proc\u00e9dures dentaires esth\u00e9tiques \u00e0 des prix comp\u00e9titifs.<\/li>\n<li><strong>Centres de chirurgie esth\u00e9tique :<\/strong> Am\u00e9liorez votre apparence avec une attention m\u00e9ticuleuse aux d\u00e9tails.<\/li>\n<\/ul>\n<h4><strong><span style=\"color: #ff0000;\">\u2665\u00a0<\/span><\/strong><strong>SERBIE :<\/strong> Belgrade<\/h4>\n<p>Belgrade est en train de devenir un centre de soins m\u00e9dicaux de qualit\u00e9. Ici, vous pouvez trouver :<\/p>\n<ul>\n<li><strong>Services m\u00e9dicaux innovants :<\/strong> Des traitements dentaires aux proc\u00e9dures esth\u00e9tiques, b\u00e9n\u00e9ficiez de soins exceptionnels adapt\u00e9s \u00e0 vos besoins.<\/li>\n<li><strong>Cliniques m\u00e9dicales personnalis\u00e9es :<\/strong> Profitez de services dans une ville r\u00e9put\u00e9e pour son hospitalit\u00e9 chaleureuse et son expertise m\u00e9dicale.<\/li>\n<\/ul>\n<h4><strong><span style=\"color: #ff0000;\">\u2665\u00a0<\/span><\/strong><strong>CROATIE :<\/strong> Zagreb et Split<\/h4>\n<p>La Croatie combine excellence m\u00e9dicale et paysages magnifiques. D\u00e9couvrez :<\/p>\n<ul>\n<li><strong>Cliniques dentaires et esth\u00e9tiques :<\/strong> Profitez de traitements avanc\u00e9s dans un cadre pittoresque.<\/li>\n<li><strong>H\u00f4pitaux de r\u00e9habilitation et de bien-\u00eatre :<\/strong> Options de soins compl\u00e8tes con\u00e7ues pour am\u00e9liorer votre bien-\u00eatre g\u00e9n\u00e9ral.<\/li>\n<\/ul>\n<h4><strong><span style=\"color: #ff0000;\">\u2665\u00a0<\/span><\/strong><strong>POLOGNE :<\/strong> Varsovie et Cracovie<\/h4>\n<p>La Pologne offre des services m\u00e9dicaux de haute qualit\u00e9 \u00e0 des tarifs abordables. Explorez :<\/p>\n<ul>\n<li><strong>Installations de soins dentaires :<\/strong> Solutions avanc\u00e9es pour les implants et autres besoins dentaires.<\/li>\n<li><strong>Cliniques orthop\u00e9diques et esth\u00e9tiques :<\/strong> \u00c9tablissements modernes proposant une large gamme de proc\u00e9dures.<\/li>\n<\/ul>\n<h4><strong><span style=\"color: #ff0000;\">\u2665 <\/span><\/strong><strong>ALLEMAGNE :<\/strong> Berlin et Munich<\/h4>\n<p>L&rsquo;Allemagne est synonyme d&rsquo;innovation m\u00e9dicale et de qualit\u00e9. Acc\u00e9dez \u00e0 :<\/p>\n<ul>\n<li><strong>H\u00f4pitaux de pointe :<\/strong> Derni\u00e8res technologies m\u00e9dicales et soins sp\u00e9cialis\u00e9s.<\/li>\n<li><strong>Centres de services de sant\u00e9 complets :<\/strong> Traitements de classe mondiale pour les chirurgies complexes et les proc\u00e9dures de routine.<\/li>\n<\/ul>\n<h4><strong><span style=\"color: #ff0000;\">\u2665\u00a0<\/span><\/strong><strong>R\u00c9PUBLIQUE TCH\u00c8QUE :<\/strong> Prague<\/h4>\n<p>Prague offre un m\u00e9lange de charme historique et de soins de sant\u00e9 modernes. D\u00e9couvrez :<\/p>\n<ul>\n<li><strong>Cliniques dentaires les mieux not\u00e9es :<\/strong> Solutions excellentes dans l&rsquo;une des plus belles villes d&rsquo;Europe.<\/li>\n<li><strong>H\u00f4pitaux esth\u00e9tiques :<\/strong> Proc\u00e9dures esth\u00e9tiques de haute qualit\u00e9.<\/li>\n<\/ul>\n<h4><strong><span style=\"color: #ff0000;\">\u2665\u00a0<\/span><\/strong><strong>MEXIQUE :<\/strong> Canc\u00fan et Mexico<\/h4>\n<p>Le Mexique offre un cadre vibrant pour des soins m\u00e9dicaux exceptionnels. Profitez de :<\/p>\n<ul>\n<li><strong>Centres de traitement abordables :<\/strong> Soins dentaires et esth\u00e9tiques de haute qualit\u00e9.<\/li>\n<li><strong>Cliniques d&rsquo;exp\u00e9riences culturelles :<\/strong> Combinez votre traitement avec un voyage culturel riche.<\/li>\n<\/ul>\n<h4><strong><span style=\"color: #ff0000;\">\u2665\u00a0<\/span><\/strong><strong>COLOMBIE :<\/strong> Medell\u00edn et Bogota<\/h4>\n<p>La Colombie est connue pour ses professionnels m\u00e9dicaux qualifi\u00e9s et ses services abordables. Acc\u00e9dez \u00e0 :<\/p>\n<ul>\n<li><strong>Centres m\u00e9dicaux complets :<\/strong> Une gamme de traitements m\u00e9dicaux ax\u00e9s sur la qualit\u00e9 et l&rsquo;accessibilit\u00e9.<\/li>\n<li><strong>Cliniques dentaires expertes :<\/strong> Soins par des experts dans un pays reconnu pour ses avanc\u00e9es en mati\u00e8re de soins de sant\u00e9.<\/li>\n<\/ul>\n<h4><strong><span style=\"color: #ff0000;\">\u2665\u00a0<\/span><\/strong><strong>THA\u00cfLANDE :<\/strong> Bangkok et Phuket<\/h4>\n<p>La Tha\u00eflande offre une combinaison parfaite de soins m\u00e9dicaux et d&rsquo;exp\u00e9riences de voyage. D\u00e9couvrez :<\/p>\n<ul>\n<li><strong>H\u00f4pitaux de classe mondiale :<\/strong> Services m\u00e9dicaux de premier ordre pour les soins dentaires et les programmes de bien-\u00eatre.<\/li>\n<li><strong>Cliniques dans des destinations magnifiques :<\/strong> Profitez de soins m\u00e9dicaux exceptionnels tout en explorant la Tha\u00eflande.<\/li>\n<\/ul>\n<h4><strong><span style=\"color: #ff0000;\">\u2665\u00a0<\/span><\/strong><strong>INDE :<\/strong> Delhi et Mumbai<\/h4>\n<p>Les installations m\u00e9dicales en Inde sont avanc\u00e9es et abordables. Explorez :<\/p>\n<ul>\n<li><strong>Cliniques m\u00e9dicales diversifi\u00e9es :<\/strong> Normes \u00e9lev\u00e9es dans une vari\u00e9t\u00e9 d&rsquo;options m\u00e9dicales.<\/li>\n<li><strong>H\u00f4pitaux avec sp\u00e9cialistes qualifi\u00e9s :<\/strong> Soins par des experts \u00e0 Delhi et Mumbai.<\/li>\n<\/ul>\n<h4><strong><span style=\"color: #ff0000;\">\u2665\u00a0<\/span><\/strong><strong>VIETNAM :<\/strong> H\u00f4 Chi Minh-Ville et Hano\u00ef<\/h4>\n<p>Le Vietnam devient une destination montante pour le tourisme m\u00e9dical. Ici, vous pouvez b\u00e9n\u00e9ficier de :<\/p>\n<ul>\n<li><strong>Centres m\u00e9dicaux efficaces :<\/strong> Soins abordables et de haute qualit\u00e9.<\/li>\n<li><strong>Cliniques de traitement compl\u00e8tes :<\/strong> Des soins dentaires aux proc\u00e9dures orthop\u00e9diques.<\/li>\n<\/ul>\n<h4>Pourquoi choisir le tourisme de sant\u00e9 et m\u00e9dical ?<\/h4>\n<p>Le tourisme de sant\u00e9 et m\u00e9dical vous permet de combiner des soins m\u00e9dicaux de qualit\u00e9 sup\u00e9rieure avec des opportunit\u00e9s de voyage excitantes. Sur <em>BestMediTrips.com<\/em>, nous nous engageons \u00e0 vous aider \u00e0 trouver la destination et le traitement parfaits qui r\u00e9pondent \u00e0 vos besoins et pr\u00e9f\u00e9rences. Explorez notre plateforme pour commencer votre voyage vers des soins m\u00e9dicaux exceptionnels et des exp\u00e9riences inoubliables.<\/p>\n","protected":false},"excerpt":{"rendered":"<p>D\u00e9couvrez La Meilleure Exp\u00e9rience de Tourisme M\u00e9dical Bienvenue sur BestMediTrips.com, votre destination de choix pour des soins m\u00e9dicaux exceptionnels combin\u00e9s \u00e0 des exp\u00e9riences de voyage extraordinaires. Notre plateforme multilingue est d\u00e9di\u00e9e \u00e0 vous connecter aux meilleures destinations de tourisme m\u00e9dical dans le monde entier, en vous offrant des informations d\u00e9taill\u00e9es sur les meilleurs traitements et &#8230; <a title=\"Tourisme M\u00e9dical et Destinations\" class=\"read-more\" href=\"https:\/\/bestmeditrips.com\/fr\/\" aria-label=\"En savoir plus sur Tourisme M\u00e9dical et Destinations\">Lire plus<\/a><\/p>\n","protected":false},"author":1,"featured_media":335,"parent":0,"menu_order":0,"comment_status":"closed","ping_status":"closed","template":"","meta":{"footnotes":""},"class_list":["post-302","page","type-page","status-publish","has-post-thumbnail"],"yoast_head":"<!-- This site is optimized with the Yoast SEO plugin v27.4 - https:\/\/yoast.com\/product\/yoast-seo-wordpress\/ -->\n<title>Experts en Tourisme M\u00e9dical | Soins Premium et Destinations<\/title>\n<meta name=\"description\" content=\"Explorez les meilleurs services de tourisme de sant\u00e9 avec les meilleures cliniques, m\u00e9decins et dentistes, offrant des conseils d&#039;experts pour les meilleurs voyages m\u00e9dicaux.\" \/>\n<meta name=\"robots\" content=\"index, follow, max-snippet:-1, max-image-preview:large, max-video-preview:-1\" \/>\n<link rel=\"canonical\" href=\"https:\/\/bestmeditrips.com\/fr\/\" \/>\n<meta property=\"og:locale\" content=\"fr_FR\" \/>\n<meta property=\"og:type\" content=\"article\" \/>\n<meta property=\"og:title\" content=\"Experts en Tourisme M\u00e9dical | Soins Premium et Destinations\" \/>\n<meta property=\"og:description\" content=\"Explorez les meilleurs services de tourisme de sant\u00e9 avec les meilleures cliniques, m\u00e9decins et dentistes, offrant des conseils d&#039;experts pour les meilleurs voyages m\u00e9dicaux.\" \/>\n<meta property=\"og:url\" content=\"https:\/\/bestmeditrips.com\/fr\/\" \/>\n<meta property=\"og:site_name\" content=\"Bestmeditrips.com\" \/>\n<meta property=\"article:publisher\" content=\"https:\/\/www.facebook.com\/profile.php?id=61565479139599\" \/>\n<meta property=\"article:modified_time\" content=\"2024-09-23T08:47:19+00:00\" \/>\n<meta property=\"og:image\" content=\"https:\/\/bestmeditrips.com\/wp-content\/uploads\/2024\/09\/health-tourism.jpg\" \/>\n\t<meta property=\"og:image:width\" content=\"1024\" \/>\n\t<meta property=\"og:image:height\" content=\"683\" \/>\n\t<meta property=\"og:image:type\" content=\"image\/jpeg\" \/>\n<meta name=\"twitter:card\" content=\"summary_large_image\" \/>\n<meta name=\"twitter:label1\" content=\"Dur\u00e9e de lecture estim\u00e9e\" \/>\n\t<meta name=\"twitter:data1\" content=\"5 minutes\" \/>\n<script type=\"application\/ld+json\" class=\"yoast-schema-graph\">{\"@context\":\"https:\\\/\\\/schema.org\",\"@graph\":[{\"@type\":\"WebPage\",\"@id\":\"https:\\\/\\\/bestmeditrips.com\\\/fr\\\/\",\"url\":\"https:\\\/\\\/bestmeditrips.com\\\/fr\\\/\",\"name\":\"Experts en Tourisme M\u00e9dical | Soins Premium et Destinations\",\"isPartOf\":{\"@id\":\"https:\\\/\\\/bestmeditrips.com\\\/fr\\\/#website\"},\"primaryImageOfPage\":{\"@id\":\"https:\\\/\\\/bestmeditrips.com\\\/fr\\\/#primaryimage\"},\"image\":{\"@id\":\"https:\\\/\\\/bestmeditrips.com\\\/fr\\\/#primaryimage\"},\"thumbnailUrl\":\"https:\\\/\\\/bestmeditrips.com\\\/wp-content\\\/uploads\\\/2024\\\/09\\\/health-tourism.jpg\",\"datePublished\":\"2024-09-02T17:44:40+00:00\",\"dateModified\":\"2024-09-23T08:47:19+00:00\",\"description\":\"Explorez les meilleurs services de tourisme de sant\u00e9 avec les meilleures cliniques, m\u00e9decins et dentistes, offrant des conseils d'experts pour les meilleurs voyages m\u00e9dicaux.\",\"breadcrumb\":{\"@id\":\"https:\\\/\\\/bestmeditrips.com\\\/fr\\\/#breadcrumb\"},\"inLanguage\":\"fr-FR\",\"potentialAction\":[{\"@type\":\"ReadAction\",\"target\":[\"https:\\\/\\\/bestmeditrips.com\\\/fr\\\/\"]}]},{\"@type\":\"ImageObject\",\"inLanguage\":\"fr-FR\",\"@id\":\"https:\\\/\\\/bestmeditrips.com\\\/fr\\\/#primaryimage\",\"url\":\"https:\\\/\\\/bestmeditrips.com\\\/wp-content\\\/uploads\\\/2024\\\/09\\\/health-tourism.jpg\",\"contentUrl\":\"https:\\\/\\\/bestmeditrips.com\\\/wp-content\\\/uploads\\\/2024\\\/09\\\/health-tourism.jpg\",\"width\":1024,\"height\":683,\"caption\":\"Medical tourism and best destinations in the world for dental, hair transplant, orthopedic and aesthetic treatments\"},{\"@type\":\"BreadcrumbList\",\"@id\":\"https:\\\/\\\/bestmeditrips.com\\\/fr\\\/#breadcrumb\",\"itemListElement\":[{\"@type\":\"ListItem\",\"position\":1,\"name\":\"Home\",\"item\":\"https:\\\/\\\/bestmeditrips.com\\\/fr\\\/\"},{\"@type\":\"ListItem\",\"position\":2,\"name\":\"Tourisme M\u00e9dical et Destinations\"}]},{\"@type\":\"WebSite\",\"@id\":\"https:\\\/\\\/bestmeditrips.com\\\/fr\\\/#website\",\"url\":\"https:\\\/\\\/bestmeditrips.com\\\/fr\\\/\",\"name\":\"Bestmeditrips.com\",\"description\":\"Tourisme m\u00e9dical, meilleurs traitements, cliniques, m\u00e9decins et dentistes!\",\"publisher\":{\"@id\":\"https:\\\/\\\/bestmeditrips.com\\\/fr\\\/#organization\"},\"potentialAction\":[{\"@type\":\"SearchAction\",\"target\":{\"@type\":\"EntryPoint\",\"urlTemplate\":\"https:\\\/\\\/bestmeditrips.com\\\/fr\\\/?s={search_term_string}\"},\"query-input\":{\"@type\":\"PropertyValueSpecification\",\"valueRequired\":true,\"valueName\":\"search_term_string\"}}],\"inLanguage\":\"fr-FR\"},{\"@type\":\"Organization\",\"@id\":\"https:\\\/\\\/bestmeditrips.com\\\/fr\\\/#organization\",\"name\":\"Bestmeditrips.com\",\"url\":\"https:\\\/\\\/bestmeditrips.com\\\/fr\\\/\",\"logo\":{\"@type\":\"ImageObject\",\"inLanguage\":\"fr-FR\",\"@id\":\"https:\\\/\\\/bestmeditrips.com\\\/fr\\\/#\\\/schema\\\/logo\\\/image\\\/\",\"url\":\"https:\\\/\\\/bestmeditrips.com\\\/wp-content\\\/uploads\\\/2024\\\/09\\\/logo-2.png\",\"contentUrl\":\"https:\\\/\\\/bestmeditrips.com\\\/wp-content\\\/uploads\\\/2024\\\/09\\\/logo-2.png\",\"width\":500,\"height\":98,\"caption\":\"Bestmeditrips.com\"},\"image\":{\"@id\":\"https:\\\/\\\/bestmeditrips.com\\\/fr\\\/#\\\/schema\\\/logo\\\/image\\\/\"},\"sameAs\":[\"https:\\\/\\\/www.facebook.com\\\/profile.php?id=61565479139599\"]}]}<\/script>\n<!-- \/ Yoast SEO plugin. -->","yoast_head_json":{"title":"Experts en Tourisme M\u00e9dical | Soins Premium et Destinations","description":"Explorez les meilleurs services de tourisme de sant\u00e9 avec les meilleures cliniques, m\u00e9decins et dentistes, offrant des conseils d'experts pour les meilleurs voyages m\u00e9dicaux.","robots":{"index":"index","follow":"follow","max-snippet":"max-snippet:-1","max-image-preview":"max-image-preview:large","max-video-preview":"max-video-preview:-1"},"canonical":"https:\/\/bestmeditrips.com\/fr\/","og_locale":"fr_FR","og_type":"article","og_title":"Experts en Tourisme M\u00e9dical | Soins Premium et Destinations","og_description":"Explorez les meilleurs services de tourisme de sant\u00e9 avec les meilleures cliniques, m\u00e9decins et dentistes, offrant des conseils d'experts pour les meilleurs voyages m\u00e9dicaux.","og_url":"https:\/\/bestmeditrips.com\/fr\/","og_site_name":"Bestmeditrips.com","article_publisher":"https:\/\/www.facebook.com\/profile.php?id=61565479139599","article_modified_time":"2024-09-23T08:47:19+00:00","og_image":[{"width":1024,"height":683,"url":"https:\/\/bestmeditrips.com\/wp-content\/uploads\/2024\/09\/health-tourism.jpg","type":"image\/jpeg"}],"twitter_card":"summary_large_image","twitter_misc":{"Dur\u00e9e de lecture estim\u00e9e":"5 minutes"},"schema":{"@context":"https:\/\/schema.org","@graph":[{"@type":"WebPage","@id":"https:\/\/bestmeditrips.com\/fr\/","url":"https:\/\/bestmeditrips.com\/fr\/","name":"Experts en Tourisme M\u00e9dical | Soins Premium et Destinations","isPartOf":{"@id":"https:\/\/bestmeditrips.com\/fr\/#website"},"primaryImageOfPage":{"@id":"https:\/\/bestmeditrips.com\/fr\/#primaryimage"},"image":{"@id":"https:\/\/bestmeditrips.com\/fr\/#primaryimage"},"thumbnailUrl":"https:\/\/bestmeditrips.com\/wp-content\/uploads\/2024\/09\/health-tourism.jpg","datePublished":"2024-09-02T17:44:40+00:00","dateModified":"2024-09-23T08:47:19+00:00","description":"Explorez les meilleurs services de tourisme de sant\u00e9 avec les meilleures cliniques, m\u00e9decins et dentistes, offrant des conseils d'experts pour les meilleurs voyages m\u00e9dicaux.","breadcrumb":{"@id":"https:\/\/bestmeditrips.com\/fr\/#breadcrumb"},"inLanguage":"fr-FR","potentialAction":[{"@type":"ReadAction","target":["https:\/\/bestmeditrips.com\/fr\/"]}]},{"@type":"ImageObject","inLanguage":"fr-FR","@id":"https:\/\/bestmeditrips.com\/fr\/#primaryimage","url":"https:\/\/bestmeditrips.com\/wp-content\/uploads\/2024\/09\/health-tourism.jpg","contentUrl":"https:\/\/bestmeditrips.com\/wp-content\/uploads\/2024\/09\/health-tourism.jpg","width":1024,"height":683,"caption":"Medical tourism and best destinations in the world for dental, hair transplant, orthopedic and aesthetic treatments"},{"@type":"BreadcrumbList","@id":"https:\/\/bestmeditrips.com\/fr\/#breadcrumb","itemListElement":[{"@type":"ListItem","position":1,"name":"Home","item":"https:\/\/bestmeditrips.com\/fr\/"},{"@type":"ListItem","position":2,"name":"Tourisme M\u00e9dical et Destinations"}]},{"@type":"WebSite","@id":"https:\/\/bestmeditrips.com\/fr\/#website","url":"https:\/\/bestmeditrips.com\/fr\/","name":"Bestmeditrips.com","description":"Tourisme m\u00e9dical, meilleurs traitements, cliniques, m\u00e9decins et dentistes!","publisher":{"@id":"https:\/\/bestmeditrips.com\/fr\/#organization"},"potentialAction":[{"@type":"SearchAction","target":{"@type":"EntryPoint","urlTemplate":"https:\/\/bestmeditrips.com\/fr\/?s={search_term_string}"},"query-input":{"@type":"PropertyValueSpecification","valueRequired":true,"valueName":"search_term_string"}}],"inLanguage":"fr-FR"},{"@type":"Organization","@id":"https:\/\/bestmeditrips.com\/fr\/#organization","name":"Bestmeditrips.com","url":"https:\/\/bestmeditrips.com\/fr\/","logo":{"@type":"ImageObject","inLanguage":"fr-FR","@id":"https:\/\/bestmeditrips.com\/fr\/#\/schema\/logo\/image\/","url":"https:\/\/bestmeditrips.com\/wp-content\/uploads\/2024\/09\/logo-2.png","contentUrl":"https:\/\/bestmeditrips.com\/wp-content\/uploads\/2024\/09\/logo-2.png","width":500,"height":98,"caption":"Bestmeditrips.com"},"image":{"@id":"https:\/\/bestmeditrips.com\/fr\/#\/schema\/logo\/image\/"},"sameAs":["https:\/\/www.facebook.com\/profile.php?id=61565479139599"]}]}},"_links":{"self":[{"href":"https:\/\/bestmeditrips.com\/fr\/wp-json\/wp\/v2\/pages\/302","targetHints":{"allow":["GET"]}}],"collection":[{"href":"https:\/\/bestmeditrips.com\/fr\/wp-json\/wp\/v2\/pages"}],"about":[{"href":"https:\/\/bestmeditrips.com\/fr\/wp-json\/wp\/v2\/types\/page"}],"author":[{"embeddable":true,"href":"https:\/\/bestmeditrips.com\/fr\/wp-json\/wp\/v2\/users\/1"}],"replies":[{"embeddable":true,"href":"https:\/\/bestmeditrips.com\/fr\/wp-json\/wp\/v2\/comments?post=302"}],"version-history":[{"count":4,"href":"https:\/\/bestmeditrips.com\/fr\/wp-json\/wp\/v2\/pages\/302\/revisions"}],"predecessor-version":[{"id":818,"href":"https:\/\/bestmeditrips.com\/fr\/wp-json\/wp\/v2\/pages\/302\/revisions\/818"}],"wp:featuredmedia":[{"embeddable":true,"href":"https:\/\/bestmeditrips.com\/fr\/wp-json\/wp\/v2\/media\/335"}],"wp:attachment":[{"href":"https:\/\/bestmeditrips.com\/fr\/wp-json\/wp\/v2\/media?parent=302"}],"curies":[{"name":"wp","href":"https:\/\/api.w.org\/{rel}","templated":true}]}}