{"id":1110,"date":"2024-09-23T21:41:39","date_gmt":"2024-09-23T18:41:39","guid":{"rendered":"https:\/\/bestmeditrips.com\/turquie\/"},"modified":"2024-09-23T21:41:39","modified_gmt":"2024-09-23T18:41:39","slug":"turquie","status":"publish","type":"page","link":"https:\/\/bestmeditrips.com\/fr\/turquie\/","title":{"rendered":"Turquie"},"content":{"rendered":"<h2>D\u00e9couvrez les Soins de Sant\u00e9 Premium en Turquie<\/h2>\n<p>La Turquie est devenue une destination de premier plan pour le tourisme m\u00e9dical, offrant des traitements m\u00e9dicaux de classe mondiale \u00e0 des prix abordables. Que vous envisagiez des <strong>implants dentaires<\/strong>, de la <strong>chirurgie esth\u00e9tique<\/strong>, des <strong>troubles orthop\u00e9diques<\/strong>, des <strong>traitements oculaires<\/strong>, une <strong>greffe de cheveux<\/strong>, des <strong>traitements contre le cancer<\/strong> ou d&rsquo;autres soins sp\u00e9cialis\u00e9s, la Turquie vous permet d&rsquo;acc\u00e9der \u00e0 des professionnels hautement qualifi\u00e9s et \u00e0 des cliniques \u00e0 la pointe de la technologie.<\/p>\n<figure style=\"width: 1014px\" class=\"wp-caption aligncenter\"><img loading=\"lazy\" decoding=\"async\" src=\"https:\/\/bestmeditrips.com\/wp-content\/uploads\/2024\/09\/turkey-hospital.jpg\" alt=\"One of the new and modern hospitals in Istanbul. \" width=\"1024\" height=\"616\" \/><figcaption class=\"wp-caption-text\"><em>Un h\u00f4pital priv\u00e9 moderne dans la partie europ\u00e9enne d&rsquo;Istanbul<\/em><\/figcaption><\/figure>\n<h3>Pourquoi Choisir la Turquie pour Votre Voyage M\u00e9dical ?<\/h3>\n<p>Choisir la Turquie pour vos soins m\u00e9dicaux pr\u00e9sente de nombreux avantages :<\/p>\n<ul>\n<li><strong>M\u00e9decins Hautement Qualifi\u00e9s<\/strong> : La Turquie abrite certains des chirurgiens et sp\u00e9cialistes les plus exp\u00e9riment\u00e9s au monde, dont beaucoup ont suivi une formation internationale.<\/li>\n<li><strong>Traitements Abordables<\/strong> : Les proc\u00e9dures m\u00e9dicales en Turquie peuvent co\u00fbter jusqu&rsquo;\u00e0 70 % moins cher qu&rsquo;aux \u00c9tats-Unis ou en Europe, sans compromettre la qualit\u00e9.<\/li>\n<li><strong>Cliniques \u00e0 la Pointe de la Technologie<\/strong> : Les cliniques turques sont \u00e9quip\u00e9es de technologies modernes, garantissant un niveau \u00e9lev\u00e9 de soins et de traitement.<\/li>\n<li><strong>Voyage Facile<\/strong> : Les grandes villes de Turquie, telles que <strong>Istanbul<\/strong>, <strong>Antalya<\/strong> et <strong>Izmir<\/strong>, sont facilement accessibles depuis le monde entier, faisant de la Turquie une destination pratique pour les patients internationaux.<\/li>\n<\/ul>\n<figure style=\"width: 1014px\" class=\"wp-caption aligncenter\"><img loading=\"lazy\" decoding=\"async\" src=\"https:\/\/bestmeditrips.com\/wp-content\/uploads\/2024\/09\/health-tourism-istanbul-1.jpg\" alt=\"Why to prefer Turkey, Istanbul, Antalya, Izmir for dental and other medical treatments?\" width=\"1024\" height=\"455\" \/><figcaption class=\"wp-caption-text\"><em>L&rsquo;une des cliniques dentaires d&rsquo;Istanbul<\/em><\/figcaption><\/figure>\n<h3>Traitements Populaires en Turquie<\/h3>\n<ul>\n<li><em>Implants dentaires<\/em> : La Turquie est r\u00e9put\u00e9e pour ses services d&rsquo;<strong>implants dentaires<\/strong> de haute qualit\u00e9 et \u00e0 prix abordables, y compris les traitements <em>all-on-4<\/em> et <em>all-on-6<\/em>.<\/li>\n<li><em>Rhinoplastie<\/em> et <em>augmentation mammaire<\/em> : La Turquie offre un large \u00e9ventail de proc\u00e9dures de <strong>chirurgie esth\u00e9tique<\/strong>, r\u00e9alis\u00e9es par des professionnels certifi\u00e9s.<\/li>\n<li><em>Restauration capillaire<\/em> : Avec des cliniques offrant des techniques avanc\u00e9es, la Turquie est devenue une destination de premier plan pour les traitements de <strong>greffe de cheveux<\/strong>.<\/li>\n<li><strong>Troubles orthop\u00e9diques<\/strong> : La Turquie propose des soins orthop\u00e9diques de premier ordre, sp\u00e9cialis\u00e9s dans les <em>remplacements d&rsquo;articulations<\/em>, les <em>d\u00e9chirures du m\u00e9nisque<\/em> et les interventions chirurgicales peu invasives.<\/li>\n<li><strong>Traitements oculaires<\/strong> : La Turquie est \u00e9galement une destination de premier choix pour les soins ophtalmologiques, offrant des proc\u00e9dures telles que le <em>LASIK<\/em>, la <em>chirurgie de la cataracte<\/em> et la <em>greffe de corn\u00e9e<\/em>. Gr\u00e2ce \u00e0 une technologie de pointe et \u00e0 des ophtalmologues exp\u00e9riment\u00e9s, les patients peuvent s&rsquo;attendre \u00e0 des soins de haute qualit\u00e9 \u00e0 des prix comp\u00e9titifs.<\/li>\n<li><strong>Traitements contre le cancer<\/strong> : La Turquie devient de plus en plus un centre pour les traitements avanc\u00e9s contre le cancer, offrant des soins complets aux patients atteints de divers types de cancer. De la chimioth\u00e9rapie de pointe et de la radioth\u00e9rapie \u00e0 l&rsquo;immunoth\u00e9rapie innovante et \u00e0 l&rsquo;oncologie de pr\u00e9cision, les cliniques turques permettent d&rsquo;acc\u00e9der aux meilleurs sp\u00e9cialistes en oncologie et aux technologies m\u00e9dicales les plus r\u00e9centes. Les patients peuvent s&rsquo;attendre \u00e0 des plans de traitement personnalis\u00e9s \u00e0 des co\u00fbts consid\u00e9rablement inf\u00e9rieurs \u00e0 ceux des pays occidentaux, sans compromettre la qualit\u00e9.<\/li>\n<\/ul>\n<h3>Les Principales Villes pour le Tourisme M\u00e9dical en Turquie<\/h3>\n<ul>\n<li><strong>Istanbul<\/strong> : Connue pour ses cliniques de <strong>chirurgie esth\u00e9tique<\/strong> et d&rsquo;<strong>implants dentaires<\/strong> de qualit\u00e9 sup\u00e9rieure, <strong>Istanbul<\/strong> attire des milliers de patients internationaux chaque ann\u00e9e.<\/li>\n<li><strong>Antalya<\/strong> : Ville c\u00f4ti\u00e8re qui offre non seulement des soins m\u00e9dicaux de qualit\u00e9, mais aussi un environnement relaxant pour la r\u00e9cup\u00e9ration, notamment apr\u00e8s des traitements esth\u00e9tiques.<\/li>\n<li><strong>Izmir<\/strong> : Ville cl\u00e9 pour les soins dentaires et les traitements des <strong>troubles orthop\u00e9diques<\/strong>, <strong>Izmir<\/strong> devient un centre en pleine croissance pour le tourisme m\u00e9dical.<\/li>\n<\/ul>\n<h3>Obtenez les Meilleurs Soins au Meilleur Prix<\/h3>\n<p>En choisissant la Turquie, vous optez non seulement pour des soins de haute qualit\u00e9, mais vous r\u00e9alisez \u00e9galement des \u00e9conomies significatives sur les co\u00fbts m\u00e9dicaux. De nombreuses cliniques offrent des forfaits tout compris qui couvrent les soins, l&rsquo;h\u00e9bergement et le transport, garantissant une exp\u00e9rience sans tracas pour les patients internationaux.<\/p>\n<h3>Commencez \u00e0 Planifier Votre Voyage M\u00e9dical en Turquie<\/h3>\n<p>Pr\u00eat \u00e0 explorer les options de soins en Turquie ? Contactez notre \u00e9quipe pour des conseils personnalis\u00e9s et des recommandations sur les meilleures cliniques et traitements. Nous vous aiderons \u00e0 prendre des d\u00e9cisions \u00e9clair\u00e9es et \u00e0 b\u00e9n\u00e9ficier de services de sant\u00e9 de premier ordre \u00e0 des prix abordables.<\/p>\n<p><span style=\"text-decoration: underline;\"><strong>CONTACTEZ-NOUS<\/strong><\/span><\/p>\n<style id=\"wpforms-css-vars-673\">\n\t\t\t\t#wpforms-673 {\n\t\t\t\t\n\t\t\t}\n\t\t\t<\/style><div class=\"wpforms-container wpforms-container-full wpforms-render-modern\" id=\"wpforms-673\"><form id=\"wpforms-form-673\" class=\"wpforms-validate wpforms-form wpforms-ajax-form\" data-formid=\"673\" method=\"post\" enctype=\"multipart\/form-data\" action=\"\/fr\/wp-json\/wp\/v2\/pages\/1110\" data-token=\"3afdf7b15cb95e56096648baafd6df2b\" data-token-time=\"1776394084\"><noscript class=\"wpforms-error-noscript\">Veuillez activer JavaScript dans votre navigateur pour remplir ce formulaire.<\/noscript><div id=\"wpforms-error-noscript\" style=\"display: none;\">Veuillez activer JavaScript dans votre navigateur pour remplir ce formulaire.<\/div><div class=\"wpforms-field-container\">\t\t<div id=\"wpforms-673-field_4-container\"\n\t\t\tclass=\"wpforms-field wpforms-field-text\"\n\t\t\tdata-field-type=\"text\"\n\t\t\tdata-field-id=\"4\"\n\t\t\t>\n\t\t\t<label class=\"wpforms-field-label\" for=\"wpforms-673-field_4\" >et portable Pr\u00e9nom<\/label>\n\t\t\t<input type=\"text\" id=\"wpforms-673-field_4\" class=\"wpforms-field-medium\" name=\"wpforms[fields][4]\" >\n\t\t<\/div>\n\t\t<div id=\"wpforms-673-field_1-container\" class=\"wpforms-field wpforms-field-name\" data-field-id=\"1\"><fieldset><legend class=\"wpforms-field-label\">Pr\u00e9nom et nom <span class=\"wpforms-required-label\" aria-hidden=\"true\">*<\/span><\/legend><div class=\"wpforms-field-row wpforms-field-medium\"><div class=\"wpforms-field-row-block wpforms-first wpforms-one-half\"><input type=\"text\" id=\"wpforms-673-field_1\" class=\"wpforms-field-name-first wpforms-field-required\" name=\"wpforms[fields][1][first]\" aria-errormessage=\"wpforms-673-field_1-error\" required><label for=\"wpforms-673-field_1\" class=\"wpforms-field-sublabel after\">First<\/label><\/div><div class=\"wpforms-field-row-block wpforms-one-half\"><input type=\"text\" id=\"wpforms-673-field_1-last\" class=\"wpforms-field-name-last wpforms-field-required\" name=\"wpforms[fields][1][last]\" aria-errormessage=\"wpforms-673-field_1-last-error\" required><label for=\"wpforms-673-field_1-last\" class=\"wpforms-field-sublabel after\">Last<\/label><\/div><\/div><\/fieldset><\/div><div id=\"wpforms-673-field_2-container\" class=\"wpforms-field wpforms-field-email\" data-field-id=\"2\"><label class=\"wpforms-field-label\" for=\"wpforms-673-field_2\">Courriel et t\u00e9l\u00e9phone portable <span class=\"wpforms-required-label\" aria-hidden=\"true\">*<\/span><\/label><input type=\"email\" id=\"wpforms-673-field_2\" class=\"wpforms-field-medium wpforms-field-required\" name=\"wpforms[fields][2]\" spellcheck=\"false\" aria-errormessage=\"wpforms-673-field_2-error\" required><\/div><div id=\"wpforms-673-field_3-container\" class=\"wpforms-field wpforms-field-textarea\" data-field-id=\"3\"><label class=\"wpforms-field-label\" for=\"wpforms-673-field_3\">Votre message<\/label><textarea id=\"wpforms-673-field_3\" class=\"wpforms-field-medium\" name=\"wpforms[fields][3]\" aria-errormessage=\"wpforms-673-field_3-error\" ><\/textarea><\/div><script>\n\t\t\t\t( function() {\n\t\t\t\t\tconst style = document.createElement( 'style' );\n\t\t\t\t\tstyle.appendChild( document.createTextNode( '#wpforms-673-field_4-container { position: absolute !important; overflow: hidden !important; display: inline !important; height: 1px !important; width: 1px !important; z-index: -1000 !important; padding: 0 !important; } #wpforms-673-field_4-container input { visibility: hidden; } #wpforms-conversational-form-page #wpforms-673-field_4-container label { counter-increment: none; }' ) );\n\t\t\t\t\tdocument.head.appendChild( style );\n\t\t\t\t\tdocument.currentScript?.remove();\n\t\t\t\t} )();\n\t\t\t<\/script><\/div><!-- .wpforms-field-container --><div class=\"wpforms-submit-container\" ><input type=\"hidden\" name=\"wpforms[id]\" value=\"673\"><input type=\"hidden\" name=\"page_title\" value=\"\"><input type=\"hidden\" name=\"page_url\" value=\"https:\/\/bestmeditrips.com\/fr\/wp-json\/wp\/v2\/pages\/1110\"><input type=\"hidden\" name=\"url_referer\" value=\"\"><button type=\"submit\" name=\"wpforms[submit]\" id=\"wpforms-submit-673\" class=\"wpforms-submit\" data-alt-text=\"Sending...\" data-submit-text=\"Soumettre\" aria-live=\"assertive\" value=\"wpforms-submit\">Soumettre<\/button><img loading=\"lazy\" decoding=\"async\" src=\"https:\/\/bestmeditrips.com\/wp-content\/plugins\/wpforms-lite\/assets\/images\/submit-spin.svg\" class=\"wpforms-submit-spinner\" style=\"display: none;\" width=\"26\" height=\"26\" alt=\"Chargement en cours\"><\/div><\/form><\/div>  <!-- .wpforms-container -->\n","protected":false},"excerpt":{"rendered":"<p>D\u00e9couvrez les Soins de Sant\u00e9 Premium en Turquie La Turquie est devenue une destination de premier plan pour le tourisme m\u00e9dical, offrant des traitements m\u00e9dicaux de classe mondiale \u00e0 des prix abordables. Que vous envisagiez des implants dentaires, de la chirurgie esth\u00e9tique, des troubles orthop\u00e9diques, des traitements oculaires, une greffe de cheveux, des traitements contre &#8230; <a title=\"Turquie\" class=\"read-more\" href=\"https:\/\/bestmeditrips.com\/fr\/turquie\/\" aria-label=\"En savoir plus sur Turquie\">Lire plus<\/a><\/p>\n","protected":false},"author":1,"featured_media":910,"parent":0,"menu_order":0,"comment_status":"closed","ping_status":"closed","template":"","meta":{"footnotes":""},"class_list":["post-1110","page","type-page","status-publish","has-post-thumbnail"],"yoast_head":"<!-- This site is optimized with the Yoast SEO plugin v27.4 - https:\/\/yoast.com\/product\/yoast-seo-wordpress\/ -->\n<title>Tourisme M\u00e9dical en Turquie : Soins Abordables, Cliniques Premium<\/title>\n<meta name=\"description\" content=\"D\u00e9couvrez des services de sant\u00e9 de classe mondiale en Turquie. Des prix abordables et des soins experts de m\u00e9decins renomm\u00e9s \u00e0 Istanbul, Antalya, Izmir...\" \/>\n<meta name=\"robots\" content=\"index, follow, max-snippet:-1, max-image-preview:large, max-video-preview:-1\" \/>\n<link rel=\"canonical\" href=\"https:\/\/bestmeditrips.com\/fr\/turquie\/\" \/>\n<meta property=\"og:locale\" content=\"fr_FR\" \/>\n<meta property=\"og:type\" content=\"article\" \/>\n<meta property=\"og:title\" content=\"Tourisme M\u00e9dical en Turquie : Soins Abordables, Cliniques Premium\" \/>\n<meta property=\"og:description\" content=\"D\u00e9couvrez des services de sant\u00e9 de classe mondiale en Turquie. Des prix abordables et des soins experts de m\u00e9decins renomm\u00e9s \u00e0 Istanbul, Antalya, Izmir...\" \/>\n<meta property=\"og:url\" content=\"https:\/\/bestmeditrips.com\/fr\/turquie\/\" \/>\n<meta property=\"og:site_name\" content=\"Bestmeditrips.com\" \/>\n<meta property=\"article:publisher\" content=\"https:\/\/www.facebook.com\/profile.php?id=61565479139599\" \/>\n<meta property=\"og:image\" content=\"https:\/\/bestmeditrips.com\/wp-content\/uploads\/2024\/09\/turkey-e1727124656345.jpg\" \/>\n\t<meta property=\"og:image:width\" content=\"1350\" \/>\n\t<meta property=\"og:image:height\" content=\"360\" \/>\n\t<meta property=\"og:image:type\" content=\"image\/jpeg\" \/>\n<meta name=\"twitter:card\" content=\"summary_large_image\" \/>\n<meta name=\"twitter:label1\" content=\"Dur\u00e9e de lecture estim\u00e9e\" \/>\n\t<meta name=\"twitter:data1\" content=\"4 minutes\" \/>\n<script type=\"application\/ld+json\" class=\"yoast-schema-graph\">{\"@context\":\"https:\\\/\\\/schema.org\",\"@graph\":[{\"@type\":\"WebPage\",\"@id\":\"https:\\\/\\\/bestmeditrips.com\\\/fr\\\/turquie\\\/\",\"url\":\"https:\\\/\\\/bestmeditrips.com\\\/fr\\\/turquie\\\/\",\"name\":\"Tourisme M\u00e9dical en Turquie : Soins Abordables, Cliniques Premium\",\"isPartOf\":{\"@id\":\"https:\\\/\\\/bestmeditrips.com\\\/fr\\\/#website\"},\"primaryImageOfPage\":{\"@id\":\"https:\\\/\\\/bestmeditrips.com\\\/fr\\\/turquie\\\/#primaryimage\"},\"image\":{\"@id\":\"https:\\\/\\\/bestmeditrips.com\\\/fr\\\/turquie\\\/#primaryimage\"},\"thumbnailUrl\":\"https:\\\/\\\/bestmeditrips.com\\\/wp-content\\\/uploads\\\/2024\\\/09\\\/turkey-e1727124656345.jpg\",\"datePublished\":\"2024-09-23T18:41:39+00:00\",\"description\":\"D\u00e9couvrez des services de sant\u00e9 de classe mondiale en Turquie. Des prix abordables et des soins experts de m\u00e9decins renomm\u00e9s \u00e0 Istanbul, Antalya, Izmir...\",\"breadcrumb\":{\"@id\":\"https:\\\/\\\/bestmeditrips.com\\\/fr\\\/turquie\\\/#breadcrumb\"},\"inLanguage\":\"fr-FR\",\"potentialAction\":[{\"@type\":\"ReadAction\",\"target\":[\"https:\\\/\\\/bestmeditrips.com\\\/fr\\\/turquie\\\/\"]}]},{\"@type\":\"ImageObject\",\"inLanguage\":\"fr-FR\",\"@id\":\"https:\\\/\\\/bestmeditrips.com\\\/fr\\\/turquie\\\/#primaryimage\",\"url\":\"https:\\\/\\\/bestmeditrips.com\\\/wp-content\\\/uploads\\\/2024\\\/09\\\/turkey-e1727124656345.jpg\",\"contentUrl\":\"https:\\\/\\\/bestmeditrips.com\\\/wp-content\\\/uploads\\\/2024\\\/09\\\/turkey-e1727124656345.jpg\",\"width\":1350,\"height\":360,\"caption\":\"Turquie ; des soins de sant\u00e9 de qualit\u00e9, la capitale du tourisme m\u00e9dical\\\/sant\u00e9.\"},{\"@type\":\"BreadcrumbList\",\"@id\":\"https:\\\/\\\/bestmeditrips.com\\\/fr\\\/turquie\\\/#breadcrumb\",\"itemListElement\":[{\"@type\":\"ListItem\",\"position\":1,\"name\":\"Home\",\"item\":\"https:\\\/\\\/bestmeditrips.com\\\/fr\\\/\"},{\"@type\":\"ListItem\",\"position\":2,\"name\":\"Turquie\"}]},{\"@type\":\"WebSite\",\"@id\":\"https:\\\/\\\/bestmeditrips.com\\\/fr\\\/#website\",\"url\":\"https:\\\/\\\/bestmeditrips.com\\\/fr\\\/\",\"name\":\"Bestmeditrips.com\",\"description\":\"Tourisme m\u00e9dical, meilleurs traitements, cliniques, m\u00e9decins et dentistes!\",\"publisher\":{\"@id\":\"https:\\\/\\\/bestmeditrips.com\\\/fr\\\/#organization\"},\"potentialAction\":[{\"@type\":\"SearchAction\",\"target\":{\"@type\":\"EntryPoint\",\"urlTemplate\":\"https:\\\/\\\/bestmeditrips.com\\\/fr\\\/?s={search_term_string}\"},\"query-input\":{\"@type\":\"PropertyValueSpecification\",\"valueRequired\":true,\"valueName\":\"search_term_string\"}}],\"inLanguage\":\"fr-FR\"},{\"@type\":\"Organization\",\"@id\":\"https:\\\/\\\/bestmeditrips.com\\\/fr\\\/#organization\",\"name\":\"Bestmeditrips.com\",\"url\":\"https:\\\/\\\/bestmeditrips.com\\\/fr\\\/\",\"logo\":{\"@type\":\"ImageObject\",\"inLanguage\":\"fr-FR\",\"@id\":\"https:\\\/\\\/bestmeditrips.com\\\/fr\\\/#\\\/schema\\\/logo\\\/image\\\/\",\"url\":\"https:\\\/\\\/bestmeditrips.com\\\/wp-content\\\/uploads\\\/2024\\\/09\\\/logo-2.png\",\"contentUrl\":\"https:\\\/\\\/bestmeditrips.com\\\/wp-content\\\/uploads\\\/2024\\\/09\\\/logo-2.png\",\"width\":500,\"height\":98,\"caption\":\"Bestmeditrips.com\"},\"image\":{\"@id\":\"https:\\\/\\\/bestmeditrips.com\\\/fr\\\/#\\\/schema\\\/logo\\\/image\\\/\"},\"sameAs\":[\"https:\\\/\\\/www.facebook.com\\\/profile.php?id=61565479139599\"]}]}<\/script>\n<!-- \/ Yoast SEO plugin. -->","yoast_head_json":{"title":"Tourisme M\u00e9dical en Turquie : Soins Abordables, Cliniques Premium","description":"D\u00e9couvrez des services de sant\u00e9 de classe mondiale en Turquie. Des prix abordables et des soins experts de m\u00e9decins renomm\u00e9s \u00e0 Istanbul, Antalya, Izmir...","robots":{"index":"index","follow":"follow","max-snippet":"max-snippet:-1","max-image-preview":"max-image-preview:large","max-video-preview":"max-video-preview:-1"},"canonical":"https:\/\/bestmeditrips.com\/fr\/turquie\/","og_locale":"fr_FR","og_type":"article","og_title":"Tourisme M\u00e9dical en Turquie : Soins Abordables, Cliniques Premium","og_description":"D\u00e9couvrez des services de sant\u00e9 de classe mondiale en Turquie. Des prix abordables et des soins experts de m\u00e9decins renomm\u00e9s \u00e0 Istanbul, Antalya, Izmir...","og_url":"https:\/\/bestmeditrips.com\/fr\/turquie\/","og_site_name":"Bestmeditrips.com","article_publisher":"https:\/\/www.facebook.com\/profile.php?id=61565479139599","og_image":[{"width":1350,"height":360,"url":"https:\/\/bestmeditrips.com\/wp-content\/uploads\/2024\/09\/turkey-e1727124656345.jpg","type":"image\/jpeg"}],"twitter_card":"summary_large_image","twitter_misc":{"Dur\u00e9e de lecture estim\u00e9e":"4 minutes"},"schema":{"@context":"https:\/\/schema.org","@graph":[{"@type":"WebPage","@id":"https:\/\/bestmeditrips.com\/fr\/turquie\/","url":"https:\/\/bestmeditrips.com\/fr\/turquie\/","name":"Tourisme M\u00e9dical en Turquie : Soins Abordables, Cliniques Premium","isPartOf":{"@id":"https:\/\/bestmeditrips.com\/fr\/#website"},"primaryImageOfPage":{"@id":"https:\/\/bestmeditrips.com\/fr\/turquie\/#primaryimage"},"image":{"@id":"https:\/\/bestmeditrips.com\/fr\/turquie\/#primaryimage"},"thumbnailUrl":"https:\/\/bestmeditrips.com\/wp-content\/uploads\/2024\/09\/turkey-e1727124656345.jpg","datePublished":"2024-09-23T18:41:39+00:00","description":"D\u00e9couvrez des services de sant\u00e9 de classe mondiale en Turquie. Des prix abordables et des soins experts de m\u00e9decins renomm\u00e9s \u00e0 Istanbul, Antalya, Izmir...","breadcrumb":{"@id":"https:\/\/bestmeditrips.com\/fr\/turquie\/#breadcrumb"},"inLanguage":"fr-FR","potentialAction":[{"@type":"ReadAction","target":["https:\/\/bestmeditrips.com\/fr\/turquie\/"]}]},{"@type":"ImageObject","inLanguage":"fr-FR","@id":"https:\/\/bestmeditrips.com\/fr\/turquie\/#primaryimage","url":"https:\/\/bestmeditrips.com\/wp-content\/uploads\/2024\/09\/turkey-e1727124656345.jpg","contentUrl":"https:\/\/bestmeditrips.com\/wp-content\/uploads\/2024\/09\/turkey-e1727124656345.jpg","width":1350,"height":360,"caption":"Turquie ; des soins de sant\u00e9 de qualit\u00e9, la capitale du tourisme m\u00e9dical\/sant\u00e9."},{"@type":"BreadcrumbList","@id":"https:\/\/bestmeditrips.com\/fr\/turquie\/#breadcrumb","itemListElement":[{"@type":"ListItem","position":1,"name":"Home","item":"https:\/\/bestmeditrips.com\/fr\/"},{"@type":"ListItem","position":2,"name":"Turquie"}]},{"@type":"WebSite","@id":"https:\/\/bestmeditrips.com\/fr\/#website","url":"https:\/\/bestmeditrips.com\/fr\/","name":"Bestmeditrips.com","description":"Tourisme m\u00e9dical, meilleurs traitements, cliniques, m\u00e9decins et dentistes!","publisher":{"@id":"https:\/\/bestmeditrips.com\/fr\/#organization"},"potentialAction":[{"@type":"SearchAction","target":{"@type":"EntryPoint","urlTemplate":"https:\/\/bestmeditrips.com\/fr\/?s={search_term_string}"},"query-input":{"@type":"PropertyValueSpecification","valueRequired":true,"valueName":"search_term_string"}}],"inLanguage":"fr-FR"},{"@type":"Organization","@id":"https:\/\/bestmeditrips.com\/fr\/#organization","name":"Bestmeditrips.com","url":"https:\/\/bestmeditrips.com\/fr\/","logo":{"@type":"ImageObject","inLanguage":"fr-FR","@id":"https:\/\/bestmeditrips.com\/fr\/#\/schema\/logo\/image\/","url":"https:\/\/bestmeditrips.com\/wp-content\/uploads\/2024\/09\/logo-2.png","contentUrl":"https:\/\/bestmeditrips.com\/wp-content\/uploads\/2024\/09\/logo-2.png","width":500,"height":98,"caption":"Bestmeditrips.com"},"image":{"@id":"https:\/\/bestmeditrips.com\/fr\/#\/schema\/logo\/image\/"},"sameAs":["https:\/\/www.facebook.com\/profile.php?id=61565479139599"]}]}},"_links":{"self":[{"href":"https:\/\/bestmeditrips.com\/fr\/wp-json\/wp\/v2\/pages\/1110","targetHints":{"allow":["GET"]}}],"collection":[{"href":"https:\/\/bestmeditrips.com\/fr\/wp-json\/wp\/v2\/pages"}],"about":[{"href":"https:\/\/bestmeditrips.com\/fr\/wp-json\/wp\/v2\/types\/page"}],"author":[{"embeddable":true,"href":"https:\/\/bestmeditrips.com\/fr\/wp-json\/wp\/v2\/users\/1"}],"replies":[{"embeddable":true,"href":"https:\/\/bestmeditrips.com\/fr\/wp-json\/wp\/v2\/comments?post=1110"}],"version-history":[{"count":0,"href":"https:\/\/bestmeditrips.com\/fr\/wp-json\/wp\/v2\/pages\/1110\/revisions"}],"wp:featuredmedia":[{"embeddable":true,"href":"https:\/\/bestmeditrips.com\/fr\/wp-json\/wp\/v2\/media\/910"}],"wp:attachment":[{"href":"https:\/\/bestmeditrips.com\/fr\/wp-json\/wp\/v2\/media?parent=1110"}],"curies":[{"name":"wp","href":"https:\/\/api.w.org\/{rel}","templated":true}]}}