{"id":599,"date":"2024-09-02T20:02:05","date_gmt":"2024-09-02T17:02:05","guid":{"rendered":"https:\/\/bestmeditrips.com\/artikkelit\/"},"modified":"2024-09-02T20:02:05","modified_gmt":"2024-09-02T17:02:05","slug":"artikkelit","status":"publish","type":"page","link":"https:\/\/bestmeditrips.com\/fi\/artikkelit\/","title":{"rendered":"Artikkelit"},"content":{"rendered":"<h2>L\u00e4\u00e4ketieteellisen Matkailun Blogi | Viimeisimm\u00e4t Artikkelit ja N\u00e4kemykset<\/h2>\n<p>L\u00f6yd\u00e4 uusimmat trendit, asiantuntijoiden neuvot ja valaisevat artikkelit terveysturismista. Blogimme kattaa kaiken parhaista hoitovaihtoehdoista ja matkavinkeist\u00e4 kohdeoppaisiin ja potilaskertomuksiin. Pysy ajan tasalla arvokkaalla sis\u00e4ll\u00f6ll\u00e4, joka on suunniteltu parantamaan terveysturismimatkaasi.<\/p>\n","protected":false},"excerpt":{"rendered":"<p>L\u00e4\u00e4ketieteellisen Matkailun Blogi | Viimeisimm\u00e4t Artikkelit ja N\u00e4kemykset L\u00f6yd\u00e4 uusimmat trendit, asiantuntijoiden neuvot ja valaisevat artikkelit terveysturismista. Blogimme kattaa kaiken parhaista hoitovaihtoehdoista ja matkavinkeist\u00e4 kohdeoppaisiin ja potilaskertomuksiin. Pysy ajan tasalla arvokkaalla sis\u00e4ll\u00f6ll\u00e4, joka on suunniteltu parantamaan terveysturismimatkaasi.<\/p>\n","protected":false},"author":1,"featured_media":0,"parent":0,"menu_order":0,"comment_status":"closed","ping_status":"closed","template":"","meta":{"footnotes":""},"class_list":["post-599","page","type-page","status-publish"],"yoast_head":"<!-- This site is optimized with the Yoast SEO plugin v27.4 - https:\/\/yoast.com\/product\/yoast-seo-wordpress\/ -->\n<title>L\u00e4\u00e4ketieteellisen Matkailun Blogi | Artikkelit ja N\u00e4kemykset | bestmeditrips.com<\/title>\n<meta name=\"description\" content=\"Tutustu terveysturismi-informaatioihin, uusimpiin artikkeleihin, n\u00e4kemyksiin ja p\u00e4ivityksiin hoidoista, kohteista ja trendeist\u00e4.\" \/>\n<meta name=\"robots\" content=\"index, follow, max-snippet:-1, max-image-preview:large, max-video-preview:-1\" \/>\n<link rel=\"canonical\" href=\"https:\/\/bestmeditrips.com\/fi\/artikkelit\/\" \/>\n<meta property=\"og:locale\" content=\"fi_FI\" \/>\n<meta property=\"og:type\" content=\"article\" \/>\n<meta property=\"og:title\" content=\"L\u00e4\u00e4ketieteellisen Matkailun Blogi | Artikkelit ja N\u00e4kemykset | bestmeditrips.com\" \/>\n<meta property=\"og:description\" content=\"Tutustu terveysturismi-informaatioihin, uusimpiin artikkeleihin, n\u00e4kemyksiin ja p\u00e4ivityksiin hoidoista, kohteista ja trendeist\u00e4.\" \/>\n<meta property=\"og:url\" content=\"https:\/\/bestmeditrips.com\/fi\/artikkelit\/\" \/>\n<meta property=\"og:site_name\" content=\"Bestmeditrips.com\" \/>\n<meta property=\"article:publisher\" content=\"https:\/\/www.facebook.com\/profile.php?id=61565479139599\" \/>\n<meta property=\"og:image\" content=\"https:\/\/bestmeditrips.com\/wp-content\/uploads\/2024\/09\/health-tourism.jpg\" \/>\n\t<meta property=\"og:image:width\" content=\"1024\" \/>\n\t<meta property=\"og:image:height\" content=\"683\" \/>\n\t<meta property=\"og:image:type\" content=\"image\/jpeg\" \/>\n<meta name=\"twitter:card\" content=\"summary_large_image\" \/>\n<script type=\"application\/ld+json\" class=\"yoast-schema-graph\">{\"@context\":\"https:\\\/\\\/schema.org\",\"@graph\":[{\"@type\":\"WebPage\",\"@id\":\"https:\\\/\\\/bestmeditrips.com\\\/fi\\\/artikkelit\\\/\",\"url\":\"https:\\\/\\\/bestmeditrips.com\\\/fi\\\/artikkelit\\\/\",\"name\":\"L\u00e4\u00e4ketieteellisen Matkailun Blogi | Artikkelit ja N\u00e4kemykset | bestmeditrips.com\",\"isPartOf\":{\"@id\":\"https:\\\/\\\/bestmeditrips.com\\\/fi\\\/#website\"},\"datePublished\":\"2024-09-02T17:02:05+00:00\",\"description\":\"Tutustu terveysturismi-informaatioihin, uusimpiin artikkeleihin, n\u00e4kemyksiin ja p\u00e4ivityksiin hoidoista, kohteista ja trendeist\u00e4.\",\"breadcrumb\":{\"@id\":\"https:\\\/\\\/bestmeditrips.com\\\/fi\\\/artikkelit\\\/#breadcrumb\"},\"inLanguage\":\"fi\",\"potentialAction\":[{\"@type\":\"ReadAction\",\"target\":[\"https:\\\/\\\/bestmeditrips.com\\\/fi\\\/artikkelit\\\/\"]}]},{\"@type\":\"BreadcrumbList\",\"@id\":\"https:\\\/\\\/bestmeditrips.com\\\/fi\\\/artikkelit\\\/#breadcrumb\",\"itemListElement\":[{\"@type\":\"ListItem\",\"position\":1,\"name\":\"Home\",\"item\":\"https:\\\/\\\/bestmeditrips.com\\\/fi\\\/\"},{\"@type\":\"ListItem\",\"position\":2,\"name\":\"Artikkelit\"}]},{\"@type\":\"WebSite\",\"@id\":\"https:\\\/\\\/bestmeditrips.com\\\/fi\\\/#website\",\"url\":\"https:\\\/\\\/bestmeditrips.com\\\/fi\\\/\",\"name\":\"Bestmeditrips.com\",\"description\":\"L\u00e4\u00e4ketieteellinen matkailu, parhaat hoidot, klinikat, l\u00e4\u00e4k\u00e4rit ja hammasl\u00e4\u00e4k\u00e4rit!\",\"publisher\":{\"@id\":\"https:\\\/\\\/bestmeditrips.com\\\/fi\\\/#organization\"},\"potentialAction\":[{\"@type\":\"SearchAction\",\"target\":{\"@type\":\"EntryPoint\",\"urlTemplate\":\"https:\\\/\\\/bestmeditrips.com\\\/fi\\\/?s={search_term_string}\"},\"query-input\":{\"@type\":\"PropertyValueSpecification\",\"valueRequired\":true,\"valueName\":\"search_term_string\"}}],\"inLanguage\":\"fi\"},{\"@type\":\"Organization\",\"@id\":\"https:\\\/\\\/bestmeditrips.com\\\/fi\\\/#organization\",\"name\":\"Bestmeditrips.com\",\"url\":\"https:\\\/\\\/bestmeditrips.com\\\/fi\\\/\",\"logo\":{\"@type\":\"ImageObject\",\"inLanguage\":\"fi\",\"@id\":\"https:\\\/\\\/bestmeditrips.com\\\/fi\\\/#\\\/schema\\\/logo\\\/image\\\/\",\"url\":\"https:\\\/\\\/bestmeditrips.com\\\/wp-content\\\/uploads\\\/2024\\\/09\\\/logo-2.png\",\"contentUrl\":\"https:\\\/\\\/bestmeditrips.com\\\/wp-content\\\/uploads\\\/2024\\\/09\\\/logo-2.png\",\"width\":500,\"height\":98,\"caption\":\"Bestmeditrips.com\"},\"image\":{\"@id\":\"https:\\\/\\\/bestmeditrips.com\\\/fi\\\/#\\\/schema\\\/logo\\\/image\\\/\"},\"sameAs\":[\"https:\\\/\\\/www.facebook.com\\\/profile.php?id=61565479139599\"]}]}<\/script>\n<!-- \/ Yoast SEO plugin. -->","yoast_head_json":{"title":"L\u00e4\u00e4ketieteellisen Matkailun Blogi | Artikkelit ja N\u00e4kemykset | bestmeditrips.com","description":"Tutustu terveysturismi-informaatioihin, uusimpiin artikkeleihin, n\u00e4kemyksiin ja p\u00e4ivityksiin hoidoista, kohteista ja trendeist\u00e4.","robots":{"index":"index","follow":"follow","max-snippet":"max-snippet:-1","max-image-preview":"max-image-preview:large","max-video-preview":"max-video-preview:-1"},"canonical":"https:\/\/bestmeditrips.com\/fi\/artikkelit\/","og_locale":"fi_FI","og_type":"article","og_title":"L\u00e4\u00e4ketieteellisen Matkailun Blogi | Artikkelit ja N\u00e4kemykset | bestmeditrips.com","og_description":"Tutustu terveysturismi-informaatioihin, uusimpiin artikkeleihin, n\u00e4kemyksiin ja p\u00e4ivityksiin hoidoista, kohteista ja trendeist\u00e4.","og_url":"https:\/\/bestmeditrips.com\/fi\/artikkelit\/","og_site_name":"Bestmeditrips.com","article_publisher":"https:\/\/www.facebook.com\/profile.php?id=61565479139599","og_image":[{"width":1024,"height":683,"url":"https:\/\/bestmeditrips.com\/wp-content\/uploads\/2024\/09\/health-tourism.jpg","type":"image\/jpeg"}],"twitter_card":"summary_large_image","schema":{"@context":"https:\/\/schema.org","@graph":[{"@type":"WebPage","@id":"https:\/\/bestmeditrips.com\/fi\/artikkelit\/","url":"https:\/\/bestmeditrips.com\/fi\/artikkelit\/","name":"L\u00e4\u00e4ketieteellisen Matkailun Blogi | Artikkelit ja N\u00e4kemykset | bestmeditrips.com","isPartOf":{"@id":"https:\/\/bestmeditrips.com\/fi\/#website"},"datePublished":"2024-09-02T17:02:05+00:00","description":"Tutustu terveysturismi-informaatioihin, uusimpiin artikkeleihin, n\u00e4kemyksiin ja p\u00e4ivityksiin hoidoista, kohteista ja trendeist\u00e4.","breadcrumb":{"@id":"https:\/\/bestmeditrips.com\/fi\/artikkelit\/#breadcrumb"},"inLanguage":"fi","potentialAction":[{"@type":"ReadAction","target":["https:\/\/bestmeditrips.com\/fi\/artikkelit\/"]}]},{"@type":"BreadcrumbList","@id":"https:\/\/bestmeditrips.com\/fi\/artikkelit\/#breadcrumb","itemListElement":[{"@type":"ListItem","position":1,"name":"Home","item":"https:\/\/bestmeditrips.com\/fi\/"},{"@type":"ListItem","position":2,"name":"Artikkelit"}]},{"@type":"WebSite","@id":"https:\/\/bestmeditrips.com\/fi\/#website","url":"https:\/\/bestmeditrips.com\/fi\/","name":"Bestmeditrips.com","description":"L\u00e4\u00e4ketieteellinen matkailu, parhaat hoidot, klinikat, l\u00e4\u00e4k\u00e4rit ja hammasl\u00e4\u00e4k\u00e4rit!","publisher":{"@id":"https:\/\/bestmeditrips.com\/fi\/#organization"},"potentialAction":[{"@type":"SearchAction","target":{"@type":"EntryPoint","urlTemplate":"https:\/\/bestmeditrips.com\/fi\/?s={search_term_string}"},"query-input":{"@type":"PropertyValueSpecification","valueRequired":true,"valueName":"search_term_string"}}],"inLanguage":"fi"},{"@type":"Organization","@id":"https:\/\/bestmeditrips.com\/fi\/#organization","name":"Bestmeditrips.com","url":"https:\/\/bestmeditrips.com\/fi\/","logo":{"@type":"ImageObject","inLanguage":"fi","@id":"https:\/\/bestmeditrips.com\/fi\/#\/schema\/logo\/image\/","url":"https:\/\/bestmeditrips.com\/wp-content\/uploads\/2024\/09\/logo-2.png","contentUrl":"https:\/\/bestmeditrips.com\/wp-content\/uploads\/2024\/09\/logo-2.png","width":500,"height":98,"caption":"Bestmeditrips.com"},"image":{"@id":"https:\/\/bestmeditrips.com\/fi\/#\/schema\/logo\/image\/"},"sameAs":["https:\/\/www.facebook.com\/profile.php?id=61565479139599"]}]}},"_links":{"self":[{"href":"https:\/\/bestmeditrips.com\/fi\/wp-json\/wp\/v2\/pages\/599","targetHints":{"allow":["GET"]}}],"collection":[{"href":"https:\/\/bestmeditrips.com\/fi\/wp-json\/wp\/v2\/pages"}],"about":[{"href":"https:\/\/bestmeditrips.com\/fi\/wp-json\/wp\/v2\/types\/page"}],"author":[{"embeddable":true,"href":"https:\/\/bestmeditrips.com\/fi\/wp-json\/wp\/v2\/users\/1"}],"replies":[{"embeddable":true,"href":"https:\/\/bestmeditrips.com\/fi\/wp-json\/wp\/v2\/comments?post=599"}],"version-history":[{"count":0,"href":"https:\/\/bestmeditrips.com\/fi\/wp-json\/wp\/v2\/pages\/599\/revisions"}],"wp:attachment":[{"href":"https:\/\/bestmeditrips.com\/fi\/wp-json\/wp\/v2\/media?parent=599"}],"curies":[{"name":"wp","href":"https:\/\/api.w.org\/{rel}","templated":true}]}}