{"id":420,"date":"2024-09-01T20:00:15","date_gmt":"2024-09-01T17:00:15","guid":{"rendered":"https:\/\/bestmeditrips.com\/tietosuojakaytanto\/"},"modified":"2024-09-05T01:00:33","modified_gmt":"2024-09-04T22:00:33","slug":"tietosuojakaytanto","status":"publish","type":"page","link":"https:\/\/bestmeditrips.com\/fi\/tietosuojakaytanto\/","title":{"rendered":"Tietosuojak\u00e4yt\u00e4nt\u00f6"},"content":{"rendered":"<p><strong>Tietosuojak\u00e4yt\u00e4nt\u00f6<\/strong><\/p>\n<p>Kiitos, ett\u00e4 vierailit <em>BestMediTrips.com<\/em>-sivustolla. Yksityisyytesi on meille t\u00e4rke\u00e4\u00e4. T\u00e4m\u00e4 <strong>Tietosuojak\u00e4yt\u00e4nt\u00f6<\/strong> selitt\u00e4\u00e4, kuinka ker\u00e4\u00e4mme, k\u00e4yt\u00e4mme, paljastamme ja suojaamme tietojasi, kun vierailet verkkosivustollamme. Lue t\u00e4m\u00e4 tietosuojak\u00e4yt\u00e4nt\u00f6 huolellisesti. Jos et hyv\u00e4ksy t\u00e4m\u00e4n tietosuojak\u00e4yt\u00e4nn\u00f6n ehtoja, \u00e4l\u00e4 k\u00e4yt\u00e4 sivustoa.<\/p>\n<p><strong>1. Ker\u00e4\u00e4m\u00e4mme tiedot<\/strong><\/p>\n<p>Saatamme ker\u00e4t\u00e4 henkil\u00f6kohtaisia tietoja, kuten nimesi, s\u00e4hk\u00f6postiosoitteesi, puhelinnumerosi ja muita tietoja, jotka annat meille, kun olet vuorovaikutuksessa verkkosivustomme kanssa tai otat meihin yhteytt\u00e4 kyselyjen vuoksi.<\/p>\n<p><strong>2. Kuinka k\u00e4yt\u00e4mme tietojasi<\/strong><\/p>\n<p>Voimme k\u00e4ytt\u00e4\u00e4 ker\u00e4\u00e4mi\u00e4mme tietoja seuraaviin tarkoituksiin:<\/p>\n<p>Tarjoamaan, k\u00e4ytt\u00e4m\u00e4\u00e4n ja yll\u00e4pit\u00e4m\u00e4\u00e4n verkkosivustoamme<br \/>\nParantamaan, personoimaan ja laajentamaan verkkosivustomme tarjontaa<br \/>\nKommunikoimaan kanssasi joko suoraan tai yhden kumppanimme kautta, mukaan lukien asiakaspalvelu, verkkosivustoon liittyvien p\u00e4ivitysten ja muiden tietojen tarjoaminen sek\u00e4 markkinointi- ja promootiotarkoituksiin<br \/>\nSuojella, tutkia ja est\u00e4\u00e4 luvattomat tai laittomat toimet<\/p>\n<p><strong>3. Tietojesi paljastaminen<\/strong><\/p>\n<p>Voimme jakaa tietosi kolmansien osapuolten kanssa vain t\u00e4ss\u00e4 <strong>Tietosuojak\u00e4yt\u00e4nn\u00f6ss\u00e4<\/strong> kuvatuilla tavoilla.<\/p>\n<p><strong>4. Tietojesi turvallisuus<\/strong><\/p>\n<p>K\u00e4yt\u00e4mme hallinnollisia, teknisi\u00e4 ja fyysisi\u00e4 turvallisuustoimenpiteit\u00e4 auttaaksemme suojaamaan henkil\u00f6tietojasi. Vaikka olemme ryhtyneet kohtuullisiin toimenpiteisiin suojataksemme meille antamiasi henkil\u00f6tietoja, ole tietoinen, ett\u00e4 mik\u00e4\u00e4n turvallisuustoimenpide ei ole t\u00e4ydellinen tai l\u00e4p\u00e4isem\u00e4t\u00f6n.<\/p>\n<p><strong>5. Valintasi tietojesi suhteen<\/strong><\/p>\n<p>Sinulla on oikeus:<\/p>\n<p>P\u00e4ivitt\u00e4\u00e4 tai korjata henkil\u00f6tietosi<br \/>\nKielt\u00e4yty\u00e4 vastaanottamasta markkinointiviestej\u00e4<br \/>\nPyyt\u00e4\u00e4, ett\u00e4 poistamme henkil\u00f6tietosi<\/p>\n<p><strong>6. Tietosuojak\u00e4yt\u00e4nn\u00f6n muutokset<\/strong><\/p>\n<p>Saatamme p\u00e4ivitt\u00e4\u00e4 t\u00e4t\u00e4 <strong>Tietosuojak\u00e4yt\u00e4nt\u00f6\u00e4<\/strong> ajoittain heijastamaan esimerkiksi k\u00e4yt\u00e4nt\u00f6jemme muutoksia tai muita toiminnallisia, laillisia tai s\u00e4\u00e4ntelyllisi\u00e4 syit\u00e4.<\/p>\n<p><strong>7. Ota yhteytt\u00e4<\/strong><\/p>\n<p>Jos sinulla on kysytt\u00e4v\u00e4\u00e4 tai kommentoitavaa t\u00e4st\u00e4 <strong>Tietosuojak\u00e4yt\u00e4nn\u00f6st\u00e4<\/strong>, ota meihin yhteytt\u00e4.<\/p>\n","protected":false},"excerpt":{"rendered":"<p>Tietosuojak\u00e4yt\u00e4nt\u00f6 Kiitos, ett\u00e4 vierailit BestMediTrips.com-sivustolla. Yksityisyytesi on meille t\u00e4rke\u00e4\u00e4. T\u00e4m\u00e4 Tietosuojak\u00e4yt\u00e4nt\u00f6 selitt\u00e4\u00e4, kuinka ker\u00e4\u00e4mme, k\u00e4yt\u00e4mme, paljastamme ja suojaamme tietojasi, kun vierailet verkkosivustollamme. Lue t\u00e4m\u00e4 tietosuojak\u00e4yt\u00e4nt\u00f6 huolellisesti. Jos et hyv\u00e4ksy t\u00e4m\u00e4n tietosuojak\u00e4yt\u00e4nn\u00f6n ehtoja, \u00e4l\u00e4 k\u00e4yt\u00e4 sivustoa. 1. Ker\u00e4\u00e4m\u00e4mme tiedot Saatamme ker\u00e4t\u00e4 henkil\u00f6kohtaisia tietoja, kuten nimesi, s\u00e4hk\u00f6postiosoitteesi, puhelinnumerosi ja muita tietoja, jotka annat meille, kun olet vuorovaikutuksessa &#8230; <a title=\"Tietosuojak\u00e4yt\u00e4nt\u00f6\" class=\"read-more\" href=\"https:\/\/bestmeditrips.com\/fi\/tietosuojakaytanto\/\" aria-label=\"Lue lis\u00e4\u00e4 aiheesta Tietosuojak\u00e4yt\u00e4nt\u00f6\">Lue lis\u00e4\u00e4<\/a><\/p>\n","protected":false},"author":1,"featured_media":0,"parent":0,"menu_order":0,"comment_status":"closed","ping_status":"open","template":"","meta":{"footnotes":""},"class_list":["post-420","page","type-page","status-publish"],"yoast_head":"<!-- This site is optimized with the Yoast SEO plugin v27.4 - https:\/\/yoast.com\/product\/yoast-seo-wordpress\/ -->\n<title>Tietosuojak\u00e4yt\u00e4nt\u00f6 - Bestmeditrips.com<\/title>\n<meta name=\"robots\" content=\"index, follow, max-snippet:-1, max-image-preview:large, max-video-preview:-1\" \/>\n<link rel=\"canonical\" href=\"https:\/\/bestmeditrips.com\/fi\/tietosuojakaytanto\/\" \/>\n<meta property=\"og:locale\" content=\"fi_FI\" \/>\n<meta property=\"og:type\" content=\"article\" \/>\n<meta property=\"og:title\" content=\"Tietosuojak\u00e4yt\u00e4nt\u00f6 - Bestmeditrips.com\" \/>\n<meta property=\"og:description\" content=\"Tietosuojak\u00e4yt\u00e4nt\u00f6 Kiitos, ett\u00e4 vierailit BestMediTrips.com-sivustolla. Yksityisyytesi on meille t\u00e4rke\u00e4\u00e4. T\u00e4m\u00e4 Tietosuojak\u00e4yt\u00e4nt\u00f6 selitt\u00e4\u00e4, kuinka ker\u00e4\u00e4mme, k\u00e4yt\u00e4mme, paljastamme ja suojaamme tietojasi, kun vierailet verkkosivustollamme. Lue t\u00e4m\u00e4 tietosuojak\u00e4yt\u00e4nt\u00f6 huolellisesti. Jos et hyv\u00e4ksy t\u00e4m\u00e4n tietosuojak\u00e4yt\u00e4nn\u00f6n ehtoja, \u00e4l\u00e4 k\u00e4yt\u00e4 sivustoa. 1. Ker\u00e4\u00e4m\u00e4mme tiedot Saatamme ker\u00e4t\u00e4 henkil\u00f6kohtaisia tietoja, kuten nimesi, s\u00e4hk\u00f6postiosoitteesi, puhelinnumerosi ja muita tietoja, jotka annat meille, kun olet vuorovaikutuksessa ... Lue lis\u00e4\u00e4\" \/>\n<meta property=\"og:url\" content=\"https:\/\/bestmeditrips.com\/fi\/tietosuojakaytanto\/\" \/>\n<meta property=\"og:site_name\" content=\"Bestmeditrips.com\" \/>\n<meta property=\"article:publisher\" content=\"https:\/\/www.facebook.com\/profile.php?id=61565479139599\" \/>\n<meta property=\"article:modified_time\" content=\"2024-09-04T22:00:33+00:00\" \/>\n<meta property=\"og:image\" content=\"https:\/\/bestmeditrips.com\/wp-content\/uploads\/2024\/09\/health-tourism.jpg\" \/>\n\t<meta property=\"og:image:width\" content=\"1024\" \/>\n\t<meta property=\"og:image:height\" content=\"683\" \/>\n\t<meta property=\"og:image:type\" content=\"image\/jpeg\" \/>\n<meta name=\"twitter:card\" content=\"summary_large_image\" \/>\n<meta name=\"twitter:label1\" content=\"Arvioitu lukuaika\" \/>\n\t<meta name=\"twitter:data1\" content=\"1 minuutti\" \/>\n<script type=\"application\/ld+json\" class=\"yoast-schema-graph\">{\"@context\":\"https:\\\/\\\/schema.org\",\"@graph\":[{\"@type\":\"WebPage\",\"@id\":\"https:\\\/\\\/bestmeditrips.com\\\/fi\\\/tietosuojakaytanto\\\/\",\"url\":\"https:\\\/\\\/bestmeditrips.com\\\/fi\\\/tietosuojakaytanto\\\/\",\"name\":\"Tietosuojak\u00e4yt\u00e4nt\u00f6 - Bestmeditrips.com\",\"isPartOf\":{\"@id\":\"https:\\\/\\\/bestmeditrips.com\\\/fi\\\/#website\"},\"datePublished\":\"2024-09-01T17:00:15+00:00\",\"dateModified\":\"2024-09-04T22:00:33+00:00\",\"breadcrumb\":{\"@id\":\"https:\\\/\\\/bestmeditrips.com\\\/fi\\\/tietosuojakaytanto\\\/#breadcrumb\"},\"inLanguage\":\"fi\",\"potentialAction\":[{\"@type\":\"ReadAction\",\"target\":[\"https:\\\/\\\/bestmeditrips.com\\\/fi\\\/tietosuojakaytanto\\\/\"]}]},{\"@type\":\"BreadcrumbList\",\"@id\":\"https:\\\/\\\/bestmeditrips.com\\\/fi\\\/tietosuojakaytanto\\\/#breadcrumb\",\"itemListElement\":[{\"@type\":\"ListItem\",\"position\":1,\"name\":\"Home\",\"item\":\"https:\\\/\\\/bestmeditrips.com\\\/fi\\\/\"},{\"@type\":\"ListItem\",\"position\":2,\"name\":\"Tietosuojak\u00e4yt\u00e4nt\u00f6\"}]},{\"@type\":\"WebSite\",\"@id\":\"https:\\\/\\\/bestmeditrips.com\\\/fi\\\/#website\",\"url\":\"https:\\\/\\\/bestmeditrips.com\\\/fi\\\/\",\"name\":\"Bestmeditrips.com\",\"description\":\"L\u00e4\u00e4ketieteellinen matkailu, parhaat hoidot, klinikat, l\u00e4\u00e4k\u00e4rit ja hammasl\u00e4\u00e4k\u00e4rit!\",\"publisher\":{\"@id\":\"https:\\\/\\\/bestmeditrips.com\\\/fi\\\/#organization\"},\"potentialAction\":[{\"@type\":\"SearchAction\",\"target\":{\"@type\":\"EntryPoint\",\"urlTemplate\":\"https:\\\/\\\/bestmeditrips.com\\\/fi\\\/?s={search_term_string}\"},\"query-input\":{\"@type\":\"PropertyValueSpecification\",\"valueRequired\":true,\"valueName\":\"search_term_string\"}}],\"inLanguage\":\"fi\"},{\"@type\":\"Organization\",\"@id\":\"https:\\\/\\\/bestmeditrips.com\\\/fi\\\/#organization\",\"name\":\"Bestmeditrips.com\",\"url\":\"https:\\\/\\\/bestmeditrips.com\\\/fi\\\/\",\"logo\":{\"@type\":\"ImageObject\",\"inLanguage\":\"fi\",\"@id\":\"https:\\\/\\\/bestmeditrips.com\\\/fi\\\/#\\\/schema\\\/logo\\\/image\\\/\",\"url\":\"https:\\\/\\\/bestmeditrips.com\\\/wp-content\\\/uploads\\\/2024\\\/09\\\/logo-2.png\",\"contentUrl\":\"https:\\\/\\\/bestmeditrips.com\\\/wp-content\\\/uploads\\\/2024\\\/09\\\/logo-2.png\",\"width\":500,\"height\":98,\"caption\":\"Bestmeditrips.com\"},\"image\":{\"@id\":\"https:\\\/\\\/bestmeditrips.com\\\/fi\\\/#\\\/schema\\\/logo\\\/image\\\/\"},\"sameAs\":[\"https:\\\/\\\/www.facebook.com\\\/profile.php?id=61565479139599\"]}]}<\/script>\n<!-- \/ Yoast SEO plugin. -->","yoast_head_json":{"title":"Tietosuojak\u00e4yt\u00e4nt\u00f6 - Bestmeditrips.com","robots":{"index":"index","follow":"follow","max-snippet":"max-snippet:-1","max-image-preview":"max-image-preview:large","max-video-preview":"max-video-preview:-1"},"canonical":"https:\/\/bestmeditrips.com\/fi\/tietosuojakaytanto\/","og_locale":"fi_FI","og_type":"article","og_title":"Tietosuojak\u00e4yt\u00e4nt\u00f6 - Bestmeditrips.com","og_description":"Tietosuojak\u00e4yt\u00e4nt\u00f6 Kiitos, ett\u00e4 vierailit BestMediTrips.com-sivustolla. Yksityisyytesi on meille t\u00e4rke\u00e4\u00e4. T\u00e4m\u00e4 Tietosuojak\u00e4yt\u00e4nt\u00f6 selitt\u00e4\u00e4, kuinka ker\u00e4\u00e4mme, k\u00e4yt\u00e4mme, paljastamme ja suojaamme tietojasi, kun vierailet verkkosivustollamme. Lue t\u00e4m\u00e4 tietosuojak\u00e4yt\u00e4nt\u00f6 huolellisesti. Jos et hyv\u00e4ksy t\u00e4m\u00e4n tietosuojak\u00e4yt\u00e4nn\u00f6n ehtoja, \u00e4l\u00e4 k\u00e4yt\u00e4 sivustoa. 1. Ker\u00e4\u00e4m\u00e4mme tiedot Saatamme ker\u00e4t\u00e4 henkil\u00f6kohtaisia tietoja, kuten nimesi, s\u00e4hk\u00f6postiosoitteesi, puhelinnumerosi ja muita tietoja, jotka annat meille, kun olet vuorovaikutuksessa ... Lue lis\u00e4\u00e4","og_url":"https:\/\/bestmeditrips.com\/fi\/tietosuojakaytanto\/","og_site_name":"Bestmeditrips.com","article_publisher":"https:\/\/www.facebook.com\/profile.php?id=61565479139599","article_modified_time":"2024-09-04T22:00:33+00:00","og_image":[{"width":1024,"height":683,"url":"https:\/\/bestmeditrips.com\/wp-content\/uploads\/2024\/09\/health-tourism.jpg","type":"image\/jpeg"}],"twitter_card":"summary_large_image","twitter_misc":{"Arvioitu lukuaika":"1 minuutti"},"schema":{"@context":"https:\/\/schema.org","@graph":[{"@type":"WebPage","@id":"https:\/\/bestmeditrips.com\/fi\/tietosuojakaytanto\/","url":"https:\/\/bestmeditrips.com\/fi\/tietosuojakaytanto\/","name":"Tietosuojak\u00e4yt\u00e4nt\u00f6 - Bestmeditrips.com","isPartOf":{"@id":"https:\/\/bestmeditrips.com\/fi\/#website"},"datePublished":"2024-09-01T17:00:15+00:00","dateModified":"2024-09-04T22:00:33+00:00","breadcrumb":{"@id":"https:\/\/bestmeditrips.com\/fi\/tietosuojakaytanto\/#breadcrumb"},"inLanguage":"fi","potentialAction":[{"@type":"ReadAction","target":["https:\/\/bestmeditrips.com\/fi\/tietosuojakaytanto\/"]}]},{"@type":"BreadcrumbList","@id":"https:\/\/bestmeditrips.com\/fi\/tietosuojakaytanto\/#breadcrumb","itemListElement":[{"@type":"ListItem","position":1,"name":"Home","item":"https:\/\/bestmeditrips.com\/fi\/"},{"@type":"ListItem","position":2,"name":"Tietosuojak\u00e4yt\u00e4nt\u00f6"}]},{"@type":"WebSite","@id":"https:\/\/bestmeditrips.com\/fi\/#website","url":"https:\/\/bestmeditrips.com\/fi\/","name":"Bestmeditrips.com","description":"L\u00e4\u00e4ketieteellinen matkailu, parhaat hoidot, klinikat, l\u00e4\u00e4k\u00e4rit ja hammasl\u00e4\u00e4k\u00e4rit!","publisher":{"@id":"https:\/\/bestmeditrips.com\/fi\/#organization"},"potentialAction":[{"@type":"SearchAction","target":{"@type":"EntryPoint","urlTemplate":"https:\/\/bestmeditrips.com\/fi\/?s={search_term_string}"},"query-input":{"@type":"PropertyValueSpecification","valueRequired":true,"valueName":"search_term_string"}}],"inLanguage":"fi"},{"@type":"Organization","@id":"https:\/\/bestmeditrips.com\/fi\/#organization","name":"Bestmeditrips.com","url":"https:\/\/bestmeditrips.com\/fi\/","logo":{"@type":"ImageObject","inLanguage":"fi","@id":"https:\/\/bestmeditrips.com\/fi\/#\/schema\/logo\/image\/","url":"https:\/\/bestmeditrips.com\/wp-content\/uploads\/2024\/09\/logo-2.png","contentUrl":"https:\/\/bestmeditrips.com\/wp-content\/uploads\/2024\/09\/logo-2.png","width":500,"height":98,"caption":"Bestmeditrips.com"},"image":{"@id":"https:\/\/bestmeditrips.com\/fi\/#\/schema\/logo\/image\/"},"sameAs":["https:\/\/www.facebook.com\/profile.php?id=61565479139599"]}]}},"_links":{"self":[{"href":"https:\/\/bestmeditrips.com\/fi\/wp-json\/wp\/v2\/pages\/420","targetHints":{"allow":["GET"]}}],"collection":[{"href":"https:\/\/bestmeditrips.com\/fi\/wp-json\/wp\/v2\/pages"}],"about":[{"href":"https:\/\/bestmeditrips.com\/fi\/wp-json\/wp\/v2\/types\/page"}],"author":[{"embeddable":true,"href":"https:\/\/bestmeditrips.com\/fi\/wp-json\/wp\/v2\/users\/1"}],"replies":[{"embeddable":true,"href":"https:\/\/bestmeditrips.com\/fi\/wp-json\/wp\/v2\/comments?post=420"}],"version-history":[{"count":2,"href":"https:\/\/bestmeditrips.com\/fi\/wp-json\/wp\/v2\/pages\/420\/revisions"}],"predecessor-version":[{"id":579,"href":"https:\/\/bestmeditrips.com\/fi\/wp-json\/wp\/v2\/pages\/420\/revisions\/579"}],"wp:attachment":[{"href":"https:\/\/bestmeditrips.com\/fi\/wp-json\/wp\/v2\/media?parent=420"}],"curies":[{"name":"wp","href":"https:\/\/api.w.org\/{rel}","templated":true}]}}