{"id":301,"date":"2024-09-02T20:44:40","date_gmt":"2024-09-02T17:44:40","guid":{"rendered":"https:\/\/bestmeditrips.com\/kansainvalinen-terveysturismi-ja-kohteet\/"},"modified":"2024-09-23T11:46:22","modified_gmt":"2024-09-23T08:46:22","slug":"kansainvalinen-terveysturismi-ja-kohteet","status":"publish","type":"page","link":"https:\/\/bestmeditrips.com\/fi\/","title":{"rendered":"L\u00e4\u00e4ketieteellinen Matkailu ja Kohteet"},"content":{"rendered":"<h2>L\u00f6yd\u00e4 Paras L\u00e4\u00e4ketieteellinen Matkailukokemus<\/h2>\n<p>Tervetuloa <em><strong>BestMediTrips.com<\/strong><\/em>-sivustolle, joka on ensisijainen kohteesi poikkeukselliselle l\u00e4\u00e4ketieteelliselle hoidolle yhdistettyn\u00e4 ainutlaatuisiin matkakokemuksiin. Monikielinen alustamme on omistautunut yhdist\u00e4m\u00e4\u00e4n sinut maailman parhaisiin l\u00e4\u00e4ketieteellisen matkailun kohteisiin, tarjoten yksityiskohtaisia tietoja saatavilla olevista parhaista l\u00e4\u00e4ketieteellisist\u00e4 hoidoista ja palveluista.<\/p>\n<h3>Tutustu Terveyden ja L\u00e4\u00e4ketieteellisen Matkailun Premium-kohteisiin<\/h3>\n<p><em><strong>BestMediTrips.com<\/strong><\/em>-sivustolla tarjoamme huolellisesti valitun valikoiman l\u00e4\u00e4ketieteellisen matkailun vaihtoehtoja, opastaen sinut l\u00e4pi monipuolisten hoitojen, jotka ovat saatavilla maailman kiehtovimmissa kohteissa. Ota selv\u00e4\u00e4, mik\u00e4 tekee jokaisesta kohteesta ainutlaatuisen:<\/p>\n<h4><strong><span style=\"color: #ff0000;\">\u2665 <\/span><\/strong><strong>TURKKI:<\/strong> Istanbul, Antalya, Izmir ja Ankara<\/h4>\n<p>Turkki tunnetaan moderneista l\u00e4\u00e4ketieteellisist\u00e4 tiloistaan ja kustannustehokkaista hoidoistaan. Tutustu parhaisiin kaupunkeihimme, jotka tarjoavat laajan valikoiman terveyspalveluja:<\/p>\n<ul>\n<li><strong>Hammasl\u00e4\u00e4k\u00e4riasemat:<\/strong> Muuta hymy\u00e4si edistyneill\u00e4 toimenpiteill\u00e4, kuten implantteilla, Hollywood-hymyparannuksilla ja innovatiivisilla ratkaisuilla, kuten &#8221;all-on-4&#8221; ja &#8221;all-on-6&#8221;.<\/li>\n<li><strong>Hiusten palautuskeskukset:<\/strong> Saavuta luonnollisia ja pitk\u00e4kestoisia tuloksia huippuluokan hiustensiirtotekniikoilla.<\/li>\n<li><strong>Esteettiset sairaalat:<\/strong> Kokeile maailmanluokan kauneuskirurgiaa, kasvojenkohotuksista kehon muotoiluun.<\/li>\n<li><strong>Ortopediset asiantuntijat:<\/strong> Hy\u00f6dynn\u00e4 edistyksellisi\u00e4 hoitoja nivel- ja selk\u00e4ongelmiin varmistaen optimaalisen toipumisen ja liikkuvuuden.<\/li>\n<\/ul>\n<h4><strong><span style=\"color: #ff0000;\">\u2665\u00a0<\/span><\/strong><strong>UNKARI:<\/strong> Budapest ja Debrecen<\/h4>\n<p>Unkari tarjoaa tunnettuja l\u00e4\u00e4ketieteellisi\u00e4 palveluita, erityisesti hammasl\u00e4\u00e4ketieteellisiss\u00e4 hoidoissa. Budapestissa ja Debreceniss\u00e4 voit l\u00f6yt\u00e4\u00e4:<\/p>\n<ul>\n<li><strong>Hammasl\u00e4\u00e4k\u00e4riasemat:<\/strong> Huippuluokan hoitoa implantteihin ja esteettisiin hammashoitoihin kilpailukykyisin hinnoin.<\/li>\n<li><strong>Esteettiset kirurgiaklinikat:<\/strong> Paranna ulkon\u00e4k\u00f6\u00e4si huolellisella yksityiskohtien huomioimisella.<\/li>\n<\/ul>\n<h4><strong><span style=\"color: #ff0000;\">\u2665\u00a0<\/span><\/strong><strong>SERBIA:<\/strong> Belgrad<\/h4>\n<p>Belgradista on tulossa laadukkaan terveydenhuollon keskus. T\u00e4\u00e4ll\u00e4 voit l\u00f6yt\u00e4\u00e4:<\/p>\n<ul>\n<li><strong>Innovatiiviset l\u00e4\u00e4ketieteelliset palvelut:<\/strong> Hammashoidosta esteettisiin toimenpiteisiin, koe poikkeuksellista hoitoa, joka on r\u00e4\u00e4t\u00e4l\u00f6ity tarpeisiisi.<\/li>\n<li><strong>R\u00e4\u00e4t\u00e4l\u00f6idyt l\u00e4\u00e4ketieteelliset klinikat:<\/strong> Nauti palveluista kaupungissa, joka tunnetaan l\u00e4mpim\u00e4st\u00e4 vieraanvaraisuudestaan ja l\u00e4\u00e4ketieteellisest\u00e4 asiantuntemuksestaan.<\/li>\n<\/ul>\n<h4><strong><span style=\"color: #ff0000;\">\u2665\u00a0<\/span><\/strong><strong>KROATIA:<\/strong> Zagreb ja Split<\/h4>\n<p>Kroatia yhdist\u00e4\u00e4 l\u00e4\u00e4ketieteellisen huippuosaamisen kauniisiin maisemiin. Tutustu:<\/p>\n<ul>\n<li><strong>Hammas- ja esteettiset klinikat:<\/strong> Nauti edistyksellisist\u00e4 hoidoista kuvankauniissa ymp\u00e4rist\u00f6ss\u00e4.<\/li>\n<li><strong>Kuntoutus- ja hyvinvointisairaalat:<\/strong> Kokonaisvaltaiset hoitovaihtoehdot, jotka on suunniteltu parantamaan kokonaisvaltaista hyvinvointiasi.<\/li>\n<\/ul>\n<h4><strong><span style=\"color: #ff0000;\">\u2665 <\/span><\/strong><strong>PUOLA:<\/strong> Varsova ja Krakova<\/h4>\n<p>Puola tarjoaa korkealaatuisia l\u00e4\u00e4ketieteellisi\u00e4 palveluja kohtuuhintaan. Tutustu:<\/p>\n<ul>\n<li><strong>Hammashoidon laitokset:<\/strong> Edistykselliset ratkaisut implantteihin ja muihin hammasl\u00e4\u00e4ketieteellisiin tarpeisiin.<\/li>\n<li><strong>Ortopediset ja esteettiset klinikat:<\/strong> Modernit tilat, jotka tarjoavat laajan valikoiman toimenpiteit\u00e4.<\/li>\n<\/ul>\n<h4><strong><span style=\"color: #ff0000;\">\u2665 <\/span><\/strong><strong>SAKSA:<\/strong> Berliini ja M\u00fcnchen<\/h4>\n<p>Saksa on synonyymi l\u00e4\u00e4ketieteelliselle innovaatiolle ja laadulle. P\u00e4\u00e4set k\u00e4siksi:<\/p>\n<ul>\n<li><strong>Huipputason sairaalat:<\/strong> Viimeisimm\u00e4t l\u00e4\u00e4ketieteelliset teknologiat ja erikoistunut hoito.<\/li>\n<li><strong>Kokonaisvaltaiset terveyskeskukset:<\/strong> Maailmanluokan hoitoa monimutkaisille leikkauksille ja rutiinitoimenpiteille.<\/li>\n<\/ul>\n<h4><strong><span style=\"color: #ff0000;\">\u2665\u00a0<\/span><\/strong><strong>T\u0160EKKI:<\/strong> Praha<\/h4>\n<p>Praha tarjoaa historiallisen vieh\u00e4tyksen ja modernin terveydenhuollon yhdistelm\u00e4n. Tutustu:<\/p>\n<ul>\n<li><strong>Parhaat hammasl\u00e4\u00e4k\u00e4riasemat:<\/strong> Erinomainen hoito yhdess\u00e4 Euroopan kauneimmista kaupungeista.<\/li>\n<li><strong>Esteettiset sairaalat:<\/strong> Korkealaatuiset esteettiset toimenpiteet.<\/li>\n<\/ul>\n<h4><strong><span style=\"color: #ff0000;\">\u2665 <\/span><\/strong><strong>MEKSIKO:<\/strong> Canc\u00fan ja Mexico City<\/h4>\n<p>Meksiko tarjoaa elinvoimaisen taustan poikkeukselliselle l\u00e4\u00e4ketieteelliselle hoidolle. Nauti:<\/p>\n<ul>\n<li><strong>Edulliset hoitokeskukset:<\/strong> Korkealaatuiset hammashoidot ja esteettiset toimenpiteet.<\/li>\n<li><strong>Kulttuurikokemusklinikat:<\/strong> Yhdist\u00e4 hoitosi rikkaaseen kulttuurimatkaan.<\/li>\n<\/ul>\n<h4><strong><span style=\"color: #ff0000;\">\u2665\u00a0<\/span><\/strong><strong>KOLOMBIA:<\/strong> Medell\u00edn ja Bogot\u00e1<\/h4>\n<p>Kolumbia tunnetaan p\u00e4tevist\u00e4 l\u00e4\u00e4ketieteen ammattilaisistaan ja kustannustehokkaista palveluistaan. P\u00e4\u00e4se k\u00e4siksi:<\/p>\n<ul>\n<li><strong>Kokonaisvaltaiset l\u00e4\u00e4ketieteelliset keskukset:<\/strong> Monenlaisia l\u00e4\u00e4ketieteellisi\u00e4 hoitoja keskittyen laatuun ja saavutettavuuteen.<\/li>\n<li><strong>Asiantuntijahammasklinikat:<\/strong> Hoitoa asiantuntijoilta maassa, joka tunnetaan terveydenhuollon edistyksest\u00e4.<\/li>\n<\/ul>\n<h4><strong><span style=\"color: #ff0000;\">\u2665\u00a0<\/span><\/strong><strong>THAIMAA:<\/strong> Bangkok ja Phuket<\/h4>\n<p>Thaimaa tarjoaa t\u00e4ydellisen yhdistelm\u00e4n l\u00e4\u00e4ketieteellist\u00e4 hoitoa ja matkailukokemuksia. Tutustu:<\/p>\n<ul>\n<li><strong>Maailmanluokan sairaalat:<\/strong> Huippuluokan l\u00e4\u00e4ketieteellisi\u00e4 palveluja hammashoitoon ja hyvinvointiohjelmiin.<\/li>\n<li><strong>Klinikat kauniissa kohteissa:<\/strong> Koe erinomainen l\u00e4\u00e4ketieteellinen hoito samalla kun tutustut Thaimaahan.<\/li>\n<\/ul>\n<h4><strong><span style=\"color: #ff0000;\">\u2665\u00a0<\/span><\/strong><strong>INTIA:<\/strong> Delhi ja Mumbai<\/h4>\n<p>Intian l\u00e4\u00e4ketieteelliset tilat ovat edistyksellisi\u00e4 ja kohtuuhintaisia. Tutustu:<\/p>\n<ul>\n<li><strong>Monipuoliset l\u00e4\u00e4ketieteelliset klinikat:<\/strong> Korkeat standardit erilaisissa l\u00e4\u00e4ketieteellisiss\u00e4 vaihtoehdoissa.<\/li>\n<li><strong>Asiantuntijasairaalat:<\/strong> Hoitoa asiantuntijoilta Delhiss\u00e4 ja Mumbaissa.<\/li>\n<\/ul>\n<h4><strong><span style=\"color: #ff0000;\">\u2665\u00a0<\/span><\/strong><strong>VIETNAM:<\/strong> Ho Chi Minh City ja Hanoi<\/h4>\n<p>Vietnam on nouseva l\u00e4\u00e4ketieteellisen matkailun kohde. T\u00e4\u00e4ll\u00e4 voit hy\u00f6ty\u00e4:<\/p>\n<ul>\n<li><strong>Tehokkaat l\u00e4\u00e4ketieteelliset keskukset:<\/strong> Edullista ja korkealaatuista hoitoa.<\/li>\n<li><strong>Kokonaisvaltaiset hoitoklinikat:<\/strong> Hammashoidosta ortopedisiin toimenpiteisiin.<\/li>\n<\/ul>\n<h4>Miksi valita terveys- ja l\u00e4\u00e4ketieteellinen matkailu?<\/h4>\n<p>Terveys- ja l\u00e4\u00e4ketieteellinen matkailu antaa sinulle mahdollisuuden yhdist\u00e4\u00e4 laadukkaat l\u00e4\u00e4ketieteelliset palvelut j\u00e4nnitt\u00e4viin matkustamismahdollisuuksiin. <em>BestMediTrips.com<\/em>-sivustolla olemme sitoutuneet auttamaan sinua l\u00f6yt\u00e4m\u00e4\u00e4n t\u00e4ydellisen kohteen ja hoidon, joka vastaa tarpeitasi ja mieltymyksi\u00e4si. Tutustu alustallamme ja aloita matkasi kohti erinomaista l\u00e4\u00e4ketieteellist\u00e4 hoitoa ja unohtumattomia el\u00e4myksi\u00e4.<\/p>\n","protected":false},"excerpt":{"rendered":"<p>L\u00f6yd\u00e4 Paras L\u00e4\u00e4ketieteellinen Matkailukokemus Tervetuloa BestMediTrips.com-sivustolle, joka on ensisijainen kohteesi poikkeukselliselle l\u00e4\u00e4ketieteelliselle hoidolle yhdistettyn\u00e4 ainutlaatuisiin matkakokemuksiin. Monikielinen alustamme on omistautunut yhdist\u00e4m\u00e4\u00e4n sinut maailman parhaisiin l\u00e4\u00e4ketieteellisen matkailun kohteisiin, tarjoten yksityiskohtaisia tietoja saatavilla olevista parhaista l\u00e4\u00e4ketieteellisist\u00e4 hoidoista ja palveluista. Tutustu Terveyden ja L\u00e4\u00e4ketieteellisen Matkailun Premium-kohteisiin BestMediTrips.com-sivustolla tarjoamme huolellisesti valitun valikoiman l\u00e4\u00e4ketieteellisen matkailun vaihtoehtoja, opastaen sinut l\u00e4pi monipuolisten &#8230; <a title=\"L\u00e4\u00e4ketieteellinen Matkailu ja Kohteet\" class=\"read-more\" href=\"https:\/\/bestmeditrips.com\/fi\/\" aria-label=\"Lue lis\u00e4\u00e4 aiheesta L\u00e4\u00e4ketieteellinen Matkailu ja Kohteet\">Lue lis\u00e4\u00e4<\/a><\/p>\n","protected":false},"author":1,"featured_media":334,"parent":0,"menu_order":0,"comment_status":"closed","ping_status":"closed","template":"","meta":{"footnotes":""},"class_list":["post-301","page","type-page","status-publish","has-post-thumbnail"],"yoast_head":"<!-- This site is optimized with the Yoast SEO plugin v27.4 - https:\/\/yoast.com\/product\/yoast-seo-wordpress\/ -->\n<title>L\u00e4\u00e4ketieteellisen Matkailun Asiantuntijat | Premium-hoidot ja -kohteet<\/title>\n<meta name=\"description\" content=\"Tutustu parhaisiin terveysturismin palveluihin parhaiden klinikoiden, l\u00e4\u00e4k\u00e4reiden ja hammasl\u00e4\u00e4k\u00e4reiden kanssa, jotka tarjoavat asiantuntijoiden neuvoja parhaisiin l\u00e4\u00e4ketieteellisiin matkoihin.\" \/>\n<meta name=\"robots\" content=\"index, follow, max-snippet:-1, max-image-preview:large, max-video-preview:-1\" \/>\n<link rel=\"canonical\" href=\"https:\/\/bestmeditrips.com\/fi\/\" \/>\n<meta property=\"og:locale\" content=\"fi_FI\" \/>\n<meta property=\"og:type\" content=\"article\" \/>\n<meta property=\"og:title\" content=\"L\u00e4\u00e4ketieteellisen Matkailun Asiantuntijat | Premium-hoidot ja -kohteet\" \/>\n<meta property=\"og:description\" content=\"Tutustu parhaisiin terveysturismin palveluihin parhaiden klinikoiden, l\u00e4\u00e4k\u00e4reiden ja hammasl\u00e4\u00e4k\u00e4reiden kanssa, jotka tarjoavat asiantuntijoiden neuvoja parhaisiin l\u00e4\u00e4ketieteellisiin matkoihin.\" \/>\n<meta property=\"og:url\" content=\"https:\/\/bestmeditrips.com\/fi\/\" \/>\n<meta property=\"og:site_name\" content=\"Bestmeditrips.com\" \/>\n<meta property=\"article:publisher\" content=\"https:\/\/www.facebook.com\/profile.php?id=61565479139599\" \/>\n<meta property=\"article:modified_time\" content=\"2024-09-23T08:46:22+00:00\" \/>\n<meta property=\"og:image\" content=\"https:\/\/bestmeditrips.com\/wp-content\/uploads\/2024\/09\/health-tourism.jpg\" \/>\n\t<meta property=\"og:image:width\" content=\"1024\" \/>\n\t<meta property=\"og:image:height\" content=\"683\" \/>\n\t<meta property=\"og:image:type\" content=\"image\/jpeg\" \/>\n<meta name=\"twitter:card\" content=\"summary_large_image\" \/>\n<meta name=\"twitter:label1\" content=\"Arvioitu lukuaika\" \/>\n\t<meta name=\"twitter:data1\" content=\"3 minuuttia\" \/>\n<script type=\"application\/ld+json\" class=\"yoast-schema-graph\">{\"@context\":\"https:\\\/\\\/schema.org\",\"@graph\":[{\"@type\":\"WebPage\",\"@id\":\"https:\\\/\\\/bestmeditrips.com\\\/fi\\\/\",\"url\":\"https:\\\/\\\/bestmeditrips.com\\\/fi\\\/\",\"name\":\"L\u00e4\u00e4ketieteellisen Matkailun Asiantuntijat | Premium-hoidot ja -kohteet\",\"isPartOf\":{\"@id\":\"https:\\\/\\\/bestmeditrips.com\\\/fi\\\/#website\"},\"primaryImageOfPage\":{\"@id\":\"https:\\\/\\\/bestmeditrips.com\\\/fi\\\/#primaryimage\"},\"image\":{\"@id\":\"https:\\\/\\\/bestmeditrips.com\\\/fi\\\/#primaryimage\"},\"thumbnailUrl\":\"https:\\\/\\\/bestmeditrips.com\\\/wp-content\\\/uploads\\\/2024\\\/09\\\/health-tourism.jpg\",\"datePublished\":\"2024-09-02T17:44:40+00:00\",\"dateModified\":\"2024-09-23T08:46:22+00:00\",\"description\":\"Tutustu parhaisiin terveysturismin palveluihin parhaiden klinikoiden, l\u00e4\u00e4k\u00e4reiden ja hammasl\u00e4\u00e4k\u00e4reiden kanssa, jotka tarjoavat asiantuntijoiden neuvoja parhaisiin l\u00e4\u00e4ketieteellisiin matkoihin.\",\"breadcrumb\":{\"@id\":\"https:\\\/\\\/bestmeditrips.com\\\/fi\\\/#breadcrumb\"},\"inLanguage\":\"fi\",\"potentialAction\":[{\"@type\":\"ReadAction\",\"target\":[\"https:\\\/\\\/bestmeditrips.com\\\/fi\\\/\"]}]},{\"@type\":\"ImageObject\",\"inLanguage\":\"fi\",\"@id\":\"https:\\\/\\\/bestmeditrips.com\\\/fi\\\/#primaryimage\",\"url\":\"https:\\\/\\\/bestmeditrips.com\\\/wp-content\\\/uploads\\\/2024\\\/09\\\/health-tourism.jpg\",\"contentUrl\":\"https:\\\/\\\/bestmeditrips.com\\\/wp-content\\\/uploads\\\/2024\\\/09\\\/health-tourism.jpg\",\"width\":1024,\"height\":683,\"caption\":\"Medical tourism and best destinations in the world for dental, hair transplant, orthopedic and aesthetic treatments\"},{\"@type\":\"BreadcrumbList\",\"@id\":\"https:\\\/\\\/bestmeditrips.com\\\/fi\\\/#breadcrumb\",\"itemListElement\":[{\"@type\":\"ListItem\",\"position\":1,\"name\":\"Home\",\"item\":\"https:\\\/\\\/bestmeditrips.com\\\/fi\\\/\"},{\"@type\":\"ListItem\",\"position\":2,\"name\":\"L\u00e4\u00e4ketieteellinen Matkailu ja Kohteet\"}]},{\"@type\":\"WebSite\",\"@id\":\"https:\\\/\\\/bestmeditrips.com\\\/fi\\\/#website\",\"url\":\"https:\\\/\\\/bestmeditrips.com\\\/fi\\\/\",\"name\":\"Bestmeditrips.com\",\"description\":\"L\u00e4\u00e4ketieteellinen matkailu, parhaat hoidot, klinikat, l\u00e4\u00e4k\u00e4rit ja hammasl\u00e4\u00e4k\u00e4rit!\",\"publisher\":{\"@id\":\"https:\\\/\\\/bestmeditrips.com\\\/fi\\\/#organization\"},\"potentialAction\":[{\"@type\":\"SearchAction\",\"target\":{\"@type\":\"EntryPoint\",\"urlTemplate\":\"https:\\\/\\\/bestmeditrips.com\\\/fi\\\/?s={search_term_string}\"},\"query-input\":{\"@type\":\"PropertyValueSpecification\",\"valueRequired\":true,\"valueName\":\"search_term_string\"}}],\"inLanguage\":\"fi\"},{\"@type\":\"Organization\",\"@id\":\"https:\\\/\\\/bestmeditrips.com\\\/fi\\\/#organization\",\"name\":\"Bestmeditrips.com\",\"url\":\"https:\\\/\\\/bestmeditrips.com\\\/fi\\\/\",\"logo\":{\"@type\":\"ImageObject\",\"inLanguage\":\"fi\",\"@id\":\"https:\\\/\\\/bestmeditrips.com\\\/fi\\\/#\\\/schema\\\/logo\\\/image\\\/\",\"url\":\"https:\\\/\\\/bestmeditrips.com\\\/wp-content\\\/uploads\\\/2024\\\/09\\\/logo-2.png\",\"contentUrl\":\"https:\\\/\\\/bestmeditrips.com\\\/wp-content\\\/uploads\\\/2024\\\/09\\\/logo-2.png\",\"width\":500,\"height\":98,\"caption\":\"Bestmeditrips.com\"},\"image\":{\"@id\":\"https:\\\/\\\/bestmeditrips.com\\\/fi\\\/#\\\/schema\\\/logo\\\/image\\\/\"},\"sameAs\":[\"https:\\\/\\\/www.facebook.com\\\/profile.php?id=61565479139599\"]}]}<\/script>\n<!-- \/ Yoast SEO plugin. -->","yoast_head_json":{"title":"L\u00e4\u00e4ketieteellisen Matkailun Asiantuntijat | Premium-hoidot ja -kohteet","description":"Tutustu parhaisiin terveysturismin palveluihin parhaiden klinikoiden, l\u00e4\u00e4k\u00e4reiden ja hammasl\u00e4\u00e4k\u00e4reiden kanssa, jotka tarjoavat asiantuntijoiden neuvoja parhaisiin l\u00e4\u00e4ketieteellisiin matkoihin.","robots":{"index":"index","follow":"follow","max-snippet":"max-snippet:-1","max-image-preview":"max-image-preview:large","max-video-preview":"max-video-preview:-1"},"canonical":"https:\/\/bestmeditrips.com\/fi\/","og_locale":"fi_FI","og_type":"article","og_title":"L\u00e4\u00e4ketieteellisen Matkailun Asiantuntijat | Premium-hoidot ja -kohteet","og_description":"Tutustu parhaisiin terveysturismin palveluihin parhaiden klinikoiden, l\u00e4\u00e4k\u00e4reiden ja hammasl\u00e4\u00e4k\u00e4reiden kanssa, jotka tarjoavat asiantuntijoiden neuvoja parhaisiin l\u00e4\u00e4ketieteellisiin matkoihin.","og_url":"https:\/\/bestmeditrips.com\/fi\/","og_site_name":"Bestmeditrips.com","article_publisher":"https:\/\/www.facebook.com\/profile.php?id=61565479139599","article_modified_time":"2024-09-23T08:46:22+00:00","og_image":[{"width":1024,"height":683,"url":"https:\/\/bestmeditrips.com\/wp-content\/uploads\/2024\/09\/health-tourism.jpg","type":"image\/jpeg"}],"twitter_card":"summary_large_image","twitter_misc":{"Arvioitu lukuaika":"3 minuuttia"},"schema":{"@context":"https:\/\/schema.org","@graph":[{"@type":"WebPage","@id":"https:\/\/bestmeditrips.com\/fi\/","url":"https:\/\/bestmeditrips.com\/fi\/","name":"L\u00e4\u00e4ketieteellisen Matkailun Asiantuntijat | Premium-hoidot ja -kohteet","isPartOf":{"@id":"https:\/\/bestmeditrips.com\/fi\/#website"},"primaryImageOfPage":{"@id":"https:\/\/bestmeditrips.com\/fi\/#primaryimage"},"image":{"@id":"https:\/\/bestmeditrips.com\/fi\/#primaryimage"},"thumbnailUrl":"https:\/\/bestmeditrips.com\/wp-content\/uploads\/2024\/09\/health-tourism.jpg","datePublished":"2024-09-02T17:44:40+00:00","dateModified":"2024-09-23T08:46:22+00:00","description":"Tutustu parhaisiin terveysturismin palveluihin parhaiden klinikoiden, l\u00e4\u00e4k\u00e4reiden ja hammasl\u00e4\u00e4k\u00e4reiden kanssa, jotka tarjoavat asiantuntijoiden neuvoja parhaisiin l\u00e4\u00e4ketieteellisiin matkoihin.","breadcrumb":{"@id":"https:\/\/bestmeditrips.com\/fi\/#breadcrumb"},"inLanguage":"fi","potentialAction":[{"@type":"ReadAction","target":["https:\/\/bestmeditrips.com\/fi\/"]}]},{"@type":"ImageObject","inLanguage":"fi","@id":"https:\/\/bestmeditrips.com\/fi\/#primaryimage","url":"https:\/\/bestmeditrips.com\/wp-content\/uploads\/2024\/09\/health-tourism.jpg","contentUrl":"https:\/\/bestmeditrips.com\/wp-content\/uploads\/2024\/09\/health-tourism.jpg","width":1024,"height":683,"caption":"Medical tourism and best destinations in the world for dental, hair transplant, orthopedic and aesthetic treatments"},{"@type":"BreadcrumbList","@id":"https:\/\/bestmeditrips.com\/fi\/#breadcrumb","itemListElement":[{"@type":"ListItem","position":1,"name":"Home","item":"https:\/\/bestmeditrips.com\/fi\/"},{"@type":"ListItem","position":2,"name":"L\u00e4\u00e4ketieteellinen Matkailu ja Kohteet"}]},{"@type":"WebSite","@id":"https:\/\/bestmeditrips.com\/fi\/#website","url":"https:\/\/bestmeditrips.com\/fi\/","name":"Bestmeditrips.com","description":"L\u00e4\u00e4ketieteellinen matkailu, parhaat hoidot, klinikat, l\u00e4\u00e4k\u00e4rit ja hammasl\u00e4\u00e4k\u00e4rit!","publisher":{"@id":"https:\/\/bestmeditrips.com\/fi\/#organization"},"potentialAction":[{"@type":"SearchAction","target":{"@type":"EntryPoint","urlTemplate":"https:\/\/bestmeditrips.com\/fi\/?s={search_term_string}"},"query-input":{"@type":"PropertyValueSpecification","valueRequired":true,"valueName":"search_term_string"}}],"inLanguage":"fi"},{"@type":"Organization","@id":"https:\/\/bestmeditrips.com\/fi\/#organization","name":"Bestmeditrips.com","url":"https:\/\/bestmeditrips.com\/fi\/","logo":{"@type":"ImageObject","inLanguage":"fi","@id":"https:\/\/bestmeditrips.com\/fi\/#\/schema\/logo\/image\/","url":"https:\/\/bestmeditrips.com\/wp-content\/uploads\/2024\/09\/logo-2.png","contentUrl":"https:\/\/bestmeditrips.com\/wp-content\/uploads\/2024\/09\/logo-2.png","width":500,"height":98,"caption":"Bestmeditrips.com"},"image":{"@id":"https:\/\/bestmeditrips.com\/fi\/#\/schema\/logo\/image\/"},"sameAs":["https:\/\/www.facebook.com\/profile.php?id=61565479139599"]}]}},"_links":{"self":[{"href":"https:\/\/bestmeditrips.com\/fi\/wp-json\/wp\/v2\/pages\/301","targetHints":{"allow":["GET"]}}],"collection":[{"href":"https:\/\/bestmeditrips.com\/fi\/wp-json\/wp\/v2\/pages"}],"about":[{"href":"https:\/\/bestmeditrips.com\/fi\/wp-json\/wp\/v2\/types\/page"}],"author":[{"embeddable":true,"href":"https:\/\/bestmeditrips.com\/fi\/wp-json\/wp\/v2\/users\/1"}],"replies":[{"embeddable":true,"href":"https:\/\/bestmeditrips.com\/fi\/wp-json\/wp\/v2\/comments?post=301"}],"version-history":[{"count":4,"href":"https:\/\/bestmeditrips.com\/fi\/wp-json\/wp\/v2\/pages\/301\/revisions"}],"predecessor-version":[{"id":817,"href":"https:\/\/bestmeditrips.com\/fi\/wp-json\/wp\/v2\/pages\/301\/revisions\/817"}],"wp:featuredmedia":[{"embeddable":true,"href":"https:\/\/bestmeditrips.com\/fi\/wp-json\/wp\/v2\/media\/334"}],"wp:attachment":[{"href":"https:\/\/bestmeditrips.com\/fi\/wp-json\/wp\/v2\/media?parent=301"}],"curies":[{"name":"wp","href":"https:\/\/api.w.org\/{rel}","templated":true}]}}