{"id":1109,"date":"2024-09-23T21:41:39","date_gmt":"2024-09-23T18:41:39","guid":{"rendered":"https:\/\/bestmeditrips.com\/turkki\/"},"modified":"2024-09-23T21:41:39","modified_gmt":"2024-09-23T18:41:39","slug":"turkki","status":"publish","type":"page","link":"https:\/\/bestmeditrips.com\/fi\/turkki\/","title":{"rendered":"Turkki"},"content":{"rendered":"<h2>L\u00f6yd\u00e4 laadukas terveydenhuolto Turkissa<\/h2>\n<p>Turkki on tullut johtavaksi kohteeksi terveysturismissa, tarjoten maailmanluokan l\u00e4\u00e4ketieteellisi\u00e4 hoitoja edulliseen hintaan. Olitpa harkitsemassa <strong>hammasimplantteja<\/strong>, <strong>esteettist\u00e4 kirurgiaa<\/strong>, <strong>ortopedisia h\u00e4iri\u00f6it\u00e4<\/strong>, <strong>silmien hoitoa<\/strong>, <strong>hiustensiirtoa<\/strong>, <strong>sy\u00f6p\u00e4hoitoja<\/strong> tai muita erikoishoitoja, Turkki tarjoaa p\u00e4\u00e4syn korkeasti koulutettuihin ammattilaisiin ja huippumoderneihin klinikoihin.<\/p>\n<figure style=\"width: 1014px\" class=\"wp-caption aligncenter\"><img loading=\"lazy\" decoding=\"async\" src=\"https:\/\/bestmeditrips.com\/wp-content\/uploads\/2024\/09\/turkey-hospital.jpg\" alt=\"One of the new and modern hospitals in Istanbul. \" width=\"1024\" height=\"616\" \/><figcaption class=\"wp-caption-text\"><em>Moderni yksityinen sairaala Istanbulin Euroopan puolella<\/em><\/figcaption><\/figure>\n<h3>Miksi valita Turkki terveysmatkallesi?<\/h3>\n<p>Turkin valitseminen terveydenhoitoasi varten tarjoaa monia etuja:<\/p>\n<ul>\n<li><strong>Korkeasti koulutetut l\u00e4\u00e4k\u00e4rit<\/strong>: Turkki on joidenkin maailman kokeneimpien kirurgien ja asiantuntijoiden koti, ja monet heist\u00e4 ovat saaneet kansainv\u00e4list\u00e4 koulutusta.<\/li>\n<li><strong>Edulliset hoidot<\/strong>: L\u00e4\u00e4ketieteelliset toimenpiteet voivat Turkissa maksaa jopa 70 % v\u00e4hemm\u00e4n kuin Yhdysvalloissa tai Euroopassa, tinkim\u00e4tt\u00e4 laadusta.<\/li>\n<li><strong>Huippumodernit klinikat<\/strong>: Turkin klinikat ovat varustettu moderneimmalla teknologialla, tarjoten korkeatasoista hoitoa ja palvelua.<\/li>\n<li><strong>Helppo matkustaa<\/strong>: Turkin suurimmat kaupungit, kuten <strong>Istanbul<\/strong>, <strong>Antalya<\/strong> ja <strong>Izmir<\/strong>, ovat helposti saavutettavissa kaikkialta maailmasta, mik\u00e4 tekee Turkista k\u00e4tev\u00e4n kohteen kansainv\u00e4lisille potilaille.<\/li>\n<\/ul>\n<figure style=\"width: 1014px\" class=\"wp-caption aligncenter\"><img loading=\"lazy\" decoding=\"async\" src=\"https:\/\/bestmeditrips.com\/wp-content\/uploads\/2024\/09\/health-tourism-istanbul-1.jpg\" alt=\"Why to prefer Turkey, Istanbul, Antalya, Izmir for dental and other medical treatments?\" width=\"1024\" height=\"455\" \/><figcaption class=\"wp-caption-text\"><em>Yksi Istanbulin hammasklinikoista<\/em><\/figcaption><\/figure>\n<h3>Suositut hoidot Turkissa<\/h3>\n<ul>\n<li><em>Hammasimplantit<\/em>: Turkki tunnetaan edullisista ja korkealaatuisista <strong>hammasimplanteistaan<\/strong>, mukaan lukien <em>all-on-4<\/em> ja <em>all-on-6<\/em> hoidot.<\/li>\n<li><em>Rinoplastia<\/em> ja <em>rintojen suurennus<\/em>: Turkki tarjoaa laajan valikoiman <strong>esteettisen kirurgian<\/strong> toimenpiteit\u00e4, joita suorittavat sertifioidut ammattilaiset.<\/li>\n<li><em>Hiusten palauttaminen<\/em>: Kehittyneit\u00e4 tekniikoita tarjoavien klinikoiden ansiosta Turkista on tullut johtava kohde <strong>hiustensiirtohoidoille<\/strong>.<\/li>\n<li><strong>Ortopediset h\u00e4iri\u00f6t<\/strong>: Turkki tarjoaa erinomaista ortopedist\u00e4 hoitoa, erikoistuen <em>nivelen korvauksiin<\/em>, <em>nivelkierukan repe\u00e4miin<\/em> ja minimaalisiin invasiivisiin leikkauksiin.<\/li>\n<li><strong>Silmien hoito<\/strong>: Turkki on my\u00f6s johtava kohde silmien hoitoon, tarjoten toimenpiteit\u00e4 kuten <em>LASIK<\/em>, <em>kaihileikkaus<\/em> ja <em>sarveiskalvon siirto<\/em>. Uusinta teknologiaa ja kokeneita silm\u00e4l\u00e4\u00e4k\u00e4reit\u00e4 hy\u00f6dynt\u00e4en potilaat voivat odottaa korkealaatuista hoitoa kilpailukykyiseen hintaan.<\/li>\n<li><strong>Sy\u00f6p\u00e4hoidot<\/strong>: Turkista on tulossa yh\u00e4 enemm\u00e4n edistyksellisten sy\u00f6p\u00e4hoitojen keskus, tarjoten kokonaisvaltaista hoitoa potilaille, joilla on eri sy\u00f6p\u00e4tyyppej\u00e4. Huipputason kemoterapiasta ja s\u00e4dehoidosta innovatiiviseen immunoterapiaan ja tarkkuusl\u00e4\u00e4ketieteeseen, Turkin klinikat tarjoavat p\u00e4\u00e4syn alan johtaviin sy\u00f6p\u00e4l\u00e4\u00e4k\u00e4reihin ja uusimpaan l\u00e4\u00e4ketieteelliseen teknologiaan. Potilaat voivat odottaa henkil\u00f6kohtaisia hoitosuunnitelmia huomattavasti alhaisemmilla kustannuksilla kuin l\u00e4nsimaissa, laadusta tinkim\u00e4tt\u00e4.<\/li>\n<\/ul>\n<h3>Terveysturismin p\u00e4\u00e4kaupungit Turkissa<\/h3>\n<ul>\n<li><strong>Istanbul<\/strong>: Tunnettu korkeatasoisista <strong>hammasimplanttien<\/strong> ja <strong>esteettisen kirurgian<\/strong> klinikoistaan, <strong>Istanbul<\/strong> houkuttelee vuosittain tuhansia kansainv\u00e4lisi\u00e4 potilaita.<\/li>\n<li><strong>Antalya<\/strong>: Rannikkokaupunki, joka tarjoaa paitsi laadukasta terveydenhuoltoa, my\u00f6s rentouttavan ymp\u00e4rist\u00f6n toipumiseen, erityisesti esteettisten toimenpiteiden j\u00e4lkeen.<\/li>\n<li><strong>Izmir<\/strong>: Keskeinen kaupunki hammashoidossa ja <strong>ortopedisten h\u00e4iri\u00f6iden<\/strong> hoidossa, <strong>Izmir<\/strong> on nousemassa kasvavaksi terveysturismin keskukseksi.<\/li>\n<\/ul>\n<h3>Saa paras hoito parhaaseen hintaan<\/h3>\n<p>Valitsemalla Turkin saat korkealaatuisen terveydenhuollon lis\u00e4ksi merkitt\u00e4vi\u00e4 s\u00e4\u00e4st\u00f6j\u00e4 l\u00e4\u00e4kint\u00e4kuluissa. Monet klinikat tarjoavat kaiken kattavia paketteja, jotka sis\u00e4lt\u00e4v\u00e4t hoidon, majoituksen ja kuljetuksen, varmistaen sujuvan kokemuksen kansainv\u00e4lisille potilaille.<\/p>\n<h3>Aloita terveysmatkasi suunnittelu Turkkiin<\/h3>\n<p>Oletko valmis tutkimaan terveydenhuollon vaihtoehtoja Turkissa? Ota yhteytt\u00e4 tiimiimme saadaksesi henkil\u00f6kohtaista neuvontaa ja suosituksia parhaista klinikoista ja hoidoista. Autamme sinua tekem\u00e4\u00e4n tietoisia p\u00e4\u00e4t\u00f6ksi\u00e4 ja saamaan korkealaatuiset terveydenhuollon palvelut edullisin hinnoin.<\/p>\n<p><span style=\"text-decoration: underline;\"><strong>OTA YHTEYTT\u00c4<\/strong><\/span><\/p>\n<style id=\"wpforms-css-vars-673\">\n\t\t\t\t#wpforms-673 {\n\t\t\t\t\n\t\t\t}\n\t\t\t<\/style><div class=\"wpforms-container wpforms-container-full wpforms-render-modern\" id=\"wpforms-673\"><form id=\"wpforms-form-673\" class=\"wpforms-validate wpforms-form wpforms-ajax-form\" data-formid=\"673\" method=\"post\" enctype=\"multipart\/form-data\" action=\"\/fi\/wp-json\/wp\/v2\/pages\/1109\" data-token=\"3afdf7b15cb95e56096648baafd6df2b\" data-token-time=\"1776389778\"><noscript class=\"wpforms-error-noscript\">Please enable JavaScript in your browser to complete this form.<\/noscript><div id=\"wpforms-error-noscript\" style=\"display: none;\">Please enable JavaScript in your browser to complete this form.<\/div><div class=\"wpforms-field-container\"><div id=\"wpforms-673-field_1-container\" class=\"wpforms-field wpforms-field-name\" data-field-id=\"1\"><fieldset><legend class=\"wpforms-field-label\">Etunimi ja sukunimi <span class=\"wpforms-required-label\" aria-hidden=\"true\">*<\/span><\/legend><div class=\"wpforms-field-row wpforms-field-medium\"><div class=\"wpforms-field-row-block wpforms-first wpforms-one-half\"><input type=\"text\" id=\"wpforms-673-field_1\" class=\"wpforms-field-name-first wpforms-field-required\" name=\"wpforms[fields][1][first]\" aria-errormessage=\"wpforms-673-field_1-error\" required><label for=\"wpforms-673-field_1\" class=\"wpforms-field-sublabel after\">First<\/label><\/div><div class=\"wpforms-field-row-block wpforms-one-half\"><input type=\"text\" id=\"wpforms-673-field_1-last\" class=\"wpforms-field-name-last wpforms-field-required\" name=\"wpforms[fields][1][last]\" aria-errormessage=\"wpforms-673-field_1-last-error\" required><label for=\"wpforms-673-field_1-last\" class=\"wpforms-field-sublabel after\">Last<\/label><\/div><\/div><\/fieldset><\/div>\t\t<div id=\"wpforms-673-field_4-container\"\n\t\t\tclass=\"wpforms-field wpforms-field-text\"\n\t\t\tdata-field-type=\"text\"\n\t\t\tdata-field-id=\"4\"\n\t\t\t>\n\t\t\t<label class=\"wpforms-field-label\" for=\"wpforms-673-field_4\" >ja S\u00e4hk\u00f6posti sukunimi<\/label>\n\t\t\t<input type=\"text\" id=\"wpforms-673-field_4\" class=\"wpforms-field-medium\" name=\"wpforms[fields][4]\" >\n\t\t<\/div>\n\t\t<div id=\"wpforms-673-field_2-container\" class=\"wpforms-field wpforms-field-email\" data-field-id=\"2\"><label class=\"wpforms-field-label\" for=\"wpforms-673-field_2\">S\u00e4hk\u00f6posti ja matkapuhelin <span class=\"wpforms-required-label\" aria-hidden=\"true\">*<\/span><\/label><input type=\"email\" id=\"wpforms-673-field_2\" class=\"wpforms-field-medium wpforms-field-required\" name=\"wpforms[fields][2]\" spellcheck=\"false\" aria-errormessage=\"wpforms-673-field_2-error\" required><\/div><div id=\"wpforms-673-field_3-container\" class=\"wpforms-field wpforms-field-textarea\" data-field-id=\"3\"><label class=\"wpforms-field-label\" for=\"wpforms-673-field_3\">Viestisi<\/label><textarea id=\"wpforms-673-field_3\" class=\"wpforms-field-medium\" name=\"wpforms[fields][3]\" aria-errormessage=\"wpforms-673-field_3-error\" ><\/textarea><\/div><script>\n\t\t\t\t( function() {\n\t\t\t\t\tconst style = document.createElement( 'style' );\n\t\t\t\t\tstyle.appendChild( document.createTextNode( '#wpforms-673-field_4-container { position: absolute !important; overflow: hidden !important; display: inline !important; height: 1px !important; width: 1px !important; z-index: -1000 !important; padding: 0 !important; } #wpforms-673-field_4-container input { visibility: hidden; } #wpforms-conversational-form-page #wpforms-673-field_4-container label { counter-increment: none; }' ) );\n\t\t\t\t\tdocument.head.appendChild( style );\n\t\t\t\t\tdocument.currentScript?.remove();\n\t\t\t\t} )();\n\t\t\t<\/script><\/div><!-- .wpforms-field-container --><div class=\"wpforms-submit-container\" ><input type=\"hidden\" name=\"wpforms[id]\" value=\"673\"><input type=\"hidden\" name=\"page_title\" value=\"\"><input type=\"hidden\" name=\"page_url\" value=\"https:\/\/bestmeditrips.com\/fi\/wp-json\/wp\/v2\/pages\/1109\"><input type=\"hidden\" name=\"url_referer\" value=\"\"><button type=\"submit\" name=\"wpforms[submit]\" id=\"wpforms-submit-673\" class=\"wpforms-submit\" data-alt-text=\"Sending...\" data-submit-text=\"L\u00e4het\u00e4\" aria-live=\"assertive\" value=\"wpforms-submit\">L\u00e4het\u00e4<\/button><img loading=\"lazy\" decoding=\"async\" src=\"https:\/\/bestmeditrips.com\/wp-content\/plugins\/wpforms-lite\/assets\/images\/submit-spin.svg\" class=\"wpforms-submit-spinner\" style=\"display: none;\" width=\"26\" height=\"26\" alt=\"Loading\"><\/div><\/form><\/div>  <!-- .wpforms-container -->\n","protected":false},"excerpt":{"rendered":"<p>L\u00f6yd\u00e4 laadukas terveydenhuolto Turkissa Turkki on tullut johtavaksi kohteeksi terveysturismissa, tarjoten maailmanluokan l\u00e4\u00e4ketieteellisi\u00e4 hoitoja edulliseen hintaan. Olitpa harkitsemassa hammasimplantteja, esteettist\u00e4 kirurgiaa, ortopedisia h\u00e4iri\u00f6it\u00e4, silmien hoitoa, hiustensiirtoa, sy\u00f6p\u00e4hoitoja tai muita erikoishoitoja, Turkki tarjoaa p\u00e4\u00e4syn korkeasti koulutettuihin ammattilaisiin ja huippumoderneihin klinikoihin. Miksi valita Turkki terveysmatkallesi? Turkin valitseminen terveydenhoitoasi varten tarjoaa monia etuja: Korkeasti koulutetut l\u00e4\u00e4k\u00e4rit: Turkki on &#8230; <a title=\"Turkki\" class=\"read-more\" href=\"https:\/\/bestmeditrips.com\/fi\/turkki\/\" aria-label=\"Lue lis\u00e4\u00e4 aiheesta Turkki\">Lue lis\u00e4\u00e4<\/a><\/p>\n","protected":false},"author":1,"featured_media":909,"parent":0,"menu_order":0,"comment_status":"closed","ping_status":"closed","template":"","meta":{"footnotes":""},"class_list":["post-1109","page","type-page","status-publish","has-post-thumbnail"],"yoast_head":"<!-- This site is optimized with the Yoast SEO plugin v27.4 - https:\/\/yoast.com\/product\/yoast-seo-wordpress\/ -->\n<title>L\u00e4\u00e4ketieteellinen Turismi Turkissa: Edulliset Hoidot, Premium-Klinikat<\/title>\n<meta name=\"description\" content=\"Tutustu maailmanluokan terveydenhuoltopalveluihin Turkissa. Edulliset hinnat ja asiantuntevaa hoitoa johtavilta l\u00e4\u00e4k\u00e4reilt\u00e4 Istanbulissa, Antalyassa, Izmiriss\u00e4...\" \/>\n<meta name=\"robots\" content=\"index, follow, max-snippet:-1, max-image-preview:large, max-video-preview:-1\" \/>\n<link rel=\"canonical\" href=\"https:\/\/bestmeditrips.com\/fi\/turkki\/\" \/>\n<meta property=\"og:locale\" content=\"fi_FI\" \/>\n<meta property=\"og:type\" content=\"article\" \/>\n<meta property=\"og:title\" content=\"L\u00e4\u00e4ketieteellinen Turismi Turkissa: Edulliset Hoidot, Premium-Klinikat\" \/>\n<meta property=\"og:description\" content=\"Tutustu maailmanluokan terveydenhuoltopalveluihin Turkissa. Edulliset hinnat ja asiantuntevaa hoitoa johtavilta l\u00e4\u00e4k\u00e4reilt\u00e4 Istanbulissa, Antalyassa, Izmiriss\u00e4...\" \/>\n<meta property=\"og:url\" content=\"https:\/\/bestmeditrips.com\/fi\/turkki\/\" \/>\n<meta property=\"og:site_name\" content=\"Bestmeditrips.com\" \/>\n<meta property=\"article:publisher\" content=\"https:\/\/www.facebook.com\/profile.php?id=61565479139599\" \/>\n<meta property=\"og:image\" content=\"https:\/\/bestmeditrips.com\/wp-content\/uploads\/2024\/09\/turkey-e1727124656345.jpg\" \/>\n\t<meta property=\"og:image:width\" content=\"1350\" \/>\n\t<meta property=\"og:image:height\" content=\"360\" \/>\n\t<meta property=\"og:image:type\" content=\"image\/jpeg\" \/>\n<meta name=\"twitter:card\" content=\"summary_large_image\" \/>\n<meta name=\"twitter:label1\" content=\"Arvioitu lukuaika\" \/>\n\t<meta name=\"twitter:data1\" content=\"2 minuuttia\" \/>\n<script type=\"application\/ld+json\" class=\"yoast-schema-graph\">{\"@context\":\"https:\\\/\\\/schema.org\",\"@graph\":[{\"@type\":\"WebPage\",\"@id\":\"https:\\\/\\\/bestmeditrips.com\\\/fi\\\/turkki\\\/\",\"url\":\"https:\\\/\\\/bestmeditrips.com\\\/fi\\\/turkki\\\/\",\"name\":\"L\u00e4\u00e4ketieteellinen Turismi Turkissa: Edulliset Hoidot, Premium-Klinikat\",\"isPartOf\":{\"@id\":\"https:\\\/\\\/bestmeditrips.com\\\/fi\\\/#website\"},\"primaryImageOfPage\":{\"@id\":\"https:\\\/\\\/bestmeditrips.com\\\/fi\\\/turkki\\\/#primaryimage\"},\"image\":{\"@id\":\"https:\\\/\\\/bestmeditrips.com\\\/fi\\\/turkki\\\/#primaryimage\"},\"thumbnailUrl\":\"https:\\\/\\\/bestmeditrips.com\\\/wp-content\\\/uploads\\\/2024\\\/09\\\/turkey-e1727124656345.jpg\",\"datePublished\":\"2024-09-23T18:41:39+00:00\",\"description\":\"Tutustu maailmanluokan terveydenhuoltopalveluihin Turkissa. Edulliset hinnat ja asiantuntevaa hoitoa johtavilta l\u00e4\u00e4k\u00e4reilt\u00e4 Istanbulissa, Antalyassa, Izmiriss\u00e4...\",\"breadcrumb\":{\"@id\":\"https:\\\/\\\/bestmeditrips.com\\\/fi\\\/turkki\\\/#breadcrumb\"},\"inLanguage\":\"fi\",\"potentialAction\":[{\"@type\":\"ReadAction\",\"target\":[\"https:\\\/\\\/bestmeditrips.com\\\/fi\\\/turkki\\\/\"]}]},{\"@type\":\"ImageObject\",\"inLanguage\":\"fi\",\"@id\":\"https:\\\/\\\/bestmeditrips.com\\\/fi\\\/turkki\\\/#primaryimage\",\"url\":\"https:\\\/\\\/bestmeditrips.com\\\/wp-content\\\/uploads\\\/2024\\\/09\\\/turkey-e1727124656345.jpg\",\"contentUrl\":\"https:\\\/\\\/bestmeditrips.com\\\/wp-content\\\/uploads\\\/2024\\\/09\\\/turkey-e1727124656345.jpg\",\"width\":1350,\"height\":360,\"caption\":\"Turkki; laadukasta terveydenhuoltoa, l\u00e4\u00e4ketieteellisen\\\/terveysturismin p\u00e4\u00e4kaupunki.\"},{\"@type\":\"BreadcrumbList\",\"@id\":\"https:\\\/\\\/bestmeditrips.com\\\/fi\\\/turkki\\\/#breadcrumb\",\"itemListElement\":[{\"@type\":\"ListItem\",\"position\":1,\"name\":\"Home\",\"item\":\"https:\\\/\\\/bestmeditrips.com\\\/fi\\\/\"},{\"@type\":\"ListItem\",\"position\":2,\"name\":\"Turkki\"}]},{\"@type\":\"WebSite\",\"@id\":\"https:\\\/\\\/bestmeditrips.com\\\/fi\\\/#website\",\"url\":\"https:\\\/\\\/bestmeditrips.com\\\/fi\\\/\",\"name\":\"Bestmeditrips.com\",\"description\":\"L\u00e4\u00e4ketieteellinen matkailu, parhaat hoidot, klinikat, l\u00e4\u00e4k\u00e4rit ja hammasl\u00e4\u00e4k\u00e4rit!\",\"publisher\":{\"@id\":\"https:\\\/\\\/bestmeditrips.com\\\/fi\\\/#organization\"},\"potentialAction\":[{\"@type\":\"SearchAction\",\"target\":{\"@type\":\"EntryPoint\",\"urlTemplate\":\"https:\\\/\\\/bestmeditrips.com\\\/fi\\\/?s={search_term_string}\"},\"query-input\":{\"@type\":\"PropertyValueSpecification\",\"valueRequired\":true,\"valueName\":\"search_term_string\"}}],\"inLanguage\":\"fi\"},{\"@type\":\"Organization\",\"@id\":\"https:\\\/\\\/bestmeditrips.com\\\/fi\\\/#organization\",\"name\":\"Bestmeditrips.com\",\"url\":\"https:\\\/\\\/bestmeditrips.com\\\/fi\\\/\",\"logo\":{\"@type\":\"ImageObject\",\"inLanguage\":\"fi\",\"@id\":\"https:\\\/\\\/bestmeditrips.com\\\/fi\\\/#\\\/schema\\\/logo\\\/image\\\/\",\"url\":\"https:\\\/\\\/bestmeditrips.com\\\/wp-content\\\/uploads\\\/2024\\\/09\\\/logo-2.png\",\"contentUrl\":\"https:\\\/\\\/bestmeditrips.com\\\/wp-content\\\/uploads\\\/2024\\\/09\\\/logo-2.png\",\"width\":500,\"height\":98,\"caption\":\"Bestmeditrips.com\"},\"image\":{\"@id\":\"https:\\\/\\\/bestmeditrips.com\\\/fi\\\/#\\\/schema\\\/logo\\\/image\\\/\"},\"sameAs\":[\"https:\\\/\\\/www.facebook.com\\\/profile.php?id=61565479139599\"]}]}<\/script>\n<!-- \/ Yoast SEO plugin. -->","yoast_head_json":{"title":"L\u00e4\u00e4ketieteellinen Turismi Turkissa: Edulliset Hoidot, Premium-Klinikat","description":"Tutustu maailmanluokan terveydenhuoltopalveluihin Turkissa. Edulliset hinnat ja asiantuntevaa hoitoa johtavilta l\u00e4\u00e4k\u00e4reilt\u00e4 Istanbulissa, Antalyassa, Izmiriss\u00e4...","robots":{"index":"index","follow":"follow","max-snippet":"max-snippet:-1","max-image-preview":"max-image-preview:large","max-video-preview":"max-video-preview:-1"},"canonical":"https:\/\/bestmeditrips.com\/fi\/turkki\/","og_locale":"fi_FI","og_type":"article","og_title":"L\u00e4\u00e4ketieteellinen Turismi Turkissa: Edulliset Hoidot, Premium-Klinikat","og_description":"Tutustu maailmanluokan terveydenhuoltopalveluihin Turkissa. Edulliset hinnat ja asiantuntevaa hoitoa johtavilta l\u00e4\u00e4k\u00e4reilt\u00e4 Istanbulissa, Antalyassa, Izmiriss\u00e4...","og_url":"https:\/\/bestmeditrips.com\/fi\/turkki\/","og_site_name":"Bestmeditrips.com","article_publisher":"https:\/\/www.facebook.com\/profile.php?id=61565479139599","og_image":[{"width":1350,"height":360,"url":"https:\/\/bestmeditrips.com\/wp-content\/uploads\/2024\/09\/turkey-e1727124656345.jpg","type":"image\/jpeg"}],"twitter_card":"summary_large_image","twitter_misc":{"Arvioitu lukuaika":"2 minuuttia"},"schema":{"@context":"https:\/\/schema.org","@graph":[{"@type":"WebPage","@id":"https:\/\/bestmeditrips.com\/fi\/turkki\/","url":"https:\/\/bestmeditrips.com\/fi\/turkki\/","name":"L\u00e4\u00e4ketieteellinen Turismi Turkissa: Edulliset Hoidot, Premium-Klinikat","isPartOf":{"@id":"https:\/\/bestmeditrips.com\/fi\/#website"},"primaryImageOfPage":{"@id":"https:\/\/bestmeditrips.com\/fi\/turkki\/#primaryimage"},"image":{"@id":"https:\/\/bestmeditrips.com\/fi\/turkki\/#primaryimage"},"thumbnailUrl":"https:\/\/bestmeditrips.com\/wp-content\/uploads\/2024\/09\/turkey-e1727124656345.jpg","datePublished":"2024-09-23T18:41:39+00:00","description":"Tutustu maailmanluokan terveydenhuoltopalveluihin Turkissa. Edulliset hinnat ja asiantuntevaa hoitoa johtavilta l\u00e4\u00e4k\u00e4reilt\u00e4 Istanbulissa, Antalyassa, Izmiriss\u00e4...","breadcrumb":{"@id":"https:\/\/bestmeditrips.com\/fi\/turkki\/#breadcrumb"},"inLanguage":"fi","potentialAction":[{"@type":"ReadAction","target":["https:\/\/bestmeditrips.com\/fi\/turkki\/"]}]},{"@type":"ImageObject","inLanguage":"fi","@id":"https:\/\/bestmeditrips.com\/fi\/turkki\/#primaryimage","url":"https:\/\/bestmeditrips.com\/wp-content\/uploads\/2024\/09\/turkey-e1727124656345.jpg","contentUrl":"https:\/\/bestmeditrips.com\/wp-content\/uploads\/2024\/09\/turkey-e1727124656345.jpg","width":1350,"height":360,"caption":"Turkki; laadukasta terveydenhuoltoa, l\u00e4\u00e4ketieteellisen\/terveysturismin p\u00e4\u00e4kaupunki."},{"@type":"BreadcrumbList","@id":"https:\/\/bestmeditrips.com\/fi\/turkki\/#breadcrumb","itemListElement":[{"@type":"ListItem","position":1,"name":"Home","item":"https:\/\/bestmeditrips.com\/fi\/"},{"@type":"ListItem","position":2,"name":"Turkki"}]},{"@type":"WebSite","@id":"https:\/\/bestmeditrips.com\/fi\/#website","url":"https:\/\/bestmeditrips.com\/fi\/","name":"Bestmeditrips.com","description":"L\u00e4\u00e4ketieteellinen matkailu, parhaat hoidot, klinikat, l\u00e4\u00e4k\u00e4rit ja hammasl\u00e4\u00e4k\u00e4rit!","publisher":{"@id":"https:\/\/bestmeditrips.com\/fi\/#organization"},"potentialAction":[{"@type":"SearchAction","target":{"@type":"EntryPoint","urlTemplate":"https:\/\/bestmeditrips.com\/fi\/?s={search_term_string}"},"query-input":{"@type":"PropertyValueSpecification","valueRequired":true,"valueName":"search_term_string"}}],"inLanguage":"fi"},{"@type":"Organization","@id":"https:\/\/bestmeditrips.com\/fi\/#organization","name":"Bestmeditrips.com","url":"https:\/\/bestmeditrips.com\/fi\/","logo":{"@type":"ImageObject","inLanguage":"fi","@id":"https:\/\/bestmeditrips.com\/fi\/#\/schema\/logo\/image\/","url":"https:\/\/bestmeditrips.com\/wp-content\/uploads\/2024\/09\/logo-2.png","contentUrl":"https:\/\/bestmeditrips.com\/wp-content\/uploads\/2024\/09\/logo-2.png","width":500,"height":98,"caption":"Bestmeditrips.com"},"image":{"@id":"https:\/\/bestmeditrips.com\/fi\/#\/schema\/logo\/image\/"},"sameAs":["https:\/\/www.facebook.com\/profile.php?id=61565479139599"]}]}},"_links":{"self":[{"href":"https:\/\/bestmeditrips.com\/fi\/wp-json\/wp\/v2\/pages\/1109","targetHints":{"allow":["GET"]}}],"collection":[{"href":"https:\/\/bestmeditrips.com\/fi\/wp-json\/wp\/v2\/pages"}],"about":[{"href":"https:\/\/bestmeditrips.com\/fi\/wp-json\/wp\/v2\/types\/page"}],"author":[{"embeddable":true,"href":"https:\/\/bestmeditrips.com\/fi\/wp-json\/wp\/v2\/users\/1"}],"replies":[{"embeddable":true,"href":"https:\/\/bestmeditrips.com\/fi\/wp-json\/wp\/v2\/comments?post=1109"}],"version-history":[{"count":0,"href":"https:\/\/bestmeditrips.com\/fi\/wp-json\/wp\/v2\/pages\/1109\/revisions"}],"wp:featuredmedia":[{"embeddable":true,"href":"https:\/\/bestmeditrips.com\/fi\/wp-json\/wp\/v2\/media\/909"}],"wp:attachment":[{"href":"https:\/\/bestmeditrips.com\/fi\/wp-json\/wp\/v2\/media?parent=1109"}],"curies":[{"name":"wp","href":"https:\/\/api.w.org\/{rel}","templated":true}]}}