{"id":598,"date":"2024-09-02T20:02:05","date_gmt":"2024-09-02T17:02:05","guid":{"rendered":"https:\/\/bestmeditrips.com\/artiklid\/"},"modified":"2024-09-02T20:02:05","modified_gmt":"2024-09-02T17:02:05","slug":"artiklid","status":"publish","type":"page","link":"https:\/\/bestmeditrips.com\/et\/artiklid\/","title":{"rendered":"Artiklid"},"content":{"rendered":"<h2>Meditsiinilise Turismi Blogi | Viimased Artiklid ja Arusaamad<\/h2>\n<p>Avasta uusimad trendid, ekspertide n\u00f5uanded ja sisukad artiklid terviseturismi kohta. Meie blogi h\u00f5lmab k\u00f5ike alates parimatest raviv\u00f5imalustest ja reisisoovitustest kuni sihtkoha juhendite ja patsientide lugudeni. Hoidke end kursis v\u00e4\u00e4rtusliku sisuga, mis on m\u00f5eldud teie terviseturismi teekonna t\u00e4iustamiseks.<\/p>\n","protected":false},"excerpt":{"rendered":"<p>Meditsiinilise Turismi Blogi | Viimased Artiklid ja Arusaamad Avasta uusimad trendid, ekspertide n\u00f5uanded ja sisukad artiklid terviseturismi kohta. Meie blogi h\u00f5lmab k\u00f5ike alates parimatest raviv\u00f5imalustest ja reisisoovitustest kuni sihtkoha juhendite ja patsientide lugudeni. Hoidke end kursis v\u00e4\u00e4rtusliku sisuga, mis on m\u00f5eldud teie terviseturismi teekonna t\u00e4iustamiseks.<\/p>\n","protected":false},"author":1,"featured_media":0,"parent":0,"menu_order":0,"comment_status":"closed","ping_status":"closed","template":"","meta":{"footnotes":""},"class_list":["post-598","page","type-page","status-publish"],"yoast_head":"<!-- This site is optimized with the Yoast SEO plugin v27.4 - https:\/\/yoast.com\/product\/yoast-seo-wordpress\/ -->\n<title>Meditsiinilise Turismi Blogi | Artiklid ja Arusaamad | bestmeditrips.com<\/title>\n<meta name=\"description\" content=\"Avasta terviseturismi informatsioonid, viimased artiklid, arusaamad ja uuendused ravi, sihtkohtade ja trendide kohta.\" \/>\n<meta name=\"robots\" content=\"index, follow, max-snippet:-1, max-image-preview:large, max-video-preview:-1\" \/>\n<link rel=\"canonical\" href=\"https:\/\/bestmeditrips.com\/et\/artiklid\/\" \/>\n<meta property=\"og:locale\" content=\"et_EE\" \/>\n<meta property=\"og:type\" content=\"article\" \/>\n<meta property=\"og:title\" content=\"Meditsiinilise Turismi Blogi | Artiklid ja Arusaamad | bestmeditrips.com\" \/>\n<meta property=\"og:description\" content=\"Avasta terviseturismi informatsioonid, viimased artiklid, arusaamad ja uuendused ravi, sihtkohtade ja trendide kohta.\" \/>\n<meta property=\"og:url\" content=\"https:\/\/bestmeditrips.com\/et\/artiklid\/\" \/>\n<meta property=\"og:site_name\" content=\"Bestmeditrips.com\" \/>\n<meta property=\"article:publisher\" content=\"https:\/\/www.facebook.com\/profile.php?id=61565479139599\" \/>\n<meta property=\"og:image\" content=\"https:\/\/bestmeditrips.com\/wp-content\/uploads\/2024\/09\/health-tourism.jpg\" \/>\n\t<meta property=\"og:image:width\" content=\"1024\" \/>\n\t<meta property=\"og:image:height\" content=\"683\" \/>\n\t<meta property=\"og:image:type\" content=\"image\/jpeg\" \/>\n<meta name=\"twitter:card\" content=\"summary_large_image\" \/>\n<script type=\"application\/ld+json\" class=\"yoast-schema-graph\">{\"@context\":\"https:\\\/\\\/schema.org\",\"@graph\":[{\"@type\":\"WebPage\",\"@id\":\"https:\\\/\\\/bestmeditrips.com\\\/et\\\/artiklid\\\/\",\"url\":\"https:\\\/\\\/bestmeditrips.com\\\/et\\\/artiklid\\\/\",\"name\":\"Meditsiinilise Turismi Blogi | Artiklid ja Arusaamad | bestmeditrips.com\",\"isPartOf\":{\"@id\":\"https:\\\/\\\/bestmeditrips.com\\\/et\\\/#website\"},\"datePublished\":\"2024-09-02T17:02:05+00:00\",\"description\":\"Avasta terviseturismi informatsioonid, viimased artiklid, arusaamad ja uuendused ravi, sihtkohtade ja trendide kohta.\",\"breadcrumb\":{\"@id\":\"https:\\\/\\\/bestmeditrips.com\\\/et\\\/artiklid\\\/#breadcrumb\"},\"inLanguage\":\"et\",\"potentialAction\":[{\"@type\":\"ReadAction\",\"target\":[\"https:\\\/\\\/bestmeditrips.com\\\/et\\\/artiklid\\\/\"]}]},{\"@type\":\"BreadcrumbList\",\"@id\":\"https:\\\/\\\/bestmeditrips.com\\\/et\\\/artiklid\\\/#breadcrumb\",\"itemListElement\":[{\"@type\":\"ListItem\",\"position\":1,\"name\":\"Home\",\"item\":\"https:\\\/\\\/bestmeditrips.com\\\/et\\\/\"},{\"@type\":\"ListItem\",\"position\":2,\"name\":\"Artiklid\"}]},{\"@type\":\"WebSite\",\"@id\":\"https:\\\/\\\/bestmeditrips.com\\\/et\\\/#website\",\"url\":\"https:\\\/\\\/bestmeditrips.com\\\/et\\\/\",\"name\":\"Bestmeditrips.com\",\"description\":\"Meditsiiniturism, parimad raviv\u00f5imalused, kliinikud, arstid ja hambaarstid!\",\"publisher\":{\"@id\":\"https:\\\/\\\/bestmeditrips.com\\\/et\\\/#organization\"},\"potentialAction\":[{\"@type\":\"SearchAction\",\"target\":{\"@type\":\"EntryPoint\",\"urlTemplate\":\"https:\\\/\\\/bestmeditrips.com\\\/et\\\/?s={search_term_string}\"},\"query-input\":{\"@type\":\"PropertyValueSpecification\",\"valueRequired\":true,\"valueName\":\"search_term_string\"}}],\"inLanguage\":\"et\"},{\"@type\":\"Organization\",\"@id\":\"https:\\\/\\\/bestmeditrips.com\\\/et\\\/#organization\",\"name\":\"Bestmeditrips.com\",\"url\":\"https:\\\/\\\/bestmeditrips.com\\\/et\\\/\",\"logo\":{\"@type\":\"ImageObject\",\"inLanguage\":\"et\",\"@id\":\"https:\\\/\\\/bestmeditrips.com\\\/et\\\/#\\\/schema\\\/logo\\\/image\\\/\",\"url\":\"https:\\\/\\\/bestmeditrips.com\\\/wp-content\\\/uploads\\\/2024\\\/09\\\/logo-2.png\",\"contentUrl\":\"https:\\\/\\\/bestmeditrips.com\\\/wp-content\\\/uploads\\\/2024\\\/09\\\/logo-2.png\",\"width\":500,\"height\":98,\"caption\":\"Bestmeditrips.com\"},\"image\":{\"@id\":\"https:\\\/\\\/bestmeditrips.com\\\/et\\\/#\\\/schema\\\/logo\\\/image\\\/\"},\"sameAs\":[\"https:\\\/\\\/www.facebook.com\\\/profile.php?id=61565479139599\"]}]}<\/script>\n<!-- \/ Yoast SEO plugin. -->","yoast_head_json":{"title":"Meditsiinilise Turismi Blogi | Artiklid ja Arusaamad | bestmeditrips.com","description":"Avasta terviseturismi informatsioonid, viimased artiklid, arusaamad ja uuendused ravi, sihtkohtade ja trendide kohta.","robots":{"index":"index","follow":"follow","max-snippet":"max-snippet:-1","max-image-preview":"max-image-preview:large","max-video-preview":"max-video-preview:-1"},"canonical":"https:\/\/bestmeditrips.com\/et\/artiklid\/","og_locale":"et_EE","og_type":"article","og_title":"Meditsiinilise Turismi Blogi | Artiklid ja Arusaamad | bestmeditrips.com","og_description":"Avasta terviseturismi informatsioonid, viimased artiklid, arusaamad ja uuendused ravi, sihtkohtade ja trendide kohta.","og_url":"https:\/\/bestmeditrips.com\/et\/artiklid\/","og_site_name":"Bestmeditrips.com","article_publisher":"https:\/\/www.facebook.com\/profile.php?id=61565479139599","og_image":[{"width":1024,"height":683,"url":"https:\/\/bestmeditrips.com\/wp-content\/uploads\/2024\/09\/health-tourism.jpg","type":"image\/jpeg"}],"twitter_card":"summary_large_image","schema":{"@context":"https:\/\/schema.org","@graph":[{"@type":"WebPage","@id":"https:\/\/bestmeditrips.com\/et\/artiklid\/","url":"https:\/\/bestmeditrips.com\/et\/artiklid\/","name":"Meditsiinilise Turismi Blogi | Artiklid ja Arusaamad | bestmeditrips.com","isPartOf":{"@id":"https:\/\/bestmeditrips.com\/et\/#website"},"datePublished":"2024-09-02T17:02:05+00:00","description":"Avasta terviseturismi informatsioonid, viimased artiklid, arusaamad ja uuendused ravi, sihtkohtade ja trendide kohta.","breadcrumb":{"@id":"https:\/\/bestmeditrips.com\/et\/artiklid\/#breadcrumb"},"inLanguage":"et","potentialAction":[{"@type":"ReadAction","target":["https:\/\/bestmeditrips.com\/et\/artiklid\/"]}]},{"@type":"BreadcrumbList","@id":"https:\/\/bestmeditrips.com\/et\/artiklid\/#breadcrumb","itemListElement":[{"@type":"ListItem","position":1,"name":"Home","item":"https:\/\/bestmeditrips.com\/et\/"},{"@type":"ListItem","position":2,"name":"Artiklid"}]},{"@type":"WebSite","@id":"https:\/\/bestmeditrips.com\/et\/#website","url":"https:\/\/bestmeditrips.com\/et\/","name":"Bestmeditrips.com","description":"Meditsiiniturism, parimad raviv\u00f5imalused, kliinikud, arstid ja hambaarstid!","publisher":{"@id":"https:\/\/bestmeditrips.com\/et\/#organization"},"potentialAction":[{"@type":"SearchAction","target":{"@type":"EntryPoint","urlTemplate":"https:\/\/bestmeditrips.com\/et\/?s={search_term_string}"},"query-input":{"@type":"PropertyValueSpecification","valueRequired":true,"valueName":"search_term_string"}}],"inLanguage":"et"},{"@type":"Organization","@id":"https:\/\/bestmeditrips.com\/et\/#organization","name":"Bestmeditrips.com","url":"https:\/\/bestmeditrips.com\/et\/","logo":{"@type":"ImageObject","inLanguage":"et","@id":"https:\/\/bestmeditrips.com\/et\/#\/schema\/logo\/image\/","url":"https:\/\/bestmeditrips.com\/wp-content\/uploads\/2024\/09\/logo-2.png","contentUrl":"https:\/\/bestmeditrips.com\/wp-content\/uploads\/2024\/09\/logo-2.png","width":500,"height":98,"caption":"Bestmeditrips.com"},"image":{"@id":"https:\/\/bestmeditrips.com\/et\/#\/schema\/logo\/image\/"},"sameAs":["https:\/\/www.facebook.com\/profile.php?id=61565479139599"]}]}},"_links":{"self":[{"href":"https:\/\/bestmeditrips.com\/et\/wp-json\/wp\/v2\/pages\/598","targetHints":{"allow":["GET"]}}],"collection":[{"href":"https:\/\/bestmeditrips.com\/et\/wp-json\/wp\/v2\/pages"}],"about":[{"href":"https:\/\/bestmeditrips.com\/et\/wp-json\/wp\/v2\/types\/page"}],"author":[{"embeddable":true,"href":"https:\/\/bestmeditrips.com\/et\/wp-json\/wp\/v2\/users\/1"}],"replies":[{"embeddable":true,"href":"https:\/\/bestmeditrips.com\/et\/wp-json\/wp\/v2\/comments?post=598"}],"version-history":[{"count":0,"href":"https:\/\/bestmeditrips.com\/et\/wp-json\/wp\/v2\/pages\/598\/revisions"}],"wp:attachment":[{"href":"https:\/\/bestmeditrips.com\/et\/wp-json\/wp\/v2\/media?parent=598"}],"curies":[{"name":"wp","href":"https:\/\/api.w.org\/{rel}","templated":true}]}}