{"id":421,"date":"2024-09-01T20:00:15","date_gmt":"2024-09-01T17:00:15","guid":{"rendered":"https:\/\/bestmeditrips.com\/privaatsuspoliitika\/"},"modified":"2024-09-05T01:00:39","modified_gmt":"2024-09-04T22:00:39","slug":"privaatsuspoliitika","status":"publish","type":"page","link":"https:\/\/bestmeditrips.com\/et\/privaatsuspoliitika\/","title":{"rendered":"Privaatsuspoliitika"},"content":{"rendered":"<p><strong>Privaatsuspoliitika<\/strong><\/p>\n<p>T\u00e4name, et k\u00fclastasite <em>BestMediTrips.com<\/em>. Teie privaatsus on meile oluline. See <strong>Privaatsuspoliitika<\/strong> selgitab, kuidas me kogume, kasutame, avalikustame ja kaitseme teie teavet, kui k\u00fclastate meie veebisaiti. Palun lugege see privaatsuspoliitika hoolikalt l\u00e4bi. Kui te ei n\u00f5ustu selle privaatsuspoliitika tingimustega, \u00e4rge p\u00e4\u00e4sege saidile juurde.<\/p>\n<p><strong>1. Teave, mida me kogume<\/strong><\/p>\n<p>V\u00f5ime koguda isiklikku teavet, nagu teie nimi, e-posti aadress, telefoninumber ja muud \u00fcksikasjad, mida te meie veebisaidiga suhtlemisel v\u00f5i meile p\u00e4ringute saatmisel edastate.<\/p>\n<p><strong>2. Kuidas me teie teavet kasutame<\/strong><\/p>\n<p>V\u00f5ime kogutud teavet kasutada j\u00e4rgmistel eesm\u00e4rkidel:<\/p>\n<p>Meie veebisaidi pakkumine, haldamine ja hooldamine<br \/>\nMeie veebisaidi pakkumiste t\u00e4iustamine, isikup\u00e4rastamine ja laiendamine<br \/>\nTeiega suhtlemine, kas otse v\u00f5i l\u00e4bi \u00fche meie partneri, sealhulgas klienditeeninduse pakkumiseks, veebisaidiga seotud v\u00e4rskenduste ja muu teabe edastamiseks ning turundus- ja reklaamieesm\u00e4rkidel<br \/>\nVolitamata v\u00f5i ebaseadusliku tegevuse vastu kaitsmine, uurimine ja selle takistamine<\/p>\n<p><strong>3. Teie teabe avalikustamine<\/strong><\/p>\n<p>V\u00f5ime jagada teie teavet kolmandate osapooltega ainult nendes viisides, mis on kirjeldatud k\u00e4esolevas <strong>Privaatsuspoliitikas<\/strong>.<\/p>\n<p><strong>4. Teie teabe turvalisus<\/strong><\/p>\n<p>Kasutame teie isikuandmete kaitsmiseks haldus-, tehnilisi ja f\u00fc\u00fcsilisi turvameetmeid. Kuigi oleme v\u00f5tnud m\u00f5istlikke meetmeid, et kaitsta teie isikuandmeid, mida meile edastate, peate olema teadlik, et hoolimata meie pingutustest pole \u00fckski turvameede t\u00e4iuslik ega l\u00e4bitungimatu.<\/p>\n<p><strong>5. Teie valikud seoses teie teabega<\/strong><\/p>\n<p>Teil on \u00f5igus:<\/p>\n<p>Uuendada v\u00f5i parandada oma isikuandmeid<br \/>\nLoobuda turundusteavituste saamisest<br \/>\nN\u00f5uda, et me teie isikuandmed kustutaksime<\/p>\n<p><strong>6. Selle privaatsuspoliitika muutmine<\/strong><\/p>\n<p>V\u00f5ime seda <strong>Privaatsuspoliitikat<\/strong> aeg-ajalt uuendada, et kajastada n\u00e4iteks meie tavade muutusi v\u00f5i muid operatiivseid, juriidilisi v\u00f5i regulatiivseid p\u00f5hjuseid.<\/p>\n<p><strong>7. V\u00f5tke meiega \u00fchendust<\/strong><\/p>\n<p>Kui teil on k\u00fcsimusi v\u00f5i kommentaare k\u00e4esoleva <strong>Privaatsuspoliitika<\/strong> kohta, v\u00f5tke meiega \u00fchendust.<\/p>\n","protected":false},"excerpt":{"rendered":"<p>Privaatsuspoliitika T\u00e4name, et k\u00fclastasite BestMediTrips.com. Teie privaatsus on meile oluline. See Privaatsuspoliitika selgitab, kuidas me kogume, kasutame, avalikustame ja kaitseme teie teavet, kui k\u00fclastate meie veebisaiti. Palun lugege see privaatsuspoliitika hoolikalt l\u00e4bi. Kui te ei n\u00f5ustu selle privaatsuspoliitika tingimustega, \u00e4rge p\u00e4\u00e4sege saidile juurde. 1. Teave, mida me kogume V\u00f5ime koguda isiklikku teavet, nagu teie nimi, &#8230; <a title=\"Privaatsuspoliitika\" class=\"read-more\" href=\"https:\/\/bestmeditrips.com\/et\/privaatsuspoliitika\/\" aria-label=\"Read more about Privaatsuspoliitika\">Read more<\/a><\/p>\n","protected":false},"author":1,"featured_media":0,"parent":0,"menu_order":0,"comment_status":"closed","ping_status":"open","template":"","meta":{"footnotes":""},"class_list":["post-421","page","type-page","status-publish"],"yoast_head":"<!-- This site is optimized with the Yoast SEO plugin v27.4 - https:\/\/yoast.com\/product\/yoast-seo-wordpress\/ -->\n<title>Privaatsuspoliitika - Bestmeditrips.com<\/title>\n<meta name=\"robots\" content=\"index, follow, max-snippet:-1, max-image-preview:large, max-video-preview:-1\" \/>\n<link rel=\"canonical\" href=\"https:\/\/bestmeditrips.com\/et\/privaatsuspoliitika\/\" \/>\n<meta property=\"og:locale\" content=\"et_EE\" \/>\n<meta property=\"og:type\" content=\"article\" \/>\n<meta property=\"og:title\" content=\"Privaatsuspoliitika - Bestmeditrips.com\" \/>\n<meta property=\"og:description\" content=\"Privaatsuspoliitika T\u00e4name, et k\u00fclastasite BestMediTrips.com. Teie privaatsus on meile oluline. See Privaatsuspoliitika selgitab, kuidas me kogume, kasutame, avalikustame ja kaitseme teie teavet, kui k\u00fclastate meie veebisaiti. Palun lugege see privaatsuspoliitika hoolikalt l\u00e4bi. Kui te ei n\u00f5ustu selle privaatsuspoliitika tingimustega, \u00e4rge p\u00e4\u00e4sege saidile juurde. 1. Teave, mida me kogume V\u00f5ime koguda isiklikku teavet, nagu teie nimi, ... Read more\" \/>\n<meta property=\"og:url\" content=\"https:\/\/bestmeditrips.com\/et\/privaatsuspoliitika\/\" \/>\n<meta property=\"og:site_name\" content=\"Bestmeditrips.com\" \/>\n<meta property=\"article:publisher\" content=\"https:\/\/www.facebook.com\/profile.php?id=61565479139599\" \/>\n<meta property=\"article:modified_time\" content=\"2024-09-04T22:00:39+00:00\" \/>\n<meta property=\"og:image\" content=\"https:\/\/bestmeditrips.com\/wp-content\/uploads\/2024\/09\/health-tourism.jpg\" \/>\n\t<meta property=\"og:image:width\" content=\"1024\" \/>\n\t<meta property=\"og:image:height\" content=\"683\" \/>\n\t<meta property=\"og:image:type\" content=\"image\/jpeg\" \/>\n<meta name=\"twitter:card\" content=\"summary_large_image\" \/>\n<meta name=\"twitter:label1\" content=\"Est. reading time\" \/>\n\t<meta name=\"twitter:data1\" content=\"1 minut\" \/>\n<script type=\"application\/ld+json\" class=\"yoast-schema-graph\">{\"@context\":\"https:\\\/\\\/schema.org\",\"@graph\":[{\"@type\":\"WebPage\",\"@id\":\"https:\\\/\\\/bestmeditrips.com\\\/et\\\/privaatsuspoliitika\\\/\",\"url\":\"https:\\\/\\\/bestmeditrips.com\\\/et\\\/privaatsuspoliitika\\\/\",\"name\":\"Privaatsuspoliitika - Bestmeditrips.com\",\"isPartOf\":{\"@id\":\"https:\\\/\\\/bestmeditrips.com\\\/et\\\/#website\"},\"datePublished\":\"2024-09-01T17:00:15+00:00\",\"dateModified\":\"2024-09-04T22:00:39+00:00\",\"breadcrumb\":{\"@id\":\"https:\\\/\\\/bestmeditrips.com\\\/et\\\/privaatsuspoliitika\\\/#breadcrumb\"},\"inLanguage\":\"et\",\"potentialAction\":[{\"@type\":\"ReadAction\",\"target\":[\"https:\\\/\\\/bestmeditrips.com\\\/et\\\/privaatsuspoliitika\\\/\"]}]},{\"@type\":\"BreadcrumbList\",\"@id\":\"https:\\\/\\\/bestmeditrips.com\\\/et\\\/privaatsuspoliitika\\\/#breadcrumb\",\"itemListElement\":[{\"@type\":\"ListItem\",\"position\":1,\"name\":\"Home\",\"item\":\"https:\\\/\\\/bestmeditrips.com\\\/et\\\/\"},{\"@type\":\"ListItem\",\"position\":2,\"name\":\"Privaatsuspoliitika\"}]},{\"@type\":\"WebSite\",\"@id\":\"https:\\\/\\\/bestmeditrips.com\\\/et\\\/#website\",\"url\":\"https:\\\/\\\/bestmeditrips.com\\\/et\\\/\",\"name\":\"Bestmeditrips.com\",\"description\":\"Meditsiiniturism, parimad raviv\u00f5imalused, kliinikud, arstid ja hambaarstid!\",\"publisher\":{\"@id\":\"https:\\\/\\\/bestmeditrips.com\\\/et\\\/#organization\"},\"potentialAction\":[{\"@type\":\"SearchAction\",\"target\":{\"@type\":\"EntryPoint\",\"urlTemplate\":\"https:\\\/\\\/bestmeditrips.com\\\/et\\\/?s={search_term_string}\"},\"query-input\":{\"@type\":\"PropertyValueSpecification\",\"valueRequired\":true,\"valueName\":\"search_term_string\"}}],\"inLanguage\":\"et\"},{\"@type\":\"Organization\",\"@id\":\"https:\\\/\\\/bestmeditrips.com\\\/et\\\/#organization\",\"name\":\"Bestmeditrips.com\",\"url\":\"https:\\\/\\\/bestmeditrips.com\\\/et\\\/\",\"logo\":{\"@type\":\"ImageObject\",\"inLanguage\":\"et\",\"@id\":\"https:\\\/\\\/bestmeditrips.com\\\/et\\\/#\\\/schema\\\/logo\\\/image\\\/\",\"url\":\"https:\\\/\\\/bestmeditrips.com\\\/wp-content\\\/uploads\\\/2024\\\/09\\\/logo-2.png\",\"contentUrl\":\"https:\\\/\\\/bestmeditrips.com\\\/wp-content\\\/uploads\\\/2024\\\/09\\\/logo-2.png\",\"width\":500,\"height\":98,\"caption\":\"Bestmeditrips.com\"},\"image\":{\"@id\":\"https:\\\/\\\/bestmeditrips.com\\\/et\\\/#\\\/schema\\\/logo\\\/image\\\/\"},\"sameAs\":[\"https:\\\/\\\/www.facebook.com\\\/profile.php?id=61565479139599\"]}]}<\/script>\n<!-- \/ Yoast SEO plugin. -->","yoast_head_json":{"title":"Privaatsuspoliitika - Bestmeditrips.com","robots":{"index":"index","follow":"follow","max-snippet":"max-snippet:-1","max-image-preview":"max-image-preview:large","max-video-preview":"max-video-preview:-1"},"canonical":"https:\/\/bestmeditrips.com\/et\/privaatsuspoliitika\/","og_locale":"et_EE","og_type":"article","og_title":"Privaatsuspoliitika - Bestmeditrips.com","og_description":"Privaatsuspoliitika T\u00e4name, et k\u00fclastasite BestMediTrips.com. Teie privaatsus on meile oluline. See Privaatsuspoliitika selgitab, kuidas me kogume, kasutame, avalikustame ja kaitseme teie teavet, kui k\u00fclastate meie veebisaiti. Palun lugege see privaatsuspoliitika hoolikalt l\u00e4bi. Kui te ei n\u00f5ustu selle privaatsuspoliitika tingimustega, \u00e4rge p\u00e4\u00e4sege saidile juurde. 1. Teave, mida me kogume V\u00f5ime koguda isiklikku teavet, nagu teie nimi, ... Read more","og_url":"https:\/\/bestmeditrips.com\/et\/privaatsuspoliitika\/","og_site_name":"Bestmeditrips.com","article_publisher":"https:\/\/www.facebook.com\/profile.php?id=61565479139599","article_modified_time":"2024-09-04T22:00:39+00:00","og_image":[{"width":1024,"height":683,"url":"https:\/\/bestmeditrips.com\/wp-content\/uploads\/2024\/09\/health-tourism.jpg","type":"image\/jpeg"}],"twitter_card":"summary_large_image","twitter_misc":{"Est. reading time":"1 minut"},"schema":{"@context":"https:\/\/schema.org","@graph":[{"@type":"WebPage","@id":"https:\/\/bestmeditrips.com\/et\/privaatsuspoliitika\/","url":"https:\/\/bestmeditrips.com\/et\/privaatsuspoliitika\/","name":"Privaatsuspoliitika - Bestmeditrips.com","isPartOf":{"@id":"https:\/\/bestmeditrips.com\/et\/#website"},"datePublished":"2024-09-01T17:00:15+00:00","dateModified":"2024-09-04T22:00:39+00:00","breadcrumb":{"@id":"https:\/\/bestmeditrips.com\/et\/privaatsuspoliitika\/#breadcrumb"},"inLanguage":"et","potentialAction":[{"@type":"ReadAction","target":["https:\/\/bestmeditrips.com\/et\/privaatsuspoliitika\/"]}]},{"@type":"BreadcrumbList","@id":"https:\/\/bestmeditrips.com\/et\/privaatsuspoliitika\/#breadcrumb","itemListElement":[{"@type":"ListItem","position":1,"name":"Home","item":"https:\/\/bestmeditrips.com\/et\/"},{"@type":"ListItem","position":2,"name":"Privaatsuspoliitika"}]},{"@type":"WebSite","@id":"https:\/\/bestmeditrips.com\/et\/#website","url":"https:\/\/bestmeditrips.com\/et\/","name":"Bestmeditrips.com","description":"Meditsiiniturism, parimad raviv\u00f5imalused, kliinikud, arstid ja hambaarstid!","publisher":{"@id":"https:\/\/bestmeditrips.com\/et\/#organization"},"potentialAction":[{"@type":"SearchAction","target":{"@type":"EntryPoint","urlTemplate":"https:\/\/bestmeditrips.com\/et\/?s={search_term_string}"},"query-input":{"@type":"PropertyValueSpecification","valueRequired":true,"valueName":"search_term_string"}}],"inLanguage":"et"},{"@type":"Organization","@id":"https:\/\/bestmeditrips.com\/et\/#organization","name":"Bestmeditrips.com","url":"https:\/\/bestmeditrips.com\/et\/","logo":{"@type":"ImageObject","inLanguage":"et","@id":"https:\/\/bestmeditrips.com\/et\/#\/schema\/logo\/image\/","url":"https:\/\/bestmeditrips.com\/wp-content\/uploads\/2024\/09\/logo-2.png","contentUrl":"https:\/\/bestmeditrips.com\/wp-content\/uploads\/2024\/09\/logo-2.png","width":500,"height":98,"caption":"Bestmeditrips.com"},"image":{"@id":"https:\/\/bestmeditrips.com\/et\/#\/schema\/logo\/image\/"},"sameAs":["https:\/\/www.facebook.com\/profile.php?id=61565479139599"]}]}},"_links":{"self":[{"href":"https:\/\/bestmeditrips.com\/et\/wp-json\/wp\/v2\/pages\/421","targetHints":{"allow":["GET"]}}],"collection":[{"href":"https:\/\/bestmeditrips.com\/et\/wp-json\/wp\/v2\/pages"}],"about":[{"href":"https:\/\/bestmeditrips.com\/et\/wp-json\/wp\/v2\/types\/page"}],"author":[{"embeddable":true,"href":"https:\/\/bestmeditrips.com\/et\/wp-json\/wp\/v2\/users\/1"}],"replies":[{"embeddable":true,"href":"https:\/\/bestmeditrips.com\/et\/wp-json\/wp\/v2\/comments?post=421"}],"version-history":[{"count":1,"href":"https:\/\/bestmeditrips.com\/et\/wp-json\/wp\/v2\/pages\/421\/revisions"}],"predecessor-version":[{"id":580,"href":"https:\/\/bestmeditrips.com\/et\/wp-json\/wp\/v2\/pages\/421\/revisions\/580"}],"wp:attachment":[{"href":"https:\/\/bestmeditrips.com\/et\/wp-json\/wp\/v2\/media?parent=421"}],"curies":[{"name":"wp","href":"https:\/\/api.w.org\/{rel}","templated":true}]}}